{"id":8975,"date":"2025-08-15T20:21:42","date_gmt":"2025-08-15T20:21:42","guid":{"rendered":"https:\/\/hghpeptideslab.com\/?post_type=product&#038;p=8975"},"modified":"2026-01-16T19:02:19","modified_gmt":"2026-01-16T19:02:19","slug":"tesamorelin","status":"publish","type":"product","link":"https:\/\/hghpeptideslab.com\/pt\/product\/tesamorelin\/","title":{"rendered":"Pept\u00eddeo de tesamorelina"},"content":{"rendered":"<h3>Vis\u00e3o geral<\/h3>\n<p>Tesamorelin \u00e9 um sint\u00e9tico <strong>An\u00e1logo do GHRH<\/strong> amplamente referenciado em pesquisas sobre a composi\u00e7\u00e3o corporal,<br \/>\nredu\u00e7\u00e3o do tecido adiposo visceral (VAT) e modula\u00e7\u00e3o do eixo GH\/IGF-1. Nosso material \u00e9<br \/>\n<strong>Fabricado com GMP<\/strong> pept\u00eddeo bruto de grau farmac\u00eautico com <strong>99%+ pureza<\/strong>.<br \/>\nHPLC\/COA est\u00e1 dispon\u00edvel mediante solicita\u00e7\u00e3o.<\/p>\n<h3>Principais recursos<\/h3>\n<ul>\n<li>Pontos fortes: <strong>2 mg<\/strong>, <strong>5 mg<\/strong>, <strong>10 mg<\/strong>, <strong>20 mg<\/strong> por vial<\/li>\n<li>Tamanho do kit: <strong>10 vials\/kit<\/strong><\/li>\n<li>P\u00f3 branco liofilizado para protocolos de pesquisa flex\u00edveis<\/li>\n<li>Documenta\u00e7\u00e3o abrangente (HPLC\/COA) mediante solicita\u00e7\u00e3o<\/li>\n<\/ul>\n<h3>Focos t\u00edpicos de pesquisa<\/h3>\n<ul>\n<li>Modelos de gordura visceral e lip\u00f3lise; mecanismos de redu\u00e7\u00e3o do IVA<\/li>\n<li>Estudos de estimula\u00e7\u00e3o do horm\u00f4nio do crescimento (GH) \/ eixo IGF-1<\/li>\n<li>Perfil metab\u00f3lico, pontos finais de metabolismo de glicose e lip\u00eddios<\/li>\n<li>Pesquisa de composi\u00e7\u00e3o corporal e distribui\u00e7\u00e3o de tecido adiposo<\/li>\n<\/ul>\n<h3>Armazenamento e estabilidade<\/h3>\n<ul>\n<li>Armazenar lacrado em <strong>2-8 \u00b0C<\/strong>, protegido da luz e da umidade<\/li>\n<li>Use solu\u00e7\u00f5es reconstitu\u00eddas prontamente em condi\u00e7\u00f5es laboratoriais adequadas<\/li>\n<\/ul>\n<h3>Notas<\/h3>\n<ul>\n<li>Fabricado em <strong>Compat\u00edvel com GMP<\/strong> instala\u00e7\u00f5es<\/li>\n<li>HPLC\/COA dispon\u00edvel mediante solicita\u00e7\u00e3o<\/li>\n<li>Apenas para pesquisa em laborat\u00f3rio. Os produtos n\u00e3o s\u00e3o rotulados para uso m\u00e9dico.<\/li>\n<\/ul>","protected":false},"excerpt":{"rendered":"<p><strong>Nome:<\/strong> Pept\u00eddeo 99% Purity Tesamorelin<br \/>\n<strong>Fun\u00e7\u00e3o:<\/strong> Pesquisa sobre perda de peso; estudos sobre gordura visceral e lip\u00f3lise; eixo do GH<br \/>\n<strong>Especifica\u00e7\u00e3o:<\/strong> 2 mg e 5 mg e 10 mg e 20 mg por vial; 10 vials\/kit<br \/>\n<strong>CAS:<\/strong> 218949-48-5<br \/>\n<strong>Apar\u00eancia:<\/strong> P\u00f3 liofilizado branco<\/p>","protected":false},"featured_media":8970,"comment_status":"open","ping_status":"closed","template":"","meta":[],"product_cat":[46],"product_tag":[162,161,132],"class_list":{"0":"post-8975","1":"product","2":"type-product","3":"status-publish","4":"has-post-thumbnail","6":"product_brand-dp-hghpeptides","7":"product_brand-hgh-peptides-lab","8":"product_cat-peptides-for-weight-loss","9":"product_tag-anti-aging-longevity-peptides","10":"product_tag-fat-loss-metabolism-peptides","11":"product_tag-tesamorelin","13":"first","14":"instock","15":"featured","16":"shipping-taxable","17":"purchasable","18":"product-type-variable","19":"has-default-attributes"},"yoast_head":"<!-- This site is optimized with the Yoast SEO Premium plugin v27.5 (Yoast SEO v27.5) - https:\/\/yoast.com\/product\/yoast-seo-premium-wordpress\/ -->\n<title>Tesamorelin Peptide for Visceral Fat | HGH Peptides Lab \u2013 99% Purity<\/title>\n<meta name=\"description\" content=\"Buy Tesamorelin from a China-based GMP lab. 99% purity with HPLC\/COA. Factory-direct selling and fast worldwide shipping for belly-fat and GH support research.\" \/>\n<meta name=\"robots\" content=\"index, follow, max-snippet:-1, max-image-preview:large, max-video-preview:-1\" \/>\n<link rel=\"canonical\" href=\"https:\/\/hghpeptideslab.com\/pt\/produto\/tesamorelin\/\" \/>\n<meta property=\"og:locale\" content=\"pt_BR\" \/>\n<meta property=\"og:type\" content=\"article\" \/>\n<meta property=\"og:title\" content=\"Tesamorelin Peptide\" \/>\n<meta property=\"og:description\" content=\"Buy Tesamorelin from a China-based GMP lab. 99% purity with HPLC\/COA. Factory-direct selling and fast worldwide shipping for belly-fat and GH support research.\" \/>\n<meta property=\"og:url\" content=\"https:\/\/hghpeptideslab.com\/pt\/produto\/tesamorelin\/\" \/>\n<meta property=\"og:site_name\" content=\"HGH Peptides Lab\" \/>\n<meta property=\"article:modified_time\" content=\"2026-01-16T19:02:19+00:00\" \/>\n<meta property=\"og:image\" content=\"https:\/\/hghpeptideslab.com\/wp-content\/uploads\/2025\/08\/tesamorelin5mg.jpg\" \/>\n\t<meta property=\"og:image:width\" content=\"800\" \/>\n\t<meta property=\"og:image:height\" content=\"800\" \/>\n\t<meta property=\"og:image:type\" content=\"image\/jpeg\" \/>\n<meta name=\"twitter:card\" content=\"summary_large_image\" \/>\n<meta name=\"twitter:label1\" content=\"Est. tempo de leitura\" \/>\n\t<meta name=\"twitter:data1\" content=\"1 minuto\" \/>\n<script type=\"application\/ld+json\" class=\"yoast-schema-graph\">{\"@context\":\"https:\\\/\\\/schema.org\",\"@graph\":[{\"@type\":\"WebPage\",\"@id\":\"https:\\\/\\\/hghpeptideslab.com\\\/product\\\/tesamorelin\\\/\",\"url\":\"https:\\\/\\\/hghpeptideslab.com\\\/product\\\/tesamorelin\\\/\",\"name\":\"Tesamorelin Peptide for Visceral Fat | HGH Peptides Lab \u2013 99% Purity\",\"isPartOf\":{\"@id\":\"https:\\\/\\\/hghpeptideslab.com\\\/#website\"},\"primaryImageOfPage\":{\"@id\":\"https:\\\/\\\/hghpeptideslab.com\\\/product\\\/tesamorelin\\\/#primaryimage\"},\"image\":{\"@id\":\"https:\\\/\\\/hghpeptideslab.com\\\/product\\\/tesamorelin\\\/#primaryimage\"},\"thumbnailUrl\":\"https:\\\/\\\/hghpeptideslab.com\\\/wp-content\\\/uploads\\\/2025\\\/08\\\/tesamorelin5mg.jpg\",\"datePublished\":\"2025-08-15T20:21:42+00:00\",\"dateModified\":\"2026-01-16T19:02:19+00:00\",\"description\":\"Buy Tesamorelin from a China-based GMP lab. 99% purity with HPLC\\\/COA. Factory-direct selling and fast worldwide shipping for belly-fat and GH support research.\",\"breadcrumb\":{\"@id\":\"https:\\\/\\\/hghpeptideslab.com\\\/product\\\/tesamorelin\\\/#breadcrumb\"},\"inLanguage\":\"pt-BR\",\"potentialAction\":[{\"@type\":\"ReadAction\",\"target\":[\"https:\\\/\\\/hghpeptideslab.com\\\/product\\\/tesamorelin\\\/\"]}],\"copyrightNotice\":\"\u00a9 2010\u20132026 HGH Peptides Lab. All Rights Reserved.\"},{\"@type\":\"ImageObject\",\"inLanguage\":\"pt-BR\",\"@id\":\"https:\\\/\\\/hghpeptideslab.com\\\/product\\\/tesamorelin\\\/#primaryimage\",\"url\":\"https:\\\/\\\/hghpeptideslab.com\\\/wp-content\\\/uploads\\\/2025\\\/08\\\/tesamorelin5mg.jpg\",\"contentUrl\":\"https:\\\/\\\/hghpeptideslab.com\\\/wp-content\\\/uploads\\\/2025\\\/08\\\/tesamorelin5mg.jpg\",\"width\":800,\"height\":800,\"caption\":\"Tesamorelin \u2014 5 mg per vial (HGH Peptides Lab)\"},{\"@type\":\"BreadcrumbList\",\"@id\":\"https:\\\/\\\/hghpeptideslab.com\\\/product\\\/tesamorelin\\\/#breadcrumb\",\"itemListElement\":[{\"@type\":\"ListItem\",\"position\":1,\"name\":\"Home\",\"item\":\"https:\\\/\\\/hghpeptideslab.com\\\/\"},{\"@type\":\"ListItem\",\"position\":2,\"name\":\"Shop\",\"item\":\"https:\\\/\\\/hghpeptideslab.com\\\/shop\\\/\"},{\"@type\":\"ListItem\",\"position\":3,\"name\":\"Tesamorelin Peptide\"}]},{\"@type\":\"WebSite\",\"@id\":\"https:\\\/\\\/hghpeptideslab.com\\\/#website\",\"url\":\"https:\\\/\\\/hghpeptideslab.com\\\/\",\"name\":\"HGH Peptides Lab\",\"description\":\"Premium Peptides &amp; HGH Shop\",\"publisher\":{\"@id\":\"https:\\\/\\\/hghpeptideslab.com\\\/#organization\"},\"potentialAction\":[{\"@type\":\"SearchAction\",\"target\":{\"@type\":\"EntryPoint\",\"urlTemplate\":\"https:\\\/\\\/hghpeptideslab.com\\\/?s={search_term_string}\"},\"query-input\":{\"@type\":\"PropertyValueSpecification\",\"valueRequired\":true,\"valueName\":\"search_term_string\"}}],\"inLanguage\":\"pt-BR\"},{\"@type\":\"Organization\",\"@id\":\"https:\\\/\\\/hghpeptideslab.com\\\/#organization\",\"name\":\"HGH Peptides Lab\",\"url\":\"https:\\\/\\\/hghpeptideslab.com\\\/pt\\\/\",\"logo\":{\"@type\":\"ImageObject\",\"url\":\"https:\\\/\\\/hghpeptideslab.com\\\/wp-content\\\/uploads\\\/2025\\\/07\\\/HGHPEPTIDESLAB-Logo.png\"},\"image\":{\"@id\":\"https:\\\/\\\/hghpeptideslab.com\\\/#\\\/schema\\\/logo\\\/image\\\/\"},\"foundingDate\":\"2010\",\"contactPoint\":[{\"@type\":\"ContactPoint\",\"contactType\":\"customer support\",\"telephone\":\"+85247559641\",\"email\":\"CYGGL2025@gmail.com\",\"availableLanguage\":[\"en\"]}]}]}<\/script>\n<!-- \/ Yoast SEO Premium plugin. -->","yoast_head_json":{"title":"Tesamorelin Pept\u00eddeo para gordura visceral | HGH Peptides Lab - 99% Purity","description":"Compre Tesamorelin de um laborat\u00f3rio de GMP com sede na China. Pureza de 99% com HPLC\/COA. Venda direta da f\u00e1brica e envio r\u00e1pido para todo o mundo para pesquisas sobre gordura da barriga e suporte de GH.","robots":{"index":"index","follow":"follow","max-snippet":"max-snippet:-1","max-image-preview":"max-image-preview:large","max-video-preview":"max-video-preview:-1"},"canonical":"https:\/\/hghpeptideslab.com\/pt\/produto\/tesamorelin\/","og_locale":"pt_BR","og_type":"article","og_title":"Tesamorelin Peptide","og_description":"Buy Tesamorelin from a China-based GMP lab. 99% purity with HPLC\/COA. Factory-direct selling and fast worldwide shipping for belly-fat and GH support research.","og_url":"https:\/\/hghpeptideslab.com\/pt\/produto\/tesamorelin\/","og_site_name":"HGH Peptides Lab","article_modified_time":"2026-01-16T19:02:19+00:00","og_image":[{"width":800,"height":800,"url":"https:\/\/hghpeptideslab.com\/wp-content\/uploads\/2025\/08\/tesamorelin5mg.jpg","type":"image\/jpeg"}],"twitter_card":"summary_large_image","twitter_misc":{"Est. tempo de leitura":"1 minuto"},"schema":{"@context":"https:\/\/schema.org","@graph":[{"@type":"WebPage","@id":"https:\/\/hghpeptideslab.com\/product\/tesamorelin\/","url":"https:\/\/hghpeptideslab.com\/product\/tesamorelin\/","name":"Tesamorelin Pept\u00eddeo para gordura visceral | HGH Peptides Lab - 99% Purity","isPartOf":{"@id":"https:\/\/hghpeptideslab.com\/#website"},"primaryImageOfPage":{"@id":"https:\/\/hghpeptideslab.com\/product\/tesamorelin\/#primaryimage"},"image":{"@id":"https:\/\/hghpeptideslab.com\/product\/tesamorelin\/#primaryimage"},"thumbnailUrl":"https:\/\/hghpeptideslab.com\/wp-content\/uploads\/2025\/08\/tesamorelin5mg.jpg","datePublished":"2025-08-15T20:21:42+00:00","dateModified":"2026-01-16T19:02:19+00:00","description":"Compre Tesamorelin de um laborat\u00f3rio de GMP com sede na China. Pureza de 99% com HPLC\/COA. Venda direta da f\u00e1brica e envio r\u00e1pido para todo o mundo para pesquisas sobre gordura da barriga e suporte de GH.","breadcrumb":{"@id":"https:\/\/hghpeptideslab.com\/product\/tesamorelin\/#breadcrumb"},"inLanguage":"pt-BR","potentialAction":[{"@type":"ReadAction","target":["https:\/\/hghpeptideslab.com\/product\/tesamorelin\/"]}],"copyrightNotice":"\u00a9 2010\u20132026 HGH Peptides Lab. All Rights Reserved."},{"@type":"ImageObject","inLanguage":"pt-BR","@id":"https:\/\/hghpeptideslab.com\/product\/tesamorelin\/#primaryimage","url":"https:\/\/hghpeptideslab.com\/wp-content\/uploads\/2025\/08\/tesamorelin5mg.jpg","contentUrl":"https:\/\/hghpeptideslab.com\/wp-content\/uploads\/2025\/08\/tesamorelin5mg.jpg","width":800,"height":800,"caption":"Tesamorelin \u2014 5 mg per vial (HGH Peptides Lab)"},{"@type":"BreadcrumbList","@id":"https:\/\/hghpeptideslab.com\/product\/tesamorelin\/#breadcrumb","itemListElement":[{"@type":"ListItem","position":1,"name":"Home","item":"https:\/\/hghpeptideslab.com\/"},{"@type":"ListItem","position":2,"name":"Shop","item":"https:\/\/hghpeptideslab.com\/shop\/"},{"@type":"ListItem","position":3,"name":"Tesamorelin Peptide"}]},{"@type":"WebSite","@id":"https:\/\/hghpeptideslab.com\/#website","url":"https:\/\/hghpeptideslab.com\/","name":"Laborat\u00f3rio de Pept\u00eddeos de HGH","description":"Loja Premium Peptides &amp; HGH","publisher":{"@id":"https:\/\/hghpeptideslab.com\/#organization"},"potentialAction":[{"@type":"SearchAction","target":{"@type":"EntryPoint","urlTemplate":"https:\/\/hghpeptideslab.com\/?s={search_term_string}"},"query-input":{"@type":"PropertyValueSpecification","valueRequired":true,"valueName":"search_term_string"}}],"inLanguage":"pt-BR"},{"@type":"Organization","@id":"https:\/\/hghpeptideslab.com\/#organization","name":"Laborat\u00f3rio de Pept\u00eddeos de HGH","url":"https:\/\/hghpeptideslab.com\/pt\/","logo":{"@type":"ImageObject","url":"https:\/\/hghpeptideslab.com\/wp-content\/uploads\/2025\/07\/HGHPEPTIDESLAB-Logo.png"},"image":{"@id":"https:\/\/hghpeptideslab.com\/#\/schema\/logo\/image\/"},"foundingDate":"2010","contactPoint":[{"@type":"ContactPoint","contactType":"customer support","telephone":"+85247559641","email":"CYGGL2025@gmail.com","availableLanguage":["en"]}]}]}},"_links":{"self":[{"href":"https:\/\/hghpeptideslab.com\/pt\/wp-json\/wp\/v2\/product\/8975","targetHints":{"allow":["GET"]}}],"collection":[{"href":"https:\/\/hghpeptideslab.com\/pt\/wp-json\/wp\/v2\/product"}],"about":[{"href":"https:\/\/hghpeptideslab.com\/pt\/wp-json\/wp\/v2\/types\/product"}],"replies":[{"embeddable":true,"href":"https:\/\/hghpeptideslab.com\/pt\/wp-json\/wp\/v2\/comments?post=8975"}],"wp:featuredmedia":[{"embeddable":true,"href":"https:\/\/hghpeptideslab.com\/pt\/wp-json\/wp\/v2\/media\/8970"}],"wp:attachment":[{"href":"https:\/\/hghpeptideslab.com\/pt\/wp-json\/wp\/v2\/media?parent=8975"}],"wp:term":[{"taxonomy":"product_cat","embeddable":true,"href":"https:\/\/hghpeptideslab.com\/pt\/wp-json\/wp\/v2\/product_cat?post=8975"},{"taxonomy":"product_tag","embeddable":true,"href":"https:\/\/hghpeptideslab.com\/pt\/wp-json\/wp\/v2\/product_tag?post=8975"}],"curies":[{"name":"wp","href":"https:\/\/api.w.org\/{rel}","templated":true}]}}