{"id":9046,"date":"2025-08-16T18:05:46","date_gmt":"2025-08-16T18:05:46","guid":{"rendered":"https:\/\/hghpeptideslab.com\/?post_type=product&#038;p=9046"},"modified":"2025-10-23T00:56:33","modified_gmt":"2025-10-23T00:56:33","slug":"sermorelin","status":"publish","type":"product","link":"https:\/\/hghpeptideslab.com\/pt\/product\/sermorelin\/","title":{"rendered":"Pept\u00eddeo Sermorelin"},"content":{"rendered":"<h3>Vis\u00e3o geral<\/h3>\n<p>O Sermorelin (GHRH 1-29) \u00e9 um an\u00e1logo do horm\u00f4nio liberador do horm\u00f4nio do crescimento amplamente referenciado<br \/>\nem pesquisas sobre estimula\u00e7\u00e3o do GH hipofis\u00e1rio, arquitetura do sono e vias antienvelhecimento.<br \/>\nNosso material \u00e9 <strong>Fabricado com GMP<\/strong> pept\u00eddeo de grau farmac\u00eautico com<br \/>\n<strong>99%+ pureza<\/strong>. HPLC\/COA est\u00e1 dispon\u00edvel mediante solicita\u00e7\u00e3o.<\/p>\n<h3>Principais recursos<\/h3>\n<ul>\n<li>Pontos fortes: <strong>5 mg<\/strong> &amp; <strong>10 mg<\/strong> por vial<\/li>\n<li>Tamanho do kit: <strong>10 vials\/kit<\/strong><\/li>\n<li>P\u00f3 branco liofilizado para protocolos de pesquisa flex\u00edveis<\/li>\n<li>Documenta\u00e7\u00e3o: Cromatograma HPLC \/ COA dispon\u00edvel mediante solicita\u00e7\u00e3o<\/li>\n<\/ul>\n<h3>Focos t\u00edpicos de pesquisa<\/h3>\n<ul>\n<li>Modelos de modula\u00e7\u00e3o end\u00f3crina e libera\u00e7\u00e3o de GH na hip\u00f3fise (eixo GHRH\/GH)<\/li>\n<li>Estudos antienvelhecimento e de bem-estar; vitalidade, composi\u00e7\u00e3o corporal e recupera\u00e7\u00e3o<\/li>\n<li>Qualidade do sono e ensaios relacionados \u00e0 arquitetura do sono<\/li>\n<li>Modelos de pesquisa de massa magra \/ desempenho metab\u00f3lico<\/li>\n<li>Protocolos de combina\u00e7\u00e3o com a s\u00e9rie GHRP\/GHS em estudos controlados<\/li>\n<\/ul>\n<h3>Armazenamento e estabilidade<\/h3>\n<ul>\n<li>Armazenar lacrado em <strong>2-8 \u00b0C<\/strong>, protegido da luz e da umidade<\/li>\n<li>Use solu\u00e7\u00f5es reconstitu\u00eddas prontamente em condi\u00e7\u00f5es laboratoriais adequadas<\/li>\n<\/ul>\n<h3>Notas<\/h3>\n<ul>\n<li>Fabricado em <strong>Compat\u00edvel com GMP<\/strong> instala\u00e7\u00f5es<\/li>\n<li>HPLC\/COA dispon\u00edvel mediante solicita\u00e7\u00e3o<\/li>\n<li>Apenas para pesquisa em laborat\u00f3rio. Os produtos n\u00e3o s\u00e3o rotulados para uso m\u00e9dico.<\/li>\n<\/ul>","protected":false},"excerpt":{"rendered":"<p><strong>Nome:<\/strong> P\u00f3 de pept\u00eddeo 99% Purity Sermorelin<br \/>\n<strong>Fun\u00e7\u00e3o:<\/strong> Pesquisa end\u00f3crina e do eixo do GH; suporte antienvelhecimento, sono e bem-estar<br \/>\n<strong>Especifica\u00e7\u00e3o:<\/strong> 5 mg e 10 mg por vial; 10 vials\/kit<br \/>\n<strong>CAS:<\/strong> 86168-78-7<br \/>\n<strong>Apar\u00eancia:<\/strong> P\u00f3 liofilizado branco<\/p>","protected":false},"featured_media":9043,"comment_status":"open","ping_status":"closed","template":"","meta":[],"product_cat":[59],"product_tag":[162,160,156],"class_list":{"0":"post-9046","1":"product","2":"type-product","3":"status-publish","4":"has-post-thumbnail","6":"product_brand-dp-hghpeptides","7":"product_brand-hgh-peptides-lab","8":"product_cat-nootropic-peptides-anti-aging","9":"product_tag-anti-aging-longevity-peptides","10":"product_tag-muscle-growth-performance-peptides","11":"product_tag-sermorelin","13":"first","14":"instock","15":"shipping-taxable","16":"purchasable","17":"product-type-variable","18":"has-default-attributes"},"yoast_head":"<!-- This site is optimized with the Yoast SEO Premium plugin v27.6 (Yoast SEO v27.6) - https:\/\/yoast.com\/product\/yoast-seo-premium-wordpress\/ -->\n<title>Sermorelin Peptide (GHRH) | HGH Peptides Lab \u2013 HPLC\/COA Verified<\/title>\n<meta name=\"description\" content=\"Buy Sermorelin from a China-based GMP lab. 99% purity with HPLC\/COA. Factory-direct selling and fast worldwide shipping for GH support, sleep and recovery.\" \/>\n<meta name=\"robots\" content=\"index, follow, max-snippet:-1, max-image-preview:large, max-video-preview:-1\" \/>\n<link rel=\"canonical\" href=\"https:\/\/hghpeptideslab.com\/pt\/produto\/sermorelin\/\" \/>\n<meta property=\"og:locale\" content=\"pt_BR\" \/>\n<meta property=\"og:type\" content=\"article\" \/>\n<meta property=\"og:title\" content=\"Sermorelin Peptide\" \/>\n<meta property=\"og:description\" content=\"Buy Sermorelin from a China-based GMP lab. 99% purity with HPLC\/COA. Factory-direct selling and fast worldwide shipping for GH support, sleep and recovery.\" \/>\n<meta property=\"og:url\" content=\"https:\/\/hghpeptideslab.com\/pt\/produto\/sermorelin\/\" \/>\n<meta property=\"og:site_name\" content=\"HGH Peptides Lab\" \/>\n<meta property=\"article:modified_time\" content=\"2025-10-23T00:56:33+00:00\" \/>\n<meta property=\"og:image\" content=\"https:\/\/hghpeptideslab.com\/wp-content\/uploads\/2025\/08\/sermorelin5mg.jpg\" \/>\n\t<meta property=\"og:image:width\" content=\"800\" \/>\n\t<meta property=\"og:image:height\" content=\"800\" \/>\n\t<meta property=\"og:image:type\" content=\"image\/jpeg\" \/>\n<meta name=\"twitter:card\" content=\"summary_large_image\" \/>\n<meta name=\"twitter:label1\" content=\"Est. tempo de leitura\" \/>\n\t<meta name=\"twitter:data1\" content=\"1 minuto\" \/>\n<script type=\"application\/ld+json\" class=\"yoast-schema-graph\">{\"@context\":\"https:\\\/\\\/schema.org\",\"@graph\":[{\"@type\":\"WebPage\",\"@id\":\"https:\\\/\\\/hghpeptideslab.com\\\/product\\\/sermorelin\\\/\",\"url\":\"https:\\\/\\\/hghpeptideslab.com\\\/product\\\/sermorelin\\\/\",\"name\":\"Sermorelin Peptide (GHRH) | HGH Peptides Lab \u2013 HPLC\\\/COA Verified\",\"isPartOf\":{\"@id\":\"https:\\\/\\\/hghpeptideslab.com\\\/#website\"},\"primaryImageOfPage\":{\"@id\":\"https:\\\/\\\/hghpeptideslab.com\\\/product\\\/sermorelin\\\/#primaryimage\"},\"image\":{\"@id\":\"https:\\\/\\\/hghpeptideslab.com\\\/product\\\/sermorelin\\\/#primaryimage\"},\"thumbnailUrl\":\"https:\\\/\\\/hghpeptideslab.com\\\/wp-content\\\/uploads\\\/2025\\\/08\\\/sermorelin5mg.jpg\",\"datePublished\":\"2025-08-16T18:05:46+00:00\",\"dateModified\":\"2025-10-23T00:56:33+00:00\",\"description\":\"Buy Sermorelin from a China-based GMP lab. 99% purity with HPLC\\\/COA. Factory-direct selling and fast worldwide shipping for GH support, sleep and recovery.\",\"breadcrumb\":{\"@id\":\"https:\\\/\\\/hghpeptideslab.com\\\/product\\\/sermorelin\\\/#breadcrumb\"},\"inLanguage\":\"pt-BR\",\"potentialAction\":[{\"@type\":\"ReadAction\",\"target\":[\"https:\\\/\\\/hghpeptideslab.com\\\/product\\\/sermorelin\\\/\"]}],\"copyrightNotice\":\"\u00a9 2010\u20132026 HGH Peptides Lab. All Rights Reserved.\"},{\"@type\":\"ImageObject\",\"inLanguage\":\"pt-BR\",\"@id\":\"https:\\\/\\\/hghpeptideslab.com\\\/product\\\/sermorelin\\\/#primaryimage\",\"url\":\"https:\\\/\\\/hghpeptideslab.com\\\/wp-content\\\/uploads\\\/2025\\\/08\\\/sermorelin5mg.jpg\",\"contentUrl\":\"https:\\\/\\\/hghpeptideslab.com\\\/wp-content\\\/uploads\\\/2025\\\/08\\\/sermorelin5mg.jpg\",\"width\":800,\"height\":800,\"caption\":\"5 mg vial, 99%+ purity, HPLC\\\/COA on request\"},{\"@type\":\"BreadcrumbList\",\"@id\":\"https:\\\/\\\/hghpeptideslab.com\\\/product\\\/sermorelin\\\/#breadcrumb\",\"itemListElement\":[{\"@type\":\"ListItem\",\"position\":1,\"name\":\"Home\",\"item\":\"https:\\\/\\\/hghpeptideslab.com\\\/\"},{\"@type\":\"ListItem\",\"position\":2,\"name\":\"Shop\",\"item\":\"https:\\\/\\\/hghpeptideslab.com\\\/shop\\\/\"},{\"@type\":\"ListItem\",\"position\":3,\"name\":\"Sermorelin Peptide\"}]},{\"@type\":\"WebSite\",\"@id\":\"https:\\\/\\\/hghpeptideslab.com\\\/#website\",\"url\":\"https:\\\/\\\/hghpeptideslab.com\\\/\",\"name\":\"HGH Peptides Lab\",\"description\":\"Premium Peptides &amp; HGH Shop\",\"publisher\":{\"@id\":\"https:\\\/\\\/hghpeptideslab.com\\\/#organization\"},\"potentialAction\":[{\"@type\":\"SearchAction\",\"target\":{\"@type\":\"EntryPoint\",\"urlTemplate\":\"https:\\\/\\\/hghpeptideslab.com\\\/?s={search_term_string}\"},\"query-input\":{\"@type\":\"PropertyValueSpecification\",\"valueRequired\":true,\"valueName\":\"search_term_string\"}}],\"inLanguage\":\"pt-BR\"},{\"@type\":\"Organization\",\"@id\":\"https:\\\/\\\/hghpeptideslab.com\\\/#organization\",\"name\":\"HGH Peptides Lab\",\"url\":\"https:\\\/\\\/hghpeptideslab.com\\\/pt\\\/\",\"logo\":{\"@type\":\"ImageObject\",\"url\":\"https:\\\/\\\/hghpeptideslab.com\\\/wp-content\\\/uploads\\\/2025\\\/07\\\/HGHPEPTIDESLAB-Logo.png\"},\"image\":{\"@id\":\"https:\\\/\\\/hghpeptideslab.com\\\/#\\\/schema\\\/logo\\\/image\\\/\"},\"foundingDate\":\"2010\",\"contactPoint\":[{\"@type\":\"ContactPoint\",\"contactType\":\"customer support\",\"telephone\":\"+85247559641\",\"email\":\"CYGGL2025@gmail.com\",\"availableLanguage\":[\"en\"]}]}]}<\/script>\n<!-- \/ Yoast SEO Premium plugin. -->","yoast_head_json":{"title":"Pept\u00eddeo Sermorelin (GHRH) | HGH Peptides Lab - HPLC\/COA Verificado","description":"Compre Sermorelin de um laborat\u00f3rio de GMP com sede na China. Pureza de 99% com HPLC\/COA. Venda direta da f\u00e1brica e envio r\u00e1pido para todo o mundo para suporte de GH, sono e recupera\u00e7\u00e3o.","robots":{"index":"index","follow":"follow","max-snippet":"max-snippet:-1","max-image-preview":"max-image-preview:large","max-video-preview":"max-video-preview:-1"},"canonical":"https:\/\/hghpeptideslab.com\/pt\/produto\/sermorelin\/","og_locale":"pt_BR","og_type":"article","og_title":"Sermorelin Peptide","og_description":"Buy Sermorelin from a China-based GMP lab. 99% purity with HPLC\/COA. Factory-direct selling and fast worldwide shipping for GH support, sleep and recovery.","og_url":"https:\/\/hghpeptideslab.com\/pt\/produto\/sermorelin\/","og_site_name":"HGH Peptides Lab","article_modified_time":"2025-10-23T00:56:33+00:00","og_image":[{"width":800,"height":800,"url":"https:\/\/hghpeptideslab.com\/wp-content\/uploads\/2025\/08\/sermorelin5mg.jpg","type":"image\/jpeg"}],"twitter_card":"summary_large_image","twitter_misc":{"Est. tempo de leitura":"1 minuto"},"schema":{"@context":"https:\/\/schema.org","@graph":[{"@type":"WebPage","@id":"https:\/\/hghpeptideslab.com\/product\/sermorelin\/","url":"https:\/\/hghpeptideslab.com\/product\/sermorelin\/","name":"Pept\u00eddeo Sermorelin (GHRH) | HGH Peptides Lab - HPLC\/COA Verificado","isPartOf":{"@id":"https:\/\/hghpeptideslab.com\/#website"},"primaryImageOfPage":{"@id":"https:\/\/hghpeptideslab.com\/product\/sermorelin\/#primaryimage"},"image":{"@id":"https:\/\/hghpeptideslab.com\/product\/sermorelin\/#primaryimage"},"thumbnailUrl":"https:\/\/hghpeptideslab.com\/wp-content\/uploads\/2025\/08\/sermorelin5mg.jpg","datePublished":"2025-08-16T18:05:46+00:00","dateModified":"2025-10-23T00:56:33+00:00","description":"Compre Sermorelin de um laborat\u00f3rio de GMP com sede na China. Pureza de 99% com HPLC\/COA. Venda direta da f\u00e1brica e envio r\u00e1pido para todo o mundo para suporte de GH, sono e recupera\u00e7\u00e3o.","breadcrumb":{"@id":"https:\/\/hghpeptideslab.com\/product\/sermorelin\/#breadcrumb"},"inLanguage":"pt-BR","potentialAction":[{"@type":"ReadAction","target":["https:\/\/hghpeptideslab.com\/product\/sermorelin\/"]}],"copyrightNotice":"\u00a9 2010\u20132026 HGH Peptides Lab. All Rights Reserved."},{"@type":"ImageObject","inLanguage":"pt-BR","@id":"https:\/\/hghpeptideslab.com\/product\/sermorelin\/#primaryimage","url":"https:\/\/hghpeptideslab.com\/wp-content\/uploads\/2025\/08\/sermorelin5mg.jpg","contentUrl":"https:\/\/hghpeptideslab.com\/wp-content\/uploads\/2025\/08\/sermorelin5mg.jpg","width":800,"height":800,"caption":"5 mg vial, 99%+ purity, HPLC\/COA on request"},{"@type":"BreadcrumbList","@id":"https:\/\/hghpeptideslab.com\/product\/sermorelin\/#breadcrumb","itemListElement":[{"@type":"ListItem","position":1,"name":"Home","item":"https:\/\/hghpeptideslab.com\/"},{"@type":"ListItem","position":2,"name":"Shop","item":"https:\/\/hghpeptideslab.com\/shop\/"},{"@type":"ListItem","position":3,"name":"Sermorelin Peptide"}]},{"@type":"WebSite","@id":"https:\/\/hghpeptideslab.com\/#website","url":"https:\/\/hghpeptideslab.com\/","name":"Laborat\u00f3rio de Pept\u00eddeos de HGH","description":"Loja Premium Peptides &amp; HGH","publisher":{"@id":"https:\/\/hghpeptideslab.com\/#organization"},"potentialAction":[{"@type":"SearchAction","target":{"@type":"EntryPoint","urlTemplate":"https:\/\/hghpeptideslab.com\/?s={search_term_string}"},"query-input":{"@type":"PropertyValueSpecification","valueRequired":true,"valueName":"search_term_string"}}],"inLanguage":"pt-BR"},{"@type":"Organization","@id":"https:\/\/hghpeptideslab.com\/#organization","name":"Laborat\u00f3rio de Pept\u00eddeos de HGH","url":"https:\/\/hghpeptideslab.com\/pt\/","logo":{"@type":"ImageObject","url":"https:\/\/hghpeptideslab.com\/wp-content\/uploads\/2025\/07\/HGHPEPTIDESLAB-Logo.png"},"image":{"@id":"https:\/\/hghpeptideslab.com\/#\/schema\/logo\/image\/"},"foundingDate":"2010","contactPoint":[{"@type":"ContactPoint","contactType":"customer support","telephone":"+85247559641","email":"CYGGL2025@gmail.com","availableLanguage":["en"]}]}]}},"_links":{"self":[{"href":"https:\/\/hghpeptideslab.com\/pt\/wp-json\/wp\/v2\/product\/9046","targetHints":{"allow":["GET"]}}],"collection":[{"href":"https:\/\/hghpeptideslab.com\/pt\/wp-json\/wp\/v2\/product"}],"about":[{"href":"https:\/\/hghpeptideslab.com\/pt\/wp-json\/wp\/v2\/types\/product"}],"replies":[{"embeddable":true,"href":"https:\/\/hghpeptideslab.com\/pt\/wp-json\/wp\/v2\/comments?post=9046"}],"wp:featuredmedia":[{"embeddable":true,"href":"https:\/\/hghpeptideslab.com\/pt\/wp-json\/wp\/v2\/media\/9043"}],"wp:attachment":[{"href":"https:\/\/hghpeptideslab.com\/pt\/wp-json\/wp\/v2\/media?parent=9046"}],"wp:term":[{"taxonomy":"product_cat","embeddable":true,"href":"https:\/\/hghpeptideslab.com\/pt\/wp-json\/wp\/v2\/product_cat?post=9046"},{"taxonomy":"product_tag","embeddable":true,"href":"https:\/\/hghpeptideslab.com\/pt\/wp-json\/wp\/v2\/product_tag?post=9046"}],"curies":[{"name":"wp","href":"https:\/\/api.w.org\/{rel}","templated":true}]}}