{"id":9153,"date":"2025-08-17T21:41:33","date_gmt":"2025-08-17T21:41:33","guid":{"rendered":"https:\/\/hghpeptideslab.com\/?post_type=product&#038;p=9153"},"modified":"2026-01-16T19:02:19","modified_gmt":"2026-01-16T19:02:19","slug":"melanotan-ii-mt2","status":"publish","type":"product","link":"https:\/\/hghpeptideslab.com\/pt\/product\/melanotan-ii-mt2\/","title":{"rendered":"Pept\u00eddeo de melanotan II (MT2)"},"content":{"rendered":"<h3>Vis\u00e3o geral<\/h3>\n<p>O Melanotan II (MT2) \u00e9 um pept\u00eddeo de pesquisa envolvido nas vias do receptor de melanocortina, amplamente referenciado em estudos de <em>melanog\u00eanese<\/em>pigmenta\u00e7\u00e3o da pele e modelos de fotoprote\u00e7\u00e3o. Nosso material \u00e9 <strong>Fabricado com GMP<\/strong> pept\u00eddeo de grau farmac\u00eautico com <strong>99%+ pureza<\/strong>. <strong>HPLC\/COA<\/strong> est\u00e1 dispon\u00edvel mediante solicita\u00e7\u00e3o.<\/p>\n<h3>Principais recursos<\/h3>\n<ul>\n<li><strong>For\u00e7a:<\/strong> 10 mg por vial<\/li>\n<li><strong>Tamanho do kit:<\/strong> 10 vials\/kit<\/li>\n<li>White lyophilized powder para protocolos flex\u00edveis de pesquisa de cosm\u00e9ticos<\/li>\n<li>Documenta\u00e7\u00e3o: Cromatograma de HPLC \/ COA sob consulta<\/li>\n<\/ul>\n<h3>Focos t\u00edpicos de pesquisa<\/h3>\n<ul>\n<li>Pesquisa sobre a via da melanog\u00eanese e da pigmenta\u00e7\u00e3o<\/li>\n<li>Modelos cosm\u00e9ticos de fotoprote\u00e7\u00e3o e resposta a UV<\/li>\n<li>Triagem t\u00f3pica\/veicular e estudos de pele ex vivo<\/li>\n<li>Conceitos cosm\u00e9ticos de apar\u00eancia e uniformiza\u00e7\u00e3o de tons<\/li>\n<\/ul>\n<h3>Armazenamento e estabilidade<\/h3>\n<ul>\n<li>Armazenar lacrado em <strong>2-8 \u00b0C<\/strong>prote\u00e7\u00e3o contra luz e umidade<\/li>\n<li>Use solu\u00e7\u00f5es reconstitu\u00eddas prontamente em condi\u00e7\u00f5es laboratoriais adequadas<\/li>\n<\/ul>\n<h3>Notas<\/h3>\n<ul>\n<li>Fabricado em <strong>Compat\u00edvel com GMP<\/strong> instala\u00e7\u00f5es; controle de processos de n\u00edvel farmac\u00eautico<\/li>\n<li><strong>CAS:<\/strong> 121062-08-6; <strong>HPLC\/COA<\/strong> dispon\u00edvel mediante solicita\u00e7\u00e3o<\/li>\n<li>Apenas para pesquisa em laborat\u00f3rio. Os produtos n\u00e3o s\u00e3o rotulados para uso m\u00e9dico.<\/li>\n<\/ul>","protected":false},"excerpt":{"rendered":"<p><strong>Nome:<\/strong> P\u00f3 de pept\u00eddeo 99% Purity Melanotan II (MT2)<br \/>\n<strong>Fun\u00e7\u00e3o:<\/strong> Pesquisa sobre pigmenta\u00e7\u00e3o da pele e fotoprote\u00e7\u00e3o; estudos sobre a via do bronzeamento e melanog\u00eanese<br \/>\n<strong>Especifica\u00e7\u00e3o:<\/strong> 10 mg por vial; 10 vials\/kit<br \/>\n<strong>CAS:<\/strong> 121062-08-6<br \/>\n<strong>Apar\u00eancia:<\/strong> P\u00f3 liofilizado branco<\/p>","protected":false},"featured_media":9150,"comment_status":"open","ping_status":"closed","template":"","meta":[],"product_cat":[56,60],"product_tag":[131,167,165],"class_list":{"0":"post-9153","1":"product","2":"type-product","3":"status-publish","4":"has-post-thumbnail","6":"product_brand-dp-hghpeptides","7":"product_brand-hgh-peptides-lab","8":"product_cat-cosmetic-peptides","9":"product_cat-specialty-peptides","10":"product_tag-melanotan-2","11":"product_tag-overall-wellness-peptides","12":"product_tag-skin-beauty-peptides","14":"first","15":"instock","16":"featured","17":"shipping-taxable","18":"purchasable","19":"product-type-simple"},"yoast_head":"<!-- This site is optimized with the Yoast SEO Premium plugin v27.5 (Yoast SEO v27.5) - https:\/\/yoast.com\/product\/yoast-seo-premium-wordpress\/ -->\n<title>Melanotan II (MT2) Peptide 10mg | Factory-Direct China GMP Lab \u2013 99% Purity<\/title>\n<meta name=\"description\" content=\"Order Melanotan II (MT2) 10mg from a China-based GMP lab \u2014 99% purity with HPLC\/COA. Factory-direct selling and fast worldwide shipping for pigmentation research.\" \/>\n<meta name=\"robots\" content=\"index, follow, max-snippet:-1, max-image-preview:large, max-video-preview:-1\" \/>\n<link rel=\"canonical\" href=\"https:\/\/hghpeptideslab.com\/pt\/produto\/melanotan-ii-mt2\/\" \/>\n<meta property=\"og:locale\" content=\"pt_BR\" \/>\n<meta property=\"og:type\" content=\"article\" \/>\n<meta property=\"og:title\" content=\"Melanotan II (MT2) Peptide\" \/>\n<meta property=\"og:description\" content=\"Order Melanotan II (MT2) 10mg from a China-based GMP lab \u2014 99% purity with HPLC\/COA. Factory-direct selling and fast worldwide shipping for pigmentation research.\" \/>\n<meta property=\"og:url\" content=\"https:\/\/hghpeptideslab.com\/pt\/produto\/melanotan-ii-mt2\/\" \/>\n<meta property=\"og:site_name\" content=\"HGH Peptides Lab\" \/>\n<meta property=\"article:modified_time\" content=\"2026-01-16T19:02:19+00:00\" \/>\n<meta property=\"og:image\" content=\"https:\/\/hghpeptideslab.com\/wp-content\/uploads\/2025\/08\/melanotanii10mg.jpg\" \/>\n\t<meta property=\"og:image:width\" content=\"800\" \/>\n\t<meta property=\"og:image:height\" content=\"800\" \/>\n\t<meta property=\"og:image:type\" content=\"image\/jpeg\" \/>\n<meta name=\"twitter:card\" content=\"summary_large_image\" \/>\n<meta name=\"twitter:label1\" content=\"Est. tempo de leitura\" \/>\n\t<meta name=\"twitter:data1\" content=\"1 minuto\" \/>\n<script type=\"application\/ld+json\" class=\"yoast-schema-graph\">{\"@context\":\"https:\\\/\\\/schema.org\",\"@graph\":[{\"@type\":\"WebPage\",\"@id\":\"https:\\\/\\\/hghpeptideslab.com\\\/product\\\/melanotan-ii-mt2\\\/\",\"url\":\"https:\\\/\\\/hghpeptideslab.com\\\/product\\\/melanotan-ii-mt2\\\/\",\"name\":\"Melanotan II (MT2) Peptide 10mg | Factory-Direct China GMP Lab \u2013 99% Purity\",\"isPartOf\":{\"@id\":\"https:\\\/\\\/hghpeptideslab.com\\\/#website\"},\"primaryImageOfPage\":{\"@id\":\"https:\\\/\\\/hghpeptideslab.com\\\/product\\\/melanotan-ii-mt2\\\/#primaryimage\"},\"image\":{\"@id\":\"https:\\\/\\\/hghpeptideslab.com\\\/product\\\/melanotan-ii-mt2\\\/#primaryimage\"},\"thumbnailUrl\":\"https:\\\/\\\/hghpeptideslab.com\\\/wp-content\\\/uploads\\\/2025\\\/08\\\/melanotanii10mg.jpg\",\"datePublished\":\"2025-08-17T21:41:33+00:00\",\"dateModified\":\"2026-01-16T19:02:19+00:00\",\"description\":\"Order Melanotan II (MT2) 10mg from a China-based GMP lab \u2014 99% purity with HPLC\\\/COA. Factory-direct selling and fast worldwide shipping for pigmentation research.\",\"breadcrumb\":{\"@id\":\"https:\\\/\\\/hghpeptideslab.com\\\/product\\\/melanotan-ii-mt2\\\/#breadcrumb\"},\"inLanguage\":\"pt-BR\",\"potentialAction\":[{\"@type\":\"ReadAction\",\"target\":[\"https:\\\/\\\/hghpeptideslab.com\\\/product\\\/melanotan-ii-mt2\\\/\"]}],\"copyrightNotice\":\"\u00a9 2010\u20132026 HGH Peptides Lab. All Rights Reserved.\"},{\"@type\":\"ImageObject\",\"inLanguage\":\"pt-BR\",\"@id\":\"https:\\\/\\\/hghpeptideslab.com\\\/product\\\/melanotan-ii-mt2\\\/#primaryimage\",\"url\":\"https:\\\/\\\/hghpeptideslab.com\\\/wp-content\\\/uploads\\\/2025\\\/08\\\/melanotanii10mg.jpg\",\"contentUrl\":\"https:\\\/\\\/hghpeptideslab.com\\\/wp-content\\\/uploads\\\/2025\\\/08\\\/melanotanii10mg.jpg\",\"width\":800,\"height\":800,\"caption\":\"MT2 10mg vial (white lyophilized powder); factory direct, HPLC\\\/COA on request.\"},{\"@type\":\"BreadcrumbList\",\"@id\":\"https:\\\/\\\/hghpeptideslab.com\\\/product\\\/melanotan-ii-mt2\\\/#breadcrumb\",\"itemListElement\":[{\"@type\":\"ListItem\",\"position\":1,\"name\":\"Home\",\"item\":\"https:\\\/\\\/hghpeptideslab.com\\\/\"},{\"@type\":\"ListItem\",\"position\":2,\"name\":\"Shop\",\"item\":\"https:\\\/\\\/hghpeptideslab.com\\\/shop\\\/\"},{\"@type\":\"ListItem\",\"position\":3,\"name\":\"Melanotan II (MT2) Peptide\"}]},{\"@type\":\"WebSite\",\"@id\":\"https:\\\/\\\/hghpeptideslab.com\\\/#website\",\"url\":\"https:\\\/\\\/hghpeptideslab.com\\\/\",\"name\":\"HGH Peptides Lab\",\"description\":\"Premium Peptides &amp; HGH Shop\",\"publisher\":{\"@id\":\"https:\\\/\\\/hghpeptideslab.com\\\/#organization\"},\"potentialAction\":[{\"@type\":\"SearchAction\",\"target\":{\"@type\":\"EntryPoint\",\"urlTemplate\":\"https:\\\/\\\/hghpeptideslab.com\\\/?s={search_term_string}\"},\"query-input\":{\"@type\":\"PropertyValueSpecification\",\"valueRequired\":true,\"valueName\":\"search_term_string\"}}],\"inLanguage\":\"pt-BR\"},{\"@type\":\"Organization\",\"@id\":\"https:\\\/\\\/hghpeptideslab.com\\\/#organization\",\"name\":\"HGH Peptides Lab\",\"url\":\"https:\\\/\\\/hghpeptideslab.com\\\/pt\\\/\",\"logo\":{\"@type\":\"ImageObject\",\"url\":\"https:\\\/\\\/hghpeptideslab.com\\\/wp-content\\\/uploads\\\/2025\\\/07\\\/HGHPEPTIDESLAB-Logo.png\"},\"image\":{\"@id\":\"https:\\\/\\\/hghpeptideslab.com\\\/#\\\/schema\\\/logo\\\/image\\\/\"},\"foundingDate\":\"2010\",\"contactPoint\":[{\"@type\":\"ContactPoint\",\"contactType\":\"customer support\",\"telephone\":\"+85247559641\",\"email\":\"CYGGL2025@gmail.com\",\"availableLanguage\":[\"en\"]}]}]}<\/script>\n<!-- \/ Yoast SEO Premium plugin. -->","yoast_head_json":{"title":"Melanotan II (MT2) Pept\u00eddeo 10mg | Direto da F\u00e1brica China GMP Laborat\u00f3rio - 99% Purity","description":"Encomende Melanotan II (MT2) 10mg de um laborat\u00f3rio GMP com sede na China - 99% de pureza com HPLC\/COA. Venda direta da f\u00e1brica e envio r\u00e1pido para todo o mundo para pesquisa de pigmenta\u00e7\u00e3o.","robots":{"index":"index","follow":"follow","max-snippet":"max-snippet:-1","max-image-preview":"max-image-preview:large","max-video-preview":"max-video-preview:-1"},"canonical":"https:\/\/hghpeptideslab.com\/pt\/produto\/melanotan-ii-mt2\/","og_locale":"pt_BR","og_type":"article","og_title":"Melanotan II (MT2) Peptide","og_description":"Order Melanotan II (MT2) 10mg from a China-based GMP lab \u2014 99% purity with HPLC\/COA. Factory-direct selling and fast worldwide shipping for pigmentation research.","og_url":"https:\/\/hghpeptideslab.com\/pt\/produto\/melanotan-ii-mt2\/","og_site_name":"HGH Peptides Lab","article_modified_time":"2026-01-16T19:02:19+00:00","og_image":[{"width":800,"height":800,"url":"https:\/\/hghpeptideslab.com\/wp-content\/uploads\/2025\/08\/melanotanii10mg.jpg","type":"image\/jpeg"}],"twitter_card":"summary_large_image","twitter_misc":{"Est. tempo de leitura":"1 minuto"},"schema":{"@context":"https:\/\/schema.org","@graph":[{"@type":"WebPage","@id":"https:\/\/hghpeptideslab.com\/product\/melanotan-ii-mt2\/","url":"https:\/\/hghpeptideslab.com\/product\/melanotan-ii-mt2\/","name":"Melanotan II (MT2) Pept\u00eddeo 10mg | Direto da F\u00e1brica China GMP Laborat\u00f3rio - 99% Purity","isPartOf":{"@id":"https:\/\/hghpeptideslab.com\/#website"},"primaryImageOfPage":{"@id":"https:\/\/hghpeptideslab.com\/product\/melanotan-ii-mt2\/#primaryimage"},"image":{"@id":"https:\/\/hghpeptideslab.com\/product\/melanotan-ii-mt2\/#primaryimage"},"thumbnailUrl":"https:\/\/hghpeptideslab.com\/wp-content\/uploads\/2025\/08\/melanotanii10mg.jpg","datePublished":"2025-08-17T21:41:33+00:00","dateModified":"2026-01-16T19:02:19+00:00","description":"Encomende Melanotan II (MT2) 10mg de um laborat\u00f3rio GMP com sede na China - 99% de pureza com HPLC\/COA. Venda direta da f\u00e1brica e envio r\u00e1pido para todo o mundo para pesquisa de pigmenta\u00e7\u00e3o.","breadcrumb":{"@id":"https:\/\/hghpeptideslab.com\/product\/melanotan-ii-mt2\/#breadcrumb"},"inLanguage":"pt-BR","potentialAction":[{"@type":"ReadAction","target":["https:\/\/hghpeptideslab.com\/product\/melanotan-ii-mt2\/"]}],"copyrightNotice":"\u00a9 2010\u20132026 HGH Peptides Lab. All Rights Reserved."},{"@type":"ImageObject","inLanguage":"pt-BR","@id":"https:\/\/hghpeptideslab.com\/product\/melanotan-ii-mt2\/#primaryimage","url":"https:\/\/hghpeptideslab.com\/wp-content\/uploads\/2025\/08\/melanotanii10mg.jpg","contentUrl":"https:\/\/hghpeptideslab.com\/wp-content\/uploads\/2025\/08\/melanotanii10mg.jpg","width":800,"height":800,"caption":"MT2 10mg vial (white lyophilized powder); factory direct, HPLC\/COA on request."},{"@type":"BreadcrumbList","@id":"https:\/\/hghpeptideslab.com\/product\/melanotan-ii-mt2\/#breadcrumb","itemListElement":[{"@type":"ListItem","position":1,"name":"Home","item":"https:\/\/hghpeptideslab.com\/"},{"@type":"ListItem","position":2,"name":"Shop","item":"https:\/\/hghpeptideslab.com\/shop\/"},{"@type":"ListItem","position":3,"name":"Melanotan II (MT2) Peptide"}]},{"@type":"WebSite","@id":"https:\/\/hghpeptideslab.com\/#website","url":"https:\/\/hghpeptideslab.com\/","name":"Laborat\u00f3rio de Pept\u00eddeos de HGH","description":"Loja Premium Peptides &amp; HGH","publisher":{"@id":"https:\/\/hghpeptideslab.com\/#organization"},"potentialAction":[{"@type":"SearchAction","target":{"@type":"EntryPoint","urlTemplate":"https:\/\/hghpeptideslab.com\/?s={search_term_string}"},"query-input":{"@type":"PropertyValueSpecification","valueRequired":true,"valueName":"search_term_string"}}],"inLanguage":"pt-BR"},{"@type":"Organization","@id":"https:\/\/hghpeptideslab.com\/#organization","name":"Laborat\u00f3rio de Pept\u00eddeos de HGH","url":"https:\/\/hghpeptideslab.com\/pt\/","logo":{"@type":"ImageObject","url":"https:\/\/hghpeptideslab.com\/wp-content\/uploads\/2025\/07\/HGHPEPTIDESLAB-Logo.png"},"image":{"@id":"https:\/\/hghpeptideslab.com\/#\/schema\/logo\/image\/"},"foundingDate":"2010","contactPoint":[{"@type":"ContactPoint","contactType":"customer support","telephone":"+85247559641","email":"CYGGL2025@gmail.com","availableLanguage":["en"]}]}]}},"_links":{"self":[{"href":"https:\/\/hghpeptideslab.com\/pt\/wp-json\/wp\/v2\/product\/9153","targetHints":{"allow":["GET"]}}],"collection":[{"href":"https:\/\/hghpeptideslab.com\/pt\/wp-json\/wp\/v2\/product"}],"about":[{"href":"https:\/\/hghpeptideslab.com\/pt\/wp-json\/wp\/v2\/types\/product"}],"replies":[{"embeddable":true,"href":"https:\/\/hghpeptideslab.com\/pt\/wp-json\/wp\/v2\/comments?post=9153"}],"wp:featuredmedia":[{"embeddable":true,"href":"https:\/\/hghpeptideslab.com\/pt\/wp-json\/wp\/v2\/media\/9150"}],"wp:attachment":[{"href":"https:\/\/hghpeptideslab.com\/pt\/wp-json\/wp\/v2\/media?parent=9153"}],"wp:term":[{"taxonomy":"product_cat","embeddable":true,"href":"https:\/\/hghpeptideslab.com\/pt\/wp-json\/wp\/v2\/product_cat?post=9153"},{"taxonomy":"product_tag","embeddable":true,"href":"https:\/\/hghpeptideslab.com\/pt\/wp-json\/wp\/v2\/product_tag?post=9153"}],"curies":[{"name":"wp","href":"https:\/\/api.w.org\/{rel}","templated":true}]}}