{"id":6309,"date":"2025-08-08T14:23:57","date_gmt":"2025-08-08T14:23:57","guid":{"rendered":"https:\/\/demo2wpopal.b-cdn.net\/supplero\/?page_id=6309"},"modified":"2025-08-25T23:52:41","modified_gmt":"2025-08-25T23:52:41","slug":"refund-and-returns-policy","status":"publish","type":"page","link":"https:\/\/hghpeptideslab.com\/pt_pt\/refund-and-returns-policy\/","title":{"rendered":"Pol\u00edtica de reembolso e devolu\u00e7\u00e3o"},"content":{"rendered":"<div data-elementor-type=\"wp-page\" data-elementor-id=\"6309\" class=\"elementor elementor-6309\" data-elementor-post-type=\"page\">\n\t\t\t\t<div class=\"elementor-element elementor-element-6b52856d e-flex e-con-boxed e-con e-parent\" data-id=\"6b52856d\" data-element_type=\"container\" data-e-type=\"container\">\n\t\t\t\t\t<div class=\"e-con-inner\">\n\t\t\t\t<div class=\"elementor-element elementor-element-33fd4783 elementor-widget elementor-widget-text-editor\" data-id=\"33fd4783\" data-element_type=\"widget\" data-e-type=\"widget\" data-widget_type=\"text-editor.default\">\n\t\t\t\t\t\t\t\t\t<p><span style=\"color: #61ce70; font-size: 1.618em; font-weight: bold;\">Vis\u00e3o geral<\/span><\/p>\n<p><!-- \/wp:paragraph -->\n\n<!-- wp:paragraph --><\/p>\n<p data-start=\"660\" data-end=\"861\">Aceitamos anula\u00e7\u00f5es de encomendas <span style=\"color: #333333;\"><strong data-start=\"690\" data-end=\"735\">antes de o produto ser expedido ou produzido<\/strong><\/span>. Se a sua encomenda for cancelada a tempo, receber\u00e1 uma <strong data-start=\"789\" data-end=\"804\">reembolso total<\/strong>. Uma vez expedida, a encomenda n\u00e3o pode ser anulada.<\/p>\n<p data-start=\"863\" data-end=\"971\">Devido \u00e0 natureza sens\u00edvel dos nossos produtos, <strong data-start=\"908\" data-end=\"950\">n\u00e3o s\u00e3o aceites devolu\u00e7\u00f5es e trocas<\/strong>, exceto nos casos de:<\/p>\n<ul data-start=\"973\" data-end=\"1048\">\n<li data-start=\"973\" data-end=\"999\">\n<p data-start=\"975\" data-end=\"999\">Problemas de qualidade do produto<\/p>\n<\/li>\n<li data-start=\"1000\" data-end=\"1026\">\n<p data-start=\"1002\" data-end=\"1026\">Danos durante o transporte<\/p>\n<\/li>\n<li data-start=\"1027\" data-end=\"1048\">\n<p data-start=\"1029\" data-end=\"1048\">Deten\u00e7\u00e3o aduaneira<\/p>\n<\/li>\n<\/ul>\n<p data-start=\"1050\" data-end=\"1096\">Nesses casos, n\u00f3s <strong data-start=\"1068\" data-end=\"1095\">garantir um reembolso 100%<\/strong>.<\/p>\n<p><!-- \/wp:list -->\n\n<!-- wp:paragraph --><\/p>\n<h3>Processo de reembolso<\/h3>\n<p><!-- \/wp:paragraph -->\n\n<!-- wp:paragraph --><\/p>\n<p data-start=\"1122\" data-end=\"1281\">Se o seu produto for eleg\u00edvel para um reembolso, contacte-nos atrav\u00e9s de <strong data-start=\"1183\" data-end=\"1206\"><a class=\"cursor-pointer\" rel=\"noopener\" data-start=\"1185\" data-end=\"1204\">cyggl2025@gmail.com<\/a><\/strong> com provas de apoio (por exemplo, fotografia ou detalhes de rastreio). Uma vez verificado:<\/p>\n<ul data-start=\"1283\" data-end=\"1421\">\n<li data-start=\"1283\" data-end=\"1332\">\n<p data-start=\"1285\" data-end=\"1332\">Receber\u00e1 uma mensagem de correio eletr\u00f3nico a confirmar a aprova\u00e7\u00e3o<\/p>\n<\/li>\n<li data-start=\"1333\" data-end=\"1421\">\n<p data-start=\"1335\" data-end=\"1421\">Os reembolsos ser\u00e3o processados para o seu m\u00e9todo de pagamento original no prazo de <strong data-start=\"1400\" data-end=\"1421\">3-7 dias \u00fateis<\/strong><\/p>\n<\/li>\n<\/ul>\n<p><!-- \/wp:paragraph -->\n\n<!-- wp:paragraph --><\/p>\n<h3>Responsabilidade de envio<\/h3>\n<p><!-- \/wp:paragraph -->\n\n<!-- wp:paragraph --><\/p>\n<p data-start=\"1456\" data-end=\"1486\">Os clientes s\u00e3o respons\u00e1veis por:<\/p>\n<ul data-start=\"1488\" data-end=\"1592\">\n<li data-start=\"1488\" data-end=\"1543\">\n<p data-start=\"1490\" data-end=\"1543\">Fornecer informa\u00e7\u00f5es precisas sobre a expedi\u00e7\u00e3o e os contactos<\/p>\n<\/li>\n<li data-start=\"1544\" data-end=\"1592\">\n<p data-start=\"1546\" data-end=\"1592\">Cobertura dos custos de envio da devolu\u00e7\u00e3o (se aplic\u00e1vel)<\/p>\n<\/li>\n<\/ul>\n<p data-start=\"1594\" data-end=\"1685\">N\u00f3s somos <strong data-start=\"1601\" data-end=\"1620\">n\u00e3o respons\u00e1vel<\/strong> por atrasos causados por correios de terceiros ou pelo processamento alfandeg\u00e1rio.<\/p>\n<p><!-- \/wp:paragraph -->\n\n<!-- wp:paragraph --><\/p>\n<h3>Notas importantes<\/h3>\n<div>\n<ul>\n<li>\n<p>Os reembolsos s\u00e3o <strong data-start=\"1726\" data-end=\"1743\">n\u00e3o dispon\u00edvel<\/strong> para encomendas marcadas como \"Entregue\", exceto se for apresentado um comprovativo fotogr\u00e1fico<\/p>\n<\/li>\n<li>\n<p>Os produtos digitais\/transfer\u00edveis s\u00e3o <strong data-start=\"1860\" data-end=\"1878\">n\u00e3o reembols\u00e1vel<\/strong><\/p>\n<\/li>\n<li>\n<p>Para compras por grosso ou a granel, a elegibilidade para reembolso \u00e9 determinada com base numa <strong data-start=\"1954\" data-end=\"1976\">caso a caso<\/strong><\/p>\n<\/li>\n<\/ul>\n<p>&nbsp;<\/p>\n<\/div>\n<p><!-- \/wp:paragraph -->\n\n<!-- wp:paragraph --><\/p>\n<h3>Precisa de ajuda?<\/h3>\n<p><!-- \/wp:paragraph -->\n\n<!-- wp:paragraph --><\/p>\n<p>Se tiver alguma d\u00favida sobre reembolsos ou devolu\u00e7\u00f5es, envie-nos um e-mail para <strong data-start=\"2073\" data-end=\"2096\">cyggl2025@gmail.com<\/strong>.<br data-start=\"2097\" data-end=\"2100\" \/>O nosso objetivo \u00e9 responder dentro de <strong data-start=\"2125\" data-end=\"2137\">24 horas<\/strong>.<\/p>\n<p><!-- \/wp:paragraph --><\/p>\n\t\t\t\t\t\t\t\t<\/div>\n\t\t\t\t\t<\/div>\n\t\t\t\t<\/div>\n\t\t\t\t<\/div>","protected":false},"excerpt":{"rendered":"<p>Overview We accept order cancellations before the product is shipped or produced. If your order is canceled in time, you\u2019ll receive a full refund. Once the order has been shipped, it cannot be canceled. Due to the sensitive nature of our products, returns and exchanges are not accepted, except in cases of: Product quality issues [&hellip;]<\/p>\n","protected":false},"author":1,"featured_media":0,"parent":0,"menu_order":0,"comment_status":"closed","ping_status":"closed","template":"","meta":{"footnotes":""},"class_list":["post-6309","page","type-page","status-publish","hentry"],"yoast_head":"<!-- This site is optimized with the Yoast SEO Premium plugin v27.5 (Yoast SEO v27.5) - https:\/\/yoast.com\/product\/yoast-seo-premium-wordpress\/ -->\n<title>Refund &amp; Returns Policy | Safe, Transparent &amp; Guaranteed \u2013 HGH Peptides Lab<\/title>\n<meta name=\"description\" content=\"Learn how HGH Peptides Lab ensures secure refunds and fair return terms. Covers cancellations, shipping damage, customs issues, and 100% money-back guarantee.\" \/>\n<meta name=\"robots\" content=\"index, follow, max-snippet:-1, max-image-preview:large, max-video-preview:-1\" \/>\n<link rel=\"canonical\" href=\"https:\/\/hghpeptideslab.com\/pt_pt\/refund-and-returns-policy\/\" \/>\n<meta property=\"og:locale\" content=\"pt_PT\" \/>\n<meta property=\"og:type\" content=\"article\" \/>\n<meta property=\"og:title\" content=\"Refund and Returns Policy\" \/>\n<meta property=\"og:description\" content=\"Learn how HGH Peptides Lab ensures secure refunds and fair return terms. Covers cancellations, shipping damage, customs issues, and 100% money-back guarantee.\" \/>\n<meta property=\"og:url\" content=\"https:\/\/hghpeptideslab.com\/pt_pt\/refund-and-returns-policy\/\" \/>\n<meta property=\"og:site_name\" content=\"HGH Peptides Lab\" \/>\n<meta property=\"article:modified_time\" content=\"2025-08-25T23:52:41+00:00\" \/>\n<meta name=\"twitter:card\" content=\"summary_large_image\" \/>\n<meta name=\"twitter:label1\" content=\"Tempo estimado de leitura\" \/>\n\t<meta name=\"twitter:data1\" content=\"2 minutos\" \/>\n<script type=\"application\/ld+json\" class=\"yoast-schema-graph\">{\"@context\":\"https:\\\/\\\/schema.org\",\"@graph\":[{\"@type\":\"WebPage\",\"@id\":\"https:\\\/\\\/hghpeptideslab.com\\\/refund-and-returns-policy\\\/\",\"url\":\"https:\\\/\\\/hghpeptideslab.com\\\/refund-and-returns-policy\\\/\",\"name\":\"Refund & Returns Policy | Safe, Transparent & Guaranteed \u2013 HGH Peptides Lab\",\"isPartOf\":{\"@id\":\"https:\\\/\\\/hghpeptideslab.com\\\/#website\"},\"datePublished\":\"2025-08-08T14:23:57+00:00\",\"dateModified\":\"2025-08-25T23:52:41+00:00\",\"description\":\"Learn how HGH Peptides Lab ensures secure refunds and fair return terms. Covers cancellations, shipping damage, customs issues, and 100% money-back guarantee.\",\"breadcrumb\":{\"@id\":\"https:\\\/\\\/hghpeptideslab.com\\\/refund-and-returns-policy\\\/#breadcrumb\"},\"inLanguage\":\"pt-PT\",\"potentialAction\":[{\"@type\":\"ReadAction\",\"target\":[\"https:\\\/\\\/hghpeptideslab.com\\\/refund-and-returns-policy\\\/\"]}],\"copyrightNotice\":\"\u00a9 2010\u20132026 HGH Peptides Lab. All Rights Reserved.\"},{\"@type\":\"BreadcrumbList\",\"@id\":\"https:\\\/\\\/hghpeptideslab.com\\\/refund-and-returns-policy\\\/#breadcrumb\",\"itemListElement\":[{\"@type\":\"ListItem\",\"position\":1,\"name\":\"Home\",\"item\":\"https:\\\/\\\/hghpeptideslab.com\\\/\"},{\"@type\":\"ListItem\",\"position\":2,\"name\":\"Refund and Returns Policy\"}]},{\"@type\":\"WebSite\",\"@id\":\"https:\\\/\\\/hghpeptideslab.com\\\/#website\",\"url\":\"https:\\\/\\\/hghpeptideslab.com\\\/\",\"name\":\"HGH Peptides Lab\",\"description\":\"Premium Peptides &amp; HGH Shop\",\"publisher\":{\"@id\":\"https:\\\/\\\/hghpeptideslab.com\\\/#organization\"},\"potentialAction\":[{\"@type\":\"SearchAction\",\"target\":{\"@type\":\"EntryPoint\",\"urlTemplate\":\"https:\\\/\\\/hghpeptideslab.com\\\/?s={search_term_string}\"},\"query-input\":{\"@type\":\"PropertyValueSpecification\",\"valueRequired\":true,\"valueName\":\"search_term_string\"}}],\"inLanguage\":\"pt-PT\"},{\"@type\":\"Organization\",\"@id\":\"https:\\\/\\\/hghpeptideslab.com\\\/#organization\",\"name\":\"HGH Peptides Lab\",\"url\":\"https:\\\/\\\/hghpeptideslab.com\\\/pt_pt\\\/\",\"logo\":{\"@type\":\"ImageObject\",\"url\":\"https:\\\/\\\/hghpeptideslab.com\\\/wp-content\\\/uploads\\\/2025\\\/07\\\/HGHPEPTIDESLAB-Logo.png\"},\"image\":{\"@id\":\"https:\\\/\\\/hghpeptideslab.com\\\/#\\\/schema\\\/logo\\\/image\\\/\"},\"foundingDate\":\"2010\",\"contactPoint\":[{\"@type\":\"ContactPoint\",\"contactType\":\"customer support\",\"telephone\":\"+85247559641\",\"email\":\"CYGGL2025@gmail.com\",\"availableLanguage\":[\"en\"]}]}]}<\/script>\n<!-- \/ Yoast SEO Premium plugin. -->","yoast_head_json":{"title":"Pol\u00edtica de reembolso e devolu\u00e7\u00e3o | Segura, transparente e garantida - HGH Peptides Lab","description":"Saiba como o HGH Peptides Lab garante reembolsos seguros e condi\u00e7\u00f5es de devolu\u00e7\u00e3o justas. Abrange cancelamentos, danos de envio, quest\u00f5es alfandeg\u00e1rias e garantia de devolu\u00e7\u00e3o do dinheiro 100%.","robots":{"index":"index","follow":"follow","max-snippet":"max-snippet:-1","max-image-preview":"max-image-preview:large","max-video-preview":"max-video-preview:-1"},"canonical":"https:\/\/hghpeptideslab.com\/pt_pt\/refund-and-returns-policy\/","og_locale":"pt_PT","og_type":"article","og_title":"Refund and Returns Policy","og_description":"Learn how HGH Peptides Lab ensures secure refunds and fair return terms. Covers cancellations, shipping damage, customs issues, and 100% money-back guarantee.","og_url":"https:\/\/hghpeptideslab.com\/pt_pt\/refund-and-returns-policy\/","og_site_name":"HGH Peptides Lab","article_modified_time":"2025-08-25T23:52:41+00:00","twitter_card":"summary_large_image","twitter_misc":{"Tempo estimado de leitura":"2 minutos"},"schema":{"@context":"https:\/\/schema.org","@graph":[{"@type":"WebPage","@id":"https:\/\/hghpeptideslab.com\/refund-and-returns-policy\/","url":"https:\/\/hghpeptideslab.com\/refund-and-returns-policy\/","name":"Pol\u00edtica de reembolso e devolu\u00e7\u00e3o | Segura, transparente e garantida - HGH Peptides Lab","isPartOf":{"@id":"https:\/\/hghpeptideslab.com\/#website"},"datePublished":"2025-08-08T14:23:57+00:00","dateModified":"2025-08-25T23:52:41+00:00","description":"Saiba como o HGH Peptides Lab garante reembolsos seguros e condi\u00e7\u00f5es de devolu\u00e7\u00e3o justas. Abrange cancelamentos, danos de envio, quest\u00f5es alfandeg\u00e1rias e garantia de devolu\u00e7\u00e3o do dinheiro 100%.","breadcrumb":{"@id":"https:\/\/hghpeptideslab.com\/refund-and-returns-policy\/#breadcrumb"},"inLanguage":"pt-PT","potentialAction":[{"@type":"ReadAction","target":["https:\/\/hghpeptideslab.com\/refund-and-returns-policy\/"]}],"copyrightNotice":"\u00a9 2010\u20132026 HGH Peptides Lab. All Rights Reserved."},{"@type":"BreadcrumbList","@id":"https:\/\/hghpeptideslab.com\/refund-and-returns-policy\/#breadcrumb","itemListElement":[{"@type":"ListItem","position":1,"name":"Home","item":"https:\/\/hghpeptideslab.com\/"},{"@type":"ListItem","position":2,"name":"Refund and Returns Policy"}]},{"@type":"WebSite","@id":"https:\/\/hghpeptideslab.com\/#website","url":"https:\/\/hghpeptideslab.com\/","name":"HGH Peptides Lab","description":"Premium Peptides &amp; HGH Loja","publisher":{"@id":"https:\/\/hghpeptideslab.com\/#organization"},"potentialAction":[{"@type":"SearchAction","target":{"@type":"EntryPoint","urlTemplate":"https:\/\/hghpeptideslab.com\/?s={search_term_string}"},"query-input":{"@type":"PropertyValueSpecification","valueRequired":true,"valueName":"search_term_string"}}],"inLanguage":"pt-PT"},{"@type":"Organization","@id":"https:\/\/hghpeptideslab.com\/#organization","name":"HGH Peptides Lab","url":"https:\/\/hghpeptideslab.com\/pt_pt\/","logo":{"@type":"ImageObject","url":"https:\/\/hghpeptideslab.com\/wp-content\/uploads\/2025\/07\/HGHPEPTIDESLAB-Logo.png"},"image":{"@id":"https:\/\/hghpeptideslab.com\/#\/schema\/logo\/image\/"},"foundingDate":"2010","contactPoint":[{"@type":"ContactPoint","contactType":"customer support","telephone":"+85247559641","email":"CYGGL2025@gmail.com","availableLanguage":["en"]}]}]}},"_links":{"self":[{"href":"https:\/\/hghpeptideslab.com\/pt_pt\/wp-json\/wp\/v2\/pages\/6309","targetHints":{"allow":["GET"]}}],"collection":[{"href":"https:\/\/hghpeptideslab.com\/pt_pt\/wp-json\/wp\/v2\/pages"}],"about":[{"href":"https:\/\/hghpeptideslab.com\/pt_pt\/wp-json\/wp\/v2\/types\/page"}],"author":[{"embeddable":true,"href":"https:\/\/hghpeptideslab.com\/pt_pt\/wp-json\/wp\/v2\/users\/1"}],"replies":[{"embeddable":true,"href":"https:\/\/hghpeptideslab.com\/pt_pt\/wp-json\/wp\/v2\/comments?post=6309"}],"version-history":[{"count":10,"href":"https:\/\/hghpeptideslab.com\/pt_pt\/wp-json\/wp\/v2\/pages\/6309\/revisions"}],"predecessor-version":[{"id":8743,"href":"https:\/\/hghpeptideslab.com\/pt_pt\/wp-json\/wp\/v2\/pages\/6309\/revisions\/8743"}],"wp:attachment":[{"href":"https:\/\/hghpeptideslab.com\/pt_pt\/wp-json\/wp\/v2\/media?parent=6309"}],"curies":[{"name":"wp","href":"https:\/\/api.w.org\/{rel}","templated":true}]}}