{"id":8951,"date":"2025-08-15T19:13:06","date_gmt":"2025-08-15T19:13:06","guid":{"rendered":"https:\/\/hghpeptideslab.com\/?post_type=product&#038;p=8951"},"modified":"2025-10-22T19:39:35","modified_gmt":"2025-10-22T19:39:35","slug":"ipamorelin","status":"publish","type":"product","link":"https:\/\/hghpeptideslab.com\/pt_pt\/product\/ipamorelin\/","title":{"rendered":"Ipamorelin Peptide"},"content":{"rendered":"<h3>Vis\u00e3o geral<\/h3>\n<p>O Ipamorelin \u00e9 um pentapept\u00eddeo agonista seletivo do recetor da grelina\/GRLN (GHSR), amplamente utilizado na investiga\u00e7\u00e3o sobre a liberta\u00e7\u00e3o puls\u00e1til da hormona do crescimento (GH), a recupera\u00e7\u00e3o e o envelhecimento saud\u00e1vel. O nosso material \u00e9 <strong>GMP-fabricado<\/strong> de qualidade farmac\u00eautica com <strong>99%+ pureza<\/strong>. HPLC\/COA dispon\u00edveis mediante pedido.<\/p>\n<h3>Carater\u00edsticas principais<\/h3>\n<ul>\n<li>Secretagogo seletivo da GH; impacto m\u00ednimo na ACTH\/cortisol em compara\u00e7\u00e3o com os GHRP mais antigos<\/li>\n<li>Emparelha bem com an\u00e1logos de GHRH (por exemplo, CJC-1295) para estudos sobre a amplitude\/frequ\u00eancia do pulso de GH<\/li>\n<li>Pontos fortes dispon\u00edveis: <strong>2 mg<\/strong>, <strong>5 mg<\/strong>, <strong>10 mg<\/strong> por vial<\/li>\n<li>Tamanho Kit: <strong>10 vials\/kit<\/strong><\/li>\n<li>HPLC\/COA documenta\u00e7\u00e3o a pedido<\/li>\n<\/ul>\n<h3>Focos de investiga\u00e7\u00e3o t\u00edpicos<\/h3>\n<ul>\n<li>Pulsatilidade da GH, perfis end\u00f3crinos e metab\u00f3licos<\/li>\n<li>Modelos de qualidade e recupera\u00e7\u00e3o do sono; marcadores de fadiga e bem-estar<\/li>\n<li>Estudos de reten\u00e7\u00e3o de massa magra e de composi\u00e7\u00e3o corporal<\/li>\n<li>Investiga\u00e7\u00e3o sobre a renova\u00e7\u00e3o \u00f3ssea e o tecido conjuntivo<\/li>\n<li>Modelos de otimiza\u00e7\u00e3o do envelhecimento saud\u00e1vel e do desempenho<\/li>\n<\/ul>\n<h3>Armazenamento e estabilidade<\/h3>\n<ul>\n<li>Armazenar selado a <strong>2-8 \u00b0C<\/strong>, protegido da luz e da humidade<\/li>\n<li>Para uma conserva\u00e7\u00e3o a longo prazo, manter o lyophilized vials a \u2264<strong>-20 \u00b0C<\/strong><\/li>\n<li>Utilizar prontamente as solu\u00e7\u00f5es reconstitu\u00eddas em condi\u00e7\u00f5es laboratoriais adequadas<\/li>\n<\/ul>\n<h3>Notas<\/h3>\n<ul>\n<li>Fabricado em <strong>Compat\u00edvel com GMP<\/strong> instala\u00e7\u00f5es<\/li>\n<li>HPLC\/COA dispon\u00edveis mediante pedido<\/li>\n<li>Apenas para investiga\u00e7\u00e3o laboratorial. Os produtos n\u00e3o est\u00e3o rotulados para uso m\u00e9dico.<\/li>\n<\/ul>","protected":false},"excerpt":{"rendered":"<p><strong>Nome:<\/strong> 99% Purity Ipamorelin p\u00e9ptido<br \/>\n<strong>Fun\u00e7\u00e3o:<\/strong> Investiga\u00e7\u00e3o do secretagogo da hormona do crescimento (GH); anti-envelhecimento; apoio ao sono e \u00e0 recupera\u00e7\u00e3o<br \/>\n<strong>Especifica\u00e7\u00e3o:<\/strong> 2 mg &amp; 5 mg &amp; 10 mg por vial; 10 vials\/kit<br \/>\n<strong>CAS:<\/strong> 170851-70-4<br \/>\n<strong>Apar\u00eancia:<\/strong> White lyophilized powder<\/p>","protected":false},"featured_media":8947,"comment_status":"open","ping_status":"closed","template":"","meta":[],"product_cat":[59,40],"product_tag":[162,146,160,158],"class_list":{"0":"post-8951","1":"product","2":"type-product","3":"status-publish","4":"has-post-thumbnail","6":"product_brand-dp-hghpeptides","7":"product_brand-hgh-peptides-lab","8":"product_cat-nootropic-peptides-anti-aging","9":"product_cat-peptides-for-muscle-growth","10":"product_tag-anti-aging-longevity-peptides","11":"product_tag-ipamorelin","12":"product_tag-muscle-growth-performance-peptides","13":"product_tag-recovery-tissue-repair-peptides","15":"first","16":"instock","17":"shipping-taxable","18":"purchasable","19":"product-type-variable","20":"has-default-attributes"},"yoast_head":"<!-- This site is optimized with the Yoast SEO Premium plugin v27.6 (Yoast SEO v27.6) - https:\/\/yoast.com\/product\/yoast-seo-premium-wordpress\/ -->\n<title>Ipamorelin Peptide for GH Release | HGH Peptides Lab \u2013 Premium Quality<\/title>\n<meta name=\"description\" content=\"Buy Ipamorelin from a China-based GMP lab\u201499% purity, HPLC\/COA available. Factory-direct selling and fast worldwide shipping for sleep, appetite and recovery.\" \/>\n<meta name=\"robots\" content=\"index, follow, max-snippet:-1, max-image-preview:large, max-video-preview:-1\" \/>\n<link rel=\"canonical\" href=\"https:\/\/hghpeptideslab.com\/pt_pt\/product\/ipamorelin\/\" \/>\n<meta property=\"og:locale\" content=\"pt_PT\" \/>\n<meta property=\"og:type\" content=\"article\" \/>\n<meta property=\"og:title\" content=\"Ipamorelin Peptide\" \/>\n<meta property=\"og:description\" content=\"Buy Ipamorelin from a China-based GMP lab\u201499% purity, HPLC\/COA available. Factory-direct selling and fast worldwide shipping for sleep, appetite and recovery.\" \/>\n<meta property=\"og:url\" content=\"https:\/\/hghpeptideslab.com\/pt_pt\/product\/ipamorelin\/\" \/>\n<meta property=\"og:site_name\" content=\"HGH Peptides Lab\" \/>\n<meta property=\"article:modified_time\" content=\"2025-10-22T19:39:35+00:00\" \/>\n<meta property=\"og:image\" content=\"https:\/\/hghpeptideslab.com\/wp-content\/uploads\/2025\/08\/ipamorelin5mg.jpg\" \/>\n\t<meta property=\"og:image:width\" content=\"800\" \/>\n\t<meta property=\"og:image:height\" content=\"800\" \/>\n\t<meta property=\"og:image:type\" content=\"image\/jpeg\" \/>\n<meta name=\"twitter:card\" content=\"summary_large_image\" \/>\n<meta name=\"twitter:label1\" content=\"Tempo estimado de leitura\" \/>\n\t<meta name=\"twitter:data1\" content=\"2 minutos\" \/>\n<script type=\"application\/ld+json\" class=\"yoast-schema-graph\">{\"@context\":\"https:\\\/\\\/schema.org\",\"@graph\":[{\"@type\":\"WebPage\",\"@id\":\"https:\\\/\\\/hghpeptideslab.com\\\/product\\\/ipamorelin\\\/\",\"url\":\"https:\\\/\\\/hghpeptideslab.com\\\/product\\\/ipamorelin\\\/\",\"name\":\"Ipamorelin Peptide for GH Release | HGH Peptides Lab \u2013 Premium Quality\",\"isPartOf\":{\"@id\":\"https:\\\/\\\/hghpeptideslab.com\\\/#website\"},\"primaryImageOfPage\":{\"@id\":\"https:\\\/\\\/hghpeptideslab.com\\\/product\\\/ipamorelin\\\/#primaryimage\"},\"image\":{\"@id\":\"https:\\\/\\\/hghpeptideslab.com\\\/product\\\/ipamorelin\\\/#primaryimage\"},\"thumbnailUrl\":\"https:\\\/\\\/hghpeptideslab.com\\\/wp-content\\\/uploads\\\/2025\\\/08\\\/ipamorelin5mg.jpg\",\"datePublished\":\"2025-08-15T19:13:06+00:00\",\"dateModified\":\"2025-10-22T19:39:35+00:00\",\"description\":\"Buy Ipamorelin from a China-based GMP lab\u201499% purity, HPLC\\\/COA available. Factory-direct selling and fast worldwide shipping for sleep, appetite and recovery.\",\"breadcrumb\":{\"@id\":\"https:\\\/\\\/hghpeptideslab.com\\\/product\\\/ipamorelin\\\/#breadcrumb\"},\"inLanguage\":\"pt-PT\",\"potentialAction\":[{\"@type\":\"ReadAction\",\"target\":[\"https:\\\/\\\/hghpeptideslab.com\\\/product\\\/ipamorelin\\\/\"]}],\"copyrightNotice\":\"\u00a9 2010\u20132026 HGH Peptides Lab. All Rights Reserved.\"},{\"@type\":\"ImageObject\",\"inLanguage\":\"pt-PT\",\"@id\":\"https:\\\/\\\/hghpeptideslab.com\\\/product\\\/ipamorelin\\\/#primaryimage\",\"url\":\"https:\\\/\\\/hghpeptideslab.com\\\/wp-content\\\/uploads\\\/2025\\\/08\\\/ipamorelin5mg.jpg\",\"contentUrl\":\"https:\\\/\\\/hghpeptideslab.com\\\/wp-content\\\/uploads\\\/2025\\\/08\\\/ipamorelin5mg.jpg\",\"width\":800,\"height\":800,\"caption\":\"Ipamorelin 5mg per vial \u2013 10 vials\\\/kit\"},{\"@type\":\"BreadcrumbList\",\"@id\":\"https:\\\/\\\/hghpeptideslab.com\\\/product\\\/ipamorelin\\\/#breadcrumb\",\"itemListElement\":[{\"@type\":\"ListItem\",\"position\":1,\"name\":\"Home\",\"item\":\"https:\\\/\\\/hghpeptideslab.com\\\/\"},{\"@type\":\"ListItem\",\"position\":2,\"name\":\"Shop\",\"item\":\"https:\\\/\\\/hghpeptideslab.com\\\/shop\\\/\"},{\"@type\":\"ListItem\",\"position\":3,\"name\":\"Ipamorelin Peptide\"}]},{\"@type\":\"WebSite\",\"@id\":\"https:\\\/\\\/hghpeptideslab.com\\\/#website\",\"url\":\"https:\\\/\\\/hghpeptideslab.com\\\/\",\"name\":\"HGH Peptides Lab\",\"description\":\"Premium Peptides &amp; HGH Shop\",\"publisher\":{\"@id\":\"https:\\\/\\\/hghpeptideslab.com\\\/#organization\"},\"potentialAction\":[{\"@type\":\"SearchAction\",\"target\":{\"@type\":\"EntryPoint\",\"urlTemplate\":\"https:\\\/\\\/hghpeptideslab.com\\\/?s={search_term_string}\"},\"query-input\":{\"@type\":\"PropertyValueSpecification\",\"valueRequired\":true,\"valueName\":\"search_term_string\"}}],\"inLanguage\":\"pt-PT\"},{\"@type\":\"Organization\",\"@id\":\"https:\\\/\\\/hghpeptideslab.com\\\/#organization\",\"name\":\"HGH Peptides Lab\",\"url\":\"https:\\\/\\\/hghpeptideslab.com\\\/pt_pt\\\/\",\"logo\":{\"@type\":\"ImageObject\",\"url\":\"https:\\\/\\\/hghpeptideslab.com\\\/wp-content\\\/uploads\\\/2025\\\/07\\\/HGHPEPTIDESLAB-Logo.png\"},\"image\":{\"@id\":\"https:\\\/\\\/hghpeptideslab.com\\\/#\\\/schema\\\/logo\\\/image\\\/\"},\"foundingDate\":\"2010\",\"contactPoint\":[{\"@type\":\"ContactPoint\",\"contactType\":\"customer support\",\"telephone\":\"+85247559641\",\"email\":\"CYGGL2025@gmail.com\",\"availableLanguage\":[\"en\"]}]}]}<\/script>\n<!-- \/ Yoast SEO Premium plugin. -->","yoast_head_json":{"title":"Ipamorelin Peptide para a vers\u00e3o GH | HGH Peptides Lab - Premium Qualidade","description":"Comprar Ipamorelin a um laborat\u00f3rio de GMP com sede na China - 99% purity, HPLC\/COA dispon\u00edvel. Venda direta da f\u00e1brica e envio r\u00e1pido para todo o mundo para o sono, o apetite e a recupera\u00e7\u00e3o.","robots":{"index":"index","follow":"follow","max-snippet":"max-snippet:-1","max-image-preview":"max-image-preview:large","max-video-preview":"max-video-preview:-1"},"canonical":"https:\/\/hghpeptideslab.com\/pt_pt\/product\/ipamorelin\/","og_locale":"pt_PT","og_type":"article","og_title":"Ipamorelin Peptide","og_description":"Buy Ipamorelin from a China-based GMP lab\u201499% purity, HPLC\/COA available. Factory-direct selling and fast worldwide shipping for sleep, appetite and recovery.","og_url":"https:\/\/hghpeptideslab.com\/pt_pt\/product\/ipamorelin\/","og_site_name":"HGH Peptides Lab","article_modified_time":"2025-10-22T19:39:35+00:00","og_image":[{"width":800,"height":800,"url":"https:\/\/hghpeptideslab.com\/wp-content\/uploads\/2025\/08\/ipamorelin5mg.jpg","type":"image\/jpeg"}],"twitter_card":"summary_large_image","twitter_misc":{"Tempo estimado de leitura":"2 minutos"},"schema":{"@context":"https:\/\/schema.org","@graph":[{"@type":"WebPage","@id":"https:\/\/hghpeptideslab.com\/product\/ipamorelin\/","url":"https:\/\/hghpeptideslab.com\/product\/ipamorelin\/","name":"Ipamorelin Peptide para a vers\u00e3o GH | HGH Peptides Lab - Premium Qualidade","isPartOf":{"@id":"https:\/\/hghpeptideslab.com\/#website"},"primaryImageOfPage":{"@id":"https:\/\/hghpeptideslab.com\/product\/ipamorelin\/#primaryimage"},"image":{"@id":"https:\/\/hghpeptideslab.com\/product\/ipamorelin\/#primaryimage"},"thumbnailUrl":"https:\/\/hghpeptideslab.com\/wp-content\/uploads\/2025\/08\/ipamorelin5mg.jpg","datePublished":"2025-08-15T19:13:06+00:00","dateModified":"2025-10-22T19:39:35+00:00","description":"Comprar Ipamorelin a um laborat\u00f3rio de GMP com sede na China - 99% purity, HPLC\/COA dispon\u00edvel. Venda direta da f\u00e1brica e envio r\u00e1pido para todo o mundo para o sono, o apetite e a recupera\u00e7\u00e3o.","breadcrumb":{"@id":"https:\/\/hghpeptideslab.com\/product\/ipamorelin\/#breadcrumb"},"inLanguage":"pt-PT","potentialAction":[{"@type":"ReadAction","target":["https:\/\/hghpeptideslab.com\/product\/ipamorelin\/"]}],"copyrightNotice":"\u00a9 2010\u20132026 HGH Peptides Lab. All Rights Reserved."},{"@type":"ImageObject","inLanguage":"pt-PT","@id":"https:\/\/hghpeptideslab.com\/product\/ipamorelin\/#primaryimage","url":"https:\/\/hghpeptideslab.com\/wp-content\/uploads\/2025\/08\/ipamorelin5mg.jpg","contentUrl":"https:\/\/hghpeptideslab.com\/wp-content\/uploads\/2025\/08\/ipamorelin5mg.jpg","width":800,"height":800,"caption":"Ipamorelin 5mg per vial \u2013 10 vials\/kit"},{"@type":"BreadcrumbList","@id":"https:\/\/hghpeptideslab.com\/product\/ipamorelin\/#breadcrumb","itemListElement":[{"@type":"ListItem","position":1,"name":"Home","item":"https:\/\/hghpeptideslab.com\/"},{"@type":"ListItem","position":2,"name":"Shop","item":"https:\/\/hghpeptideslab.com\/shop\/"},{"@type":"ListItem","position":3,"name":"Ipamorelin Peptide"}]},{"@type":"WebSite","@id":"https:\/\/hghpeptideslab.com\/#website","url":"https:\/\/hghpeptideslab.com\/","name":"HGH Peptides Lab","description":"Premium Peptides &amp; HGH Loja","publisher":{"@id":"https:\/\/hghpeptideslab.com\/#organization"},"potentialAction":[{"@type":"SearchAction","target":{"@type":"EntryPoint","urlTemplate":"https:\/\/hghpeptideslab.com\/?s={search_term_string}"},"query-input":{"@type":"PropertyValueSpecification","valueRequired":true,"valueName":"search_term_string"}}],"inLanguage":"pt-PT"},{"@type":"Organization","@id":"https:\/\/hghpeptideslab.com\/#organization","name":"HGH Peptides Lab","url":"https:\/\/hghpeptideslab.com\/pt_pt\/","logo":{"@type":"ImageObject","url":"https:\/\/hghpeptideslab.com\/wp-content\/uploads\/2025\/07\/HGHPEPTIDESLAB-Logo.png"},"image":{"@id":"https:\/\/hghpeptideslab.com\/#\/schema\/logo\/image\/"},"foundingDate":"2010","contactPoint":[{"@type":"ContactPoint","contactType":"customer support","telephone":"+85247559641","email":"CYGGL2025@gmail.com","availableLanguage":["en"]}]}]}},"_links":{"self":[{"href":"https:\/\/hghpeptideslab.com\/pt_pt\/wp-json\/wp\/v2\/product\/8951","targetHints":{"allow":["GET"]}}],"collection":[{"href":"https:\/\/hghpeptideslab.com\/pt_pt\/wp-json\/wp\/v2\/product"}],"about":[{"href":"https:\/\/hghpeptideslab.com\/pt_pt\/wp-json\/wp\/v2\/types\/product"}],"replies":[{"embeddable":true,"href":"https:\/\/hghpeptideslab.com\/pt_pt\/wp-json\/wp\/v2\/comments?post=8951"}],"wp:featuredmedia":[{"embeddable":true,"href":"https:\/\/hghpeptideslab.com\/pt_pt\/wp-json\/wp\/v2\/media\/8947"}],"wp:attachment":[{"href":"https:\/\/hghpeptideslab.com\/pt_pt\/wp-json\/wp\/v2\/media?parent=8951"}],"wp:term":[{"taxonomy":"product_cat","embeddable":true,"href":"https:\/\/hghpeptideslab.com\/pt_pt\/wp-json\/wp\/v2\/product_cat?post=8951"},{"taxonomy":"product_tag","embeddable":true,"href":"https:\/\/hghpeptideslab.com\/pt_pt\/wp-json\/wp\/v2\/product_tag?post=8951"}],"curies":[{"name":"wp","href":"https:\/\/api.w.org\/{rel}","templated":true}]}}