{"id":9046,"date":"2025-08-16T18:05:46","date_gmt":"2025-08-16T18:05:46","guid":{"rendered":"https:\/\/hghpeptideslab.com\/?post_type=product&#038;p=9046"},"modified":"2025-10-23T00:56:33","modified_gmt":"2025-10-23T00:56:33","slug":"sermorelin","status":"publish","type":"product","link":"https:\/\/hghpeptideslab.com\/pt_pt\/product\/sermorelin\/","title":{"rendered":"Sermorelin Peptide"},"content":{"rendered":"<h3>Vis\u00e3o geral<\/h3>\n<p>O Sermorelin (GHRH 1-29) \u00e9 um an\u00e1logo da hormona libertadora da hormona do crescimento, amplamente designado<br \/>\nna investiga\u00e7\u00e3o sobre a estimula\u00e7\u00e3o da pituit\u00e1ria GH, a arquitetura do sono e as vias anti-envelhecimento.<br \/>\nO nosso material \u00e9 <strong>GMP-fabricado<\/strong> p\u00e9ptido de qualidade farmac\u00eautica com<br \/>\n<strong>99%+ pureza<\/strong>. HPLC\/COA est\u00e1 dispon\u00edvel mediante pedido.<\/p>\n<h3>Carater\u00edsticas principais<\/h3>\n<ul>\n<li>Pontos fortes: <strong>5 mg<\/strong> &amp; <strong>10 mg<\/strong> por vial<\/li>\n<li>Tamanho Kit: <strong>10 vials\/kit<\/strong><\/li>\n<li>White lyophilized powder para protocolos de investiga\u00e7\u00e3o flex\u00edveis<\/li>\n<li>Documenta\u00e7\u00e3o: Cromatograma HPLC \/ COA dispon\u00edvel a pedido<\/li>\n<\/ul>\n<h3>Focos de investiga\u00e7\u00e3o t\u00edpicos<\/h3>\n<ul>\n<li>Modelos de liberta\u00e7\u00e3o de GH na hip\u00f3fise e modula\u00e7\u00e3o end\u00f3crina (eixo GHRH\/GH)<\/li>\n<li>Estudos anti-envelhecimento e de bem-estar; vitalidade, composi\u00e7\u00e3o corporal e recupera\u00e7\u00e3o<\/li>\n<li>Qualidade do sono e ensaios relacionados com a arquitetura do sono<\/li>\n<li>Modelos de investiga\u00e7\u00e3o da massa magra \/ desempenho metab\u00f3lico<\/li>\n<li>Protocolos de combina\u00e7\u00e3o com s\u00e9ries GHRP\/GHS em estudos controlados<\/li>\n<\/ul>\n<h3>Armazenamento e estabilidade<\/h3>\n<ul>\n<li>Armazenar selado a <strong>2-8 \u00b0C<\/strong>, protegido da luz e da humidade<\/li>\n<li>Utilizar prontamente as solu\u00e7\u00f5es reconstitu\u00eddas em condi\u00e7\u00f5es laboratoriais adequadas<\/li>\n<\/ul>\n<h3>Notas<\/h3>\n<ul>\n<li>Fabricado em <strong>Compat\u00edvel com GMP<\/strong> instala\u00e7\u00f5es<\/li>\n<li>HPLC\/COA dispon\u00edveis mediante pedido<\/li>\n<li>Apenas para investiga\u00e7\u00e3o laboratorial. Os produtos n\u00e3o est\u00e3o rotulados para uso m\u00e9dico.<\/li>\n<\/ul>","protected":false},"excerpt":{"rendered":"<p><strong>Nome:<\/strong> P\u00f3 do p\u00e9ptido 99% Purity Sermorelin<br \/>\n<strong>Fun\u00e7\u00e3o:<\/strong> Eixo GH e investiga\u00e7\u00e3o end\u00f3crina; anti-envelhecimento, apoio ao sono e ao bem-estar<br \/>\n<strong>Especifica\u00e7\u00e3o:<\/strong> 5 mg &amp; 10 mg por vial; 10 vials\/kit<br \/>\n<strong>CAS:<\/strong> 86168-78-7<br \/>\n<strong>Apar\u00eancia:<\/strong> White lyophilized powder<\/p>","protected":false},"featured_media":9043,"comment_status":"open","ping_status":"closed","template":"","meta":[],"product_cat":[59],"product_tag":[162,160,156],"class_list":{"0":"post-9046","1":"product","2":"type-product","3":"status-publish","4":"has-post-thumbnail","6":"product_brand-dp-hghpeptides","7":"product_brand-hgh-peptides-lab","8":"product_cat-nootropic-peptides-anti-aging","9":"product_tag-anti-aging-longevity-peptides","10":"product_tag-muscle-growth-performance-peptides","11":"product_tag-sermorelin","13":"first","14":"instock","15":"shipping-taxable","16":"purchasable","17":"product-type-variable","18":"has-default-attributes"},"yoast_head":"<!-- This site is optimized with the Yoast SEO Premium plugin v27.5 (Yoast SEO v27.5) - https:\/\/yoast.com\/product\/yoast-seo-premium-wordpress\/ -->\n<title>Sermorelin Peptide (GHRH) | HGH Peptides Lab \u2013 HPLC\/COA Verified<\/title>\n<meta name=\"description\" content=\"Buy Sermorelin from a China-based GMP lab. 99% purity with HPLC\/COA. Factory-direct selling and fast worldwide shipping for GH support, sleep and recovery.\" \/>\n<meta name=\"robots\" content=\"index, follow, max-snippet:-1, max-image-preview:large, max-video-preview:-1\" \/>\n<link rel=\"canonical\" href=\"https:\/\/hghpeptideslab.com\/pt_pt\/product\/sermorelin\/\" \/>\n<meta property=\"og:locale\" content=\"pt_PT\" \/>\n<meta property=\"og:type\" content=\"article\" \/>\n<meta property=\"og:title\" content=\"Sermorelin Peptide\" \/>\n<meta property=\"og:description\" content=\"Buy Sermorelin from a China-based GMP lab. 99% purity with HPLC\/COA. Factory-direct selling and fast worldwide shipping for GH support, sleep and recovery.\" \/>\n<meta property=\"og:url\" content=\"https:\/\/hghpeptideslab.com\/pt_pt\/product\/sermorelin\/\" \/>\n<meta property=\"og:site_name\" content=\"HGH Peptides Lab\" \/>\n<meta property=\"article:modified_time\" content=\"2025-10-23T00:56:33+00:00\" \/>\n<meta property=\"og:image\" content=\"https:\/\/hghpeptideslab.com\/wp-content\/uploads\/2025\/08\/sermorelin5mg.jpg\" \/>\n\t<meta property=\"og:image:width\" content=\"800\" \/>\n\t<meta property=\"og:image:height\" content=\"800\" \/>\n\t<meta property=\"og:image:type\" content=\"image\/jpeg\" \/>\n<meta name=\"twitter:card\" content=\"summary_large_image\" \/>\n<meta name=\"twitter:label1\" content=\"Tempo estimado de leitura\" \/>\n\t<meta name=\"twitter:data1\" content=\"1 minuto\" \/>\n<script type=\"application\/ld+json\" class=\"yoast-schema-graph\">{\"@context\":\"https:\\\/\\\/schema.org\",\"@graph\":[{\"@type\":\"WebPage\",\"@id\":\"https:\\\/\\\/hghpeptideslab.com\\\/product\\\/sermorelin\\\/\",\"url\":\"https:\\\/\\\/hghpeptideslab.com\\\/product\\\/sermorelin\\\/\",\"name\":\"Sermorelin Peptide (GHRH) | HGH Peptides Lab \u2013 HPLC\\\/COA Verified\",\"isPartOf\":{\"@id\":\"https:\\\/\\\/hghpeptideslab.com\\\/#website\"},\"primaryImageOfPage\":{\"@id\":\"https:\\\/\\\/hghpeptideslab.com\\\/product\\\/sermorelin\\\/#primaryimage\"},\"image\":{\"@id\":\"https:\\\/\\\/hghpeptideslab.com\\\/product\\\/sermorelin\\\/#primaryimage\"},\"thumbnailUrl\":\"https:\\\/\\\/hghpeptideslab.com\\\/wp-content\\\/uploads\\\/2025\\\/08\\\/sermorelin5mg.jpg\",\"datePublished\":\"2025-08-16T18:05:46+00:00\",\"dateModified\":\"2025-10-23T00:56:33+00:00\",\"description\":\"Buy Sermorelin from a China-based GMP lab. 99% purity with HPLC\\\/COA. Factory-direct selling and fast worldwide shipping for GH support, sleep and recovery.\",\"breadcrumb\":{\"@id\":\"https:\\\/\\\/hghpeptideslab.com\\\/product\\\/sermorelin\\\/#breadcrumb\"},\"inLanguage\":\"pt-PT\",\"potentialAction\":[{\"@type\":\"ReadAction\",\"target\":[\"https:\\\/\\\/hghpeptideslab.com\\\/product\\\/sermorelin\\\/\"]}],\"copyrightNotice\":\"\u00a9 2010\u20132026 HGH Peptides Lab. All Rights Reserved.\"},{\"@type\":\"ImageObject\",\"inLanguage\":\"pt-PT\",\"@id\":\"https:\\\/\\\/hghpeptideslab.com\\\/product\\\/sermorelin\\\/#primaryimage\",\"url\":\"https:\\\/\\\/hghpeptideslab.com\\\/wp-content\\\/uploads\\\/2025\\\/08\\\/sermorelin5mg.jpg\",\"contentUrl\":\"https:\\\/\\\/hghpeptideslab.com\\\/wp-content\\\/uploads\\\/2025\\\/08\\\/sermorelin5mg.jpg\",\"width\":800,\"height\":800,\"caption\":\"5 mg vial, 99%+ purity, HPLC\\\/COA on request\"},{\"@type\":\"BreadcrumbList\",\"@id\":\"https:\\\/\\\/hghpeptideslab.com\\\/product\\\/sermorelin\\\/#breadcrumb\",\"itemListElement\":[{\"@type\":\"ListItem\",\"position\":1,\"name\":\"Home\",\"item\":\"https:\\\/\\\/hghpeptideslab.com\\\/\"},{\"@type\":\"ListItem\",\"position\":2,\"name\":\"Shop\",\"item\":\"https:\\\/\\\/hghpeptideslab.com\\\/shop\\\/\"},{\"@type\":\"ListItem\",\"position\":3,\"name\":\"Sermorelin Peptide\"}]},{\"@type\":\"WebSite\",\"@id\":\"https:\\\/\\\/hghpeptideslab.com\\\/#website\",\"url\":\"https:\\\/\\\/hghpeptideslab.com\\\/\",\"name\":\"HGH Peptides Lab\",\"description\":\"Premium Peptides &amp; HGH Shop\",\"publisher\":{\"@id\":\"https:\\\/\\\/hghpeptideslab.com\\\/#organization\"},\"potentialAction\":[{\"@type\":\"SearchAction\",\"target\":{\"@type\":\"EntryPoint\",\"urlTemplate\":\"https:\\\/\\\/hghpeptideslab.com\\\/?s={search_term_string}\"},\"query-input\":{\"@type\":\"PropertyValueSpecification\",\"valueRequired\":true,\"valueName\":\"search_term_string\"}}],\"inLanguage\":\"pt-PT\"},{\"@type\":\"Organization\",\"@id\":\"https:\\\/\\\/hghpeptideslab.com\\\/#organization\",\"name\":\"HGH Peptides Lab\",\"url\":\"https:\\\/\\\/hghpeptideslab.com\\\/pt_pt\\\/\",\"logo\":{\"@type\":\"ImageObject\",\"url\":\"https:\\\/\\\/hghpeptideslab.com\\\/wp-content\\\/uploads\\\/2025\\\/07\\\/HGHPEPTIDESLAB-Logo.png\"},\"image\":{\"@id\":\"https:\\\/\\\/hghpeptideslab.com\\\/#\\\/schema\\\/logo\\\/image\\\/\"},\"foundingDate\":\"2010\",\"contactPoint\":[{\"@type\":\"ContactPoint\",\"contactType\":\"customer support\",\"telephone\":\"+85247559641\",\"email\":\"CYGGL2025@gmail.com\",\"availableLanguage\":[\"en\"]}]}]}<\/script>\n<!-- \/ Yoast SEO Premium plugin. -->","yoast_head_json":{"title":"Sermorelin Peptide (GHRH) | HGH Peptides Lab - HPLC\/COA Verificado","description":"Comprar Sermorelin a um laborat\u00f3rio GMP sediado na China. 99% purity com HPLC\/COA. Venda direta da f\u00e1brica e envio r\u00e1pido para todo o mundo para apoio ao GH, sono e recupera\u00e7\u00e3o.","robots":{"index":"index","follow":"follow","max-snippet":"max-snippet:-1","max-image-preview":"max-image-preview:large","max-video-preview":"max-video-preview:-1"},"canonical":"https:\/\/hghpeptideslab.com\/pt_pt\/product\/sermorelin\/","og_locale":"pt_PT","og_type":"article","og_title":"Sermorelin Peptide","og_description":"Buy Sermorelin from a China-based GMP lab. 99% purity with HPLC\/COA. Factory-direct selling and fast worldwide shipping for GH support, sleep and recovery.","og_url":"https:\/\/hghpeptideslab.com\/pt_pt\/product\/sermorelin\/","og_site_name":"HGH Peptides Lab","article_modified_time":"2025-10-23T00:56:33+00:00","og_image":[{"width":800,"height":800,"url":"https:\/\/hghpeptideslab.com\/wp-content\/uploads\/2025\/08\/sermorelin5mg.jpg","type":"image\/jpeg"}],"twitter_card":"summary_large_image","twitter_misc":{"Tempo estimado de leitura":"1 minuto"},"schema":{"@context":"https:\/\/schema.org","@graph":[{"@type":"WebPage","@id":"https:\/\/hghpeptideslab.com\/product\/sermorelin\/","url":"https:\/\/hghpeptideslab.com\/product\/sermorelin\/","name":"Sermorelin Peptide (GHRH) | HGH Peptides Lab - HPLC\/COA Verificado","isPartOf":{"@id":"https:\/\/hghpeptideslab.com\/#website"},"primaryImageOfPage":{"@id":"https:\/\/hghpeptideslab.com\/product\/sermorelin\/#primaryimage"},"image":{"@id":"https:\/\/hghpeptideslab.com\/product\/sermorelin\/#primaryimage"},"thumbnailUrl":"https:\/\/hghpeptideslab.com\/wp-content\/uploads\/2025\/08\/sermorelin5mg.jpg","datePublished":"2025-08-16T18:05:46+00:00","dateModified":"2025-10-23T00:56:33+00:00","description":"Comprar Sermorelin a um laborat\u00f3rio GMP sediado na China. 99% purity com HPLC\/COA. Venda direta da f\u00e1brica e envio r\u00e1pido para todo o mundo para apoio ao GH, sono e recupera\u00e7\u00e3o.","breadcrumb":{"@id":"https:\/\/hghpeptideslab.com\/product\/sermorelin\/#breadcrumb"},"inLanguage":"pt-PT","potentialAction":[{"@type":"ReadAction","target":["https:\/\/hghpeptideslab.com\/product\/sermorelin\/"]}],"copyrightNotice":"\u00a9 2010\u20132026 HGH Peptides Lab. All Rights Reserved."},{"@type":"ImageObject","inLanguage":"pt-PT","@id":"https:\/\/hghpeptideslab.com\/product\/sermorelin\/#primaryimage","url":"https:\/\/hghpeptideslab.com\/wp-content\/uploads\/2025\/08\/sermorelin5mg.jpg","contentUrl":"https:\/\/hghpeptideslab.com\/wp-content\/uploads\/2025\/08\/sermorelin5mg.jpg","width":800,"height":800,"caption":"5 mg vial, 99%+ purity, HPLC\/COA on request"},{"@type":"BreadcrumbList","@id":"https:\/\/hghpeptideslab.com\/product\/sermorelin\/#breadcrumb","itemListElement":[{"@type":"ListItem","position":1,"name":"Home","item":"https:\/\/hghpeptideslab.com\/"},{"@type":"ListItem","position":2,"name":"Shop","item":"https:\/\/hghpeptideslab.com\/shop\/"},{"@type":"ListItem","position":3,"name":"Sermorelin Peptide"}]},{"@type":"WebSite","@id":"https:\/\/hghpeptideslab.com\/#website","url":"https:\/\/hghpeptideslab.com\/","name":"HGH Peptides Lab","description":"Premium Peptides &amp; HGH Loja","publisher":{"@id":"https:\/\/hghpeptideslab.com\/#organization"},"potentialAction":[{"@type":"SearchAction","target":{"@type":"EntryPoint","urlTemplate":"https:\/\/hghpeptideslab.com\/?s={search_term_string}"},"query-input":{"@type":"PropertyValueSpecification","valueRequired":true,"valueName":"search_term_string"}}],"inLanguage":"pt-PT"},{"@type":"Organization","@id":"https:\/\/hghpeptideslab.com\/#organization","name":"HGH Peptides Lab","url":"https:\/\/hghpeptideslab.com\/pt_pt\/","logo":{"@type":"ImageObject","url":"https:\/\/hghpeptideslab.com\/wp-content\/uploads\/2025\/07\/HGHPEPTIDESLAB-Logo.png"},"image":{"@id":"https:\/\/hghpeptideslab.com\/#\/schema\/logo\/image\/"},"foundingDate":"2010","contactPoint":[{"@type":"ContactPoint","contactType":"customer support","telephone":"+85247559641","email":"CYGGL2025@gmail.com","availableLanguage":["en"]}]}]}},"_links":{"self":[{"href":"https:\/\/hghpeptideslab.com\/pt_pt\/wp-json\/wp\/v2\/product\/9046","targetHints":{"allow":["GET"]}}],"collection":[{"href":"https:\/\/hghpeptideslab.com\/pt_pt\/wp-json\/wp\/v2\/product"}],"about":[{"href":"https:\/\/hghpeptideslab.com\/pt_pt\/wp-json\/wp\/v2\/types\/product"}],"replies":[{"embeddable":true,"href":"https:\/\/hghpeptideslab.com\/pt_pt\/wp-json\/wp\/v2\/comments?post=9046"}],"wp:featuredmedia":[{"embeddable":true,"href":"https:\/\/hghpeptideslab.com\/pt_pt\/wp-json\/wp\/v2\/media\/9043"}],"wp:attachment":[{"href":"https:\/\/hghpeptideslab.com\/pt_pt\/wp-json\/wp\/v2\/media?parent=9046"}],"wp:term":[{"taxonomy":"product_cat","embeddable":true,"href":"https:\/\/hghpeptideslab.com\/pt_pt\/wp-json\/wp\/v2\/product_cat?post=9046"},{"taxonomy":"product_tag","embeddable":true,"href":"https:\/\/hghpeptideslab.com\/pt_pt\/wp-json\/wp\/v2\/product_tag?post=9046"}],"curies":[{"name":"wp","href":"https:\/\/api.w.org\/{rel}","templated":true}]}}