{"id":9148,"date":"2025-08-17T21:11:08","date_gmt":"2025-08-17T21:11:08","guid":{"rendered":"https:\/\/hghpeptideslab.com\/?post_type=product&#038;p=9148"},"modified":"2025-10-21T22:18:51","modified_gmt":"2025-10-21T22:18:51","slug":"ghk-cu","status":"publish","type":"product","link":"https:\/\/hghpeptideslab.com\/pt_pt\/product\/ghk-cu\/","title":{"rendered":"GHK-Cu Peptide"},"content":{"rendered":"<h3>Vis\u00e3o geral<\/h3>\n<p>O GHK-Cu (Copper Tripeptide-1) \u00e9 um tripept\u00eddeo de liga\u00e7\u00e3o ao cobre (Gly-His-Lys) cosmeticamente popular, amplamente referenciado na investiga\u00e7\u00e3o sobre rejuvenescimento da pele, s\u00edntese de colag\u00e9nio, modelos de tratamento de feridas e biologia dos fol\u00edculos capilares. O nosso material \u00e9 <strong>GMP-fabricado<\/strong> p\u00e9ptido de qualidade farmac\u00eautica com <strong>99%+ pureza<\/strong>. <strong>HPLC\/COA<\/strong> est\u00e1 dispon\u00edvel mediante pedido.<\/p>\n<h3>Carater\u00edsticas principais<\/h3>\n<ul>\n<li>Pontos fortes: <strong>50 mg<\/strong>, <strong>100 mg<\/strong> por vial<\/li>\n<li>Tamanho Kit:  <strong>10 vials\/kit<\/strong><\/li>\n<li>Copper Blue lyophilized powder para protocolos de investiga\u00e7\u00e3o cosm\u00e9tica flex\u00edveis<\/li>\n<li>Documenta\u00e7\u00e3o: Cromatograma HPLC \/ COA a pedido<\/li>\n<\/ul>\n<h3>Focos de investiga\u00e7\u00e3o t\u00edpicos<\/h3>\n<ul>\n<li>Suporte da barreira cut\u00e2nea e da matriz d\u00e9rmica; estudos do colag\u00e9nio e dos glicosaminoglicanos<\/li>\n<li>Modelos de investiga\u00e7\u00e3o sobre o ciclo dos fol\u00edculos capilares e os cuidados com o couro cabeludo<\/li>\n<li>Cuidados com a apar\u00eancia p\u00f3s-procedimento; vias antioxidantes\/anti-inflamat\u00f3rias<\/li>\n<li>Entrega t\u00f3pica\/estudos cut\u00e2neos ex vivo (compara\u00e7\u00f5es ve\u00edculo\/penetra\u00e7\u00e3o)<\/li>\n<\/ul>\n<h3>Armazenamento e estabilidade<\/h3>\n<ul>\n<li>Armazenar selado a <strong>2-8 \u00b0C<\/strong>Proteger da luz e da humidade<\/li>\n<li>Utilizar prontamente as solu\u00e7\u00f5es reconstitu\u00eddas em condi\u00e7\u00f5es laboratoriais adequadas<\/li>\n<\/ul>\n<h3>Notas<\/h3>\n<ul>\n<li>Fabricado em <strong>Compat\u00edvel com GMP<\/strong> instala\u00e7\u00f5es; controlo de processos de n\u00edvel farmac\u00eautico<\/li>\n<li><strong>CAS:<\/strong> 89030-95-5; <strong>HPLC\/COA<\/strong> dispon\u00edvel mediante pedido<\/li>\n<li>Apenas para investiga\u00e7\u00e3o laboratorial. Os produtos n\u00e3o est\u00e3o rotulados para uso m\u00e9dico.<\/li>\n<\/ul>","protected":false},"excerpt":{"rendered":"<p><strong>Nome:<\/strong> 99% Purity GHK-Cu (Tripept\u00eddeo de cobre-1) p\u00f3 de p\u00e9ptido<br \/>\n<strong>Fun\u00e7\u00e3o:<\/strong> Investiga\u00e7\u00e3o do rejuvenescimento da pele e dos fol\u00edculos capilares; apoio ao colag\u00e9nio; estudos cosm\u00e9ticos anti-inflamat\u00f3rios<br \/>\n<strong>Especifica\u00e7\u00e3o:<\/strong> 50 mg &amp; 100 mg por vial; 10 vials\/kit<br \/>\n<strong>CAS:<\/strong> 89030-95-5<br \/>\n<strong>Apar\u00eancia:<\/strong> Copper Blue lyophilized powder<\/p>","protected":false},"featured_media":9144,"comment_status":"open","ping_status":"closed","template":"","meta":[],"product_cat":[56],"product_tag":[139,158,165],"class_list":{"0":"post-9148","1":"product","2":"type-product","3":"status-publish","4":"has-post-thumbnail","6":"product_brand-dp-hghpeptides","7":"product_brand-hgh-peptides-lab","8":"product_cat-cosmetic-peptides","9":"product_tag-ghk-cu","10":"product_tag-recovery-tissue-repair-peptides","11":"product_tag-skin-beauty-peptides","13":"first","14":"instock","15":"featured","16":"shipping-taxable","17":"purchasable","18":"product-type-variable","19":"has-default-attributes"},"yoast_head":"<!-- This site is optimized with the Yoast SEO Premium plugin v27.6 (Yoast SEO v27.6) - https:\/\/yoast.com\/product\/yoast-seo-premium-wordpress\/ -->\n<title>GHK-Cu Peptide 50mg | Factory-Direct China GMP Lab \u2013 99% Purity<\/title>\n<meta name=\"description\" content=\"Order GHK-Cu 50mg from a China-based GMP lab \u2014 99% purity with HPLC\/COA. Factory-direct selling and fast worldwide shipping for skin &amp; hair repair research.\" \/>\n<meta name=\"robots\" content=\"index, follow, max-snippet:-1, max-image-preview:large, max-video-preview:-1\" \/>\n<link rel=\"canonical\" href=\"https:\/\/hghpeptideslab.com\/pt_pt\/product\/ghk-cu\/\" \/>\n<meta property=\"og:locale\" content=\"pt_PT\" \/>\n<meta property=\"og:type\" content=\"article\" \/>\n<meta property=\"og:title\" content=\"GHK-Cu Peptide\" \/>\n<meta property=\"og:description\" content=\"Order GHK-Cu 50mg from a China-based GMP lab \u2014 99% purity with HPLC\/COA. Factory-direct selling and fast worldwide shipping for skin &amp; hair repair research.\" \/>\n<meta property=\"og:url\" content=\"https:\/\/hghpeptideslab.com\/pt_pt\/product\/ghk-cu\/\" \/>\n<meta property=\"og:site_name\" content=\"HGH Peptides Lab\" \/>\n<meta property=\"article:modified_time\" content=\"2025-10-21T22:18:51+00:00\" \/>\n<meta property=\"og:image\" content=\"https:\/\/hghpeptideslab.com\/wp-content\/uploads\/2025\/08\/ghkcu50mg.jpg\" \/>\n\t<meta property=\"og:image:width\" content=\"800\" \/>\n\t<meta property=\"og:image:height\" content=\"800\" \/>\n\t<meta property=\"og:image:type\" content=\"image\/jpeg\" \/>\n<meta name=\"twitter:card\" content=\"summary_large_image\" \/>\n<meta name=\"twitter:label1\" content=\"Tempo estimado de leitura\" \/>\n\t<meta name=\"twitter:data1\" content=\"1 minuto\" \/>\n<script type=\"application\/ld+json\" class=\"yoast-schema-graph\">{\"@context\":\"https:\\\/\\\/schema.org\",\"@graph\":[{\"@type\":\"WebPage\",\"@id\":\"https:\\\/\\\/hghpeptideslab.com\\\/product\\\/ghk-cu\\\/\",\"url\":\"https:\\\/\\\/hghpeptideslab.com\\\/product\\\/ghk-cu\\\/\",\"name\":\"GHK-Cu Peptide 50mg | Factory-Direct China GMP Lab \u2013 99% Purity\",\"isPartOf\":{\"@id\":\"https:\\\/\\\/hghpeptideslab.com\\\/#website\"},\"primaryImageOfPage\":{\"@id\":\"https:\\\/\\\/hghpeptideslab.com\\\/product\\\/ghk-cu\\\/#primaryimage\"},\"image\":{\"@id\":\"https:\\\/\\\/hghpeptideslab.com\\\/product\\\/ghk-cu\\\/#primaryimage\"},\"thumbnailUrl\":\"https:\\\/\\\/hghpeptideslab.com\\\/wp-content\\\/uploads\\\/2025\\\/08\\\/ghkcu50mg.jpg\",\"datePublished\":\"2025-08-17T21:11:08+00:00\",\"dateModified\":\"2025-10-21T22:18:51+00:00\",\"description\":\"Order GHK-Cu 50mg from a China-based GMP lab \u2014 99% purity with HPLC\\\/COA. Factory-direct selling and fast worldwide shipping for skin & hair repair research.\",\"breadcrumb\":{\"@id\":\"https:\\\/\\\/hghpeptideslab.com\\\/product\\\/ghk-cu\\\/#breadcrumb\"},\"inLanguage\":\"pt-PT\",\"potentialAction\":[{\"@type\":\"ReadAction\",\"target\":[\"https:\\\/\\\/hghpeptideslab.com\\\/product\\\/ghk-cu\\\/\"]}],\"copyrightNotice\":\"\u00a9 2010\u20132026 HGH Peptides Lab. All Rights Reserved.\"},{\"@type\":\"ImageObject\",\"inLanguage\":\"pt-PT\",\"@id\":\"https:\\\/\\\/hghpeptideslab.com\\\/product\\\/ghk-cu\\\/#primaryimage\",\"url\":\"https:\\\/\\\/hghpeptideslab.com\\\/wp-content\\\/uploads\\\/2025\\\/08\\\/ghkcu50mg.jpg\",\"contentUrl\":\"https:\\\/\\\/hghpeptideslab.com\\\/wp-content\\\/uploads\\\/2025\\\/08\\\/ghkcu50mg.jpg\",\"width\":800,\"height\":800,\"caption\":\"GHK-Cu 50mg vial (white lyophilized powder); factory direct, HPLC\\\/COA on request.\"},{\"@type\":\"BreadcrumbList\",\"@id\":\"https:\\\/\\\/hghpeptideslab.com\\\/product\\\/ghk-cu\\\/#breadcrumb\",\"itemListElement\":[{\"@type\":\"ListItem\",\"position\":1,\"name\":\"Home\",\"item\":\"https:\\\/\\\/hghpeptideslab.com\\\/\"},{\"@type\":\"ListItem\",\"position\":2,\"name\":\"Shop\",\"item\":\"https:\\\/\\\/hghpeptideslab.com\\\/shop\\\/\"},{\"@type\":\"ListItem\",\"position\":3,\"name\":\"GHK-Cu Peptide\"}]},{\"@type\":\"WebSite\",\"@id\":\"https:\\\/\\\/hghpeptideslab.com\\\/#website\",\"url\":\"https:\\\/\\\/hghpeptideslab.com\\\/\",\"name\":\"HGH Peptides Lab\",\"description\":\"Premium Peptides &amp; HGH Shop\",\"publisher\":{\"@id\":\"https:\\\/\\\/hghpeptideslab.com\\\/#organization\"},\"potentialAction\":[{\"@type\":\"SearchAction\",\"target\":{\"@type\":\"EntryPoint\",\"urlTemplate\":\"https:\\\/\\\/hghpeptideslab.com\\\/?s={search_term_string}\"},\"query-input\":{\"@type\":\"PropertyValueSpecification\",\"valueRequired\":true,\"valueName\":\"search_term_string\"}}],\"inLanguage\":\"pt-PT\"},{\"@type\":\"Organization\",\"@id\":\"https:\\\/\\\/hghpeptideslab.com\\\/#organization\",\"name\":\"HGH Peptides Lab\",\"url\":\"https:\\\/\\\/hghpeptideslab.com\\\/pt_pt\\\/\",\"logo\":{\"@type\":\"ImageObject\",\"url\":\"https:\\\/\\\/hghpeptideslab.com\\\/wp-content\\\/uploads\\\/2025\\\/07\\\/HGHPEPTIDESLAB-Logo.png\"},\"image\":{\"@id\":\"https:\\\/\\\/hghpeptideslab.com\\\/#\\\/schema\\\/logo\\\/image\\\/\"},\"foundingDate\":\"2010\",\"contactPoint\":[{\"@type\":\"ContactPoint\",\"contactType\":\"customer support\",\"telephone\":\"+85247559641\",\"email\":\"CYGGL2025@gmail.com\",\"availableLanguage\":[\"en\"]}]}]}<\/script>\n<!-- \/ Yoast SEO Premium plugin. -->","yoast_head_json":{"title":"GHK-Cu Peptide 50mg | Laborat\u00f3rio GMP - 99% Purity","description":"Encomendar GHK-Cu 50mg de um laborat\u00f3rio GMP sediado na China - 99% purity com HPLC\/COA. Venda direta da f\u00e1brica e envio r\u00e1pido para todo o mundo para investiga\u00e7\u00e3o de repara\u00e7\u00e3o de pele e cabelo.","robots":{"index":"index","follow":"follow","max-snippet":"max-snippet:-1","max-image-preview":"max-image-preview:large","max-video-preview":"max-video-preview:-1"},"canonical":"https:\/\/hghpeptideslab.com\/pt_pt\/product\/ghk-cu\/","og_locale":"pt_PT","og_type":"article","og_title":"GHK-Cu Peptide","og_description":"Order GHK-Cu 50mg from a China-based GMP lab \u2014 99% purity with HPLC\/COA. Factory-direct selling and fast worldwide shipping for skin & hair repair research.","og_url":"https:\/\/hghpeptideslab.com\/pt_pt\/product\/ghk-cu\/","og_site_name":"HGH Peptides Lab","article_modified_time":"2025-10-21T22:18:51+00:00","og_image":[{"width":800,"height":800,"url":"https:\/\/hghpeptideslab.com\/wp-content\/uploads\/2025\/08\/ghkcu50mg.jpg","type":"image\/jpeg"}],"twitter_card":"summary_large_image","twitter_misc":{"Tempo estimado de leitura":"1 minuto"},"schema":{"@context":"https:\/\/schema.org","@graph":[{"@type":"WebPage","@id":"https:\/\/hghpeptideslab.com\/product\/ghk-cu\/","url":"https:\/\/hghpeptideslab.com\/product\/ghk-cu\/","name":"GHK-Cu Peptide 50mg | Laborat\u00f3rio GMP - 99% Purity","isPartOf":{"@id":"https:\/\/hghpeptideslab.com\/#website"},"primaryImageOfPage":{"@id":"https:\/\/hghpeptideslab.com\/product\/ghk-cu\/#primaryimage"},"image":{"@id":"https:\/\/hghpeptideslab.com\/product\/ghk-cu\/#primaryimage"},"thumbnailUrl":"https:\/\/hghpeptideslab.com\/wp-content\/uploads\/2025\/08\/ghkcu50mg.jpg","datePublished":"2025-08-17T21:11:08+00:00","dateModified":"2025-10-21T22:18:51+00:00","description":"Encomendar GHK-Cu 50mg de um laborat\u00f3rio GMP sediado na China - 99% purity com HPLC\/COA. Venda direta da f\u00e1brica e envio r\u00e1pido para todo o mundo para investiga\u00e7\u00e3o de repara\u00e7\u00e3o de pele e cabelo.","breadcrumb":{"@id":"https:\/\/hghpeptideslab.com\/product\/ghk-cu\/#breadcrumb"},"inLanguage":"pt-PT","potentialAction":[{"@type":"ReadAction","target":["https:\/\/hghpeptideslab.com\/product\/ghk-cu\/"]}],"copyrightNotice":"\u00a9 2010\u20132026 HGH Peptides Lab. All Rights Reserved."},{"@type":"ImageObject","inLanguage":"pt-PT","@id":"https:\/\/hghpeptideslab.com\/product\/ghk-cu\/#primaryimage","url":"https:\/\/hghpeptideslab.com\/wp-content\/uploads\/2025\/08\/ghkcu50mg.jpg","contentUrl":"https:\/\/hghpeptideslab.com\/wp-content\/uploads\/2025\/08\/ghkcu50mg.jpg","width":800,"height":800,"caption":"GHK-Cu 50mg vial (white lyophilized powder); factory direct, HPLC\/COA on request."},{"@type":"BreadcrumbList","@id":"https:\/\/hghpeptideslab.com\/product\/ghk-cu\/#breadcrumb","itemListElement":[{"@type":"ListItem","position":1,"name":"Home","item":"https:\/\/hghpeptideslab.com\/"},{"@type":"ListItem","position":2,"name":"Shop","item":"https:\/\/hghpeptideslab.com\/shop\/"},{"@type":"ListItem","position":3,"name":"GHK-Cu Peptide"}]},{"@type":"WebSite","@id":"https:\/\/hghpeptideslab.com\/#website","url":"https:\/\/hghpeptideslab.com\/","name":"HGH Peptides Lab","description":"Premium Peptides &amp; HGH Loja","publisher":{"@id":"https:\/\/hghpeptideslab.com\/#organization"},"potentialAction":[{"@type":"SearchAction","target":{"@type":"EntryPoint","urlTemplate":"https:\/\/hghpeptideslab.com\/?s={search_term_string}"},"query-input":{"@type":"PropertyValueSpecification","valueRequired":true,"valueName":"search_term_string"}}],"inLanguage":"pt-PT"},{"@type":"Organization","@id":"https:\/\/hghpeptideslab.com\/#organization","name":"HGH Peptides Lab","url":"https:\/\/hghpeptideslab.com\/pt_pt\/","logo":{"@type":"ImageObject","url":"https:\/\/hghpeptideslab.com\/wp-content\/uploads\/2025\/07\/HGHPEPTIDESLAB-Logo.png"},"image":{"@id":"https:\/\/hghpeptideslab.com\/#\/schema\/logo\/image\/"},"foundingDate":"2010","contactPoint":[{"@type":"ContactPoint","contactType":"customer support","telephone":"+85247559641","email":"CYGGL2025@gmail.com","availableLanguage":["en"]}]}]}},"_links":{"self":[{"href":"https:\/\/hghpeptideslab.com\/pt_pt\/wp-json\/wp\/v2\/product\/9148","targetHints":{"allow":["GET"]}}],"collection":[{"href":"https:\/\/hghpeptideslab.com\/pt_pt\/wp-json\/wp\/v2\/product"}],"about":[{"href":"https:\/\/hghpeptideslab.com\/pt_pt\/wp-json\/wp\/v2\/types\/product"}],"replies":[{"embeddable":true,"href":"https:\/\/hghpeptideslab.com\/pt_pt\/wp-json\/wp\/v2\/comments?post=9148"}],"wp:featuredmedia":[{"embeddable":true,"href":"https:\/\/hghpeptideslab.com\/pt_pt\/wp-json\/wp\/v2\/media\/9144"}],"wp:attachment":[{"href":"https:\/\/hghpeptideslab.com\/pt_pt\/wp-json\/wp\/v2\/media?parent=9148"}],"wp:term":[{"taxonomy":"product_cat","embeddable":true,"href":"https:\/\/hghpeptideslab.com\/pt_pt\/wp-json\/wp\/v2\/product_cat?post=9148"},{"taxonomy":"product_tag","embeddable":true,"href":"https:\/\/hghpeptideslab.com\/pt_pt\/wp-json\/wp\/v2\/product_tag?post=9148"}],"curies":[{"name":"wp","href":"https:\/\/api.w.org\/{rel}","templated":true}]}}