{"id":9158,"date":"2025-08-17T22:01:22","date_gmt":"2025-08-17T22:01:22","guid":{"rendered":"https:\/\/hghpeptideslab.com\/?post_type=product&#038;p=9158"},"modified":"2025-10-22T20:05:57","modified_gmt":"2025-10-22T20:05:57","slug":"melanotan-i-mt1","status":"publish","type":"product","link":"https:\/\/hghpeptideslab.com\/pt_pt\/product\/melanotan-i-mt1\/","title":{"rendered":"Melanotan I (MT1) Peptide"},"content":{"rendered":"<h3>Vis\u00e3o geral<\/h3>\n<p>O Melanotan I (MT1) \u00e9 um p\u00e9ptido de investiga\u00e7\u00e3o que actua nos receptores de melanocortina e \u00e9 frequentemente referido em estudos de <em>melanog\u00e9nese<\/em>modelos de pigmenta\u00e7\u00e3o da pele e de fotoprotec\u00e7\u00e3o. O nosso material \u00e9 <strong>GMP-fabricado<\/strong> com <strong>99%+ pureza<\/strong>. <strong>HPLC\/COA<\/strong> A documenta\u00e7\u00e3o est\u00e1 dispon\u00edvel mediante pedido.<\/p>\n<h3>Carater\u00edsticas principais<\/h3>\n<ul>\n<li><strong>For\u00e7a:<\/strong> 10 mg por vial<\/li>\n<li><strong>Tamanho Kit:<\/strong> 10 vials\/kit<\/li>\n<li>White lyophilized powder para protocolos flex\u00edveis de investiga\u00e7\u00e3o cosm\u00e9tica<\/li>\n<li>Cromatograma HPLC \/ COA dispon\u00edvel a pedido<\/li>\n<\/ul>\n<h3>Focos de investiga\u00e7\u00e3o t\u00edpicos<\/h3>\n<ul>\n<li>Investiga\u00e7\u00e3o sobre a melanog\u00e9nese e as vias de pigmenta\u00e7\u00e3o<\/li>\n<li>Modelos cosm\u00e9ticos de fotoprotec\u00e7\u00e3o e de resposta aos raios UV<\/li>\n<li>Conceitos de uniformiza\u00e7\u00e3o da tonalidade e da pigmenta\u00e7\u00e3o da pele<\/li>\n<li>Triagem t\u00f3pica\/veicular e estudos cut\u00e2neos ex vivo<\/li>\n<\/ul>\n<h3>Armazenamento e estabilidade<\/h3>\n<ul>\n<li>Armazenar selado a <strong>2-8 \u00b0C<\/strong>, protegido da luz e da humidade<\/li>\n<li>Utilizar prontamente as solu\u00e7\u00f5es reconstitu\u00eddas em condi\u00e7\u00f5es laboratoriais adequadas<\/li>\n<\/ul>\n<h3>Notas<\/h3>\n<ul>\n<li>Fabricado em <strong>Compat\u00edvel com GMP<\/strong> instala\u00e7\u00f5es; controlo de processos de n\u00edvel farmac\u00eautico<\/li>\n<li><strong>CAS:<\/strong> 75921-69-6; <strong>HPLC\/COA<\/strong> dispon\u00edvel mediante pedido<\/li>\n<li>Apenas para investiga\u00e7\u00e3o laboratorial. Os produtos n\u00e3o est\u00e3o rotulados para uso m\u00e9dico.<\/li>\n<\/ul>\n<p><span data-mce-type=\"bookmark\" style=\"display: inline-block; width: 0px; overflow: hidden; line-height: 0;\" class=\"mce_SELRES_start\"><\/span><\/p>","protected":false},"excerpt":{"rendered":"<p><strong>Nome:<\/strong> P\u00f3 do p\u00e9ptido 99% Purity Melanotan I (MT1)<br \/>\n<strong>Fun\u00e7\u00e3o:<\/strong> Investiga\u00e7\u00e3o sobre pigmenta\u00e7\u00e3o da pele e fotoprotec\u00e7\u00e3o; estudos sobre a via da melanog\u00e9nese<br \/>\n<strong>Especifica\u00e7\u00e3o:<\/strong> 10 mg por vial; 10 vials\/kit<br \/>\n<strong>CAS:<\/strong> 75921-69-6<br \/>\n<strong>Apar\u00eancia:<\/strong> White lyophilized powder<\/p>","protected":false},"featured_media":9155,"comment_status":"open","ping_status":"closed","template":"","meta":[],"product_cat":[56,60],"product_tag":[147,167,165],"class_list":{"0":"post-9158","1":"product","2":"type-product","3":"status-publish","4":"has-post-thumbnail","6":"product_brand-dp-hghpeptides","7":"product_brand-hgh-peptides-lab","8":"product_cat-cosmetic-peptides","9":"product_cat-specialty-peptides","10":"product_tag-melanotan-1","11":"product_tag-overall-wellness-peptides","12":"product_tag-skin-beauty-peptides","14":"first","15":"instock","16":"shipping-taxable","17":"purchasable","18":"product-type-simple"},"yoast_head":"<!-- This site is optimized with the Yoast SEO Premium plugin v27.3 (Yoast SEO v27.3) - https:\/\/yoast.com\/product\/yoast-seo-premium-wordpress\/ -->\n<title>Melanotan I (MT1) Peptide 10mg | Pharmaceutical-Grade Quality \u2013 HPLC\/COA<\/title>\n<meta name=\"description\" content=\"Order Melanotan I (MT1) 10mg from a China-based GMP lab \u2014 99% purity with HPLC\/COA. Factory-direct selling and fast worldwide shipping for pigmentation research.\" \/>\n<meta name=\"robots\" content=\"index, follow, max-snippet:-1, max-image-preview:large, max-video-preview:-1\" \/>\n<link rel=\"canonical\" href=\"https:\/\/hghpeptideslab.com\/pt_pt\/product\/melanotan-i-mt1\/\" \/>\n<meta property=\"og:locale\" content=\"pt_PT\" \/>\n<meta property=\"og:type\" content=\"article\" \/>\n<meta property=\"og:title\" content=\"Melanotan I (MT1) Peptide\" \/>\n<meta property=\"og:description\" content=\"Order Melanotan I (MT1) 10mg from a China-based GMP lab \u2014 99% purity with HPLC\/COA. Factory-direct selling and fast worldwide shipping for pigmentation research.\" \/>\n<meta property=\"og:url\" content=\"https:\/\/hghpeptideslab.com\/pt_pt\/product\/melanotan-i-mt1\/\" \/>\n<meta property=\"og:site_name\" content=\"HGH Peptides Lab\" \/>\n<meta property=\"article:modified_time\" content=\"2025-10-22T20:05:57+00:00\" \/>\n<meta property=\"og:image\" content=\"https:\/\/hghpeptideslab.com\/wp-content\/uploads\/2025\/08\/melanotan-i10mg.jpg\" \/>\n\t<meta property=\"og:image:width\" content=\"800\" \/>\n\t<meta property=\"og:image:height\" content=\"800\" \/>\n\t<meta property=\"og:image:type\" content=\"image\/jpeg\" \/>\n<meta name=\"twitter:card\" content=\"summary_large_image\" \/>\n<meta name=\"twitter:label1\" content=\"Tempo estimado de leitura\" \/>\n\t<meta name=\"twitter:data1\" content=\"1 minuto\" \/>\n<script type=\"application\/ld+json\" class=\"yoast-schema-graph\">{\"@context\":\"https:\\\/\\\/schema.org\",\"@graph\":[{\"@type\":\"WebPage\",\"@id\":\"https:\\\/\\\/hghpeptideslab.com\\\/product\\\/melanotan-i-mt1\\\/\",\"url\":\"https:\\\/\\\/hghpeptideslab.com\\\/product\\\/melanotan-i-mt1\\\/\",\"name\":\"Melanotan I (MT1) Peptide 10mg | Pharmaceutical-Grade Quality \u2013 HPLC\\\/COA\",\"isPartOf\":{\"@id\":\"https:\\\/\\\/hghpeptideslab.com\\\/#website\"},\"primaryImageOfPage\":{\"@id\":\"https:\\\/\\\/hghpeptideslab.com\\\/product\\\/melanotan-i-mt1\\\/#primaryimage\"},\"image\":{\"@id\":\"https:\\\/\\\/hghpeptideslab.com\\\/product\\\/melanotan-i-mt1\\\/#primaryimage\"},\"thumbnailUrl\":\"https:\\\/\\\/hghpeptideslab.com\\\/wp-content\\\/uploads\\\/2025\\\/08\\\/melanotan-i10mg.jpg\",\"datePublished\":\"2025-08-17T22:01:22+00:00\",\"dateModified\":\"2025-10-22T20:05:57+00:00\",\"description\":\"Order Melanotan I (MT1) 10mg from a China-based GMP lab \u2014 99% purity with HPLC\\\/COA. Factory-direct selling and fast worldwide shipping for pigmentation research.\",\"breadcrumb\":{\"@id\":\"https:\\\/\\\/hghpeptideslab.com\\\/product\\\/melanotan-i-mt1\\\/#breadcrumb\"},\"inLanguage\":\"pt-PT\",\"potentialAction\":[{\"@type\":\"ReadAction\",\"target\":[\"https:\\\/\\\/hghpeptideslab.com\\\/product\\\/melanotan-i-mt1\\\/\"]}],\"copyrightNotice\":\"\u00a9 2010\u20132026 HGH Peptides Lab. All Rights Reserved.\"},{\"@type\":\"ImageObject\",\"inLanguage\":\"pt-PT\",\"@id\":\"https:\\\/\\\/hghpeptideslab.com\\\/product\\\/melanotan-i-mt1\\\/#primaryimage\",\"url\":\"https:\\\/\\\/hghpeptideslab.com\\\/wp-content\\\/uploads\\\/2025\\\/08\\\/melanotan-i10mg.jpg\",\"contentUrl\":\"https:\\\/\\\/hghpeptideslab.com\\\/wp-content\\\/uploads\\\/2025\\\/08\\\/melanotan-i10mg.jpg\",\"width\":800,\"height\":800,\"caption\":\"MT1 10mg vial (white lyophilized powder); factory direct, HPLC\\\/COA on request.\"},{\"@type\":\"BreadcrumbList\",\"@id\":\"https:\\\/\\\/hghpeptideslab.com\\\/product\\\/melanotan-i-mt1\\\/#breadcrumb\",\"itemListElement\":[{\"@type\":\"ListItem\",\"position\":1,\"name\":\"Home\",\"item\":\"https:\\\/\\\/hghpeptideslab.com\\\/\"},{\"@type\":\"ListItem\",\"position\":2,\"name\":\"Shop\",\"item\":\"https:\\\/\\\/hghpeptideslab.com\\\/shop\\\/\"},{\"@type\":\"ListItem\",\"position\":3,\"name\":\"Melanotan I (MT1) Peptide\"}]},{\"@type\":\"WebSite\",\"@id\":\"https:\\\/\\\/hghpeptideslab.com\\\/#website\",\"url\":\"https:\\\/\\\/hghpeptideslab.com\\\/\",\"name\":\"HGH Peptides Lab\",\"description\":\"Premium Peptides &amp; HGH Shop\",\"publisher\":{\"@id\":\"https:\\\/\\\/hghpeptideslab.com\\\/#organization\"},\"potentialAction\":[{\"@type\":\"SearchAction\",\"target\":{\"@type\":\"EntryPoint\",\"urlTemplate\":\"https:\\\/\\\/hghpeptideslab.com\\\/?s={search_term_string}\"},\"query-input\":{\"@type\":\"PropertyValueSpecification\",\"valueRequired\":true,\"valueName\":\"search_term_string\"}}],\"inLanguage\":\"pt-PT\"},{\"@type\":\"Organization\",\"@id\":\"https:\\\/\\\/hghpeptideslab.com\\\/#organization\",\"name\":\"HGH Peptides Lab\",\"url\":\"https:\\\/\\\/hghpeptideslab.com\\\/pt_pt\\\/\",\"logo\":{\"@type\":\"ImageObject\",\"url\":\"https:\\\/\\\/hghpeptideslab.com\\\/wp-content\\\/uploads\\\/2025\\\/07\\\/HGHPEPTIDESLAB-Logo.png\"},\"image\":{\"@id\":\"https:\\\/\\\/hghpeptideslab.com\\\/#\\\/schema\\\/logo\\\/image\\\/\"},\"foundingDate\":\"2010\",\"contactPoint\":[{\"@type\":\"ContactPoint\",\"contactType\":\"customer support\",\"telephone\":\"+85247559641\",\"email\":\"CYGGL2025@gmail.com\",\"availableLanguage\":[\"en\"]}]}]}<\/script>\n<!-- \/ Yoast SEO Premium plugin. -->","yoast_head_json":{"title":"Melanotan I (MT1) Peptide 10mg | Qualidade de grau farmac\u00eautico - HPLC\/COA","description":"Encomendar Melanotan I (MT1) 10mg de um laborat\u00f3rio GMP sediado na China - 99% purity com HPLC\/COA. Venda direta da f\u00e1brica e envio r\u00e1pido para todo o mundo para investiga\u00e7\u00e3o de pigmenta\u00e7\u00e3o.","robots":{"index":"index","follow":"follow","max-snippet":"max-snippet:-1","max-image-preview":"max-image-preview:large","max-video-preview":"max-video-preview:-1"},"canonical":"https:\/\/hghpeptideslab.com\/pt_pt\/product\/melanotan-i-mt1\/","og_locale":"pt_PT","og_type":"article","og_title":"Melanotan I (MT1) Peptide","og_description":"Order Melanotan I (MT1) 10mg from a China-based GMP lab \u2014 99% purity with HPLC\/COA. Factory-direct selling and fast worldwide shipping for pigmentation research.","og_url":"https:\/\/hghpeptideslab.com\/pt_pt\/product\/melanotan-i-mt1\/","og_site_name":"HGH Peptides Lab","article_modified_time":"2025-10-22T20:05:57+00:00","og_image":[{"width":800,"height":800,"url":"https:\/\/hghpeptideslab.com\/wp-content\/uploads\/2025\/08\/melanotan-i10mg.jpg","type":"image\/jpeg"}],"twitter_card":"summary_large_image","twitter_misc":{"Tempo estimado de leitura":"1 minuto"},"schema":{"@context":"https:\/\/schema.org","@graph":[{"@type":"WebPage","@id":"https:\/\/hghpeptideslab.com\/product\/melanotan-i-mt1\/","url":"https:\/\/hghpeptideslab.com\/product\/melanotan-i-mt1\/","name":"Melanotan I (MT1) Peptide 10mg | Qualidade de grau farmac\u00eautico - HPLC\/COA","isPartOf":{"@id":"https:\/\/hghpeptideslab.com\/#website"},"primaryImageOfPage":{"@id":"https:\/\/hghpeptideslab.com\/product\/melanotan-i-mt1\/#primaryimage"},"image":{"@id":"https:\/\/hghpeptideslab.com\/product\/melanotan-i-mt1\/#primaryimage"},"thumbnailUrl":"https:\/\/hghpeptideslab.com\/wp-content\/uploads\/2025\/08\/melanotan-i10mg.jpg","datePublished":"2025-08-17T22:01:22+00:00","dateModified":"2025-10-22T20:05:57+00:00","description":"Encomendar Melanotan I (MT1) 10mg de um laborat\u00f3rio GMP sediado na China - 99% purity com HPLC\/COA. Venda direta da f\u00e1brica e envio r\u00e1pido para todo o mundo para investiga\u00e7\u00e3o de pigmenta\u00e7\u00e3o.","breadcrumb":{"@id":"https:\/\/hghpeptideslab.com\/product\/melanotan-i-mt1\/#breadcrumb"},"inLanguage":"pt-PT","potentialAction":[{"@type":"ReadAction","target":["https:\/\/hghpeptideslab.com\/product\/melanotan-i-mt1\/"]}],"copyrightNotice":"\u00a9 2010\u20132026 HGH Peptides Lab. All Rights Reserved."},{"@type":"ImageObject","inLanguage":"pt-PT","@id":"https:\/\/hghpeptideslab.com\/product\/melanotan-i-mt1\/#primaryimage","url":"https:\/\/hghpeptideslab.com\/wp-content\/uploads\/2025\/08\/melanotan-i10mg.jpg","contentUrl":"https:\/\/hghpeptideslab.com\/wp-content\/uploads\/2025\/08\/melanotan-i10mg.jpg","width":800,"height":800,"caption":"MT1 10mg vial (white lyophilized powder); factory direct, HPLC\/COA on request."},{"@type":"BreadcrumbList","@id":"https:\/\/hghpeptideslab.com\/product\/melanotan-i-mt1\/#breadcrumb","itemListElement":[{"@type":"ListItem","position":1,"name":"Home","item":"https:\/\/hghpeptideslab.com\/"},{"@type":"ListItem","position":2,"name":"Shop","item":"https:\/\/hghpeptideslab.com\/shop\/"},{"@type":"ListItem","position":3,"name":"Melanotan I (MT1) Peptide"}]},{"@type":"WebSite","@id":"https:\/\/hghpeptideslab.com\/#website","url":"https:\/\/hghpeptideslab.com\/","name":"HGH Peptides Lab","description":"Premium Peptides &amp; HGH Loja","publisher":{"@id":"https:\/\/hghpeptideslab.com\/#organization"},"potentialAction":[{"@type":"SearchAction","target":{"@type":"EntryPoint","urlTemplate":"https:\/\/hghpeptideslab.com\/?s={search_term_string}"},"query-input":{"@type":"PropertyValueSpecification","valueRequired":true,"valueName":"search_term_string"}}],"inLanguage":"pt-PT"},{"@type":"Organization","@id":"https:\/\/hghpeptideslab.com\/#organization","name":"HGH Peptides Lab","url":"https:\/\/hghpeptideslab.com\/pt_pt\/","logo":{"@type":"ImageObject","url":"https:\/\/hghpeptideslab.com\/wp-content\/uploads\/2025\/07\/HGHPEPTIDESLAB-Logo.png"},"image":{"@id":"https:\/\/hghpeptideslab.com\/#\/schema\/logo\/image\/"},"foundingDate":"2010","contactPoint":[{"@type":"ContactPoint","contactType":"customer support","telephone":"+85247559641","email":"CYGGL2025@gmail.com","availableLanguage":["en"]}]}]}},"_links":{"self":[{"href":"https:\/\/hghpeptideslab.com\/pt_pt\/wp-json\/wp\/v2\/product\/9158","targetHints":{"allow":["GET"]}}],"collection":[{"href":"https:\/\/hghpeptideslab.com\/pt_pt\/wp-json\/wp\/v2\/product"}],"about":[{"href":"https:\/\/hghpeptideslab.com\/pt_pt\/wp-json\/wp\/v2\/types\/product"}],"replies":[{"embeddable":true,"href":"https:\/\/hghpeptideslab.com\/pt_pt\/wp-json\/wp\/v2\/comments?post=9158"}],"wp:featuredmedia":[{"embeddable":true,"href":"https:\/\/hghpeptideslab.com\/pt_pt\/wp-json\/wp\/v2\/media\/9155"}],"wp:attachment":[{"href":"https:\/\/hghpeptideslab.com\/pt_pt\/wp-json\/wp\/v2\/media?parent=9158"}],"wp:term":[{"taxonomy":"product_cat","embeddable":true,"href":"https:\/\/hghpeptideslab.com\/pt_pt\/wp-json\/wp\/v2\/product_cat?post=9158"},{"taxonomy":"product_tag","embeddable":true,"href":"https:\/\/hghpeptideslab.com\/pt_pt\/wp-json\/wp\/v2\/product_tag?post=9158"}],"curies":[{"name":"wp","href":"https:\/\/api.w.org\/{rel}","templated":true}]}}