{"id":9181,"date":"2025-08-18T01:57:19","date_gmt":"2025-08-18T01:57:19","guid":{"rendered":"https:\/\/hghpeptideslab.com\/?post_type=product&#038;p=9181"},"modified":"2025-10-21T22:01:32","modified_gmt":"2025-10-21T22:01:32","slug":"epithalon","status":"publish","type":"product","link":"https:\/\/hghpeptideslab.com\/pt_pt\/product\/epithalon\/","title":{"rendered":"Epithalon Peptide"},"content":{"rendered":"<h3>Vis\u00e3o geral<\/h3>\n<p>O Epithalon (tamb\u00e9m conhecido por Epitalon) \u00e9 frequentemente referido em modelos de investiga\u00e7\u00e3o anti-envelhecimento relacionados com a telomerase e a longevidade celular. O nosso material \u00e9 produzido com <strong>qualidade de grau farmac\u00eautico<\/strong> em <strong>Compat\u00edvel com GMP<\/strong> com HPLC\/COA dispon\u00edveis mediante pedido.<\/p>\n<h3>Carater\u00edsticas principais<\/h3>\n<ul>\n<li>Pontos fortes dispon\u00edveis: <strong>10 mg<\/strong> &amp; <strong>50 mg<\/strong> por vial<\/li>\n<li>Tamanho Kit: <strong>10 vials\/kit<\/strong><\/li>\n<li>White lyophilized powder para protocolos de investiga\u00e7\u00e3o flex\u00edveis<\/li>\n<li>HPLC\/COA documenta\u00e7\u00e3o a pedido<\/li>\n<\/ul>\n<h3>Focos de investiga\u00e7\u00e3o t\u00edpicos<\/h3>\n<ul>\n<li>Telomerase e vias de longevidade celular<\/li>\n<li>Modelos de stress oxidativo e envelhecimento saud\u00e1vel<\/li>\n<li>Estudos de fun\u00e7\u00e3o cognitiva e de apoio neurol\u00f3gico<\/li>\n<\/ul>\n<h3>Armazenamento e estabilidade<\/h3>\n<ul>\n<li>Armazenar selado a <strong>2-8 \u00b0C<\/strong>, protegido da luz e da humidade<\/li>\n<li>Utilizar prontamente as solu\u00e7\u00f5es reconstitu\u00eddas em condi\u00e7\u00f5es laboratoriais adequadas<\/li>\n<\/ul>\n<h3>Notas<\/h3>\n<ul>\n<li>Fabricado em <strong>Compat\u00edvel com GMP<\/strong> instala\u00e7\u00f5es<\/li>\n<li>HPLC\/COA dispon\u00edveis mediante pedido<\/li>\n<li>Apenas para investiga\u00e7\u00e3o laboratorial. Os produtos n\u00e3o est\u00e3o rotulados para uso m\u00e9dico.<\/li>\n<\/ul>","protected":false},"excerpt":{"rendered":"<p><strong>Nome:<\/strong> P\u00f3 do p\u00e9ptido 99% Purity Epithalon<br \/>\n<strong>Fun\u00e7\u00e3o:<\/strong> Estudos anti-envelhecimento e sobre a telomerase; investiga\u00e7\u00e3o sobre o apoio cognitivo<br \/>\n<strong>Especifica\u00e7\u00e3o:<\/strong> 10 mg &amp; 50 mg por vial; 10 vials\/kit<br \/>\n<strong>CAS:<\/strong> 307297-39-8<br \/>\n<strong>Apar\u00eancia:<\/strong> White lyophilized powder<\/p>","protected":false},"featured_media":9178,"comment_status":"open","ping_status":"closed","template":"","meta":[],"product_cat":[59],"product_tag":[162,137,163],"class_list":{"0":"post-9181","1":"product","2":"type-product","3":"status-publish","4":"has-post-thumbnail","6":"product_brand-dp-hghpeptides","7":"product_brand-hgh-peptides-lab","8":"product_cat-nootropic-peptides-anti-aging","9":"product_tag-anti-aging-longevity-peptides","10":"product_tag-epithalon","11":"product_tag-sleep-stress-support-peptides","13":"first","14":"instock","15":"shipping-taxable","16":"purchasable","17":"product-type-variable","18":"has-default-attributes"},"yoast_head":"<!-- This site is optimized with the Yoast SEO Premium plugin v27.3 (Yoast SEO v27.3) - https:\/\/yoast.com\/product\/yoast-seo-premium-wordpress\/ -->\n<title>Epithalon Peptide 10mg | Factory-Direct China, HPLC\/COA \u2013 HGH Peptides Lab<\/title>\n<meta name=\"description\" content=\"Buy Epithalon peptide 10mg from a factory-direct China supplier. Pharmaceutical-grade quality, HPLC\/COA available, fast worldwide shipping and bulk discounts.\" \/>\n<meta name=\"robots\" content=\"index, follow, max-snippet:-1, max-image-preview:large, max-video-preview:-1\" \/>\n<link rel=\"canonical\" href=\"https:\/\/hghpeptideslab.com\/pt_pt\/product\/epithalon\/\" \/>\n<meta property=\"og:locale\" content=\"pt_PT\" \/>\n<meta property=\"og:type\" content=\"article\" \/>\n<meta property=\"og:title\" content=\"Epithalon Peptide\" \/>\n<meta property=\"og:description\" content=\"Buy Epithalon peptide 10mg from a factory-direct China supplier. Pharmaceutical-grade quality, HPLC\/COA available, fast worldwide shipping and bulk discounts.\" \/>\n<meta property=\"og:url\" content=\"https:\/\/hghpeptideslab.com\/pt_pt\/product\/epithalon\/\" \/>\n<meta property=\"og:site_name\" content=\"HGH Peptides Lab\" \/>\n<meta property=\"article:modified_time\" content=\"2025-10-21T22:01:32+00:00\" \/>\n<meta property=\"og:image\" content=\"https:\/\/hghpeptideslab.com\/wp-content\/uploads\/2025\/08\/epithalon10mg.jpg\" \/>\n\t<meta property=\"og:image:width\" content=\"800\" \/>\n\t<meta property=\"og:image:height\" content=\"800\" \/>\n\t<meta property=\"og:image:type\" content=\"image\/jpeg\" \/>\n<meta name=\"twitter:card\" content=\"summary_large_image\" \/>\n<meta name=\"twitter:label1\" content=\"Tempo estimado de leitura\" \/>\n\t<meta name=\"twitter:data1\" content=\"1 minuto\" \/>\n<script type=\"application\/ld+json\" class=\"yoast-schema-graph\">{\"@context\":\"https:\\\/\\\/schema.org\",\"@graph\":[{\"@type\":\"WebPage\",\"@id\":\"https:\\\/\\\/hghpeptideslab.com\\\/product\\\/epithalon\\\/\",\"url\":\"https:\\\/\\\/hghpeptideslab.com\\\/product\\\/epithalon\\\/\",\"name\":\"Epithalon Peptide 10mg | Factory-Direct China, HPLC\\\/COA \u2013 HGH Peptides Lab\",\"isPartOf\":{\"@id\":\"https:\\\/\\\/hghpeptideslab.com\\\/#website\"},\"primaryImageOfPage\":{\"@id\":\"https:\\\/\\\/hghpeptideslab.com\\\/product\\\/epithalon\\\/#primaryimage\"},\"image\":{\"@id\":\"https:\\\/\\\/hghpeptideslab.com\\\/product\\\/epithalon\\\/#primaryimage\"},\"thumbnailUrl\":\"https:\\\/\\\/hghpeptideslab.com\\\/wp-content\\\/uploads\\\/2025\\\/08\\\/epithalon10mg.jpg\",\"datePublished\":\"2025-08-18T01:57:19+00:00\",\"dateModified\":\"2025-10-21T22:01:32+00:00\",\"description\":\"Buy Epithalon peptide 10mg from a factory-direct China supplier. Pharmaceutical-grade quality, HPLC\\\/COA available, fast worldwide shipping and bulk discounts.\",\"breadcrumb\":{\"@id\":\"https:\\\/\\\/hghpeptideslab.com\\\/product\\\/epithalon\\\/#breadcrumb\"},\"inLanguage\":\"pt-PT\",\"potentialAction\":[{\"@type\":\"ReadAction\",\"target\":[\"https:\\\/\\\/hghpeptideslab.com\\\/product\\\/epithalon\\\/\"]}],\"copyrightNotice\":\"\u00a9 2010\u20132026 HGH Peptides Lab. All Rights Reserved.\"},{\"@type\":\"ImageObject\",\"inLanguage\":\"pt-PT\",\"@id\":\"https:\\\/\\\/hghpeptideslab.com\\\/product\\\/epithalon\\\/#primaryimage\",\"url\":\"https:\\\/\\\/hghpeptideslab.com\\\/wp-content\\\/uploads\\\/2025\\\/08\\\/epithalon10mg.jpg\",\"contentUrl\":\"https:\\\/\\\/hghpeptideslab.com\\\/wp-content\\\/uploads\\\/2025\\\/08\\\/epithalon10mg.jpg\",\"width\":800,\"height\":800,\"caption\":\"Epithalon 10mg vial (lyophilized powder)\"},{\"@type\":\"BreadcrumbList\",\"@id\":\"https:\\\/\\\/hghpeptideslab.com\\\/product\\\/epithalon\\\/#breadcrumb\",\"itemListElement\":[{\"@type\":\"ListItem\",\"position\":1,\"name\":\"Home\",\"item\":\"https:\\\/\\\/hghpeptideslab.com\\\/\"},{\"@type\":\"ListItem\",\"position\":2,\"name\":\"Shop\",\"item\":\"https:\\\/\\\/hghpeptideslab.com\\\/shop\\\/\"},{\"@type\":\"ListItem\",\"position\":3,\"name\":\"Epithalon Peptide\"}]},{\"@type\":\"WebSite\",\"@id\":\"https:\\\/\\\/hghpeptideslab.com\\\/#website\",\"url\":\"https:\\\/\\\/hghpeptideslab.com\\\/\",\"name\":\"HGH Peptides Lab\",\"description\":\"Premium Peptides &amp; HGH Shop\",\"publisher\":{\"@id\":\"https:\\\/\\\/hghpeptideslab.com\\\/#organization\"},\"potentialAction\":[{\"@type\":\"SearchAction\",\"target\":{\"@type\":\"EntryPoint\",\"urlTemplate\":\"https:\\\/\\\/hghpeptideslab.com\\\/?s={search_term_string}\"},\"query-input\":{\"@type\":\"PropertyValueSpecification\",\"valueRequired\":true,\"valueName\":\"search_term_string\"}}],\"inLanguage\":\"pt-PT\"},{\"@type\":\"Organization\",\"@id\":\"https:\\\/\\\/hghpeptideslab.com\\\/#organization\",\"name\":\"HGH Peptides Lab\",\"url\":\"https:\\\/\\\/hghpeptideslab.com\\\/pt_pt\\\/\",\"logo\":{\"@type\":\"ImageObject\",\"url\":\"https:\\\/\\\/hghpeptideslab.com\\\/wp-content\\\/uploads\\\/2025\\\/07\\\/HGHPEPTIDESLAB-Logo.png\"},\"image\":{\"@id\":\"https:\\\/\\\/hghpeptideslab.com\\\/#\\\/schema\\\/logo\\\/image\\\/\"},\"foundingDate\":\"2010\",\"contactPoint\":[{\"@type\":\"ContactPoint\",\"contactType\":\"customer support\",\"telephone\":\"+85247559641\",\"email\":\"CYGGL2025@gmail.com\",\"availableLanguage\":[\"en\"]}]}]}<\/script>\n<!-- \/ Yoast SEO Premium plugin. -->","yoast_head_json":{"title":"Epithalon Peptide 10mg | Diretamente da F\u00e1brica na China, HPLC\/COA - HGH Peptides Lab","description":"Comprar o p\u00e9ptido Epithalon 10mg de um fornecedor chin\u00eas direto da f\u00e1brica. Pharmaceutical-grade quality, HPLC\/COA dispon\u00edveis, envio r\u00e1pido para todo o mundo e descontos a granel.","robots":{"index":"index","follow":"follow","max-snippet":"max-snippet:-1","max-image-preview":"max-image-preview:large","max-video-preview":"max-video-preview:-1"},"canonical":"https:\/\/hghpeptideslab.com\/pt_pt\/product\/epithalon\/","og_locale":"pt_PT","og_type":"article","og_title":"Epithalon Peptide","og_description":"Buy Epithalon peptide 10mg from a factory-direct China supplier. Pharmaceutical-grade quality, HPLC\/COA available, fast worldwide shipping and bulk discounts.","og_url":"https:\/\/hghpeptideslab.com\/pt_pt\/product\/epithalon\/","og_site_name":"HGH Peptides Lab","article_modified_time":"2025-10-21T22:01:32+00:00","og_image":[{"width":800,"height":800,"url":"https:\/\/hghpeptideslab.com\/wp-content\/uploads\/2025\/08\/epithalon10mg.jpg","type":"image\/jpeg"}],"twitter_card":"summary_large_image","twitter_misc":{"Tempo estimado de leitura":"1 minuto"},"schema":{"@context":"https:\/\/schema.org","@graph":[{"@type":"WebPage","@id":"https:\/\/hghpeptideslab.com\/product\/epithalon\/","url":"https:\/\/hghpeptideslab.com\/product\/epithalon\/","name":"Epithalon Peptide 10mg | Diretamente da F\u00e1brica na China, HPLC\/COA - HGH Peptides Lab","isPartOf":{"@id":"https:\/\/hghpeptideslab.com\/#website"},"primaryImageOfPage":{"@id":"https:\/\/hghpeptideslab.com\/product\/epithalon\/#primaryimage"},"image":{"@id":"https:\/\/hghpeptideslab.com\/product\/epithalon\/#primaryimage"},"thumbnailUrl":"https:\/\/hghpeptideslab.com\/wp-content\/uploads\/2025\/08\/epithalon10mg.jpg","datePublished":"2025-08-18T01:57:19+00:00","dateModified":"2025-10-21T22:01:32+00:00","description":"Comprar o p\u00e9ptido Epithalon 10mg de um fornecedor chin\u00eas direto da f\u00e1brica. Pharmaceutical-grade quality, HPLC\/COA dispon\u00edveis, envio r\u00e1pido para todo o mundo e descontos a granel.","breadcrumb":{"@id":"https:\/\/hghpeptideslab.com\/product\/epithalon\/#breadcrumb"},"inLanguage":"pt-PT","potentialAction":[{"@type":"ReadAction","target":["https:\/\/hghpeptideslab.com\/product\/epithalon\/"]}],"copyrightNotice":"\u00a9 2010\u20132026 HGH Peptides Lab. All Rights Reserved."},{"@type":"ImageObject","inLanguage":"pt-PT","@id":"https:\/\/hghpeptideslab.com\/product\/epithalon\/#primaryimage","url":"https:\/\/hghpeptideslab.com\/wp-content\/uploads\/2025\/08\/epithalon10mg.jpg","contentUrl":"https:\/\/hghpeptideslab.com\/wp-content\/uploads\/2025\/08\/epithalon10mg.jpg","width":800,"height":800,"caption":"Epithalon 10mg vial (lyophilized powder)"},{"@type":"BreadcrumbList","@id":"https:\/\/hghpeptideslab.com\/product\/epithalon\/#breadcrumb","itemListElement":[{"@type":"ListItem","position":1,"name":"Home","item":"https:\/\/hghpeptideslab.com\/"},{"@type":"ListItem","position":2,"name":"Shop","item":"https:\/\/hghpeptideslab.com\/shop\/"},{"@type":"ListItem","position":3,"name":"Epithalon Peptide"}]},{"@type":"WebSite","@id":"https:\/\/hghpeptideslab.com\/#website","url":"https:\/\/hghpeptideslab.com\/","name":"HGH Peptides Lab","description":"Premium Peptides &amp; HGH Loja","publisher":{"@id":"https:\/\/hghpeptideslab.com\/#organization"},"potentialAction":[{"@type":"SearchAction","target":{"@type":"EntryPoint","urlTemplate":"https:\/\/hghpeptideslab.com\/?s={search_term_string}"},"query-input":{"@type":"PropertyValueSpecification","valueRequired":true,"valueName":"search_term_string"}}],"inLanguage":"pt-PT"},{"@type":"Organization","@id":"https:\/\/hghpeptideslab.com\/#organization","name":"HGH Peptides Lab","url":"https:\/\/hghpeptideslab.com\/pt_pt\/","logo":{"@type":"ImageObject","url":"https:\/\/hghpeptideslab.com\/wp-content\/uploads\/2025\/07\/HGHPEPTIDESLAB-Logo.png"},"image":{"@id":"https:\/\/hghpeptideslab.com\/#\/schema\/logo\/image\/"},"foundingDate":"2010","contactPoint":[{"@type":"ContactPoint","contactType":"customer support","telephone":"+85247559641","email":"CYGGL2025@gmail.com","availableLanguage":["en"]}]}]}},"_links":{"self":[{"href":"https:\/\/hghpeptideslab.com\/pt_pt\/wp-json\/wp\/v2\/product\/9181","targetHints":{"allow":["GET"]}}],"collection":[{"href":"https:\/\/hghpeptideslab.com\/pt_pt\/wp-json\/wp\/v2\/product"}],"about":[{"href":"https:\/\/hghpeptideslab.com\/pt_pt\/wp-json\/wp\/v2\/types\/product"}],"replies":[{"embeddable":true,"href":"https:\/\/hghpeptideslab.com\/pt_pt\/wp-json\/wp\/v2\/comments?post=9181"}],"wp:featuredmedia":[{"embeddable":true,"href":"https:\/\/hghpeptideslab.com\/pt_pt\/wp-json\/wp\/v2\/media\/9178"}],"wp:attachment":[{"href":"https:\/\/hghpeptideslab.com\/pt_pt\/wp-json\/wp\/v2\/media?parent=9181"}],"wp:term":[{"taxonomy":"product_cat","embeddable":true,"href":"https:\/\/hghpeptideslab.com\/pt_pt\/wp-json\/wp\/v2\/product_cat?post=9181"},{"taxonomy":"product_tag","embeddable":true,"href":"https:\/\/hghpeptideslab.com\/pt_pt\/wp-json\/wp\/v2\/product_tag?post=9181"}],"curies":[{"name":"wp","href":"https:\/\/api.w.org\/{rel}","templated":true}]}}