{"id":9191,"date":"2025-08-18T02:45:54","date_gmt":"2025-08-18T02:45:54","guid":{"rendered":"https:\/\/hghpeptideslab.com\/?post_type=product&#038;p=9191"},"modified":"2025-10-22T20:43:29","modified_gmt":"2025-10-22T20:43:29","slug":"myostatin","status":"publish","type":"product","link":"https:\/\/hghpeptideslab.com\/pt_pt\/product\/myostatin\/","title":{"rendered":"Myostatin Peptide"},"content":{"rendered":"<h3>Vis\u00e3o geral<\/h3>\n<p>O Myostatin (GDF-8) \u00e9 amplamente referenciado na investiga\u00e7\u00e3o sobre o desenvolvimento do m\u00fasculo esquel\u00e9tico e a regula\u00e7\u00e3o do crescimento.<br \/>\nO nosso material \u00e9 <strong>GMP-fabricado<\/strong> (mat\u00e9ria-prima de qualidade farmac\u00eautica) com <strong>99%+ pureza<\/strong>.<br \/>\nHPLC\/COA est\u00e1 dispon\u00edvel mediante pedido.<\/p>\n<h3>Carater\u00edsticas principais<\/h3>\n<ul>\n<li>For\u00e7a \u00fanica: <strong>1 mg<\/strong> por vial<\/li>\n<li>Tamanho Kit: <strong>10 vials\/Kit<\/strong><\/li>\n<li>White lyophilized powder para protocolos de investiga\u00e7\u00e3o flex\u00edveis<\/li>\n<li>HPLC\/COA documenta\u00e7\u00e3o a pedido<\/li>\n<\/ul>\n<h3>Focos de investiga\u00e7\u00e3o t\u00edpicos<\/h3>\n<ul>\n<li>Modelos de modula\u00e7\u00e3o da via Myostatin e do crescimento muscular<\/li>\n<li>Mecanismos de repara\u00e7\u00e3o e recupera\u00e7\u00e3o muscular<\/li>\n<li>Estudos de combina\u00e7\u00e3o com follistatina ou factores relacionados<\/li>\n<li>Ensaios celulares sobre a sinaliza\u00e7\u00e3o da hipertrofia\/atrofia<\/li>\n<\/ul>\n<h3>Armazenamento e estabilidade<\/h3>\n<ul>\n<li>Armazenar selado a <strong>2-8 \u00b0C<\/strong>, protegido da luz e da humidade<\/li>\n<li>Utilizar prontamente as solu\u00e7\u00f5es reconstitu\u00eddas em condi\u00e7\u00f5es laboratoriais adequadas<\/li>\n<\/ul>\n<h3>Notas<\/h3>\n<ul>\n<li>Fabricado em <strong>Compat\u00edvel com GMP<\/strong> instala\u00e7\u00f5es<\/li>\n<li>HPLC\/COA dispon\u00edveis mediante pedido<\/li>\n<li>Apenas para investiga\u00e7\u00e3o laboratorial. Os produtos n\u00e3o est\u00e3o rotulados para uso m\u00e9dico.<\/li>\n<\/ul>","protected":false},"excerpt":{"rendered":"<p><strong>Nome:<\/strong> P\u00f3 do p\u00e9ptido 99% Purity Myostatin<br \/>\n<strong>Fun\u00e7\u00e3o:<\/strong> Investiga\u00e7\u00e3o sobre o crescimento muscular; estudos sobre a via da miostatina<br \/>\n<strong>Especifica\u00e7\u00e3o:<\/strong> 1 mg por vial; 10 vials\/kit<br \/>\n<strong>CAS:<\/strong> 271597-12-7<br \/>\n<strong>Apar\u00eancia:<\/strong> White lyophilized powder<\/p>","protected":false},"featured_media":9188,"comment_status":"open","ping_status":"closed","template":"","meta":[],"product_cat":[51,40,60],"product_tag":[160,155],"class_list":{"0":"post-9191","1":"product","2":"type-product","3":"status-publish","4":"has-post-thumbnail","6":"product_brand-dp-hghpeptides","7":"product_brand-hgh-peptides-lab","8":"product_cat-peptides-for-healing","9":"product_cat-peptides-for-muscle-growth","10":"product_cat-specialty-peptides","11":"product_tag-muscle-growth-performance-peptides","12":"product_tag-myostatin-inhibitor","14":"first","15":"instock","16":"shipping-taxable","17":"purchasable","18":"product-type-simple"},"yoast_head":"<!-- This site is optimized with the Yoast SEO Premium plugin v27.5 (Yoast SEO v27.5) - https:\/\/yoast.com\/product\/yoast-seo-premium-wordpress\/ -->\n<title>Myostatin Peptide 1mg | Factory Direct from China \u2013 HGH Peptides Lab<\/title>\n<meta name=\"description\" content=\"Buy Myostatin peptide 1mg (99% purity), GMP-manufactured and factory direct from China. Ask price &amp; bulk discounts; free shipping on $500+ orders.\" \/>\n<meta name=\"robots\" content=\"index, follow, max-snippet:-1, max-image-preview:large, max-video-preview:-1\" \/>\n<link rel=\"canonical\" href=\"https:\/\/hghpeptideslab.com\/pt_pt\/product\/myostatin\/\" \/>\n<meta property=\"og:locale\" content=\"pt_PT\" \/>\n<meta property=\"og:type\" content=\"article\" \/>\n<meta property=\"og:title\" content=\"Myostatin Peptide\" \/>\n<meta property=\"og:description\" content=\"Buy Myostatin peptide 1mg (99% purity), GMP-manufactured and factory direct from China. Ask price &amp; bulk discounts; free shipping on $500+ orders.\" \/>\n<meta property=\"og:url\" content=\"https:\/\/hghpeptideslab.com\/pt_pt\/product\/myostatin\/\" \/>\n<meta property=\"og:site_name\" content=\"HGH Peptides Lab\" \/>\n<meta property=\"article:modified_time\" content=\"2025-10-22T20:43:29+00:00\" \/>\n<meta property=\"og:image\" content=\"https:\/\/hghpeptideslab.com\/wp-content\/uploads\/2025\/08\/myostatin1mg.jpg\" \/>\n\t<meta property=\"og:image:width\" content=\"800\" \/>\n\t<meta property=\"og:image:height\" content=\"800\" \/>\n\t<meta property=\"og:image:type\" content=\"image\/jpeg\" \/>\n<meta name=\"twitter:card\" content=\"summary_large_image\" \/>\n<meta name=\"twitter:label1\" content=\"Tempo estimado de leitura\" \/>\n\t<meta name=\"twitter:data1\" content=\"1 minuto\" \/>\n<script type=\"application\/ld+json\" class=\"yoast-schema-graph\">{\"@context\":\"https:\\\/\\\/schema.org\",\"@graph\":[{\"@type\":\"WebPage\",\"@id\":\"https:\\\/\\\/hghpeptideslab.com\\\/product\\\/myostatin\\\/\",\"url\":\"https:\\\/\\\/hghpeptideslab.com\\\/product\\\/myostatin\\\/\",\"name\":\"Myostatin Peptide 1mg | Factory Direct from China \u2013 HGH Peptides Lab\",\"isPartOf\":{\"@id\":\"https:\\\/\\\/hghpeptideslab.com\\\/#website\"},\"primaryImageOfPage\":{\"@id\":\"https:\\\/\\\/hghpeptideslab.com\\\/product\\\/myostatin\\\/#primaryimage\"},\"image\":{\"@id\":\"https:\\\/\\\/hghpeptideslab.com\\\/product\\\/myostatin\\\/#primaryimage\"},\"thumbnailUrl\":\"https:\\\/\\\/hghpeptideslab.com\\\/wp-content\\\/uploads\\\/2025\\\/08\\\/myostatin1mg.jpg\",\"datePublished\":\"2025-08-18T02:45:54+00:00\",\"dateModified\":\"2025-10-22T20:43:29+00:00\",\"description\":\"Buy Myostatin peptide 1mg (99% purity), GMP-manufactured and factory direct from China. Ask price & bulk discounts; free shipping on $500+ orders.\",\"breadcrumb\":{\"@id\":\"https:\\\/\\\/hghpeptideslab.com\\\/product\\\/myostatin\\\/#breadcrumb\"},\"inLanguage\":\"pt-PT\",\"potentialAction\":[{\"@type\":\"ReadAction\",\"target\":[\"https:\\\/\\\/hghpeptideslab.com\\\/product\\\/myostatin\\\/\"]}],\"copyrightNotice\":\"\u00a9 2010\u20132026 HGH Peptides Lab. All Rights Reserved.\"},{\"@type\":\"ImageObject\",\"inLanguage\":\"pt-PT\",\"@id\":\"https:\\\/\\\/hghpeptideslab.com\\\/product\\\/myostatin\\\/#primaryimage\",\"url\":\"https:\\\/\\\/hghpeptideslab.com\\\/wp-content\\\/uploads\\\/2025\\\/08\\\/myostatin1mg.jpg\",\"contentUrl\":\"https:\\\/\\\/hghpeptideslab.com\\\/wp-content\\\/uploads\\\/2025\\\/08\\\/myostatin1mg.jpg\",\"width\":800,\"height\":800,\"caption\":\"1 mg per vial, 10 vials per kit; designed for muscle growth pathway research.\"},{\"@type\":\"BreadcrumbList\",\"@id\":\"https:\\\/\\\/hghpeptideslab.com\\\/product\\\/myostatin\\\/#breadcrumb\",\"itemListElement\":[{\"@type\":\"ListItem\",\"position\":1,\"name\":\"Home\",\"item\":\"https:\\\/\\\/hghpeptideslab.com\\\/\"},{\"@type\":\"ListItem\",\"position\":2,\"name\":\"Shop\",\"item\":\"https:\\\/\\\/hghpeptideslab.com\\\/shop\\\/\"},{\"@type\":\"ListItem\",\"position\":3,\"name\":\"Myostatin Peptide\"}]},{\"@type\":\"WebSite\",\"@id\":\"https:\\\/\\\/hghpeptideslab.com\\\/#website\",\"url\":\"https:\\\/\\\/hghpeptideslab.com\\\/\",\"name\":\"HGH Peptides Lab\",\"description\":\"Premium Peptides &amp; HGH Shop\",\"publisher\":{\"@id\":\"https:\\\/\\\/hghpeptideslab.com\\\/#organization\"},\"potentialAction\":[{\"@type\":\"SearchAction\",\"target\":{\"@type\":\"EntryPoint\",\"urlTemplate\":\"https:\\\/\\\/hghpeptideslab.com\\\/?s={search_term_string}\"},\"query-input\":{\"@type\":\"PropertyValueSpecification\",\"valueRequired\":true,\"valueName\":\"search_term_string\"}}],\"inLanguage\":\"pt-PT\"},{\"@type\":\"Organization\",\"@id\":\"https:\\\/\\\/hghpeptideslab.com\\\/#organization\",\"name\":\"HGH Peptides Lab\",\"url\":\"https:\\\/\\\/hghpeptideslab.com\\\/pt_pt\\\/\",\"logo\":{\"@type\":\"ImageObject\",\"url\":\"https:\\\/\\\/hghpeptideslab.com\\\/wp-content\\\/uploads\\\/2025\\\/07\\\/HGHPEPTIDESLAB-Logo.png\"},\"image\":{\"@id\":\"https:\\\/\\\/hghpeptideslab.com\\\/#\\\/schema\\\/logo\\\/image\\\/\"},\"foundingDate\":\"2010\",\"contactPoint\":[{\"@type\":\"ContactPoint\",\"contactType\":\"customer support\",\"telephone\":\"+85247559641\",\"email\":\"CYGGL2025@gmail.com\",\"availableLanguage\":[\"en\"]}]}]}<\/script>\n<!-- \/ Yoast SEO Premium plugin. -->","yoast_head_json":{"title":"Myostatin Peptide 1mg | Direto da f\u00e1brica da China - HGH Peptides Lab","description":"Comprar pept\u00eddeo Myostatin 1mg (99% purity), GMP-fabricado e f\u00e1brica diretamente da China. Pe\u00e7a pre\u00e7os e descontos a granel; envio gratuito para encomendas de $500+.","robots":{"index":"index","follow":"follow","max-snippet":"max-snippet:-1","max-image-preview":"max-image-preview:large","max-video-preview":"max-video-preview:-1"},"canonical":"https:\/\/hghpeptideslab.com\/pt_pt\/product\/myostatin\/","og_locale":"pt_PT","og_type":"article","og_title":"Myostatin Peptide","og_description":"Buy Myostatin peptide 1mg (99% purity), GMP-manufactured and factory direct from China. Ask price & bulk discounts; free shipping on $500+ orders.","og_url":"https:\/\/hghpeptideslab.com\/pt_pt\/product\/myostatin\/","og_site_name":"HGH Peptides Lab","article_modified_time":"2025-10-22T20:43:29+00:00","og_image":[{"width":800,"height":800,"url":"https:\/\/hghpeptideslab.com\/wp-content\/uploads\/2025\/08\/myostatin1mg.jpg","type":"image\/jpeg"}],"twitter_card":"summary_large_image","twitter_misc":{"Tempo estimado de leitura":"1 minuto"},"schema":{"@context":"https:\/\/schema.org","@graph":[{"@type":"WebPage","@id":"https:\/\/hghpeptideslab.com\/product\/myostatin\/","url":"https:\/\/hghpeptideslab.com\/product\/myostatin\/","name":"Myostatin Peptide 1mg | Direto da f\u00e1brica da China - HGH Peptides Lab","isPartOf":{"@id":"https:\/\/hghpeptideslab.com\/#website"},"primaryImageOfPage":{"@id":"https:\/\/hghpeptideslab.com\/product\/myostatin\/#primaryimage"},"image":{"@id":"https:\/\/hghpeptideslab.com\/product\/myostatin\/#primaryimage"},"thumbnailUrl":"https:\/\/hghpeptideslab.com\/wp-content\/uploads\/2025\/08\/myostatin1mg.jpg","datePublished":"2025-08-18T02:45:54+00:00","dateModified":"2025-10-22T20:43:29+00:00","description":"Comprar pept\u00eddeo Myostatin 1mg (99% purity), GMP-fabricado e f\u00e1brica diretamente da China. Pe\u00e7a pre\u00e7os e descontos a granel; envio gratuito para encomendas de $500+.","breadcrumb":{"@id":"https:\/\/hghpeptideslab.com\/product\/myostatin\/#breadcrumb"},"inLanguage":"pt-PT","potentialAction":[{"@type":"ReadAction","target":["https:\/\/hghpeptideslab.com\/product\/myostatin\/"]}],"copyrightNotice":"\u00a9 2010\u20132026 HGH Peptides Lab. All Rights Reserved."},{"@type":"ImageObject","inLanguage":"pt-PT","@id":"https:\/\/hghpeptideslab.com\/product\/myostatin\/#primaryimage","url":"https:\/\/hghpeptideslab.com\/wp-content\/uploads\/2025\/08\/myostatin1mg.jpg","contentUrl":"https:\/\/hghpeptideslab.com\/wp-content\/uploads\/2025\/08\/myostatin1mg.jpg","width":800,"height":800,"caption":"1 mg per vial, 10 vials per kit; designed for muscle growth pathway research."},{"@type":"BreadcrumbList","@id":"https:\/\/hghpeptideslab.com\/product\/myostatin\/#breadcrumb","itemListElement":[{"@type":"ListItem","position":1,"name":"Home","item":"https:\/\/hghpeptideslab.com\/"},{"@type":"ListItem","position":2,"name":"Shop","item":"https:\/\/hghpeptideslab.com\/shop\/"},{"@type":"ListItem","position":3,"name":"Myostatin Peptide"}]},{"@type":"WebSite","@id":"https:\/\/hghpeptideslab.com\/#website","url":"https:\/\/hghpeptideslab.com\/","name":"HGH Peptides Lab","description":"Premium Peptides &amp; HGH Loja","publisher":{"@id":"https:\/\/hghpeptideslab.com\/#organization"},"potentialAction":[{"@type":"SearchAction","target":{"@type":"EntryPoint","urlTemplate":"https:\/\/hghpeptideslab.com\/?s={search_term_string}"},"query-input":{"@type":"PropertyValueSpecification","valueRequired":true,"valueName":"search_term_string"}}],"inLanguage":"pt-PT"},{"@type":"Organization","@id":"https:\/\/hghpeptideslab.com\/#organization","name":"HGH Peptides Lab","url":"https:\/\/hghpeptideslab.com\/pt_pt\/","logo":{"@type":"ImageObject","url":"https:\/\/hghpeptideslab.com\/wp-content\/uploads\/2025\/07\/HGHPEPTIDESLAB-Logo.png"},"image":{"@id":"https:\/\/hghpeptideslab.com\/#\/schema\/logo\/image\/"},"foundingDate":"2010","contactPoint":[{"@type":"ContactPoint","contactType":"customer support","telephone":"+85247559641","email":"CYGGL2025@gmail.com","availableLanguage":["en"]}]}]}},"_links":{"self":[{"href":"https:\/\/hghpeptideslab.com\/pt_pt\/wp-json\/wp\/v2\/product\/9191","targetHints":{"allow":["GET"]}}],"collection":[{"href":"https:\/\/hghpeptideslab.com\/pt_pt\/wp-json\/wp\/v2\/product"}],"about":[{"href":"https:\/\/hghpeptideslab.com\/pt_pt\/wp-json\/wp\/v2\/types\/product"}],"replies":[{"embeddable":true,"href":"https:\/\/hghpeptideslab.com\/pt_pt\/wp-json\/wp\/v2\/comments?post=9191"}],"wp:featuredmedia":[{"embeddable":true,"href":"https:\/\/hghpeptideslab.com\/pt_pt\/wp-json\/wp\/v2\/media\/9188"}],"wp:attachment":[{"href":"https:\/\/hghpeptideslab.com\/pt_pt\/wp-json\/wp\/v2\/media?parent=9191"}],"wp:term":[{"taxonomy":"product_cat","embeddable":true,"href":"https:\/\/hghpeptideslab.com\/pt_pt\/wp-json\/wp\/v2\/product_cat?post=9191"},{"taxonomy":"product_tag","embeddable":true,"href":"https:\/\/hghpeptideslab.com\/pt_pt\/wp-json\/wp\/v2\/product_tag?post=9191"}],"curies":[{"name":"wp","href":"https:\/\/api.w.org\/{rel}","templated":true}]}}