{"id":9773,"date":"2025-09-12T09:53:34","date_gmt":"2025-09-12T09:53:34","guid":{"rendered":"https:\/\/hghpeptideslab.com\/?post_type=product&#038;p=9773"},"modified":"2025-10-06T03:24:52","modified_gmt":"2025-10-06T03:24:52","slug":"sildenafil-citrate","status":"publish","type":"product","link":"https:\/\/hghpeptideslab.com\/pt_pt\/product\/sildenafil-citrate\/","title":{"rendered":"Sildenafil Citrate - Raw Powder"},"content":{"rendered":"<h3>Vis\u00e3o geral<\/h3>\n<p><strong>Sildenafil Citrate<\/strong> \u00e9 frequentemente referido em projectos de estudo que exploram a <strong>Via PDE5 \/ NO-cGMP<\/strong> e <strong>fluxo sangu\u00edneo\/hemodin\u00e2mica<\/strong> par\u00e2metros. Fornecido como p\u00f3 bruto com <strong>99% purity<\/strong> e <strong>qualidade de grau farmac\u00eautico<\/strong> para apoiar uma investiga\u00e7\u00e3o coerente e comparativa. <strong>Apenas para uso em investiga\u00e7\u00e3o.<\/strong><\/p>\n<h3>Carater\u00edsticas principais<\/h3>\n<ul>\n<li><strong>Embalagem:<\/strong> Bolsa de folha de alum\u00ednio (selada, com dessecante inclu\u00eddo); unidade t\u00edpica: <strong>1 kg<\/strong><\/li>\n<li><strong>Qualidade:<\/strong> 99% purity; consist\u00eancia de lote de qualidade farmac\u00eautica<\/li>\n<li><strong>Formato:<\/strong> P\u00f3 bruto para rastreio, desenvolvimento de m\u00e9todos e otimiza\u00e7\u00e3o de protocolos<\/li>\n<li><strong>Origem:<\/strong> China - fornecimento direto da f\u00e1brica<\/li>\n<\/ul>\n<h3>Focos de investiga\u00e7\u00e3o t\u00edpicos<\/h3>\n<ul>\n<li>Compara\u00e7\u00f5es das vias PDE5 \/ NO-cGMP e modelos de dose-resposta<\/li>\n<li>Fun\u00e7\u00e3o er\u00e9til e fluxo sangu\u00edneo\/quadros hemodin\u00e2micos<\/li>\n<li>Pain\u00e9is de comparadores e concep\u00e7\u00f5es de ensaios multiponto<\/li>\n<\/ul>\n<h3>Qualidade e manuseamento<\/h3>\n<ul>\n<li>Especifica\u00e7\u00e3o Pharmaceutical-grade com 99% purity<\/li>\n<li>Manuseamento e solubilidade previs\u00edveis para ensaios comparativos<\/li>\n<li>Rotulagem limpa para utiliza\u00e7\u00e3o em investiga\u00e7\u00e3o e rastreabilidade dos lotes<\/li>\n<\/ul>\n<h3>Armazenamento e estabilidade<\/h3>\n<ul>\n<li>Armazenar selado a <strong>2-8 \u00b0C<\/strong>, seco e protegido da luz<\/li>\n<li>Minimizar a exposi\u00e7\u00e3o \u00e0 humidade; voltar a selar imediatamente ap\u00f3s a utiliza\u00e7\u00e3o<\/li>\n<\/ul>\n<h3>Liga\u00e7\u00f5es internas<\/h3>\n<ul>\n<li><a href=\"\/pt_pt\/product-category\/sexual-wellness-raw-powders\/\">Bem-estar sexual Raw Powders<\/a><\/li>\n<li><a href=\"\/pt_pt\/product-tag\/sildenafil-citrate\/\">Sildenafil Citrate<\/a><\/li>\n<li><a href=\"\/pt_pt\/product-tag\/erectile-function-support\/\">Apoio \u00e0 fun\u00e7\u00e3o er\u00e9til<\/a><\/li>\n<li><a href=\"\/pt_pt\/product-tag\/blood-flow-vasodilation\/\">Fluxo sangu\u00edneo e vasodilata\u00e7\u00e3o<\/a><\/li>\n<li><a href=\"\/pt_pt\/product-tag\/pde5-pathway\/\">Via PDE5<\/a><\/li>\n<li><a href=\"\/pt_pt\/product-tag\/research-powder-99-purity\/\">P\u00f3 de investiga\u00e7\u00e3o (99% Purity)<\/a><\/li>\n<\/ul>\n<h3>Conformidade<\/h3>\n<p><strong>Apenas para uso em investiga\u00e7\u00e3o.<\/strong><\/p>","protected":false},"excerpt":{"rendered":"<p><strong>Nome:<\/strong> Sildenafil Citrate em p\u00f3 bruto (99% purity, de qualidade farmac\u00eautica)<br \/>\n<strong>Fun\u00e7\u00e3o:<\/strong> Investiga\u00e7\u00e3o da via PDE5\/NO-cGMP; modelos de fun\u00e7\u00e3o er\u00e9til\/fluxo sangu\u00edneo<br \/>\n<strong>Especifica\u00e7\u00e3o:<\/strong> Bolsa de folha de alum\u00ednio<br \/>\n<strong>CAS:<\/strong> 171599-83-0<br \/>\n<strong>Apar\u00eancia:<\/strong> P\u00f3 cristalino branco a esbranqui\u00e7ado<br \/>\n<strong>Nota:<\/strong> O pre\u00e7o indicado \u00e9 para <u>1 kg<\/u>. Para quantidades mais pequenas ou a granel, contacte-nos.<\/p>","protected":false},"featured_media":9772,"comment_status":"open","ping_status":"closed","template":"","meta":[],"product_cat":[361],"product_tag":[394,390,392,398,389,386],"class_list":{"0":"post-9773","1":"product","2":"type-product","3":"status-publish","4":"has-post-thumbnail","6":"product_brand-dp-hghpeptides","7":"product_brand-hgh-peptides-lab","8":"product_cat-sexual-wellness-raw-powders","9":"product_tag-blood-flow-vasodilation","10":"product_tag-erectile-function-support","11":"product_tag-pde5-pathway","12":"product_tag-research-powder-99-purity","13":"product_tag-sexual-wellness-performance","14":"product_tag-sildenafil-citrate","16":"first","17":"instock","18":"shipping-taxable","19":"purchasable","20":"product-type-simple"},"yoast_head":"<!-- This site is optimized with the Yoast SEO Premium plugin v27.3 (Yoast SEO v27.3) - https:\/\/yoast.com\/product\/yoast-seo-premium-wordpress\/ -->\n<title>Sildenafil Citrate Powder \u2014 Price &amp; Specs | HGH Peptides Lab<\/title>\n<meta name=\"description\" content=\"Sildenafil Citrate raw powder (99% purity, pharmaceutical-grade) for PDE5\/NO-cGMP and blood-flow research. Research use only. Contact us for quantities.\" \/>\n<meta name=\"robots\" content=\"index, follow, max-snippet:-1, max-image-preview:large, max-video-preview:-1\" \/>\n<link rel=\"canonical\" href=\"https:\/\/hghpeptideslab.com\/pt_pt\/product\/sildenafil-citrate\/\" \/>\n<meta property=\"og:locale\" content=\"pt_PT\" \/>\n<meta property=\"og:type\" content=\"article\" \/>\n<meta property=\"og:title\" content=\"Sildenafil Citrate \u2014 Raw Powder\" \/>\n<meta property=\"og:description\" content=\"Sildenafil Citrate raw powder (99% purity, pharmaceutical-grade) for PDE5\/NO-cGMP and blood-flow research. Research use only. Contact us for quantities.\" \/>\n<meta property=\"og:url\" content=\"https:\/\/hghpeptideslab.com\/pt_pt\/product\/sildenafil-citrate\/\" \/>\n<meta property=\"og:site_name\" content=\"HGH Peptides Lab\" \/>\n<meta property=\"article:modified_time\" content=\"2025-10-06T03:24:52+00:00\" \/>\n<meta property=\"og:image\" content=\"https:\/\/hghpeptideslab.com\/wp-content\/uploads\/2025\/09\/sildenafil-citrate.jpg\" \/>\n\t<meta property=\"og:image:width\" content=\"800\" \/>\n\t<meta property=\"og:image:height\" content=\"800\" \/>\n\t<meta property=\"og:image:type\" content=\"image\/jpeg\" \/>\n<meta name=\"twitter:card\" content=\"summary_large_image\" \/>\n<meta name=\"twitter:label1\" content=\"Tempo estimado de leitura\" \/>\n\t<meta name=\"twitter:data1\" content=\"2 minutos\" \/>\n<script type=\"application\/ld+json\" class=\"yoast-schema-graph\">{\"@context\":\"https:\\\/\\\/schema.org\",\"@graph\":[{\"@type\":\"WebPage\",\"@id\":\"https:\\\/\\\/hghpeptideslab.com\\\/product\\\/sildenafil-citrate\\\/\",\"url\":\"https:\\\/\\\/hghpeptideslab.com\\\/product\\\/sildenafil-citrate\\\/\",\"name\":\"Sildenafil Citrate Powder \u2014 Price & Specs | HGH Peptides Lab\",\"isPartOf\":{\"@id\":\"https:\\\/\\\/hghpeptideslab.com\\\/#website\"},\"primaryImageOfPage\":{\"@id\":\"https:\\\/\\\/hghpeptideslab.com\\\/product\\\/sildenafil-citrate\\\/#primaryimage\"},\"image\":{\"@id\":\"https:\\\/\\\/hghpeptideslab.com\\\/product\\\/sildenafil-citrate\\\/#primaryimage\"},\"thumbnailUrl\":\"https:\\\/\\\/hghpeptideslab.com\\\/wp-content\\\/uploads\\\/2025\\\/09\\\/sildenafil-citrate.jpg\",\"datePublished\":\"2025-09-12T09:53:34+00:00\",\"dateModified\":\"2025-10-06T03:24:52+00:00\",\"description\":\"Sildenafil Citrate raw powder (99% purity, pharmaceutical-grade) for PDE5\\\/NO-cGMP and blood-flow research. Research use only. Contact us for quantities.\",\"breadcrumb\":{\"@id\":\"https:\\\/\\\/hghpeptideslab.com\\\/product\\\/sildenafil-citrate\\\/#breadcrumb\"},\"inLanguage\":\"pt-PT\",\"potentialAction\":[{\"@type\":\"ReadAction\",\"target\":[\"https:\\\/\\\/hghpeptideslab.com\\\/product\\\/sildenafil-citrate\\\/\"]}],\"copyrightNotice\":\"\u00a9 2010\u20132026 HGH Peptides Lab. All Rights Reserved.\"},{\"@type\":\"ImageObject\",\"inLanguage\":\"pt-PT\",\"@id\":\"https:\\\/\\\/hghpeptideslab.com\\\/product\\\/sildenafil-citrate\\\/#primaryimage\",\"url\":\"https:\\\/\\\/hghpeptideslab.com\\\/wp-content\\\/uploads\\\/2025\\\/09\\\/sildenafil-citrate.jpg\",\"contentUrl\":\"https:\\\/\\\/hghpeptideslab.com\\\/wp-content\\\/uploads\\\/2025\\\/09\\\/sildenafil-citrate.jpg\",\"width\":800,\"height\":800,\"caption\":\"Clean pack shot for research catalogs\"},{\"@type\":\"BreadcrumbList\",\"@id\":\"https:\\\/\\\/hghpeptideslab.com\\\/product\\\/sildenafil-citrate\\\/#breadcrumb\",\"itemListElement\":[{\"@type\":\"ListItem\",\"position\":1,\"name\":\"Home\",\"item\":\"https:\\\/\\\/hghpeptideslab.com\\\/\"},{\"@type\":\"ListItem\",\"position\":2,\"name\":\"Shop\",\"item\":\"https:\\\/\\\/hghpeptideslab.com\\\/shop\\\/\"},{\"@type\":\"ListItem\",\"position\":3,\"name\":\"Sildenafil Citrate \u2014 Raw Powder\"}]},{\"@type\":\"WebSite\",\"@id\":\"https:\\\/\\\/hghpeptideslab.com\\\/#website\",\"url\":\"https:\\\/\\\/hghpeptideslab.com\\\/\",\"name\":\"HGH Peptides Lab\",\"description\":\"Premium Peptides &amp; HGH Shop\",\"publisher\":{\"@id\":\"https:\\\/\\\/hghpeptideslab.com\\\/#organization\"},\"potentialAction\":[{\"@type\":\"SearchAction\",\"target\":{\"@type\":\"EntryPoint\",\"urlTemplate\":\"https:\\\/\\\/hghpeptideslab.com\\\/?s={search_term_string}\"},\"query-input\":{\"@type\":\"PropertyValueSpecification\",\"valueRequired\":true,\"valueName\":\"search_term_string\"}}],\"inLanguage\":\"pt-PT\"},{\"@type\":\"Organization\",\"@id\":\"https:\\\/\\\/hghpeptideslab.com\\\/#organization\",\"name\":\"HGH Peptides Lab\",\"url\":\"https:\\\/\\\/hghpeptideslab.com\\\/pt_pt\\\/\",\"logo\":{\"@type\":\"ImageObject\",\"url\":\"https:\\\/\\\/hghpeptideslab.com\\\/wp-content\\\/uploads\\\/2025\\\/07\\\/HGHPEPTIDESLAB-Logo.png\"},\"image\":{\"@id\":\"https:\\\/\\\/hghpeptideslab.com\\\/#\\\/schema\\\/logo\\\/image\\\/\"},\"foundingDate\":\"2010\",\"contactPoint\":[{\"@type\":\"ContactPoint\",\"contactType\":\"customer support\",\"telephone\":\"+85247559641\",\"email\":\"CYGGL2025@gmail.com\",\"availableLanguage\":[\"en\"]}]}]}<\/script>\n<!-- \/ Yoast SEO Premium plugin. -->","yoast_head_json":{"title":"Sildenafil Citrate P\u00f3 - Pre\u00e7o e especifica\u00e7\u00f5es | HGH Peptides Lab","description":"Sildenafil Citrate em p\u00f3 bruto (99% purity, de qualidade farmac\u00eautica) para investiga\u00e7\u00e3o de PDE5\/NO-cGMP e de fluxo sangu\u00edneo. Apenas para uso em investiga\u00e7\u00e3o. Contactar-nos para quantidades.","robots":{"index":"index","follow":"follow","max-snippet":"max-snippet:-1","max-image-preview":"max-image-preview:large","max-video-preview":"max-video-preview:-1"},"canonical":"https:\/\/hghpeptideslab.com\/pt_pt\/product\/sildenafil-citrate\/","og_locale":"pt_PT","og_type":"article","og_title":"Sildenafil Citrate \u2014 Raw Powder","og_description":"Sildenafil Citrate raw powder (99% purity, pharmaceutical-grade) for PDE5\/NO-cGMP and blood-flow research. Research use only. Contact us for quantities.","og_url":"https:\/\/hghpeptideslab.com\/pt_pt\/product\/sildenafil-citrate\/","og_site_name":"HGH Peptides Lab","article_modified_time":"2025-10-06T03:24:52+00:00","og_image":[{"width":800,"height":800,"url":"https:\/\/hghpeptideslab.com\/wp-content\/uploads\/2025\/09\/sildenafil-citrate.jpg","type":"image\/jpeg"}],"twitter_card":"summary_large_image","twitter_misc":{"Tempo estimado de leitura":"2 minutos"},"schema":{"@context":"https:\/\/schema.org","@graph":[{"@type":"WebPage","@id":"https:\/\/hghpeptideslab.com\/product\/sildenafil-citrate\/","url":"https:\/\/hghpeptideslab.com\/product\/sildenafil-citrate\/","name":"Sildenafil Citrate P\u00f3 - Pre\u00e7o e especifica\u00e7\u00f5es | HGH Peptides Lab","isPartOf":{"@id":"https:\/\/hghpeptideslab.com\/#website"},"primaryImageOfPage":{"@id":"https:\/\/hghpeptideslab.com\/product\/sildenafil-citrate\/#primaryimage"},"image":{"@id":"https:\/\/hghpeptideslab.com\/product\/sildenafil-citrate\/#primaryimage"},"thumbnailUrl":"https:\/\/hghpeptideslab.com\/wp-content\/uploads\/2025\/09\/sildenafil-citrate.jpg","datePublished":"2025-09-12T09:53:34+00:00","dateModified":"2025-10-06T03:24:52+00:00","description":"Sildenafil Citrate em p\u00f3 bruto (99% purity, de qualidade farmac\u00eautica) para investiga\u00e7\u00e3o de PDE5\/NO-cGMP e de fluxo sangu\u00edneo. Apenas para uso em investiga\u00e7\u00e3o. Contactar-nos para quantidades.","breadcrumb":{"@id":"https:\/\/hghpeptideslab.com\/product\/sildenafil-citrate\/#breadcrumb"},"inLanguage":"pt-PT","potentialAction":[{"@type":"ReadAction","target":["https:\/\/hghpeptideslab.com\/product\/sildenafil-citrate\/"]}],"copyrightNotice":"\u00a9 2010\u20132026 HGH Peptides Lab. All Rights Reserved."},{"@type":"ImageObject","inLanguage":"pt-PT","@id":"https:\/\/hghpeptideslab.com\/product\/sildenafil-citrate\/#primaryimage","url":"https:\/\/hghpeptideslab.com\/wp-content\/uploads\/2025\/09\/sildenafil-citrate.jpg","contentUrl":"https:\/\/hghpeptideslab.com\/wp-content\/uploads\/2025\/09\/sildenafil-citrate.jpg","width":800,"height":800,"caption":"Clean pack shot for research catalogs"},{"@type":"BreadcrumbList","@id":"https:\/\/hghpeptideslab.com\/product\/sildenafil-citrate\/#breadcrumb","itemListElement":[{"@type":"ListItem","position":1,"name":"Home","item":"https:\/\/hghpeptideslab.com\/"},{"@type":"ListItem","position":2,"name":"Shop","item":"https:\/\/hghpeptideslab.com\/shop\/"},{"@type":"ListItem","position":3,"name":"Sildenafil Citrate \u2014 Raw Powder"}]},{"@type":"WebSite","@id":"https:\/\/hghpeptideslab.com\/#website","url":"https:\/\/hghpeptideslab.com\/","name":"HGH Peptides Lab","description":"Premium Peptides &amp; HGH Loja","publisher":{"@id":"https:\/\/hghpeptideslab.com\/#organization"},"potentialAction":[{"@type":"SearchAction","target":{"@type":"EntryPoint","urlTemplate":"https:\/\/hghpeptideslab.com\/?s={search_term_string}"},"query-input":{"@type":"PropertyValueSpecification","valueRequired":true,"valueName":"search_term_string"}}],"inLanguage":"pt-PT"},{"@type":"Organization","@id":"https:\/\/hghpeptideslab.com\/#organization","name":"HGH Peptides Lab","url":"https:\/\/hghpeptideslab.com\/pt_pt\/","logo":{"@type":"ImageObject","url":"https:\/\/hghpeptideslab.com\/wp-content\/uploads\/2025\/07\/HGHPEPTIDESLAB-Logo.png"},"image":{"@id":"https:\/\/hghpeptideslab.com\/#\/schema\/logo\/image\/"},"foundingDate":"2010","contactPoint":[{"@type":"ContactPoint","contactType":"customer support","telephone":"+85247559641","email":"CYGGL2025@gmail.com","availableLanguage":["en"]}]}]}},"_links":{"self":[{"href":"https:\/\/hghpeptideslab.com\/pt_pt\/wp-json\/wp\/v2\/product\/9773","targetHints":{"allow":["GET"]}}],"collection":[{"href":"https:\/\/hghpeptideslab.com\/pt_pt\/wp-json\/wp\/v2\/product"}],"about":[{"href":"https:\/\/hghpeptideslab.com\/pt_pt\/wp-json\/wp\/v2\/types\/product"}],"replies":[{"embeddable":true,"href":"https:\/\/hghpeptideslab.com\/pt_pt\/wp-json\/wp\/v2\/comments?post=9773"}],"wp:featuredmedia":[{"embeddable":true,"href":"https:\/\/hghpeptideslab.com\/pt_pt\/wp-json\/wp\/v2\/media\/9772"}],"wp:attachment":[{"href":"https:\/\/hghpeptideslab.com\/pt_pt\/wp-json\/wp\/v2\/media?parent=9773"}],"wp:term":[{"taxonomy":"product_cat","embeddable":true,"href":"https:\/\/hghpeptideslab.com\/pt_pt\/wp-json\/wp\/v2\/product_cat?post=9773"},{"taxonomy":"product_tag","embeddable":true,"href":"https:\/\/hghpeptideslab.com\/pt_pt\/wp-json\/wp\/v2\/product_tag?post=9773"}],"curies":[{"name":"wp","href":"https:\/\/api.w.org\/{rel}","templated":true}]}}