{"id":10,"date":"2020-12-16T08:16:12","date_gmt":"2020-12-16T08:16:12","guid":{"rendered":"https:\/\/demo2wpopal.b-cdn.net\/supplero\/?page_id=10"},"modified":"2025-08-09T21:30:40","modified_gmt":"2025-08-09T21:30:40","slug":"wishlist-2","status":"publish","type":"page","link":"https:\/\/hghpeptideslab.com\/ro\/wishlist-2\/","title":{"rendered":"Lista dorin\u021belor"},"content":{"rendered":"<div class=\"woosw-list\"><div class=\"woosw-popup-content-mid-message\">Nu exist\u0103 niciun produs \u00een lista cu preferin\u021be!<\/div><\/div><!-- \/woosw-list -->","protected":false},"excerpt":{"rendered":"","protected":false},"author":1,"featured_media":0,"parent":0,"menu_order":0,"comment_status":"closed","ping_status":"closed","template":"","meta":{"footnotes":""},"class_list":["post-10","page","type-page","status-publish","hentry"],"yoast_head":"<!-- This site is optimized with the Yoast SEO Premium plugin v27.5 (Yoast SEO v27.5) - https:\/\/yoast.com\/product\/yoast-seo-premium-wordpress\/ -->\n<title>Wishlist Page | Track, Save &amp; Manage Your Favorite HGH &amp; Peptide Products \u2013 HGH Peptides Lab<\/title>\n<meta name=\"description\" content=\"Save and manage your favorite HGH and peptide products in one place. Easily track items, compare options, and revisit later for a smooth shopping experience.\" \/>\n<meta name=\"robots\" content=\"index, follow, max-snippet:-1, max-image-preview:large, max-video-preview:-1\" \/>\n<link rel=\"canonical\" href=\"https:\/\/hghpeptideslab.com\/ro\/wishlist-2\/\" \/>\n<meta property=\"og:locale\" content=\"ro_RO\" \/>\n<meta property=\"og:type\" content=\"article\" \/>\n<meta property=\"og:title\" content=\"Wishlist\" \/>\n<meta property=\"og:description\" content=\"Save and manage your favorite HGH and peptide products in one place. Easily track items, compare options, and revisit later for a smooth shopping experience.\" \/>\n<meta property=\"og:url\" content=\"https:\/\/hghpeptideslab.com\/ro\/wishlist-2\/\" \/>\n<meta property=\"og:site_name\" content=\"HGH Peptides Lab\" \/>\n<meta property=\"article:modified_time\" content=\"2025-08-09T21:30:40+00:00\" \/>\n<meta name=\"twitter:card\" content=\"summary_large_image\" \/>\n<meta name=\"twitter:label1\" content=\"Timp estimat pentru citire\" \/>\n\t<meta name=\"twitter:data1\" content=\"1 minut\" \/>\n<script type=\"application\/ld+json\" class=\"yoast-schema-graph\">{\"@context\":\"https:\\\/\\\/schema.org\",\"@graph\":[{\"@type\":\"WebPage\",\"@id\":\"https:\\\/\\\/hghpeptideslab.com\\\/wishlist-2\\\/\",\"url\":\"https:\\\/\\\/hghpeptideslab.com\\\/wishlist-2\\\/\",\"name\":\"Wishlist Page | Track, Save & Manage Your Favorite HGH & Peptide Products \u2013 HGH Peptides Lab\",\"isPartOf\":{\"@id\":\"https:\\\/\\\/hghpeptideslab.com\\\/#website\"},\"datePublished\":\"2020-12-16T08:16:12+00:00\",\"dateModified\":\"2025-08-09T21:30:40+00:00\",\"description\":\"Save and manage your favorite HGH and peptide products in one place. Easily track items, compare options, and revisit later for a smooth shopping experience.\",\"breadcrumb\":{\"@id\":\"https:\\\/\\\/hghpeptideslab.com\\\/wishlist-2\\\/#breadcrumb\"},\"inLanguage\":\"ro-RO\",\"potentialAction\":[{\"@type\":\"ReadAction\",\"target\":[\"https:\\\/\\\/hghpeptideslab.com\\\/wishlist-2\\\/\"]}],\"copyrightNotice\":\"\u00a9 2010\u20132026 HGH Peptides Lab. All Rights Reserved.\"},{\"@type\":\"BreadcrumbList\",\"@id\":\"https:\\\/\\\/hghpeptideslab.com\\\/wishlist-2\\\/#breadcrumb\",\"itemListElement\":[{\"@type\":\"ListItem\",\"position\":1,\"name\":\"Home\",\"item\":\"https:\\\/\\\/hghpeptideslab.com\\\/\"},{\"@type\":\"ListItem\",\"position\":2,\"name\":\"Wishlist\"}]},{\"@type\":\"WebSite\",\"@id\":\"https:\\\/\\\/hghpeptideslab.com\\\/#website\",\"url\":\"https:\\\/\\\/hghpeptideslab.com\\\/\",\"name\":\"HGH Peptides Lab\",\"description\":\"Premium Peptides &amp; HGH Shop\",\"publisher\":{\"@id\":\"https:\\\/\\\/hghpeptideslab.com\\\/#organization\"},\"potentialAction\":[{\"@type\":\"SearchAction\",\"target\":{\"@type\":\"EntryPoint\",\"urlTemplate\":\"https:\\\/\\\/hghpeptideslab.com\\\/?s={search_term_string}\"},\"query-input\":{\"@type\":\"PropertyValueSpecification\",\"valueRequired\":true,\"valueName\":\"search_term_string\"}}],\"inLanguage\":\"ro-RO\"},{\"@type\":\"Organization\",\"@id\":\"https:\\\/\\\/hghpeptideslab.com\\\/#organization\",\"name\":\"HGH Peptides Lab\",\"url\":\"https:\\\/\\\/hghpeptideslab.com\\\/ro\\\/\",\"logo\":{\"@type\":\"ImageObject\",\"url\":\"https:\\\/\\\/hghpeptideslab.com\\\/wp-content\\\/uploads\\\/2025\\\/07\\\/HGHPEPTIDESLAB-Logo.png\"},\"image\":{\"@id\":\"https:\\\/\\\/hghpeptideslab.com\\\/#\\\/schema\\\/logo\\\/image\\\/\"},\"foundingDate\":\"2010\",\"contactPoint\":[{\"@type\":\"ContactPoint\",\"contactType\":\"customer support\",\"telephone\":\"+85247559641\",\"email\":\"CYGGL2025@gmail.com\",\"availableLanguage\":[\"en\"]}]}]}<\/script>\n<!-- \/ Yoast SEO Premium plugin. -->","yoast_head_json":{"title":"Wishlist Page | Urm\u0103ri\u021bi, salva\u021bi \u0219i administra\u021bi produsele dumneavoastr\u0103 favorite HGH &amp; Peptide - HGH Peptides Lab","description":"Salva\u021bi \u0219i gestiona\u021bi produsele dvs. preferate HGH \u0219i peptidice \u00eentr-un singur loc. Urm\u0103ri\u021bi cu u\u0219urin\u021b\u0103 articolele, compara\u021bi op\u021biunile \u0219i reveni\u021bi mai t\u00e2rziu pentru o experien\u021b\u0103 de cump\u0103r\u0103turi f\u0103r\u0103 probleme.","robots":{"index":"index","follow":"follow","max-snippet":"max-snippet:-1","max-image-preview":"max-image-preview:large","max-video-preview":"max-video-preview:-1"},"canonical":"https:\/\/hghpeptideslab.com\/ro\/wishlist-2\/","og_locale":"ro_RO","og_type":"article","og_title":"Wishlist","og_description":"Save and manage your favorite HGH and peptide products in one place. Easily track items, compare options, and revisit later for a smooth shopping experience.","og_url":"https:\/\/hghpeptideslab.com\/ro\/wishlist-2\/","og_site_name":"HGH Peptides Lab","article_modified_time":"2025-08-09T21:30:40+00:00","twitter_card":"summary_large_image","twitter_misc":{"Timp estimat pentru citire":"1 minut"},"schema":{"@context":"https:\/\/schema.org","@graph":[{"@type":"WebPage","@id":"https:\/\/hghpeptideslab.com\/wishlist-2\/","url":"https:\/\/hghpeptideslab.com\/wishlist-2\/","name":"Wishlist Page | Urm\u0103ri\u021bi, salva\u021bi \u0219i administra\u021bi produsele dumneavoastr\u0103 favorite HGH &amp; Peptide - HGH Peptides Lab","isPartOf":{"@id":"https:\/\/hghpeptideslab.com\/#website"},"datePublished":"2020-12-16T08:16:12+00:00","dateModified":"2025-08-09T21:30:40+00:00","description":"Salva\u021bi \u0219i gestiona\u021bi produsele dvs. preferate HGH \u0219i peptidice \u00eentr-un singur loc. Urm\u0103ri\u021bi cu u\u0219urin\u021b\u0103 articolele, compara\u021bi op\u021biunile \u0219i reveni\u021bi mai t\u00e2rziu pentru o experien\u021b\u0103 de cump\u0103r\u0103turi f\u0103r\u0103 probleme.","breadcrumb":{"@id":"https:\/\/hghpeptideslab.com\/wishlist-2\/#breadcrumb"},"inLanguage":"ro-RO","potentialAction":[{"@type":"ReadAction","target":["https:\/\/hghpeptideslab.com\/wishlist-2\/"]}],"copyrightNotice":"\u00a9 2010\u20132026 HGH Peptides Lab. All Rights Reserved."},{"@type":"BreadcrumbList","@id":"https:\/\/hghpeptideslab.com\/wishlist-2\/#breadcrumb","itemListElement":[{"@type":"ListItem","position":1,"name":"Home","item":"https:\/\/hghpeptideslab.com\/"},{"@type":"ListItem","position":2,"name":"Wishlist"}]},{"@type":"WebSite","@id":"https:\/\/hghpeptideslab.com\/#website","url":"https:\/\/hghpeptideslab.com\/","name":"HGH Peptides Lab","description":"Premium Peptides &amp; HGH Magazin","publisher":{"@id":"https:\/\/hghpeptideslab.com\/#organization"},"potentialAction":[{"@type":"SearchAction","target":{"@type":"EntryPoint","urlTemplate":"https:\/\/hghpeptideslab.com\/?s={search_term_string}"},"query-input":{"@type":"PropertyValueSpecification","valueRequired":true,"valueName":"search_term_string"}}],"inLanguage":"ro-RO"},{"@type":"Organization","@id":"https:\/\/hghpeptideslab.com\/#organization","name":"HGH Peptides Lab","url":"https:\/\/hghpeptideslab.com\/ro\/","logo":{"@type":"ImageObject","url":"https:\/\/hghpeptideslab.com\/wp-content\/uploads\/2025\/07\/HGHPEPTIDESLAB-Logo.png"},"image":{"@id":"https:\/\/hghpeptideslab.com\/#\/schema\/logo\/image\/"},"foundingDate":"2010","contactPoint":[{"@type":"ContactPoint","contactType":"customer support","telephone":"+85247559641","email":"CYGGL2025@gmail.com","availableLanguage":["en"]}]}]}},"_links":{"self":[{"href":"https:\/\/hghpeptideslab.com\/ro\/wp-json\/wp\/v2\/pages\/10","targetHints":{"allow":["GET"]}}],"collection":[{"href":"https:\/\/hghpeptideslab.com\/ro\/wp-json\/wp\/v2\/pages"}],"about":[{"href":"https:\/\/hghpeptideslab.com\/ro\/wp-json\/wp\/v2\/types\/page"}],"author":[{"embeddable":true,"href":"https:\/\/hghpeptideslab.com\/ro\/wp-json\/wp\/v2\/users\/1"}],"replies":[{"embeddable":true,"href":"https:\/\/hghpeptideslab.com\/ro\/wp-json\/wp\/v2\/comments?post=10"}],"version-history":[{"count":1,"href":"https:\/\/hghpeptideslab.com\/ro\/wp-json\/wp\/v2\/pages\/10\/revisions"}],"predecessor-version":[{"id":8786,"href":"https:\/\/hghpeptideslab.com\/ro\/wp-json\/wp\/v2\/pages\/10\/revisions\/8786"}],"wp:attachment":[{"href":"https:\/\/hghpeptideslab.com\/ro\/wp-json\/wp\/v2\/media?parent=10"}],"curies":[{"name":"wp","href":"https:\/\/api.w.org\/{rel}","templated":true}]}}