{"id":6309,"date":"2025-08-08T14:23:57","date_gmt":"2025-08-08T14:23:57","guid":{"rendered":"https:\/\/demo2wpopal.b-cdn.net\/supplero\/?page_id=6309"},"modified":"2025-08-25T23:52:41","modified_gmt":"2025-08-25T23:52:41","slug":"refund-and-returns-policy","status":"publish","type":"page","link":"https:\/\/hghpeptideslab.com\/ro\/refund-and-returns-policy\/","title":{"rendered":"Politica de rambursare \u0219i returnare"},"content":{"rendered":"<div data-elementor-type=\"wp-page\" data-elementor-id=\"6309\" class=\"elementor elementor-6309\" data-elementor-post-type=\"page\">\n\t\t\t\t<div class=\"elementor-element elementor-element-6b52856d e-flex e-con-boxed e-con e-parent\" data-id=\"6b52856d\" data-element_type=\"container\" data-e-type=\"container\">\n\t\t\t\t\t<div class=\"e-con-inner\">\n\t\t\t\t<div class=\"elementor-element elementor-element-33fd4783 elementor-widget elementor-widget-text-editor\" data-id=\"33fd4783\" data-element_type=\"widget\" data-e-type=\"widget\" data-widget_type=\"text-editor.default\">\n\t\t\t\t\t\t\t\t\t<p><span style=\"color: #61ce70; font-size: 1.618em; font-weight: bold;\">Prezentare general\u0103<\/span><\/p>\n<p><!-- \/wp:paragraph -->\n\n<!-- wp:paragraph --><\/p>\n<p data-start=\"660\" data-end=\"861\">Accept\u0103m anul\u0103ri de comenzi <span style=\"color: #333333;\"><strong data-start=\"690\" data-end=\"735\">\u00eenainte ca produsul s\u0103 fie expediat sau produs<\/strong><\/span>. Dac\u0103 comanda dvs. este anulat\u0103 la timp, ve\u021bi primi o <strong data-start=\"789\" data-end=\"804\">rambursare integral\u0103<\/strong>. Odat\u0103 ce comanda a fost expediat\u0103, aceasta nu mai poate fi anulat\u0103.<\/p>\n<p data-start=\"863\" data-end=\"971\">Datorit\u0103 naturii sensibile a produselor noastre, <strong data-start=\"908\" data-end=\"950\">return\u0103rile \u0219i schimburile nu sunt acceptate<\/strong>, cu excep\u021bia cazurilor de:<\/p>\n<ul data-start=\"973\" data-end=\"1048\">\n<li data-start=\"973\" data-end=\"999\">\n<p data-start=\"975\" data-end=\"999\">Probleme legate de calitatea produselor<\/p>\n<\/li>\n<li data-start=\"1000\" data-end=\"1026\">\n<p data-start=\"1002\" data-end=\"1026\">Daune \u00een timpul transportului<\/p>\n<\/li>\n<li data-start=\"1027\" data-end=\"1048\">\n<p data-start=\"1029\" data-end=\"1048\">Re\u021binere vamal\u0103<\/p>\n<\/li>\n<\/ul>\n<p data-start=\"1050\" data-end=\"1096\">\u00cen astfel de cazuri, noi <strong data-start=\"1068\" data-end=\"1095\">100% garanta\u021bi o rambursare<\/strong>.<\/p>\n<p><!-- \/wp:list -->\n\n<!-- wp:paragraph --><\/p>\n<h3>Procesul de rambursare<\/h3>\n<p><!-- \/wp:paragraph -->\n\n<!-- wp:paragraph --><\/p>\n<p data-start=\"1122\" data-end=\"1281\">Dac\u0103 produsul dvs. se calific\u0103 pentru o rambursare, v\u0103 rug\u0103m s\u0103 ne contacta\u021bi la <strong data-start=\"1183\" data-end=\"1206\"><a class=\"cursor-pointer\" rel=\"noopener\" data-start=\"1185\" data-end=\"1204\">cyggl2025@gmail.com<\/a><\/strong> cu dovezi justificative (de exemplu, fotografie sau detalii de urm\u0103rire). Dup\u0103 verificare:<\/p>\n<ul data-start=\"1283\" data-end=\"1421\">\n<li data-start=\"1283\" data-end=\"1332\">\n<p data-start=\"1285\" data-end=\"1332\">Ve\u021bi primi un e-mail de confirmare a aprob\u0103rii<\/p>\n<\/li>\n<li data-start=\"1333\" data-end=\"1421\">\n<p data-start=\"1335\" data-end=\"1421\">Restituirile vor fi procesate prin metoda de plat\u0103 ini\u021bial\u0103 \u00een termen de <strong data-start=\"1400\" data-end=\"1421\">3-7 zile lucr\u0103toare<\/strong><\/p>\n<\/li>\n<\/ul>\n<p><!-- \/wp:paragraph -->\n\n<!-- wp:paragraph --><\/p>\n<h3>Responsabilitatea expedierii<\/h3>\n<p><!-- \/wp:paragraph -->\n\n<!-- wp:paragraph --><\/p>\n<p data-start=\"1456\" data-end=\"1486\">Clien\u021bii sunt responsabili pentru:<\/p>\n<ul data-start=\"1488\" data-end=\"1592\">\n<li data-start=\"1488\" data-end=\"1543\">\n<p data-start=\"1490\" data-end=\"1543\">Furnizarea de informa\u021bii exacte privind expedierea \u0219i datele de contact<\/p>\n<\/li>\n<li data-start=\"1544\" data-end=\"1592\">\n<p data-start=\"1546\" data-end=\"1592\">Acoperirea costurilor de expediere \u00eenapoi (dac\u0103 este cazul)<\/p>\n<\/li>\n<\/ul>\n<p data-start=\"1594\" data-end=\"1685\">Noi suntem <strong data-start=\"1601\" data-end=\"1620\">nu este responsabil<\/strong> pentru \u00eent\u00e2rzierile cauzate de curierii ter\u021bi sau de procesarea vamal\u0103.<\/p>\n<p><!-- \/wp:paragraph -->\n\n<!-- wp:paragraph --><\/p>\n<h3>Note importante<\/h3>\n<div>\n<ul>\n<li>\n<p>Restituirile sunt <strong data-start=\"1726\" data-end=\"1743\">nu este disponibil<\/strong> pentru comenzile marcate ca \"Livrat\", cu excep\u021bia cazului \u00een care se furnizeaz\u0103 o fotografie justificativ\u0103<\/p>\n<\/li>\n<li>\n<p>Produsele digitale\/desc\u0103rcabile sunt <strong data-start=\"1860\" data-end=\"1878\">nerambursabil<\/strong><\/p>\n<\/li>\n<li>\n<p>Pentru achizi\u021biile cu ridicata sau \u00een vrac, eligibilitatea ramburs\u0103rii este determinat\u0103 pe baza unei <strong data-start=\"1954\" data-end=\"1976\">de la caz la caz<\/strong><\/p>\n<\/li>\n<\/ul>\n<p>&nbsp;<\/p>\n<\/div>\n<p><!-- \/wp:paragraph -->\n\n<!-- wp:paragraph --><\/p>\n<h3>Ave\u021bi nevoie de ajutor?<\/h3>\n<p><!-- \/wp:paragraph -->\n\n<!-- wp:paragraph --><\/p>\n<p>Dac\u0103 ave\u021bi \u00eentreb\u0103ri cu privire la ramburs\u0103ri sau return\u0103ri, v\u0103 rug\u0103m s\u0103 ne trimite\u021bi un e-mail la <strong data-start=\"2073\" data-end=\"2096\">cyggl2025@gmail.com<\/strong>.<br data-start=\"2097\" data-end=\"2100\" \/>Ne propunem s\u0103 r\u0103spundem \u00een termen de <strong data-start=\"2125\" data-end=\"2137\">24 de ore<\/strong>.<\/p>\n<p><!-- \/wp:paragraph --><\/p>\n\t\t\t\t\t\t\t\t<\/div>\n\t\t\t\t\t<\/div>\n\t\t\t\t<\/div>\n\t\t\t\t<\/div>","protected":false},"excerpt":{"rendered":"<p>Overview We accept order cancellations before the product is shipped or produced. If your order is canceled in time, you\u2019ll receive a full refund. Once the order has been shipped, it cannot be canceled. Due to the sensitive nature of our products, returns and exchanges are not accepted, except in cases of: Product quality issues [&hellip;]<\/p>\n","protected":false},"author":1,"featured_media":0,"parent":0,"menu_order":0,"comment_status":"closed","ping_status":"closed","template":"","meta":{"footnotes":""},"class_list":["post-6309","page","type-page","status-publish","hentry"],"yoast_head":"<!-- This site is optimized with the Yoast SEO Premium plugin v27.5 (Yoast SEO v27.5) - https:\/\/yoast.com\/product\/yoast-seo-premium-wordpress\/ -->\n<title>Refund &amp; Returns Policy | Safe, Transparent &amp; Guaranteed \u2013 HGH Peptides Lab<\/title>\n<meta name=\"description\" content=\"Learn how HGH Peptides Lab ensures secure refunds and fair return terms. Covers cancellations, shipping damage, customs issues, and 100% money-back guarantee.\" \/>\n<meta name=\"robots\" content=\"index, follow, max-snippet:-1, max-image-preview:large, max-video-preview:-1\" \/>\n<link rel=\"canonical\" href=\"https:\/\/hghpeptideslab.com\/ro\/refund-and-returns-policy\/\" \/>\n<meta property=\"og:locale\" content=\"ro_RO\" \/>\n<meta property=\"og:type\" content=\"article\" \/>\n<meta property=\"og:title\" content=\"Refund and Returns Policy\" \/>\n<meta property=\"og:description\" content=\"Learn how HGH Peptides Lab ensures secure refunds and fair return terms. Covers cancellations, shipping damage, customs issues, and 100% money-back guarantee.\" \/>\n<meta property=\"og:url\" content=\"https:\/\/hghpeptideslab.com\/ro\/refund-and-returns-policy\/\" \/>\n<meta property=\"og:site_name\" content=\"HGH Peptides Lab\" \/>\n<meta property=\"article:modified_time\" content=\"2025-08-25T23:52:41+00:00\" \/>\n<meta name=\"twitter:card\" content=\"summary_large_image\" \/>\n<meta name=\"twitter:label1\" content=\"Timp estimat pentru citire\" \/>\n\t<meta name=\"twitter:data1\" content=\"2 minute\" \/>\n<script type=\"application\/ld+json\" class=\"yoast-schema-graph\">{\"@context\":\"https:\\\/\\\/schema.org\",\"@graph\":[{\"@type\":\"WebPage\",\"@id\":\"https:\\\/\\\/hghpeptideslab.com\\\/refund-and-returns-policy\\\/\",\"url\":\"https:\\\/\\\/hghpeptideslab.com\\\/refund-and-returns-policy\\\/\",\"name\":\"Refund & Returns Policy | Safe, Transparent & Guaranteed \u2013 HGH Peptides Lab\",\"isPartOf\":{\"@id\":\"https:\\\/\\\/hghpeptideslab.com\\\/#website\"},\"datePublished\":\"2025-08-08T14:23:57+00:00\",\"dateModified\":\"2025-08-25T23:52:41+00:00\",\"description\":\"Learn how HGH Peptides Lab ensures secure refunds and fair return terms. Covers cancellations, shipping damage, customs issues, and 100% money-back guarantee.\",\"breadcrumb\":{\"@id\":\"https:\\\/\\\/hghpeptideslab.com\\\/refund-and-returns-policy\\\/#breadcrumb\"},\"inLanguage\":\"ro-RO\",\"potentialAction\":[{\"@type\":\"ReadAction\",\"target\":[\"https:\\\/\\\/hghpeptideslab.com\\\/refund-and-returns-policy\\\/\"]}],\"copyrightNotice\":\"\u00a9 2010\u20132026 HGH Peptides Lab. All Rights Reserved.\"},{\"@type\":\"BreadcrumbList\",\"@id\":\"https:\\\/\\\/hghpeptideslab.com\\\/refund-and-returns-policy\\\/#breadcrumb\",\"itemListElement\":[{\"@type\":\"ListItem\",\"position\":1,\"name\":\"Home\",\"item\":\"https:\\\/\\\/hghpeptideslab.com\\\/\"},{\"@type\":\"ListItem\",\"position\":2,\"name\":\"Refund and Returns Policy\"}]},{\"@type\":\"WebSite\",\"@id\":\"https:\\\/\\\/hghpeptideslab.com\\\/#website\",\"url\":\"https:\\\/\\\/hghpeptideslab.com\\\/\",\"name\":\"HGH Peptides Lab\",\"description\":\"Premium Peptides &amp; HGH Shop\",\"publisher\":{\"@id\":\"https:\\\/\\\/hghpeptideslab.com\\\/#organization\"},\"potentialAction\":[{\"@type\":\"SearchAction\",\"target\":{\"@type\":\"EntryPoint\",\"urlTemplate\":\"https:\\\/\\\/hghpeptideslab.com\\\/?s={search_term_string}\"},\"query-input\":{\"@type\":\"PropertyValueSpecification\",\"valueRequired\":true,\"valueName\":\"search_term_string\"}}],\"inLanguage\":\"ro-RO\"},{\"@type\":\"Organization\",\"@id\":\"https:\\\/\\\/hghpeptideslab.com\\\/#organization\",\"name\":\"HGH Peptides Lab\",\"url\":\"https:\\\/\\\/hghpeptideslab.com\\\/ro\\\/\",\"logo\":{\"@type\":\"ImageObject\",\"url\":\"https:\\\/\\\/hghpeptideslab.com\\\/wp-content\\\/uploads\\\/2025\\\/07\\\/HGHPEPTIDESLAB-Logo.png\"},\"image\":{\"@id\":\"https:\\\/\\\/hghpeptideslab.com\\\/#\\\/schema\\\/logo\\\/image\\\/\"},\"foundingDate\":\"2010\",\"contactPoint\":[{\"@type\":\"ContactPoint\",\"contactType\":\"customer support\",\"telephone\":\"+85247559641\",\"email\":\"CYGGL2025@gmail.com\",\"availableLanguage\":[\"en\"]}]}]}<\/script>\n<!-- \/ Yoast SEO Premium plugin. -->","yoast_head_json":{"title":"Politica de rambursare \u0219i returnare | Sigur, transparent \u0219i garantat - HGH Peptides Lab","description":"Afla\u021bi cum asigur\u0103 HGH Peptides Lab ramburs\u0103ri sigure \u0219i condi\u021bii corecte de returnare. Acoper\u0103 anul\u0103rile, deteriorarea transportului, problemele vamale \u0219i garan\u021bia de returnare a banilor 100%.","robots":{"index":"index","follow":"follow","max-snippet":"max-snippet:-1","max-image-preview":"max-image-preview:large","max-video-preview":"max-video-preview:-1"},"canonical":"https:\/\/hghpeptideslab.com\/ro\/refund-and-returns-policy\/","og_locale":"ro_RO","og_type":"article","og_title":"Refund and Returns Policy","og_description":"Learn how HGH Peptides Lab ensures secure refunds and fair return terms. Covers cancellations, shipping damage, customs issues, and 100% money-back guarantee.","og_url":"https:\/\/hghpeptideslab.com\/ro\/refund-and-returns-policy\/","og_site_name":"HGH Peptides Lab","article_modified_time":"2025-08-25T23:52:41+00:00","twitter_card":"summary_large_image","twitter_misc":{"Timp estimat pentru citire":"2 minute"},"schema":{"@context":"https:\/\/schema.org","@graph":[{"@type":"WebPage","@id":"https:\/\/hghpeptideslab.com\/refund-and-returns-policy\/","url":"https:\/\/hghpeptideslab.com\/refund-and-returns-policy\/","name":"Politica de rambursare \u0219i returnare | Sigur, transparent \u0219i garantat - HGH Peptides Lab","isPartOf":{"@id":"https:\/\/hghpeptideslab.com\/#website"},"datePublished":"2025-08-08T14:23:57+00:00","dateModified":"2025-08-25T23:52:41+00:00","description":"Afla\u021bi cum asigur\u0103 HGH Peptides Lab ramburs\u0103ri sigure \u0219i condi\u021bii corecte de returnare. Acoper\u0103 anul\u0103rile, deteriorarea transportului, problemele vamale \u0219i garan\u021bia de returnare a banilor 100%.","breadcrumb":{"@id":"https:\/\/hghpeptideslab.com\/refund-and-returns-policy\/#breadcrumb"},"inLanguage":"ro-RO","potentialAction":[{"@type":"ReadAction","target":["https:\/\/hghpeptideslab.com\/refund-and-returns-policy\/"]}],"copyrightNotice":"\u00a9 2010\u20132026 HGH Peptides Lab. All Rights Reserved."},{"@type":"BreadcrumbList","@id":"https:\/\/hghpeptideslab.com\/refund-and-returns-policy\/#breadcrumb","itemListElement":[{"@type":"ListItem","position":1,"name":"Home","item":"https:\/\/hghpeptideslab.com\/"},{"@type":"ListItem","position":2,"name":"Refund and Returns Policy"}]},{"@type":"WebSite","@id":"https:\/\/hghpeptideslab.com\/#website","url":"https:\/\/hghpeptideslab.com\/","name":"HGH Peptides Lab","description":"Premium Peptides &amp; HGH Magazin","publisher":{"@id":"https:\/\/hghpeptideslab.com\/#organization"},"potentialAction":[{"@type":"SearchAction","target":{"@type":"EntryPoint","urlTemplate":"https:\/\/hghpeptideslab.com\/?s={search_term_string}"},"query-input":{"@type":"PropertyValueSpecification","valueRequired":true,"valueName":"search_term_string"}}],"inLanguage":"ro-RO"},{"@type":"Organization","@id":"https:\/\/hghpeptideslab.com\/#organization","name":"HGH Peptides Lab","url":"https:\/\/hghpeptideslab.com\/ro\/","logo":{"@type":"ImageObject","url":"https:\/\/hghpeptideslab.com\/wp-content\/uploads\/2025\/07\/HGHPEPTIDESLAB-Logo.png"},"image":{"@id":"https:\/\/hghpeptideslab.com\/#\/schema\/logo\/image\/"},"foundingDate":"2010","contactPoint":[{"@type":"ContactPoint","contactType":"customer support","telephone":"+85247559641","email":"CYGGL2025@gmail.com","availableLanguage":["en"]}]}]}},"_links":{"self":[{"href":"https:\/\/hghpeptideslab.com\/ro\/wp-json\/wp\/v2\/pages\/6309","targetHints":{"allow":["GET"]}}],"collection":[{"href":"https:\/\/hghpeptideslab.com\/ro\/wp-json\/wp\/v2\/pages"}],"about":[{"href":"https:\/\/hghpeptideslab.com\/ro\/wp-json\/wp\/v2\/types\/page"}],"author":[{"embeddable":true,"href":"https:\/\/hghpeptideslab.com\/ro\/wp-json\/wp\/v2\/users\/1"}],"replies":[{"embeddable":true,"href":"https:\/\/hghpeptideslab.com\/ro\/wp-json\/wp\/v2\/comments?post=6309"}],"version-history":[{"count":10,"href":"https:\/\/hghpeptideslab.com\/ro\/wp-json\/wp\/v2\/pages\/6309\/revisions"}],"predecessor-version":[{"id":8743,"href":"https:\/\/hghpeptideslab.com\/ro\/wp-json\/wp\/v2\/pages\/6309\/revisions\/8743"}],"wp:attachment":[{"href":"https:\/\/hghpeptideslab.com\/ro\/wp-json\/wp\/v2\/media?parent=6309"}],"curies":[{"name":"wp","href":"https:\/\/api.w.org\/{rel}","templated":true}]}}