{"id":10231,"date":"2025-11-15T11:07:32","date_gmt":"2025-11-15T11:07:32","guid":{"rendered":"https:\/\/hghpeptideslab.com\/?post_type=product&#038;p=10231"},"modified":"2025-11-15T11:10:12","modified_gmt":"2025-11-15T11:10:12","slug":"blend-tb-500-10mg-bpc-157-10mg-kpv-10mg-ghk-cu-50mg","status":"publish","type":"product","link":"https:\/\/hghpeptideslab.com\/ro\/product\/blend-tb-500-10mg-bpc-157-10mg-kpv-10mg-ghk-cu-50mg\/","title":{"rendered":"Klow (Blend TB-500 10 mg + BPC-157 10 mg + KPV 10 mg + GHK-Cu 50 mg) Peptide"},"content":{"rendered":"<h3>Prezentare general\u0103<\/h3>\n<p><strong>Klow<\/strong> este un amestec de peptide care combin\u0103 <strong>TB-500 10 mg<\/strong> + <strong>BPC-157 10 mg<\/strong> + <strong>KPV 10 mg<\/strong> + <strong>GHK-Cu 50 mg<\/strong> per vial. Este frecvent discutat \u00een portofoliile de cercetare privind vindecarea \u0219i recuperarea, \u021besutul conjunctiv \u0219i cosmetica\/pielea. Se furnizeaz\u0103 sub form\u0103 de lyophilized powder alb per vial pentru reconstituire cu un diluant steril adecvat \u00een condi\u021bii de laborator.<\/p>\n<p>Materialul nostru este <strong>GMP-manufacturat<\/strong> (materie prim\u0103 de calitate farmaceutic\u0103) cu <strong>99%+ puritate<\/strong>. Documenta\u021bia lotului (HPLC\/COA) este disponibil\u0103 la cerere.<\/p>\n<h3>Caracteristici principale<\/h3>\n<ul>\n<li>Compozi\u021bia Per-vial: <strong>TB-500 10 mg + BPC-157 10 mg + KPV 10 mg + GHK-Cu 50 mg<\/strong><\/li>\n<li>Kit dimensiune: <strong>10 vials\/kit<\/strong><\/li>\n<li>Pharmaceutical-grade quality cu <strong>99%+ puritate<\/strong> (HPLC\/COA la cerere)<\/li>\n<li>Ambalaj sigur cu inser\u021bii de protec\u021bie; num\u0103r de urm\u0103rire furnizat \u00een interior <strong>trei (3) zile lucr\u0103toare<\/strong><\/li>\n<\/ul>\n<h3>Focusuri tipice de cercetare<\/h3>\n<ul>\n<li><strong>Cadre de vindecare \u0219i recuperare<\/strong> \u2014 modele de tendoane\/ligamente \u0219i \u021besuturi moi<\/li>\n<li><strong>Sus\u021binerea \u021besutului conjunctiv \u0219i a pielii<\/strong> \u2014 remodelarea punctelor finale \u0219i a designurilor cosmetice adiacente<\/li>\n<li><strong>Planificarea portofoliului<\/strong> \u2014 compara\u021bi cu amestecurile cu doze mai mici pentru proiectele etapizate<\/li>\n<\/ul>\n<h3>De asemenea, disponibil<\/h3>\n<p>Oferim, de asemenea, un amestec triplu asociat: <a href=\"\/ro\/product\/blend-tb-500-10mg-bpc-157-10mg-ghk-cu-50mg\/\">Blend TB-500 10 mg + BPC-157 10 mg + GHK-Cu 50 mg<\/a>.<\/p>\n<h3>Depozitare \u0219i stabilitate<\/h3>\n<ul>\n<li>A se p\u0103stra sigilat la <strong>2-8 \u00b0C<\/strong>, protejat de lumin\u0103 \u0219i umiditate<\/li>\n<li>Evita\u021bi \u00eenghe\u021barea \u0219i dezghe\u021barea repetate; planifica\u021bi alicote mici dup\u0103 reconstituire.<\/li>\n<\/ul>\n<h3>Note<\/h3>\n<ul>\n<li>Fabricat \u00een <strong>\u00cen conformitate cu GMP<\/strong> facilit\u0103\u021bi<\/li>\n<li>HPLC\/COA disponibil la cerere<\/li>\n<li><strong>Numai pentru cercetare \u00een laborator. Produsele nu sunt etichetate pentru uz medical.<\/strong><\/li>\n<\/ul>","protected":false},"excerpt":{"rendered":"<p><strong>Nume:<\/strong> Peptida 99% Purity Klow (TB-500 10 mg + BPC-157 10 mg + KPV 10 mg + GHK-Cu 50 mg)<br \/>\n<strong>Func\u021bie:<\/strong> Vindecare \u0219i recuperare; sus\u021binerea \u021besutului conjunctiv \u0219i a pielii<br \/>\n<strong>Specifica\u021bii:<\/strong> TB-500 10 mg + BPC-157 10 mg + KPV 10 mg + GHK-Cu 50 mg per vial; 10 vials\/kit<br \/>\n<strong>CAS:<\/strong> N\/A (amestec de peptide)<br \/>\n<strong>Aparen\u021b\u0103:<\/strong> White lyophilized powder<\/p>","protected":false},"featured_media":10223,"comment_status":"open","ping_status":"closed","template":"","meta":[],"product_cat":[56,51],"product_tag":[120,139,311,158,165,317,121],"class_list":{"0":"post-10231","1":"product","2":"type-product","3":"status-publish","4":"has-post-thumbnail","6":"product_brand-dp-hghpeptides","7":"product_brand-hgh-peptides-lab","8":"product_cat-cosmetic-peptides","9":"product_cat-peptides-for-healing","10":"product_tag-bpc-157","11":"product_tag-ghk-cu","12":"product_tag-kpv","13":"product_tag-recovery-tissue-repair-peptides","14":"product_tag-skin-beauty-peptides","15":"product_tag-skin-cosmetic-peptides","16":"product_tag-tb-500","18":"first","19":"instock","20":"shipping-taxable","21":"purchasable","22":"product-type-simple"},"yoast_head":"<!-- This site is optimized with the Yoast SEO Premium plugin v27.3 (Yoast SEO v27.3) - https:\/\/yoast.com\/product\/yoast-seo-premium-wordpress\/ -->\n<title>Klow Peptide (TB-500 10 mg + BPC-157 10 mg + KPV 10 mg + GHK-Cu 50 mg) | 99% Purity \u2013 HGH Peptides Lab<\/title>\n<meta name=\"description\" content=\"Klow peptide blend (TB-500 10 mg + BPC-157 10 mg + KPV 10 mg + GHK-Cu 50 mg per vial). Healing &amp; cosmetic research uses, kit details, factory-direct pricing. Tracking in ~3 business days.\" \/>\n<meta name=\"robots\" content=\"index, follow, max-snippet:-1, max-image-preview:large, max-video-preview:-1\" \/>\n<link rel=\"canonical\" href=\"https:\/\/hghpeptideslab.com\/ro\/product\/blend-tb-500-10mg-bpc-157-10mg-kpv-10mg-ghk-cu-50mg\/\" \/>\n<meta property=\"og:locale\" content=\"ro_RO\" \/>\n<meta property=\"og:type\" content=\"article\" \/>\n<meta property=\"og:title\" content=\"Klow (Blend TB-500 10 mg + BPC-157 10 mg + KPV 10 mg + GHK-Cu 50 mg) Peptide\" \/>\n<meta property=\"og:description\" content=\"Klow peptide blend (TB-500 10 mg + BPC-157 10 mg + KPV 10 mg + GHK-Cu 50 mg per vial). Healing &amp; cosmetic research uses, kit details, factory-direct pricing. Tracking in ~3 business days.\" \/>\n<meta property=\"og:url\" content=\"https:\/\/hghpeptideslab.com\/ro\/product\/blend-tb-500-10mg-bpc-157-10mg-kpv-10mg-ghk-cu-50mg\/\" \/>\n<meta property=\"og:site_name\" content=\"HGH Peptides Lab\" \/>\n<meta property=\"article:modified_time\" content=\"2025-11-15T11:10:12+00:00\" \/>\n<meta property=\"og:image\" content=\"https:\/\/hghpeptideslab.com\/wp-content\/uploads\/2025\/11\/klow-peptide-blend-tb500-10mg-bpc157-10mg-kpv-10mg-ghkcu-50mg-main.jpg\" \/>\n\t<meta property=\"og:image:width\" content=\"800\" \/>\n\t<meta property=\"og:image:height\" content=\"800\" \/>\n\t<meta property=\"og:image:type\" content=\"image\/jpeg\" \/>\n<meta name=\"twitter:card\" content=\"summary_large_image\" \/>\n<meta name=\"twitter:label1\" content=\"Timp estimat pentru citire\" \/>\n\t<meta name=\"twitter:data1\" content=\"2 minute\" \/>\n<script type=\"application\/ld+json\" class=\"yoast-schema-graph\">{\"@context\":\"https:\\\/\\\/schema.org\",\"@graph\":[{\"@type\":\"WebPage\",\"@id\":\"https:\\\/\\\/hghpeptideslab.com\\\/product\\\/blend-tb-500-10mg-bpc-157-10mg-kpv-10mg-ghk-cu-50mg\\\/\",\"url\":\"https:\\\/\\\/hghpeptideslab.com\\\/product\\\/blend-tb-500-10mg-bpc-157-10mg-kpv-10mg-ghk-cu-50mg\\\/\",\"name\":\"Klow Peptide (TB-500 10 mg + BPC-157 10 mg + KPV 10 mg + GHK-Cu 50 mg) | 99% Purity \u2013 HGH Peptides Lab\",\"isPartOf\":{\"@id\":\"https:\\\/\\\/hghpeptideslab.com\\\/#website\"},\"primaryImageOfPage\":{\"@id\":\"https:\\\/\\\/hghpeptideslab.com\\\/product\\\/blend-tb-500-10mg-bpc-157-10mg-kpv-10mg-ghk-cu-50mg\\\/#primaryimage\"},\"image\":{\"@id\":\"https:\\\/\\\/hghpeptideslab.com\\\/product\\\/blend-tb-500-10mg-bpc-157-10mg-kpv-10mg-ghk-cu-50mg\\\/#primaryimage\"},\"thumbnailUrl\":\"https:\\\/\\\/hghpeptideslab.com\\\/wp-content\\\/uploads\\\/2025\\\/11\\\/klow-peptide-blend-tb500-10mg-bpc157-10mg-kpv-10mg-ghkcu-50mg-main.jpg\",\"datePublished\":\"2025-11-15T11:07:32+00:00\",\"dateModified\":\"2025-11-15T11:10:12+00:00\",\"description\":\"Klow peptide blend (TB-500 10 mg + BPC-157 10 mg + KPV 10 mg + GHK-Cu 50 mg per vial). Healing & cosmetic research uses, kit details, factory-direct pricing. Tracking in ~3 business days.\",\"breadcrumb\":{\"@id\":\"https:\\\/\\\/hghpeptideslab.com\\\/product\\\/blend-tb-500-10mg-bpc-157-10mg-kpv-10mg-ghk-cu-50mg\\\/#breadcrumb\"},\"inLanguage\":\"ro-RO\",\"potentialAction\":[{\"@type\":\"ReadAction\",\"target\":[\"https:\\\/\\\/hghpeptideslab.com\\\/product\\\/blend-tb-500-10mg-bpc-157-10mg-kpv-10mg-ghk-cu-50mg\\\/\"]}],\"copyrightNotice\":\"\u00a9 2010\u20132026 HGH Peptides Lab. All Rights Reserved.\"},{\"@type\":\"ImageObject\",\"inLanguage\":\"ro-RO\",\"@id\":\"https:\\\/\\\/hghpeptideslab.com\\\/product\\\/blend-tb-500-10mg-bpc-157-10mg-kpv-10mg-ghk-cu-50mg\\\/#primaryimage\",\"url\":\"https:\\\/\\\/hghpeptideslab.com\\\/wp-content\\\/uploads\\\/2025\\\/11\\\/klow-peptide-blend-tb500-10mg-bpc157-10mg-kpv-10mg-ghkcu-50mg-main.jpg\",\"contentUrl\":\"https:\\\/\\\/hghpeptideslab.com\\\/wp-content\\\/uploads\\\/2025\\\/11\\\/klow-peptide-blend-tb500-10mg-bpc157-10mg-kpv-10mg-ghkcu-50mg-main.jpg\",\"width\":800,\"height\":800,\"caption\":\"Klow peptide blend (per vial: TB-500 10 mg + BPC-157 10 mg + KPV 10 mg + GHK-Cu 50 mg), factory-direct \u2014 99% purity \u00b7 engineered in China.\"},{\"@type\":\"BreadcrumbList\",\"@id\":\"https:\\\/\\\/hghpeptideslab.com\\\/product\\\/blend-tb-500-10mg-bpc-157-10mg-kpv-10mg-ghk-cu-50mg\\\/#breadcrumb\",\"itemListElement\":[{\"@type\":\"ListItem\",\"position\":1,\"name\":\"Home\",\"item\":\"https:\\\/\\\/hghpeptideslab.com\\\/\"},{\"@type\":\"ListItem\",\"position\":2,\"name\":\"Shop\",\"item\":\"https:\\\/\\\/hghpeptideslab.com\\\/shop\\\/\"},{\"@type\":\"ListItem\",\"position\":3,\"name\":\"Klow (Blend TB-500 10 mg + BPC-157 10 mg + KPV 10 mg + GHK-Cu 50 mg) Peptide\"}]},{\"@type\":\"WebSite\",\"@id\":\"https:\\\/\\\/hghpeptideslab.com\\\/#website\",\"url\":\"https:\\\/\\\/hghpeptideslab.com\\\/\",\"name\":\"HGH Peptides Lab\",\"description\":\"Premium Peptides &amp; HGH Shop\",\"publisher\":{\"@id\":\"https:\\\/\\\/hghpeptideslab.com\\\/#organization\"},\"potentialAction\":[{\"@type\":\"SearchAction\",\"target\":{\"@type\":\"EntryPoint\",\"urlTemplate\":\"https:\\\/\\\/hghpeptideslab.com\\\/?s={search_term_string}\"},\"query-input\":{\"@type\":\"PropertyValueSpecification\",\"valueRequired\":true,\"valueName\":\"search_term_string\"}}],\"inLanguage\":\"ro-RO\"},{\"@type\":\"Organization\",\"@id\":\"https:\\\/\\\/hghpeptideslab.com\\\/#organization\",\"name\":\"HGH Peptides Lab\",\"url\":\"https:\\\/\\\/hghpeptideslab.com\\\/ro\\\/\",\"logo\":{\"@type\":\"ImageObject\",\"url\":\"https:\\\/\\\/hghpeptideslab.com\\\/wp-content\\\/uploads\\\/2025\\\/07\\\/HGHPEPTIDESLAB-Logo.png\"},\"image\":{\"@id\":\"https:\\\/\\\/hghpeptideslab.com\\\/#\\\/schema\\\/logo\\\/image\\\/\"},\"foundingDate\":\"2010\",\"contactPoint\":[{\"@type\":\"ContactPoint\",\"contactType\":\"customer support\",\"telephone\":\"+85247559641\",\"email\":\"CYGGL2025@gmail.com\",\"availableLanguage\":[\"en\"]}]}]}<\/script>\n<!-- \/ Yoast SEO Premium plugin. -->","yoast_head_json":{"title":"Klow Peptide (TB-500 10 mg + BPC-157 10 mg + KPV 10 mg + GHK-Cu 50 mg) | 99% Purity \u2013 HGH Peptides Lab","description":"Amestec de peptide Klow (TB-500 10 mg + BPC-157 10 mg + KPV 10 mg + GHK-Cu 50 mg per vial). Utiliz\u0103ri \u00een cercetarea medical\u0103 \u0219i cosmetic\u0103, detalii despre kit, pre\u021buri direct de la fabric\u0103. Urm\u0103rire \u00een ~3 zile lucr\u0103toare.","robots":{"index":"index","follow":"follow","max-snippet":"max-snippet:-1","max-image-preview":"max-image-preview:large","max-video-preview":"max-video-preview:-1"},"canonical":"https:\/\/hghpeptideslab.com\/ro\/product\/blend-tb-500-10mg-bpc-157-10mg-kpv-10mg-ghk-cu-50mg\/","og_locale":"ro_RO","og_type":"article","og_title":"Klow (Blend TB-500 10 mg + BPC-157 10 mg + KPV 10 mg + GHK-Cu 50 mg) Peptide","og_description":"Klow peptide blend (TB-500 10 mg + BPC-157 10 mg + KPV 10 mg + GHK-Cu 50 mg per vial). Healing & cosmetic research uses, kit details, factory-direct pricing. Tracking in ~3 business days.","og_url":"https:\/\/hghpeptideslab.com\/ro\/product\/blend-tb-500-10mg-bpc-157-10mg-kpv-10mg-ghk-cu-50mg\/","og_site_name":"HGH Peptides Lab","article_modified_time":"2025-11-15T11:10:12+00:00","og_image":[{"width":800,"height":800,"url":"https:\/\/hghpeptideslab.com\/wp-content\/uploads\/2025\/11\/klow-peptide-blend-tb500-10mg-bpc157-10mg-kpv-10mg-ghkcu-50mg-main.jpg","type":"image\/jpeg"}],"twitter_card":"summary_large_image","twitter_misc":{"Timp estimat pentru citire":"2 minute"},"schema":{"@context":"https:\/\/schema.org","@graph":[{"@type":"WebPage","@id":"https:\/\/hghpeptideslab.com\/product\/blend-tb-500-10mg-bpc-157-10mg-kpv-10mg-ghk-cu-50mg\/","url":"https:\/\/hghpeptideslab.com\/product\/blend-tb-500-10mg-bpc-157-10mg-kpv-10mg-ghk-cu-50mg\/","name":"Klow Peptide (TB-500 10 mg + BPC-157 10 mg + KPV 10 mg + GHK-Cu 50 mg) | 99% Purity \u2013 HGH Peptides Lab","isPartOf":{"@id":"https:\/\/hghpeptideslab.com\/#website"},"primaryImageOfPage":{"@id":"https:\/\/hghpeptideslab.com\/product\/blend-tb-500-10mg-bpc-157-10mg-kpv-10mg-ghk-cu-50mg\/#primaryimage"},"image":{"@id":"https:\/\/hghpeptideslab.com\/product\/blend-tb-500-10mg-bpc-157-10mg-kpv-10mg-ghk-cu-50mg\/#primaryimage"},"thumbnailUrl":"https:\/\/hghpeptideslab.com\/wp-content\/uploads\/2025\/11\/klow-peptide-blend-tb500-10mg-bpc157-10mg-kpv-10mg-ghkcu-50mg-main.jpg","datePublished":"2025-11-15T11:07:32+00:00","dateModified":"2025-11-15T11:10:12+00:00","description":"Amestec de peptide Klow (TB-500 10 mg + BPC-157 10 mg + KPV 10 mg + GHK-Cu 50 mg per vial). Utiliz\u0103ri \u00een cercetarea medical\u0103 \u0219i cosmetic\u0103, detalii despre kit, pre\u021buri direct de la fabric\u0103. Urm\u0103rire \u00een ~3 zile lucr\u0103toare.","breadcrumb":{"@id":"https:\/\/hghpeptideslab.com\/product\/blend-tb-500-10mg-bpc-157-10mg-kpv-10mg-ghk-cu-50mg\/#breadcrumb"},"inLanguage":"ro-RO","potentialAction":[{"@type":"ReadAction","target":["https:\/\/hghpeptideslab.com\/product\/blend-tb-500-10mg-bpc-157-10mg-kpv-10mg-ghk-cu-50mg\/"]}],"copyrightNotice":"\u00a9 2010\u20132026 HGH Peptides Lab. All Rights Reserved."},{"@type":"ImageObject","inLanguage":"ro-RO","@id":"https:\/\/hghpeptideslab.com\/product\/blend-tb-500-10mg-bpc-157-10mg-kpv-10mg-ghk-cu-50mg\/#primaryimage","url":"https:\/\/hghpeptideslab.com\/wp-content\/uploads\/2025\/11\/klow-peptide-blend-tb500-10mg-bpc157-10mg-kpv-10mg-ghkcu-50mg-main.jpg","contentUrl":"https:\/\/hghpeptideslab.com\/wp-content\/uploads\/2025\/11\/klow-peptide-blend-tb500-10mg-bpc157-10mg-kpv-10mg-ghkcu-50mg-main.jpg","width":800,"height":800,"caption":"Klow peptide blend (per vial: TB-500 10 mg + BPC-157 10 mg + KPV 10 mg + GHK-Cu 50 mg), factory-direct \u2014 99% purity \u00b7 engineered in China."},{"@type":"BreadcrumbList","@id":"https:\/\/hghpeptideslab.com\/product\/blend-tb-500-10mg-bpc-157-10mg-kpv-10mg-ghk-cu-50mg\/#breadcrumb","itemListElement":[{"@type":"ListItem","position":1,"name":"Home","item":"https:\/\/hghpeptideslab.com\/"},{"@type":"ListItem","position":2,"name":"Shop","item":"https:\/\/hghpeptideslab.com\/shop\/"},{"@type":"ListItem","position":3,"name":"Klow (Blend TB-500 10 mg + BPC-157 10 mg + KPV 10 mg + GHK-Cu 50 mg) Peptide"}]},{"@type":"WebSite","@id":"https:\/\/hghpeptideslab.com\/#website","url":"https:\/\/hghpeptideslab.com\/","name":"HGH Peptides Lab","description":"Premium Peptides &amp; HGH Magazin","publisher":{"@id":"https:\/\/hghpeptideslab.com\/#organization"},"potentialAction":[{"@type":"SearchAction","target":{"@type":"EntryPoint","urlTemplate":"https:\/\/hghpeptideslab.com\/?s={search_term_string}"},"query-input":{"@type":"PropertyValueSpecification","valueRequired":true,"valueName":"search_term_string"}}],"inLanguage":"ro-RO"},{"@type":"Organization","@id":"https:\/\/hghpeptideslab.com\/#organization","name":"HGH Peptides Lab","url":"https:\/\/hghpeptideslab.com\/ro\/","logo":{"@type":"ImageObject","url":"https:\/\/hghpeptideslab.com\/wp-content\/uploads\/2025\/07\/HGHPEPTIDESLAB-Logo.png"},"image":{"@id":"https:\/\/hghpeptideslab.com\/#\/schema\/logo\/image\/"},"foundingDate":"2010","contactPoint":[{"@type":"ContactPoint","contactType":"customer support","telephone":"+85247559641","email":"CYGGL2025@gmail.com","availableLanguage":["en"]}]}]}},"_links":{"self":[{"href":"https:\/\/hghpeptideslab.com\/ro\/wp-json\/wp\/v2\/product\/10231","targetHints":{"allow":["GET"]}}],"collection":[{"href":"https:\/\/hghpeptideslab.com\/ro\/wp-json\/wp\/v2\/product"}],"about":[{"href":"https:\/\/hghpeptideslab.com\/ro\/wp-json\/wp\/v2\/types\/product"}],"replies":[{"embeddable":true,"href":"https:\/\/hghpeptideslab.com\/ro\/wp-json\/wp\/v2\/comments?post=10231"}],"wp:featuredmedia":[{"embeddable":true,"href":"https:\/\/hghpeptideslab.com\/ro\/wp-json\/wp\/v2\/media\/10223"}],"wp:attachment":[{"href":"https:\/\/hghpeptideslab.com\/ro\/wp-json\/wp\/v2\/media?parent=10231"}],"wp:term":[{"taxonomy":"product_cat","embeddable":true,"href":"https:\/\/hghpeptideslab.com\/ro\/wp-json\/wp\/v2\/product_cat?post=10231"},{"taxonomy":"product_tag","embeddable":true,"href":"https:\/\/hghpeptideslab.com\/ro\/wp-json\/wp\/v2\/product_tag?post=10231"}],"curies":[{"name":"wp","href":"https:\/\/api.w.org\/{rel}","templated":true}]}}