{"id":8841,"date":"2025-08-14T16:14:21","date_gmt":"2025-08-14T16:14:21","guid":{"rendered":"https:\/\/hghpeptideslab.com\/?post_type=product&#038;p=8841"},"modified":"2026-01-16T19:02:19","modified_gmt":"2026-01-16T19:02:19","slug":"cjc-1295-with-dac","status":"publish","type":"product","link":"https:\/\/hghpeptideslab.com\/ro\/product\/cjc-1295-with-dac\/","title":{"rendered":"CJC-1295 With DAC Peptide"},"content":{"rendered":"<h3>Prezentare general\u0103<\/h3>\n<p>CJC-1295 With DAC este un analog al hormonului de eliberare a hormonului de cre\u0219tere (GHRH) proiectat cu un complex de afinitate la medicament (DAC) pentru o activitate extins\u0103 \u00een modelele de cercetare.<br \/>\nMaterialul nostru este <strong>GMP-manufacturat<\/strong> (materie prim\u0103 de calitate farmaceutic\u0103) cu <strong>99%+ puritate<\/strong>.<br \/>\nHPLC\/COA este disponibil la cerere.<\/p>\n<h3>Caracteristici principale<\/h3>\n<ul>\n<li>Puncte forte disponibile: <strong>2 mg<\/strong> &amp; <strong>5 mg<\/strong> per vial<\/li>\n<li>Kit dimensiune: <strong>10 vials\/Kit<\/strong><\/li>\n<li>White lyophilized powder pentru protocoale de cercetare flexibile<\/li>\n<li>Documenta\u021bie HPLC\/COA la cerere<\/li>\n<\/ul>\n<h3>Focusuri tipice de cercetare<\/h3>\n<ul>\n<li>Modularea axei GH\/IGF-1 \u0219i cercetarea endocrin\u0103<\/li>\n<li>Sprijin pentru recuperare \u0219i modele de adaptare la exerci\u021biu<\/li>\n<li>Investiga\u021bii privind compozi\u021bia corporal\u0103 \u0219i metabolismul lipidic<\/li>\n<li>Evaluarea calit\u0103\u021bii somnului \u0219i a \u00eemb\u0103tr\u00e2nirii s\u0103n\u0103toase<\/li>\n<\/ul>\n<h3>Depozitare \u0219i stabilitate<\/h3>\n<ul>\n<li>A se p\u0103stra sigilat la <strong>2-8 \u00b0C<\/strong>, protejat de lumin\u0103 \u0219i umiditate<\/li>\n<li>Solu\u021biile reconstituite se recomand\u0103 a fi utilizate prompt \u00een condi\u021bii de laborator adecvate<\/li>\n<\/ul>\n<h3>Note<\/h3>\n<ul>\n<li>Fabricat \u00een <strong>\u00cen conformitate cu GMP<\/strong> facilit\u0103\u021bi<\/li>\n<li>HPLC\/COA disponibile la cerere<\/li>\n<\/ul>","protected":false},"excerpt":{"rendered":"<p><strong>Nume:<\/strong> Peptid\u0103 99% Purity CJC-1295 With DAC<br \/>\n<strong>Func\u021bie:<\/strong> Eliberarea hormonului de cre\u0219tere; recuperare \u0219i sprijin anti-\u00eemb\u0103tr\u00e2nire<br \/>\n<strong>Specifica\u021bii:<\/strong> 2 mg &amp; 5 mg per vial; 10 vials\/kit<br \/>\n<strong>CAS:<\/strong> 446262-90-4<br \/>\n<strong>Aparen\u021b\u0103:<\/strong> White lyophilized powder<\/p>","protected":false},"featured_media":8836,"comment_status":"open","ping_status":"closed","template":"","meta":[],"product_cat":[59],"product_tag":[162,124,161,160],"class_list":{"0":"post-8841","1":"product","2":"type-product","3":"status-publish","4":"has-post-thumbnail","6":"product_brand-dp-hghpeptides","7":"product_brand-hgh-peptides-lab","8":"product_cat-nootropic-peptides-anti-aging","9":"product_tag-anti-aging-longevity-peptides","10":"product_tag-cjc-1295-dac","11":"product_tag-fat-loss-metabolism-peptides","12":"product_tag-muscle-growth-performance-peptides","14":"first","15":"instock","16":"featured","17":"shipping-taxable","18":"purchasable","19":"product-type-variable","20":"has-default-attributes"},"yoast_head":"<!-- This site is optimized with the Yoast SEO Premium plugin v27.3 (Yoast SEO v27.3) - https:\/\/yoast.com\/product\/yoast-seo-premium-wordpress\/ -->\n<title>CJC-1295 with DAC Peptide | HGH Peptides Lab \u2013 Trusted Supplier<\/title>\n<meta name=\"description\" content=\"Buy CJC-1295 DAC from a China-based GMP lab. 99% purity, HPLC\/COA available. Factory-direct selling and worldwide shipping for long-acting GH release support.\" \/>\n<meta name=\"robots\" content=\"index, follow, max-snippet:-1, max-image-preview:large, max-video-preview:-1\" \/>\n<link rel=\"canonical\" href=\"https:\/\/hghpeptideslab.com\/ro\/product\/cjc-1295-with-dac\/\" \/>\n<meta property=\"og:locale\" content=\"ro_RO\" \/>\n<meta property=\"og:type\" content=\"article\" \/>\n<meta property=\"og:title\" content=\"CJC-1295 With DAC Peptide\" \/>\n<meta property=\"og:description\" content=\"Buy CJC-1295 DAC from a China-based GMP lab. 99% purity, HPLC\/COA available. Factory-direct selling and worldwide shipping for long-acting GH release support.\" \/>\n<meta property=\"og:url\" content=\"https:\/\/hghpeptideslab.com\/ro\/product\/cjc-1295-with-dac\/\" \/>\n<meta property=\"og:site_name\" content=\"HGH Peptides Lab\" \/>\n<meta property=\"article:modified_time\" content=\"2026-01-16T19:02:19+00:00\" \/>\n<meta property=\"og:image\" content=\"https:\/\/hghpeptideslab.com\/wp-content\/uploads\/2025\/08\/cjc-1295-dac2mg.jpg\" \/>\n\t<meta property=\"og:image:width\" content=\"800\" \/>\n\t<meta property=\"og:image:height\" content=\"800\" \/>\n\t<meta property=\"og:image:type\" content=\"image\/jpeg\" \/>\n<meta name=\"twitter:card\" content=\"summary_large_image\" \/>\n<meta name=\"twitter:label1\" content=\"Timp estimat pentru citire\" \/>\n\t<meta name=\"twitter:data1\" content=\"1 minut\" \/>\n<script type=\"application\/ld+json\" class=\"yoast-schema-graph\">{\"@context\":\"https:\\\/\\\/schema.org\",\"@graph\":[{\"@type\":\"WebPage\",\"@id\":\"https:\\\/\\\/hghpeptideslab.com\\\/product\\\/cjc-1295-with-dac\\\/\",\"url\":\"https:\\\/\\\/hghpeptideslab.com\\\/product\\\/cjc-1295-with-dac\\\/\",\"name\":\"CJC-1295 with DAC Peptide | HGH Peptides Lab \u2013 Trusted Supplier\",\"isPartOf\":{\"@id\":\"https:\\\/\\\/hghpeptideslab.com\\\/#website\"},\"primaryImageOfPage\":{\"@id\":\"https:\\\/\\\/hghpeptideslab.com\\\/product\\\/cjc-1295-with-dac\\\/#primaryimage\"},\"image\":{\"@id\":\"https:\\\/\\\/hghpeptideslab.com\\\/product\\\/cjc-1295-with-dac\\\/#primaryimage\"},\"thumbnailUrl\":\"https:\\\/\\\/hghpeptideslab.com\\\/wp-content\\\/uploads\\\/2025\\\/08\\\/cjc-1295-dac2mg.jpg\",\"datePublished\":\"2025-08-14T16:14:21+00:00\",\"dateModified\":\"2026-01-16T19:02:19+00:00\",\"description\":\"Buy CJC-1295 DAC from a China-based GMP lab. 99% purity, HPLC\\\/COA available. Factory-direct selling and worldwide shipping for long-acting GH release support.\",\"breadcrumb\":{\"@id\":\"https:\\\/\\\/hghpeptideslab.com\\\/product\\\/cjc-1295-with-dac\\\/#breadcrumb\"},\"inLanguage\":\"ro-RO\",\"potentialAction\":[{\"@type\":\"ReadAction\",\"target\":[\"https:\\\/\\\/hghpeptideslab.com\\\/product\\\/cjc-1295-with-dac\\\/\"]}],\"copyrightNotice\":\"\u00a9 2010\u20132026 HGH Peptides Lab. All Rights Reserved.\"},{\"@type\":\"ImageObject\",\"inLanguage\":\"ro-RO\",\"@id\":\"https:\\\/\\\/hghpeptideslab.com\\\/product\\\/cjc-1295-with-dac\\\/#primaryimage\",\"url\":\"https:\\\/\\\/hghpeptideslab.com\\\/wp-content\\\/uploads\\\/2025\\\/08\\\/cjc-1295-dac2mg.jpg\",\"contentUrl\":\"https:\\\/\\\/hghpeptideslab.com\\\/wp-content\\\/uploads\\\/2025\\\/08\\\/cjc-1295-dac2mg.jpg\",\"width\":800,\"height\":800,\"caption\":\"2 mg per vial \u2022 10 vials per kit\"},{\"@type\":\"BreadcrumbList\",\"@id\":\"https:\\\/\\\/hghpeptideslab.com\\\/product\\\/cjc-1295-with-dac\\\/#breadcrumb\",\"itemListElement\":[{\"@type\":\"ListItem\",\"position\":1,\"name\":\"Home\",\"item\":\"https:\\\/\\\/hghpeptideslab.com\\\/\"},{\"@type\":\"ListItem\",\"position\":2,\"name\":\"Shop\",\"item\":\"https:\\\/\\\/hghpeptideslab.com\\\/shop\\\/\"},{\"@type\":\"ListItem\",\"position\":3,\"name\":\"CJC-1295 With DAC Peptide\"}]},{\"@type\":\"WebSite\",\"@id\":\"https:\\\/\\\/hghpeptideslab.com\\\/#website\",\"url\":\"https:\\\/\\\/hghpeptideslab.com\\\/\",\"name\":\"HGH Peptides Lab\",\"description\":\"Premium Peptides &amp; HGH Shop\",\"publisher\":{\"@id\":\"https:\\\/\\\/hghpeptideslab.com\\\/#organization\"},\"potentialAction\":[{\"@type\":\"SearchAction\",\"target\":{\"@type\":\"EntryPoint\",\"urlTemplate\":\"https:\\\/\\\/hghpeptideslab.com\\\/?s={search_term_string}\"},\"query-input\":{\"@type\":\"PropertyValueSpecification\",\"valueRequired\":true,\"valueName\":\"search_term_string\"}}],\"inLanguage\":\"ro-RO\"},{\"@type\":\"Organization\",\"@id\":\"https:\\\/\\\/hghpeptideslab.com\\\/#organization\",\"name\":\"HGH Peptides Lab\",\"url\":\"https:\\\/\\\/hghpeptideslab.com\\\/ro\\\/\",\"logo\":{\"@type\":\"ImageObject\",\"url\":\"https:\\\/\\\/hghpeptideslab.com\\\/wp-content\\\/uploads\\\/2025\\\/07\\\/HGHPEPTIDESLAB-Logo.png\"},\"image\":{\"@id\":\"https:\\\/\\\/hghpeptideslab.com\\\/#\\\/schema\\\/logo\\\/image\\\/\"},\"foundingDate\":\"2010\",\"contactPoint\":[{\"@type\":\"ContactPoint\",\"contactType\":\"customer support\",\"telephone\":\"+85247559641\",\"email\":\"CYGGL2025@gmail.com\",\"availableLanguage\":[\"en\"]}]}]}<\/script>\n<!-- \/ Yoast SEO Premium plugin. -->","yoast_head_json":{"title":"CJC-1295 cu DAC Peptide | HGH Peptides Lab - Trusted Supplier","description":"Cump\u0103ra\u021bi CJC-1295 DAC de la un laborator GMP din China. 99% purity, HPLC\/COA disponibile. V\u00e2nzare direct\u0103 din fabric\u0103 \u0219i expediere la nivel mondial pentru suport de eliberare a GH cu ac\u021biune prelungit\u0103.","robots":{"index":"index","follow":"follow","max-snippet":"max-snippet:-1","max-image-preview":"max-image-preview:large","max-video-preview":"max-video-preview:-1"},"canonical":"https:\/\/hghpeptideslab.com\/ro\/product\/cjc-1295-with-dac\/","og_locale":"ro_RO","og_type":"article","og_title":"CJC-1295 With DAC Peptide","og_description":"Buy CJC-1295 DAC from a China-based GMP lab. 99% purity, HPLC\/COA available. Factory-direct selling and worldwide shipping for long-acting GH release support.","og_url":"https:\/\/hghpeptideslab.com\/ro\/product\/cjc-1295-with-dac\/","og_site_name":"HGH Peptides Lab","article_modified_time":"2026-01-16T19:02:19+00:00","og_image":[{"width":800,"height":800,"url":"https:\/\/hghpeptideslab.com\/wp-content\/uploads\/2025\/08\/cjc-1295-dac2mg.jpg","type":"image\/jpeg"}],"twitter_card":"summary_large_image","twitter_misc":{"Timp estimat pentru citire":"1 minut"},"schema":{"@context":"https:\/\/schema.org","@graph":[{"@type":"WebPage","@id":"https:\/\/hghpeptideslab.com\/product\/cjc-1295-with-dac\/","url":"https:\/\/hghpeptideslab.com\/product\/cjc-1295-with-dac\/","name":"CJC-1295 cu DAC Peptide | HGH Peptides Lab - Trusted Supplier","isPartOf":{"@id":"https:\/\/hghpeptideslab.com\/#website"},"primaryImageOfPage":{"@id":"https:\/\/hghpeptideslab.com\/product\/cjc-1295-with-dac\/#primaryimage"},"image":{"@id":"https:\/\/hghpeptideslab.com\/product\/cjc-1295-with-dac\/#primaryimage"},"thumbnailUrl":"https:\/\/hghpeptideslab.com\/wp-content\/uploads\/2025\/08\/cjc-1295-dac2mg.jpg","datePublished":"2025-08-14T16:14:21+00:00","dateModified":"2026-01-16T19:02:19+00:00","description":"Cump\u0103ra\u021bi CJC-1295 DAC de la un laborator GMP din China. 99% purity, HPLC\/COA disponibile. V\u00e2nzare direct\u0103 din fabric\u0103 \u0219i expediere la nivel mondial pentru suport de eliberare a GH cu ac\u021biune prelungit\u0103.","breadcrumb":{"@id":"https:\/\/hghpeptideslab.com\/product\/cjc-1295-with-dac\/#breadcrumb"},"inLanguage":"ro-RO","potentialAction":[{"@type":"ReadAction","target":["https:\/\/hghpeptideslab.com\/product\/cjc-1295-with-dac\/"]}],"copyrightNotice":"\u00a9 2010\u20132026 HGH Peptides Lab. All Rights Reserved."},{"@type":"ImageObject","inLanguage":"ro-RO","@id":"https:\/\/hghpeptideslab.com\/product\/cjc-1295-with-dac\/#primaryimage","url":"https:\/\/hghpeptideslab.com\/wp-content\/uploads\/2025\/08\/cjc-1295-dac2mg.jpg","contentUrl":"https:\/\/hghpeptideslab.com\/wp-content\/uploads\/2025\/08\/cjc-1295-dac2mg.jpg","width":800,"height":800,"caption":"2 mg per vial \u2022 10 vials per kit"},{"@type":"BreadcrumbList","@id":"https:\/\/hghpeptideslab.com\/product\/cjc-1295-with-dac\/#breadcrumb","itemListElement":[{"@type":"ListItem","position":1,"name":"Home","item":"https:\/\/hghpeptideslab.com\/"},{"@type":"ListItem","position":2,"name":"Shop","item":"https:\/\/hghpeptideslab.com\/shop\/"},{"@type":"ListItem","position":3,"name":"CJC-1295 With DAC Peptide"}]},{"@type":"WebSite","@id":"https:\/\/hghpeptideslab.com\/#website","url":"https:\/\/hghpeptideslab.com\/","name":"HGH Peptides Lab","description":"Premium Peptides &amp; HGH Magazin","publisher":{"@id":"https:\/\/hghpeptideslab.com\/#organization"},"potentialAction":[{"@type":"SearchAction","target":{"@type":"EntryPoint","urlTemplate":"https:\/\/hghpeptideslab.com\/?s={search_term_string}"},"query-input":{"@type":"PropertyValueSpecification","valueRequired":true,"valueName":"search_term_string"}}],"inLanguage":"ro-RO"},{"@type":"Organization","@id":"https:\/\/hghpeptideslab.com\/#organization","name":"HGH Peptides Lab","url":"https:\/\/hghpeptideslab.com\/ro\/","logo":{"@type":"ImageObject","url":"https:\/\/hghpeptideslab.com\/wp-content\/uploads\/2025\/07\/HGHPEPTIDESLAB-Logo.png"},"image":{"@id":"https:\/\/hghpeptideslab.com\/#\/schema\/logo\/image\/"},"foundingDate":"2010","contactPoint":[{"@type":"ContactPoint","contactType":"customer support","telephone":"+85247559641","email":"CYGGL2025@gmail.com","availableLanguage":["en"]}]}]}},"_links":{"self":[{"href":"https:\/\/hghpeptideslab.com\/ro\/wp-json\/wp\/v2\/product\/8841","targetHints":{"allow":["GET"]}}],"collection":[{"href":"https:\/\/hghpeptideslab.com\/ro\/wp-json\/wp\/v2\/product"}],"about":[{"href":"https:\/\/hghpeptideslab.com\/ro\/wp-json\/wp\/v2\/types\/product"}],"replies":[{"embeddable":true,"href":"https:\/\/hghpeptideslab.com\/ro\/wp-json\/wp\/v2\/comments?post=8841"}],"wp:featuredmedia":[{"embeddable":true,"href":"https:\/\/hghpeptideslab.com\/ro\/wp-json\/wp\/v2\/media\/8836"}],"wp:attachment":[{"href":"https:\/\/hghpeptideslab.com\/ro\/wp-json\/wp\/v2\/media?parent=8841"}],"wp:term":[{"taxonomy":"product_cat","embeddable":true,"href":"https:\/\/hghpeptideslab.com\/ro\/wp-json\/wp\/v2\/product_cat?post=8841"},{"taxonomy":"product_tag","embeddable":true,"href":"https:\/\/hghpeptideslab.com\/ro\/wp-json\/wp\/v2\/product_tag?post=8841"}],"curies":[{"name":"wp","href":"https:\/\/api.w.org\/{rel}","templated":true}]}}