{"id":9109,"date":"2025-08-16T21:18:14","date_gmt":"2025-08-16T21:18:14","guid":{"rendered":"https:\/\/hghpeptideslab.com\/?post_type=product&#038;p=9109"},"modified":"2025-10-22T20:31:19","modified_gmt":"2025-10-22T20:31:19","slug":"mots-c","status":"publish","type":"product","link":"https:\/\/hghpeptideslab.com\/ro\/product\/mots-c\/","title":{"rendered":"MOTS-C Peptide"},"content":{"rendered":"<h3>Prezentare general\u0103<\/h3>\n<p>MOTS-C este o peptid\u0103 derivat\u0103 din mitocondrii men\u021bionat\u0103 pe scar\u0103 larg\u0103 \u00een studiile privind homeostazia metabolic\u0103,<br \/>\nadaptarea la stres \u0219i sensibilitatea la insulin\u0103. Materialul nostru este <strong>GMP-manufacturat<\/strong><br \/>\ngrad farmaceutic cu <strong>99%+ puritate<\/strong>. Documenta\u021bia HPLC\/COA este disponibil\u0103 la cerere.<\/p>\n<h3>Caracteristici principale<\/h3>\n<ul>\n<li>Puncte forte: <strong>5 mg<\/strong> &amp; <strong>10 mg<\/strong> per vial<\/li>\n<li>Kit dimensiune: <strong>10 vials\/kit<\/strong><\/li>\n<li>Calitate constant\u0103 a loturilor pentru studii mitocondriale \u0219i metabolice reproductibile<\/li>\n<li>Documenta\u021bie: Cromatograma HPLC \/ COA disponibil\u0103 la cerere<\/li>\n<\/ul>\n<h3>Focusuri tipice de cercetare<\/h3>\n<ul>\n<li>Modele de semnalizare mitocondrial\u0103 \u0219i de r\u0103spuns la stresul celular<\/li>\n<li>C\u0103ile de manipulare a glucozei \u0219i sensibilitatea la insulin\u0103<\/li>\n<li>Rata metabolic\u0103, adipozitatea \u0219i cadrele echilibrului energetic<\/li>\n<li>Mecanisme de \u00eemb\u0103tr\u00e2nire s\u0103n\u0103toas\u0103 \u0219i longevitate<\/li>\n<\/ul>\n<h3>Depozitare \u0219i stabilitate<\/h3>\n<ul>\n<li>A se p\u0103stra sigilat la <strong>2-8 \u00b0C<\/strong>, protejat de lumin\u0103 \u0219i umiditate<\/li>\n<li>Utilizarea prompt\u0103 a solu\u021biilor reconstituite \u00een condi\u021bii de laborator adecvate<\/li>\n<\/ul>\n<h3>Note<\/h3>\n<ul>\n<li>Fabricat \u00een <strong>\u00cen conformitate cu GMP<\/strong> facilit\u0103\u021bi<\/li>\n<li>HPLC\/COA disponibile la cerere<\/li>\n<li>Numai pentru cercetare \u00een laborator. Produsele nu sunt etichetate pentru uz medical.<\/li>\n<\/ul>","protected":false},"excerpt":{"rendered":"<p><strong>Nume:<\/strong> 99% Purity MOTS-C pulbere de peptid\u0103<br \/>\n<strong>Func\u021bie:<\/strong> Semnalarea mitocondrial\u0103; homeostazia metabolic\u0103 \u0219i cercetarea sensibilit\u0103\u021bii la insulin\u0103<br \/>\n<strong>Specifica\u021bii:<\/strong> 5 mg &amp; 10 mg per vial; 10 vials\/kit<br \/>\n<strong>CAS:<\/strong> 1387871-81-7<br \/>\n<strong>Aparen\u021b\u0103:<\/strong> White lyophilized powder<\/p>","protected":false},"featured_media":9106,"comment_status":"open","ping_status":"closed","template":"","meta":[],"product_cat":[59,46],"product_tag":[162,161,129],"class_list":{"0":"post-9109","1":"product","2":"type-product","3":"status-publish","4":"has-post-thumbnail","6":"product_brand-dp-hghpeptides","7":"product_brand-hgh-peptides-lab","8":"product_cat-nootropic-peptides-anti-aging","9":"product_cat-peptides-for-weight-loss","10":"product_tag-anti-aging-longevity-peptides","11":"product_tag-fat-loss-metabolism-peptides","12":"product_tag-mots-c","14":"first","15":"instock","16":"featured","17":"shipping-taxable","18":"purchasable","19":"product-type-variable","20":"has-default-attributes"},"yoast_head":"<!-- This site is optimized with the Yoast SEO Premium plugin v27.5 (Yoast SEO v27.5) - https:\/\/yoast.com\/product\/yoast-seo-premium-wordpress\/ -->\n<title>MOTS-C Peptide for Energy &amp; Metabolic Support | HGH Peptides Lab \u2013 GMP-Manufactured<\/title>\n<meta name=\"description\" content=\"Buy MOTS-C from a China-based GMP lab. 99% purity with HPLC\/COA, factory-direct selling and worldwide shipping for mitochondrial energy and metabolic support.\" \/>\n<meta name=\"robots\" content=\"index, follow, max-snippet:-1, max-image-preview:large, max-video-preview:-1\" \/>\n<link rel=\"canonical\" href=\"https:\/\/hghpeptideslab.com\/ro\/product\/mots-c\/\" \/>\n<meta property=\"og:locale\" content=\"ro_RO\" \/>\n<meta property=\"og:type\" content=\"article\" \/>\n<meta property=\"og:title\" content=\"MOTS-C Peptide\" \/>\n<meta property=\"og:description\" content=\"Buy MOTS-C from a China-based GMP lab. 99% purity with HPLC\/COA, factory-direct selling and worldwide shipping for mitochondrial energy and metabolic support.\" \/>\n<meta property=\"og:url\" content=\"https:\/\/hghpeptideslab.com\/ro\/product\/mots-c\/\" \/>\n<meta property=\"og:site_name\" content=\"HGH Peptides Lab\" \/>\n<meta property=\"article:modified_time\" content=\"2025-10-22T20:31:19+00:00\" \/>\n<meta property=\"og:image\" content=\"https:\/\/hghpeptideslab.com\/wp-content\/uploads\/2025\/08\/mots-c10mg.jpg\" \/>\n\t<meta property=\"og:image:width\" content=\"800\" \/>\n\t<meta property=\"og:image:height\" content=\"800\" \/>\n\t<meta property=\"og:image:type\" content=\"image\/jpeg\" \/>\n<meta name=\"twitter:card\" content=\"summary_large_image\" \/>\n<meta name=\"twitter:label1\" content=\"Timp estimat pentru citire\" \/>\n\t<meta name=\"twitter:data1\" content=\"1 minut\" \/>\n<script type=\"application\/ld+json\" class=\"yoast-schema-graph\">{\"@context\":\"https:\\\/\\\/schema.org\",\"@graph\":[{\"@type\":\"WebPage\",\"@id\":\"https:\\\/\\\/hghpeptideslab.com\\\/product\\\/mots-c\\\/\",\"url\":\"https:\\\/\\\/hghpeptideslab.com\\\/product\\\/mots-c\\\/\",\"name\":\"MOTS-C Peptide for Energy & Metabolic Support | HGH Peptides Lab \u2013 GMP-Manufactured\",\"isPartOf\":{\"@id\":\"https:\\\/\\\/hghpeptideslab.com\\\/#website\"},\"primaryImageOfPage\":{\"@id\":\"https:\\\/\\\/hghpeptideslab.com\\\/product\\\/mots-c\\\/#primaryimage\"},\"image\":{\"@id\":\"https:\\\/\\\/hghpeptideslab.com\\\/product\\\/mots-c\\\/#primaryimage\"},\"thumbnailUrl\":\"https:\\\/\\\/hghpeptideslab.com\\\/wp-content\\\/uploads\\\/2025\\\/08\\\/mots-c10mg.jpg\",\"datePublished\":\"2025-08-16T21:18:14+00:00\",\"dateModified\":\"2025-10-22T20:31:19+00:00\",\"description\":\"Buy MOTS-C from a China-based GMP lab. 99% purity with HPLC\\\/COA, factory-direct selling and worldwide shipping for mitochondrial energy and metabolic support.\",\"breadcrumb\":{\"@id\":\"https:\\\/\\\/hghpeptideslab.com\\\/product\\\/mots-c\\\/#breadcrumb\"},\"inLanguage\":\"ro-RO\",\"potentialAction\":[{\"@type\":\"ReadAction\",\"target\":[\"https:\\\/\\\/hghpeptideslab.com\\\/product\\\/mots-c\\\/\"]}],\"copyrightNotice\":\"\u00a9 2010\u20132026 HGH Peptides Lab. All Rights Reserved.\"},{\"@type\":\"ImageObject\",\"inLanguage\":\"ro-RO\",\"@id\":\"https:\\\/\\\/hghpeptideslab.com\\\/product\\\/mots-c\\\/#primaryimage\",\"url\":\"https:\\\/\\\/hghpeptideslab.com\\\/wp-content\\\/uploads\\\/2025\\\/08\\\/mots-c10mg.jpg\",\"contentUrl\":\"https:\\\/\\\/hghpeptideslab.com\\\/wp-content\\\/uploads\\\/2025\\\/08\\\/mots-c10mg.jpg\",\"width\":800,\"height\":800,\"caption\":\"10mg MOTS-C lyophilized powder (research use only)\"},{\"@type\":\"BreadcrumbList\",\"@id\":\"https:\\\/\\\/hghpeptideslab.com\\\/product\\\/mots-c\\\/#breadcrumb\",\"itemListElement\":[{\"@type\":\"ListItem\",\"position\":1,\"name\":\"Home\",\"item\":\"https:\\\/\\\/hghpeptideslab.com\\\/\"},{\"@type\":\"ListItem\",\"position\":2,\"name\":\"Shop\",\"item\":\"https:\\\/\\\/hghpeptideslab.com\\\/shop\\\/\"},{\"@type\":\"ListItem\",\"position\":3,\"name\":\"MOTS-C Peptide\"}]},{\"@type\":\"WebSite\",\"@id\":\"https:\\\/\\\/hghpeptideslab.com\\\/#website\",\"url\":\"https:\\\/\\\/hghpeptideslab.com\\\/\",\"name\":\"HGH Peptides Lab\",\"description\":\"Premium Peptides &amp; HGH Shop\",\"publisher\":{\"@id\":\"https:\\\/\\\/hghpeptideslab.com\\\/#organization\"},\"potentialAction\":[{\"@type\":\"SearchAction\",\"target\":{\"@type\":\"EntryPoint\",\"urlTemplate\":\"https:\\\/\\\/hghpeptideslab.com\\\/?s={search_term_string}\"},\"query-input\":{\"@type\":\"PropertyValueSpecification\",\"valueRequired\":true,\"valueName\":\"search_term_string\"}}],\"inLanguage\":\"ro-RO\"},{\"@type\":\"Organization\",\"@id\":\"https:\\\/\\\/hghpeptideslab.com\\\/#organization\",\"name\":\"HGH Peptides Lab\",\"url\":\"https:\\\/\\\/hghpeptideslab.com\\\/ro\\\/\",\"logo\":{\"@type\":\"ImageObject\",\"url\":\"https:\\\/\\\/hghpeptideslab.com\\\/wp-content\\\/uploads\\\/2025\\\/07\\\/HGHPEPTIDESLAB-Logo.png\"},\"image\":{\"@id\":\"https:\\\/\\\/hghpeptideslab.com\\\/#\\\/schema\\\/logo\\\/image\\\/\"},\"foundingDate\":\"2010\",\"contactPoint\":[{\"@type\":\"ContactPoint\",\"contactType\":\"customer support\",\"telephone\":\"+85247559641\",\"email\":\"CYGGL2025@gmail.com\",\"availableLanguage\":[\"en\"]}]}]}<\/script>\n<!-- \/ Yoast SEO Premium plugin. -->","yoast_head_json":{"title":"MOTS-C Peptide pentru energie \u0219i suport metabolic | HGH Peptides Lab - GMP-Manufactured","description":"Cump\u0103ra\u021bi MOTS-C de la un laborator cu sediul \u00een China GMP. 99% purity cu HPLC\/COA, v\u00e2nzare direct\u0103 din fabric\u0103 \u0219i livrare \u00een \u00eentreaga lume pentru energie mitocondrial\u0103 \u0219i suport metabolic.","robots":{"index":"index","follow":"follow","max-snippet":"max-snippet:-1","max-image-preview":"max-image-preview:large","max-video-preview":"max-video-preview:-1"},"canonical":"https:\/\/hghpeptideslab.com\/ro\/product\/mots-c\/","og_locale":"ro_RO","og_type":"article","og_title":"MOTS-C Peptide","og_description":"Buy MOTS-C from a China-based GMP lab. 99% purity with HPLC\/COA, factory-direct selling and worldwide shipping for mitochondrial energy and metabolic support.","og_url":"https:\/\/hghpeptideslab.com\/ro\/product\/mots-c\/","og_site_name":"HGH Peptides Lab","article_modified_time":"2025-10-22T20:31:19+00:00","og_image":[{"width":800,"height":800,"url":"https:\/\/hghpeptideslab.com\/wp-content\/uploads\/2025\/08\/mots-c10mg.jpg","type":"image\/jpeg"}],"twitter_card":"summary_large_image","twitter_misc":{"Timp estimat pentru citire":"1 minut"},"schema":{"@context":"https:\/\/schema.org","@graph":[{"@type":"WebPage","@id":"https:\/\/hghpeptideslab.com\/product\/mots-c\/","url":"https:\/\/hghpeptideslab.com\/product\/mots-c\/","name":"MOTS-C Peptide pentru energie \u0219i suport metabolic | HGH Peptides Lab - GMP-Manufactured","isPartOf":{"@id":"https:\/\/hghpeptideslab.com\/#website"},"primaryImageOfPage":{"@id":"https:\/\/hghpeptideslab.com\/product\/mots-c\/#primaryimage"},"image":{"@id":"https:\/\/hghpeptideslab.com\/product\/mots-c\/#primaryimage"},"thumbnailUrl":"https:\/\/hghpeptideslab.com\/wp-content\/uploads\/2025\/08\/mots-c10mg.jpg","datePublished":"2025-08-16T21:18:14+00:00","dateModified":"2025-10-22T20:31:19+00:00","description":"Cump\u0103ra\u021bi MOTS-C de la un laborator cu sediul \u00een China GMP. 99% purity cu HPLC\/COA, v\u00e2nzare direct\u0103 din fabric\u0103 \u0219i livrare \u00een \u00eentreaga lume pentru energie mitocondrial\u0103 \u0219i suport metabolic.","breadcrumb":{"@id":"https:\/\/hghpeptideslab.com\/product\/mots-c\/#breadcrumb"},"inLanguage":"ro-RO","potentialAction":[{"@type":"ReadAction","target":["https:\/\/hghpeptideslab.com\/product\/mots-c\/"]}],"copyrightNotice":"\u00a9 2010\u20132026 HGH Peptides Lab. All Rights Reserved."},{"@type":"ImageObject","inLanguage":"ro-RO","@id":"https:\/\/hghpeptideslab.com\/product\/mots-c\/#primaryimage","url":"https:\/\/hghpeptideslab.com\/wp-content\/uploads\/2025\/08\/mots-c10mg.jpg","contentUrl":"https:\/\/hghpeptideslab.com\/wp-content\/uploads\/2025\/08\/mots-c10mg.jpg","width":800,"height":800,"caption":"10mg MOTS-C lyophilized powder (research use only)"},{"@type":"BreadcrumbList","@id":"https:\/\/hghpeptideslab.com\/product\/mots-c\/#breadcrumb","itemListElement":[{"@type":"ListItem","position":1,"name":"Home","item":"https:\/\/hghpeptideslab.com\/"},{"@type":"ListItem","position":2,"name":"Shop","item":"https:\/\/hghpeptideslab.com\/shop\/"},{"@type":"ListItem","position":3,"name":"MOTS-C Peptide"}]},{"@type":"WebSite","@id":"https:\/\/hghpeptideslab.com\/#website","url":"https:\/\/hghpeptideslab.com\/","name":"HGH Peptides Lab","description":"Premium Peptides &amp; HGH Magazin","publisher":{"@id":"https:\/\/hghpeptideslab.com\/#organization"},"potentialAction":[{"@type":"SearchAction","target":{"@type":"EntryPoint","urlTemplate":"https:\/\/hghpeptideslab.com\/?s={search_term_string}"},"query-input":{"@type":"PropertyValueSpecification","valueRequired":true,"valueName":"search_term_string"}}],"inLanguage":"ro-RO"},{"@type":"Organization","@id":"https:\/\/hghpeptideslab.com\/#organization","name":"HGH Peptides Lab","url":"https:\/\/hghpeptideslab.com\/ro\/","logo":{"@type":"ImageObject","url":"https:\/\/hghpeptideslab.com\/wp-content\/uploads\/2025\/07\/HGHPEPTIDESLAB-Logo.png"},"image":{"@id":"https:\/\/hghpeptideslab.com\/#\/schema\/logo\/image\/"},"foundingDate":"2010","contactPoint":[{"@type":"ContactPoint","contactType":"customer support","telephone":"+85247559641","email":"CYGGL2025@gmail.com","availableLanguage":["en"]}]}]}},"_links":{"self":[{"href":"https:\/\/hghpeptideslab.com\/ro\/wp-json\/wp\/v2\/product\/9109","targetHints":{"allow":["GET"]}}],"collection":[{"href":"https:\/\/hghpeptideslab.com\/ro\/wp-json\/wp\/v2\/product"}],"about":[{"href":"https:\/\/hghpeptideslab.com\/ro\/wp-json\/wp\/v2\/types\/product"}],"replies":[{"embeddable":true,"href":"https:\/\/hghpeptideslab.com\/ro\/wp-json\/wp\/v2\/comments?post=9109"}],"wp:featuredmedia":[{"embeddable":true,"href":"https:\/\/hghpeptideslab.com\/ro\/wp-json\/wp\/v2\/media\/9106"}],"wp:attachment":[{"href":"https:\/\/hghpeptideslab.com\/ro\/wp-json\/wp\/v2\/media?parent=9109"}],"wp:term":[{"taxonomy":"product_cat","embeddable":true,"href":"https:\/\/hghpeptideslab.com\/ro\/wp-json\/wp\/v2\/product_cat?post=9109"},{"taxonomy":"product_tag","embeddable":true,"href":"https:\/\/hghpeptideslab.com\/ro\/wp-json\/wp\/v2\/product_tag?post=9109"}],"curies":[{"name":"wp","href":"https:\/\/api.w.org\/{rel}","templated":true}]}}