{"id":9131,"date":"2025-08-17T01:18:56","date_gmt":"2025-08-17T01:18:56","guid":{"rendered":"https:\/\/hghpeptideslab.com\/?post_type=product&#038;p=9131"},"modified":"2025-10-21T22:07:20","modified_gmt":"2025-10-21T22:07:20","slug":"follistatin-344","status":"publish","type":"product","link":"https:\/\/hghpeptideslab.com\/ro\/product\/follistatin-344\/","title":{"rendered":"Follistatin-344 Peptide"},"content":{"rendered":"<h3>Prezentare general\u0103<\/h3>\n<p>Follistatin-344 (FS-344) este men\u021bionat pe scar\u0103 larg\u0103 \u00een studiile care analizeaz\u0103 semnalizarea miostatinei\/activinei,<br \/>\ndezvoltarea musculaturii scheletice \u0219i cadrele de compozi\u021bie corporal\u0103. Materialul nostru este<br \/>\n<strong>GMP-manufacturat<\/strong> grad farmaceutic cu <strong>99%+ puritate<\/strong>.<br \/>\nDocumenta\u021bia HPLC\/COA este disponibil\u0103 la cerere.<\/p>\n<h3>Caracteristici principale<\/h3>\n<ul>\n<li>Putere: <strong>1 mg<\/strong> per vial<\/li>\n<li>Kit dimensiune: <strong>10 vials\/kit<\/strong><\/li>\n<li>Calitate consistent\u0103 a lotului pentru interogarea c\u0103ii ActRIIB\/activin\/miostatin\u0103<\/li>\n<li>Documenta\u021bie: Cromatograma HPLC \/ COA disponibil\u0103 la cerere<\/li>\n<\/ul>\n<h3>Focusuri tipice de cercetare<\/h3>\n<ul>\n<li>Inhibarea c\u0103ii Myostatin\/activin \u0219i modelele de hipertrofie<\/li>\n<li>Acumularea masei slabe \u0219i optimizarea performan\u021bei<\/li>\n<li>Diferen\u021bierea \u0219i remodelarea mu\u0219chiului scheletic<\/li>\n<li>Studii comparative cu inhibitori de miostatin\u0103 \u0219i liganzi ActRIIB<\/li>\n<\/ul>\n<h3>Depozitare \u0219i stabilitate<\/h3>\n<ul>\n<li>A se p\u0103stra sigilat la <strong>2-8 \u00b0C<\/strong>, protejat de lumin\u0103 \u0219i umiditate<\/li>\n<li>Utilizarea prompt\u0103 a solu\u021biilor reconstituite \u00een condi\u021bii de laborator adecvate<\/li>\n<\/ul>\n<h3>Note<\/h3>\n<ul>\n<li>Fabricat \u00een <strong>\u00cen conformitate cu GMP<\/strong> facilit\u0103\u021bi<\/li>\n<li>HPLC\/COA disponibile la cerere<\/li>\n<li>Numai pentru cercetare \u00een laborator. Produsele nu sunt etichetate pentru uz medical.<\/li>\n<\/ul>","protected":false},"excerpt":{"rendered":"<p><strong>Nume:<\/strong> Pulbere de peptid\u0103 99% Purity Follistatin-344<br \/>\n<strong>Func\u021bie:<\/strong> Calea Myostatin\/activin; masa slab\u0103 \u0219i cercetarea performan\u021bei<br \/>\n<strong>Specifica\u021bii:<\/strong> 1 mg per vial; 10 vials\/kit<br \/>\n<strong>CAS:<\/strong> -<br \/>\n<strong>Aparen\u021b\u0103:<\/strong> White lyophilized powder<\/p>","protected":false},"featured_media":9128,"comment_status":"open","ping_status":"closed","template":"","meta":[],"product_cat":[40,60],"product_tag":[138,160,167],"class_list":{"0":"post-9131","1":"product","2":"type-product","3":"status-publish","4":"has-post-thumbnail","6":"product_brand-dp-hghpeptides","7":"product_brand-hgh-peptides-lab","8":"product_cat-peptides-for-muscle-growth","9":"product_cat-specialty-peptides","10":"product_tag-follistatin-344","11":"product_tag-muscle-growth-performance-peptides","12":"product_tag-overall-wellness-peptides","14":"first","15":"instock","16":"shipping-taxable","17":"purchasable","18":"product-type-simple"},"yoast_head":"<!-- This site is optimized with the Yoast SEO Premium plugin v27.3 (Yoast SEO v27.3) - https:\/\/yoast.com\/product\/yoast-seo-premium-wordpress\/ -->\n<title>Follistatin-344 Peptide for Muscle Growth | HGH Peptides Lab \u2013 Pharmaceutical-Grade Quality<\/title>\n<meta name=\"description\" content=\"Buy Follistatin-344 from a China-based GMP lab. 99% purity with HPLC\/COA, factory-direct selling and fast worldwide shipping for myostatin-pathway muscle support.\" \/>\n<meta name=\"robots\" content=\"index, follow, max-snippet:-1, max-image-preview:large, max-video-preview:-1\" \/>\n<link rel=\"canonical\" href=\"https:\/\/hghpeptideslab.com\/ro\/product\/follistatin-344\/\" \/>\n<meta property=\"og:locale\" content=\"ro_RO\" \/>\n<meta property=\"og:type\" content=\"article\" \/>\n<meta property=\"og:title\" content=\"Follistatin-344 Peptide\" \/>\n<meta property=\"og:description\" content=\"Buy Follistatin-344 from a China-based GMP lab. 99% purity with HPLC\/COA, factory-direct selling and fast worldwide shipping for myostatin-pathway muscle support.\" \/>\n<meta property=\"og:url\" content=\"https:\/\/hghpeptideslab.com\/ro\/product\/follistatin-344\/\" \/>\n<meta property=\"og:site_name\" content=\"HGH Peptides Lab\" \/>\n<meta property=\"article:modified_time\" content=\"2025-10-21T22:07:20+00:00\" \/>\n<meta property=\"og:image\" content=\"https:\/\/hghpeptideslab.com\/wp-content\/uploads\/2025\/08\/follistatin3441mg.jpg\" \/>\n\t<meta property=\"og:image:width\" content=\"800\" \/>\n\t<meta property=\"og:image:height\" content=\"800\" \/>\n\t<meta property=\"og:image:type\" content=\"image\/jpeg\" \/>\n<meta name=\"twitter:card\" content=\"summary_large_image\" \/>\n<meta name=\"twitter:label1\" content=\"Timp estimat pentru citire\" \/>\n\t<meta name=\"twitter:data1\" content=\"1 minut\" \/>\n<script type=\"application\/ld+json\" class=\"yoast-schema-graph\">{\"@context\":\"https:\\\/\\\/schema.org\",\"@graph\":[{\"@type\":\"WebPage\",\"@id\":\"https:\\\/\\\/hghpeptideslab.com\\\/product\\\/follistatin-344\\\/\",\"url\":\"https:\\\/\\\/hghpeptideslab.com\\\/product\\\/follistatin-344\\\/\",\"name\":\"Follistatin-344 Peptide for Muscle Growth | HGH Peptides Lab \u2013 Pharmaceutical-Grade Quality\",\"isPartOf\":{\"@id\":\"https:\\\/\\\/hghpeptideslab.com\\\/#website\"},\"primaryImageOfPage\":{\"@id\":\"https:\\\/\\\/hghpeptideslab.com\\\/product\\\/follistatin-344\\\/#primaryimage\"},\"image\":{\"@id\":\"https:\\\/\\\/hghpeptideslab.com\\\/product\\\/follistatin-344\\\/#primaryimage\"},\"thumbnailUrl\":\"https:\\\/\\\/hghpeptideslab.com\\\/wp-content\\\/uploads\\\/2025\\\/08\\\/follistatin3441mg.jpg\",\"datePublished\":\"2025-08-17T01:18:56+00:00\",\"dateModified\":\"2025-10-21T22:07:20+00:00\",\"description\":\"Buy Follistatin-344 from a China-based GMP lab. 99% purity with HPLC\\\/COA, factory-direct selling and fast worldwide shipping for myostatin-pathway muscle support.\",\"breadcrumb\":{\"@id\":\"https:\\\/\\\/hghpeptideslab.com\\\/product\\\/follistatin-344\\\/#breadcrumb\"},\"inLanguage\":\"ro-RO\",\"potentialAction\":[{\"@type\":\"ReadAction\",\"target\":[\"https:\\\/\\\/hghpeptideslab.com\\\/product\\\/follistatin-344\\\/\"]}],\"copyrightNotice\":\"\u00a9 2010\u20132026 HGH Peptides Lab. All Rights Reserved.\"},{\"@type\":\"ImageObject\",\"inLanguage\":\"ro-RO\",\"@id\":\"https:\\\/\\\/hghpeptideslab.com\\\/product\\\/follistatin-344\\\/#primaryimage\",\"url\":\"https:\\\/\\\/hghpeptideslab.com\\\/wp-content\\\/uploads\\\/2025\\\/08\\\/follistatin3441mg.jpg\",\"contentUrl\":\"https:\\\/\\\/hghpeptideslab.com\\\/wp-content\\\/uploads\\\/2025\\\/08\\\/follistatin3441mg.jpg\",\"width\":800,\"height\":800,\"caption\":\"1mg FS-344 lyophilized powder (research use only)\"},{\"@type\":\"BreadcrumbList\",\"@id\":\"https:\\\/\\\/hghpeptideslab.com\\\/product\\\/follistatin-344\\\/#breadcrumb\",\"itemListElement\":[{\"@type\":\"ListItem\",\"position\":1,\"name\":\"Home\",\"item\":\"https:\\\/\\\/hghpeptideslab.com\\\/\"},{\"@type\":\"ListItem\",\"position\":2,\"name\":\"Shop\",\"item\":\"https:\\\/\\\/hghpeptideslab.com\\\/shop\\\/\"},{\"@type\":\"ListItem\",\"position\":3,\"name\":\"Follistatin-344 Peptide\"}]},{\"@type\":\"WebSite\",\"@id\":\"https:\\\/\\\/hghpeptideslab.com\\\/#website\",\"url\":\"https:\\\/\\\/hghpeptideslab.com\\\/\",\"name\":\"HGH Peptides Lab\",\"description\":\"Premium Peptides &amp; HGH Shop\",\"publisher\":{\"@id\":\"https:\\\/\\\/hghpeptideslab.com\\\/#organization\"},\"potentialAction\":[{\"@type\":\"SearchAction\",\"target\":{\"@type\":\"EntryPoint\",\"urlTemplate\":\"https:\\\/\\\/hghpeptideslab.com\\\/?s={search_term_string}\"},\"query-input\":{\"@type\":\"PropertyValueSpecification\",\"valueRequired\":true,\"valueName\":\"search_term_string\"}}],\"inLanguage\":\"ro-RO\"},{\"@type\":\"Organization\",\"@id\":\"https:\\\/\\\/hghpeptideslab.com\\\/#organization\",\"name\":\"HGH Peptides Lab\",\"url\":\"https:\\\/\\\/hghpeptideslab.com\\\/ro\\\/\",\"logo\":{\"@type\":\"ImageObject\",\"url\":\"https:\\\/\\\/hghpeptideslab.com\\\/wp-content\\\/uploads\\\/2025\\\/07\\\/HGHPEPTIDESLAB-Logo.png\"},\"image\":{\"@id\":\"https:\\\/\\\/hghpeptideslab.com\\\/#\\\/schema\\\/logo\\\/image\\\/\"},\"foundingDate\":\"2010\",\"contactPoint\":[{\"@type\":\"ContactPoint\",\"contactType\":\"customer support\",\"telephone\":\"+85247559641\",\"email\":\"CYGGL2025@gmail.com\",\"availableLanguage\":[\"en\"]}]}]}<\/script>\n<!-- \/ Yoast SEO Premium plugin. -->","yoast_head_json":{"title":"Follistatin-344 Peptide pentru cre\u0219terea muscular\u0103 | HGH Peptides Lab - Calitate de grad farmaceutic","description":"Cump\u0103ra\u021bi Follistatin-344 de la un laborator cu sediul \u00een China GMP. 99% purity cu HPLC\/COA, v\u00e2nzare direct\u0103 din fabric\u0103 \u0219i livrare rapid\u0103 \u00een \u00eentreaga lume pentru sus\u021binerea muscular\u0103 a c\u0103ii miostatinei.","robots":{"index":"index","follow":"follow","max-snippet":"max-snippet:-1","max-image-preview":"max-image-preview:large","max-video-preview":"max-video-preview:-1"},"canonical":"https:\/\/hghpeptideslab.com\/ro\/product\/follistatin-344\/","og_locale":"ro_RO","og_type":"article","og_title":"Follistatin-344 Peptide","og_description":"Buy Follistatin-344 from a China-based GMP lab. 99% purity with HPLC\/COA, factory-direct selling and fast worldwide shipping for myostatin-pathway muscle support.","og_url":"https:\/\/hghpeptideslab.com\/ro\/product\/follistatin-344\/","og_site_name":"HGH Peptides Lab","article_modified_time":"2025-10-21T22:07:20+00:00","og_image":[{"width":800,"height":800,"url":"https:\/\/hghpeptideslab.com\/wp-content\/uploads\/2025\/08\/follistatin3441mg.jpg","type":"image\/jpeg"}],"twitter_card":"summary_large_image","twitter_misc":{"Timp estimat pentru citire":"1 minut"},"schema":{"@context":"https:\/\/schema.org","@graph":[{"@type":"WebPage","@id":"https:\/\/hghpeptideslab.com\/product\/follistatin-344\/","url":"https:\/\/hghpeptideslab.com\/product\/follistatin-344\/","name":"Follistatin-344 Peptide pentru cre\u0219terea muscular\u0103 | HGH Peptides Lab - Calitate de grad farmaceutic","isPartOf":{"@id":"https:\/\/hghpeptideslab.com\/#website"},"primaryImageOfPage":{"@id":"https:\/\/hghpeptideslab.com\/product\/follistatin-344\/#primaryimage"},"image":{"@id":"https:\/\/hghpeptideslab.com\/product\/follistatin-344\/#primaryimage"},"thumbnailUrl":"https:\/\/hghpeptideslab.com\/wp-content\/uploads\/2025\/08\/follistatin3441mg.jpg","datePublished":"2025-08-17T01:18:56+00:00","dateModified":"2025-10-21T22:07:20+00:00","description":"Cump\u0103ra\u021bi Follistatin-344 de la un laborator cu sediul \u00een China GMP. 99% purity cu HPLC\/COA, v\u00e2nzare direct\u0103 din fabric\u0103 \u0219i livrare rapid\u0103 \u00een \u00eentreaga lume pentru sus\u021binerea muscular\u0103 a c\u0103ii miostatinei.","breadcrumb":{"@id":"https:\/\/hghpeptideslab.com\/product\/follistatin-344\/#breadcrumb"},"inLanguage":"ro-RO","potentialAction":[{"@type":"ReadAction","target":["https:\/\/hghpeptideslab.com\/product\/follistatin-344\/"]}],"copyrightNotice":"\u00a9 2010\u20132026 HGH Peptides Lab. All Rights Reserved."},{"@type":"ImageObject","inLanguage":"ro-RO","@id":"https:\/\/hghpeptideslab.com\/product\/follistatin-344\/#primaryimage","url":"https:\/\/hghpeptideslab.com\/wp-content\/uploads\/2025\/08\/follistatin3441mg.jpg","contentUrl":"https:\/\/hghpeptideslab.com\/wp-content\/uploads\/2025\/08\/follistatin3441mg.jpg","width":800,"height":800,"caption":"1mg FS-344 lyophilized powder (research use only)"},{"@type":"BreadcrumbList","@id":"https:\/\/hghpeptideslab.com\/product\/follistatin-344\/#breadcrumb","itemListElement":[{"@type":"ListItem","position":1,"name":"Home","item":"https:\/\/hghpeptideslab.com\/"},{"@type":"ListItem","position":2,"name":"Shop","item":"https:\/\/hghpeptideslab.com\/shop\/"},{"@type":"ListItem","position":3,"name":"Follistatin-344 Peptide"}]},{"@type":"WebSite","@id":"https:\/\/hghpeptideslab.com\/#website","url":"https:\/\/hghpeptideslab.com\/","name":"HGH Peptides Lab","description":"Premium Peptides &amp; HGH Magazin","publisher":{"@id":"https:\/\/hghpeptideslab.com\/#organization"},"potentialAction":[{"@type":"SearchAction","target":{"@type":"EntryPoint","urlTemplate":"https:\/\/hghpeptideslab.com\/?s={search_term_string}"},"query-input":{"@type":"PropertyValueSpecification","valueRequired":true,"valueName":"search_term_string"}}],"inLanguage":"ro-RO"},{"@type":"Organization","@id":"https:\/\/hghpeptideslab.com\/#organization","name":"HGH Peptides Lab","url":"https:\/\/hghpeptideslab.com\/ro\/","logo":{"@type":"ImageObject","url":"https:\/\/hghpeptideslab.com\/wp-content\/uploads\/2025\/07\/HGHPEPTIDESLAB-Logo.png"},"image":{"@id":"https:\/\/hghpeptideslab.com\/#\/schema\/logo\/image\/"},"foundingDate":"2010","contactPoint":[{"@type":"ContactPoint","contactType":"customer support","telephone":"+85247559641","email":"CYGGL2025@gmail.com","availableLanguage":["en"]}]}]}},"_links":{"self":[{"href":"https:\/\/hghpeptideslab.com\/ro\/wp-json\/wp\/v2\/product\/9131","targetHints":{"allow":["GET"]}}],"collection":[{"href":"https:\/\/hghpeptideslab.com\/ro\/wp-json\/wp\/v2\/product"}],"about":[{"href":"https:\/\/hghpeptideslab.com\/ro\/wp-json\/wp\/v2\/types\/product"}],"replies":[{"embeddable":true,"href":"https:\/\/hghpeptideslab.com\/ro\/wp-json\/wp\/v2\/comments?post=9131"}],"wp:featuredmedia":[{"embeddable":true,"href":"https:\/\/hghpeptideslab.com\/ro\/wp-json\/wp\/v2\/media\/9128"}],"wp:attachment":[{"href":"https:\/\/hghpeptideslab.com\/ro\/wp-json\/wp\/v2\/media?parent=9131"}],"wp:term":[{"taxonomy":"product_cat","embeddable":true,"href":"https:\/\/hghpeptideslab.com\/ro\/wp-json\/wp\/v2\/product_cat?post=9131"},{"taxonomy":"product_tag","embeddable":true,"href":"https:\/\/hghpeptideslab.com\/ro\/wp-json\/wp\/v2\/product_tag?post=9131"}],"curies":[{"name":"wp","href":"https:\/\/api.w.org\/{rel}","templated":true}]}}