{"id":9166,"date":"2025-08-18T00:54:14","date_gmt":"2025-08-18T00:54:14","guid":{"rendered":"https:\/\/hghpeptideslab.com\/?post_type=product&#038;p=9166"},"modified":"2025-10-22T18:42:38","modified_gmt":"2025-10-22T18:42:38","slug":"ghrp-6","status":"publish","type":"product","link":"https:\/\/hghpeptideslab.com\/ro\/product\/ghrp-6\/","title":{"rendered":"GHRP-6 (eliberare a hormonului de cre\u0219tere Peptide-6) Peptide"},"content":{"rendered":"<h3>Prezentare general\u0103<\/h3>\n<p>GHRP-6 este un secretagog de hormon de cre\u0219tere ghrelin-mimetic, adesea men\u021bionat \u00een studiile privind eliberarea GH, recuperarea \u0219i c\u0103ile apetitului. Materialul nostru este <strong>GMP-manufacturat<\/strong> cu <strong>99%+ puritate<\/strong>. <strong>HPLC\/COA<\/strong> documenta\u021bia este disponibil\u0103 la cerere.<\/p>\n<h3>Caracteristici principale<\/h3>\n<ul>\n<li>Puncte forte: <strong>5 mg<\/strong>, <strong>10 mg<\/strong> per vial<\/li>\n<li>Kit dimensiune:  <strong>10 vials\/kit<\/strong><\/li>\n<li>White lyophilized powder pentru protocoale de laborator flexibile<\/li>\n<li>Cromatograma HPLC \/ COA disponibil\u0103 la cerere<\/li>\n<\/ul>\n<h3>Focusuri tipice de cercetare<\/h3>\n<ul>\n<li>Secre\u021bia hormonului de cre\u0219tere \u0219i mecanismele de semnalizare<\/li>\n<li>Modele de cre\u0219tere muscular\u0103, recuperare \u0219i performan\u021b\u0103<\/li>\n<li>Apetitul\/echilibrul energetic prin studii ale axei grelinei<\/li>\n<li>Adiacen\u021b\u0103 la conceptele de recuperare prin antrenament de rezisten\u021b\u0103<\/li>\n<\/ul>\n<h3>Depozitare \u0219i stabilitate<\/h3>\n<ul>\n<li>A se p\u0103stra sigilat la <strong>2-8 \u00b0C<\/strong>, protejat de lumin\u0103 \u0219i umiditate<\/li>\n<li>Utilizarea prompt\u0103 a solu\u021biilor reconstituite \u00een condi\u021bii de laborator adecvate<\/li>\n<\/ul>\n<h3>Note<\/h3>\n<ul>\n<li>Fabricat \u00een <strong>\u00cen conformitate cu GMP<\/strong> instala\u021bii; controlul proceselor de calitate farmaceutic\u0103<\/li>\n<li><strong>CAS:<\/strong> 87616-84-0; <strong>HPLC\/COA<\/strong> disponibil la cerere<\/li>\n<li>Numai pentru cercetare \u00een laborator. Produsele nu sunt etichetate pentru uz medical.<\/li>\n<\/ul>\n<p><span data-mce-type=\"bookmark\" style=\"display: inline-block; width: 0px; overflow: hidden; line-height: 0;\" class=\"mce_SELRES_start\"><\/span><\/p>","protected":false},"excerpt":{"rendered":"<p><strong>Nume:<\/strong> 99% Purity GHRP-6 pulbere de peptid\u0103<br \/>\n<strong>Func\u021bie:<\/strong> Studii privind secre\u021bia de GH \u0219i cre\u0219terea muscular\u0103; modularea apetitului<br \/>\n<strong>Specifica\u021bii:<\/strong> 5 mg &amp; 10 mg per vial; 10 vials\/kit<br \/>\n<strong>CAS:<\/strong> 87616-84-0<br \/>\n<strong>Aparen\u021b\u0103:<\/strong> White lyophilized powder<\/p>","protected":false},"featured_media":9163,"comment_status":"open","ping_status":"closed","template":"","meta":[],"product_cat":[40],"product_tag":[140,160,158],"class_list":{"0":"post-9166","1":"product","2":"type-product","3":"status-publish","4":"has-post-thumbnail","6":"product_brand-dp-hghpeptides","7":"product_brand-hgh-peptides-lab","8":"product_cat-peptides-for-muscle-growth","9":"product_tag-ghrp-6","10":"product_tag-muscle-growth-performance-peptides","11":"product_tag-recovery-tissue-repair-peptides","13":"first","14":"instock","15":"shipping-taxable","16":"purchasable","17":"product-type-variable","18":"has-default-attributes"},"yoast_head":"<!-- This site is optimized with the Yoast SEO Premium plugin v27.3 (Yoast SEO v27.3) - https:\/\/yoast.com\/product\/yoast-seo-premium-wordpress\/ -->\n<title>GHRP-6 Peptide 5mg | Factory-Direct China \u2013 GMP-Manufactured<\/title>\n<meta name=\"description\" content=\"Buy GHRP-6 5mg direct from a China-based GMP lab. 99% purity with HPLC\/COA. Factory-direct selling, fast worldwide shipping for GH secretion and recovery studies.\" \/>\n<meta name=\"robots\" content=\"index, follow, max-snippet:-1, max-image-preview:large, max-video-preview:-1\" \/>\n<link rel=\"canonical\" href=\"https:\/\/hghpeptideslab.com\/ro\/product\/ghrp-6\/\" \/>\n<meta property=\"og:locale\" content=\"ro_RO\" \/>\n<meta property=\"og:type\" content=\"article\" \/>\n<meta property=\"og:title\" content=\"GHRP-6 (Growth Hormone Releasing Peptide-6) Peptide\" \/>\n<meta property=\"og:description\" content=\"Buy GHRP-6 5mg direct from a China-based GMP lab. 99% purity with HPLC\/COA. Factory-direct selling, fast worldwide shipping for GH secretion and recovery studies.\" \/>\n<meta property=\"og:url\" content=\"https:\/\/hghpeptideslab.com\/ro\/product\/ghrp-6\/\" \/>\n<meta property=\"og:site_name\" content=\"HGH Peptides Lab\" \/>\n<meta property=\"article:modified_time\" content=\"2025-10-22T18:42:38+00:00\" \/>\n<meta property=\"og:image\" content=\"https:\/\/hghpeptideslab.com\/wp-content\/uploads\/2025\/08\/ghrp-65mg.jpg\" \/>\n\t<meta property=\"og:image:width\" content=\"800\" \/>\n\t<meta property=\"og:image:height\" content=\"800\" \/>\n\t<meta property=\"og:image:type\" content=\"image\/jpeg\" \/>\n<meta name=\"twitter:card\" content=\"summary_large_image\" \/>\n<meta name=\"twitter:label1\" content=\"Timp estimat pentru citire\" \/>\n\t<meta name=\"twitter:data1\" content=\"1 minut\" \/>\n<script type=\"application\/ld+json\" class=\"yoast-schema-graph\">{\"@context\":\"https:\\\/\\\/schema.org\",\"@graph\":[{\"@type\":\"WebPage\",\"@id\":\"https:\\\/\\\/hghpeptideslab.com\\\/product\\\/ghrp-6\\\/\",\"url\":\"https:\\\/\\\/hghpeptideslab.com\\\/product\\\/ghrp-6\\\/\",\"name\":\"GHRP-6 Peptide 5mg | Factory-Direct China \u2013 GMP-Manufactured\",\"isPartOf\":{\"@id\":\"https:\\\/\\\/hghpeptideslab.com\\\/#website\"},\"primaryImageOfPage\":{\"@id\":\"https:\\\/\\\/hghpeptideslab.com\\\/product\\\/ghrp-6\\\/#primaryimage\"},\"image\":{\"@id\":\"https:\\\/\\\/hghpeptideslab.com\\\/product\\\/ghrp-6\\\/#primaryimage\"},\"thumbnailUrl\":\"https:\\\/\\\/hghpeptideslab.com\\\/wp-content\\\/uploads\\\/2025\\\/08\\\/ghrp-65mg.jpg\",\"datePublished\":\"2025-08-18T00:54:14+00:00\",\"dateModified\":\"2025-10-22T18:42:38+00:00\",\"description\":\"Buy GHRP-6 5mg direct from a China-based GMP lab. 99% purity with HPLC\\\/COA. Factory-direct selling, fast worldwide shipping for GH secretion and recovery studies.\",\"breadcrumb\":{\"@id\":\"https:\\\/\\\/hghpeptideslab.com\\\/product\\\/ghrp-6\\\/#breadcrumb\"},\"inLanguage\":\"ro-RO\",\"potentialAction\":[{\"@type\":\"ReadAction\",\"target\":[\"https:\\\/\\\/hghpeptideslab.com\\\/product\\\/ghrp-6\\\/\"]}],\"copyrightNotice\":\"\u00a9 2010\u20132026 HGH Peptides Lab. All Rights Reserved.\"},{\"@type\":\"ImageObject\",\"inLanguage\":\"ro-RO\",\"@id\":\"https:\\\/\\\/hghpeptideslab.com\\\/product\\\/ghrp-6\\\/#primaryimage\",\"url\":\"https:\\\/\\\/hghpeptideslab.com\\\/wp-content\\\/uploads\\\/2025\\\/08\\\/ghrp-65mg.jpg\",\"contentUrl\":\"https:\\\/\\\/hghpeptideslab.com\\\/wp-content\\\/uploads\\\/2025\\\/08\\\/ghrp-65mg.jpg\",\"width\":800,\"height\":800,\"caption\":\"5mg GHRP-6 vial (white lyophilized powder); factory direct with HPLC\\\/COA on request.\"},{\"@type\":\"BreadcrumbList\",\"@id\":\"https:\\\/\\\/hghpeptideslab.com\\\/product\\\/ghrp-6\\\/#breadcrumb\",\"itemListElement\":[{\"@type\":\"ListItem\",\"position\":1,\"name\":\"Home\",\"item\":\"https:\\\/\\\/hghpeptideslab.com\\\/\"},{\"@type\":\"ListItem\",\"position\":2,\"name\":\"Shop\",\"item\":\"https:\\\/\\\/hghpeptideslab.com\\\/shop\\\/\"},{\"@type\":\"ListItem\",\"position\":3,\"name\":\"GHRP-6 (Growth Hormone Releasing Peptide-6) Peptide\"}]},{\"@type\":\"WebSite\",\"@id\":\"https:\\\/\\\/hghpeptideslab.com\\\/#website\",\"url\":\"https:\\\/\\\/hghpeptideslab.com\\\/\",\"name\":\"HGH Peptides Lab\",\"description\":\"Premium Peptides &amp; HGH Shop\",\"publisher\":{\"@id\":\"https:\\\/\\\/hghpeptideslab.com\\\/#organization\"},\"potentialAction\":[{\"@type\":\"SearchAction\",\"target\":{\"@type\":\"EntryPoint\",\"urlTemplate\":\"https:\\\/\\\/hghpeptideslab.com\\\/?s={search_term_string}\"},\"query-input\":{\"@type\":\"PropertyValueSpecification\",\"valueRequired\":true,\"valueName\":\"search_term_string\"}}],\"inLanguage\":\"ro-RO\"},{\"@type\":\"Organization\",\"@id\":\"https:\\\/\\\/hghpeptideslab.com\\\/#organization\",\"name\":\"HGH Peptides Lab\",\"url\":\"https:\\\/\\\/hghpeptideslab.com\\\/ro\\\/\",\"logo\":{\"@type\":\"ImageObject\",\"url\":\"https:\\\/\\\/hghpeptideslab.com\\\/wp-content\\\/uploads\\\/2025\\\/07\\\/HGHPEPTIDESLAB-Logo.png\"},\"image\":{\"@id\":\"https:\\\/\\\/hghpeptideslab.com\\\/#\\\/schema\\\/logo\\\/image\\\/\"},\"foundingDate\":\"2010\",\"contactPoint\":[{\"@type\":\"ContactPoint\",\"contactType\":\"customer support\",\"telephone\":\"+85247559641\",\"email\":\"CYGGL2025@gmail.com\",\"availableLanguage\":[\"en\"]}]}]}<\/script>\n<!-- \/ Yoast SEO Premium plugin. -->","yoast_head_json":{"title":"GHRP-6 Peptide 5mg | Factory-Direct China - GMP-Manufacturat","description":"Cump\u0103ra\u021bi GHRP-6 5mg direct de la un laborator GMP din China. 99% purity cu HPLC\/COA. V\u00e2nzare direct\u0103 din fabric\u0103, livrare rapid\u0103 \u00een \u00eentreaga lume pentru studii privind secre\u021bia de GH \u0219i recuperarea.","robots":{"index":"index","follow":"follow","max-snippet":"max-snippet:-1","max-image-preview":"max-image-preview:large","max-video-preview":"max-video-preview:-1"},"canonical":"https:\/\/hghpeptideslab.com\/ro\/product\/ghrp-6\/","og_locale":"ro_RO","og_type":"article","og_title":"GHRP-6 (Growth Hormone Releasing Peptide-6) Peptide","og_description":"Buy GHRP-6 5mg direct from a China-based GMP lab. 99% purity with HPLC\/COA. Factory-direct selling, fast worldwide shipping for GH secretion and recovery studies.","og_url":"https:\/\/hghpeptideslab.com\/ro\/product\/ghrp-6\/","og_site_name":"HGH Peptides Lab","article_modified_time":"2025-10-22T18:42:38+00:00","og_image":[{"width":800,"height":800,"url":"https:\/\/hghpeptideslab.com\/wp-content\/uploads\/2025\/08\/ghrp-65mg.jpg","type":"image\/jpeg"}],"twitter_card":"summary_large_image","twitter_misc":{"Timp estimat pentru citire":"1 minut"},"schema":{"@context":"https:\/\/schema.org","@graph":[{"@type":"WebPage","@id":"https:\/\/hghpeptideslab.com\/product\/ghrp-6\/","url":"https:\/\/hghpeptideslab.com\/product\/ghrp-6\/","name":"GHRP-6 Peptide 5mg | Factory-Direct China - GMP-Manufacturat","isPartOf":{"@id":"https:\/\/hghpeptideslab.com\/#website"},"primaryImageOfPage":{"@id":"https:\/\/hghpeptideslab.com\/product\/ghrp-6\/#primaryimage"},"image":{"@id":"https:\/\/hghpeptideslab.com\/product\/ghrp-6\/#primaryimage"},"thumbnailUrl":"https:\/\/hghpeptideslab.com\/wp-content\/uploads\/2025\/08\/ghrp-65mg.jpg","datePublished":"2025-08-18T00:54:14+00:00","dateModified":"2025-10-22T18:42:38+00:00","description":"Cump\u0103ra\u021bi GHRP-6 5mg direct de la un laborator GMP din China. 99% purity cu HPLC\/COA. V\u00e2nzare direct\u0103 din fabric\u0103, livrare rapid\u0103 \u00een \u00eentreaga lume pentru studii privind secre\u021bia de GH \u0219i recuperarea.","breadcrumb":{"@id":"https:\/\/hghpeptideslab.com\/product\/ghrp-6\/#breadcrumb"},"inLanguage":"ro-RO","potentialAction":[{"@type":"ReadAction","target":["https:\/\/hghpeptideslab.com\/product\/ghrp-6\/"]}],"copyrightNotice":"\u00a9 2010\u20132026 HGH Peptides Lab. All Rights Reserved."},{"@type":"ImageObject","inLanguage":"ro-RO","@id":"https:\/\/hghpeptideslab.com\/product\/ghrp-6\/#primaryimage","url":"https:\/\/hghpeptideslab.com\/wp-content\/uploads\/2025\/08\/ghrp-65mg.jpg","contentUrl":"https:\/\/hghpeptideslab.com\/wp-content\/uploads\/2025\/08\/ghrp-65mg.jpg","width":800,"height":800,"caption":"5mg GHRP-6 vial (white lyophilized powder); factory direct with HPLC\/COA on request."},{"@type":"BreadcrumbList","@id":"https:\/\/hghpeptideslab.com\/product\/ghrp-6\/#breadcrumb","itemListElement":[{"@type":"ListItem","position":1,"name":"Home","item":"https:\/\/hghpeptideslab.com\/"},{"@type":"ListItem","position":2,"name":"Shop","item":"https:\/\/hghpeptideslab.com\/shop\/"},{"@type":"ListItem","position":3,"name":"GHRP-6 (Growth Hormone Releasing Peptide-6) Peptide"}]},{"@type":"WebSite","@id":"https:\/\/hghpeptideslab.com\/#website","url":"https:\/\/hghpeptideslab.com\/","name":"HGH Peptides Lab","description":"Premium Peptides &amp; HGH Magazin","publisher":{"@id":"https:\/\/hghpeptideslab.com\/#organization"},"potentialAction":[{"@type":"SearchAction","target":{"@type":"EntryPoint","urlTemplate":"https:\/\/hghpeptideslab.com\/?s={search_term_string}"},"query-input":{"@type":"PropertyValueSpecification","valueRequired":true,"valueName":"search_term_string"}}],"inLanguage":"ro-RO"},{"@type":"Organization","@id":"https:\/\/hghpeptideslab.com\/#organization","name":"HGH Peptides Lab","url":"https:\/\/hghpeptideslab.com\/ro\/","logo":{"@type":"ImageObject","url":"https:\/\/hghpeptideslab.com\/wp-content\/uploads\/2025\/07\/HGHPEPTIDESLAB-Logo.png"},"image":{"@id":"https:\/\/hghpeptideslab.com\/#\/schema\/logo\/image\/"},"foundingDate":"2010","contactPoint":[{"@type":"ContactPoint","contactType":"customer support","telephone":"+85247559641","email":"CYGGL2025@gmail.com","availableLanguage":["en"]}]}]}},"_links":{"self":[{"href":"https:\/\/hghpeptideslab.com\/ro\/wp-json\/wp\/v2\/product\/9166","targetHints":{"allow":["GET"]}}],"collection":[{"href":"https:\/\/hghpeptideslab.com\/ro\/wp-json\/wp\/v2\/product"}],"about":[{"href":"https:\/\/hghpeptideslab.com\/ro\/wp-json\/wp\/v2\/types\/product"}],"replies":[{"embeddable":true,"href":"https:\/\/hghpeptideslab.com\/ro\/wp-json\/wp\/v2\/comments?post=9166"}],"wp:featuredmedia":[{"embeddable":true,"href":"https:\/\/hghpeptideslab.com\/ro\/wp-json\/wp\/v2\/media\/9163"}],"wp:attachment":[{"href":"https:\/\/hghpeptideslab.com\/ro\/wp-json\/wp\/v2\/media?parent=9166"}],"wp:term":[{"taxonomy":"product_cat","embeddable":true,"href":"https:\/\/hghpeptideslab.com\/ro\/wp-json\/wp\/v2\/product_cat?post=9166"},{"taxonomy":"product_tag","embeddable":true,"href":"https:\/\/hghpeptideslab.com\/ro\/wp-json\/wp\/v2\/product_tag?post=9166"}],"curies":[{"name":"wp","href":"https:\/\/api.w.org\/{rel}","templated":true}]}}