{"id":9181,"date":"2025-08-18T01:57:19","date_gmt":"2025-08-18T01:57:19","guid":{"rendered":"https:\/\/hghpeptideslab.com\/?post_type=product&#038;p=9181"},"modified":"2025-10-21T22:01:32","modified_gmt":"2025-10-21T22:01:32","slug":"epithalon","status":"publish","type":"product","link":"https:\/\/hghpeptideslab.com\/ro\/product\/epithalon\/","title":{"rendered":"Epithalon Peptide"},"content":{"rendered":"<h3>Prezentare general\u0103<\/h3>\n<p>Epithalon (ortografiat \u0219i Epitalon) este frecvent men\u021bionat \u00een modelele de cercetare anti-\u00eemb\u0103tr\u00e2nire legate de telomeraz\u0103 \u0219i longevitate celular\u0103. Materialul nostru este produs cu <strong>calitate de grad farmaceutic<\/strong> \u00een <strong>\u00cen conformitate cu GMP<\/strong> facilit\u0103\u021bi, cu HPLC\/COA disponibile la cerere.<\/p>\n<h3>Caracteristici principale<\/h3>\n<ul>\n<li>Puncte forte disponibile: <strong>10 mg<\/strong> &amp; <strong>50 mg<\/strong> per vial<\/li>\n<li>Kit dimensiune: <strong>10 vials\/kit<\/strong><\/li>\n<li>White lyophilized powder pentru protocoale de cercetare flexibile<\/li>\n<li>Documenta\u021bie HPLC\/COA la cerere<\/li>\n<\/ul>\n<h3>Focusuri tipice de cercetare<\/h3>\n<ul>\n<li>Telomeraza \u0219i c\u0103ile longevit\u0103\u021bii celulare<\/li>\n<li>Modele de stres oxidativ \u0219i \u00eemb\u0103tr\u00e2nire s\u0103n\u0103toas\u0103<\/li>\n<li>Func\u021bie cognitiv\u0103 \u0219i studii de neuro-sus\u021binere<\/li>\n<\/ul>\n<h3>Depozitare \u0219i stabilitate<\/h3>\n<ul>\n<li>A se p\u0103stra sigilat la <strong>2-8 \u00b0C<\/strong>, protejat de lumin\u0103 \u0219i umiditate<\/li>\n<li>Utilizarea prompt\u0103 a solu\u021biilor reconstituite \u00een condi\u021bii de laborator adecvate<\/li>\n<\/ul>\n<h3>Note<\/h3>\n<ul>\n<li>Fabricat \u00een <strong>\u00cen conformitate cu GMP<\/strong> facilit\u0103\u021bi<\/li>\n<li>HPLC\/COA disponibile la cerere<\/li>\n<li>Numai pentru cercetare \u00een laborator. Produsele nu sunt etichetate pentru uz medical.<\/li>\n<\/ul>","protected":false},"excerpt":{"rendered":"<p><strong>Nume:<\/strong> Pulbere de peptid\u0103 99% Purity Epithalon<br \/>\n<strong>Func\u021bie:<\/strong> Studii anti\u00eemb\u0103tr\u00e2nire \u0219i telomeraz\u0103; cercet\u0103ri privind sprijinul cognitiv<br \/>\n<strong>Specifica\u021bii:<\/strong> 10 mg &amp; 50 mg per vial; 10 vials\/kit<br \/>\n<strong>CAS:<\/strong> 307297-39-8<br \/>\n<strong>Aparen\u021b\u0103:<\/strong> White lyophilized powder<\/p>","protected":false},"featured_media":9178,"comment_status":"open","ping_status":"closed","template":"","meta":[],"product_cat":[59],"product_tag":[162,137,163],"class_list":{"0":"post-9181","1":"product","2":"type-product","3":"status-publish","4":"has-post-thumbnail","6":"product_brand-dp-hghpeptides","7":"product_brand-hgh-peptides-lab","8":"product_cat-nootropic-peptides-anti-aging","9":"product_tag-anti-aging-longevity-peptides","10":"product_tag-epithalon","11":"product_tag-sleep-stress-support-peptides","13":"first","14":"instock","15":"shipping-taxable","16":"purchasable","17":"product-type-variable","18":"has-default-attributes"},"yoast_head":"<!-- This site is optimized with the Yoast SEO Premium plugin v27.3 (Yoast SEO v27.3) - https:\/\/yoast.com\/product\/yoast-seo-premium-wordpress\/ -->\n<title>Epithalon Peptide 10mg | Factory-Direct China, HPLC\/COA \u2013 HGH Peptides Lab<\/title>\n<meta name=\"description\" content=\"Buy Epithalon peptide 10mg from a factory-direct China supplier. Pharmaceutical-grade quality, HPLC\/COA available, fast worldwide shipping and bulk discounts.\" \/>\n<meta name=\"robots\" content=\"index, follow, max-snippet:-1, max-image-preview:large, max-video-preview:-1\" \/>\n<link rel=\"canonical\" href=\"https:\/\/hghpeptideslab.com\/ro\/product\/epithalon\/\" \/>\n<meta property=\"og:locale\" content=\"ro_RO\" \/>\n<meta property=\"og:type\" content=\"article\" \/>\n<meta property=\"og:title\" content=\"Epithalon Peptide\" \/>\n<meta property=\"og:description\" content=\"Buy Epithalon peptide 10mg from a factory-direct China supplier. Pharmaceutical-grade quality, HPLC\/COA available, fast worldwide shipping and bulk discounts.\" \/>\n<meta property=\"og:url\" content=\"https:\/\/hghpeptideslab.com\/ro\/product\/epithalon\/\" \/>\n<meta property=\"og:site_name\" content=\"HGH Peptides Lab\" \/>\n<meta property=\"article:modified_time\" content=\"2025-10-21T22:01:32+00:00\" \/>\n<meta property=\"og:image\" content=\"https:\/\/hghpeptideslab.com\/wp-content\/uploads\/2025\/08\/epithalon10mg.jpg\" \/>\n\t<meta property=\"og:image:width\" content=\"800\" \/>\n\t<meta property=\"og:image:height\" content=\"800\" \/>\n\t<meta property=\"og:image:type\" content=\"image\/jpeg\" \/>\n<meta name=\"twitter:card\" content=\"summary_large_image\" \/>\n<meta name=\"twitter:label1\" content=\"Timp estimat pentru citire\" \/>\n\t<meta name=\"twitter:data1\" content=\"1 minut\" \/>\n<script type=\"application\/ld+json\" class=\"yoast-schema-graph\">{\"@context\":\"https:\\\/\\\/schema.org\",\"@graph\":[{\"@type\":\"WebPage\",\"@id\":\"https:\\\/\\\/hghpeptideslab.com\\\/product\\\/epithalon\\\/\",\"url\":\"https:\\\/\\\/hghpeptideslab.com\\\/product\\\/epithalon\\\/\",\"name\":\"Epithalon Peptide 10mg | Factory-Direct China, HPLC\\\/COA \u2013 HGH Peptides Lab\",\"isPartOf\":{\"@id\":\"https:\\\/\\\/hghpeptideslab.com\\\/#website\"},\"primaryImageOfPage\":{\"@id\":\"https:\\\/\\\/hghpeptideslab.com\\\/product\\\/epithalon\\\/#primaryimage\"},\"image\":{\"@id\":\"https:\\\/\\\/hghpeptideslab.com\\\/product\\\/epithalon\\\/#primaryimage\"},\"thumbnailUrl\":\"https:\\\/\\\/hghpeptideslab.com\\\/wp-content\\\/uploads\\\/2025\\\/08\\\/epithalon10mg.jpg\",\"datePublished\":\"2025-08-18T01:57:19+00:00\",\"dateModified\":\"2025-10-21T22:01:32+00:00\",\"description\":\"Buy Epithalon peptide 10mg from a factory-direct China supplier. Pharmaceutical-grade quality, HPLC\\\/COA available, fast worldwide shipping and bulk discounts.\",\"breadcrumb\":{\"@id\":\"https:\\\/\\\/hghpeptideslab.com\\\/product\\\/epithalon\\\/#breadcrumb\"},\"inLanguage\":\"ro-RO\",\"potentialAction\":[{\"@type\":\"ReadAction\",\"target\":[\"https:\\\/\\\/hghpeptideslab.com\\\/product\\\/epithalon\\\/\"]}],\"copyrightNotice\":\"\u00a9 2010\u20132026 HGH Peptides Lab. All Rights Reserved.\"},{\"@type\":\"ImageObject\",\"inLanguage\":\"ro-RO\",\"@id\":\"https:\\\/\\\/hghpeptideslab.com\\\/product\\\/epithalon\\\/#primaryimage\",\"url\":\"https:\\\/\\\/hghpeptideslab.com\\\/wp-content\\\/uploads\\\/2025\\\/08\\\/epithalon10mg.jpg\",\"contentUrl\":\"https:\\\/\\\/hghpeptideslab.com\\\/wp-content\\\/uploads\\\/2025\\\/08\\\/epithalon10mg.jpg\",\"width\":800,\"height\":800,\"caption\":\"Epithalon 10mg vial (lyophilized powder)\"},{\"@type\":\"BreadcrumbList\",\"@id\":\"https:\\\/\\\/hghpeptideslab.com\\\/product\\\/epithalon\\\/#breadcrumb\",\"itemListElement\":[{\"@type\":\"ListItem\",\"position\":1,\"name\":\"Home\",\"item\":\"https:\\\/\\\/hghpeptideslab.com\\\/\"},{\"@type\":\"ListItem\",\"position\":2,\"name\":\"Shop\",\"item\":\"https:\\\/\\\/hghpeptideslab.com\\\/shop\\\/\"},{\"@type\":\"ListItem\",\"position\":3,\"name\":\"Epithalon Peptide\"}]},{\"@type\":\"WebSite\",\"@id\":\"https:\\\/\\\/hghpeptideslab.com\\\/#website\",\"url\":\"https:\\\/\\\/hghpeptideslab.com\\\/\",\"name\":\"HGH Peptides Lab\",\"description\":\"Premium Peptides &amp; HGH Shop\",\"publisher\":{\"@id\":\"https:\\\/\\\/hghpeptideslab.com\\\/#organization\"},\"potentialAction\":[{\"@type\":\"SearchAction\",\"target\":{\"@type\":\"EntryPoint\",\"urlTemplate\":\"https:\\\/\\\/hghpeptideslab.com\\\/?s={search_term_string}\"},\"query-input\":{\"@type\":\"PropertyValueSpecification\",\"valueRequired\":true,\"valueName\":\"search_term_string\"}}],\"inLanguage\":\"ro-RO\"},{\"@type\":\"Organization\",\"@id\":\"https:\\\/\\\/hghpeptideslab.com\\\/#organization\",\"name\":\"HGH Peptides Lab\",\"url\":\"https:\\\/\\\/hghpeptideslab.com\\\/ro\\\/\",\"logo\":{\"@type\":\"ImageObject\",\"url\":\"https:\\\/\\\/hghpeptideslab.com\\\/wp-content\\\/uploads\\\/2025\\\/07\\\/HGHPEPTIDESLAB-Logo.png\"},\"image\":{\"@id\":\"https:\\\/\\\/hghpeptideslab.com\\\/#\\\/schema\\\/logo\\\/image\\\/\"},\"foundingDate\":\"2010\",\"contactPoint\":[{\"@type\":\"ContactPoint\",\"contactType\":\"customer support\",\"telephone\":\"+85247559641\",\"email\":\"CYGGL2025@gmail.com\",\"availableLanguage\":[\"en\"]}]}]}<\/script>\n<!-- \/ Yoast SEO Premium plugin. -->","yoast_head_json":{"title":"Epithalon Peptide 10mg | Factory-Direct China, HPLC\/COA - HGH Peptides Lab","description":"Cump\u0103ra\u021bi peptida Epithalon 10mg de la un furnizor China direct din fabric\u0103. Pharmaceutical-grade quality, HPLC\/COA disponibile, expediere rapid\u0103 la nivel mondial \u0219i reduceri \u00een vrac.","robots":{"index":"index","follow":"follow","max-snippet":"max-snippet:-1","max-image-preview":"max-image-preview:large","max-video-preview":"max-video-preview:-1"},"canonical":"https:\/\/hghpeptideslab.com\/ro\/product\/epithalon\/","og_locale":"ro_RO","og_type":"article","og_title":"Epithalon Peptide","og_description":"Buy Epithalon peptide 10mg from a factory-direct China supplier. Pharmaceutical-grade quality, HPLC\/COA available, fast worldwide shipping and bulk discounts.","og_url":"https:\/\/hghpeptideslab.com\/ro\/product\/epithalon\/","og_site_name":"HGH Peptides Lab","article_modified_time":"2025-10-21T22:01:32+00:00","og_image":[{"width":800,"height":800,"url":"https:\/\/hghpeptideslab.com\/wp-content\/uploads\/2025\/08\/epithalon10mg.jpg","type":"image\/jpeg"}],"twitter_card":"summary_large_image","twitter_misc":{"Timp estimat pentru citire":"1 minut"},"schema":{"@context":"https:\/\/schema.org","@graph":[{"@type":"WebPage","@id":"https:\/\/hghpeptideslab.com\/product\/epithalon\/","url":"https:\/\/hghpeptideslab.com\/product\/epithalon\/","name":"Epithalon Peptide 10mg | Factory-Direct China, HPLC\/COA - HGH Peptides Lab","isPartOf":{"@id":"https:\/\/hghpeptideslab.com\/#website"},"primaryImageOfPage":{"@id":"https:\/\/hghpeptideslab.com\/product\/epithalon\/#primaryimage"},"image":{"@id":"https:\/\/hghpeptideslab.com\/product\/epithalon\/#primaryimage"},"thumbnailUrl":"https:\/\/hghpeptideslab.com\/wp-content\/uploads\/2025\/08\/epithalon10mg.jpg","datePublished":"2025-08-18T01:57:19+00:00","dateModified":"2025-10-21T22:01:32+00:00","description":"Cump\u0103ra\u021bi peptida Epithalon 10mg de la un furnizor China direct din fabric\u0103. Pharmaceutical-grade quality, HPLC\/COA disponibile, expediere rapid\u0103 la nivel mondial \u0219i reduceri \u00een vrac.","breadcrumb":{"@id":"https:\/\/hghpeptideslab.com\/product\/epithalon\/#breadcrumb"},"inLanguage":"ro-RO","potentialAction":[{"@type":"ReadAction","target":["https:\/\/hghpeptideslab.com\/product\/epithalon\/"]}],"copyrightNotice":"\u00a9 2010\u20132026 HGH Peptides Lab. All Rights Reserved."},{"@type":"ImageObject","inLanguage":"ro-RO","@id":"https:\/\/hghpeptideslab.com\/product\/epithalon\/#primaryimage","url":"https:\/\/hghpeptideslab.com\/wp-content\/uploads\/2025\/08\/epithalon10mg.jpg","contentUrl":"https:\/\/hghpeptideslab.com\/wp-content\/uploads\/2025\/08\/epithalon10mg.jpg","width":800,"height":800,"caption":"Epithalon 10mg vial (lyophilized powder)"},{"@type":"BreadcrumbList","@id":"https:\/\/hghpeptideslab.com\/product\/epithalon\/#breadcrumb","itemListElement":[{"@type":"ListItem","position":1,"name":"Home","item":"https:\/\/hghpeptideslab.com\/"},{"@type":"ListItem","position":2,"name":"Shop","item":"https:\/\/hghpeptideslab.com\/shop\/"},{"@type":"ListItem","position":3,"name":"Epithalon Peptide"}]},{"@type":"WebSite","@id":"https:\/\/hghpeptideslab.com\/#website","url":"https:\/\/hghpeptideslab.com\/","name":"HGH Peptides Lab","description":"Premium Peptides &amp; HGH Magazin","publisher":{"@id":"https:\/\/hghpeptideslab.com\/#organization"},"potentialAction":[{"@type":"SearchAction","target":{"@type":"EntryPoint","urlTemplate":"https:\/\/hghpeptideslab.com\/?s={search_term_string}"},"query-input":{"@type":"PropertyValueSpecification","valueRequired":true,"valueName":"search_term_string"}}],"inLanguage":"ro-RO"},{"@type":"Organization","@id":"https:\/\/hghpeptideslab.com\/#organization","name":"HGH Peptides Lab","url":"https:\/\/hghpeptideslab.com\/ro\/","logo":{"@type":"ImageObject","url":"https:\/\/hghpeptideslab.com\/wp-content\/uploads\/2025\/07\/HGHPEPTIDESLAB-Logo.png"},"image":{"@id":"https:\/\/hghpeptideslab.com\/#\/schema\/logo\/image\/"},"foundingDate":"2010","contactPoint":[{"@type":"ContactPoint","contactType":"customer support","telephone":"+85247559641","email":"CYGGL2025@gmail.com","availableLanguage":["en"]}]}]}},"_links":{"self":[{"href":"https:\/\/hghpeptideslab.com\/ro\/wp-json\/wp\/v2\/product\/9181","targetHints":{"allow":["GET"]}}],"collection":[{"href":"https:\/\/hghpeptideslab.com\/ro\/wp-json\/wp\/v2\/product"}],"about":[{"href":"https:\/\/hghpeptideslab.com\/ro\/wp-json\/wp\/v2\/types\/product"}],"replies":[{"embeddable":true,"href":"https:\/\/hghpeptideslab.com\/ro\/wp-json\/wp\/v2\/comments?post=9181"}],"wp:featuredmedia":[{"embeddable":true,"href":"https:\/\/hghpeptideslab.com\/ro\/wp-json\/wp\/v2\/media\/9178"}],"wp:attachment":[{"href":"https:\/\/hghpeptideslab.com\/ro\/wp-json\/wp\/v2\/media?parent=9181"}],"wp:term":[{"taxonomy":"product_cat","embeddable":true,"href":"https:\/\/hghpeptideslab.com\/ro\/wp-json\/wp\/v2\/product_cat?post=9181"},{"taxonomy":"product_tag","embeddable":true,"href":"https:\/\/hghpeptideslab.com\/ro\/wp-json\/wp\/v2\/product_tag?post=9181"}],"curies":[{"name":"wp","href":"https:\/\/api.w.org\/{rel}","templated":true}]}}