{"id":9776,"date":"2025-09-12T10:04:46","date_gmt":"2025-09-12T10:04:46","guid":{"rendered":"https:\/\/hghpeptideslab.com\/?post_type=product&#038;p=9776"},"modified":"2025-09-12T10:04:46","modified_gmt":"2025-09-12T10:04:46","slug":"tadalafil-cialis","status":"publish","type":"product","link":"https:\/\/hghpeptideslab.com\/ro\/product\/tadalafil-cialis\/","title":{"rendered":"Tadalafil (Cialis) - Raw Powder"},"content":{"rendered":"<h3>Prezentare general\u0103<\/h3>\n<p><strong>Tadalafil (Cialis)<\/strong> este frecvent utilizat \u00een proiectele de studiu care exploreaz\u0103 <strong>Calea PDE5 \/ NO-cGMP<\/strong> \u0219i <strong>flux sanguin\/hemodinamic<\/strong> puncte finale. Furnizat sub form\u0103 de pulbere brut\u0103 cu <strong>99% purity<\/strong> \u0219i <strong>calitate de grad farmaceutic<\/strong> pentru a sprijini cercetarea consecvent\u0103, comparativ\u0103. <strong>Numai pentru uz de cercetare.<\/strong><\/p>\n<h3>Caracteristici principale<\/h3>\n<ul>\n<li><strong>Ambalare:<\/strong> Pung\u0103 din folie de aluminiu (sigilat\u0103, desicant inclus); unitate tipic\u0103: <strong>1 kg<\/strong><\/li>\n<li><strong>Calitate:<\/strong> 99% purity; consisten\u021ba lotului de calitate farmaceutic\u0103<\/li>\n<li><strong>Format:<\/strong> Pulbere brut\u0103 pentru screening, dezvoltarea metodei \u0219i optimizarea protocolului<\/li>\n<li><strong>Origine:<\/strong> China - furnizare direct\u0103 din fabric\u0103<\/li>\n<\/ul>\n<h3>Focusuri tipice de cercetare<\/h3>\n<ul>\n<li>Compara\u021bii ale c\u0103ilor PDE5 \/ NO-cGMP \u0219i modele doz\u0103-r\u0103spuns<\/li>\n<li>Func\u021bia erectil\u0103 \u0219i cadrul fluxului sanguin\/hemodinamic<\/li>\n<li>Panouri de comparare \u0219i modele de teste multipunct<\/li>\n<\/ul>\n<h3>Calitate \u0219i manipulare<\/h3>\n<ul>\n<li>Specifica\u021bii Pharmaceutical-grade cu 99% purity<\/li>\n<li>Manipulare \u0219i solubilitate previzibile pentru testele comparative<\/li>\n<li>Etichetare curat\u0103 pentru utilizare \u00een cercetare \u0219i trasabilitatea loturilor<\/li>\n<\/ul>\n<h3>Depozitare \u0219i stabilitate<\/h3>\n<ul>\n<li>A se p\u0103stra sigilat la <strong>2-8 \u00b0C<\/strong>, uscat \u0219i protejat de lumin\u0103<\/li>\n<li>Minimiza\u021bi expunerea la umiditate; resigila\u021bi imediat dup\u0103 utilizare<\/li>\n<\/ul>\n<h3>Leg\u0103turi interne<\/h3>\n<ul>\n<li><a href=\"\/ro\/product-category\/sexual-wellness-raw-powders\/\">Wellness sexual Raw Powders<\/a><\/li>\n<li><a href=\"\/ro\/product-tag\/tadalafil-cialis\/\">Tadalafil (Cialis)<\/a><\/li>\n<li><a href=\"\/ro\/product-tag\/erectile-function-support\/\">Suport pentru func\u021bia erectil\u0103<\/a><\/li>\n<li><a href=\"\/ro\/product-tag\/blood-flow-vasodilation\/\">Fluxul sanguin \u0219i vasodilata\u021bia<\/a><\/li>\n<li><a href=\"\/ro\/product-tag\/pde5-pathway\/\">Calea PDE5<\/a><\/li>\n<li><a href=\"\/ro\/product-tag\/research-powder-99-purity\/\">Pudr\u0103 de cercetare (99% Purity)<\/a><\/li>\n<\/ul>\n<h3>Conformitate<\/h3>\n<p><strong>Numai pentru uz de cercetare.<\/strong><\/p>","protected":false},"excerpt":{"rendered":"<p><strong>Nume:<\/strong> Tadalafil (Cialis) pulbere brut\u0103 (99% purity, grad farmaceutic)<br \/>\n<strong>Func\u021bie:<\/strong> Cercetarea c\u0103ii PDE5\/NO-cGMP; modele de func\u021bionare erectil\u0103\/flux sanguin<br \/>\n<strong>Specifica\u021bii:<\/strong> Pung\u0103 din folie de aluminiu<br \/>\n<strong>CAS:<\/strong> 171596-29-5<br \/>\n<strong>Aparen\u021b\u0103:<\/strong> Pulbere cristalin\u0103 de la galben pal la alb-deschis<br \/>\n<strong>Not\u0103:<\/strong> Pre\u021bul afi\u0219at este pentru <u>1 kg<\/u>. Pentru cantit\u0103\u021bi mai mici sau \u00een vrac, v\u0103 rug\u0103m s\u0103 ne contacta\u021bi.<\/p>","protected":false},"featured_media":9777,"comment_status":"open","ping_status":"closed","template":"","meta":[],"product_cat":[361],"product_tag":[394,390,392,398,389,387],"class_list":{"0":"post-9776","1":"product","2":"type-product","3":"status-publish","4":"has-post-thumbnail","6":"product_brand-dp-hghpeptides","7":"product_brand-hgh-peptides-lab","8":"product_cat-sexual-wellness-raw-powders","9":"product_tag-blood-flow-vasodilation","10":"product_tag-erectile-function-support","11":"product_tag-pde5-pathway","12":"product_tag-research-powder-99-purity","13":"product_tag-sexual-wellness-performance","14":"product_tag-tadalafil-cialis","16":"first","17":"instock","18":"shipping-taxable","19":"purchasable","20":"product-type-simple"},"yoast_head":"<!-- This site is optimized with the Yoast SEO Premium plugin v27.3 (Yoast SEO v27.3) - https:\/\/yoast.com\/product\/yoast-seo-premium-wordpress\/ -->\n<title>Tadalafil (Cialis) Powder \u2014 Price &amp; Specs | HGH Peptides Lab<\/title>\n<meta name=\"description\" content=\"Tadalafil raw powder (99% purity, pharmaceutical-grade) for PDE5\/NO-cGMP and blood-flow research. Research use only. Contact us for quantities.\" \/>\n<meta name=\"robots\" content=\"index, follow, max-snippet:-1, max-image-preview:large, max-video-preview:-1\" \/>\n<link rel=\"canonical\" href=\"https:\/\/hghpeptideslab.com\/ro\/product\/tadalafil-cialis\/\" \/>\n<meta property=\"og:locale\" content=\"ro_RO\" \/>\n<meta property=\"og:type\" content=\"article\" \/>\n<meta property=\"og:title\" content=\"Tadalafil (Cialis) \u2014 Raw Powder\" \/>\n<meta property=\"og:description\" content=\"Tadalafil raw powder (99% purity, pharmaceutical-grade) for PDE5\/NO-cGMP and blood-flow research. Research use only. Contact us for quantities.\" \/>\n<meta property=\"og:url\" content=\"https:\/\/hghpeptideslab.com\/ro\/product\/tadalafil-cialis\/\" \/>\n<meta property=\"og:site_name\" content=\"HGH Peptides Lab\" \/>\n<meta property=\"og:image\" content=\"https:\/\/hghpeptideslab.com\/wp-content\/uploads\/2025\/09\/tadalafil-cialis-.jpg\" \/>\n\t<meta property=\"og:image:width\" content=\"800\" \/>\n\t<meta property=\"og:image:height\" content=\"800\" \/>\n\t<meta property=\"og:image:type\" content=\"image\/jpeg\" \/>\n<meta name=\"twitter:card\" content=\"summary_large_image\" \/>\n<meta name=\"twitter:label1\" content=\"Timp estimat pentru citire\" \/>\n\t<meta name=\"twitter:data1\" content=\"2 minute\" \/>\n<script type=\"application\/ld+json\" class=\"yoast-schema-graph\">{\"@context\":\"https:\\\/\\\/schema.org\",\"@graph\":[{\"@type\":\"WebPage\",\"@id\":\"https:\\\/\\\/hghpeptideslab.com\\\/product\\\/tadalafil-cialis\\\/\",\"url\":\"https:\\\/\\\/hghpeptideslab.com\\\/product\\\/tadalafil-cialis\\\/\",\"name\":\"Tadalafil (Cialis) Powder \u2014 Price & Specs | HGH Peptides Lab\",\"isPartOf\":{\"@id\":\"https:\\\/\\\/hghpeptideslab.com\\\/#website\"},\"primaryImageOfPage\":{\"@id\":\"https:\\\/\\\/hghpeptideslab.com\\\/product\\\/tadalafil-cialis\\\/#primaryimage\"},\"image\":{\"@id\":\"https:\\\/\\\/hghpeptideslab.com\\\/product\\\/tadalafil-cialis\\\/#primaryimage\"},\"thumbnailUrl\":\"https:\\\/\\\/hghpeptideslab.com\\\/wp-content\\\/uploads\\\/2025\\\/09\\\/tadalafil-cialis-.jpg\",\"datePublished\":\"2025-09-12T10:04:46+00:00\",\"description\":\"Tadalafil raw powder (99% purity, pharmaceutical-grade) for PDE5\\\/NO-cGMP and blood-flow research. Research use only. Contact us for quantities.\",\"breadcrumb\":{\"@id\":\"https:\\\/\\\/hghpeptideslab.com\\\/product\\\/tadalafil-cialis\\\/#breadcrumb\"},\"inLanguage\":\"ro-RO\",\"potentialAction\":[{\"@type\":\"ReadAction\",\"target\":[\"https:\\\/\\\/hghpeptideslab.com\\\/product\\\/tadalafil-cialis\\\/\"]}],\"copyrightNotice\":\"\u00a9 2010\u20132026 HGH Peptides Lab. All Rights Reserved.\"},{\"@type\":\"ImageObject\",\"inLanguage\":\"ro-RO\",\"@id\":\"https:\\\/\\\/hghpeptideslab.com\\\/product\\\/tadalafil-cialis\\\/#primaryimage\",\"url\":\"https:\\\/\\\/hghpeptideslab.com\\\/wp-content\\\/uploads\\\/2025\\\/09\\\/tadalafil-cialis-.jpg\",\"contentUrl\":\"https:\\\/\\\/hghpeptideslab.com\\\/wp-content\\\/uploads\\\/2025\\\/09\\\/tadalafil-cialis-.jpg\",\"width\":800,\"height\":800,\"caption\":\"Clean pack shot for research catalogs\"},{\"@type\":\"BreadcrumbList\",\"@id\":\"https:\\\/\\\/hghpeptideslab.com\\\/product\\\/tadalafil-cialis\\\/#breadcrumb\",\"itemListElement\":[{\"@type\":\"ListItem\",\"position\":1,\"name\":\"Home\",\"item\":\"https:\\\/\\\/hghpeptideslab.com\\\/\"},{\"@type\":\"ListItem\",\"position\":2,\"name\":\"Shop\",\"item\":\"https:\\\/\\\/hghpeptideslab.com\\\/shop\\\/\"},{\"@type\":\"ListItem\",\"position\":3,\"name\":\"Tadalafil (Cialis) \u2014 Raw Powder\"}]},{\"@type\":\"WebSite\",\"@id\":\"https:\\\/\\\/hghpeptideslab.com\\\/#website\",\"url\":\"https:\\\/\\\/hghpeptideslab.com\\\/\",\"name\":\"HGH Peptides Lab\",\"description\":\"Premium Peptides &amp; HGH Shop\",\"publisher\":{\"@id\":\"https:\\\/\\\/hghpeptideslab.com\\\/#organization\"},\"potentialAction\":[{\"@type\":\"SearchAction\",\"target\":{\"@type\":\"EntryPoint\",\"urlTemplate\":\"https:\\\/\\\/hghpeptideslab.com\\\/?s={search_term_string}\"},\"query-input\":{\"@type\":\"PropertyValueSpecification\",\"valueRequired\":true,\"valueName\":\"search_term_string\"}}],\"inLanguage\":\"ro-RO\"},{\"@type\":\"Organization\",\"@id\":\"https:\\\/\\\/hghpeptideslab.com\\\/#organization\",\"name\":\"HGH Peptides Lab\",\"url\":\"https:\\\/\\\/hghpeptideslab.com\\\/ro\\\/\",\"logo\":{\"@type\":\"ImageObject\",\"url\":\"https:\\\/\\\/hghpeptideslab.com\\\/wp-content\\\/uploads\\\/2025\\\/07\\\/HGHPEPTIDESLAB-Logo.png\"},\"image\":{\"@id\":\"https:\\\/\\\/hghpeptideslab.com\\\/#\\\/schema\\\/logo\\\/image\\\/\"},\"foundingDate\":\"2010\",\"contactPoint\":[{\"@type\":\"ContactPoint\",\"contactType\":\"customer support\",\"telephone\":\"+85247559641\",\"email\":\"CYGGL2025@gmail.com\",\"availableLanguage\":[\"en\"]}]}]}<\/script>\n<!-- \/ Yoast SEO Premium plugin. -->","yoast_head_json":{"title":"Pulbere Tadalafil (Cialis) - Pre\u021bul \u0219i specifica\u021biile | HGH Peptides Lab","description":"Pulbere brut\u0103 Tadalafil (99% purity, calitate farmaceutic\u0103) pentru PDE5\/NO-cGMP \u0219i cercetarea fluxului sanguin. Numai pentru uz de cercetare. Contacta\u021bi-ne pentru cantit\u0103\u021bi.","robots":{"index":"index","follow":"follow","max-snippet":"max-snippet:-1","max-image-preview":"max-image-preview:large","max-video-preview":"max-video-preview:-1"},"canonical":"https:\/\/hghpeptideslab.com\/ro\/product\/tadalafil-cialis\/","og_locale":"ro_RO","og_type":"article","og_title":"Tadalafil (Cialis) \u2014 Raw Powder","og_description":"Tadalafil raw powder (99% purity, pharmaceutical-grade) for PDE5\/NO-cGMP and blood-flow research. Research use only. Contact us for quantities.","og_url":"https:\/\/hghpeptideslab.com\/ro\/product\/tadalafil-cialis\/","og_site_name":"HGH Peptides Lab","og_image":[{"width":800,"height":800,"url":"https:\/\/hghpeptideslab.com\/wp-content\/uploads\/2025\/09\/tadalafil-cialis-.jpg","type":"image\/jpeg"}],"twitter_card":"summary_large_image","twitter_misc":{"Timp estimat pentru citire":"2 minute"},"schema":{"@context":"https:\/\/schema.org","@graph":[{"@type":"WebPage","@id":"https:\/\/hghpeptideslab.com\/product\/tadalafil-cialis\/","url":"https:\/\/hghpeptideslab.com\/product\/tadalafil-cialis\/","name":"Pulbere Tadalafil (Cialis) - Pre\u021bul \u0219i specifica\u021biile | HGH Peptides Lab","isPartOf":{"@id":"https:\/\/hghpeptideslab.com\/#website"},"primaryImageOfPage":{"@id":"https:\/\/hghpeptideslab.com\/product\/tadalafil-cialis\/#primaryimage"},"image":{"@id":"https:\/\/hghpeptideslab.com\/product\/tadalafil-cialis\/#primaryimage"},"thumbnailUrl":"https:\/\/hghpeptideslab.com\/wp-content\/uploads\/2025\/09\/tadalafil-cialis-.jpg","datePublished":"2025-09-12T10:04:46+00:00","description":"Pulbere brut\u0103 Tadalafil (99% purity, calitate farmaceutic\u0103) pentru PDE5\/NO-cGMP \u0219i cercetarea fluxului sanguin. Numai pentru uz de cercetare. Contacta\u021bi-ne pentru cantit\u0103\u021bi.","breadcrumb":{"@id":"https:\/\/hghpeptideslab.com\/product\/tadalafil-cialis\/#breadcrumb"},"inLanguage":"ro-RO","potentialAction":[{"@type":"ReadAction","target":["https:\/\/hghpeptideslab.com\/product\/tadalafil-cialis\/"]}],"copyrightNotice":"\u00a9 2010\u20132026 HGH Peptides Lab. All Rights Reserved."},{"@type":"ImageObject","inLanguage":"ro-RO","@id":"https:\/\/hghpeptideslab.com\/product\/tadalafil-cialis\/#primaryimage","url":"https:\/\/hghpeptideslab.com\/wp-content\/uploads\/2025\/09\/tadalafil-cialis-.jpg","contentUrl":"https:\/\/hghpeptideslab.com\/wp-content\/uploads\/2025\/09\/tadalafil-cialis-.jpg","width":800,"height":800,"caption":"Clean pack shot for research catalogs"},{"@type":"BreadcrumbList","@id":"https:\/\/hghpeptideslab.com\/product\/tadalafil-cialis\/#breadcrumb","itemListElement":[{"@type":"ListItem","position":1,"name":"Home","item":"https:\/\/hghpeptideslab.com\/"},{"@type":"ListItem","position":2,"name":"Shop","item":"https:\/\/hghpeptideslab.com\/shop\/"},{"@type":"ListItem","position":3,"name":"Tadalafil (Cialis) \u2014 Raw Powder"}]},{"@type":"WebSite","@id":"https:\/\/hghpeptideslab.com\/#website","url":"https:\/\/hghpeptideslab.com\/","name":"HGH Peptides Lab","description":"Premium Peptides &amp; HGH Magazin","publisher":{"@id":"https:\/\/hghpeptideslab.com\/#organization"},"potentialAction":[{"@type":"SearchAction","target":{"@type":"EntryPoint","urlTemplate":"https:\/\/hghpeptideslab.com\/?s={search_term_string}"},"query-input":{"@type":"PropertyValueSpecification","valueRequired":true,"valueName":"search_term_string"}}],"inLanguage":"ro-RO"},{"@type":"Organization","@id":"https:\/\/hghpeptideslab.com\/#organization","name":"HGH Peptides Lab","url":"https:\/\/hghpeptideslab.com\/ro\/","logo":{"@type":"ImageObject","url":"https:\/\/hghpeptideslab.com\/wp-content\/uploads\/2025\/07\/HGHPEPTIDESLAB-Logo.png"},"image":{"@id":"https:\/\/hghpeptideslab.com\/#\/schema\/logo\/image\/"},"foundingDate":"2010","contactPoint":[{"@type":"ContactPoint","contactType":"customer support","telephone":"+85247559641","email":"CYGGL2025@gmail.com","availableLanguage":["en"]}]}]}},"_links":{"self":[{"href":"https:\/\/hghpeptideslab.com\/ro\/wp-json\/wp\/v2\/product\/9776","targetHints":{"allow":["GET"]}}],"collection":[{"href":"https:\/\/hghpeptideslab.com\/ro\/wp-json\/wp\/v2\/product"}],"about":[{"href":"https:\/\/hghpeptideslab.com\/ro\/wp-json\/wp\/v2\/types\/product"}],"replies":[{"embeddable":true,"href":"https:\/\/hghpeptideslab.com\/ro\/wp-json\/wp\/v2\/comments?post=9776"}],"wp:featuredmedia":[{"embeddable":true,"href":"https:\/\/hghpeptideslab.com\/ro\/wp-json\/wp\/v2\/media\/9777"}],"wp:attachment":[{"href":"https:\/\/hghpeptideslab.com\/ro\/wp-json\/wp\/v2\/media?parent=9776"}],"wp:term":[{"taxonomy":"product_cat","embeddable":true,"href":"https:\/\/hghpeptideslab.com\/ro\/wp-json\/wp\/v2\/product_cat?post=9776"},{"taxonomy":"product_tag","embeddable":true,"href":"https:\/\/hghpeptideslab.com\/ro\/wp-json\/wp\/v2\/product_tag?post=9776"}],"curies":[{"name":"wp","href":"https:\/\/api.w.org\/{rel}","templated":true}]}}