{"id":3,"date":"2020-12-16T03:16:35","date_gmt":"2020-12-16T03:16:35","guid":{"rendered":"https:\/\/demo2wpopal.b-cdn.net\/supplero\/?page_id=3"},"modified":"2025-08-08T18:37:50","modified_gmt":"2025-08-08T18:37:50","slug":"privacy-policy","status":"publish","type":"page","link":"https:\/\/hghpeptideslab.com\/sv\/privacy-policy\/","title":{"rendered":"Integritetspolicy"},"content":{"rendered":"<div data-elementor-type=\"wp-page\" data-elementor-id=\"3\" class=\"elementor elementor-3\" data-elementor-post-type=\"page\">\n\t\t\t\t<div class=\"elementor-element elementor-element-10eabccb e-flex e-con-boxed e-con e-parent\" data-id=\"10eabccb\" data-element_type=\"container\" data-e-type=\"container\">\n\t\t\t\t\t<div class=\"e-con-inner\">\n\t\t\t\t<div class=\"elementor-element elementor-element-54397ea8 elementor-widget elementor-widget-text-editor\" data-id=\"54397ea8\" data-element_type=\"widget\" data-e-type=\"widget\" data-widget_type=\"text-editor.default\">\n\t\t\t\t\t\t\t\t\t<p data-start=\"127\" data-end=\"332\">P\u00e5 HGH Peptides Lab \u00e4r vi fast beslutna att skydda din integritet. Denna policy f\u00f6rklarar hur vi samlar in, anv\u00e4nder och skyddar din personliga information n\u00e4r du bes\u00f6ker v\u00e5r webbplats eller interagerar med v\u00e5ra tj\u00e4nster.<\/p>\n<hr data-start=\"334\" data-end=\"337\" \/>\n<h3 data-start=\"339\" data-end=\"380\">1. Insamling och anv\u00e4ndning av personuppgifter<\/h3>\n<p data-start=\"382\" data-end=\"483\">Vi samlar endast in de uppgifter som \u00e4r n\u00f6dv\u00e4ndiga f\u00f6r att fullg\u00f6ra dina best\u00e4llningar och f\u00f6rb\u00e4ttra v\u00e5ra tj\u00e4nster. Detta kan inkludera:<\/p>\n<ul data-start=\"485\" data-end=\"661\">\n<li data-start=\"485\" data-end=\"527\">\n<p data-start=\"487\" data-end=\"527\">Ditt namn, din e-postadress och din leveransadress<\/p>\n<\/li>\n<li data-start=\"528\" data-end=\"586\">\n<p data-start=\"530\" data-end=\"586\">Betalningsuppgifter (t.ex. kort- eller kryptotransaktions-ID)<\/p>\n<\/li>\n<li data-start=\"587\" data-end=\"620\">\n<p data-start=\"589\" data-end=\"620\">Information om enhet eller webbl\u00e4sare<\/p>\n<\/li>\n<li data-start=\"621\" data-end=\"661\">\n<p data-start=\"623\" data-end=\"661\">Kontakthistorik och supportmeddelanden<\/p>\n<\/li>\n<\/ul>\n<p data-start=\"663\" data-end=\"726\">Vi g\u00f6r <strong data-start=\"669\" data-end=\"676\">inte<\/strong> s\u00e4lja eller hyra ut dina personuppgifter till tredje part.<\/p>\n<hr data-start=\"728\" data-end=\"731\" \/>\n<h3 data-start=\"733\" data-end=\"763\">2. Varf\u00f6r vi samlar in dina uppgifter<\/h3>\n<p data-start=\"765\" data-end=\"793\">Vi behandlar personuppgifter f\u00f6r att:<\/p>\n<ul data-start=\"795\" data-end=\"1011\">\n<li data-start=\"795\" data-end=\"835\">\n<p data-start=\"797\" data-end=\"835\">Uppfylla best\u00e4llningar och kundf\u00f6rfr\u00e5gningar<\/p>\n<\/li>\n<li data-start=\"836\" data-end=\"873\">\n<p data-start=\"838\" data-end=\"873\">Ge support och orderuppdateringar<\/p>\n<\/li>\n<li data-start=\"874\" data-end=\"923\">\n<p data-start=\"876\" data-end=\"923\">F\u00f6rb\u00e4ttra webbplatsens funktionalitet och prestanda<\/p>\n<\/li>\n<li data-start=\"924\" data-end=\"972\">\n<p data-start=\"926\" data-end=\"972\">S\u00e4kerst\u00e4lla bedr\u00e4geribek\u00e4mpning och webbplatsens s\u00e4kerhet<\/p>\n<\/li>\n<li data-start=\"973\" data-end=\"1011\">\n<p data-start=\"975\" data-end=\"1011\">Uppfylla r\u00e4ttsliga eller skattem\u00e4ssiga skyldigheter<\/p>\n<\/li>\n<\/ul>\n<hr data-start=\"1013\" data-end=\"1016\" \/>\n<h3 data-start=\"1018\" data-end=\"1044\">3. Cookies och sp\u00e5rning<\/h3>\n<p data-start=\"1046\" data-end=\"1099\">V\u00e5r webbplats anv\u00e4nder cookies och liknande tekniker f\u00f6r att:<\/p>\n<ul data-start=\"1101\" data-end=\"1205\">\n<li data-start=\"1101\" data-end=\"1130\">\n<p data-start=\"1103\" data-end=\"1130\">Kom ih\u00e5g dina preferenser<\/p>\n<\/li>\n<li data-start=\"1131\" data-end=\"1174\">\n<p data-start=\"1133\" data-end=\"1174\">Analysera webbplatsens trafik och prestanda<\/p>\n<\/li>\n<li data-start=\"1175\" data-end=\"1205\">\n<p data-start=\"1177\" data-end=\"1205\">F\u00f6rb\u00e4ttra din anv\u00e4ndarupplevelse<\/p>\n<\/li>\n<\/ul>\n<p data-start=\"1207\" data-end=\"1288\">Du kan avaktivera cookies i din webbl\u00e4sares inst\u00e4llningar om du inte vill bli sp\u00e5rad.<\/p>\n<hr data-start=\"1290\" data-end=\"1293\" \/>\n<h3 data-start=\"1295\" data-end=\"1313\">4. Delning av data<\/h3>\n<p data-start=\"1315\" data-end=\"1553\">Vi kan komma att dela begr\u00e4nsade personuppgifter med betrodda tj\u00e4nsteleverant\u00f6rer (t.ex. logistikpartner, betalningsportaler) enbart i syfte att fullg\u00f6ra best\u00e4llningar eller uppfylla krav. Vi delar inte uppgifter f\u00f6r marknadsf\u00f6rings\u00e4ndam\u00e5l utan ditt samtycke.<\/p>\n<hr data-start=\"1555\" data-end=\"1558\" \/>\n<h3 data-start=\"1560\" data-end=\"1593\">5. Datas\u00e4kerhet och lagring<\/h3>\n<p data-start=\"1595\" data-end=\"1768\">Vi till\u00e4mpar b\u00e4sta praxis f\u00f6r s\u00e4kerhet f\u00f6r att skydda din information. Dina uppgifter lagras p\u00e5 ett s\u00e4kert s\u00e4tt och sparas endast s\u00e5 l\u00e4nge som kr\u00e4vs f\u00f6r att vi ska kunna fullg\u00f6ra v\u00e5ra aff\u00e4rsf\u00f6rpliktelser.<\/p>\n<hr data-start=\"1770\" data-end=\"1773\" \/>\n<h3 data-start=\"1775\" data-end=\"1792\">6. Dina r\u00e4ttigheter<\/h3>\n<p data-start=\"1794\" data-end=\"1816\">Du har r\u00e4tt till:<\/p>\n<ul data-start=\"1818\" data-end=\"1993\">\n<li data-start=\"1818\" data-end=\"1849\">\n<p data-start=\"1820\" data-end=\"1849\">F\u00e5 tillg\u00e5ng till eller korrigera dina uppgifter<\/p>\n<\/li>\n<li data-start=\"1850\" data-end=\"1892\">\n<p data-start=\"1852\" data-end=\"1892\">Beg\u00e4ra radering av dina personuppgifter<\/p>\n<\/li>\n<li data-start=\"1893\" data-end=\"1942\">\n<p data-start=\"1895\" data-end=\"1942\">\u00c5terkalla samtycke till marknadsf\u00f6ringskommunikation<\/p>\n<\/li>\n<li data-start=\"1943\" data-end=\"1993\">\n<p data-start=\"1945\" data-end=\"1993\">Kontakta oss om du har n\u00e5gra fr\u00e5gor om dataskydd<\/p>\n<\/li>\n<\/ul>\n<p data-start=\"1995\" data-end=\"2057\">F\u00f6r att ut\u00f6va dessa r\u00e4ttigheter, mejla oss p\u00e5 <span style=\"color: #ff0000;\"><strong data-start=\"2033\" data-end=\"2056\"><a class=\"cursor-pointer\" style=\"color: #ff0000;\" rel=\"noopener\" data-start=\"2035\" data-end=\"2054\">cyggl2025@gmail.com<\/a><\/strong><\/span>.<\/p>\n<hr data-start=\"2059\" data-end=\"2062\" \/>\n<h3 data-start=\"2064\" data-end=\"2087\">7. L\u00e4nkar till tredje part<\/h3>\n<p data-start=\"2089\" data-end=\"2271\">V\u00e5r webbplats kan inneh\u00e5lla l\u00e4nkar till tredje parts webbplatser. Vi ansvarar inte f\u00f6r sekretesspraxis eller inneh\u00e5ll p\u00e5 dessa webbplatser. L\u00e4s igenom deras policyer separat innan du anv\u00e4nder dem.<\/p>\n<hr data-start=\"2273\" data-end=\"2276\" \/>\n<h3 data-start=\"2278\" data-end=\"2306\">8. \u00c4ndringar av denna policy<\/h3>\n<p data-start=\"2308\" data-end=\"2472\">Vi kan komma att uppdatera denna integritetspolicy vid behov f\u00f6r att \u00e5terspegla juridiska, tekniska eller operativa f\u00f6r\u00e4ndringar. Fortsatt anv\u00e4ndning av v\u00e5r webbplats inneb\u00e4r att du accepterar de uppdaterade villkoren.<\/p>\n<hr data-start=\"2474\" data-end=\"2477\" \/>\n<h3 data-start=\"2479\" data-end=\"2495\">9. Kontakta oss<\/h3>\n<p data-start=\"2497\" data-end=\"2583\">Om du har fr\u00e5gor eller funderingar ang\u00e5ende denna integritetspolicy, v\u00e4nligen kontakta oss p\u00e5<\/p>\n<p data-start=\"2585\" data-end=\"2651\">\ud83d\udce7 <span style=\"color: #ff0000;\"><strong data-start=\"2588\" data-end=\"2611\"><a class=\"cursor-pointer\" style=\"color: #ff0000;\" rel=\"noopener\" data-start=\"2590\" data-end=\"2609\">cyggl2025@gmail.com<\/a><\/strong><\/span><br data-start=\"2611\" data-end=\"2614\" \/>Vi svarar normalt inom 24 timmar.<\/p>\t\t\t\t\t\t\t\t<\/div>\n\t\t\t\t\t<\/div>\n\t\t\t\t<\/div>\n\t\t\t\t<\/div>","protected":false},"excerpt":{"rendered":"<p>At HGH Peptides Lab, we are committed to protecting your privacy. This policy explains how we collect, use, and safeguard your personal information when you visit our website or interact with our services. 1. Collection and Use of Personal Data We only collect the data necessary to fulfill your orders and improve our services. This [&hellip;]<\/p>\n","protected":false},"author":1,"featured_media":0,"parent":0,"menu_order":0,"comment_status":"closed","ping_status":"open","template":"","meta":{"footnotes":""},"class_list":["post-3","page","type-page","status-publish","hentry"],"yoast_head":"<!-- This site is optimized with the Yoast SEO Premium plugin v27.6 (Yoast SEO v27.6) - https:\/\/yoast.com\/product\/yoast-seo-premium-wordpress\/ -->\n<title>HGH Peptides Lab Privacy Policy | Secure, Transparent &amp; GDPR-Compliant 2025<\/title>\n<meta name=\"description\" content=\"Learn how HGH Peptides Lab protects your privacy. Our 2025 policy covers data collection, security, and compliance with GDPR standards. Clear, transparent, and updated.\" \/>\n<meta name=\"robots\" content=\"index, follow, max-snippet:-1, max-image-preview:large, max-video-preview:-1\" \/>\n<link rel=\"canonical\" href=\"https:\/\/hghpeptideslab.com\/sv\/privacy-policy\/\" \/>\n<meta property=\"og:locale\" content=\"sv_SE\" \/>\n<meta property=\"og:type\" content=\"article\" \/>\n<meta property=\"og:title\" content=\"Privacy Policy\" \/>\n<meta property=\"og:description\" content=\"Learn how HGH Peptides Lab protects your privacy. Our 2025 policy covers data collection, security, and compliance with GDPR standards. Clear, transparent, and updated.\" \/>\n<meta property=\"og:url\" content=\"https:\/\/hghpeptideslab.com\/sv\/privacy-policy\/\" \/>\n<meta property=\"og:site_name\" content=\"HGH Peptides Lab\" \/>\n<meta property=\"article:modified_time\" content=\"2025-08-08T18:37:50+00:00\" \/>\n<meta name=\"twitter:card\" content=\"summary_large_image\" \/>\n<meta name=\"twitter:label1\" content=\"Ber\u00e4knad l\u00e4stid\" \/>\n\t<meta name=\"twitter:data1\" content=\"2 minuter\" \/>\n<script type=\"application\/ld+json\" class=\"yoast-schema-graph\">{\"@context\":\"https:\\\/\\\/schema.org\",\"@graph\":[{\"@type\":\"WebPage\",\"@id\":\"https:\\\/\\\/hghpeptideslab.com\\\/privacy-policy\\\/\",\"url\":\"https:\\\/\\\/hghpeptideslab.com\\\/privacy-policy\\\/\",\"name\":\"HGH Peptides Lab Privacy Policy | Secure, Transparent & GDPR-Compliant 2025\",\"isPartOf\":{\"@id\":\"https:\\\/\\\/hghpeptideslab.com\\\/#website\"},\"datePublished\":\"2020-12-16T03:16:35+00:00\",\"dateModified\":\"2025-08-08T18:37:50+00:00\",\"description\":\"Learn how HGH Peptides Lab protects your privacy. Our 2025 policy covers data collection, security, and compliance with GDPR standards. Clear, transparent, and updated.\",\"breadcrumb\":{\"@id\":\"https:\\\/\\\/hghpeptideslab.com\\\/privacy-policy\\\/#breadcrumb\"},\"inLanguage\":\"sv-SE\",\"potentialAction\":[{\"@type\":\"ReadAction\",\"target\":[\"https:\\\/\\\/hghpeptideslab.com\\\/privacy-policy\\\/\"]}],\"copyrightNotice\":\"\u00a9 2010\u20132026 HGH Peptides Lab. All Rights Reserved.\"},{\"@type\":\"BreadcrumbList\",\"@id\":\"https:\\\/\\\/hghpeptideslab.com\\\/privacy-policy\\\/#breadcrumb\",\"itemListElement\":[{\"@type\":\"ListItem\",\"position\":1,\"name\":\"Home\",\"item\":\"https:\\\/\\\/hghpeptideslab.com\\\/\"},{\"@type\":\"ListItem\",\"position\":2,\"name\":\"Privacy Policy\"}]},{\"@type\":\"WebSite\",\"@id\":\"https:\\\/\\\/hghpeptideslab.com\\\/#website\",\"url\":\"https:\\\/\\\/hghpeptideslab.com\\\/\",\"name\":\"HGH Peptides Lab\",\"description\":\"Premium Peptides &amp; HGH Shop\",\"publisher\":{\"@id\":\"https:\\\/\\\/hghpeptideslab.com\\\/#organization\"},\"potentialAction\":[{\"@type\":\"SearchAction\",\"target\":{\"@type\":\"EntryPoint\",\"urlTemplate\":\"https:\\\/\\\/hghpeptideslab.com\\\/?s={search_term_string}\"},\"query-input\":{\"@type\":\"PropertyValueSpecification\",\"valueRequired\":true,\"valueName\":\"search_term_string\"}}],\"inLanguage\":\"sv-SE\"},{\"@type\":\"Organization\",\"@id\":\"https:\\\/\\\/hghpeptideslab.com\\\/#organization\",\"name\":\"HGH Peptides Lab\",\"url\":\"https:\\\/\\\/hghpeptideslab.com\\\/sv\\\/\",\"logo\":{\"@type\":\"ImageObject\",\"url\":\"https:\\\/\\\/hghpeptideslab.com\\\/wp-content\\\/uploads\\\/2025\\\/07\\\/HGHPEPTIDESLAB-Logo.png\"},\"image\":{\"@id\":\"https:\\\/\\\/hghpeptideslab.com\\\/#\\\/schema\\\/logo\\\/image\\\/\"},\"foundingDate\":\"2010\",\"contactPoint\":[{\"@type\":\"ContactPoint\",\"contactType\":\"customer support\",\"telephone\":\"+85247559641\",\"email\":\"CYGGL2025@gmail.com\",\"availableLanguage\":[\"en\"]}]}]}<\/script>\n<!-- \/ Yoast SEO Premium plugin. -->","yoast_head_json":{"title":"HGH Peptides Lab Integritetspolicy | S\u00e4ker, transparent och GDPR-kompatibel 2025","description":"L\u00e4s mer om hur HGH Peptides Lab skyddar din integritet. V\u00e5r 2025-policy omfattar datainsamling, s\u00e4kerhet och efterlevnad av GDPR-standarder. Tydlig, transparent och uppdaterad.","robots":{"index":"index","follow":"follow","max-snippet":"max-snippet:-1","max-image-preview":"max-image-preview:large","max-video-preview":"max-video-preview:-1"},"canonical":"https:\/\/hghpeptideslab.com\/sv\/privacy-policy\/","og_locale":"sv_SE","og_type":"article","og_title":"Privacy Policy","og_description":"Learn how HGH Peptides Lab protects your privacy. Our 2025 policy covers data collection, security, and compliance with GDPR standards. Clear, transparent, and updated.","og_url":"https:\/\/hghpeptideslab.com\/sv\/privacy-policy\/","og_site_name":"HGH Peptides Lab","article_modified_time":"2025-08-08T18:37:50+00:00","twitter_card":"summary_large_image","twitter_misc":{"Ber\u00e4knad l\u00e4stid":"2 minuter"},"schema":{"@context":"https:\/\/schema.org","@graph":[{"@type":"WebPage","@id":"https:\/\/hghpeptideslab.com\/privacy-policy\/","url":"https:\/\/hghpeptideslab.com\/privacy-policy\/","name":"HGH Peptides Lab Integritetspolicy | S\u00e4ker, transparent och GDPR-kompatibel 2025","isPartOf":{"@id":"https:\/\/hghpeptideslab.com\/#website"},"datePublished":"2020-12-16T03:16:35+00:00","dateModified":"2025-08-08T18:37:50+00:00","description":"L\u00e4s mer om hur HGH Peptides Lab skyddar din integritet. V\u00e5r 2025-policy omfattar datainsamling, s\u00e4kerhet och efterlevnad av GDPR-standarder. Tydlig, transparent och uppdaterad.","breadcrumb":{"@id":"https:\/\/hghpeptideslab.com\/privacy-policy\/#breadcrumb"},"inLanguage":"sv-SE","potentialAction":[{"@type":"ReadAction","target":["https:\/\/hghpeptideslab.com\/privacy-policy\/"]}],"copyrightNotice":"\u00a9 2010\u20132026 HGH Peptides Lab. All Rights Reserved."},{"@type":"BreadcrumbList","@id":"https:\/\/hghpeptideslab.com\/privacy-policy\/#breadcrumb","itemListElement":[{"@type":"ListItem","position":1,"name":"Home","item":"https:\/\/hghpeptideslab.com\/"},{"@type":"ListItem","position":2,"name":"Privacy Policy"}]},{"@type":"WebSite","@id":"https:\/\/hghpeptideslab.com\/#website","url":"https:\/\/hghpeptideslab.com\/","name":"HGH Peptides Lab","description":"Premium Peptides &amp; HGH Butik","publisher":{"@id":"https:\/\/hghpeptideslab.com\/#organization"},"potentialAction":[{"@type":"SearchAction","target":{"@type":"EntryPoint","urlTemplate":"https:\/\/hghpeptideslab.com\/?s={search_term_string}"},"query-input":{"@type":"PropertyValueSpecification","valueRequired":true,"valueName":"search_term_string"}}],"inLanguage":"sv-SE"},{"@type":"Organization","@id":"https:\/\/hghpeptideslab.com\/#organization","name":"HGH Peptides Lab","url":"https:\/\/hghpeptideslab.com\/sv\/","logo":{"@type":"ImageObject","url":"https:\/\/hghpeptideslab.com\/wp-content\/uploads\/2025\/07\/HGHPEPTIDESLAB-Logo.png"},"image":{"@id":"https:\/\/hghpeptideslab.com\/#\/schema\/logo\/image\/"},"foundingDate":"2010","contactPoint":[{"@type":"ContactPoint","contactType":"customer support","telephone":"+85247559641","email":"CYGGL2025@gmail.com","availableLanguage":["en"]}]}]}},"_links":{"self":[{"href":"https:\/\/hghpeptideslab.com\/sv\/wp-json\/wp\/v2\/pages\/3","targetHints":{"allow":["GET"]}}],"collection":[{"href":"https:\/\/hghpeptideslab.com\/sv\/wp-json\/wp\/v2\/pages"}],"about":[{"href":"https:\/\/hghpeptideslab.com\/sv\/wp-json\/wp\/v2\/types\/page"}],"author":[{"embeddable":true,"href":"https:\/\/hghpeptideslab.com\/sv\/wp-json\/wp\/v2\/users\/1"}],"replies":[{"embeddable":true,"href":"https:\/\/hghpeptideslab.com\/sv\/wp-json\/wp\/v2\/comments?post=3"}],"version-history":[{"count":6,"href":"https:\/\/hghpeptideslab.com\/sv\/wp-json\/wp\/v2\/pages\/3\/revisions"}],"predecessor-version":[{"id":8749,"href":"https:\/\/hghpeptideslab.com\/sv\/wp-json\/wp\/v2\/pages\/3\/revisions\/8749"}],"wp:attachment":[{"href":"https:\/\/hghpeptideslab.com\/sv\/wp-json\/wp\/v2\/media?parent=3"}],"curies":[{"name":"wp","href":"https:\/\/api.w.org\/{rel}","templated":true}]}}