{"id":10231,"date":"2025-11-15T11:07:32","date_gmt":"2025-11-15T11:07:32","guid":{"rendered":"https:\/\/hghpeptideslab.com\/?post_type=product&#038;p=10231"},"modified":"2025-11-15T11:10:12","modified_gmt":"2025-11-15T11:10:12","slug":"blend-tb-500-10mg-bpc-157-10mg-kpv-10mg-ghk-cu-50mg","status":"publish","type":"product","link":"https:\/\/hghpeptideslab.com\/sv\/product\/blend-tb-500-10mg-bpc-157-10mg-kpv-10mg-ghk-cu-50mg\/","title":{"rendered":"Klow (Blend TB-500 10 mg + BPC-157 10 mg + KPV 10 mg + GHK-Cu 50 mg) Peptide"},"content":{"rendered":"<h3>\u00d6versikt<\/h3>\n<p><strong>Klow<\/strong> \u00e4r en peptidblandning som kombinerar <strong>TB-500 10 mg<\/strong> + <strong>BPC-157 10 mg<\/strong> + <strong>KPV 10 mg<\/strong> + <strong>GHK-Cu 50 mg<\/strong> per vial. Det diskuteras ofta inom forskning om l\u00e4kning och \u00e5terh\u00e4mtning, bindv\u00e4v och kosmetika\/hud. Levereras som en vit lyophilized powder per vial f\u00f6r rekonstitution med en l\u00e4mplig steril sp\u00e4dningsv\u00e4tska i laboratoriemilj\u00f6.<\/p>\n<p>V\u00e5rt material \u00e4r <strong>GMP-tillverkad<\/strong> (r\u00e5material av farmaceutisk kvalitet) med <strong>99%+ renhet<\/strong>. Batchdokumentation (HPLC\/COA) finns tillg\u00e4nglig p\u00e5 beg\u00e4ran.<\/p>\n<h3>Viktiga funktioner<\/h3>\n<ul>\n<li>Per-vial-sammans\u00e4ttning: <strong>TB-500 10 mg + BPC-157 10 mg + KPV 10 mg + GHK-Cu 50 mg<\/strong><\/li>\n<li>Kit storlek: <strong>10 vials\/kit<\/strong><\/li>\n<li>Pharmaceutical-grade quality med <strong>99%+ renhet<\/strong> (HPLC\/COA p\u00e5 beg\u00e4ran)<\/li>\n<li>S\u00e4ker f\u00f6rpackning med skyddsinl\u00e4gg; sp\u00e5rningsnummer medf\u00f6ljer <strong>tre (3) arbetsdagar<\/strong><\/li>\n<\/ul>\n<h3>Typiska forskningsinriktningar<\/h3>\n<ul>\n<li><strong>Ramverk f\u00f6r l\u00e4kning och \u00e5terh\u00e4mtning<\/strong> \u2014 senor\/ligament och mjukv\u00e4vnadsmodeller<\/li>\n<li><strong>St\u00f6d f\u00f6r bindv\u00e4v och hud<\/strong> \u2014 ombyggnad av \u00e4ndpunkter och kosmetiska angr\u00e4nsande konstruktioner<\/li>\n<li><strong>Portf\u00f6ljplanering<\/strong> \u2014 j\u00e4mf\u00f6r med blandningar med l\u00e4gre doser f\u00f6r stegvisa konstruktioner<\/li>\n<\/ul>\n<h3>Finns \u00e4ven<\/h3>\n<p>Vi erbjuder \u00e4ven en relaterad trippelblandning: <a href=\"\/sv\/product\/blend-tb-500-10mg-bpc-157-10mg-ghk-cu-50mg\/\">Blend TB-500 10 mg + BPC-157 10 mg + GHK-Cu 50 mg<\/a>.<\/p>\n<h3>Lagring &amp; stabilitet<\/h3>\n<ul>\n<li>F\u00f6rvaras f\u00f6rseglade i <strong>2-8 \u00b0C<\/strong>, skyddad mot ljus och fukt<\/li>\n<li>Undvik upprepad frysning och upptining; planera sm\u00e5 alikvoter efter rekonstituering.<\/li>\n<\/ul>\n<h3>Anteckningar<\/h3>\n<ul>\n<li>Tillverkad i <strong>GMP-kompatibel<\/strong> anl\u00e4ggningar<\/li>\n<li>HPLC\/COA tillg\u00e4nglig p\u00e5 beg\u00e4ran<\/li>\n<li><strong>Endast f\u00f6r laboratorieforskning. Produkterna \u00e4r inte m\u00e4rkta f\u00f6r medicinsk anv\u00e4ndning.<\/strong><\/li>\n<\/ul>","protected":false},"excerpt":{"rendered":"<p><strong>Namn:<\/strong> 99% Purity Klow-peptid (TB-500 10 mg + BPC-157 10 mg + KPV 10 mg + GHK-Cu 50 mg)<br \/>\n<strong>Funktion:<\/strong> L\u00e4kning och \u00e5terh\u00e4mtning; st\u00f6d f\u00f6r bindv\u00e4v och hud<br \/>\n<strong>Specifikation:<\/strong> TB-500 10 mg + BPC-157 10 mg + KPV 10 mg + GHK-Cu 50 mg per vial; 10 vials\/kit<br \/>\n<strong>CAS:<\/strong> N\/A (peptidblandning)<br \/>\n<strong>Utseende:<\/strong> White lyophilized powder<\/p>","protected":false},"featured_media":10223,"comment_status":"open","ping_status":"closed","template":"","meta":[],"product_cat":[56,51],"product_tag":[120,139,311,158,165,317,121],"class_list":{"0":"post-10231","1":"product","2":"type-product","3":"status-publish","4":"has-post-thumbnail","6":"product_brand-dp-hghpeptides","7":"product_brand-hgh-peptides-lab","8":"product_cat-cosmetic-peptides","9":"product_cat-peptides-for-healing","10":"product_tag-bpc-157","11":"product_tag-ghk-cu","12":"product_tag-kpv","13":"product_tag-recovery-tissue-repair-peptides","14":"product_tag-skin-beauty-peptides","15":"product_tag-skin-cosmetic-peptides","16":"product_tag-tb-500","18":"first","19":"instock","20":"shipping-taxable","21":"purchasable","22":"product-type-simple"},"yoast_head":"<!-- This site is optimized with the Yoast SEO Premium plugin v27.3 (Yoast SEO v27.3) - https:\/\/yoast.com\/product\/yoast-seo-premium-wordpress\/ -->\n<title>Klow Peptide (TB-500 10 mg + BPC-157 10 mg + KPV 10 mg + GHK-Cu 50 mg) | 99% Purity \u2013 HGH Peptides Lab<\/title>\n<meta name=\"description\" content=\"Klow peptide blend (TB-500 10 mg + BPC-157 10 mg + KPV 10 mg + GHK-Cu 50 mg per vial). Healing &amp; cosmetic research uses, kit details, factory-direct pricing. Tracking in ~3 business days.\" \/>\n<meta name=\"robots\" content=\"index, follow, max-snippet:-1, max-image-preview:large, max-video-preview:-1\" \/>\n<link rel=\"canonical\" href=\"https:\/\/hghpeptideslab.com\/sv\/product\/blend-tb-500-10mg-bpc-157-10mg-kpv-10mg-ghk-cu-50mg\/\" \/>\n<meta property=\"og:locale\" content=\"sv_SE\" \/>\n<meta property=\"og:type\" content=\"article\" \/>\n<meta property=\"og:title\" content=\"Klow (Blend TB-500 10 mg + BPC-157 10 mg + KPV 10 mg + GHK-Cu 50 mg) Peptide\" \/>\n<meta property=\"og:description\" content=\"Klow peptide blend (TB-500 10 mg + BPC-157 10 mg + KPV 10 mg + GHK-Cu 50 mg per vial). Healing &amp; cosmetic research uses, kit details, factory-direct pricing. Tracking in ~3 business days.\" \/>\n<meta property=\"og:url\" content=\"https:\/\/hghpeptideslab.com\/sv\/product\/blend-tb-500-10mg-bpc-157-10mg-kpv-10mg-ghk-cu-50mg\/\" \/>\n<meta property=\"og:site_name\" content=\"HGH Peptides Lab\" \/>\n<meta property=\"article:modified_time\" content=\"2025-11-15T11:10:12+00:00\" \/>\n<meta property=\"og:image\" content=\"https:\/\/hghpeptideslab.com\/wp-content\/uploads\/2025\/11\/klow-peptide-blend-tb500-10mg-bpc157-10mg-kpv-10mg-ghkcu-50mg-main.jpg\" \/>\n\t<meta property=\"og:image:width\" content=\"800\" \/>\n\t<meta property=\"og:image:height\" content=\"800\" \/>\n\t<meta property=\"og:image:type\" content=\"image\/jpeg\" \/>\n<meta name=\"twitter:card\" content=\"summary_large_image\" \/>\n<meta name=\"twitter:label1\" content=\"Ber\u00e4knad l\u00e4stid\" \/>\n\t<meta name=\"twitter:data1\" content=\"2 minuter\" \/>\n<script type=\"application\/ld+json\" class=\"yoast-schema-graph\">{\"@context\":\"https:\\\/\\\/schema.org\",\"@graph\":[{\"@type\":\"WebPage\",\"@id\":\"https:\\\/\\\/hghpeptideslab.com\\\/product\\\/blend-tb-500-10mg-bpc-157-10mg-kpv-10mg-ghk-cu-50mg\\\/\",\"url\":\"https:\\\/\\\/hghpeptideslab.com\\\/product\\\/blend-tb-500-10mg-bpc-157-10mg-kpv-10mg-ghk-cu-50mg\\\/\",\"name\":\"Klow Peptide (TB-500 10 mg + BPC-157 10 mg + KPV 10 mg + GHK-Cu 50 mg) | 99% Purity \u2013 HGH Peptides Lab\",\"isPartOf\":{\"@id\":\"https:\\\/\\\/hghpeptideslab.com\\\/#website\"},\"primaryImageOfPage\":{\"@id\":\"https:\\\/\\\/hghpeptideslab.com\\\/product\\\/blend-tb-500-10mg-bpc-157-10mg-kpv-10mg-ghk-cu-50mg\\\/#primaryimage\"},\"image\":{\"@id\":\"https:\\\/\\\/hghpeptideslab.com\\\/product\\\/blend-tb-500-10mg-bpc-157-10mg-kpv-10mg-ghk-cu-50mg\\\/#primaryimage\"},\"thumbnailUrl\":\"https:\\\/\\\/hghpeptideslab.com\\\/wp-content\\\/uploads\\\/2025\\\/11\\\/klow-peptide-blend-tb500-10mg-bpc157-10mg-kpv-10mg-ghkcu-50mg-main.jpg\",\"datePublished\":\"2025-11-15T11:07:32+00:00\",\"dateModified\":\"2025-11-15T11:10:12+00:00\",\"description\":\"Klow peptide blend (TB-500 10 mg + BPC-157 10 mg + KPV 10 mg + GHK-Cu 50 mg per vial). Healing & cosmetic research uses, kit details, factory-direct pricing. Tracking in ~3 business days.\",\"breadcrumb\":{\"@id\":\"https:\\\/\\\/hghpeptideslab.com\\\/product\\\/blend-tb-500-10mg-bpc-157-10mg-kpv-10mg-ghk-cu-50mg\\\/#breadcrumb\"},\"inLanguage\":\"sv-SE\",\"potentialAction\":[{\"@type\":\"ReadAction\",\"target\":[\"https:\\\/\\\/hghpeptideslab.com\\\/product\\\/blend-tb-500-10mg-bpc-157-10mg-kpv-10mg-ghk-cu-50mg\\\/\"]}],\"copyrightNotice\":\"\u00a9 2010\u20132026 HGH Peptides Lab. All Rights Reserved.\"},{\"@type\":\"ImageObject\",\"inLanguage\":\"sv-SE\",\"@id\":\"https:\\\/\\\/hghpeptideslab.com\\\/product\\\/blend-tb-500-10mg-bpc-157-10mg-kpv-10mg-ghk-cu-50mg\\\/#primaryimage\",\"url\":\"https:\\\/\\\/hghpeptideslab.com\\\/wp-content\\\/uploads\\\/2025\\\/11\\\/klow-peptide-blend-tb500-10mg-bpc157-10mg-kpv-10mg-ghkcu-50mg-main.jpg\",\"contentUrl\":\"https:\\\/\\\/hghpeptideslab.com\\\/wp-content\\\/uploads\\\/2025\\\/11\\\/klow-peptide-blend-tb500-10mg-bpc157-10mg-kpv-10mg-ghkcu-50mg-main.jpg\",\"width\":800,\"height\":800,\"caption\":\"Klow peptide blend (per vial: TB-500 10 mg + BPC-157 10 mg + KPV 10 mg + GHK-Cu 50 mg), factory-direct \u2014 99% purity \u00b7 engineered in China.\"},{\"@type\":\"BreadcrumbList\",\"@id\":\"https:\\\/\\\/hghpeptideslab.com\\\/product\\\/blend-tb-500-10mg-bpc-157-10mg-kpv-10mg-ghk-cu-50mg\\\/#breadcrumb\",\"itemListElement\":[{\"@type\":\"ListItem\",\"position\":1,\"name\":\"Home\",\"item\":\"https:\\\/\\\/hghpeptideslab.com\\\/\"},{\"@type\":\"ListItem\",\"position\":2,\"name\":\"Shop\",\"item\":\"https:\\\/\\\/hghpeptideslab.com\\\/shop\\\/\"},{\"@type\":\"ListItem\",\"position\":3,\"name\":\"Klow (Blend TB-500 10 mg + BPC-157 10 mg + KPV 10 mg + GHK-Cu 50 mg) Peptide\"}]},{\"@type\":\"WebSite\",\"@id\":\"https:\\\/\\\/hghpeptideslab.com\\\/#website\",\"url\":\"https:\\\/\\\/hghpeptideslab.com\\\/\",\"name\":\"HGH Peptides Lab\",\"description\":\"Premium Peptides &amp; HGH Shop\",\"publisher\":{\"@id\":\"https:\\\/\\\/hghpeptideslab.com\\\/#organization\"},\"potentialAction\":[{\"@type\":\"SearchAction\",\"target\":{\"@type\":\"EntryPoint\",\"urlTemplate\":\"https:\\\/\\\/hghpeptideslab.com\\\/?s={search_term_string}\"},\"query-input\":{\"@type\":\"PropertyValueSpecification\",\"valueRequired\":true,\"valueName\":\"search_term_string\"}}],\"inLanguage\":\"sv-SE\"},{\"@type\":\"Organization\",\"@id\":\"https:\\\/\\\/hghpeptideslab.com\\\/#organization\",\"name\":\"HGH Peptides Lab\",\"url\":\"https:\\\/\\\/hghpeptideslab.com\\\/sv\\\/\",\"logo\":{\"@type\":\"ImageObject\",\"url\":\"https:\\\/\\\/hghpeptideslab.com\\\/wp-content\\\/uploads\\\/2025\\\/07\\\/HGHPEPTIDESLAB-Logo.png\"},\"image\":{\"@id\":\"https:\\\/\\\/hghpeptideslab.com\\\/#\\\/schema\\\/logo\\\/image\\\/\"},\"foundingDate\":\"2010\",\"contactPoint\":[{\"@type\":\"ContactPoint\",\"contactType\":\"customer support\",\"telephone\":\"+85247559641\",\"email\":\"CYGGL2025@gmail.com\",\"availableLanguage\":[\"en\"]}]}]}<\/script>\n<!-- \/ Yoast SEO Premium plugin. -->","yoast_head_json":{"title":"Klow Peptide (TB-500 10 mg + BPC-157 10 mg + KPV 10 mg + GHK-Cu 50 mg) | 99% Purity \u2013 HGH Peptides Lab","description":"Klow peptidblandning (TB-500 10 mg + BPC-157 10 mg + KPV 10 mg + GHK-Cu 50 mg per vial). Anv\u00e4ndning inom l\u00e4kande och kosmetisk forskning, information om kit, fabriksdirekta priser. Sp\u00e5rning inom cirka 3 arbetsdagar.","robots":{"index":"index","follow":"follow","max-snippet":"max-snippet:-1","max-image-preview":"max-image-preview:large","max-video-preview":"max-video-preview:-1"},"canonical":"https:\/\/hghpeptideslab.com\/sv\/product\/blend-tb-500-10mg-bpc-157-10mg-kpv-10mg-ghk-cu-50mg\/","og_locale":"sv_SE","og_type":"article","og_title":"Klow (Blend TB-500 10 mg + BPC-157 10 mg + KPV 10 mg + GHK-Cu 50 mg) Peptide","og_description":"Klow peptide blend (TB-500 10 mg + BPC-157 10 mg + KPV 10 mg + GHK-Cu 50 mg per vial). Healing & cosmetic research uses, kit details, factory-direct pricing. Tracking in ~3 business days.","og_url":"https:\/\/hghpeptideslab.com\/sv\/product\/blend-tb-500-10mg-bpc-157-10mg-kpv-10mg-ghk-cu-50mg\/","og_site_name":"HGH Peptides Lab","article_modified_time":"2025-11-15T11:10:12+00:00","og_image":[{"width":800,"height":800,"url":"https:\/\/hghpeptideslab.com\/wp-content\/uploads\/2025\/11\/klow-peptide-blend-tb500-10mg-bpc157-10mg-kpv-10mg-ghkcu-50mg-main.jpg","type":"image\/jpeg"}],"twitter_card":"summary_large_image","twitter_misc":{"Ber\u00e4knad l\u00e4stid":"2 minuter"},"schema":{"@context":"https:\/\/schema.org","@graph":[{"@type":"WebPage","@id":"https:\/\/hghpeptideslab.com\/product\/blend-tb-500-10mg-bpc-157-10mg-kpv-10mg-ghk-cu-50mg\/","url":"https:\/\/hghpeptideslab.com\/product\/blend-tb-500-10mg-bpc-157-10mg-kpv-10mg-ghk-cu-50mg\/","name":"Klow Peptide (TB-500 10 mg + BPC-157 10 mg + KPV 10 mg + GHK-Cu 50 mg) | 99% Purity \u2013 HGH Peptides Lab","isPartOf":{"@id":"https:\/\/hghpeptideslab.com\/#website"},"primaryImageOfPage":{"@id":"https:\/\/hghpeptideslab.com\/product\/blend-tb-500-10mg-bpc-157-10mg-kpv-10mg-ghk-cu-50mg\/#primaryimage"},"image":{"@id":"https:\/\/hghpeptideslab.com\/product\/blend-tb-500-10mg-bpc-157-10mg-kpv-10mg-ghk-cu-50mg\/#primaryimage"},"thumbnailUrl":"https:\/\/hghpeptideslab.com\/wp-content\/uploads\/2025\/11\/klow-peptide-blend-tb500-10mg-bpc157-10mg-kpv-10mg-ghkcu-50mg-main.jpg","datePublished":"2025-11-15T11:07:32+00:00","dateModified":"2025-11-15T11:10:12+00:00","description":"Klow peptidblandning (TB-500 10 mg + BPC-157 10 mg + KPV 10 mg + GHK-Cu 50 mg per vial). Anv\u00e4ndning inom l\u00e4kande och kosmetisk forskning, information om kit, fabriksdirekta priser. Sp\u00e5rning inom cirka 3 arbetsdagar.","breadcrumb":{"@id":"https:\/\/hghpeptideslab.com\/product\/blend-tb-500-10mg-bpc-157-10mg-kpv-10mg-ghk-cu-50mg\/#breadcrumb"},"inLanguage":"sv-SE","potentialAction":[{"@type":"ReadAction","target":["https:\/\/hghpeptideslab.com\/product\/blend-tb-500-10mg-bpc-157-10mg-kpv-10mg-ghk-cu-50mg\/"]}],"copyrightNotice":"\u00a9 2010\u20132026 HGH Peptides Lab. All Rights Reserved."},{"@type":"ImageObject","inLanguage":"sv-SE","@id":"https:\/\/hghpeptideslab.com\/product\/blend-tb-500-10mg-bpc-157-10mg-kpv-10mg-ghk-cu-50mg\/#primaryimage","url":"https:\/\/hghpeptideslab.com\/wp-content\/uploads\/2025\/11\/klow-peptide-blend-tb500-10mg-bpc157-10mg-kpv-10mg-ghkcu-50mg-main.jpg","contentUrl":"https:\/\/hghpeptideslab.com\/wp-content\/uploads\/2025\/11\/klow-peptide-blend-tb500-10mg-bpc157-10mg-kpv-10mg-ghkcu-50mg-main.jpg","width":800,"height":800,"caption":"Klow peptide blend (per vial: TB-500 10 mg + BPC-157 10 mg + KPV 10 mg + GHK-Cu 50 mg), factory-direct \u2014 99% purity \u00b7 engineered in China."},{"@type":"BreadcrumbList","@id":"https:\/\/hghpeptideslab.com\/product\/blend-tb-500-10mg-bpc-157-10mg-kpv-10mg-ghk-cu-50mg\/#breadcrumb","itemListElement":[{"@type":"ListItem","position":1,"name":"Home","item":"https:\/\/hghpeptideslab.com\/"},{"@type":"ListItem","position":2,"name":"Shop","item":"https:\/\/hghpeptideslab.com\/shop\/"},{"@type":"ListItem","position":3,"name":"Klow (Blend TB-500 10 mg + BPC-157 10 mg + KPV 10 mg + GHK-Cu 50 mg) Peptide"}]},{"@type":"WebSite","@id":"https:\/\/hghpeptideslab.com\/#website","url":"https:\/\/hghpeptideslab.com\/","name":"HGH Peptides Lab","description":"Premium Peptides &amp; HGH Butik","publisher":{"@id":"https:\/\/hghpeptideslab.com\/#organization"},"potentialAction":[{"@type":"SearchAction","target":{"@type":"EntryPoint","urlTemplate":"https:\/\/hghpeptideslab.com\/?s={search_term_string}"},"query-input":{"@type":"PropertyValueSpecification","valueRequired":true,"valueName":"search_term_string"}}],"inLanguage":"sv-SE"},{"@type":"Organization","@id":"https:\/\/hghpeptideslab.com\/#organization","name":"HGH Peptides Lab","url":"https:\/\/hghpeptideslab.com\/sv\/","logo":{"@type":"ImageObject","url":"https:\/\/hghpeptideslab.com\/wp-content\/uploads\/2025\/07\/HGHPEPTIDESLAB-Logo.png"},"image":{"@id":"https:\/\/hghpeptideslab.com\/#\/schema\/logo\/image\/"},"foundingDate":"2010","contactPoint":[{"@type":"ContactPoint","contactType":"customer support","telephone":"+85247559641","email":"CYGGL2025@gmail.com","availableLanguage":["en"]}]}]}},"_links":{"self":[{"href":"https:\/\/hghpeptideslab.com\/sv\/wp-json\/wp\/v2\/product\/10231","targetHints":{"allow":["GET"]}}],"collection":[{"href":"https:\/\/hghpeptideslab.com\/sv\/wp-json\/wp\/v2\/product"}],"about":[{"href":"https:\/\/hghpeptideslab.com\/sv\/wp-json\/wp\/v2\/types\/product"}],"replies":[{"embeddable":true,"href":"https:\/\/hghpeptideslab.com\/sv\/wp-json\/wp\/v2\/comments?post=10231"}],"wp:featuredmedia":[{"embeddable":true,"href":"https:\/\/hghpeptideslab.com\/sv\/wp-json\/wp\/v2\/media\/10223"}],"wp:attachment":[{"href":"https:\/\/hghpeptideslab.com\/sv\/wp-json\/wp\/v2\/media?parent=10231"}],"wp:term":[{"taxonomy":"product_cat","embeddable":true,"href":"https:\/\/hghpeptideslab.com\/sv\/wp-json\/wp\/v2\/product_cat?post=10231"},{"taxonomy":"product_tag","embeddable":true,"href":"https:\/\/hghpeptideslab.com\/sv\/wp-json\/wp\/v2\/product_tag?post=10231"}],"curies":[{"name":"wp","href":"https:\/\/api.w.org\/{rel}","templated":true}]}}