{"id":8831,"date":"2025-08-14T02:58:48","date_gmt":"2025-08-14T02:58:48","guid":{"rendered":"https:\/\/hghpeptideslab.com\/?post_type=product&#038;p=8831"},"modified":"2025-10-21T21:42:18","modified_gmt":"2025-10-21T21:42:18","slug":"cjc-1295-without-dac","status":"publish","type":"product","link":"https:\/\/hghpeptideslab.com\/sv\/product\/cjc-1295-without-dac\/","title":{"rendered":"CJC-1295 Without DAC Peptide"},"content":{"rendered":"<h3>\u00d6versikt<\/h3>\n<p>CJC-1295 Without DAC (\u00e4ven k\u00e4nd som <strong>MOD-GRF (1-29)<\/strong>) \u00e4r en tillv\u00e4xthormonfris\u00e4ttande hormon (GHRH) -analog som ofta refereras till i forskning om GH \/ PT136T-modulering, \u00e5terh\u00e4mtning och h\u00e4lsosamt \u00e5ldrande.<br \/>\nV\u00e5rt material \u00e4r <strong>GMP-tillverkad<\/strong> (r\u00e5material av farmaceutisk kvalitet) med <strong>99%+ renhet<\/strong>.<br \/>\nHPLC\/COA finns tillg\u00e4nglig p\u00e5 beg\u00e4ran.<\/p>\n<h3>Viktiga funktioner<\/h3>\n<ul>\n<li>Tillg\u00e4ngliga styrkor: <strong>2 mg<\/strong>, <strong>5 mg<\/strong> &amp; <strong>10 mg<\/strong> per vial<\/li>\n<li>Kit storlek: <strong>10 vials\/Kit<\/strong><\/li>\n<li>White lyophilized powder f\u00f6r flexibla forskningsprotokoll<\/li>\n<li>HPLC\/COA dokumentation p\u00e5 beg\u00e4ran<\/li>\n<\/ul>\n<h3>Typiska forskningsinriktningar<\/h3>\n<ul>\n<li>Modulering av GH\/IGF-1-axeln och endokrin forskning<\/li>\n<li>Modeller f\u00f6r \u00e5terh\u00e4mtningsst\u00f6d och anpassning till tr\u00e4ning<\/li>\n<li>Unders\u00f6kningar av kroppssammans\u00e4ttning och lipidmetabolism<\/li>\n<li>Analyser f\u00f6r h\u00e4lsosamt \u00e5ldrande, s\u00f6mnkvalitet och v\u00e4lbefinnande<\/li>\n<\/ul>\n<h3>Lagring &amp; stabilitet<\/h3>\n<ul>\n<li>F\u00f6rvaras f\u00f6rseglade i <strong>2-8 \u00b0C<\/strong>, skyddad mot ljus och fukt<\/li>\n<li>Rekonstituerade l\u00f6sningar rekommenderas att anv\u00e4ndas omedelbart under l\u00e4mpliga laboratorief\u00f6rh\u00e5llanden<\/li>\n<\/ul>\n<h3>Anteckningar<\/h3>\n<ul>\n<li>Tillverkad i <strong>GMP-kompatibel<\/strong> anl\u00e4ggningar<\/li>\n<li>HPLC\/COA tillg\u00e4nglig p\u00e5 beg\u00e4ran<\/li>\n<li>Endast f\u00f6r laboratorieforskning. Produkterna \u00e4r inte m\u00e4rkta f\u00f6r medicinsk anv\u00e4ndning.<\/li>\n<\/ul>","protected":false},"excerpt":{"rendered":"<p><strong>Namn:<\/strong> 99% Purity CJC-1295 Without DAC (MOD-GRF 1-29) peptid<br \/>\n<strong>Funktion:<\/strong> Fris\u00e4ttning av tillv\u00e4xthormon; st\u00f6d f\u00f6r \u00e5terh\u00e4mtning och anti-aging<br \/>\n<strong>Specifikation:<\/strong> 2 mg &amp; 5 mg &amp; 10 mg per vial; 10 vials\/kit<br \/>\n<strong>CAS:<\/strong> 446036-97-1<br \/>\n<strong>Utseende:<\/strong> White lyophilized powder<\/p>","protected":false},"featured_media":8826,"comment_status":"open","ping_status":"closed","template":"","meta":[],"product_cat":[59],"product_tag":[162,126,160],"class_list":{"0":"post-8831","1":"product","2":"type-product","3":"status-publish","4":"has-post-thumbnail","6":"product_brand-dp-hghpeptides","7":"product_brand-hgh-peptides-lab","8":"product_cat-nootropic-peptides-anti-aging","9":"product_tag-anti-aging-longevity-peptides","10":"product_tag-cjc-1295-no-dac","11":"product_tag-muscle-growth-performance-peptides","13":"first","14":"instock","15":"featured","16":"shipping-taxable","17":"purchasable","18":"product-type-variable","19":"has-default-attributes"},"yoast_head":"<!-- This site is optimized with the Yoast SEO Premium plugin v27.5 (Yoast SEO v27.5) - https:\/\/yoast.com\/product\/yoast-seo-premium-wordpress\/ -->\n<title>CJC-1295 without DAC Peptide | HGH Peptides Lab \u2013 99% Purity<\/title>\n<meta name=\"description\" content=\"Order CJC-1295 (no DAC) from a China GMP lab\u201499% purity with HPLC\/COA. Factory-direct selling and fast global shipping for flexible GH pulse research.\" \/>\n<meta name=\"robots\" content=\"index, follow, max-snippet:-1, max-image-preview:large, max-video-preview:-1\" \/>\n<link rel=\"canonical\" href=\"https:\/\/hghpeptideslab.com\/sv\/product\/cjc-1295-without-dac\/\" \/>\n<meta property=\"og:locale\" content=\"sv_SE\" \/>\n<meta property=\"og:type\" content=\"article\" \/>\n<meta property=\"og:title\" content=\"CJC-1295 Without DAC Peptide\" \/>\n<meta property=\"og:description\" content=\"Order CJC-1295 (no DAC) from a China GMP lab\u201499% purity with HPLC\/COA. Factory-direct selling and fast global shipping for flexible GH pulse research.\" \/>\n<meta property=\"og:url\" content=\"https:\/\/hghpeptideslab.com\/sv\/product\/cjc-1295-without-dac\/\" \/>\n<meta property=\"og:site_name\" content=\"HGH Peptides Lab\" \/>\n<meta property=\"article:modified_time\" content=\"2025-10-21T21:42:18+00:00\" \/>\n<meta property=\"og:image\" content=\"https:\/\/hghpeptideslab.com\/wp-content\/uploads\/2025\/08\/cjc-12955mg.jpg\" \/>\n\t<meta property=\"og:image:width\" content=\"800\" \/>\n\t<meta property=\"og:image:height\" content=\"800\" \/>\n\t<meta property=\"og:image:type\" content=\"image\/jpeg\" \/>\n<meta name=\"twitter:card\" content=\"summary_large_image\" \/>\n<meta name=\"twitter:label1\" content=\"Ber\u00e4knad l\u00e4stid\" \/>\n\t<meta name=\"twitter:data1\" content=\"1 minut\" \/>\n<script type=\"application\/ld+json\" class=\"yoast-schema-graph\">{\"@context\":\"https:\\\/\\\/schema.org\",\"@graph\":[{\"@type\":\"WebPage\",\"@id\":\"https:\\\/\\\/hghpeptideslab.com\\\/product\\\/cjc-1295-without-dac\\\/\",\"url\":\"https:\\\/\\\/hghpeptideslab.com\\\/product\\\/cjc-1295-without-dac\\\/\",\"name\":\"CJC-1295 without DAC Peptide | HGH Peptides Lab \u2013 99% Purity\",\"isPartOf\":{\"@id\":\"https:\\\/\\\/hghpeptideslab.com\\\/#website\"},\"primaryImageOfPage\":{\"@id\":\"https:\\\/\\\/hghpeptideslab.com\\\/product\\\/cjc-1295-without-dac\\\/#primaryimage\"},\"image\":{\"@id\":\"https:\\\/\\\/hghpeptideslab.com\\\/product\\\/cjc-1295-without-dac\\\/#primaryimage\"},\"thumbnailUrl\":\"https:\\\/\\\/hghpeptideslab.com\\\/wp-content\\\/uploads\\\/2025\\\/08\\\/cjc-12955mg.jpg\",\"datePublished\":\"2025-08-14T02:58:48+00:00\",\"dateModified\":\"2025-10-21T21:42:18+00:00\",\"description\":\"Order CJC-1295 (no DAC) from a China GMP lab\u201499% purity with HPLC\\\/COA. Factory-direct selling and fast global shipping for flexible GH pulse research.\",\"breadcrumb\":{\"@id\":\"https:\\\/\\\/hghpeptideslab.com\\\/product\\\/cjc-1295-without-dac\\\/#breadcrumb\"},\"inLanguage\":\"sv-SE\",\"potentialAction\":[{\"@type\":\"ReadAction\",\"target\":[\"https:\\\/\\\/hghpeptideslab.com\\\/product\\\/cjc-1295-without-dac\\\/\"]}],\"copyrightNotice\":\"\u00a9 2010\u20132026 HGH Peptides Lab. All Rights Reserved.\"},{\"@type\":\"ImageObject\",\"inLanguage\":\"sv-SE\",\"@id\":\"https:\\\/\\\/hghpeptideslab.com\\\/product\\\/cjc-1295-without-dac\\\/#primaryimage\",\"url\":\"https:\\\/\\\/hghpeptideslab.com\\\/wp-content\\\/uploads\\\/2025\\\/08\\\/cjc-12955mg.jpg\",\"contentUrl\":\"https:\\\/\\\/hghpeptideslab.com\\\/wp-content\\\/uploads\\\/2025\\\/08\\\/cjc-12955mg.jpg\",\"width\":800,\"height\":800,\"caption\":\"5 mg per vial \u2022 lyophilized powder\"},{\"@type\":\"BreadcrumbList\",\"@id\":\"https:\\\/\\\/hghpeptideslab.com\\\/product\\\/cjc-1295-without-dac\\\/#breadcrumb\",\"itemListElement\":[{\"@type\":\"ListItem\",\"position\":1,\"name\":\"Home\",\"item\":\"https:\\\/\\\/hghpeptideslab.com\\\/\"},{\"@type\":\"ListItem\",\"position\":2,\"name\":\"Shop\",\"item\":\"https:\\\/\\\/hghpeptideslab.com\\\/shop\\\/\"},{\"@type\":\"ListItem\",\"position\":3,\"name\":\"CJC-1295 Without DAC Peptide\"}]},{\"@type\":\"WebSite\",\"@id\":\"https:\\\/\\\/hghpeptideslab.com\\\/#website\",\"url\":\"https:\\\/\\\/hghpeptideslab.com\\\/\",\"name\":\"HGH Peptides Lab\",\"description\":\"Premium Peptides &amp; HGH Shop\",\"publisher\":{\"@id\":\"https:\\\/\\\/hghpeptideslab.com\\\/#organization\"},\"potentialAction\":[{\"@type\":\"SearchAction\",\"target\":{\"@type\":\"EntryPoint\",\"urlTemplate\":\"https:\\\/\\\/hghpeptideslab.com\\\/?s={search_term_string}\"},\"query-input\":{\"@type\":\"PropertyValueSpecification\",\"valueRequired\":true,\"valueName\":\"search_term_string\"}}],\"inLanguage\":\"sv-SE\"},{\"@type\":\"Organization\",\"@id\":\"https:\\\/\\\/hghpeptideslab.com\\\/#organization\",\"name\":\"HGH Peptides Lab\",\"url\":\"https:\\\/\\\/hghpeptideslab.com\\\/sv\\\/\",\"logo\":{\"@type\":\"ImageObject\",\"url\":\"https:\\\/\\\/hghpeptideslab.com\\\/wp-content\\\/uploads\\\/2025\\\/07\\\/HGHPEPTIDESLAB-Logo.png\"},\"image\":{\"@id\":\"https:\\\/\\\/hghpeptideslab.com\\\/#\\\/schema\\\/logo\\\/image\\\/\"},\"foundingDate\":\"2010\",\"contactPoint\":[{\"@type\":\"ContactPoint\",\"contactType\":\"customer support\",\"telephone\":\"+85247559641\",\"email\":\"CYGGL2025@gmail.com\",\"availableLanguage\":[\"en\"]}]}]}<\/script>\n<!-- \/ Yoast SEO Premium plugin. -->","yoast_head_json":{"title":"CJC-1295 utan DAC Peptide | HGH Peptides Lab - 99% Purity","description":"Best\u00e4ll CJC-1295 (ingen DAC) fr\u00e5n ett labb i Kina med GMP-99% purity och HPLC\/COA. Fabriksdirektf\u00f6rs\u00e4ljning och snabb global frakt f\u00f6r flexibel GH-pulsforskning.","robots":{"index":"index","follow":"follow","max-snippet":"max-snippet:-1","max-image-preview":"max-image-preview:large","max-video-preview":"max-video-preview:-1"},"canonical":"https:\/\/hghpeptideslab.com\/sv\/product\/cjc-1295-without-dac\/","og_locale":"sv_SE","og_type":"article","og_title":"CJC-1295 Without DAC Peptide","og_description":"Order CJC-1295 (no DAC) from a China GMP lab\u201499% purity with HPLC\/COA. Factory-direct selling and fast global shipping for flexible GH pulse research.","og_url":"https:\/\/hghpeptideslab.com\/sv\/product\/cjc-1295-without-dac\/","og_site_name":"HGH Peptides Lab","article_modified_time":"2025-10-21T21:42:18+00:00","og_image":[{"width":800,"height":800,"url":"https:\/\/hghpeptideslab.com\/wp-content\/uploads\/2025\/08\/cjc-12955mg.jpg","type":"image\/jpeg"}],"twitter_card":"summary_large_image","twitter_misc":{"Ber\u00e4knad l\u00e4stid":"1 minut"},"schema":{"@context":"https:\/\/schema.org","@graph":[{"@type":"WebPage","@id":"https:\/\/hghpeptideslab.com\/product\/cjc-1295-without-dac\/","url":"https:\/\/hghpeptideslab.com\/product\/cjc-1295-without-dac\/","name":"CJC-1295 utan DAC Peptide | HGH Peptides Lab - 99% Purity","isPartOf":{"@id":"https:\/\/hghpeptideslab.com\/#website"},"primaryImageOfPage":{"@id":"https:\/\/hghpeptideslab.com\/product\/cjc-1295-without-dac\/#primaryimage"},"image":{"@id":"https:\/\/hghpeptideslab.com\/product\/cjc-1295-without-dac\/#primaryimage"},"thumbnailUrl":"https:\/\/hghpeptideslab.com\/wp-content\/uploads\/2025\/08\/cjc-12955mg.jpg","datePublished":"2025-08-14T02:58:48+00:00","dateModified":"2025-10-21T21:42:18+00:00","description":"Best\u00e4ll CJC-1295 (ingen DAC) fr\u00e5n ett labb i Kina med GMP-99% purity och HPLC\/COA. Fabriksdirektf\u00f6rs\u00e4ljning och snabb global frakt f\u00f6r flexibel GH-pulsforskning.","breadcrumb":{"@id":"https:\/\/hghpeptideslab.com\/product\/cjc-1295-without-dac\/#breadcrumb"},"inLanguage":"sv-SE","potentialAction":[{"@type":"ReadAction","target":["https:\/\/hghpeptideslab.com\/product\/cjc-1295-without-dac\/"]}],"copyrightNotice":"\u00a9 2010\u20132026 HGH Peptides Lab. All Rights Reserved."},{"@type":"ImageObject","inLanguage":"sv-SE","@id":"https:\/\/hghpeptideslab.com\/product\/cjc-1295-without-dac\/#primaryimage","url":"https:\/\/hghpeptideslab.com\/wp-content\/uploads\/2025\/08\/cjc-12955mg.jpg","contentUrl":"https:\/\/hghpeptideslab.com\/wp-content\/uploads\/2025\/08\/cjc-12955mg.jpg","width":800,"height":800,"caption":"5 mg per vial \u2022 lyophilized powder"},{"@type":"BreadcrumbList","@id":"https:\/\/hghpeptideslab.com\/product\/cjc-1295-without-dac\/#breadcrumb","itemListElement":[{"@type":"ListItem","position":1,"name":"Home","item":"https:\/\/hghpeptideslab.com\/"},{"@type":"ListItem","position":2,"name":"Shop","item":"https:\/\/hghpeptideslab.com\/shop\/"},{"@type":"ListItem","position":3,"name":"CJC-1295 Without DAC Peptide"}]},{"@type":"WebSite","@id":"https:\/\/hghpeptideslab.com\/#website","url":"https:\/\/hghpeptideslab.com\/","name":"HGH Peptides Lab","description":"Premium Peptides &amp; HGH Butik","publisher":{"@id":"https:\/\/hghpeptideslab.com\/#organization"},"potentialAction":[{"@type":"SearchAction","target":{"@type":"EntryPoint","urlTemplate":"https:\/\/hghpeptideslab.com\/?s={search_term_string}"},"query-input":{"@type":"PropertyValueSpecification","valueRequired":true,"valueName":"search_term_string"}}],"inLanguage":"sv-SE"},{"@type":"Organization","@id":"https:\/\/hghpeptideslab.com\/#organization","name":"HGH Peptides Lab","url":"https:\/\/hghpeptideslab.com\/sv\/","logo":{"@type":"ImageObject","url":"https:\/\/hghpeptideslab.com\/wp-content\/uploads\/2025\/07\/HGHPEPTIDESLAB-Logo.png"},"image":{"@id":"https:\/\/hghpeptideslab.com\/#\/schema\/logo\/image\/"},"foundingDate":"2010","contactPoint":[{"@type":"ContactPoint","contactType":"customer support","telephone":"+85247559641","email":"CYGGL2025@gmail.com","availableLanguage":["en"]}]}]}},"_links":{"self":[{"href":"https:\/\/hghpeptideslab.com\/sv\/wp-json\/wp\/v2\/product\/8831","targetHints":{"allow":["GET"]}}],"collection":[{"href":"https:\/\/hghpeptideslab.com\/sv\/wp-json\/wp\/v2\/product"}],"about":[{"href":"https:\/\/hghpeptideslab.com\/sv\/wp-json\/wp\/v2\/types\/product"}],"replies":[{"embeddable":true,"href":"https:\/\/hghpeptideslab.com\/sv\/wp-json\/wp\/v2\/comments?post=8831"}],"wp:featuredmedia":[{"embeddable":true,"href":"https:\/\/hghpeptideslab.com\/sv\/wp-json\/wp\/v2\/media\/8826"}],"wp:attachment":[{"href":"https:\/\/hghpeptideslab.com\/sv\/wp-json\/wp\/v2\/media?parent=8831"}],"wp:term":[{"taxonomy":"product_cat","embeddable":true,"href":"https:\/\/hghpeptideslab.com\/sv\/wp-json\/wp\/v2\/product_cat?post=8831"},{"taxonomy":"product_tag","embeddable":true,"href":"https:\/\/hghpeptideslab.com\/sv\/wp-json\/wp\/v2\/product_tag?post=8831"}],"curies":[{"name":"wp","href":"https:\/\/api.w.org\/{rel}","templated":true}]}}