{"id":8841,"date":"2025-08-14T16:14:21","date_gmt":"2025-08-14T16:14:21","guid":{"rendered":"https:\/\/hghpeptideslab.com\/?post_type=product&#038;p=8841"},"modified":"2026-01-16T19:02:19","modified_gmt":"2026-01-16T19:02:19","slug":"cjc-1295-with-dac","status":"publish","type":"product","link":"https:\/\/hghpeptideslab.com\/sv\/product\/cjc-1295-with-dac\/","title":{"rendered":"CJC-1295 With DAC Peptide"},"content":{"rendered":"<h3>\u00d6versikt<\/h3>\n<p>CJC-1295 With DAC \u00e4r en GHRH-analog (growth hormone-releasing hormone) som har utvecklats med ett Drug Affinity Complex (DAC) f\u00f6r ut\u00f6kad aktivitet i forskningsmodeller.<br \/>\nV\u00e5rt material \u00e4r <strong>GMP-tillverkad<\/strong> (r\u00e5material av farmaceutisk kvalitet) med <strong>99%+ renhet<\/strong>.<br \/>\nHPLC\/COA finns tillg\u00e4nglig p\u00e5 beg\u00e4ran.<\/p>\n<h3>Viktiga funktioner<\/h3>\n<ul>\n<li>Tillg\u00e4ngliga styrkor: <strong>2 mg<\/strong> &amp; <strong>5 mg<\/strong> per vial<\/li>\n<li>Kit storlek: <strong>10 vials\/Kit<\/strong><\/li>\n<li>White lyophilized powder f\u00f6r flexibla forskningsprotokoll<\/li>\n<li>HPLC\/COA dokumentation p\u00e5 beg\u00e4ran<\/li>\n<\/ul>\n<h3>Typiska forskningsinriktningar<\/h3>\n<ul>\n<li>Modulering av GH\/IGF-1-axeln och endokrin forskning<\/li>\n<li>Modeller f\u00f6r \u00e5terh\u00e4mtningsst\u00f6d och anpassning till tr\u00e4ning<\/li>\n<li>Unders\u00f6kningar av kroppssammans\u00e4ttning och lipidmetabolism<\/li>\n<li>Bed\u00f6mningar av s\u00f6mnkvalitet och h\u00e4lsosamt \u00e5ldrande<\/li>\n<\/ul>\n<h3>Lagring &amp; stabilitet<\/h3>\n<ul>\n<li>F\u00f6rvaras f\u00f6rseglade i <strong>2-8 \u00b0C<\/strong>, skyddad mot ljus och fukt<\/li>\n<li>Rekonstituerade l\u00f6sningar rekommenderas att anv\u00e4ndas omedelbart under l\u00e4mpliga laboratorief\u00f6rh\u00e5llanden<\/li>\n<\/ul>\n<h3>Anteckningar<\/h3>\n<ul>\n<li>Tillverkad i <strong>GMP-kompatibel<\/strong> anl\u00e4ggningar<\/li>\n<li>HPLC\/COA tillg\u00e4nglig p\u00e5 beg\u00e4ran<\/li>\n<\/ul>","protected":false},"excerpt":{"rendered":"<p><strong>Namn:<\/strong> 99% Purity CJC-1295 With DAC peptid<br \/>\n<strong>Funktion:<\/strong> Fris\u00e4ttning av tillv\u00e4xthormon; st\u00f6d f\u00f6r \u00e5terh\u00e4mtning och anti-aging<br \/>\n<strong>Specifikation:<\/strong> 2 mg &amp; 5 mg per vial; 10 vials\/kit<br \/>\n<strong>CAS:<\/strong> 446262-90-4<br \/>\n<strong>Utseende:<\/strong> White lyophilized powder<\/p>","protected":false},"featured_media":8836,"comment_status":"open","ping_status":"closed","template":"","meta":[],"product_cat":[59],"product_tag":[162,124,161,160],"class_list":{"0":"post-8841","1":"product","2":"type-product","3":"status-publish","4":"has-post-thumbnail","6":"product_brand-dp-hghpeptides","7":"product_brand-hgh-peptides-lab","8":"product_cat-nootropic-peptides-anti-aging","9":"product_tag-anti-aging-longevity-peptides","10":"product_tag-cjc-1295-dac","11":"product_tag-fat-loss-metabolism-peptides","12":"product_tag-muscle-growth-performance-peptides","14":"first","15":"instock","16":"featured","17":"shipping-taxable","18":"purchasable","19":"product-type-variable","20":"has-default-attributes"},"yoast_head":"<!-- This site is optimized with the Yoast SEO Premium plugin v27.3 (Yoast SEO v27.3) - https:\/\/yoast.com\/product\/yoast-seo-premium-wordpress\/ -->\n<title>CJC-1295 with DAC Peptide | HGH Peptides Lab \u2013 Trusted Supplier<\/title>\n<meta name=\"description\" content=\"Buy CJC-1295 DAC from a China-based GMP lab. 99% purity, HPLC\/COA available. Factory-direct selling and worldwide shipping for long-acting GH release support.\" \/>\n<meta name=\"robots\" content=\"index, follow, max-snippet:-1, max-image-preview:large, max-video-preview:-1\" \/>\n<link rel=\"canonical\" href=\"https:\/\/hghpeptideslab.com\/sv\/product\/cjc-1295-with-dac\/\" \/>\n<meta property=\"og:locale\" content=\"sv_SE\" \/>\n<meta property=\"og:type\" content=\"article\" \/>\n<meta property=\"og:title\" content=\"CJC-1295 With DAC Peptide\" \/>\n<meta property=\"og:description\" content=\"Buy CJC-1295 DAC from a China-based GMP lab. 99% purity, HPLC\/COA available. Factory-direct selling and worldwide shipping for long-acting GH release support.\" \/>\n<meta property=\"og:url\" content=\"https:\/\/hghpeptideslab.com\/sv\/product\/cjc-1295-with-dac\/\" \/>\n<meta property=\"og:site_name\" content=\"HGH Peptides Lab\" \/>\n<meta property=\"article:modified_time\" content=\"2026-01-16T19:02:19+00:00\" \/>\n<meta property=\"og:image\" content=\"https:\/\/hghpeptideslab.com\/wp-content\/uploads\/2025\/08\/cjc-1295-dac2mg.jpg\" \/>\n\t<meta property=\"og:image:width\" content=\"800\" \/>\n\t<meta property=\"og:image:height\" content=\"800\" \/>\n\t<meta property=\"og:image:type\" content=\"image\/jpeg\" \/>\n<meta name=\"twitter:card\" content=\"summary_large_image\" \/>\n<meta name=\"twitter:label1\" content=\"Ber\u00e4knad l\u00e4stid\" \/>\n\t<meta name=\"twitter:data1\" content=\"1 minut\" \/>\n<script type=\"application\/ld+json\" class=\"yoast-schema-graph\">{\"@context\":\"https:\\\/\\\/schema.org\",\"@graph\":[{\"@type\":\"WebPage\",\"@id\":\"https:\\\/\\\/hghpeptideslab.com\\\/product\\\/cjc-1295-with-dac\\\/\",\"url\":\"https:\\\/\\\/hghpeptideslab.com\\\/product\\\/cjc-1295-with-dac\\\/\",\"name\":\"CJC-1295 with DAC Peptide | HGH Peptides Lab \u2013 Trusted Supplier\",\"isPartOf\":{\"@id\":\"https:\\\/\\\/hghpeptideslab.com\\\/#website\"},\"primaryImageOfPage\":{\"@id\":\"https:\\\/\\\/hghpeptideslab.com\\\/product\\\/cjc-1295-with-dac\\\/#primaryimage\"},\"image\":{\"@id\":\"https:\\\/\\\/hghpeptideslab.com\\\/product\\\/cjc-1295-with-dac\\\/#primaryimage\"},\"thumbnailUrl\":\"https:\\\/\\\/hghpeptideslab.com\\\/wp-content\\\/uploads\\\/2025\\\/08\\\/cjc-1295-dac2mg.jpg\",\"datePublished\":\"2025-08-14T16:14:21+00:00\",\"dateModified\":\"2026-01-16T19:02:19+00:00\",\"description\":\"Buy CJC-1295 DAC from a China-based GMP lab. 99% purity, HPLC\\\/COA available. Factory-direct selling and worldwide shipping for long-acting GH release support.\",\"breadcrumb\":{\"@id\":\"https:\\\/\\\/hghpeptideslab.com\\\/product\\\/cjc-1295-with-dac\\\/#breadcrumb\"},\"inLanguage\":\"sv-SE\",\"potentialAction\":[{\"@type\":\"ReadAction\",\"target\":[\"https:\\\/\\\/hghpeptideslab.com\\\/product\\\/cjc-1295-with-dac\\\/\"]}],\"copyrightNotice\":\"\u00a9 2010\u20132026 HGH Peptides Lab. All Rights Reserved.\"},{\"@type\":\"ImageObject\",\"inLanguage\":\"sv-SE\",\"@id\":\"https:\\\/\\\/hghpeptideslab.com\\\/product\\\/cjc-1295-with-dac\\\/#primaryimage\",\"url\":\"https:\\\/\\\/hghpeptideslab.com\\\/wp-content\\\/uploads\\\/2025\\\/08\\\/cjc-1295-dac2mg.jpg\",\"contentUrl\":\"https:\\\/\\\/hghpeptideslab.com\\\/wp-content\\\/uploads\\\/2025\\\/08\\\/cjc-1295-dac2mg.jpg\",\"width\":800,\"height\":800,\"caption\":\"2 mg per vial \u2022 10 vials per kit\"},{\"@type\":\"BreadcrumbList\",\"@id\":\"https:\\\/\\\/hghpeptideslab.com\\\/product\\\/cjc-1295-with-dac\\\/#breadcrumb\",\"itemListElement\":[{\"@type\":\"ListItem\",\"position\":1,\"name\":\"Home\",\"item\":\"https:\\\/\\\/hghpeptideslab.com\\\/\"},{\"@type\":\"ListItem\",\"position\":2,\"name\":\"Shop\",\"item\":\"https:\\\/\\\/hghpeptideslab.com\\\/shop\\\/\"},{\"@type\":\"ListItem\",\"position\":3,\"name\":\"CJC-1295 With DAC Peptide\"}]},{\"@type\":\"WebSite\",\"@id\":\"https:\\\/\\\/hghpeptideslab.com\\\/#website\",\"url\":\"https:\\\/\\\/hghpeptideslab.com\\\/\",\"name\":\"HGH Peptides Lab\",\"description\":\"Premium Peptides &amp; HGH Shop\",\"publisher\":{\"@id\":\"https:\\\/\\\/hghpeptideslab.com\\\/#organization\"},\"potentialAction\":[{\"@type\":\"SearchAction\",\"target\":{\"@type\":\"EntryPoint\",\"urlTemplate\":\"https:\\\/\\\/hghpeptideslab.com\\\/?s={search_term_string}\"},\"query-input\":{\"@type\":\"PropertyValueSpecification\",\"valueRequired\":true,\"valueName\":\"search_term_string\"}}],\"inLanguage\":\"sv-SE\"},{\"@type\":\"Organization\",\"@id\":\"https:\\\/\\\/hghpeptideslab.com\\\/#organization\",\"name\":\"HGH Peptides Lab\",\"url\":\"https:\\\/\\\/hghpeptideslab.com\\\/sv\\\/\",\"logo\":{\"@type\":\"ImageObject\",\"url\":\"https:\\\/\\\/hghpeptideslab.com\\\/wp-content\\\/uploads\\\/2025\\\/07\\\/HGHPEPTIDESLAB-Logo.png\"},\"image\":{\"@id\":\"https:\\\/\\\/hghpeptideslab.com\\\/#\\\/schema\\\/logo\\\/image\\\/\"},\"foundingDate\":\"2010\",\"contactPoint\":[{\"@type\":\"ContactPoint\",\"contactType\":\"customer support\",\"telephone\":\"+85247559641\",\"email\":\"CYGGL2025@gmail.com\",\"availableLanguage\":[\"en\"]}]}]}<\/script>\n<!-- \/ Yoast SEO Premium plugin. -->","yoast_head_json":{"title":"CJC-1295 med DAC Peptide | HGH Peptides Lab - Betrodd leverant\u00f6r","description":"K\u00f6p CJC-1295 DAC fr\u00e5n ett Kina-baserat GMP-labb. 99% purity, HPLC \/ COA tillg\u00e4nglig. Fabriksdirekt f\u00f6rs\u00e4ljning och v\u00e4rldsomsp\u00e4nnande frakt f\u00f6r l\u00e5ngverkande GH-fris\u00e4ttningsst\u00f6d.","robots":{"index":"index","follow":"follow","max-snippet":"max-snippet:-1","max-image-preview":"max-image-preview:large","max-video-preview":"max-video-preview:-1"},"canonical":"https:\/\/hghpeptideslab.com\/sv\/product\/cjc-1295-with-dac\/","og_locale":"sv_SE","og_type":"article","og_title":"CJC-1295 With DAC Peptide","og_description":"Buy CJC-1295 DAC from a China-based GMP lab. 99% purity, HPLC\/COA available. Factory-direct selling and worldwide shipping for long-acting GH release support.","og_url":"https:\/\/hghpeptideslab.com\/sv\/product\/cjc-1295-with-dac\/","og_site_name":"HGH Peptides Lab","article_modified_time":"2026-01-16T19:02:19+00:00","og_image":[{"width":800,"height":800,"url":"https:\/\/hghpeptideslab.com\/wp-content\/uploads\/2025\/08\/cjc-1295-dac2mg.jpg","type":"image\/jpeg"}],"twitter_card":"summary_large_image","twitter_misc":{"Ber\u00e4knad l\u00e4stid":"1 minut"},"schema":{"@context":"https:\/\/schema.org","@graph":[{"@type":"WebPage","@id":"https:\/\/hghpeptideslab.com\/product\/cjc-1295-with-dac\/","url":"https:\/\/hghpeptideslab.com\/product\/cjc-1295-with-dac\/","name":"CJC-1295 med DAC Peptide | HGH Peptides Lab - Betrodd leverant\u00f6r","isPartOf":{"@id":"https:\/\/hghpeptideslab.com\/#website"},"primaryImageOfPage":{"@id":"https:\/\/hghpeptideslab.com\/product\/cjc-1295-with-dac\/#primaryimage"},"image":{"@id":"https:\/\/hghpeptideslab.com\/product\/cjc-1295-with-dac\/#primaryimage"},"thumbnailUrl":"https:\/\/hghpeptideslab.com\/wp-content\/uploads\/2025\/08\/cjc-1295-dac2mg.jpg","datePublished":"2025-08-14T16:14:21+00:00","dateModified":"2026-01-16T19:02:19+00:00","description":"K\u00f6p CJC-1295 DAC fr\u00e5n ett Kina-baserat GMP-labb. 99% purity, HPLC \/ COA tillg\u00e4nglig. Fabriksdirekt f\u00f6rs\u00e4ljning och v\u00e4rldsomsp\u00e4nnande frakt f\u00f6r l\u00e5ngverkande GH-fris\u00e4ttningsst\u00f6d.","breadcrumb":{"@id":"https:\/\/hghpeptideslab.com\/product\/cjc-1295-with-dac\/#breadcrumb"},"inLanguage":"sv-SE","potentialAction":[{"@type":"ReadAction","target":["https:\/\/hghpeptideslab.com\/product\/cjc-1295-with-dac\/"]}],"copyrightNotice":"\u00a9 2010\u20132026 HGH Peptides Lab. All Rights Reserved."},{"@type":"ImageObject","inLanguage":"sv-SE","@id":"https:\/\/hghpeptideslab.com\/product\/cjc-1295-with-dac\/#primaryimage","url":"https:\/\/hghpeptideslab.com\/wp-content\/uploads\/2025\/08\/cjc-1295-dac2mg.jpg","contentUrl":"https:\/\/hghpeptideslab.com\/wp-content\/uploads\/2025\/08\/cjc-1295-dac2mg.jpg","width":800,"height":800,"caption":"2 mg per vial \u2022 10 vials per kit"},{"@type":"BreadcrumbList","@id":"https:\/\/hghpeptideslab.com\/product\/cjc-1295-with-dac\/#breadcrumb","itemListElement":[{"@type":"ListItem","position":1,"name":"Home","item":"https:\/\/hghpeptideslab.com\/"},{"@type":"ListItem","position":2,"name":"Shop","item":"https:\/\/hghpeptideslab.com\/shop\/"},{"@type":"ListItem","position":3,"name":"CJC-1295 With DAC Peptide"}]},{"@type":"WebSite","@id":"https:\/\/hghpeptideslab.com\/#website","url":"https:\/\/hghpeptideslab.com\/","name":"HGH Peptides Lab","description":"Premium Peptides &amp; HGH Butik","publisher":{"@id":"https:\/\/hghpeptideslab.com\/#organization"},"potentialAction":[{"@type":"SearchAction","target":{"@type":"EntryPoint","urlTemplate":"https:\/\/hghpeptideslab.com\/?s={search_term_string}"},"query-input":{"@type":"PropertyValueSpecification","valueRequired":true,"valueName":"search_term_string"}}],"inLanguage":"sv-SE"},{"@type":"Organization","@id":"https:\/\/hghpeptideslab.com\/#organization","name":"HGH Peptides Lab","url":"https:\/\/hghpeptideslab.com\/sv\/","logo":{"@type":"ImageObject","url":"https:\/\/hghpeptideslab.com\/wp-content\/uploads\/2025\/07\/HGHPEPTIDESLAB-Logo.png"},"image":{"@id":"https:\/\/hghpeptideslab.com\/#\/schema\/logo\/image\/"},"foundingDate":"2010","contactPoint":[{"@type":"ContactPoint","contactType":"customer support","telephone":"+85247559641","email":"CYGGL2025@gmail.com","availableLanguage":["en"]}]}]}},"_links":{"self":[{"href":"https:\/\/hghpeptideslab.com\/sv\/wp-json\/wp\/v2\/product\/8841","targetHints":{"allow":["GET"]}}],"collection":[{"href":"https:\/\/hghpeptideslab.com\/sv\/wp-json\/wp\/v2\/product"}],"about":[{"href":"https:\/\/hghpeptideslab.com\/sv\/wp-json\/wp\/v2\/types\/product"}],"replies":[{"embeddable":true,"href":"https:\/\/hghpeptideslab.com\/sv\/wp-json\/wp\/v2\/comments?post=8841"}],"wp:featuredmedia":[{"embeddable":true,"href":"https:\/\/hghpeptideslab.com\/sv\/wp-json\/wp\/v2\/media\/8836"}],"wp:attachment":[{"href":"https:\/\/hghpeptideslab.com\/sv\/wp-json\/wp\/v2\/media?parent=8841"}],"wp:term":[{"taxonomy":"product_cat","embeddable":true,"href":"https:\/\/hghpeptideslab.com\/sv\/wp-json\/wp\/v2\/product_cat?post=8841"},{"taxonomy":"product_tag","embeddable":true,"href":"https:\/\/hghpeptideslab.com\/sv\/wp-json\/wp\/v2\/product_tag?post=8841"}],"curies":[{"name":"wp","href":"https:\/\/api.w.org\/{rel}","templated":true}]}}