{"id":9109,"date":"2025-08-16T21:18:14","date_gmt":"2025-08-16T21:18:14","guid":{"rendered":"https:\/\/hghpeptideslab.com\/?post_type=product&#038;p=9109"},"modified":"2025-10-22T20:31:19","modified_gmt":"2025-10-22T20:31:19","slug":"mots-c","status":"publish","type":"product","link":"https:\/\/hghpeptideslab.com\/sv\/product\/mots-c\/","title":{"rendered":"MOTS-C Peptide"},"content":{"rendered":"<h3>\u00d6versikt<\/h3>\n<p>MOTS-C \u00e4r en peptid som h\u00e4rr\u00f6r fr\u00e5n mitokondrier och som ofta refereras till i studier av metabolisk homeostas,<br \/>\nstressanpassning och insulink\u00e4nslighet. V\u00e5rt material \u00e4r <strong>GMP-tillverkad<\/strong><br \/>\nfarmaceutisk kvalitet med <strong>99%+ renhet<\/strong>. Dokumentation f\u00f6r HPLC\/COA kan erh\u00e5llas p\u00e5 beg\u00e4ran.<\/p>\n<h3>Viktiga funktioner<\/h3>\n<ul>\n<li>Styrkor: <strong>5 mg<\/strong> &amp; <strong>10 mg<\/strong> per vial<\/li>\n<li>Kit storlek: <strong>10 vials\/kit<\/strong><\/li>\n<li>Konsekvent lotkvalitet f\u00f6r reproducerbara mitokondriella och metaboliska studier<\/li>\n<li>Dokumentation: HPLC kromatogram \/ COA tillg\u00e4nglig p\u00e5 beg\u00e4ran<\/li>\n<\/ul>\n<h3>Typiska forskningsinriktningar<\/h3>\n<ul>\n<li>Mitokondriell signalering och modeller f\u00f6r cellul\u00e4ra stressresponser<\/li>\n<li>Glukoshantering och insulink\u00e4nslighet<\/li>\n<li>Ramverk f\u00f6r \u00e4mnesoms\u00e4ttning, fettans\u00e4ttning och energibalans<\/li>\n<li>Mekanismer f\u00f6r h\u00e4lsosamt \u00e5ldrande och l\u00e5ng livsl\u00e4ngd<\/li>\n<\/ul>\n<h3>Lagring &amp; stabilitet<\/h3>\n<ul>\n<li>F\u00f6rvaras f\u00f6rseglade i <strong>2-8 \u00b0C<\/strong>, skyddad mot ljus och fukt<\/li>\n<li>Anv\u00e4nd rekonstituerade l\u00f6sningar omedelbart under l\u00e4mpliga laboratorief\u00f6rh\u00e5llanden<\/li>\n<\/ul>\n<h3>Anteckningar<\/h3>\n<ul>\n<li>Tillverkad i <strong>GMP-kompatibel<\/strong> anl\u00e4ggningar<\/li>\n<li>HPLC\/COA tillg\u00e4nglig p\u00e5 beg\u00e4ran<\/li>\n<li>Endast f\u00f6r laboratorieforskning. Produkterna \u00e4r inte m\u00e4rkta f\u00f6r medicinsk anv\u00e4ndning.<\/li>\n<\/ul>","protected":false},"excerpt":{"rendered":"<p><strong>Namn:<\/strong> 99% Purity MOTS-C peptidpulver<br \/>\n<strong>Funktion:<\/strong> Mitokondriell signalering; forskning om metabolisk homeostas och insulink\u00e4nslighet<br \/>\n<strong>Specifikation:<\/strong> 5 mg &amp; 10 mg per vial; 10 vials\/kit<br \/>\n<strong>CAS:<\/strong> 1387871-81-7<br \/>\n<strong>Utseende:<\/strong> White lyophilized powder<\/p>","protected":false},"featured_media":9106,"comment_status":"open","ping_status":"closed","template":"","meta":[],"product_cat":[59,46],"product_tag":[162,161,129],"class_list":{"0":"post-9109","1":"product","2":"type-product","3":"status-publish","4":"has-post-thumbnail","6":"product_brand-dp-hghpeptides","7":"product_brand-hgh-peptides-lab","8":"product_cat-nootropic-peptides-anti-aging","9":"product_cat-peptides-for-weight-loss","10":"product_tag-anti-aging-longevity-peptides","11":"product_tag-fat-loss-metabolism-peptides","12":"product_tag-mots-c","14":"first","15":"instock","16":"featured","17":"shipping-taxable","18":"purchasable","19":"product-type-variable","20":"has-default-attributes"},"yoast_head":"<!-- This site is optimized with the Yoast SEO Premium plugin v27.5 (Yoast SEO v27.5) - https:\/\/yoast.com\/product\/yoast-seo-premium-wordpress\/ -->\n<title>MOTS-C Peptide for Energy &amp; Metabolic Support | HGH Peptides Lab \u2013 GMP-Manufactured<\/title>\n<meta name=\"description\" content=\"Buy MOTS-C from a China-based GMP lab. 99% purity with HPLC\/COA, factory-direct selling and worldwide shipping for mitochondrial energy and metabolic support.\" \/>\n<meta name=\"robots\" content=\"index, follow, max-snippet:-1, max-image-preview:large, max-video-preview:-1\" \/>\n<link rel=\"canonical\" href=\"https:\/\/hghpeptideslab.com\/sv\/product\/mots-c\/\" \/>\n<meta property=\"og:locale\" content=\"sv_SE\" \/>\n<meta property=\"og:type\" content=\"article\" \/>\n<meta property=\"og:title\" content=\"MOTS-C Peptide\" \/>\n<meta property=\"og:description\" content=\"Buy MOTS-C from a China-based GMP lab. 99% purity with HPLC\/COA, factory-direct selling and worldwide shipping for mitochondrial energy and metabolic support.\" \/>\n<meta property=\"og:url\" content=\"https:\/\/hghpeptideslab.com\/sv\/product\/mots-c\/\" \/>\n<meta property=\"og:site_name\" content=\"HGH Peptides Lab\" \/>\n<meta property=\"article:modified_time\" content=\"2025-10-22T20:31:19+00:00\" \/>\n<meta property=\"og:image\" content=\"https:\/\/hghpeptideslab.com\/wp-content\/uploads\/2025\/08\/mots-c10mg.jpg\" \/>\n\t<meta property=\"og:image:width\" content=\"800\" \/>\n\t<meta property=\"og:image:height\" content=\"800\" \/>\n\t<meta property=\"og:image:type\" content=\"image\/jpeg\" \/>\n<meta name=\"twitter:card\" content=\"summary_large_image\" \/>\n<meta name=\"twitter:label1\" content=\"Ber\u00e4knad l\u00e4stid\" \/>\n\t<meta name=\"twitter:data1\" content=\"1 minut\" \/>\n<script type=\"application\/ld+json\" class=\"yoast-schema-graph\">{\"@context\":\"https:\\\/\\\/schema.org\",\"@graph\":[{\"@type\":\"WebPage\",\"@id\":\"https:\\\/\\\/hghpeptideslab.com\\\/product\\\/mots-c\\\/\",\"url\":\"https:\\\/\\\/hghpeptideslab.com\\\/product\\\/mots-c\\\/\",\"name\":\"MOTS-C Peptide for Energy & Metabolic Support | HGH Peptides Lab \u2013 GMP-Manufactured\",\"isPartOf\":{\"@id\":\"https:\\\/\\\/hghpeptideslab.com\\\/#website\"},\"primaryImageOfPage\":{\"@id\":\"https:\\\/\\\/hghpeptideslab.com\\\/product\\\/mots-c\\\/#primaryimage\"},\"image\":{\"@id\":\"https:\\\/\\\/hghpeptideslab.com\\\/product\\\/mots-c\\\/#primaryimage\"},\"thumbnailUrl\":\"https:\\\/\\\/hghpeptideslab.com\\\/wp-content\\\/uploads\\\/2025\\\/08\\\/mots-c10mg.jpg\",\"datePublished\":\"2025-08-16T21:18:14+00:00\",\"dateModified\":\"2025-10-22T20:31:19+00:00\",\"description\":\"Buy MOTS-C from a China-based GMP lab. 99% purity with HPLC\\\/COA, factory-direct selling and worldwide shipping for mitochondrial energy and metabolic support.\",\"breadcrumb\":{\"@id\":\"https:\\\/\\\/hghpeptideslab.com\\\/product\\\/mots-c\\\/#breadcrumb\"},\"inLanguage\":\"sv-SE\",\"potentialAction\":[{\"@type\":\"ReadAction\",\"target\":[\"https:\\\/\\\/hghpeptideslab.com\\\/product\\\/mots-c\\\/\"]}],\"copyrightNotice\":\"\u00a9 2010\u20132026 HGH Peptides Lab. All Rights Reserved.\"},{\"@type\":\"ImageObject\",\"inLanguage\":\"sv-SE\",\"@id\":\"https:\\\/\\\/hghpeptideslab.com\\\/product\\\/mots-c\\\/#primaryimage\",\"url\":\"https:\\\/\\\/hghpeptideslab.com\\\/wp-content\\\/uploads\\\/2025\\\/08\\\/mots-c10mg.jpg\",\"contentUrl\":\"https:\\\/\\\/hghpeptideslab.com\\\/wp-content\\\/uploads\\\/2025\\\/08\\\/mots-c10mg.jpg\",\"width\":800,\"height\":800,\"caption\":\"10mg MOTS-C lyophilized powder (research use only)\"},{\"@type\":\"BreadcrumbList\",\"@id\":\"https:\\\/\\\/hghpeptideslab.com\\\/product\\\/mots-c\\\/#breadcrumb\",\"itemListElement\":[{\"@type\":\"ListItem\",\"position\":1,\"name\":\"Home\",\"item\":\"https:\\\/\\\/hghpeptideslab.com\\\/\"},{\"@type\":\"ListItem\",\"position\":2,\"name\":\"Shop\",\"item\":\"https:\\\/\\\/hghpeptideslab.com\\\/shop\\\/\"},{\"@type\":\"ListItem\",\"position\":3,\"name\":\"MOTS-C Peptide\"}]},{\"@type\":\"WebSite\",\"@id\":\"https:\\\/\\\/hghpeptideslab.com\\\/#website\",\"url\":\"https:\\\/\\\/hghpeptideslab.com\\\/\",\"name\":\"HGH Peptides Lab\",\"description\":\"Premium Peptides &amp; HGH Shop\",\"publisher\":{\"@id\":\"https:\\\/\\\/hghpeptideslab.com\\\/#organization\"},\"potentialAction\":[{\"@type\":\"SearchAction\",\"target\":{\"@type\":\"EntryPoint\",\"urlTemplate\":\"https:\\\/\\\/hghpeptideslab.com\\\/?s={search_term_string}\"},\"query-input\":{\"@type\":\"PropertyValueSpecification\",\"valueRequired\":true,\"valueName\":\"search_term_string\"}}],\"inLanguage\":\"sv-SE\"},{\"@type\":\"Organization\",\"@id\":\"https:\\\/\\\/hghpeptideslab.com\\\/#organization\",\"name\":\"HGH Peptides Lab\",\"url\":\"https:\\\/\\\/hghpeptideslab.com\\\/sv\\\/\",\"logo\":{\"@type\":\"ImageObject\",\"url\":\"https:\\\/\\\/hghpeptideslab.com\\\/wp-content\\\/uploads\\\/2025\\\/07\\\/HGHPEPTIDESLAB-Logo.png\"},\"image\":{\"@id\":\"https:\\\/\\\/hghpeptideslab.com\\\/#\\\/schema\\\/logo\\\/image\\\/\"},\"foundingDate\":\"2010\",\"contactPoint\":[{\"@type\":\"ContactPoint\",\"contactType\":\"customer support\",\"telephone\":\"+85247559641\",\"email\":\"CYGGL2025@gmail.com\",\"availableLanguage\":[\"en\"]}]}]}<\/script>\n<!-- \/ Yoast SEO Premium plugin. -->","yoast_head_json":{"title":"MOTS-C Peptide f\u00f6r energi och metaboliskt st\u00f6d | HGH Peptides Lab - GMP-tillverkad","description":"K\u00f6p MOTS-C fr\u00e5n ett Kina-baserat GMP-labb. 99% purity med HPLC\/COA, direktf\u00f6rs\u00e4ljning fr\u00e5n fabrik och frakt \u00f6ver hela v\u00e4rlden f\u00f6r mitokondriell energi och metaboliskt st\u00f6d.","robots":{"index":"index","follow":"follow","max-snippet":"max-snippet:-1","max-image-preview":"max-image-preview:large","max-video-preview":"max-video-preview:-1"},"canonical":"https:\/\/hghpeptideslab.com\/sv\/product\/mots-c\/","og_locale":"sv_SE","og_type":"article","og_title":"MOTS-C Peptide","og_description":"Buy MOTS-C from a China-based GMP lab. 99% purity with HPLC\/COA, factory-direct selling and worldwide shipping for mitochondrial energy and metabolic support.","og_url":"https:\/\/hghpeptideslab.com\/sv\/product\/mots-c\/","og_site_name":"HGH Peptides Lab","article_modified_time":"2025-10-22T20:31:19+00:00","og_image":[{"width":800,"height":800,"url":"https:\/\/hghpeptideslab.com\/wp-content\/uploads\/2025\/08\/mots-c10mg.jpg","type":"image\/jpeg"}],"twitter_card":"summary_large_image","twitter_misc":{"Ber\u00e4knad l\u00e4stid":"1 minut"},"schema":{"@context":"https:\/\/schema.org","@graph":[{"@type":"WebPage","@id":"https:\/\/hghpeptideslab.com\/product\/mots-c\/","url":"https:\/\/hghpeptideslab.com\/product\/mots-c\/","name":"MOTS-C Peptide f\u00f6r energi och metaboliskt st\u00f6d | HGH Peptides Lab - GMP-tillverkad","isPartOf":{"@id":"https:\/\/hghpeptideslab.com\/#website"},"primaryImageOfPage":{"@id":"https:\/\/hghpeptideslab.com\/product\/mots-c\/#primaryimage"},"image":{"@id":"https:\/\/hghpeptideslab.com\/product\/mots-c\/#primaryimage"},"thumbnailUrl":"https:\/\/hghpeptideslab.com\/wp-content\/uploads\/2025\/08\/mots-c10mg.jpg","datePublished":"2025-08-16T21:18:14+00:00","dateModified":"2025-10-22T20:31:19+00:00","description":"K\u00f6p MOTS-C fr\u00e5n ett Kina-baserat GMP-labb. 99% purity med HPLC\/COA, direktf\u00f6rs\u00e4ljning fr\u00e5n fabrik och frakt \u00f6ver hela v\u00e4rlden f\u00f6r mitokondriell energi och metaboliskt st\u00f6d.","breadcrumb":{"@id":"https:\/\/hghpeptideslab.com\/product\/mots-c\/#breadcrumb"},"inLanguage":"sv-SE","potentialAction":[{"@type":"ReadAction","target":["https:\/\/hghpeptideslab.com\/product\/mots-c\/"]}],"copyrightNotice":"\u00a9 2010\u20132026 HGH Peptides Lab. All Rights Reserved."},{"@type":"ImageObject","inLanguage":"sv-SE","@id":"https:\/\/hghpeptideslab.com\/product\/mots-c\/#primaryimage","url":"https:\/\/hghpeptideslab.com\/wp-content\/uploads\/2025\/08\/mots-c10mg.jpg","contentUrl":"https:\/\/hghpeptideslab.com\/wp-content\/uploads\/2025\/08\/mots-c10mg.jpg","width":800,"height":800,"caption":"10mg MOTS-C lyophilized powder (research use only)"},{"@type":"BreadcrumbList","@id":"https:\/\/hghpeptideslab.com\/product\/mots-c\/#breadcrumb","itemListElement":[{"@type":"ListItem","position":1,"name":"Home","item":"https:\/\/hghpeptideslab.com\/"},{"@type":"ListItem","position":2,"name":"Shop","item":"https:\/\/hghpeptideslab.com\/shop\/"},{"@type":"ListItem","position":3,"name":"MOTS-C Peptide"}]},{"@type":"WebSite","@id":"https:\/\/hghpeptideslab.com\/#website","url":"https:\/\/hghpeptideslab.com\/","name":"HGH Peptides Lab","description":"Premium Peptides &amp; HGH Butik","publisher":{"@id":"https:\/\/hghpeptideslab.com\/#organization"},"potentialAction":[{"@type":"SearchAction","target":{"@type":"EntryPoint","urlTemplate":"https:\/\/hghpeptideslab.com\/?s={search_term_string}"},"query-input":{"@type":"PropertyValueSpecification","valueRequired":true,"valueName":"search_term_string"}}],"inLanguage":"sv-SE"},{"@type":"Organization","@id":"https:\/\/hghpeptideslab.com\/#organization","name":"HGH Peptides Lab","url":"https:\/\/hghpeptideslab.com\/sv\/","logo":{"@type":"ImageObject","url":"https:\/\/hghpeptideslab.com\/wp-content\/uploads\/2025\/07\/HGHPEPTIDESLAB-Logo.png"},"image":{"@id":"https:\/\/hghpeptideslab.com\/#\/schema\/logo\/image\/"},"foundingDate":"2010","contactPoint":[{"@type":"ContactPoint","contactType":"customer support","telephone":"+85247559641","email":"CYGGL2025@gmail.com","availableLanguage":["en"]}]}]}},"_links":{"self":[{"href":"https:\/\/hghpeptideslab.com\/sv\/wp-json\/wp\/v2\/product\/9109","targetHints":{"allow":["GET"]}}],"collection":[{"href":"https:\/\/hghpeptideslab.com\/sv\/wp-json\/wp\/v2\/product"}],"about":[{"href":"https:\/\/hghpeptideslab.com\/sv\/wp-json\/wp\/v2\/types\/product"}],"replies":[{"embeddable":true,"href":"https:\/\/hghpeptideslab.com\/sv\/wp-json\/wp\/v2\/comments?post=9109"}],"wp:featuredmedia":[{"embeddable":true,"href":"https:\/\/hghpeptideslab.com\/sv\/wp-json\/wp\/v2\/media\/9106"}],"wp:attachment":[{"href":"https:\/\/hghpeptideslab.com\/sv\/wp-json\/wp\/v2\/media?parent=9109"}],"wp:term":[{"taxonomy":"product_cat","embeddable":true,"href":"https:\/\/hghpeptideslab.com\/sv\/wp-json\/wp\/v2\/product_cat?post=9109"},{"taxonomy":"product_tag","embeddable":true,"href":"https:\/\/hghpeptideslab.com\/sv\/wp-json\/wp\/v2\/product_tag?post=9109"}],"curies":[{"name":"wp","href":"https:\/\/api.w.org\/{rel}","templated":true}]}}