{"id":9158,"date":"2025-08-17T22:01:22","date_gmt":"2025-08-17T22:01:22","guid":{"rendered":"https:\/\/hghpeptideslab.com\/?post_type=product&#038;p=9158"},"modified":"2025-10-22T20:05:57","modified_gmt":"2025-10-22T20:05:57","slug":"melanotan-i-mt1","status":"publish","type":"product","link":"https:\/\/hghpeptideslab.com\/sv\/product\/melanotan-i-mt1\/","title":{"rendered":"Melanotan I (MT1) Peptide"},"content":{"rendered":"<h3>\u00d6versikt<\/h3>\n<p>Melanotan I (MT1) \u00e4r en forskningspeptid som verkar p\u00e5 melanokortinreceptorer och refereras ofta till i studier av <em>melanogenes<\/em>, hudpigmentering och modeller f\u00f6r fotoprotektion. V\u00e5rt material \u00e4r <strong>GMP-tillverkad<\/strong> med <strong>99%+ renhet<\/strong>. <strong>HPLC\/COA<\/strong> dokumentation finns tillg\u00e4nglig p\u00e5 beg\u00e4ran.<\/p>\n<h3>Viktiga funktioner<\/h3>\n<ul>\n<li><strong>Styrka:<\/strong> 10 mg per vial<\/li>\n<li><strong>Kit storlek:<\/strong> 10 vials\/kit<\/li>\n<li>White lyophilized powder f\u00f6r flexibla protokoll f\u00f6r kosmetisk forskning<\/li>\n<li>HPLC kromatogram \/ COA tillg\u00e4nglig p\u00e5 beg\u00e4ran<\/li>\n<\/ul>\n<h3>Typiska forskningsinriktningar<\/h3>\n<ul>\n<li>Forskning om melanogenes och pigmenteringsv\u00e4gar<\/li>\n<li>Kosmetiska modeller f\u00f6r fotoprotektion och UV-respons<\/li>\n<li>Koncept f\u00f6r utj\u00e4mning av hudton och pigmentering<\/li>\n<li>Screening av fordon\/topiska produkter och hudstudier ex vivo<\/li>\n<\/ul>\n<h3>Lagring &amp; stabilitet<\/h3>\n<ul>\n<li>F\u00f6rvaras f\u00f6rseglade i <strong>2-8 \u00b0C<\/strong>, skyddad mot ljus och fukt<\/li>\n<li>Anv\u00e4nd rekonstituerade l\u00f6sningar omedelbart under l\u00e4mpliga laboratorief\u00f6rh\u00e5llanden<\/li>\n<\/ul>\n<h3>Anteckningar<\/h3>\n<ul>\n<li>Tillverkad i <strong>GMP-kompatibel<\/strong> anl\u00e4ggningar; processkontroll av farmaceutisk kvalitet<\/li>\n<li><strong>CAS:<\/strong> 75921-69-6; <strong>HPLC\/COA<\/strong> tillg\u00e4nglig p\u00e5 beg\u00e4ran<\/li>\n<li>Endast f\u00f6r laboratorieforskning. Produkterna \u00e4r inte m\u00e4rkta f\u00f6r medicinsk anv\u00e4ndning.<\/li>\n<\/ul>\n<p><span data-mce-type=\"bookmark\" style=\"display: inline-block; width: 0px; overflow: hidden; line-height: 0;\" class=\"mce_SELRES_start\"><\/span><\/p>","protected":false},"excerpt":{"rendered":"<p><strong>Namn:<\/strong> 99% Purity Melanotan I (MT1) peptidpulver<br \/>\n<strong>Funktion:<\/strong> Forskning om hudpigmentering och fotoskydd; studier av melanogenesens v\u00e4gar<br \/>\n<strong>Specifikation:<\/strong> 10 st mg per vial; 10 st vials\/kit<br \/>\n<strong>CAS:<\/strong> 75921-69-6<br \/>\n<strong>Utseende:<\/strong> White lyophilized powder<\/p>","protected":false},"featured_media":9155,"comment_status":"open","ping_status":"closed","template":"","meta":[],"product_cat":[56,60],"product_tag":[147,167,165],"class_list":{"0":"post-9158","1":"product","2":"type-product","3":"status-publish","4":"has-post-thumbnail","6":"product_brand-dp-hghpeptides","7":"product_brand-hgh-peptides-lab","8":"product_cat-cosmetic-peptides","9":"product_cat-specialty-peptides","10":"product_tag-melanotan-1","11":"product_tag-overall-wellness-peptides","12":"product_tag-skin-beauty-peptides","14":"first","15":"instock","16":"shipping-taxable","17":"purchasable","18":"product-type-simple"},"yoast_head":"<!-- This site is optimized with the Yoast SEO Premium plugin v27.3 (Yoast SEO v27.3) - https:\/\/yoast.com\/product\/yoast-seo-premium-wordpress\/ -->\n<title>Melanotan I (MT1) Peptide 10mg | Pharmaceutical-Grade Quality \u2013 HPLC\/COA<\/title>\n<meta name=\"description\" content=\"Order Melanotan I (MT1) 10mg from a China-based GMP lab \u2014 99% purity with HPLC\/COA. Factory-direct selling and fast worldwide shipping for pigmentation research.\" \/>\n<meta name=\"robots\" content=\"index, follow, max-snippet:-1, max-image-preview:large, max-video-preview:-1\" \/>\n<link rel=\"canonical\" href=\"https:\/\/hghpeptideslab.com\/sv\/product\/melanotan-i-mt1\/\" \/>\n<meta property=\"og:locale\" content=\"sv_SE\" \/>\n<meta property=\"og:type\" content=\"article\" \/>\n<meta property=\"og:title\" content=\"Melanotan I (MT1) Peptide\" \/>\n<meta property=\"og:description\" content=\"Order Melanotan I (MT1) 10mg from a China-based GMP lab \u2014 99% purity with HPLC\/COA. Factory-direct selling and fast worldwide shipping for pigmentation research.\" \/>\n<meta property=\"og:url\" content=\"https:\/\/hghpeptideslab.com\/sv\/product\/melanotan-i-mt1\/\" \/>\n<meta property=\"og:site_name\" content=\"HGH Peptides Lab\" \/>\n<meta property=\"article:modified_time\" content=\"2025-10-22T20:05:57+00:00\" \/>\n<meta property=\"og:image\" content=\"https:\/\/hghpeptideslab.com\/wp-content\/uploads\/2025\/08\/melanotan-i10mg.jpg\" \/>\n\t<meta property=\"og:image:width\" content=\"800\" \/>\n\t<meta property=\"og:image:height\" content=\"800\" \/>\n\t<meta property=\"og:image:type\" content=\"image\/jpeg\" \/>\n<meta name=\"twitter:card\" content=\"summary_large_image\" \/>\n<meta name=\"twitter:label1\" content=\"Ber\u00e4knad l\u00e4stid\" \/>\n\t<meta name=\"twitter:data1\" content=\"1 minut\" \/>\n<script type=\"application\/ld+json\" class=\"yoast-schema-graph\">{\"@context\":\"https:\\\/\\\/schema.org\",\"@graph\":[{\"@type\":\"WebPage\",\"@id\":\"https:\\\/\\\/hghpeptideslab.com\\\/product\\\/melanotan-i-mt1\\\/\",\"url\":\"https:\\\/\\\/hghpeptideslab.com\\\/product\\\/melanotan-i-mt1\\\/\",\"name\":\"Melanotan I (MT1) Peptide 10mg | Pharmaceutical-Grade Quality \u2013 HPLC\\\/COA\",\"isPartOf\":{\"@id\":\"https:\\\/\\\/hghpeptideslab.com\\\/#website\"},\"primaryImageOfPage\":{\"@id\":\"https:\\\/\\\/hghpeptideslab.com\\\/product\\\/melanotan-i-mt1\\\/#primaryimage\"},\"image\":{\"@id\":\"https:\\\/\\\/hghpeptideslab.com\\\/product\\\/melanotan-i-mt1\\\/#primaryimage\"},\"thumbnailUrl\":\"https:\\\/\\\/hghpeptideslab.com\\\/wp-content\\\/uploads\\\/2025\\\/08\\\/melanotan-i10mg.jpg\",\"datePublished\":\"2025-08-17T22:01:22+00:00\",\"dateModified\":\"2025-10-22T20:05:57+00:00\",\"description\":\"Order Melanotan I (MT1) 10mg from a China-based GMP lab \u2014 99% purity with HPLC\\\/COA. Factory-direct selling and fast worldwide shipping for pigmentation research.\",\"breadcrumb\":{\"@id\":\"https:\\\/\\\/hghpeptideslab.com\\\/product\\\/melanotan-i-mt1\\\/#breadcrumb\"},\"inLanguage\":\"sv-SE\",\"potentialAction\":[{\"@type\":\"ReadAction\",\"target\":[\"https:\\\/\\\/hghpeptideslab.com\\\/product\\\/melanotan-i-mt1\\\/\"]}],\"copyrightNotice\":\"\u00a9 2010\u20132026 HGH Peptides Lab. All Rights Reserved.\"},{\"@type\":\"ImageObject\",\"inLanguage\":\"sv-SE\",\"@id\":\"https:\\\/\\\/hghpeptideslab.com\\\/product\\\/melanotan-i-mt1\\\/#primaryimage\",\"url\":\"https:\\\/\\\/hghpeptideslab.com\\\/wp-content\\\/uploads\\\/2025\\\/08\\\/melanotan-i10mg.jpg\",\"contentUrl\":\"https:\\\/\\\/hghpeptideslab.com\\\/wp-content\\\/uploads\\\/2025\\\/08\\\/melanotan-i10mg.jpg\",\"width\":800,\"height\":800,\"caption\":\"MT1 10mg vial (white lyophilized powder); factory direct, HPLC\\\/COA on request.\"},{\"@type\":\"BreadcrumbList\",\"@id\":\"https:\\\/\\\/hghpeptideslab.com\\\/product\\\/melanotan-i-mt1\\\/#breadcrumb\",\"itemListElement\":[{\"@type\":\"ListItem\",\"position\":1,\"name\":\"Home\",\"item\":\"https:\\\/\\\/hghpeptideslab.com\\\/\"},{\"@type\":\"ListItem\",\"position\":2,\"name\":\"Shop\",\"item\":\"https:\\\/\\\/hghpeptideslab.com\\\/shop\\\/\"},{\"@type\":\"ListItem\",\"position\":3,\"name\":\"Melanotan I (MT1) Peptide\"}]},{\"@type\":\"WebSite\",\"@id\":\"https:\\\/\\\/hghpeptideslab.com\\\/#website\",\"url\":\"https:\\\/\\\/hghpeptideslab.com\\\/\",\"name\":\"HGH Peptides Lab\",\"description\":\"Premium Peptides &amp; HGH Shop\",\"publisher\":{\"@id\":\"https:\\\/\\\/hghpeptideslab.com\\\/#organization\"},\"potentialAction\":[{\"@type\":\"SearchAction\",\"target\":{\"@type\":\"EntryPoint\",\"urlTemplate\":\"https:\\\/\\\/hghpeptideslab.com\\\/?s={search_term_string}\"},\"query-input\":{\"@type\":\"PropertyValueSpecification\",\"valueRequired\":true,\"valueName\":\"search_term_string\"}}],\"inLanguage\":\"sv-SE\"},{\"@type\":\"Organization\",\"@id\":\"https:\\\/\\\/hghpeptideslab.com\\\/#organization\",\"name\":\"HGH Peptides Lab\",\"url\":\"https:\\\/\\\/hghpeptideslab.com\\\/sv\\\/\",\"logo\":{\"@type\":\"ImageObject\",\"url\":\"https:\\\/\\\/hghpeptideslab.com\\\/wp-content\\\/uploads\\\/2025\\\/07\\\/HGHPEPTIDESLAB-Logo.png\"},\"image\":{\"@id\":\"https:\\\/\\\/hghpeptideslab.com\\\/#\\\/schema\\\/logo\\\/image\\\/\"},\"foundingDate\":\"2010\",\"contactPoint\":[{\"@type\":\"ContactPoint\",\"contactType\":\"customer support\",\"telephone\":\"+85247559641\",\"email\":\"CYGGL2025@gmail.com\",\"availableLanguage\":[\"en\"]}]}]}<\/script>\n<!-- \/ Yoast SEO Premium plugin. -->","yoast_head_json":{"title":"Melanotan I (MT1) Peptide 10mg | Kvalitet av farmaceutisk klass - HPLC\/COA","description":"Best\u00e4ll Melanotan I (MT1) 10mg fr\u00e5n ett Kina-baserat GMP-laboratorium - 99% purity med HPLC\/COA. Fabriksdirektf\u00f6rs\u00e4ljning och snabb leverans \u00f6ver hela v\u00e4rlden f\u00f6r pigmenteringsforskning.","robots":{"index":"index","follow":"follow","max-snippet":"max-snippet:-1","max-image-preview":"max-image-preview:large","max-video-preview":"max-video-preview:-1"},"canonical":"https:\/\/hghpeptideslab.com\/sv\/product\/melanotan-i-mt1\/","og_locale":"sv_SE","og_type":"article","og_title":"Melanotan I (MT1) Peptide","og_description":"Order Melanotan I (MT1) 10mg from a China-based GMP lab \u2014 99% purity with HPLC\/COA. Factory-direct selling and fast worldwide shipping for pigmentation research.","og_url":"https:\/\/hghpeptideslab.com\/sv\/product\/melanotan-i-mt1\/","og_site_name":"HGH Peptides Lab","article_modified_time":"2025-10-22T20:05:57+00:00","og_image":[{"width":800,"height":800,"url":"https:\/\/hghpeptideslab.com\/wp-content\/uploads\/2025\/08\/melanotan-i10mg.jpg","type":"image\/jpeg"}],"twitter_card":"summary_large_image","twitter_misc":{"Ber\u00e4knad l\u00e4stid":"1 minut"},"schema":{"@context":"https:\/\/schema.org","@graph":[{"@type":"WebPage","@id":"https:\/\/hghpeptideslab.com\/product\/melanotan-i-mt1\/","url":"https:\/\/hghpeptideslab.com\/product\/melanotan-i-mt1\/","name":"Melanotan I (MT1) Peptide 10mg | Kvalitet av farmaceutisk klass - HPLC\/COA","isPartOf":{"@id":"https:\/\/hghpeptideslab.com\/#website"},"primaryImageOfPage":{"@id":"https:\/\/hghpeptideslab.com\/product\/melanotan-i-mt1\/#primaryimage"},"image":{"@id":"https:\/\/hghpeptideslab.com\/product\/melanotan-i-mt1\/#primaryimage"},"thumbnailUrl":"https:\/\/hghpeptideslab.com\/wp-content\/uploads\/2025\/08\/melanotan-i10mg.jpg","datePublished":"2025-08-17T22:01:22+00:00","dateModified":"2025-10-22T20:05:57+00:00","description":"Best\u00e4ll Melanotan I (MT1) 10mg fr\u00e5n ett Kina-baserat GMP-laboratorium - 99% purity med HPLC\/COA. Fabriksdirektf\u00f6rs\u00e4ljning och snabb leverans \u00f6ver hela v\u00e4rlden f\u00f6r pigmenteringsforskning.","breadcrumb":{"@id":"https:\/\/hghpeptideslab.com\/product\/melanotan-i-mt1\/#breadcrumb"},"inLanguage":"sv-SE","potentialAction":[{"@type":"ReadAction","target":["https:\/\/hghpeptideslab.com\/product\/melanotan-i-mt1\/"]}],"copyrightNotice":"\u00a9 2010\u20132026 HGH Peptides Lab. All Rights Reserved."},{"@type":"ImageObject","inLanguage":"sv-SE","@id":"https:\/\/hghpeptideslab.com\/product\/melanotan-i-mt1\/#primaryimage","url":"https:\/\/hghpeptideslab.com\/wp-content\/uploads\/2025\/08\/melanotan-i10mg.jpg","contentUrl":"https:\/\/hghpeptideslab.com\/wp-content\/uploads\/2025\/08\/melanotan-i10mg.jpg","width":800,"height":800,"caption":"MT1 10mg vial (white lyophilized powder); factory direct, HPLC\/COA on request."},{"@type":"BreadcrumbList","@id":"https:\/\/hghpeptideslab.com\/product\/melanotan-i-mt1\/#breadcrumb","itemListElement":[{"@type":"ListItem","position":1,"name":"Home","item":"https:\/\/hghpeptideslab.com\/"},{"@type":"ListItem","position":2,"name":"Shop","item":"https:\/\/hghpeptideslab.com\/shop\/"},{"@type":"ListItem","position":3,"name":"Melanotan I (MT1) Peptide"}]},{"@type":"WebSite","@id":"https:\/\/hghpeptideslab.com\/#website","url":"https:\/\/hghpeptideslab.com\/","name":"HGH Peptides Lab","description":"Premium Peptides &amp; HGH Butik","publisher":{"@id":"https:\/\/hghpeptideslab.com\/#organization"},"potentialAction":[{"@type":"SearchAction","target":{"@type":"EntryPoint","urlTemplate":"https:\/\/hghpeptideslab.com\/?s={search_term_string}"},"query-input":{"@type":"PropertyValueSpecification","valueRequired":true,"valueName":"search_term_string"}}],"inLanguage":"sv-SE"},{"@type":"Organization","@id":"https:\/\/hghpeptideslab.com\/#organization","name":"HGH Peptides Lab","url":"https:\/\/hghpeptideslab.com\/sv\/","logo":{"@type":"ImageObject","url":"https:\/\/hghpeptideslab.com\/wp-content\/uploads\/2025\/07\/HGHPEPTIDESLAB-Logo.png"},"image":{"@id":"https:\/\/hghpeptideslab.com\/#\/schema\/logo\/image\/"},"foundingDate":"2010","contactPoint":[{"@type":"ContactPoint","contactType":"customer support","telephone":"+85247559641","email":"CYGGL2025@gmail.com","availableLanguage":["en"]}]}]}},"_links":{"self":[{"href":"https:\/\/hghpeptideslab.com\/sv\/wp-json\/wp\/v2\/product\/9158","targetHints":{"allow":["GET"]}}],"collection":[{"href":"https:\/\/hghpeptideslab.com\/sv\/wp-json\/wp\/v2\/product"}],"about":[{"href":"https:\/\/hghpeptideslab.com\/sv\/wp-json\/wp\/v2\/types\/product"}],"replies":[{"embeddable":true,"href":"https:\/\/hghpeptideslab.com\/sv\/wp-json\/wp\/v2\/comments?post=9158"}],"wp:featuredmedia":[{"embeddable":true,"href":"https:\/\/hghpeptideslab.com\/sv\/wp-json\/wp\/v2\/media\/9155"}],"wp:attachment":[{"href":"https:\/\/hghpeptideslab.com\/sv\/wp-json\/wp\/v2\/media?parent=9158"}],"wp:term":[{"taxonomy":"product_cat","embeddable":true,"href":"https:\/\/hghpeptideslab.com\/sv\/wp-json\/wp\/v2\/product_cat?post=9158"},{"taxonomy":"product_tag","embeddable":true,"href":"https:\/\/hghpeptideslab.com\/sv\/wp-json\/wp\/v2\/product_tag?post=9158"}],"curies":[{"name":"wp","href":"https:\/\/api.w.org\/{rel}","templated":true}]}}