{"id":9176,"date":"2025-08-18T01:37:20","date_gmt":"2025-08-18T01:37:20","guid":{"rendered":"https:\/\/hghpeptideslab.com\/?post_type=product&#038;p=9176"},"modified":"2025-10-21T21:50:51","modified_gmt":"2025-10-21T21:50:51","slug":"dermorphin","status":"publish","type":"product","link":"https:\/\/hghpeptideslab.com\/sv\/product\/dermorphin\/","title":{"rendered":"Dermorphin Peptide"},"content":{"rendered":"<h3>\u00d6versikt<\/h3>\n<p>Dermorphin \u00e4r en heptapeptid som ofta refereras till i forskningsmodeller f\u00f6r \u03bc-opioidreceptorer och analgesi. V\u00e5rt material \u00e4r producerat med <strong>kvalitet av farmaceutisk klass<\/strong> i <strong>GMP-kompatibel<\/strong> faciliteter, med HPLC\/COA tillg\u00e4ngliga p\u00e5 beg\u00e4ran.<\/p>\n<h3>Viktiga funktioner<\/h3>\n<ul>\n<li>Tillg\u00e4nglig styrka: <strong>5 mg<\/strong> per vial<\/li>\n<li>Kit storlek: <strong>10 vials\/kit<\/strong><\/li>\n<li>White lyophilized powder f\u00f6r flexibla forskningsprotokoll<\/li>\n<li>HPLC\/COA dokumentation p\u00e5 beg\u00e4ran<\/li>\n<\/ul>\n<h3>Typiska forskningsinriktningar<\/h3>\n<ul>\n<li>Analgesiv\u00e4gar och bindning till \u03bc-opioidreceptorer<\/li>\n<li>Mekanismer f\u00f6r sm\u00e4rtmodulering och tolerans<\/li>\n<li>Peptide stabilitets- och farmakologiprofilering<\/li>\n<\/ul>\n<h3>Lagring &amp; stabilitet<\/h3>\n<ul>\n<li>F\u00f6rvaras f\u00f6rseglade i <strong>2-8 \u00b0C<\/strong>, skyddad mot ljus och fukt<\/li>\n<li>Anv\u00e4nd rekonstituerade l\u00f6sningar omedelbart under l\u00e4mpliga laboratorief\u00f6rh\u00e5llanden<\/li>\n<\/ul>\n<h3>Anteckningar<\/h3>\n<ul>\n<li>Tillverkad i <strong>GMP-kompatibel<\/strong> anl\u00e4ggningar<\/li>\n<li>HPLC\/COA tillg\u00e4nglig p\u00e5 beg\u00e4ran<\/li>\n<li>Endast f\u00f6r laboratorieforskning. Produkterna \u00e4r inte m\u00e4rkta f\u00f6r medicinsk anv\u00e4ndning.<\/li>\n<\/ul>\n<p><span data-mce-type=\"bookmark\" style=\"display: inline-block; width: 0px; overflow: hidden; line-height: 0;\" class=\"mce_SELRES_start\"><\/span><\/p>","protected":false},"excerpt":{"rendered":"<p><strong>Namn:<\/strong> 99% Purity Dermorphin peptidpulver<br \/>\n<strong>Funktion:<\/strong> Studier av analgesi; forskning om \u03bc-opioidreceptorer<br \/>\n<strong>Specifikation:<\/strong> 5 st mg per vial; 10 st vials\/kit<br \/>\n<strong>CAS:<\/strong> 77614-16-5<br \/>\n<strong>Utseende:<\/strong> White lyophilized powder<\/p>","protected":false},"featured_media":9173,"comment_status":"open","ping_status":"closed","template":"","meta":[],"product_cat":[60],"product_tag":[176,167,163],"class_list":{"0":"post-9176","1":"product","2":"type-product","3":"status-publish","4":"has-post-thumbnail","6":"product_brand-dp-hghpeptides","7":"product_brand-hgh-peptides-lab","8":"product_cat-specialty-peptides","9":"product_tag-dermorphin","10":"product_tag-overall-wellness-peptides","11":"product_tag-sleep-stress-support-peptides","13":"first","14":"instock","15":"shipping-taxable","16":"purchasable","17":"product-type-simple"},"yoast_head":"<!-- This site is optimized with the Yoast SEO Premium plugin v27.5 (Yoast SEO v27.5) - https:\/\/yoast.com\/product\/yoast-seo-premium-wordpress\/ -->\n<title>Dermorphin Peptide 5mg | Factory-Direct China, GMP &amp; HPLC \u2013 HGH Peptides Lab<\/title>\n<meta name=\"description\" content=\"Buy Dermorphin peptide 5mg from a factory-direct China supplier. Pharmaceutical-grade quality with HPLC\/COA, fast worldwide shipping and bulk discounts.\" \/>\n<meta name=\"robots\" content=\"index, follow, max-snippet:-1, max-image-preview:large, max-video-preview:-1\" \/>\n<link rel=\"canonical\" href=\"https:\/\/hghpeptideslab.com\/sv\/product\/dermorphin\/\" \/>\n<meta property=\"og:locale\" content=\"sv_SE\" \/>\n<meta property=\"og:type\" content=\"article\" \/>\n<meta property=\"og:title\" content=\"Dermorphin Peptide\" \/>\n<meta property=\"og:description\" content=\"Buy Dermorphin peptide 5mg from a factory-direct China supplier. Pharmaceutical-grade quality with HPLC\/COA, fast worldwide shipping and bulk discounts.\" \/>\n<meta property=\"og:url\" content=\"https:\/\/hghpeptideslab.com\/sv\/product\/dermorphin\/\" \/>\n<meta property=\"og:site_name\" content=\"HGH Peptides Lab\" \/>\n<meta property=\"article:modified_time\" content=\"2025-10-21T21:50:51+00:00\" \/>\n<meta property=\"og:image\" content=\"https:\/\/hghpeptideslab.com\/wp-content\/uploads\/2025\/08\/dermorphin5mg.jpg\" \/>\n\t<meta property=\"og:image:width\" content=\"800\" \/>\n\t<meta property=\"og:image:height\" content=\"800\" \/>\n\t<meta property=\"og:image:type\" content=\"image\/jpeg\" \/>\n<meta name=\"twitter:card\" content=\"summary_large_image\" \/>\n<meta name=\"twitter:label1\" content=\"Ber\u00e4knad l\u00e4stid\" \/>\n\t<meta name=\"twitter:data1\" content=\"1 minut\" \/>\n<script type=\"application\/ld+json\" class=\"yoast-schema-graph\">{\"@context\":\"https:\\\/\\\/schema.org\",\"@graph\":[{\"@type\":\"WebPage\",\"@id\":\"https:\\\/\\\/hghpeptideslab.com\\\/product\\\/dermorphin\\\/\",\"url\":\"https:\\\/\\\/hghpeptideslab.com\\\/product\\\/dermorphin\\\/\",\"name\":\"Dermorphin Peptide 5mg | Factory-Direct China, GMP & HPLC \u2013 HGH Peptides Lab\",\"isPartOf\":{\"@id\":\"https:\\\/\\\/hghpeptideslab.com\\\/#website\"},\"primaryImageOfPage\":{\"@id\":\"https:\\\/\\\/hghpeptideslab.com\\\/product\\\/dermorphin\\\/#primaryimage\"},\"image\":{\"@id\":\"https:\\\/\\\/hghpeptideslab.com\\\/product\\\/dermorphin\\\/#primaryimage\"},\"thumbnailUrl\":\"https:\\\/\\\/hghpeptideslab.com\\\/wp-content\\\/uploads\\\/2025\\\/08\\\/dermorphin5mg.jpg\",\"datePublished\":\"2025-08-18T01:37:20+00:00\",\"dateModified\":\"2025-10-21T21:50:51+00:00\",\"description\":\"Buy Dermorphin peptide 5mg from a factory-direct China supplier. Pharmaceutical-grade quality with HPLC\\\/COA, fast worldwide shipping and bulk discounts.\",\"breadcrumb\":{\"@id\":\"https:\\\/\\\/hghpeptideslab.com\\\/product\\\/dermorphin\\\/#breadcrumb\"},\"inLanguage\":\"sv-SE\",\"potentialAction\":[{\"@type\":\"ReadAction\",\"target\":[\"https:\\\/\\\/hghpeptideslab.com\\\/product\\\/dermorphin\\\/\"]}],\"copyrightNotice\":\"\u00a9 2010\u20132026 HGH Peptides Lab. All Rights Reserved.\"},{\"@type\":\"ImageObject\",\"inLanguage\":\"sv-SE\",\"@id\":\"https:\\\/\\\/hghpeptideslab.com\\\/product\\\/dermorphin\\\/#primaryimage\",\"url\":\"https:\\\/\\\/hghpeptideslab.com\\\/wp-content\\\/uploads\\\/2025\\\/08\\\/dermorphin5mg.jpg\",\"contentUrl\":\"https:\\\/\\\/hghpeptideslab.com\\\/wp-content\\\/uploads\\\/2025\\\/08\\\/dermorphin5mg.jpg\",\"width\":800,\"height\":800,\"caption\":\"Dermorphin 5mg vial (lyophilized powder)\"},{\"@type\":\"BreadcrumbList\",\"@id\":\"https:\\\/\\\/hghpeptideslab.com\\\/product\\\/dermorphin\\\/#breadcrumb\",\"itemListElement\":[{\"@type\":\"ListItem\",\"position\":1,\"name\":\"Home\",\"item\":\"https:\\\/\\\/hghpeptideslab.com\\\/\"},{\"@type\":\"ListItem\",\"position\":2,\"name\":\"Shop\",\"item\":\"https:\\\/\\\/hghpeptideslab.com\\\/shop\\\/\"},{\"@type\":\"ListItem\",\"position\":3,\"name\":\"Dermorphin Peptide\"}]},{\"@type\":\"WebSite\",\"@id\":\"https:\\\/\\\/hghpeptideslab.com\\\/#website\",\"url\":\"https:\\\/\\\/hghpeptideslab.com\\\/\",\"name\":\"HGH Peptides Lab\",\"description\":\"Premium Peptides &amp; HGH Shop\",\"publisher\":{\"@id\":\"https:\\\/\\\/hghpeptideslab.com\\\/#organization\"},\"potentialAction\":[{\"@type\":\"SearchAction\",\"target\":{\"@type\":\"EntryPoint\",\"urlTemplate\":\"https:\\\/\\\/hghpeptideslab.com\\\/?s={search_term_string}\"},\"query-input\":{\"@type\":\"PropertyValueSpecification\",\"valueRequired\":true,\"valueName\":\"search_term_string\"}}],\"inLanguage\":\"sv-SE\"},{\"@type\":\"Organization\",\"@id\":\"https:\\\/\\\/hghpeptideslab.com\\\/#organization\",\"name\":\"HGH Peptides Lab\",\"url\":\"https:\\\/\\\/hghpeptideslab.com\\\/sv\\\/\",\"logo\":{\"@type\":\"ImageObject\",\"url\":\"https:\\\/\\\/hghpeptideslab.com\\\/wp-content\\\/uploads\\\/2025\\\/07\\\/HGHPEPTIDESLAB-Logo.png\"},\"image\":{\"@id\":\"https:\\\/\\\/hghpeptideslab.com\\\/#\\\/schema\\\/logo\\\/image\\\/\"},\"foundingDate\":\"2010\",\"contactPoint\":[{\"@type\":\"ContactPoint\",\"contactType\":\"customer support\",\"telephone\":\"+85247559641\",\"email\":\"CYGGL2025@gmail.com\",\"availableLanguage\":[\"en\"]}]}]}<\/script>\n<!-- \/ Yoast SEO Premium plugin. -->","yoast_head_json":{"title":"Dermorphin Peptide 5mg | Factory-Direct China, GMP &amp; HPLC - HGH Peptides Lab","description":"K\u00f6p Dermorphin-peptid 5mg fr\u00e5n en fabriksdirekt Kina-leverant\u00f6r. Pharmaceutical-grade quality med HPLC \/ COA, snabb v\u00e4rldsomsp\u00e4nnande frakt och bulkrabatter.","robots":{"index":"index","follow":"follow","max-snippet":"max-snippet:-1","max-image-preview":"max-image-preview:large","max-video-preview":"max-video-preview:-1"},"canonical":"https:\/\/hghpeptideslab.com\/sv\/product\/dermorphin\/","og_locale":"sv_SE","og_type":"article","og_title":"Dermorphin Peptide","og_description":"Buy Dermorphin peptide 5mg from a factory-direct China supplier. Pharmaceutical-grade quality with HPLC\/COA, fast worldwide shipping and bulk discounts.","og_url":"https:\/\/hghpeptideslab.com\/sv\/product\/dermorphin\/","og_site_name":"HGH Peptides Lab","article_modified_time":"2025-10-21T21:50:51+00:00","og_image":[{"width":800,"height":800,"url":"https:\/\/hghpeptideslab.com\/wp-content\/uploads\/2025\/08\/dermorphin5mg.jpg","type":"image\/jpeg"}],"twitter_card":"summary_large_image","twitter_misc":{"Ber\u00e4knad l\u00e4stid":"1 minut"},"schema":{"@context":"https:\/\/schema.org","@graph":[{"@type":"WebPage","@id":"https:\/\/hghpeptideslab.com\/product\/dermorphin\/","url":"https:\/\/hghpeptideslab.com\/product\/dermorphin\/","name":"Dermorphin Peptide 5mg | Factory-Direct China, GMP &amp; HPLC - HGH Peptides Lab","isPartOf":{"@id":"https:\/\/hghpeptideslab.com\/#website"},"primaryImageOfPage":{"@id":"https:\/\/hghpeptideslab.com\/product\/dermorphin\/#primaryimage"},"image":{"@id":"https:\/\/hghpeptideslab.com\/product\/dermorphin\/#primaryimage"},"thumbnailUrl":"https:\/\/hghpeptideslab.com\/wp-content\/uploads\/2025\/08\/dermorphin5mg.jpg","datePublished":"2025-08-18T01:37:20+00:00","dateModified":"2025-10-21T21:50:51+00:00","description":"K\u00f6p Dermorphin-peptid 5mg fr\u00e5n en fabriksdirekt Kina-leverant\u00f6r. Pharmaceutical-grade quality med HPLC \/ COA, snabb v\u00e4rldsomsp\u00e4nnande frakt och bulkrabatter.","breadcrumb":{"@id":"https:\/\/hghpeptideslab.com\/product\/dermorphin\/#breadcrumb"},"inLanguage":"sv-SE","potentialAction":[{"@type":"ReadAction","target":["https:\/\/hghpeptideslab.com\/product\/dermorphin\/"]}],"copyrightNotice":"\u00a9 2010\u20132026 HGH Peptides Lab. All Rights Reserved."},{"@type":"ImageObject","inLanguage":"sv-SE","@id":"https:\/\/hghpeptideslab.com\/product\/dermorphin\/#primaryimage","url":"https:\/\/hghpeptideslab.com\/wp-content\/uploads\/2025\/08\/dermorphin5mg.jpg","contentUrl":"https:\/\/hghpeptideslab.com\/wp-content\/uploads\/2025\/08\/dermorphin5mg.jpg","width":800,"height":800,"caption":"Dermorphin 5mg vial (lyophilized powder)"},{"@type":"BreadcrumbList","@id":"https:\/\/hghpeptideslab.com\/product\/dermorphin\/#breadcrumb","itemListElement":[{"@type":"ListItem","position":1,"name":"Home","item":"https:\/\/hghpeptideslab.com\/"},{"@type":"ListItem","position":2,"name":"Shop","item":"https:\/\/hghpeptideslab.com\/shop\/"},{"@type":"ListItem","position":3,"name":"Dermorphin Peptide"}]},{"@type":"WebSite","@id":"https:\/\/hghpeptideslab.com\/#website","url":"https:\/\/hghpeptideslab.com\/","name":"HGH Peptides Lab","description":"Premium Peptides &amp; HGH Butik","publisher":{"@id":"https:\/\/hghpeptideslab.com\/#organization"},"potentialAction":[{"@type":"SearchAction","target":{"@type":"EntryPoint","urlTemplate":"https:\/\/hghpeptideslab.com\/?s={search_term_string}"},"query-input":{"@type":"PropertyValueSpecification","valueRequired":true,"valueName":"search_term_string"}}],"inLanguage":"sv-SE"},{"@type":"Organization","@id":"https:\/\/hghpeptideslab.com\/#organization","name":"HGH Peptides Lab","url":"https:\/\/hghpeptideslab.com\/sv\/","logo":{"@type":"ImageObject","url":"https:\/\/hghpeptideslab.com\/wp-content\/uploads\/2025\/07\/HGHPEPTIDESLAB-Logo.png"},"image":{"@id":"https:\/\/hghpeptideslab.com\/#\/schema\/logo\/image\/"},"foundingDate":"2010","contactPoint":[{"@type":"ContactPoint","contactType":"customer support","telephone":"+85247559641","email":"CYGGL2025@gmail.com","availableLanguage":["en"]}]}]}},"_links":{"self":[{"href":"https:\/\/hghpeptideslab.com\/sv\/wp-json\/wp\/v2\/product\/9176","targetHints":{"allow":["GET"]}}],"collection":[{"href":"https:\/\/hghpeptideslab.com\/sv\/wp-json\/wp\/v2\/product"}],"about":[{"href":"https:\/\/hghpeptideslab.com\/sv\/wp-json\/wp\/v2\/types\/product"}],"replies":[{"embeddable":true,"href":"https:\/\/hghpeptideslab.com\/sv\/wp-json\/wp\/v2\/comments?post=9176"}],"wp:featuredmedia":[{"embeddable":true,"href":"https:\/\/hghpeptideslab.com\/sv\/wp-json\/wp\/v2\/media\/9173"}],"wp:attachment":[{"href":"https:\/\/hghpeptideslab.com\/sv\/wp-json\/wp\/v2\/media?parent=9176"}],"wp:term":[{"taxonomy":"product_cat","embeddable":true,"href":"https:\/\/hghpeptideslab.com\/sv\/wp-json\/wp\/v2\/product_cat?post=9176"},{"taxonomy":"product_tag","embeddable":true,"href":"https:\/\/hghpeptideslab.com\/sv\/wp-json\/wp\/v2\/product_tag?post=9176"}],"curies":[{"name":"wp","href":"https:\/\/api.w.org\/{rel}","templated":true}]}}