{"id":9566,"date":"2025-09-03T00:03:11","date_gmt":"2025-09-03T00:03:11","guid":{"rendered":"https:\/\/hghpeptideslab.com\/?post_type=product&#038;p=9566"},"modified":"2025-10-23T01:34:24","modified_gmt":"2025-10-23T01:34:24","slug":"thymalin","status":"publish","type":"product","link":"https:\/\/hghpeptideslab.com\/sv\/product\/thymalin\/","title":{"rendered":"Thymalin Peptide"},"content":{"rendered":"<h3>\u00d6versikt<\/h3>\n<p>\n  Thymalin \u00e4r en tymisk peptid som diskuteras i anti-aging och immunrelaterade forskningssammanhang.<br \/>\n  V\u00e5rt material \u00e4r producerat f\u00f6r att <strong>kvalitet av farmaceutisk klass<\/strong> med<br \/>\n  <strong>99%+ renhet<\/strong>levereras som vit lyophilized powder f\u00f6r flexibel labbanv\u00e4ndning.\n<\/p>\n<h3>Viktiga funktioner<\/h3>\n<ul>\n<li>Styrka per vial: <strong>10 mg<\/strong><\/li>\n<li>Kit storlek: <strong>10 vials\/Kit<\/strong><\/li>\n<li>Form: vit <strong>lyophilized powder<\/strong><\/li>\n<li>Fabriksleverans direkt fr\u00e5n Kina; j\u00e4mn kvalitet p\u00e5 partiet<\/li>\n<\/ul>\n<h3>Typiska forskningsinriktningar<\/h3>\n<ul>\n<li>Diskussioner om anti-aging och livsl\u00e4ngd (labbsammanhang)<\/li>\n<li>Utforskning av immunrelaterade peptider<\/li>\n<li>J\u00e4mf\u00f6rande screening med andra tymiska\/kosmetiska peptider<\/li>\n<\/ul>\n<h3>Hantering &amp; f\u00f6rvaring<\/h3>\n<ul>\n<li>F\u00f6rvaras f\u00f6rseglade vid <strong>2-8 \u00b0C<\/strong>, skyddad mot ljus och fukt<\/li>\n<li>Rekonstituera med en l\u00e4mplig sp\u00e4dningsv\u00e4tska; virvla f\u00f6rsiktigt l\u00e4ngs v\u00e4ggen p\u00e5 vial<\/li>\n<li>Efter rekonstituering, kyl och anv\u00e4nd omedelbart enligt lokala SOP:er<\/li>\n<\/ul>\n<h3>F\u00f6rpackning och frakt<\/h3>\n<ul>\n<li>Direktleverans fr\u00e5n fabrik med skyddande exportf\u00f6rpackning<\/li>\n<li><strong>$500+<\/strong> best\u00e4llningar \u2192 <strong>Fri frakt \u00f6ver hela v\u00e4rlden<\/strong> (<a href=\"\/sv\/shipping-policy\/\">Se mer information<\/a>)<\/li>\n<\/ul>\n<h3>Anteckningar<\/h3>\n<ul>\n<li>Tillverkad enligt apotekets standard (farmaceutisk kvalitet)<\/li>\n<li>Endast f\u00f6r laboratorieforskning; produkterna \u00e4r inte m\u00e4rkta f\u00f6r medicinskt bruk<\/li>\n<\/ul>","protected":false},"excerpt":{"rendered":"<p><strong>Namn:<\/strong> 99% Purity Thymalin peptidpulver<br \/>\n<strong>Funktion:<\/strong> Anti-aging; st\u00f6d f\u00f6r immunsystemet; \u00e5terh\u00e4mtningshj\u00e4lp<br \/>\n<strong>Specifikation:<\/strong> 10 mg per vial; 10 vials\/Kit<br \/>\n<strong>CAS:<\/strong> 79621-14-0<br \/>\n<strong>Utseende:<\/strong> White lyophilized powder<\/p>","protected":false},"featured_media":9562,"comment_status":"open","ping_status":"closed","template":"","meta":[],"product_cat":[51,60],"product_tag":[162,159,320,307],"class_list":{"0":"post-9566","1":"product","2":"type-product","3":"status-publish","4":"has-post-thumbnail","6":"product_brand-dp-hghpeptides","7":"product_brand-hgh-peptides-lab","8":"product_cat-peptides-for-healing","9":"product_cat-specialty-peptides","10":"product_tag-anti-aging-longevity-peptides","11":"product_tag-anti-inflammatory-peptides","12":"product_tag-beginner-friendly-peptides","13":"product_tag-thymalin","15":"first","16":"instock","17":"shipping-taxable","18":"purchasable","19":"product-type-simple"},"yoast_head":"<!-- This site is optimized with the Yoast SEO Premium plugin v27.3 (Yoast SEO v27.3) - https:\/\/yoast.com\/product\/yoast-seo-premium-wordpress\/ -->\n<title>Thymalin Peptide 10mg | HGH Peptides Lab \u2014 Factory-Direct, China<\/title>\n<meta name=\"description\" content=\"Thymalin peptide 10mg\/vial, 10 vials\/Kit. 99% purity, pharmaceutical-grade quality. Factory-direct from China with fast shipping. See price, specs and buying tips.\" \/>\n<meta name=\"robots\" content=\"index, follow, max-snippet:-1, max-image-preview:large, max-video-preview:-1\" \/>\n<link rel=\"canonical\" href=\"https:\/\/hghpeptideslab.com\/sv\/product\/thymalin\/\" \/>\n<meta property=\"og:locale\" content=\"sv_SE\" \/>\n<meta property=\"og:type\" content=\"article\" \/>\n<meta property=\"og:title\" content=\"Thymalin Peptide\" \/>\n<meta property=\"og:description\" content=\"Thymalin peptide 10mg\/vial, 10 vials\/Kit. 99% purity, pharmaceutical-grade quality. Factory-direct from China with fast shipping. See price, specs and buying tips.\" \/>\n<meta property=\"og:url\" content=\"https:\/\/hghpeptideslab.com\/sv\/product\/thymalin\/\" \/>\n<meta property=\"og:site_name\" content=\"HGH Peptides Lab\" \/>\n<meta property=\"article:modified_time\" content=\"2025-10-23T01:34:24+00:00\" \/>\n<meta property=\"og:image\" content=\"https:\/\/hghpeptideslab.com\/wp-content\/uploads\/2025\/09\/thymalin-10mg.jpg\" \/>\n\t<meta property=\"og:image:width\" content=\"800\" \/>\n\t<meta property=\"og:image:height\" content=\"800\" \/>\n\t<meta property=\"og:image:type\" content=\"image\/jpeg\" \/>\n<meta name=\"twitter:card\" content=\"summary_large_image\" \/>\n<meta name=\"twitter:label1\" content=\"Ber\u00e4knad l\u00e4stid\" \/>\n\t<meta name=\"twitter:data1\" content=\"1 minut\" \/>\n<script type=\"application\/ld+json\" class=\"yoast-schema-graph\">{\"@context\":\"https:\\\/\\\/schema.org\",\"@graph\":[{\"@type\":\"WebPage\",\"@id\":\"https:\\\/\\\/hghpeptideslab.com\\\/product\\\/thymalin\\\/\",\"url\":\"https:\\\/\\\/hghpeptideslab.com\\\/product\\\/thymalin\\\/\",\"name\":\"Thymalin Peptide 10mg | HGH Peptides Lab \u2014 Factory-Direct, China\",\"isPartOf\":{\"@id\":\"https:\\\/\\\/hghpeptideslab.com\\\/#website\"},\"primaryImageOfPage\":{\"@id\":\"https:\\\/\\\/hghpeptideslab.com\\\/product\\\/thymalin\\\/#primaryimage\"},\"image\":{\"@id\":\"https:\\\/\\\/hghpeptideslab.com\\\/product\\\/thymalin\\\/#primaryimage\"},\"thumbnailUrl\":\"https:\\\/\\\/hghpeptideslab.com\\\/wp-content\\\/uploads\\\/2025\\\/09\\\/thymalin-10mg.jpg\",\"datePublished\":\"2025-09-03T00:03:11+00:00\",\"dateModified\":\"2025-10-23T01:34:24+00:00\",\"description\":\"Thymalin peptide 10mg\\\/vial, 10 vials\\\/Kit. 99% purity, pharmaceutical-grade quality. Factory-direct from China with fast shipping. See price, specs and buying tips.\",\"breadcrumb\":{\"@id\":\"https:\\\/\\\/hghpeptideslab.com\\\/product\\\/thymalin\\\/#breadcrumb\"},\"inLanguage\":\"sv-SE\",\"potentialAction\":[{\"@type\":\"ReadAction\",\"target\":[\"https:\\\/\\\/hghpeptideslab.com\\\/product\\\/thymalin\\\/\"]}],\"copyrightNotice\":\"\u00a9 2010\u20132026 HGH Peptides Lab. All Rights Reserved.\"},{\"@type\":\"ImageObject\",\"inLanguage\":\"sv-SE\",\"@id\":\"https:\\\/\\\/hghpeptideslab.com\\\/product\\\/thymalin\\\/#primaryimage\",\"url\":\"https:\\\/\\\/hghpeptideslab.com\\\/wp-content\\\/uploads\\\/2025\\\/09\\\/thymalin-10mg.jpg\",\"contentUrl\":\"https:\\\/\\\/hghpeptideslab.com\\\/wp-content\\\/uploads\\\/2025\\\/09\\\/thymalin-10mg.jpg\",\"width\":800,\"height\":800,\"caption\":\"10 mg per vial; 10 vials\\\/Kit (factory-direct).\"},{\"@type\":\"BreadcrumbList\",\"@id\":\"https:\\\/\\\/hghpeptideslab.com\\\/product\\\/thymalin\\\/#breadcrumb\",\"itemListElement\":[{\"@type\":\"ListItem\",\"position\":1,\"name\":\"Home\",\"item\":\"https:\\\/\\\/hghpeptideslab.com\\\/\"},{\"@type\":\"ListItem\",\"position\":2,\"name\":\"Shop\",\"item\":\"https:\\\/\\\/hghpeptideslab.com\\\/shop\\\/\"},{\"@type\":\"ListItem\",\"position\":3,\"name\":\"Thymalin Peptide\"}]},{\"@type\":\"WebSite\",\"@id\":\"https:\\\/\\\/hghpeptideslab.com\\\/#website\",\"url\":\"https:\\\/\\\/hghpeptideslab.com\\\/\",\"name\":\"HGH Peptides Lab\",\"description\":\"Premium Peptides &amp; HGH Shop\",\"publisher\":{\"@id\":\"https:\\\/\\\/hghpeptideslab.com\\\/#organization\"},\"potentialAction\":[{\"@type\":\"SearchAction\",\"target\":{\"@type\":\"EntryPoint\",\"urlTemplate\":\"https:\\\/\\\/hghpeptideslab.com\\\/?s={search_term_string}\"},\"query-input\":{\"@type\":\"PropertyValueSpecification\",\"valueRequired\":true,\"valueName\":\"search_term_string\"}}],\"inLanguage\":\"sv-SE\"},{\"@type\":\"Organization\",\"@id\":\"https:\\\/\\\/hghpeptideslab.com\\\/#organization\",\"name\":\"HGH Peptides Lab\",\"url\":\"https:\\\/\\\/hghpeptideslab.com\\\/sv\\\/\",\"logo\":{\"@type\":\"ImageObject\",\"url\":\"https:\\\/\\\/hghpeptideslab.com\\\/wp-content\\\/uploads\\\/2025\\\/07\\\/HGHPEPTIDESLAB-Logo.png\"},\"image\":{\"@id\":\"https:\\\/\\\/hghpeptideslab.com\\\/#\\\/schema\\\/logo\\\/image\\\/\"},\"foundingDate\":\"2010\",\"contactPoint\":[{\"@type\":\"ContactPoint\",\"contactType\":\"customer support\",\"telephone\":\"+85247559641\",\"email\":\"CYGGL2025@gmail.com\",\"availableLanguage\":[\"en\"]}]}]}<\/script>\n<!-- \/ Yoast SEO Premium plugin. -->","yoast_head_json":{"title":"Thymalin Peptide 10mg | HGH Peptides Lab - Fabriksdirekt, Kina","description":"Thymalin peptid 10mg\/vial, 10 vials\/Kit. 99% purity, kvalitet av farmaceutisk kvalitet. Fabriksdirekt fr\u00e5n Kina med snabb frakt. Se pris, specifikationer och k\u00f6ptips.","robots":{"index":"index","follow":"follow","max-snippet":"max-snippet:-1","max-image-preview":"max-image-preview:large","max-video-preview":"max-video-preview:-1"},"canonical":"https:\/\/hghpeptideslab.com\/sv\/product\/thymalin\/","og_locale":"sv_SE","og_type":"article","og_title":"Thymalin Peptide","og_description":"Thymalin peptide 10mg\/vial, 10 vials\/Kit. 99% purity, pharmaceutical-grade quality. Factory-direct from China with fast shipping. See price, specs and buying tips.","og_url":"https:\/\/hghpeptideslab.com\/sv\/product\/thymalin\/","og_site_name":"HGH Peptides Lab","article_modified_time":"2025-10-23T01:34:24+00:00","og_image":[{"width":800,"height":800,"url":"https:\/\/hghpeptideslab.com\/wp-content\/uploads\/2025\/09\/thymalin-10mg.jpg","type":"image\/jpeg"}],"twitter_card":"summary_large_image","twitter_misc":{"Ber\u00e4knad l\u00e4stid":"1 minut"},"schema":{"@context":"https:\/\/schema.org","@graph":[{"@type":"WebPage","@id":"https:\/\/hghpeptideslab.com\/product\/thymalin\/","url":"https:\/\/hghpeptideslab.com\/product\/thymalin\/","name":"Thymalin Peptide 10mg | HGH Peptides Lab - Fabriksdirekt, Kina","isPartOf":{"@id":"https:\/\/hghpeptideslab.com\/#website"},"primaryImageOfPage":{"@id":"https:\/\/hghpeptideslab.com\/product\/thymalin\/#primaryimage"},"image":{"@id":"https:\/\/hghpeptideslab.com\/product\/thymalin\/#primaryimage"},"thumbnailUrl":"https:\/\/hghpeptideslab.com\/wp-content\/uploads\/2025\/09\/thymalin-10mg.jpg","datePublished":"2025-09-03T00:03:11+00:00","dateModified":"2025-10-23T01:34:24+00:00","description":"Thymalin peptid 10mg\/vial, 10 vials\/Kit. 99% purity, kvalitet av farmaceutisk kvalitet. Fabriksdirekt fr\u00e5n Kina med snabb frakt. Se pris, specifikationer och k\u00f6ptips.","breadcrumb":{"@id":"https:\/\/hghpeptideslab.com\/product\/thymalin\/#breadcrumb"},"inLanguage":"sv-SE","potentialAction":[{"@type":"ReadAction","target":["https:\/\/hghpeptideslab.com\/product\/thymalin\/"]}],"copyrightNotice":"\u00a9 2010\u20132026 HGH Peptides Lab. All Rights Reserved."},{"@type":"ImageObject","inLanguage":"sv-SE","@id":"https:\/\/hghpeptideslab.com\/product\/thymalin\/#primaryimage","url":"https:\/\/hghpeptideslab.com\/wp-content\/uploads\/2025\/09\/thymalin-10mg.jpg","contentUrl":"https:\/\/hghpeptideslab.com\/wp-content\/uploads\/2025\/09\/thymalin-10mg.jpg","width":800,"height":800,"caption":"10 mg per vial; 10 vials\/Kit (factory-direct)."},{"@type":"BreadcrumbList","@id":"https:\/\/hghpeptideslab.com\/product\/thymalin\/#breadcrumb","itemListElement":[{"@type":"ListItem","position":1,"name":"Home","item":"https:\/\/hghpeptideslab.com\/"},{"@type":"ListItem","position":2,"name":"Shop","item":"https:\/\/hghpeptideslab.com\/shop\/"},{"@type":"ListItem","position":3,"name":"Thymalin Peptide"}]},{"@type":"WebSite","@id":"https:\/\/hghpeptideslab.com\/#website","url":"https:\/\/hghpeptideslab.com\/","name":"HGH Peptides Lab","description":"Premium Peptides &amp; HGH Butik","publisher":{"@id":"https:\/\/hghpeptideslab.com\/#organization"},"potentialAction":[{"@type":"SearchAction","target":{"@type":"EntryPoint","urlTemplate":"https:\/\/hghpeptideslab.com\/?s={search_term_string}"},"query-input":{"@type":"PropertyValueSpecification","valueRequired":true,"valueName":"search_term_string"}}],"inLanguage":"sv-SE"},{"@type":"Organization","@id":"https:\/\/hghpeptideslab.com\/#organization","name":"HGH Peptides Lab","url":"https:\/\/hghpeptideslab.com\/sv\/","logo":{"@type":"ImageObject","url":"https:\/\/hghpeptideslab.com\/wp-content\/uploads\/2025\/07\/HGHPEPTIDESLAB-Logo.png"},"image":{"@id":"https:\/\/hghpeptideslab.com\/#\/schema\/logo\/image\/"},"foundingDate":"2010","contactPoint":[{"@type":"ContactPoint","contactType":"customer support","telephone":"+85247559641","email":"CYGGL2025@gmail.com","availableLanguage":["en"]}]}]}},"_links":{"self":[{"href":"https:\/\/hghpeptideslab.com\/sv\/wp-json\/wp\/v2\/product\/9566","targetHints":{"allow":["GET"]}}],"collection":[{"href":"https:\/\/hghpeptideslab.com\/sv\/wp-json\/wp\/v2\/product"}],"about":[{"href":"https:\/\/hghpeptideslab.com\/sv\/wp-json\/wp\/v2\/types\/product"}],"replies":[{"embeddable":true,"href":"https:\/\/hghpeptideslab.com\/sv\/wp-json\/wp\/v2\/comments?post=9566"}],"wp:featuredmedia":[{"embeddable":true,"href":"https:\/\/hghpeptideslab.com\/sv\/wp-json\/wp\/v2\/media\/9562"}],"wp:attachment":[{"href":"https:\/\/hghpeptideslab.com\/sv\/wp-json\/wp\/v2\/media?parent=9566"}],"wp:term":[{"taxonomy":"product_cat","embeddable":true,"href":"https:\/\/hghpeptideslab.com\/sv\/wp-json\/wp\/v2\/product_cat?post=9566"},{"taxonomy":"product_tag","embeddable":true,"href":"https:\/\/hghpeptideslab.com\/sv\/wp-json\/wp\/v2\/product_tag?post=9566"}],"curies":[{"name":"wp","href":"https:\/\/api.w.org\/{rel}","templated":true}]}}