{"id":6309,"date":"2025-08-08T14:23:57","date_gmt":"2025-08-08T14:23:57","guid":{"rendered":"https:\/\/demo2wpopal.b-cdn.net\/supplero\/?page_id=6309"},"modified":"2025-08-25T23:52:41","modified_gmt":"2025-08-25T23:52:41","slug":"refund-and-returns-policy","status":"publish","type":"page","link":"https:\/\/hghpeptideslab.com\/tr\/refund-and-returns-policy\/","title":{"rendered":"Para \u0130adesi ve \u0130ade Politikas\u0131"},"content":{"rendered":"<div data-elementor-type=\"wp-page\" data-elementor-id=\"6309\" class=\"elementor elementor-6309\" data-elementor-post-type=\"page\">\n\t\t\t\t<div class=\"elementor-element elementor-element-6b52856d e-flex e-con-boxed e-con e-parent\" data-id=\"6b52856d\" data-element_type=\"container\" data-e-type=\"container\">\n\t\t\t\t\t<div class=\"e-con-inner\">\n\t\t\t\t<div class=\"elementor-element elementor-element-33fd4783 elementor-widget elementor-widget-text-editor\" data-id=\"33fd4783\" data-element_type=\"widget\" data-e-type=\"widget\" data-widget_type=\"text-editor.default\">\n\t\t\t\t\t\t\t\t\t<p><span style=\"color: #61ce70; font-size: 1.618em; font-weight: bold;\">Genel Bak\u0131\u015f<\/span><\/p>\n<p><!-- \/wp:paragraph -->\n\n<!-- wp:paragraph --><\/p>\n<p data-start=\"660\" data-end=\"861\">Sipari\u015f iptallerini kabul ediyoruz <span style=\"color: #333333;\"><strong data-start=\"690\" data-end=\"735\">\u00fcr\u00fcn sevk edilmeden veya \u00fcretilmeden \u00f6nce<\/strong><\/span>. Sipari\u015finiz zaman\u0131nda iptal edilirse, size bir <strong data-start=\"789\" data-end=\"804\">tam para iadesi<\/strong>. Sipari\u015f g\u00f6nderildikten sonra iptal edilemez.<\/p>\n<p data-start=\"863\" data-end=\"971\">\u00dcr\u00fcnlerimizin hassas yap\u0131s\u0131 nedeniyle, <strong data-start=\"908\" data-end=\"950\">i\u0307ade ve de\u011fi\u0307\u015fi\u0307m kabul edi\u0307lmemektedi\u0307r<\/strong>durumlar hari\u00e7 olmak \u00fczere:<\/p>\n<ul data-start=\"973\" data-end=\"1048\">\n<li data-start=\"973\" data-end=\"999\">\n<p data-start=\"975\" data-end=\"999\">\u00dcr\u00fcn kalitesi sorunlar\u0131<\/p>\n<\/li>\n<li data-start=\"1000\" data-end=\"1026\">\n<p data-start=\"1002\" data-end=\"1026\">Nakliye s\u0131ras\u0131nda hasar<\/p>\n<\/li>\n<li data-start=\"1027\" data-end=\"1048\">\n<p data-start=\"1029\" data-end=\"1048\">G\u00fcmr\u00fck g\u00f6zalt\u0131s\u0131<\/p>\n<\/li>\n<\/ul>\n<p data-start=\"1050\" data-end=\"1096\">Bu gibi durumlarda, biz <strong data-start=\"1068\" data-end=\"1095\">100% geri \u00f6deme garantisi<\/strong>.<\/p>\n<p><!-- \/wp:list -->\n\n<!-- wp:paragraph --><\/p>\n<h3>Geri \u00d6deme S\u00fcreci<\/h3>\n<p><!-- \/wp:paragraph -->\n\n<!-- wp:paragraph --><\/p>\n<p data-start=\"1122\" data-end=\"1281\">\u00dcr\u00fcn\u00fcn\u00fcz para iadesi i\u00e7in uygunsa, l\u00fctfen bizimle \u015fu adresten ileti\u015fime ge\u00e7in <strong data-start=\"1183\" data-end=\"1206\"><a class=\"cursor-pointer\" rel=\"noopener\" data-start=\"1185\" data-end=\"1204\">cyggl2025@gmail.com<\/a><\/strong> destekleyici kan\u0131tlarla (\u00f6rn. foto\u011fraf veya takip detaylar\u0131) birlikte. Do\u011fruland\u0131ktan sonra:<\/p>\n<ul data-start=\"1283\" data-end=\"1421\">\n<li data-start=\"1283\" data-end=\"1332\">\n<p data-start=\"1285\" data-end=\"1332\">Onay\u0131n\u0131z\u0131 onaylayan bir e-posta alacaks\u0131n\u0131z<\/p>\n<\/li>\n<li data-start=\"1333\" data-end=\"1421\">\n<p data-start=\"1335\" data-end=\"1421\">Para iadeleri, orijinal \u00f6deme y\u00f6nteminize <strong data-start=\"1400\" data-end=\"1421\">3-7 i\u015f g\u00fcn\u00fc<\/strong><\/p>\n<\/li>\n<\/ul>\n<p><!-- \/wp:paragraph -->\n\n<!-- wp:paragraph --><\/p>\n<h3>Nakliye Sorumlulu\u011fu<\/h3>\n<p><!-- \/wp:paragraph -->\n\n<!-- wp:paragraph --><\/p>\n<p data-start=\"1456\" data-end=\"1486\">M\u00fc\u015fteriler a\u015fa\u011f\u0131dakilerden sorumludur:<\/p>\n<ul data-start=\"1488\" data-end=\"1592\">\n<li data-start=\"1488\" data-end=\"1543\">\n<p data-start=\"1490\" data-end=\"1543\">Do\u011fru sevkiyat ve ileti\u015fim bilgilerinin sa\u011flanmas\u0131<\/p>\n<\/li>\n<li data-start=\"1544\" data-end=\"1592\">\n<p data-start=\"1546\" data-end=\"1592\">\u0130ade nakliye masraflar\u0131n\u0131n kar\u015f\u0131lanmas\u0131 (varsa)<\/p>\n<\/li>\n<\/ul>\n<p data-start=\"1594\" data-end=\"1685\">Biz <strong data-start=\"1601\" data-end=\"1620\">sorumlu de\u011fil<\/strong> \u00fc\u00e7\u00fcnc\u00fc taraf kuryelerin veya g\u00fcmr\u00fck i\u015flemlerinin neden oldu\u011fu gecikmeler i\u00e7in.<\/p>\n<p><!-- \/wp:paragraph -->\n\n<!-- wp:paragraph --><\/p>\n<h3>\u00d6nemli Notlar<\/h3>\n<div>\n<ul>\n<li>\n<p>Para iadeleri <strong data-start=\"1726\" data-end=\"1743\">mevcut de\u011fil<\/strong> Destekleyici foto\u011frafl\u0131 kan\u0131t sunulmad\u0131\u011f\u0131 s\u00fcrece \"Teslim Edildi\" olarak i\u015faretlenen sipari\u015fler i\u00e7in<\/p>\n<\/li>\n<li>\n<p>Dijital\/indirilebilir \u00fcr\u00fcnler <strong data-start=\"1860\" data-end=\"1878\">geri \u00f6demesiz<\/strong><\/p>\n<\/li>\n<li>\n<p>Toptan veya toplu al\u0131mlar i\u00e7in, iade uygunlu\u011fu a\u015fa\u011f\u0131dakilere g\u00f6re belirlenir <strong data-start=\"1954\" data-end=\"1976\">vaka baz\u0131nda<\/strong><\/p>\n<\/li>\n<\/ul>\n<p>&nbsp;<\/p>\n<\/div>\n<p><!-- \/wp:paragraph -->\n\n<!-- wp:paragraph --><\/p>\n<h3>Yard\u0131ma m\u0131 ihtiyac\u0131n\u0131z var?<\/h3>\n<p><!-- \/wp:paragraph -->\n\n<!-- wp:paragraph --><\/p>\n<p>Geri \u00f6demeler veya iadelerle ilgili herhangi bir sorunuz varsa, l\u00fctfen bize e-posta g\u00f6nderin <strong data-start=\"2073\" data-end=\"2096\">cyggl2025@gmail.com<\/strong>.<br data-start=\"2097\" data-end=\"2100\" \/>En k\u0131sa s\u00fcrede yan\u0131t vermeyi hedefliyoruz <strong data-start=\"2125\" data-end=\"2137\">24 saat<\/strong>.<\/p>\n<p><!-- \/wp:paragraph --><\/p>\n\t\t\t\t\t\t\t\t<\/div>\n\t\t\t\t\t<\/div>\n\t\t\t\t<\/div>\n\t\t\t\t<\/div>","protected":false},"excerpt":{"rendered":"<p>Overview We accept order cancellations before the product is shipped or produced. If your order is canceled in time, you\u2019ll receive a full refund. Once the order has been shipped, it cannot be canceled. Due to the sensitive nature of our products, returns and exchanges are not accepted, except in cases of: Product quality issues [&hellip;]<\/p>\n","protected":false},"author":1,"featured_media":0,"parent":0,"menu_order":0,"comment_status":"closed","ping_status":"closed","template":"","meta":{"footnotes":""},"class_list":["post-6309","page","type-page","status-publish","hentry"],"yoast_head":"<!-- This site is optimized with the Yoast SEO Premium plugin v27.6 (Yoast SEO v27.6) - https:\/\/yoast.com\/product\/yoast-seo-premium-wordpress\/ -->\n<title>Refund &amp; Returns Policy | Safe, Transparent &amp; Guaranteed \u2013 HGH Peptides Lab<\/title>\n<meta name=\"description\" content=\"Learn how HGH Peptides Lab ensures secure refunds and fair return terms. Covers cancellations, shipping damage, customs issues, and 100% money-back guarantee.\" \/>\n<meta name=\"robots\" content=\"index, follow, max-snippet:-1, max-image-preview:large, max-video-preview:-1\" \/>\n<link rel=\"canonical\" href=\"https:\/\/hghpeptideslab.com\/tr\/refund-and-returns-policy\/\" \/>\n<meta property=\"og:locale\" content=\"tr_TR\" \/>\n<meta property=\"og:type\" content=\"article\" \/>\n<meta property=\"og:title\" content=\"Refund and Returns Policy\" \/>\n<meta property=\"og:description\" content=\"Learn how HGH Peptides Lab ensures secure refunds and fair return terms. Covers cancellations, shipping damage, customs issues, and 100% money-back guarantee.\" \/>\n<meta property=\"og:url\" content=\"https:\/\/hghpeptideslab.com\/tr\/refund-and-returns-policy\/\" \/>\n<meta property=\"og:site_name\" content=\"HGH Peptides Lab\" \/>\n<meta property=\"article:modified_time\" content=\"2025-08-25T23:52:41+00:00\" \/>\n<meta name=\"twitter:card\" content=\"summary_large_image\" \/>\n<meta name=\"twitter:label1\" content=\"Tahmini okuma s\u00fcresi\" \/>\n\t<meta name=\"twitter:data1\" content=\"2 dakika\" \/>\n<script type=\"application\/ld+json\" class=\"yoast-schema-graph\">{\"@context\":\"https:\\\/\\\/schema.org\",\"@graph\":[{\"@type\":\"WebPage\",\"@id\":\"https:\\\/\\\/hghpeptideslab.com\\\/refund-and-returns-policy\\\/\",\"url\":\"https:\\\/\\\/hghpeptideslab.com\\\/refund-and-returns-policy\\\/\",\"name\":\"Refund & Returns Policy | Safe, Transparent & Guaranteed \u2013 HGH Peptides Lab\",\"isPartOf\":{\"@id\":\"https:\\\/\\\/hghpeptideslab.com\\\/#website\"},\"datePublished\":\"2025-08-08T14:23:57+00:00\",\"dateModified\":\"2025-08-25T23:52:41+00:00\",\"description\":\"Learn how HGH Peptides Lab ensures secure refunds and fair return terms. Covers cancellations, shipping damage, customs issues, and 100% money-back guarantee.\",\"breadcrumb\":{\"@id\":\"https:\\\/\\\/hghpeptideslab.com\\\/refund-and-returns-policy\\\/#breadcrumb\"},\"inLanguage\":\"tr\",\"potentialAction\":[{\"@type\":\"ReadAction\",\"target\":[\"https:\\\/\\\/hghpeptideslab.com\\\/refund-and-returns-policy\\\/\"]}],\"copyrightNotice\":\"\u00a9 2010\u20132026 HGH Peptides Lab. All Rights Reserved.\"},{\"@type\":\"BreadcrumbList\",\"@id\":\"https:\\\/\\\/hghpeptideslab.com\\\/refund-and-returns-policy\\\/#breadcrumb\",\"itemListElement\":[{\"@type\":\"ListItem\",\"position\":1,\"name\":\"Home\",\"item\":\"https:\\\/\\\/hghpeptideslab.com\\\/\"},{\"@type\":\"ListItem\",\"position\":2,\"name\":\"Refund and Returns Policy\"}]},{\"@type\":\"WebSite\",\"@id\":\"https:\\\/\\\/hghpeptideslab.com\\\/#website\",\"url\":\"https:\\\/\\\/hghpeptideslab.com\\\/\",\"name\":\"HGH Peptides Lab\",\"description\":\"Premium Peptides &amp; HGH Shop\",\"publisher\":{\"@id\":\"https:\\\/\\\/hghpeptideslab.com\\\/#organization\"},\"potentialAction\":[{\"@type\":\"SearchAction\",\"target\":{\"@type\":\"EntryPoint\",\"urlTemplate\":\"https:\\\/\\\/hghpeptideslab.com\\\/?s={search_term_string}\"},\"query-input\":{\"@type\":\"PropertyValueSpecification\",\"valueRequired\":true,\"valueName\":\"search_term_string\"}}],\"inLanguage\":\"tr\"},{\"@type\":\"Organization\",\"@id\":\"https:\\\/\\\/hghpeptideslab.com\\\/#organization\",\"name\":\"HGH Peptides Lab\",\"url\":\"https:\\\/\\\/hghpeptideslab.com\\\/tr\\\/\",\"logo\":{\"@type\":\"ImageObject\",\"url\":\"https:\\\/\\\/hghpeptideslab.com\\\/wp-content\\\/uploads\\\/2025\\\/07\\\/HGHPEPTIDESLAB-Logo.png\"},\"image\":{\"@id\":\"https:\\\/\\\/hghpeptideslab.com\\\/#\\\/schema\\\/logo\\\/image\\\/\"},\"foundingDate\":\"2010\",\"contactPoint\":[{\"@type\":\"ContactPoint\",\"contactType\":\"customer support\",\"telephone\":\"+85247559641\",\"email\":\"CYGGL2025@gmail.com\",\"availableLanguage\":[\"en\"]}]}]}<\/script>\n<!-- \/ Yoast SEO Premium plugin. -->","yoast_head_json":{"title":"\u0130ade ve Geri \u00d6deme Politikas\u0131 | G\u00fcvenli, \u015eeffaf ve Garantili - HGH Peptides Lab","description":"HGH Peptides Lab'nin g\u00fcvenli geri \u00f6demeleri ve adil iade ko\u015fullar\u0131n\u0131 nas\u0131l sa\u011flad\u0131\u011f\u0131n\u0131 \u00f6\u011frenin. \u0130ptalleri, nakliye hasarlar\u0131n\u0131, g\u00fcmr\u00fck sorunlar\u0131n\u0131 ve 100% para iade garantisini kapsar.","robots":{"index":"index","follow":"follow","max-snippet":"max-snippet:-1","max-image-preview":"max-image-preview:large","max-video-preview":"max-video-preview:-1"},"canonical":"https:\/\/hghpeptideslab.com\/tr\/refund-and-returns-policy\/","og_locale":"tr_TR","og_type":"article","og_title":"Refund and Returns Policy","og_description":"Learn how HGH Peptides Lab ensures secure refunds and fair return terms. Covers cancellations, shipping damage, customs issues, and 100% money-back guarantee.","og_url":"https:\/\/hghpeptideslab.com\/tr\/refund-and-returns-policy\/","og_site_name":"HGH Peptides Lab","article_modified_time":"2025-08-25T23:52:41+00:00","twitter_card":"summary_large_image","twitter_misc":{"Tahmini okuma s\u00fcresi":"2 dakika"},"schema":{"@context":"https:\/\/schema.org","@graph":[{"@type":"WebPage","@id":"https:\/\/hghpeptideslab.com\/refund-and-returns-policy\/","url":"https:\/\/hghpeptideslab.com\/refund-and-returns-policy\/","name":"\u0130ade ve Geri \u00d6deme Politikas\u0131 | G\u00fcvenli, \u015eeffaf ve Garantili - HGH Peptides Lab","isPartOf":{"@id":"https:\/\/hghpeptideslab.com\/#website"},"datePublished":"2025-08-08T14:23:57+00:00","dateModified":"2025-08-25T23:52:41+00:00","description":"HGH Peptides Lab'nin g\u00fcvenli geri \u00f6demeleri ve adil iade ko\u015fullar\u0131n\u0131 nas\u0131l sa\u011flad\u0131\u011f\u0131n\u0131 \u00f6\u011frenin. \u0130ptalleri, nakliye hasarlar\u0131n\u0131, g\u00fcmr\u00fck sorunlar\u0131n\u0131 ve 100% para iade garantisini kapsar.","breadcrumb":{"@id":"https:\/\/hghpeptideslab.com\/refund-and-returns-policy\/#breadcrumb"},"inLanguage":"tr","potentialAction":[{"@type":"ReadAction","target":["https:\/\/hghpeptideslab.com\/refund-and-returns-policy\/"]}],"copyrightNotice":"\u00a9 2010\u20132026 HGH Peptides Lab. All Rights Reserved."},{"@type":"BreadcrumbList","@id":"https:\/\/hghpeptideslab.com\/refund-and-returns-policy\/#breadcrumb","itemListElement":[{"@type":"ListItem","position":1,"name":"Home","item":"https:\/\/hghpeptideslab.com\/"},{"@type":"ListItem","position":2,"name":"Refund and Returns Policy"}]},{"@type":"WebSite","@id":"https:\/\/hghpeptideslab.com\/#website","url":"https:\/\/hghpeptideslab.com\/","name":"HGH Peptides Lab","description":"Premium Peptides &amp; HGH Ma\u011faza","publisher":{"@id":"https:\/\/hghpeptideslab.com\/#organization"},"potentialAction":[{"@type":"SearchAction","target":{"@type":"EntryPoint","urlTemplate":"https:\/\/hghpeptideslab.com\/?s={search_term_string}"},"query-input":{"@type":"PropertyValueSpecification","valueRequired":true,"valueName":"search_term_string"}}],"inLanguage":"tr"},{"@type":"Organization","@id":"https:\/\/hghpeptideslab.com\/#organization","name":"HGH Peptides Lab","url":"https:\/\/hghpeptideslab.com\/tr\/","logo":{"@type":"ImageObject","url":"https:\/\/hghpeptideslab.com\/wp-content\/uploads\/2025\/07\/HGHPEPTIDESLAB-Logo.png"},"image":{"@id":"https:\/\/hghpeptideslab.com\/#\/schema\/logo\/image\/"},"foundingDate":"2010","contactPoint":[{"@type":"ContactPoint","contactType":"customer support","telephone":"+85247559641","email":"CYGGL2025@gmail.com","availableLanguage":["en"]}]}]}},"_links":{"self":[{"href":"https:\/\/hghpeptideslab.com\/tr\/wp-json\/wp\/v2\/pages\/6309","targetHints":{"allow":["GET"]}}],"collection":[{"href":"https:\/\/hghpeptideslab.com\/tr\/wp-json\/wp\/v2\/pages"}],"about":[{"href":"https:\/\/hghpeptideslab.com\/tr\/wp-json\/wp\/v2\/types\/page"}],"author":[{"embeddable":true,"href":"https:\/\/hghpeptideslab.com\/tr\/wp-json\/wp\/v2\/users\/1"}],"replies":[{"embeddable":true,"href":"https:\/\/hghpeptideslab.com\/tr\/wp-json\/wp\/v2\/comments?post=6309"}],"version-history":[{"count":10,"href":"https:\/\/hghpeptideslab.com\/tr\/wp-json\/wp\/v2\/pages\/6309\/revisions"}],"predecessor-version":[{"id":8743,"href":"https:\/\/hghpeptideslab.com\/tr\/wp-json\/wp\/v2\/pages\/6309\/revisions\/8743"}],"wp:attachment":[{"href":"https:\/\/hghpeptideslab.com\/tr\/wp-json\/wp\/v2\/media?parent=6309"}],"curies":[{"name":"wp","href":"https:\/\/api.w.org\/{rel}","templated":true}]}}