{"id":9415,"date":"2025-08-30T03:19:58","date_gmt":"2025-08-30T03:19:58","guid":{"rendered":"https:\/\/hghpeptideslab.com\/?page_id=9415"},"modified":"2025-08-30T03:19:59","modified_gmt":"2025-08-30T03:19:59","slug":"shipping-policy","status":"publish","type":"page","link":"https:\/\/hghpeptideslab.com\/tr\/shipping-policy\/","title":{"rendered":"Nakliye ve Teslimat Politikas\u0131"},"content":{"rendered":"<h2 class=\"wp-block-heading\" id=\"h-shipping-amp-delivery-policy\">Nakliye ve Teslimat Politikas\u0131<\/h2>\n\n\n\n<p>D\u00fcnya \u00e7ap\u0131nda \u015fu yolla g\u00f6nderiyoruz <strong>FedEx \/ UPS \/ DHL \/ TNT<\/strong>. Sipari\u015fler i\u015f g\u00fcnlerinde i\u015fleme al\u0131n\u0131r. Paketiniz g\u00f6nderildikten sonra e-posta\/WhatsApp ile bir takip numaras\u0131 alacaks\u0131n\u0131z.<\/p>\n\n\n\n<h3 class=\"wp-block-heading\" id=\"h-processing-times\">\u0130\u015flem S\u00fcreleri<\/h3>\n\n\n\n<ul class=\"wp-block-list\">\n<li>Tipik i\u015flem s\u00fcresi: 1-3 i\u015f g\u00fcn\u00fc (stok ve spesifikasyonlara ba\u011fl\u0131 olarak).<\/li>\n\n\n\n<li>\u00d6zel \u00f6zellikler: \u00f6deme yap\u0131lmadan \u00f6nce destek taraf\u0131ndan onaylanan teslim s\u00fcresi.<\/li>\n<\/ul>\n\n\n\n<h3 class=\"wp-block-heading\" id=\"h-shipping-regions-amp-carriers\">Nakliye B\u00f6lgeleri ve Ta\u015f\u0131y\u0131c\u0131lar<\/h3>\n\n\n\n<ul class=\"wp-block-list\">\n<li>Kuzey Amerika, AB\/\u0130ngiltere, AU\/NZ, Asya ve di\u011fer b\u00f6lgeler desteklenmektedir.<\/li>\n\n\n\n<li>Ta\u015f\u0131y\u0131c\u0131 var\u0131\u015f yeri, hizmet seviyesi ve g\u00fcvenilirli\u011fe g\u00f6re se\u00e7ilir.<\/li>\n<\/ul>\n\n\n\n<h3 class=\"wp-block-heading\" id=\"h-duties-amp-taxes\">Har\u00e7lar ve Vergiler<\/h3>\n\n\n\n<p>\u0130thalat vergileri\/vergileri (varsa) al\u0131c\u0131n\u0131n sorumlulu\u011fundad\u0131r ve \u00fclkeye\/b\u00f6lgeye g\u00f6re de\u011fi\u015fir. L\u00fctfen yerel gereksinimlerinizi kontrol edin.<\/p>\n\n\n\n<h3 class=\"wp-block-heading\" id=\"h-tracking-amp-support\">Takip ve Destek<\/h3>\n\n\n\n<ul class=\"wp-block-list\">\n<li>Takip ba\u011flant\u0131s\u0131, ta\u015f\u0131y\u0131c\u0131 sistemden temin edildi\u011finde sa\u011flan\u0131r.<\/li>\n\n\n\n<li>Yard\u0131m i\u00e7in ileti\u015fime ge\u00e7in: <a href=\"https:\/\/wa.me\/85247559641\" target=\"_blank\" rel=\"noreferrer noopener\">WhatsApp<\/a> \/ <a href=\"mailto:CYGGL2025@gmail.com\">Email<\/a>.<\/li>\n<\/ul>\n\n\n\n<h3 class=\"wp-block-heading\" id=\"h-notes\">Notlar<\/h3>\n\n\n\n<ul class=\"wp-block-list\">\n<li><strong>BU \u00dcR\u00dcN SADECE ARA\u015eTIRMA KI\u0307MYASALLARI OLARAK KULLANILMAK \u00dcZERE TASARLANMI\u015eTIR. T\u00dcM \u00dcR\u00dcNLER ETI\u0307KETLENMEMI\u0307\u015eTI\u0307R.<\/strong><\/li>\n\n\n\n<li>G\u00fcvenli teslimat\u0131 sa\u011flamak i\u00e7in gerekirse ta\u015f\u0131y\u0131c\u0131y\u0131 \/ hizmeti ayarlama hakk\u0131m\u0131z\u0131 sakl\u0131 tutar\u0131z.<\/li>\n<\/ul>","protected":false},"excerpt":{"rendered":"<p>Shipping &amp; Delivery Policy We ship worldwide via FedEx \/ UPS \/ DHL \/ TNT. Orders are processed on business days. You\u2019ll receive a tracking number by email\/WhatsApp once your parcel is dispatched. Processing Times Shipping Regions &amp; Carriers Duties &amp; Taxes Import duties\/taxes (if applicable) are the buyer\u2019s responsibility and vary by country\/region. Please [&hellip;]<\/p>\n","protected":false},"author":1,"featured_media":0,"parent":0,"menu_order":0,"comment_status":"closed","ping_status":"closed","template":"","meta":{"footnotes":""},"class_list":["post-9415","page","type-page","status-publish","hentry"],"yoast_head":"<!-- This site is optimized with the Yoast SEO Premium plugin v27.5 (Yoast SEO v27.5) - https:\/\/yoast.com\/product\/yoast-seo-premium-wordpress\/ -->\n<title>Shipping &amp; Delivery Policy | HGH Peptides Lab \u2014 Factory-Direct<\/title>\n<meta name=\"description\" content=\"Express shipping via FedEx\/UPS\/DHL\/TNT, processing times, regions, tracking and duties. Factory-direct support from HGH Peptides Lab.\" \/>\n<meta name=\"robots\" content=\"index, follow, max-snippet:-1, max-image-preview:large, max-video-preview:-1\" \/>\n<link rel=\"canonical\" href=\"https:\/\/hghpeptideslab.com\/tr\/shipping-policy\/\" \/>\n<meta property=\"og:locale\" content=\"tr_TR\" \/>\n<meta property=\"og:type\" content=\"article\" \/>\n<meta property=\"og:title\" content=\"Shipping &amp; Delivery Policy\" \/>\n<meta property=\"og:description\" content=\"Express shipping via FedEx\/UPS\/DHL\/TNT, processing times, regions, tracking and duties. Factory-direct support from HGH Peptides Lab.\" \/>\n<meta property=\"og:url\" content=\"https:\/\/hghpeptideslab.com\/tr\/shipping-policy\/\" \/>\n<meta property=\"og:site_name\" content=\"HGH Peptides Lab\" \/>\n<meta property=\"article:modified_time\" content=\"2025-08-30T03:19:59+00:00\" \/>\n<meta name=\"twitter:card\" content=\"summary_large_image\" \/>\n<meta name=\"twitter:label1\" content=\"Tahmini okuma s\u00fcresi\" \/>\n\t<meta name=\"twitter:data1\" content=\"1 dakika\" \/>\n<script type=\"application\/ld+json\" class=\"yoast-schema-graph\">{\"@context\":\"https:\\\/\\\/schema.org\",\"@graph\":[{\"@type\":\"WebPage\",\"@id\":\"https:\\\/\\\/hghpeptideslab.com\\\/shipping-policy\\\/\",\"url\":\"https:\\\/\\\/hghpeptideslab.com\\\/shipping-policy\\\/\",\"name\":\"Shipping & Delivery Policy | HGH Peptides Lab \u2014 Factory-Direct\",\"isPartOf\":{\"@id\":\"https:\\\/\\\/hghpeptideslab.com\\\/#website\"},\"datePublished\":\"2025-08-30T03:19:58+00:00\",\"dateModified\":\"2025-08-30T03:19:59+00:00\",\"description\":\"Express shipping via FedEx\\\/UPS\\\/DHL\\\/TNT, processing times, regions, tracking and duties. Factory-direct support from HGH Peptides Lab.\",\"breadcrumb\":{\"@id\":\"https:\\\/\\\/hghpeptideslab.com\\\/shipping-policy\\\/#breadcrumb\"},\"inLanguage\":\"tr\",\"potentialAction\":[{\"@type\":\"ReadAction\",\"target\":[\"https:\\\/\\\/hghpeptideslab.com\\\/shipping-policy\\\/\"]}],\"copyrightNotice\":\"\u00a9 2010\u20132026 HGH Peptides Lab. All Rights Reserved.\"},{\"@type\":\"BreadcrumbList\",\"@id\":\"https:\\\/\\\/hghpeptideslab.com\\\/shipping-policy\\\/#breadcrumb\",\"itemListElement\":[{\"@type\":\"ListItem\",\"position\":1,\"name\":\"Home\",\"item\":\"https:\\\/\\\/hghpeptideslab.com\\\/\"},{\"@type\":\"ListItem\",\"position\":2,\"name\":\"Shipping & Delivery Policy\"}]},{\"@type\":\"WebSite\",\"@id\":\"https:\\\/\\\/hghpeptideslab.com\\\/#website\",\"url\":\"https:\\\/\\\/hghpeptideslab.com\\\/\",\"name\":\"HGH Peptides Lab\",\"description\":\"Premium Peptides &amp; HGH Shop\",\"publisher\":{\"@id\":\"https:\\\/\\\/hghpeptideslab.com\\\/#organization\"},\"potentialAction\":[{\"@type\":\"SearchAction\",\"target\":{\"@type\":\"EntryPoint\",\"urlTemplate\":\"https:\\\/\\\/hghpeptideslab.com\\\/?s={search_term_string}\"},\"query-input\":{\"@type\":\"PropertyValueSpecification\",\"valueRequired\":true,\"valueName\":\"search_term_string\"}}],\"inLanguage\":\"tr\"},{\"@type\":\"Organization\",\"@id\":\"https:\\\/\\\/hghpeptideslab.com\\\/#organization\",\"name\":\"HGH Peptides Lab\",\"url\":\"https:\\\/\\\/hghpeptideslab.com\\\/tr\\\/\",\"logo\":{\"@type\":\"ImageObject\",\"url\":\"https:\\\/\\\/hghpeptideslab.com\\\/wp-content\\\/uploads\\\/2025\\\/07\\\/HGHPEPTIDESLAB-Logo.png\"},\"image\":{\"@id\":\"https:\\\/\\\/hghpeptideslab.com\\\/#\\\/schema\\\/logo\\\/image\\\/\"},\"foundingDate\":\"2010\",\"contactPoint\":[{\"@type\":\"ContactPoint\",\"contactType\":\"customer support\",\"telephone\":\"+85247559641\",\"email\":\"CYGGL2025@gmail.com\",\"availableLanguage\":[\"en\"]}]}]}<\/script>\n<!-- \/ Yoast SEO Premium plugin. -->","yoast_head_json":{"title":"Nakliye ve Teslimat Politikas\u0131 | HGH Peptides Lab - Factory-Direct","description":"FedEx\/UPS\/DHL\/TNT ile h\u0131zl\u0131 g\u00f6nderi, i\u015flem s\u00fcreleri, b\u00f6lgeler, takip ve vergiler. HGH Peptides Lab'den fabrika do\u011frudan deste\u011fi.","robots":{"index":"index","follow":"follow","max-snippet":"max-snippet:-1","max-image-preview":"max-image-preview:large","max-video-preview":"max-video-preview:-1"},"canonical":"https:\/\/hghpeptideslab.com\/tr\/shipping-policy\/","og_locale":"tr_TR","og_type":"article","og_title":"Shipping &amp; Delivery Policy","og_description":"Express shipping via FedEx\/UPS\/DHL\/TNT, processing times, regions, tracking and duties. Factory-direct support from HGH Peptides Lab.","og_url":"https:\/\/hghpeptideslab.com\/tr\/shipping-policy\/","og_site_name":"HGH Peptides Lab","article_modified_time":"2025-08-30T03:19:59+00:00","twitter_card":"summary_large_image","twitter_misc":{"Tahmini okuma s\u00fcresi":"1 dakika"},"schema":{"@context":"https:\/\/schema.org","@graph":[{"@type":"WebPage","@id":"https:\/\/hghpeptideslab.com\/shipping-policy\/","url":"https:\/\/hghpeptideslab.com\/shipping-policy\/","name":"Nakliye ve Teslimat Politikas\u0131 | HGH Peptides Lab - Factory-Direct","isPartOf":{"@id":"https:\/\/hghpeptideslab.com\/#website"},"datePublished":"2025-08-30T03:19:58+00:00","dateModified":"2025-08-30T03:19:59+00:00","description":"FedEx\/UPS\/DHL\/TNT ile h\u0131zl\u0131 g\u00f6nderi, i\u015flem s\u00fcreleri, b\u00f6lgeler, takip ve vergiler. HGH Peptides Lab'den fabrika do\u011frudan deste\u011fi.","breadcrumb":{"@id":"https:\/\/hghpeptideslab.com\/shipping-policy\/#breadcrumb"},"inLanguage":"tr","potentialAction":[{"@type":"ReadAction","target":["https:\/\/hghpeptideslab.com\/shipping-policy\/"]}],"copyrightNotice":"\u00a9 2010\u20132026 HGH Peptides Lab. All Rights Reserved."},{"@type":"BreadcrumbList","@id":"https:\/\/hghpeptideslab.com\/shipping-policy\/#breadcrumb","itemListElement":[{"@type":"ListItem","position":1,"name":"Home","item":"https:\/\/hghpeptideslab.com\/"},{"@type":"ListItem","position":2,"name":"Shipping & Delivery Policy"}]},{"@type":"WebSite","@id":"https:\/\/hghpeptideslab.com\/#website","url":"https:\/\/hghpeptideslab.com\/","name":"HGH Peptides Lab","description":"Premium Peptides &amp; HGH Ma\u011faza","publisher":{"@id":"https:\/\/hghpeptideslab.com\/#organization"},"potentialAction":[{"@type":"SearchAction","target":{"@type":"EntryPoint","urlTemplate":"https:\/\/hghpeptideslab.com\/?s={search_term_string}"},"query-input":{"@type":"PropertyValueSpecification","valueRequired":true,"valueName":"search_term_string"}}],"inLanguage":"tr"},{"@type":"Organization","@id":"https:\/\/hghpeptideslab.com\/#organization","name":"HGH Peptides Lab","url":"https:\/\/hghpeptideslab.com\/tr\/","logo":{"@type":"ImageObject","url":"https:\/\/hghpeptideslab.com\/wp-content\/uploads\/2025\/07\/HGHPEPTIDESLAB-Logo.png"},"image":{"@id":"https:\/\/hghpeptideslab.com\/#\/schema\/logo\/image\/"},"foundingDate":"2010","contactPoint":[{"@type":"ContactPoint","contactType":"customer support","telephone":"+85247559641","email":"CYGGL2025@gmail.com","availableLanguage":["en"]}]}]}},"_links":{"self":[{"href":"https:\/\/hghpeptideslab.com\/tr\/wp-json\/wp\/v2\/pages\/9415","targetHints":{"allow":["GET"]}}],"collection":[{"href":"https:\/\/hghpeptideslab.com\/tr\/wp-json\/wp\/v2\/pages"}],"about":[{"href":"https:\/\/hghpeptideslab.com\/tr\/wp-json\/wp\/v2\/types\/page"}],"author":[{"embeddable":true,"href":"https:\/\/hghpeptideslab.com\/tr\/wp-json\/wp\/v2\/users\/1"}],"replies":[{"embeddable":true,"href":"https:\/\/hghpeptideslab.com\/tr\/wp-json\/wp\/v2\/comments?post=9415"}],"version-history":[{"count":1,"href":"https:\/\/hghpeptideslab.com\/tr\/wp-json\/wp\/v2\/pages\/9415\/revisions"}],"predecessor-version":[{"id":9416,"href":"https:\/\/hghpeptideslab.com\/tr\/wp-json\/wp\/v2\/pages\/9415\/revisions\/9416"}],"wp:attachment":[{"href":"https:\/\/hghpeptideslab.com\/tr\/wp-json\/wp\/v2\/media?parent=9415"}],"curies":[{"name":"wp","href":"https:\/\/api.w.org\/{rel}","templated":true}]}}