{"id":10205,"date":"2025-11-08T03:43:31","date_gmt":"2025-11-08T03:43:31","guid":{"rendered":"https:\/\/hghpeptideslab.com\/?post_type=product&#038;p=10205"},"modified":"2025-11-08T03:44:37","modified_gmt":"2025-11-08T03:44:37","slug":"slu-pp-332","status":"publish","type":"product","link":"https:\/\/hghpeptideslab.com\/tr\/product\/slu-pp-332\/","title":{"rendered":"SLU-PP-332 Peptide"},"content":{"rendered":"<h3>Genel Bak\u0131\u015f<\/h3>\n<p><strong>SLU-PP-332<\/strong> metabolizma, egzersiz-mimetik ve performans ara\u015ft\u0131rma portf\u00f6ylerinde s\u0131kl\u0131kla tart\u0131\u015f\u0131lan yeni nesil bir peptittir. Tipik olarak vial ba\u015f\u0131na beyaz lyophilized powder olarak tedarik edilir ve laboratuvar ortamlar\u0131nda kullan\u0131lmadan \u00f6nce uygun bir steril seyreltici ile suland\u0131r\u0131l\u0131r.<\/p>\n<p>SLU-PP-332 \u00fcr\u00fcn\u00fcm\u00fcz <strong>GMP-\u00fcretimli<\/strong> (farmas\u00f6tik s\u0131n\u0131f hammadde) ile <strong>99%+ safl\u0131k<\/strong>. Toplu dok\u00fcmantasyon (HPLC\/COA) nitelikli ara\u015ft\u0131rma m\u00fc\u015fterileri i\u00e7in talep \u00fczerine temin edilebilir.<\/p>\n<h3>Temel \u00d6zellikler<\/h3>\n<ul>\n<li>Mevcut g\u00fc\u00e7ler: <strong>5 mg<\/strong> &amp; <strong>10 mg<\/strong> vial ba\u015f\u0131na<\/li>\n<li>Standart kit boyutu: <strong>10 vials\/kit<\/strong> portf\u00f6y planlamas\u0131 i\u00e7in<\/li>\n<li>Form: esnek ara\u015ft\u0131rma protokolleri i\u00e7in beyaz lyophilized peptit tozu<\/li>\n<li>GMP ile \u00fcretilmi\u015ftir <strong>99%+ safl\u0131k<\/strong> (HPLC istek \u00fczerine)<\/li>\n<li>Tutarl\u0131 parti spesifikasyonlar\u0131na sahip \u00c7in merkezli bir laboratuvardan do\u011frudan fabrika \u00e7\u0131k\u0131\u015f\u0131<\/li>\n<li>Takip numaras\u0131 i\u00e7inde sa\u011flan\u0131r <strong>3 i\u015f g\u00fcn\u00fc<\/strong> sevkiyattan sonra<\/li>\n<\/ul>\n<h3>Tipik Ara\u015ft\u0131rma Odaklar\u0131<\/h3>\n<ul>\n<li><strong>Egzersiz-mimetik \u00e7er\u00e7eveler<\/strong> - do\u011frudan mekanik y\u00fck olmadan e\u011fitim benzeri sinyalleri ara\u015ft\u0131ran modeller.<\/li>\n<li><strong>Metabolizma ve enerji dengesi<\/strong> - ya\u011f kullan\u0131m\u0131, enerji harcamas\u0131 ve ilgili belirte\u00e7leri inceleyen tasar\u0131mlar.<\/li>\n<li><strong>V\u00fccut kompozisyonu portf\u00f6yleri<\/strong> - Kontroll\u00fc ortamlarda ya\u011fs\u0131z k\u00fctle ile ya\u011f k\u00fctlesi son noktalar\u0131n\u0131 kar\u015f\u0131la\u015ft\u0131ran \u00e7al\u0131\u015fmalar.<\/li>\n<li><strong>Performans ve kurtarma ba\u011flam\u0131<\/strong> - portf\u00f6y tarz\u0131 di\u011fer metabolizma veya peptit ara\u00e7lar\u0131yla birlikte \u00e7al\u0131\u015f\u0131r.<\/li>\n<\/ul>\n<h3>Depolama ve Stabilite<\/h3>\n<ul>\n<li>vials'yi kapal\u0131 olarak \u015fu adreste saklay\u0131n <strong>2-8 \u00b0C<\/strong>\u0131\u015f\u0131k ve nemden korunmal\u0131d\u0131r.<\/li>\n<li>Tekrarlanan dondurma-\u00e7\u00f6zme d\u00f6ng\u00fclerinden ka\u00e7\u0131n\u0131n; s\u0131k eri\u015fim gerekiyorsa k\u00fc\u00e7\u00fck alikotlar planlay\u0131n.<\/li>\n<li>Suland\u0131r\u0131ld\u0131ktan sonra, derhal dahili laboratuvar SOP'lerinize g\u00f6re kullan\u0131n.<\/li>\n<\/ul>\n<h3>Notlar<\/h3>\n<ul>\n<li>\u0130\u00e7inde \u00fcretilmi\u015ftir <strong>GMP uyumlu<\/strong> 99%+ safl\u0131\u011f\u0131na sahip tesisler.<\/li>\n<li>HPLC\/COA belgeleri, nitelikli ara\u015ft\u0131rma kullan\u0131c\u0131lar\u0131 i\u00e7in istek \u00fczerine temin edilebilir.<\/li>\n<li><strong>Sadece laboratuvar ara\u015ft\u0131rmalar\u0131 i\u00e7indir. \u00dcr\u00fcnler t\u0131bbi kullan\u0131m i\u00e7in etiketlenmemi\u015ftir.<\/strong><\/li>\n<\/ul>","protected":false},"excerpt":{"rendered":"<p><strong>\u0130sim:<\/strong> 99% Purity SLU-PP-332 peptit<br \/>\n<strong>Fonksiyon:<\/strong> Egzersiz taklidi; metabolizma ve performans ara\u015ft\u0131rmas\u0131<br \/>\n<strong>\u00d6zellikler:<\/strong> vial ba\u015f\u0131na 5 mg &amp; 10 mg; 10 vials\/kit<br \/>\n<strong>CAS:<\/strong> 303760-60-3<br \/>\n<strong>G\u00f6r\u00fcn\u00fc\u015f:<\/strong> White lyophilized powder<\/p>","protected":false},"featured_media":10191,"comment_status":"open","ping_status":"closed","template":"","meta":[],"product_cat":[40,46,60],"product_tag":[162,379,374,399],"class_list":{"0":"post-10205","1":"product","2":"type-product","3":"status-publish","4":"has-post-thumbnail","6":"product_brand-dp-hghpeptides","7":"product_brand-hgh-peptides-lab","8":"product_cat-peptides-for-muscle-growth","9":"product_cat-peptides-for-weight-loss","10":"product_cat-specialty-peptides","11":"product_tag-anti-aging-longevity-peptides","12":"product_tag-fat-loss-metabolism","13":"product_tag-muscle-growth-performance","14":"product_tag-slu-pp-332","16":"first","17":"instock","18":"shipping-taxable","19":"purchasable","20":"product-type-variable","21":"has-default-attributes"},"yoast_head":"<!-- This site is optimized with the Yoast SEO Premium plugin v27.6 (Yoast SEO v27.6) - https:\/\/yoast.com\/product\/yoast-seo-premium-wordpress\/ -->\n<title>SLU-PP-332 Peptide | 99% Purity \u2013 HGH Peptides Lab<\/title>\n<meta name=\"description\" content=\"SLU-PP-332 peptide vials from a China-based lab: 99% purity, pharmaceutical-grade quality and factory-direct pricing for metabolism and exercise-mimetic research portfolios. Tracking in 3 business days.\" \/>\n<meta name=\"robots\" content=\"index, follow, max-snippet:-1, max-image-preview:large, max-video-preview:-1\" \/>\n<link rel=\"canonical\" href=\"https:\/\/hghpeptideslab.com\/tr\/\u00fcr\u00fcn\/slu-pp-332\/\" \/>\n<meta property=\"og:locale\" content=\"tr_TR\" \/>\n<meta property=\"og:type\" content=\"article\" \/>\n<meta property=\"og:title\" content=\"SLU-PP-332 Peptide\" \/>\n<meta property=\"og:description\" content=\"SLU-PP-332 peptide vials from a China-based lab: 99% purity, pharmaceutical-grade quality and factory-direct pricing for metabolism and exercise-mimetic research portfolios. Tracking in 3 business days.\" \/>\n<meta property=\"og:url\" content=\"https:\/\/hghpeptideslab.com\/tr\/\u00fcr\u00fcn\/slu-pp-332\/\" \/>\n<meta property=\"og:site_name\" content=\"HGH Peptides Lab\" \/>\n<meta property=\"article:modified_time\" content=\"2025-11-08T03:44:37+00:00\" \/>\n<meta property=\"og:image\" content=\"https:\/\/hghpeptideslab.com\/wp-content\/uploads\/2025\/11\/slu-pp-332-5mg-peptide.jpg\" \/>\n\t<meta property=\"og:image:width\" content=\"800\" \/>\n\t<meta property=\"og:image:height\" content=\"800\" \/>\n\t<meta property=\"og:image:type\" content=\"image\/jpeg\" \/>\n<meta name=\"twitter:card\" content=\"summary_large_image\" \/>\n<meta name=\"twitter:label1\" content=\"Tahmini okuma s\u00fcresi\" \/>\n\t<meta name=\"twitter:data1\" content=\"2 dakika\" \/>\n<script type=\"application\/ld+json\" class=\"yoast-schema-graph\">{\"@context\":\"https:\\\/\\\/schema.org\",\"@graph\":[{\"@type\":\"WebPage\",\"@id\":\"https:\\\/\\\/hghpeptideslab.com\\\/product\\\/slu-pp-332\\\/\",\"url\":\"https:\\\/\\\/hghpeptideslab.com\\\/product\\\/slu-pp-332\\\/\",\"name\":\"SLU-PP-332 Peptide | 99% Purity \u2013 HGH Peptides Lab\",\"isPartOf\":{\"@id\":\"https:\\\/\\\/hghpeptideslab.com\\\/#website\"},\"primaryImageOfPage\":{\"@id\":\"https:\\\/\\\/hghpeptideslab.com\\\/product\\\/slu-pp-332\\\/#primaryimage\"},\"image\":{\"@id\":\"https:\\\/\\\/hghpeptideslab.com\\\/product\\\/slu-pp-332\\\/#primaryimage\"},\"thumbnailUrl\":\"https:\\\/\\\/hghpeptideslab.com\\\/wp-content\\\/uploads\\\/2025\\\/11\\\/slu-pp-332-5mg-peptide.jpg\",\"datePublished\":\"2025-11-08T03:43:31+00:00\",\"dateModified\":\"2025-11-08T03:44:37+00:00\",\"description\":\"SLU-PP-332 peptide vials from a China-based lab: 99% purity, pharmaceutical-grade quality and factory-direct pricing for metabolism and exercise-mimetic research portfolios. Tracking in 3 business days.\",\"breadcrumb\":{\"@id\":\"https:\\\/\\\/hghpeptideslab.com\\\/product\\\/slu-pp-332\\\/#breadcrumb\"},\"inLanguage\":\"tr\",\"potentialAction\":[{\"@type\":\"ReadAction\",\"target\":[\"https:\\\/\\\/hghpeptideslab.com\\\/product\\\/slu-pp-332\\\/\"]}],\"copyrightNotice\":\"\u00a9 2010\u20132026 HGH Peptides Lab. All Rights Reserved.\"},{\"@type\":\"ImageObject\",\"inLanguage\":\"tr\",\"@id\":\"https:\\\/\\\/hghpeptideslab.com\\\/product\\\/slu-pp-332\\\/#primaryimage\",\"url\":\"https:\\\/\\\/hghpeptideslab.com\\\/wp-content\\\/uploads\\\/2025\\\/11\\\/slu-pp-332-5mg-peptide.jpg\",\"contentUrl\":\"https:\\\/\\\/hghpeptideslab.com\\\/wp-content\\\/uploads\\\/2025\\\/11\\\/slu-pp-332-5mg-peptide.jpg\",\"width\":800,\"height\":800,\"caption\":\"SLU-PP-332 5 mg per vial \u2014 factory-direct peptide vials, 99% purity \u00b7 engineered in China \u00b7 pharmaceutical-grade.\"},{\"@type\":\"BreadcrumbList\",\"@id\":\"https:\\\/\\\/hghpeptideslab.com\\\/product\\\/slu-pp-332\\\/#breadcrumb\",\"itemListElement\":[{\"@type\":\"ListItem\",\"position\":1,\"name\":\"Home\",\"item\":\"https:\\\/\\\/hghpeptideslab.com\\\/\"},{\"@type\":\"ListItem\",\"position\":2,\"name\":\"Shop\",\"item\":\"https:\\\/\\\/hghpeptideslab.com\\\/shop\\\/\"},{\"@type\":\"ListItem\",\"position\":3,\"name\":\"SLU-PP-332 Peptide\"}]},{\"@type\":\"WebSite\",\"@id\":\"https:\\\/\\\/hghpeptideslab.com\\\/#website\",\"url\":\"https:\\\/\\\/hghpeptideslab.com\\\/\",\"name\":\"HGH Peptides Lab\",\"description\":\"Premium Peptides &amp; HGH Shop\",\"publisher\":{\"@id\":\"https:\\\/\\\/hghpeptideslab.com\\\/#organization\"},\"potentialAction\":[{\"@type\":\"SearchAction\",\"target\":{\"@type\":\"EntryPoint\",\"urlTemplate\":\"https:\\\/\\\/hghpeptideslab.com\\\/?s={search_term_string}\"},\"query-input\":{\"@type\":\"PropertyValueSpecification\",\"valueRequired\":true,\"valueName\":\"search_term_string\"}}],\"inLanguage\":\"tr\"},{\"@type\":\"Organization\",\"@id\":\"https:\\\/\\\/hghpeptideslab.com\\\/#organization\",\"name\":\"HGH Peptides Lab\",\"url\":\"https:\\\/\\\/hghpeptideslab.com\\\/tr\\\/\",\"logo\":{\"@type\":\"ImageObject\",\"url\":\"https:\\\/\\\/hghpeptideslab.com\\\/wp-content\\\/uploads\\\/2025\\\/07\\\/HGHPEPTIDESLAB-Logo.png\"},\"image\":{\"@id\":\"https:\\\/\\\/hghpeptideslab.com\\\/#\\\/schema\\\/logo\\\/image\\\/\"},\"foundingDate\":\"2010\",\"contactPoint\":[{\"@type\":\"ContactPoint\",\"contactType\":\"customer support\",\"telephone\":\"+85247559641\",\"email\":\"CYGGL2025@gmail.com\",\"availableLanguage\":[\"en\"]}]}]}<\/script>\n<!-- \/ Yoast SEO Premium plugin. -->","yoast_head_json":{"title":"SLU-PP-332 Peptide | 99% Purity - HGH Peptides Lab","description":"\u00c7in merkezli bir laboratuvardan SLU-PP-332 peptit vials: 99% purity, metabolizma ve egzersiz-mimetik ara\u015ft\u0131rma portf\u00f6yleri i\u00e7in farmas\u00f6tik s\u0131n\u0131f kalite ve fabrikadan do\u011frudan fiyatland\u0131rma. 3 i\u015f g\u00fcn\u00fc i\u00e7inde takip.","robots":{"index":"index","follow":"follow","max-snippet":"max-snippet:-1","max-image-preview":"max-image-preview:large","max-video-preview":"max-video-preview:-1"},"canonical":"https:\/\/hghpeptideslab.com\/tr\/\u00fcr\u00fcn\/slu-pp-332\/","og_locale":"tr_TR","og_type":"article","og_title":"SLU-PP-332 Peptide","og_description":"SLU-PP-332 peptide vials from a China-based lab: 99% purity, pharmaceutical-grade quality and factory-direct pricing for metabolism and exercise-mimetic research portfolios. Tracking in 3 business days.","og_url":"https:\/\/hghpeptideslab.com\/tr\/\u00fcr\u00fcn\/slu-pp-332\/","og_site_name":"HGH Peptides Lab","article_modified_time":"2025-11-08T03:44:37+00:00","og_image":[{"width":800,"height":800,"url":"https:\/\/hghpeptideslab.com\/wp-content\/uploads\/2025\/11\/slu-pp-332-5mg-peptide.jpg","type":"image\/jpeg"}],"twitter_card":"summary_large_image","twitter_misc":{"Tahmini okuma s\u00fcresi":"2 dakika"},"schema":{"@context":"https:\/\/schema.org","@graph":[{"@type":"WebPage","@id":"https:\/\/hghpeptideslab.com\/product\/slu-pp-332\/","url":"https:\/\/hghpeptideslab.com\/product\/slu-pp-332\/","name":"SLU-PP-332 Peptide | 99% Purity - HGH Peptides Lab","isPartOf":{"@id":"https:\/\/hghpeptideslab.com\/#website"},"primaryImageOfPage":{"@id":"https:\/\/hghpeptideslab.com\/product\/slu-pp-332\/#primaryimage"},"image":{"@id":"https:\/\/hghpeptideslab.com\/product\/slu-pp-332\/#primaryimage"},"thumbnailUrl":"https:\/\/hghpeptideslab.com\/wp-content\/uploads\/2025\/11\/slu-pp-332-5mg-peptide.jpg","datePublished":"2025-11-08T03:43:31+00:00","dateModified":"2025-11-08T03:44:37+00:00","description":"\u00c7in merkezli bir laboratuvardan SLU-PP-332 peptit vials: 99% purity, metabolizma ve egzersiz-mimetik ara\u015ft\u0131rma portf\u00f6yleri i\u00e7in farmas\u00f6tik s\u0131n\u0131f kalite ve fabrikadan do\u011frudan fiyatland\u0131rma. 3 i\u015f g\u00fcn\u00fc i\u00e7inde takip.","breadcrumb":{"@id":"https:\/\/hghpeptideslab.com\/product\/slu-pp-332\/#breadcrumb"},"inLanguage":"tr","potentialAction":[{"@type":"ReadAction","target":["https:\/\/hghpeptideslab.com\/product\/slu-pp-332\/"]}],"copyrightNotice":"\u00a9 2010\u20132026 HGH Peptides Lab. All Rights Reserved."},{"@type":"ImageObject","inLanguage":"tr","@id":"https:\/\/hghpeptideslab.com\/product\/slu-pp-332\/#primaryimage","url":"https:\/\/hghpeptideslab.com\/wp-content\/uploads\/2025\/11\/slu-pp-332-5mg-peptide.jpg","contentUrl":"https:\/\/hghpeptideslab.com\/wp-content\/uploads\/2025\/11\/slu-pp-332-5mg-peptide.jpg","width":800,"height":800,"caption":"SLU-PP-332 5 mg per vial \u2014 factory-direct peptide vials, 99% purity \u00b7 engineered in China \u00b7 pharmaceutical-grade."},{"@type":"BreadcrumbList","@id":"https:\/\/hghpeptideslab.com\/product\/slu-pp-332\/#breadcrumb","itemListElement":[{"@type":"ListItem","position":1,"name":"Home","item":"https:\/\/hghpeptideslab.com\/"},{"@type":"ListItem","position":2,"name":"Shop","item":"https:\/\/hghpeptideslab.com\/shop\/"},{"@type":"ListItem","position":3,"name":"SLU-PP-332 Peptide"}]},{"@type":"WebSite","@id":"https:\/\/hghpeptideslab.com\/#website","url":"https:\/\/hghpeptideslab.com\/","name":"HGH Peptides Lab","description":"Premium Peptides &amp; HGH Ma\u011faza","publisher":{"@id":"https:\/\/hghpeptideslab.com\/#organization"},"potentialAction":[{"@type":"SearchAction","target":{"@type":"EntryPoint","urlTemplate":"https:\/\/hghpeptideslab.com\/?s={search_term_string}"},"query-input":{"@type":"PropertyValueSpecification","valueRequired":true,"valueName":"search_term_string"}}],"inLanguage":"tr"},{"@type":"Organization","@id":"https:\/\/hghpeptideslab.com\/#organization","name":"HGH Peptides Lab","url":"https:\/\/hghpeptideslab.com\/tr\/","logo":{"@type":"ImageObject","url":"https:\/\/hghpeptideslab.com\/wp-content\/uploads\/2025\/07\/HGHPEPTIDESLAB-Logo.png"},"image":{"@id":"https:\/\/hghpeptideslab.com\/#\/schema\/logo\/image\/"},"foundingDate":"2010","contactPoint":[{"@type":"ContactPoint","contactType":"customer support","telephone":"+85247559641","email":"CYGGL2025@gmail.com","availableLanguage":["en"]}]}]}},"_links":{"self":[{"href":"https:\/\/hghpeptideslab.com\/tr\/wp-json\/wp\/v2\/product\/10205","targetHints":{"allow":["GET"]}}],"collection":[{"href":"https:\/\/hghpeptideslab.com\/tr\/wp-json\/wp\/v2\/product"}],"about":[{"href":"https:\/\/hghpeptideslab.com\/tr\/wp-json\/wp\/v2\/types\/product"}],"replies":[{"embeddable":true,"href":"https:\/\/hghpeptideslab.com\/tr\/wp-json\/wp\/v2\/comments?post=10205"}],"wp:featuredmedia":[{"embeddable":true,"href":"https:\/\/hghpeptideslab.com\/tr\/wp-json\/wp\/v2\/media\/10191"}],"wp:attachment":[{"href":"https:\/\/hghpeptideslab.com\/tr\/wp-json\/wp\/v2\/media?parent=10205"}],"wp:term":[{"taxonomy":"product_cat","embeddable":true,"href":"https:\/\/hghpeptideslab.com\/tr\/wp-json\/wp\/v2\/product_cat?post=10205"},{"taxonomy":"product_tag","embeddable":true,"href":"https:\/\/hghpeptideslab.com\/tr\/wp-json\/wp\/v2\/product_tag?post=10205"}],"curies":[{"name":"wp","href":"https:\/\/api.w.org\/{rel}","templated":true}]}}