{"id":10231,"date":"2025-11-15T11:07:32","date_gmt":"2025-11-15T11:07:32","guid":{"rendered":"https:\/\/hghpeptideslab.com\/?post_type=product&#038;p=10231"},"modified":"2025-11-15T11:10:12","modified_gmt":"2025-11-15T11:10:12","slug":"blend-tb-500-10mg-bpc-157-10mg-kpv-10mg-ghk-cu-50mg","status":"publish","type":"product","link":"https:\/\/hghpeptideslab.com\/tr\/product\/blend-tb-500-10mg-bpc-157-10mg-kpv-10mg-ghk-cu-50mg\/","title":{"rendered":"Klow (Blend TB-500 10 mg + BPC-157 10 mg + KPV 10 mg + GHK-Cu 50 mg) Peptide"},"content":{"rendered":"<h3>Genel Bak\u0131\u015f<\/h3>\n<p><strong>Klow<\/strong> bir peptid kar\u0131\u015f\u0131m\u0131d\u0131r <strong>TB-500 10 mg<\/strong> + <strong>BPC-157 10 mg<\/strong> + <strong>KPV 10 mg<\/strong> + <strong>GHK-Cu 50 mg<\/strong> vial ba\u015f\u0131na. \u0130yile\u015fme ve iyile\u015ftirme, ba\u011f dokusu ve kozmetik\/cilt ara\u015ft\u0131rma portf\u00f6ylerinde s\u0131kl\u0131kla tart\u0131\u015f\u0131lmaktad\u0131r. Laboratuvar ortam\u0131nda uygun bir steril seyreltici ile suland\u0131r\u0131lmak \u00fczere vial ba\u015f\u0131na beyaz lyophilized powder olarak tedarik edilir.<\/p>\n<p>Bizim malzememiz <strong>GMP-\u00fcretimli<\/strong> (farmas\u00f6tik s\u0131n\u0131f hammadde) ile <strong>99%+ safl\u0131k<\/strong>. Toplu belgeler (HPLC\/COA) istek \u00fczerine temin edilebilir.<\/p>\n<h3>Temel \u00d6zellikler<\/h3>\n<ul>\n<li>Per-vial bile\u015fimi: <strong>TB-500 10 mg + BPC-157 10 mg + KPV 10 mg + GHK-Cu 50 mg<\/strong><\/li>\n<li>Kit boyut: <strong>10 vials\/kit<\/strong><\/li>\n<li>Pharmaceutical-grade quality ile <strong>99%+ safl\u0131k<\/strong> (HPLC\/COA istek \u00fczerine)<\/li>\n<li>Koruyucu ekler ile g\u00fcvenli ambalajlama; takip numaras\u0131 sa\u011flan\u0131r <strong>\u00fc\u00e7 (3) i\u015f g\u00fcn\u00fc<\/strong><\/li>\n<\/ul>\n<h3>Tipik Ara\u015ft\u0131rma Odaklar\u0131<\/h3>\n<ul>\n<li><strong>\u0130yile\u015fme ve toparlanma \u00e7er\u00e7eveleri<\/strong> \u2014 tendon\/ba\u011f ve yumu\u015fak doku modelleri<\/li>\n<li><strong>Ba\u011f dokusu ve cilt deste\u011fi<\/strong> \u2014 son noktalar\u0131n yeniden modellenmesi ve kozmetikle ilgili tasar\u0131mlar<\/li>\n<li><strong>Portf\u00f6y planlama<\/strong> \u2014 a\u015famal\u0131 tasar\u0131mlar i\u00e7in daha d\u00fc\u015f\u00fck dozlu kar\u0131\u015f\u0131mlarla kar\u015f\u0131la\u015ft\u0131r\u0131n<\/li>\n<\/ul>\n<h3>Ayr\u0131ca Mevcut<\/h3>\n<p>Ayr\u0131ca ilgili \u00fc\u00e7l\u00fc kar\u0131\u015f\u0131m\u0131 da sunuyoruz: <a href=\"\/tr\/%c3%bcr%c3%bcn\/blend-tb-500-10mg-bpc-157-10mg-ghk-cu-50mg\/\">Blend TB-500 10 mg + BPC-157 10 mg + GHK-Cu 50 mg<\/a>.<\/p>\n<h3>Depolama ve Stabilite<\/h3>\n<ul>\n<li>Kapal\u0131 olarak saklay\u0131n <strong>2-8 \u00b0C<\/strong>\u0131\u015f\u0131k ve nemden korunur<\/li>\n<li>Tekrarlanan donma-\u00e7\u00f6z\u00fclmeyi \u00f6nleyin; yeniden olu\u015fturduktan sonra k\u00fc\u00e7\u00fck alikotlar planlay\u0131n.<\/li>\n<\/ul>\n<h3>Notlar<\/h3>\n<ul>\n<li>\u0130\u00e7inde \u00fcretilmi\u015ftir <strong>GMP uyumlu<\/strong> tesisler<\/li>\n<li>HPLC\/COA istek \u00fczerine temin edilebilir<\/li>\n<li><strong>Sadece laboratuvar ara\u015ft\u0131rmalar\u0131 i\u00e7indir. \u00dcr\u00fcnler t\u0131bbi kullan\u0131m i\u00e7in etiketlenmemi\u015ftir.<\/strong><\/li>\n<\/ul>","protected":false},"excerpt":{"rendered":"<p><strong>\u0130sim:<\/strong> 99% Purity Klow peptidi (TB-500 10 mg + BPC-157 10 mg + KPV 10 mg + GHK-Cu 50 mg)<br \/>\n<strong>Fonksiyon:<\/strong> \u0130yile\u015fme ve toparlanma; ba\u011f dokusu ve cilt deste\u011fi<br \/>\n<strong>\u00d6zellikler:<\/strong> TB-500 10 mg + BPC-157 10 mg + KPV 10 mg + GHK-Cu 50 mg ba\u015f\u0131na vial; 10 vials\/kit<br \/>\n<strong>CAS:<\/strong> Yok (peptit kar\u0131\u015f\u0131m\u0131)<br \/>\n<strong>G\u00f6r\u00fcn\u00fc\u015f:<\/strong> White lyophilized powder<\/p>","protected":false},"featured_media":10223,"comment_status":"open","ping_status":"closed","template":"","meta":[],"product_cat":[56,51],"product_tag":[120,139,311,158,165,317,121],"class_list":{"0":"post-10231","1":"product","2":"type-product","3":"status-publish","4":"has-post-thumbnail","6":"product_brand-dp-hghpeptides","7":"product_brand-hgh-peptides-lab","8":"product_cat-cosmetic-peptides","9":"product_cat-peptides-for-healing","10":"product_tag-bpc-157","11":"product_tag-ghk-cu","12":"product_tag-kpv","13":"product_tag-recovery-tissue-repair-peptides","14":"product_tag-skin-beauty-peptides","15":"product_tag-skin-cosmetic-peptides","16":"product_tag-tb-500","18":"first","19":"instock","20":"shipping-taxable","21":"purchasable","22":"product-type-simple"},"yoast_head":"<!-- This site is optimized with the Yoast SEO Premium plugin v27.3 (Yoast SEO v27.3) - https:\/\/yoast.com\/product\/yoast-seo-premium-wordpress\/ -->\n<title>Klow Peptide (TB-500 10 mg + BPC-157 10 mg + KPV 10 mg + GHK-Cu 50 mg) | 99% Purity \u2013 HGH Peptides Lab<\/title>\n<meta name=\"description\" content=\"Klow peptide blend (TB-500 10 mg + BPC-157 10 mg + KPV 10 mg + GHK-Cu 50 mg per vial). Healing &amp; cosmetic research uses, kit details, factory-direct pricing. Tracking in ~3 business days.\" \/>\n<meta name=\"robots\" content=\"index, follow, max-snippet:-1, max-image-preview:large, max-video-preview:-1\" \/>\n<link rel=\"canonical\" href=\"https:\/\/hghpeptideslab.com\/tr\/\u00fcr\u00fcn\/blend-tb-500-10mg-bpc-157-10mg-kpv-10mg-ghk-cu-50mg\/\" \/>\n<meta property=\"og:locale\" content=\"tr_TR\" \/>\n<meta property=\"og:type\" content=\"article\" \/>\n<meta property=\"og:title\" content=\"Klow (Blend TB-500 10 mg + BPC-157 10 mg + KPV 10 mg + GHK-Cu 50 mg) Peptide\" \/>\n<meta property=\"og:description\" content=\"Klow peptide blend (TB-500 10 mg + BPC-157 10 mg + KPV 10 mg + GHK-Cu 50 mg per vial). Healing &amp; cosmetic research uses, kit details, factory-direct pricing. Tracking in ~3 business days.\" \/>\n<meta property=\"og:url\" content=\"https:\/\/hghpeptideslab.com\/tr\/\u00fcr\u00fcn\/blend-tb-500-10mg-bpc-157-10mg-kpv-10mg-ghk-cu-50mg\/\" \/>\n<meta property=\"og:site_name\" content=\"HGH Peptides Lab\" \/>\n<meta property=\"article:modified_time\" content=\"2025-11-15T11:10:12+00:00\" \/>\n<meta property=\"og:image\" content=\"https:\/\/hghpeptideslab.com\/wp-content\/uploads\/2025\/11\/klow-peptide-blend-tb500-10mg-bpc157-10mg-kpv-10mg-ghkcu-50mg-main.jpg\" \/>\n\t<meta property=\"og:image:width\" content=\"800\" \/>\n\t<meta property=\"og:image:height\" content=\"800\" \/>\n\t<meta property=\"og:image:type\" content=\"image\/jpeg\" \/>\n<meta name=\"twitter:card\" content=\"summary_large_image\" \/>\n<meta name=\"twitter:label1\" content=\"Tahmini okuma s\u00fcresi\" \/>\n\t<meta name=\"twitter:data1\" content=\"2 dakika\" \/>\n<script type=\"application\/ld+json\" class=\"yoast-schema-graph\">{\"@context\":\"https:\\\/\\\/schema.org\",\"@graph\":[{\"@type\":\"WebPage\",\"@id\":\"https:\\\/\\\/hghpeptideslab.com\\\/product\\\/blend-tb-500-10mg-bpc-157-10mg-kpv-10mg-ghk-cu-50mg\\\/\",\"url\":\"https:\\\/\\\/hghpeptideslab.com\\\/product\\\/blend-tb-500-10mg-bpc-157-10mg-kpv-10mg-ghk-cu-50mg\\\/\",\"name\":\"Klow Peptide (TB-500 10 mg + BPC-157 10 mg + KPV 10 mg + GHK-Cu 50 mg) | 99% Purity \u2013 HGH Peptides Lab\",\"isPartOf\":{\"@id\":\"https:\\\/\\\/hghpeptideslab.com\\\/#website\"},\"primaryImageOfPage\":{\"@id\":\"https:\\\/\\\/hghpeptideslab.com\\\/product\\\/blend-tb-500-10mg-bpc-157-10mg-kpv-10mg-ghk-cu-50mg\\\/#primaryimage\"},\"image\":{\"@id\":\"https:\\\/\\\/hghpeptideslab.com\\\/product\\\/blend-tb-500-10mg-bpc-157-10mg-kpv-10mg-ghk-cu-50mg\\\/#primaryimage\"},\"thumbnailUrl\":\"https:\\\/\\\/hghpeptideslab.com\\\/wp-content\\\/uploads\\\/2025\\\/11\\\/klow-peptide-blend-tb500-10mg-bpc157-10mg-kpv-10mg-ghkcu-50mg-main.jpg\",\"datePublished\":\"2025-11-15T11:07:32+00:00\",\"dateModified\":\"2025-11-15T11:10:12+00:00\",\"description\":\"Klow peptide blend (TB-500 10 mg + BPC-157 10 mg + KPV 10 mg + GHK-Cu 50 mg per vial). Healing & cosmetic research uses, kit details, factory-direct pricing. Tracking in ~3 business days.\",\"breadcrumb\":{\"@id\":\"https:\\\/\\\/hghpeptideslab.com\\\/product\\\/blend-tb-500-10mg-bpc-157-10mg-kpv-10mg-ghk-cu-50mg\\\/#breadcrumb\"},\"inLanguage\":\"tr\",\"potentialAction\":[{\"@type\":\"ReadAction\",\"target\":[\"https:\\\/\\\/hghpeptideslab.com\\\/product\\\/blend-tb-500-10mg-bpc-157-10mg-kpv-10mg-ghk-cu-50mg\\\/\"]}],\"copyrightNotice\":\"\u00a9 2010\u20132026 HGH Peptides Lab. All Rights Reserved.\"},{\"@type\":\"ImageObject\",\"inLanguage\":\"tr\",\"@id\":\"https:\\\/\\\/hghpeptideslab.com\\\/product\\\/blend-tb-500-10mg-bpc-157-10mg-kpv-10mg-ghk-cu-50mg\\\/#primaryimage\",\"url\":\"https:\\\/\\\/hghpeptideslab.com\\\/wp-content\\\/uploads\\\/2025\\\/11\\\/klow-peptide-blend-tb500-10mg-bpc157-10mg-kpv-10mg-ghkcu-50mg-main.jpg\",\"contentUrl\":\"https:\\\/\\\/hghpeptideslab.com\\\/wp-content\\\/uploads\\\/2025\\\/11\\\/klow-peptide-blend-tb500-10mg-bpc157-10mg-kpv-10mg-ghkcu-50mg-main.jpg\",\"width\":800,\"height\":800,\"caption\":\"Klow peptide blend (per vial: TB-500 10 mg + BPC-157 10 mg + KPV 10 mg + GHK-Cu 50 mg), factory-direct \u2014 99% purity \u00b7 engineered in China.\"},{\"@type\":\"BreadcrumbList\",\"@id\":\"https:\\\/\\\/hghpeptideslab.com\\\/product\\\/blend-tb-500-10mg-bpc-157-10mg-kpv-10mg-ghk-cu-50mg\\\/#breadcrumb\",\"itemListElement\":[{\"@type\":\"ListItem\",\"position\":1,\"name\":\"Home\",\"item\":\"https:\\\/\\\/hghpeptideslab.com\\\/\"},{\"@type\":\"ListItem\",\"position\":2,\"name\":\"Shop\",\"item\":\"https:\\\/\\\/hghpeptideslab.com\\\/shop\\\/\"},{\"@type\":\"ListItem\",\"position\":3,\"name\":\"Klow (Blend TB-500 10 mg + BPC-157 10 mg + KPV 10 mg + GHK-Cu 50 mg) Peptide\"}]},{\"@type\":\"WebSite\",\"@id\":\"https:\\\/\\\/hghpeptideslab.com\\\/#website\",\"url\":\"https:\\\/\\\/hghpeptideslab.com\\\/\",\"name\":\"HGH Peptides Lab\",\"description\":\"Premium Peptides &amp; HGH Shop\",\"publisher\":{\"@id\":\"https:\\\/\\\/hghpeptideslab.com\\\/#organization\"},\"potentialAction\":[{\"@type\":\"SearchAction\",\"target\":{\"@type\":\"EntryPoint\",\"urlTemplate\":\"https:\\\/\\\/hghpeptideslab.com\\\/?s={search_term_string}\"},\"query-input\":{\"@type\":\"PropertyValueSpecification\",\"valueRequired\":true,\"valueName\":\"search_term_string\"}}],\"inLanguage\":\"tr\"},{\"@type\":\"Organization\",\"@id\":\"https:\\\/\\\/hghpeptideslab.com\\\/#organization\",\"name\":\"HGH Peptides Lab\",\"url\":\"https:\\\/\\\/hghpeptideslab.com\\\/tr\\\/\",\"logo\":{\"@type\":\"ImageObject\",\"url\":\"https:\\\/\\\/hghpeptideslab.com\\\/wp-content\\\/uploads\\\/2025\\\/07\\\/HGHPEPTIDESLAB-Logo.png\"},\"image\":{\"@id\":\"https:\\\/\\\/hghpeptideslab.com\\\/#\\\/schema\\\/logo\\\/image\\\/\"},\"foundingDate\":\"2010\",\"contactPoint\":[{\"@type\":\"ContactPoint\",\"contactType\":\"customer support\",\"telephone\":\"+85247559641\",\"email\":\"CYGGL2025@gmail.com\",\"availableLanguage\":[\"en\"]}]}]}<\/script>\n<!-- \/ Yoast SEO Premium plugin. -->","yoast_head_json":{"title":"Klow Peptide (TB-500 10 mg + BPC-157 10 mg + KPV 10 mg + GHK-Cu 50 mg) | 99% Purity \u2013 HGH Peptides Lab","description":"Klow peptid kar\u0131\u015f\u0131m\u0131 (TB-500 10 mg + BPC-157 10 mg + KPV 10 mg + GHK-Cu 50 mg per vial). \u0130yile\u015ftirme ve kozmetik ara\u015ft\u0131rma kullan\u0131mlar\u0131, kit detaylar\u0131, fabrika do\u011frudan fiyatland\u0131rma. Yakla\u015f\u0131k 3 i\u015f g\u00fcn\u00fc i\u00e7inde takip edilebilir.","robots":{"index":"index","follow":"follow","max-snippet":"max-snippet:-1","max-image-preview":"max-image-preview:large","max-video-preview":"max-video-preview:-1"},"canonical":"https:\/\/hghpeptideslab.com\/tr\/\u00fcr\u00fcn\/blend-tb-500-10mg-bpc-157-10mg-kpv-10mg-ghk-cu-50mg\/","og_locale":"tr_TR","og_type":"article","og_title":"Klow (Blend TB-500 10 mg + BPC-157 10 mg + KPV 10 mg + GHK-Cu 50 mg) Peptide","og_description":"Klow peptide blend (TB-500 10 mg + BPC-157 10 mg + KPV 10 mg + GHK-Cu 50 mg per vial). Healing & cosmetic research uses, kit details, factory-direct pricing. Tracking in ~3 business days.","og_url":"https:\/\/hghpeptideslab.com\/tr\/\u00fcr\u00fcn\/blend-tb-500-10mg-bpc-157-10mg-kpv-10mg-ghk-cu-50mg\/","og_site_name":"HGH Peptides Lab","article_modified_time":"2025-11-15T11:10:12+00:00","og_image":[{"width":800,"height":800,"url":"https:\/\/hghpeptideslab.com\/wp-content\/uploads\/2025\/11\/klow-peptide-blend-tb500-10mg-bpc157-10mg-kpv-10mg-ghkcu-50mg-main.jpg","type":"image\/jpeg"}],"twitter_card":"summary_large_image","twitter_misc":{"Tahmini okuma s\u00fcresi":"2 dakika"},"schema":{"@context":"https:\/\/schema.org","@graph":[{"@type":"WebPage","@id":"https:\/\/hghpeptideslab.com\/product\/blend-tb-500-10mg-bpc-157-10mg-kpv-10mg-ghk-cu-50mg\/","url":"https:\/\/hghpeptideslab.com\/product\/blend-tb-500-10mg-bpc-157-10mg-kpv-10mg-ghk-cu-50mg\/","name":"Klow Peptide (TB-500 10 mg + BPC-157 10 mg + KPV 10 mg + GHK-Cu 50 mg) | 99% Purity \u2013 HGH Peptides Lab","isPartOf":{"@id":"https:\/\/hghpeptideslab.com\/#website"},"primaryImageOfPage":{"@id":"https:\/\/hghpeptideslab.com\/product\/blend-tb-500-10mg-bpc-157-10mg-kpv-10mg-ghk-cu-50mg\/#primaryimage"},"image":{"@id":"https:\/\/hghpeptideslab.com\/product\/blend-tb-500-10mg-bpc-157-10mg-kpv-10mg-ghk-cu-50mg\/#primaryimage"},"thumbnailUrl":"https:\/\/hghpeptideslab.com\/wp-content\/uploads\/2025\/11\/klow-peptide-blend-tb500-10mg-bpc157-10mg-kpv-10mg-ghkcu-50mg-main.jpg","datePublished":"2025-11-15T11:07:32+00:00","dateModified":"2025-11-15T11:10:12+00:00","description":"Klow peptid kar\u0131\u015f\u0131m\u0131 (TB-500 10 mg + BPC-157 10 mg + KPV 10 mg + GHK-Cu 50 mg per vial). \u0130yile\u015ftirme ve kozmetik ara\u015ft\u0131rma kullan\u0131mlar\u0131, kit detaylar\u0131, fabrika do\u011frudan fiyatland\u0131rma. Yakla\u015f\u0131k 3 i\u015f g\u00fcn\u00fc i\u00e7inde takip edilebilir.","breadcrumb":{"@id":"https:\/\/hghpeptideslab.com\/product\/blend-tb-500-10mg-bpc-157-10mg-kpv-10mg-ghk-cu-50mg\/#breadcrumb"},"inLanguage":"tr","potentialAction":[{"@type":"ReadAction","target":["https:\/\/hghpeptideslab.com\/product\/blend-tb-500-10mg-bpc-157-10mg-kpv-10mg-ghk-cu-50mg\/"]}],"copyrightNotice":"\u00a9 2010\u20132026 HGH Peptides Lab. All Rights Reserved."},{"@type":"ImageObject","inLanguage":"tr","@id":"https:\/\/hghpeptideslab.com\/product\/blend-tb-500-10mg-bpc-157-10mg-kpv-10mg-ghk-cu-50mg\/#primaryimage","url":"https:\/\/hghpeptideslab.com\/wp-content\/uploads\/2025\/11\/klow-peptide-blend-tb500-10mg-bpc157-10mg-kpv-10mg-ghkcu-50mg-main.jpg","contentUrl":"https:\/\/hghpeptideslab.com\/wp-content\/uploads\/2025\/11\/klow-peptide-blend-tb500-10mg-bpc157-10mg-kpv-10mg-ghkcu-50mg-main.jpg","width":800,"height":800,"caption":"Klow peptide blend (per vial: TB-500 10 mg + BPC-157 10 mg + KPV 10 mg + GHK-Cu 50 mg), factory-direct \u2014 99% purity \u00b7 engineered in China."},{"@type":"BreadcrumbList","@id":"https:\/\/hghpeptideslab.com\/product\/blend-tb-500-10mg-bpc-157-10mg-kpv-10mg-ghk-cu-50mg\/#breadcrumb","itemListElement":[{"@type":"ListItem","position":1,"name":"Home","item":"https:\/\/hghpeptideslab.com\/"},{"@type":"ListItem","position":2,"name":"Shop","item":"https:\/\/hghpeptideslab.com\/shop\/"},{"@type":"ListItem","position":3,"name":"Klow (Blend TB-500 10 mg + BPC-157 10 mg + KPV 10 mg + GHK-Cu 50 mg) Peptide"}]},{"@type":"WebSite","@id":"https:\/\/hghpeptideslab.com\/#website","url":"https:\/\/hghpeptideslab.com\/","name":"HGH Peptides Lab","description":"Premium Peptides &amp; HGH Ma\u011faza","publisher":{"@id":"https:\/\/hghpeptideslab.com\/#organization"},"potentialAction":[{"@type":"SearchAction","target":{"@type":"EntryPoint","urlTemplate":"https:\/\/hghpeptideslab.com\/?s={search_term_string}"},"query-input":{"@type":"PropertyValueSpecification","valueRequired":true,"valueName":"search_term_string"}}],"inLanguage":"tr"},{"@type":"Organization","@id":"https:\/\/hghpeptideslab.com\/#organization","name":"HGH Peptides Lab","url":"https:\/\/hghpeptideslab.com\/tr\/","logo":{"@type":"ImageObject","url":"https:\/\/hghpeptideslab.com\/wp-content\/uploads\/2025\/07\/HGHPEPTIDESLAB-Logo.png"},"image":{"@id":"https:\/\/hghpeptideslab.com\/#\/schema\/logo\/image\/"},"foundingDate":"2010","contactPoint":[{"@type":"ContactPoint","contactType":"customer support","telephone":"+85247559641","email":"CYGGL2025@gmail.com","availableLanguage":["en"]}]}]}},"_links":{"self":[{"href":"https:\/\/hghpeptideslab.com\/tr\/wp-json\/wp\/v2\/product\/10231","targetHints":{"allow":["GET"]}}],"collection":[{"href":"https:\/\/hghpeptideslab.com\/tr\/wp-json\/wp\/v2\/product"}],"about":[{"href":"https:\/\/hghpeptideslab.com\/tr\/wp-json\/wp\/v2\/types\/product"}],"replies":[{"embeddable":true,"href":"https:\/\/hghpeptideslab.com\/tr\/wp-json\/wp\/v2\/comments?post=10231"}],"wp:featuredmedia":[{"embeddable":true,"href":"https:\/\/hghpeptideslab.com\/tr\/wp-json\/wp\/v2\/media\/10223"}],"wp:attachment":[{"href":"https:\/\/hghpeptideslab.com\/tr\/wp-json\/wp\/v2\/media?parent=10231"}],"wp:term":[{"taxonomy":"product_cat","embeddable":true,"href":"https:\/\/hghpeptideslab.com\/tr\/wp-json\/wp\/v2\/product_cat?post=10231"},{"taxonomy":"product_tag","embeddable":true,"href":"https:\/\/hghpeptideslab.com\/tr\/wp-json\/wp\/v2\/product_tag?post=10231"}],"curies":[{"name":"wp","href":"https:\/\/api.w.org\/{rel}","templated":true}]}}