{"id":8831,"date":"2025-08-14T02:58:48","date_gmt":"2025-08-14T02:58:48","guid":{"rendered":"https:\/\/hghpeptideslab.com\/?post_type=product&#038;p=8831"},"modified":"2025-10-21T21:42:18","modified_gmt":"2025-10-21T21:42:18","slug":"cjc-1295-without-dac","status":"publish","type":"product","link":"https:\/\/hghpeptideslab.com\/tr\/product\/cjc-1295-without-dac\/","title":{"rendered":"CJC-1295 Without DAC Peptide"},"content":{"rendered":"<h3>Genel Bak\u0131\u015f<\/h3>\n<p>CJC-1295 Without DAC (olarak da bilinir <strong>MOD-GRF (1-29)<\/strong>), GH\/IGF-1 mod\u00fclasyonu, iyile\u015fme ve sa\u011fl\u0131kl\u0131 ya\u015flanma \u00fczerine yap\u0131lan ara\u015ft\u0131rmalarda s\u0131kl\u0131kla ba\u015fvurulan bir b\u00fcy\u00fcme hormonu salg\u0131lat\u0131c\u0131 hormon (GHRH) analo\u011fudur.<br \/>\nBizim malzememiz <strong>GMP-\u00fcretimli<\/strong> (farmas\u00f6tik s\u0131n\u0131f hammadde) ile <strong>99%+ safl\u0131k<\/strong>.<br \/>\nHPLC\/COA istek \u00fczerine temin edilebilir.<\/p>\n<h3>Temel \u00d6zellikler<\/h3>\n<ul>\n<li>Mevcut g\u00fc\u00e7ler: <strong>2 mg<\/strong>, <strong>5 mg<\/strong> &amp; <strong>10 mg<\/strong> vial ba\u015f\u0131na<\/li>\n<li>Kit boyut: <strong>10 vials\/Kit<\/strong><\/li>\n<li>Esnek ara\u015ft\u0131rma protokolleri i\u00e7in White lyophilized powder<\/li>\n<li>HPLC\/COA belgeleri talep \u00fczerine<\/li>\n<\/ul>\n<h3>Tipik Ara\u015ft\u0131rma Odaklar\u0131<\/h3>\n<ul>\n<li>GH\/IGF-1 eksen mod\u00fclasyonu ve endokrin ara\u015ft\u0131rmalar\u0131<\/li>\n<li>\u0130yile\u015fme deste\u011fi ve egzersiz-adaptasyon modelleri<\/li>\n<li>V\u00fccut kompozisyonu ve lipid-metabolizma ara\u015ft\u0131rmalar\u0131<\/li>\n<li>Sa\u011fl\u0131kl\u0131 ya\u015flanma, uyku kalitesi ve esenlik testleri<\/li>\n<\/ul>\n<h3>Depolama ve Stabilite<\/h3>\n<ul>\n<li>Kapal\u0131 olarak saklay\u0131n <strong>2-8 \u00b0C<\/strong>\u0131\u015f\u0131k ve nemden korunur<\/li>\n<li>Suland\u0131r\u0131lm\u0131\u015f \u00e7\u00f6zeltilerin uygun laboratuvar ko\u015fullar\u0131nda derhal kullan\u0131lmas\u0131 tavsiye edilir<\/li>\n<\/ul>\n<h3>Notlar<\/h3>\n<ul>\n<li>\u0130\u00e7inde \u00fcretilmi\u015ftir <strong>GMP uyumlu<\/strong> tesisler<\/li>\n<li>HPLC\/COA istek \u00fczerine temin edilebilir<\/li>\n<li>Sadece laboratuvar ara\u015ft\u0131rmalar\u0131 i\u00e7indir. \u00dcr\u00fcnler t\u0131bbi kullan\u0131m i\u00e7in etiketlenmemi\u015ftir.<\/li>\n<\/ul>","protected":false},"excerpt":{"rendered":"<p><strong>\u0130sim:<\/strong> 99% Purity CJC-1295 Without DAC (MOD-GRF 1-29) peptit<br \/>\n<strong>Fonksiyon:<\/strong> B\u00fcy\u00fcme hormonu sal\u0131n\u0131m\u0131; iyile\u015fme ve ya\u015flanma kar\u015f\u0131t\u0131 destek<br \/>\n<strong>\u00d6zellikler:<\/strong> vial ba\u015f\u0131na 2 mg &amp; 5 mg &amp; 10 mg; 10 vials\/kit<br \/>\n<strong>CAS:<\/strong> 446036-97-1<br \/>\n<strong>G\u00f6r\u00fcn\u00fc\u015f:<\/strong> White lyophilized powder<\/p>","protected":false},"featured_media":8826,"comment_status":"open","ping_status":"closed","template":"","meta":[],"product_cat":[59],"product_tag":[162,126,160],"class_list":{"0":"post-8831","1":"product","2":"type-product","3":"status-publish","4":"has-post-thumbnail","6":"product_brand-dp-hghpeptides","7":"product_brand-hgh-peptides-lab","8":"product_cat-nootropic-peptides-anti-aging","9":"product_tag-anti-aging-longevity-peptides","10":"product_tag-cjc-1295-no-dac","11":"product_tag-muscle-growth-performance-peptides","13":"first","14":"instock","15":"featured","16":"shipping-taxable","17":"purchasable","18":"product-type-variable","19":"has-default-attributes"},"yoast_head":"<!-- This site is optimized with the Yoast SEO Premium plugin v27.5 (Yoast SEO v27.5) - https:\/\/yoast.com\/product\/yoast-seo-premium-wordpress\/ -->\n<title>CJC-1295 without DAC Peptide | HGH Peptides Lab \u2013 99% Purity<\/title>\n<meta name=\"description\" content=\"Order CJC-1295 (no DAC) from a China GMP lab\u201499% purity with HPLC\/COA. Factory-direct selling and fast global shipping for flexible GH pulse research.\" \/>\n<meta name=\"robots\" content=\"index, follow, max-snippet:-1, max-image-preview:large, max-video-preview:-1\" \/>\n<link rel=\"canonical\" href=\"https:\/\/hghpeptideslab.com\/tr\/\u00fcr\u00fcn\/cjc-1295-without-dac\/\" \/>\n<meta property=\"og:locale\" content=\"tr_TR\" \/>\n<meta property=\"og:type\" content=\"article\" \/>\n<meta property=\"og:title\" content=\"CJC-1295 Without DAC Peptide\" \/>\n<meta property=\"og:description\" content=\"Order CJC-1295 (no DAC) from a China GMP lab\u201499% purity with HPLC\/COA. Factory-direct selling and fast global shipping for flexible GH pulse research.\" \/>\n<meta property=\"og:url\" content=\"https:\/\/hghpeptideslab.com\/tr\/\u00fcr\u00fcn\/cjc-1295-without-dac\/\" \/>\n<meta property=\"og:site_name\" content=\"HGH Peptides Lab\" \/>\n<meta property=\"article:modified_time\" content=\"2025-10-21T21:42:18+00:00\" \/>\n<meta property=\"og:image\" content=\"https:\/\/hghpeptideslab.com\/wp-content\/uploads\/2025\/08\/cjc-12955mg.jpg\" \/>\n\t<meta property=\"og:image:width\" content=\"800\" \/>\n\t<meta property=\"og:image:height\" content=\"800\" \/>\n\t<meta property=\"og:image:type\" content=\"image\/jpeg\" \/>\n<meta name=\"twitter:card\" content=\"summary_large_image\" \/>\n<meta name=\"twitter:label1\" content=\"Tahmini okuma s\u00fcresi\" \/>\n\t<meta name=\"twitter:data1\" content=\"1 dakika\" \/>\n<script type=\"application\/ld+json\" class=\"yoast-schema-graph\">{\"@context\":\"https:\\\/\\\/schema.org\",\"@graph\":[{\"@type\":\"WebPage\",\"@id\":\"https:\\\/\\\/hghpeptideslab.com\\\/product\\\/cjc-1295-without-dac\\\/\",\"url\":\"https:\\\/\\\/hghpeptideslab.com\\\/product\\\/cjc-1295-without-dac\\\/\",\"name\":\"CJC-1295 without DAC Peptide | HGH Peptides Lab \u2013 99% Purity\",\"isPartOf\":{\"@id\":\"https:\\\/\\\/hghpeptideslab.com\\\/#website\"},\"primaryImageOfPage\":{\"@id\":\"https:\\\/\\\/hghpeptideslab.com\\\/product\\\/cjc-1295-without-dac\\\/#primaryimage\"},\"image\":{\"@id\":\"https:\\\/\\\/hghpeptideslab.com\\\/product\\\/cjc-1295-without-dac\\\/#primaryimage\"},\"thumbnailUrl\":\"https:\\\/\\\/hghpeptideslab.com\\\/wp-content\\\/uploads\\\/2025\\\/08\\\/cjc-12955mg.jpg\",\"datePublished\":\"2025-08-14T02:58:48+00:00\",\"dateModified\":\"2025-10-21T21:42:18+00:00\",\"description\":\"Order CJC-1295 (no DAC) from a China GMP lab\u201499% purity with HPLC\\\/COA. Factory-direct selling and fast global shipping for flexible GH pulse research.\",\"breadcrumb\":{\"@id\":\"https:\\\/\\\/hghpeptideslab.com\\\/product\\\/cjc-1295-without-dac\\\/#breadcrumb\"},\"inLanguage\":\"tr\",\"potentialAction\":[{\"@type\":\"ReadAction\",\"target\":[\"https:\\\/\\\/hghpeptideslab.com\\\/product\\\/cjc-1295-without-dac\\\/\"]}],\"copyrightNotice\":\"\u00a9 2010\u20132026 HGH Peptides Lab. All Rights Reserved.\"},{\"@type\":\"ImageObject\",\"inLanguage\":\"tr\",\"@id\":\"https:\\\/\\\/hghpeptideslab.com\\\/product\\\/cjc-1295-without-dac\\\/#primaryimage\",\"url\":\"https:\\\/\\\/hghpeptideslab.com\\\/wp-content\\\/uploads\\\/2025\\\/08\\\/cjc-12955mg.jpg\",\"contentUrl\":\"https:\\\/\\\/hghpeptideslab.com\\\/wp-content\\\/uploads\\\/2025\\\/08\\\/cjc-12955mg.jpg\",\"width\":800,\"height\":800,\"caption\":\"5 mg per vial \u2022 lyophilized powder\"},{\"@type\":\"BreadcrumbList\",\"@id\":\"https:\\\/\\\/hghpeptideslab.com\\\/product\\\/cjc-1295-without-dac\\\/#breadcrumb\",\"itemListElement\":[{\"@type\":\"ListItem\",\"position\":1,\"name\":\"Home\",\"item\":\"https:\\\/\\\/hghpeptideslab.com\\\/\"},{\"@type\":\"ListItem\",\"position\":2,\"name\":\"Shop\",\"item\":\"https:\\\/\\\/hghpeptideslab.com\\\/shop\\\/\"},{\"@type\":\"ListItem\",\"position\":3,\"name\":\"CJC-1295 Without DAC Peptide\"}]},{\"@type\":\"WebSite\",\"@id\":\"https:\\\/\\\/hghpeptideslab.com\\\/#website\",\"url\":\"https:\\\/\\\/hghpeptideslab.com\\\/\",\"name\":\"HGH Peptides Lab\",\"description\":\"Premium Peptides &amp; HGH Shop\",\"publisher\":{\"@id\":\"https:\\\/\\\/hghpeptideslab.com\\\/#organization\"},\"potentialAction\":[{\"@type\":\"SearchAction\",\"target\":{\"@type\":\"EntryPoint\",\"urlTemplate\":\"https:\\\/\\\/hghpeptideslab.com\\\/?s={search_term_string}\"},\"query-input\":{\"@type\":\"PropertyValueSpecification\",\"valueRequired\":true,\"valueName\":\"search_term_string\"}}],\"inLanguage\":\"tr\"},{\"@type\":\"Organization\",\"@id\":\"https:\\\/\\\/hghpeptideslab.com\\\/#organization\",\"name\":\"HGH Peptides Lab\",\"url\":\"https:\\\/\\\/hghpeptideslab.com\\\/tr\\\/\",\"logo\":{\"@type\":\"ImageObject\",\"url\":\"https:\\\/\\\/hghpeptideslab.com\\\/wp-content\\\/uploads\\\/2025\\\/07\\\/HGHPEPTIDESLAB-Logo.png\"},\"image\":{\"@id\":\"https:\\\/\\\/hghpeptideslab.com\\\/#\\\/schema\\\/logo\\\/image\\\/\"},\"foundingDate\":\"2010\",\"contactPoint\":[{\"@type\":\"ContactPoint\",\"contactType\":\"customer support\",\"telephone\":\"+85247559641\",\"email\":\"CYGGL2025@gmail.com\",\"availableLanguage\":[\"en\"]}]}]}<\/script>\n<!-- \/ Yoast SEO Premium plugin. -->","yoast_head_json":{"title":"CJC-1295 DAC olmadan Peptide | HGH Peptides Lab - 99% Purity","description":"HPLC\/COA ile \u00c7in GMP laboratuvar-99% purity'den CJC-1295 (DAC yok) sipari\u015f edin. Esnek GH nab\u0131z ara\u015ft\u0131rmas\u0131 i\u00e7in fabrikadan do\u011frudan sat\u0131\u015f ve h\u0131zl\u0131 k\u00fcresel nakliye.","robots":{"index":"index","follow":"follow","max-snippet":"max-snippet:-1","max-image-preview":"max-image-preview:large","max-video-preview":"max-video-preview:-1"},"canonical":"https:\/\/hghpeptideslab.com\/tr\/\u00fcr\u00fcn\/cjc-1295-without-dac\/","og_locale":"tr_TR","og_type":"article","og_title":"CJC-1295 Without DAC Peptide","og_description":"Order CJC-1295 (no DAC) from a China GMP lab\u201499% purity with HPLC\/COA. Factory-direct selling and fast global shipping for flexible GH pulse research.","og_url":"https:\/\/hghpeptideslab.com\/tr\/\u00fcr\u00fcn\/cjc-1295-without-dac\/","og_site_name":"HGH Peptides Lab","article_modified_time":"2025-10-21T21:42:18+00:00","og_image":[{"width":800,"height":800,"url":"https:\/\/hghpeptideslab.com\/wp-content\/uploads\/2025\/08\/cjc-12955mg.jpg","type":"image\/jpeg"}],"twitter_card":"summary_large_image","twitter_misc":{"Tahmini okuma s\u00fcresi":"1 dakika"},"schema":{"@context":"https:\/\/schema.org","@graph":[{"@type":"WebPage","@id":"https:\/\/hghpeptideslab.com\/product\/cjc-1295-without-dac\/","url":"https:\/\/hghpeptideslab.com\/product\/cjc-1295-without-dac\/","name":"CJC-1295 DAC olmadan Peptide | HGH Peptides Lab - 99% Purity","isPartOf":{"@id":"https:\/\/hghpeptideslab.com\/#website"},"primaryImageOfPage":{"@id":"https:\/\/hghpeptideslab.com\/product\/cjc-1295-without-dac\/#primaryimage"},"image":{"@id":"https:\/\/hghpeptideslab.com\/product\/cjc-1295-without-dac\/#primaryimage"},"thumbnailUrl":"https:\/\/hghpeptideslab.com\/wp-content\/uploads\/2025\/08\/cjc-12955mg.jpg","datePublished":"2025-08-14T02:58:48+00:00","dateModified":"2025-10-21T21:42:18+00:00","description":"HPLC\/COA ile \u00c7in GMP laboratuvar-99% purity'den CJC-1295 (DAC yok) sipari\u015f edin. Esnek GH nab\u0131z ara\u015ft\u0131rmas\u0131 i\u00e7in fabrikadan do\u011frudan sat\u0131\u015f ve h\u0131zl\u0131 k\u00fcresel nakliye.","breadcrumb":{"@id":"https:\/\/hghpeptideslab.com\/product\/cjc-1295-without-dac\/#breadcrumb"},"inLanguage":"tr","potentialAction":[{"@type":"ReadAction","target":["https:\/\/hghpeptideslab.com\/product\/cjc-1295-without-dac\/"]}],"copyrightNotice":"\u00a9 2010\u20132026 HGH Peptides Lab. All Rights Reserved."},{"@type":"ImageObject","inLanguage":"tr","@id":"https:\/\/hghpeptideslab.com\/product\/cjc-1295-without-dac\/#primaryimage","url":"https:\/\/hghpeptideslab.com\/wp-content\/uploads\/2025\/08\/cjc-12955mg.jpg","contentUrl":"https:\/\/hghpeptideslab.com\/wp-content\/uploads\/2025\/08\/cjc-12955mg.jpg","width":800,"height":800,"caption":"5 mg per vial \u2022 lyophilized powder"},{"@type":"BreadcrumbList","@id":"https:\/\/hghpeptideslab.com\/product\/cjc-1295-without-dac\/#breadcrumb","itemListElement":[{"@type":"ListItem","position":1,"name":"Home","item":"https:\/\/hghpeptideslab.com\/"},{"@type":"ListItem","position":2,"name":"Shop","item":"https:\/\/hghpeptideslab.com\/shop\/"},{"@type":"ListItem","position":3,"name":"CJC-1295 Without DAC Peptide"}]},{"@type":"WebSite","@id":"https:\/\/hghpeptideslab.com\/#website","url":"https:\/\/hghpeptideslab.com\/","name":"HGH Peptides Lab","description":"Premium Peptides &amp; HGH Ma\u011faza","publisher":{"@id":"https:\/\/hghpeptideslab.com\/#organization"},"potentialAction":[{"@type":"SearchAction","target":{"@type":"EntryPoint","urlTemplate":"https:\/\/hghpeptideslab.com\/?s={search_term_string}"},"query-input":{"@type":"PropertyValueSpecification","valueRequired":true,"valueName":"search_term_string"}}],"inLanguage":"tr"},{"@type":"Organization","@id":"https:\/\/hghpeptideslab.com\/#organization","name":"HGH Peptides Lab","url":"https:\/\/hghpeptideslab.com\/tr\/","logo":{"@type":"ImageObject","url":"https:\/\/hghpeptideslab.com\/wp-content\/uploads\/2025\/07\/HGHPEPTIDESLAB-Logo.png"},"image":{"@id":"https:\/\/hghpeptideslab.com\/#\/schema\/logo\/image\/"},"foundingDate":"2010","contactPoint":[{"@type":"ContactPoint","contactType":"customer support","telephone":"+85247559641","email":"CYGGL2025@gmail.com","availableLanguage":["en"]}]}]}},"_links":{"self":[{"href":"https:\/\/hghpeptideslab.com\/tr\/wp-json\/wp\/v2\/product\/8831","targetHints":{"allow":["GET"]}}],"collection":[{"href":"https:\/\/hghpeptideslab.com\/tr\/wp-json\/wp\/v2\/product"}],"about":[{"href":"https:\/\/hghpeptideslab.com\/tr\/wp-json\/wp\/v2\/types\/product"}],"replies":[{"embeddable":true,"href":"https:\/\/hghpeptideslab.com\/tr\/wp-json\/wp\/v2\/comments?post=8831"}],"wp:featuredmedia":[{"embeddable":true,"href":"https:\/\/hghpeptideslab.com\/tr\/wp-json\/wp\/v2\/media\/8826"}],"wp:attachment":[{"href":"https:\/\/hghpeptideslab.com\/tr\/wp-json\/wp\/v2\/media?parent=8831"}],"wp:term":[{"taxonomy":"product_cat","embeddable":true,"href":"https:\/\/hghpeptideslab.com\/tr\/wp-json\/wp\/v2\/product_cat?post=8831"},{"taxonomy":"product_tag","embeddable":true,"href":"https:\/\/hghpeptideslab.com\/tr\/wp-json\/wp\/v2\/product_tag?post=8831"}],"curies":[{"name":"wp","href":"https:\/\/api.w.org\/{rel}","templated":true}]}}