{"id":8863,"date":"2025-08-14T19:45:46","date_gmt":"2025-08-14T19:45:46","guid":{"rendered":"https:\/\/hghpeptideslab.com\/?post_type=product&#038;p=8863"},"modified":"2025-10-22T19:15:03","modified_gmt":"2025-10-22T19:15:03","slug":"custom-hgh-6-30-iu","status":"publish","type":"product","link":"https:\/\/hghpeptideslab.com\/tr\/product\/custom-hgh-6-30-iu\/","title":{"rendered":"Custom-Dose HGH (Human Growth Hormone) - 6-30 IU"},"content":{"rendered":"<h3>Genel Bak\u0131\u015f<\/h3>\n<p>Custom-Dose HGH (somatropin), sipari\u015f \u00fczerine yap\u0131lan dolumlarla b\u00fcy\u00fcme fakt\u00f6r\u00fc ve iyile\u015fme ara\u015ft\u0131rmalar\u0131n\u0131 destekler <strong>vial ba\u015f\u0131na 6 IU ila 30 IU<\/strong>.<br \/>\nBizim malzememiz <strong>GMP-\u00fcretimli<\/strong> (farmas\u00f6tik s\u0131n\u0131f hammadde) ile <strong>99%+ safl\u0131k<\/strong>.<br \/>\nHPLC\/COA istek \u00fczerine temin edilebilir.<\/p>\n<h3>Temel \u00d6zellikler<\/h3>\n<ul>\n<li>\u00d6zel dolgular: <strong>vial ba\u015f\u0131na 6-30 IU<\/strong> (sipari\u015fe g\u00f6re \u00fcretilir)<\/li>\n<li>Tipik kit: <strong>10 vials\/kit<\/strong> (di\u011fer kit boyutlar\u0131 talep \u00fczerine)<\/li>\n<li>Esnek laboratuvar protokolleri i\u00e7in White lyophilized powder<\/li>\n<li>HPLC\/COA belgeleri talep \u00fczerine<\/li>\n<\/ul>\n<h3>Tipik Ara\u015ft\u0131rma Odaklar\u0131<\/h3>\n<ul>\n<li>B\u00fcy\u00fcme fakt\u00f6r\u00fc ve doku rejenerasyon modelleri<\/li>\n<li>\u0130yile\u015fme ve performans adaptasyon \u00e7al\u0131\u015fmalar\u0131<\/li>\n<li>V\u00fccut kompozisyonu ve metabolizma ara\u015ft\u0131rmas\u0131<\/li>\n<li>H\u00fccresel sinyalizasyon ve protein sentezi yollar\u0131<\/li>\n<\/ul>\n<h3>Depolama ve Stabilite<\/h3>\n<ul>\n<li>Kapal\u0131 olarak saklay\u0131n <strong>2-8 \u00b0C<\/strong>\u0131\u015f\u0131k ve nemden korunur<\/li>\n<li>Suland\u0131r\u0131lm\u0131\u015f \u00e7\u00f6zeltilerin uygun laboratuvar ko\u015fullar\u0131nda derhal kullan\u0131lmas\u0131 tavsiye edilir<\/li>\n<\/ul>\n<h3>Notlar<\/h3>\n<ul>\n<li>\u0130\u00e7inde \u00fcretilmi\u015ftir <strong>GMP uyumlu<\/strong> tesisler<\/li>\n<li>HPLC\/COA istek \u00fczerine temin edilebilir<\/li>\n<li>Sadece laboratuvar ara\u015ft\u0131rmalar\u0131 i\u00e7indir. \u00dcr\u00fcnler t\u0131bbi kullan\u0131m i\u00e7in etiketlenmemi\u015ftir.<\/li>\n<\/ul>","protected":false},"excerpt":{"rendered":"<p><strong>\u0130sim:<\/strong> 99% Purity Custom-Dose HGH (somatropin) peptit<br \/>\n<strong>Fonksiyon:<\/strong> B\u00fcy\u00fcme fakt\u00f6r\u00fc ara\u015ft\u0131rmas\u0131; iyile\u015fme ve ya\u015flanma kar\u015f\u0131t\u0131 modeller<br \/>\n<strong>\u00d6zellikler:<\/strong> vial ba\u015f\u0131na 6-30 IU (sipari\u015fe g\u00f6re); tipik 10 vials\/kit<br \/>\n<strong>CAS:<\/strong> 12629-01-5<br \/>\n<strong>G\u00f6r\u00fcn\u00fc\u015f:<\/strong> White lyophilized powder<br \/>\n<strong>Fiyatland\u0131rma:<\/strong> Teklif i\u00e7in ileti\u015fime ge\u00e7in<\/p>","protected":false},"featured_media":8864,"comment_status":"open","ping_status":"closed","template":"","meta":[],"product_cat":[59,40],"product_tag":[162,144,178,160,158],"class_list":{"0":"post-8863","1":"product","2":"type-product","3":"status-publish","4":"has-post-thumbnail","6":"product_brand-dp-hghpeptides","7":"product_brand-hgh-peptides-lab","8":"product_cat-nootropic-peptides-anti-aging","9":"product_cat-peptides-for-muscle-growth","10":"product_tag-anti-aging-longevity-peptides","11":"product_tag-hgh-somatropin-powder","12":"product_tag-hgh-somatropin","13":"product_tag-muscle-growth-performance-peptides","14":"product_tag-recovery-tissue-repair-peptides","16":"first","17":"instock","18":"featured","19":"shipping-taxable","20":"purchasable","21":"product-type-simple"},"yoast_head":"<!-- This site is optimized with the Yoast SEO Premium plugin v27.3 (Yoast SEO v27.3) - https:\/\/yoast.com\/product\/yoast-seo-premium-wordpress\/ -->\n<title>Custom-Dose HGH 6\u201330 IU | HGH Peptides Lab \u2013 HPLC\/COA Verified<\/title>\n<meta name=\"description\" content=\"Buy custom-dose HGH (6\u201330 IU) from a China-based GMP lab. 99% purity with HPLC\/COA. Factory-direct selling and fast worldwide shipping for flexible GH research.\" \/>\n<meta name=\"robots\" content=\"index, follow, max-snippet:-1, max-image-preview:large, max-video-preview:-1\" \/>\n<link rel=\"canonical\" href=\"https:\/\/hghpeptideslab.com\/tr\/\u00fcr\u00fcn\/custom-hgh-6-30-iu\/\" \/>\n<meta property=\"og:locale\" content=\"tr_TR\" \/>\n<meta property=\"og:type\" content=\"article\" \/>\n<meta property=\"og:title\" content=\"Custom-Dose HGH (Human Growth Hormone) \u2013 6\u201330 IU\" \/>\n<meta property=\"og:description\" content=\"Buy custom-dose HGH (6\u201330 IU) from a China-based GMP lab. 99% purity with HPLC\/COA. Factory-direct selling and fast worldwide shipping for flexible GH research.\" \/>\n<meta property=\"og:url\" content=\"https:\/\/hghpeptideslab.com\/tr\/\u00fcr\u00fcn\/custom-hgh-6-30-iu\/\" \/>\n<meta property=\"og:site_name\" content=\"HGH Peptides Lab\" \/>\n<meta property=\"article:modified_time\" content=\"2025-10-22T19:15:03+00:00\" \/>\n<meta property=\"og:image\" content=\"https:\/\/hghpeptideslab.com\/wp-content\/uploads\/2025\/08\/hgh-6iu-30iu.jpg\" \/>\n\t<meta property=\"og:image:width\" content=\"800\" \/>\n\t<meta property=\"og:image:height\" content=\"800\" \/>\n\t<meta property=\"og:image:type\" content=\"image\/jpeg\" \/>\n<meta name=\"twitter:card\" content=\"summary_large_image\" \/>\n<meta name=\"twitter:label1\" content=\"Tahmini okuma s\u00fcresi\" \/>\n\t<meta name=\"twitter:data1\" content=\"1 dakika\" \/>\n<script type=\"application\/ld+json\" class=\"yoast-schema-graph\">{\"@context\":\"https:\\\/\\\/schema.org\",\"@graph\":[{\"@type\":\"WebPage\",\"@id\":\"https:\\\/\\\/hghpeptideslab.com\\\/product\\\/custom-hgh-6-30-iu\\\/\",\"url\":\"https:\\\/\\\/hghpeptideslab.com\\\/product\\\/custom-hgh-6-30-iu\\\/\",\"name\":\"Custom-Dose HGH 6\u201330 IU | HGH Peptides Lab \u2013 HPLC\\\/COA Verified\",\"isPartOf\":{\"@id\":\"https:\\\/\\\/hghpeptideslab.com\\\/#website\"},\"primaryImageOfPage\":{\"@id\":\"https:\\\/\\\/hghpeptideslab.com\\\/product\\\/custom-hgh-6-30-iu\\\/#primaryimage\"},\"image\":{\"@id\":\"https:\\\/\\\/hghpeptideslab.com\\\/product\\\/custom-hgh-6-30-iu\\\/#primaryimage\"},\"thumbnailUrl\":\"https:\\\/\\\/hghpeptideslab.com\\\/wp-content\\\/uploads\\\/2025\\\/08\\\/hgh-6iu-30iu.jpg\",\"datePublished\":\"2025-08-14T19:45:46+00:00\",\"dateModified\":\"2025-10-22T19:15:03+00:00\",\"description\":\"Buy custom-dose HGH (6\u201330 IU) from a China-based GMP lab. 99% purity with HPLC\\\/COA. Factory-direct selling and fast worldwide shipping for flexible GH research.\",\"breadcrumb\":{\"@id\":\"https:\\\/\\\/hghpeptideslab.com\\\/product\\\/custom-hgh-6-30-iu\\\/#breadcrumb\"},\"inLanguage\":\"tr\",\"potentialAction\":[{\"@type\":\"ReadAction\",\"target\":[\"https:\\\/\\\/hghpeptideslab.com\\\/product\\\/custom-hgh-6-30-iu\\\/\"]}],\"copyrightNotice\":\"\u00a9 2010\u20132026 HGH Peptides Lab. All Rights Reserved.\"},{\"@type\":\"ImageObject\",\"inLanguage\":\"tr\",\"@id\":\"https:\\\/\\\/hghpeptideslab.com\\\/product\\\/custom-hgh-6-30-iu\\\/#primaryimage\",\"url\":\"https:\\\/\\\/hghpeptideslab.com\\\/wp-content\\\/uploads\\\/2025\\\/08\\\/hgh-6iu-30iu.jpg\",\"contentUrl\":\"https:\\\/\\\/hghpeptideslab.com\\\/wp-content\\\/uploads\\\/2025\\\/08\\\/hgh-6iu-30iu.jpg\",\"width\":800,\"height\":800,\"caption\":\"Made-to-order fills \u00b7 6\u201330 IU per vial\"},{\"@type\":\"BreadcrumbList\",\"@id\":\"https:\\\/\\\/hghpeptideslab.com\\\/product\\\/custom-hgh-6-30-iu\\\/#breadcrumb\",\"itemListElement\":[{\"@type\":\"ListItem\",\"position\":1,\"name\":\"Home\",\"item\":\"https:\\\/\\\/hghpeptideslab.com\\\/\"},{\"@type\":\"ListItem\",\"position\":2,\"name\":\"Shop\",\"item\":\"https:\\\/\\\/hghpeptideslab.com\\\/shop\\\/\"},{\"@type\":\"ListItem\",\"position\":3,\"name\":\"Custom-Dose HGH (Human Growth Hormone) \u2013 6\u201330 IU\"}]},{\"@type\":\"WebSite\",\"@id\":\"https:\\\/\\\/hghpeptideslab.com\\\/#website\",\"url\":\"https:\\\/\\\/hghpeptideslab.com\\\/\",\"name\":\"HGH Peptides Lab\",\"description\":\"Premium Peptides &amp; HGH Shop\",\"publisher\":{\"@id\":\"https:\\\/\\\/hghpeptideslab.com\\\/#organization\"},\"potentialAction\":[{\"@type\":\"SearchAction\",\"target\":{\"@type\":\"EntryPoint\",\"urlTemplate\":\"https:\\\/\\\/hghpeptideslab.com\\\/?s={search_term_string}\"},\"query-input\":{\"@type\":\"PropertyValueSpecification\",\"valueRequired\":true,\"valueName\":\"search_term_string\"}}],\"inLanguage\":\"tr\"},{\"@type\":\"Organization\",\"@id\":\"https:\\\/\\\/hghpeptideslab.com\\\/#organization\",\"name\":\"HGH Peptides Lab\",\"url\":\"https:\\\/\\\/hghpeptideslab.com\\\/tr\\\/\",\"logo\":{\"@type\":\"ImageObject\",\"url\":\"https:\\\/\\\/hghpeptideslab.com\\\/wp-content\\\/uploads\\\/2025\\\/07\\\/HGHPEPTIDESLAB-Logo.png\"},\"image\":{\"@id\":\"https:\\\/\\\/hghpeptideslab.com\\\/#\\\/schema\\\/logo\\\/image\\\/\"},\"foundingDate\":\"2010\",\"contactPoint\":[{\"@type\":\"ContactPoint\",\"contactType\":\"customer support\",\"telephone\":\"+85247559641\",\"email\":\"CYGGL2025@gmail.com\",\"availableLanguage\":[\"en\"]}]}]}<\/script>\n<!-- \/ Yoast SEO Premium plugin. -->","yoast_head_json":{"title":"Custom-Dose HGH 6-30 IU | HGH Peptides Lab - HPLC\/COA Do\u011fruland\u0131","description":"\u00c7in merkezli bir GMP laboratuvar\u0131ndan \u00f6zel doz HGH (6-30 IU) sat\u0131n al\u0131n. HPLC\/COA ile 99% purity. Esnek GH ara\u015ft\u0131rmas\u0131 i\u00e7in fabrikadan do\u011frudan sat\u0131\u015f ve d\u00fcnya \u00e7ap\u0131nda h\u0131zl\u0131 sevkiyat.","robots":{"index":"index","follow":"follow","max-snippet":"max-snippet:-1","max-image-preview":"max-image-preview:large","max-video-preview":"max-video-preview:-1"},"canonical":"https:\/\/hghpeptideslab.com\/tr\/\u00fcr\u00fcn\/custom-hgh-6-30-iu\/","og_locale":"tr_TR","og_type":"article","og_title":"Custom-Dose HGH (Human Growth Hormone) \u2013 6\u201330 IU","og_description":"Buy custom-dose HGH (6\u201330 IU) from a China-based GMP lab. 99% purity with HPLC\/COA. Factory-direct selling and fast worldwide shipping for flexible GH research.","og_url":"https:\/\/hghpeptideslab.com\/tr\/\u00fcr\u00fcn\/custom-hgh-6-30-iu\/","og_site_name":"HGH Peptides Lab","article_modified_time":"2025-10-22T19:15:03+00:00","og_image":[{"width":800,"height":800,"url":"https:\/\/hghpeptideslab.com\/wp-content\/uploads\/2025\/08\/hgh-6iu-30iu.jpg","type":"image\/jpeg"}],"twitter_card":"summary_large_image","twitter_misc":{"Tahmini okuma s\u00fcresi":"1 dakika"},"schema":{"@context":"https:\/\/schema.org","@graph":[{"@type":"WebPage","@id":"https:\/\/hghpeptideslab.com\/product\/custom-hgh-6-30-iu\/","url":"https:\/\/hghpeptideslab.com\/product\/custom-hgh-6-30-iu\/","name":"Custom-Dose HGH 6-30 IU | HGH Peptides Lab - HPLC\/COA Do\u011fruland\u0131","isPartOf":{"@id":"https:\/\/hghpeptideslab.com\/#website"},"primaryImageOfPage":{"@id":"https:\/\/hghpeptideslab.com\/product\/custom-hgh-6-30-iu\/#primaryimage"},"image":{"@id":"https:\/\/hghpeptideslab.com\/product\/custom-hgh-6-30-iu\/#primaryimage"},"thumbnailUrl":"https:\/\/hghpeptideslab.com\/wp-content\/uploads\/2025\/08\/hgh-6iu-30iu.jpg","datePublished":"2025-08-14T19:45:46+00:00","dateModified":"2025-10-22T19:15:03+00:00","description":"\u00c7in merkezli bir GMP laboratuvar\u0131ndan \u00f6zel doz HGH (6-30 IU) sat\u0131n al\u0131n. HPLC\/COA ile 99% purity. Esnek GH ara\u015ft\u0131rmas\u0131 i\u00e7in fabrikadan do\u011frudan sat\u0131\u015f ve d\u00fcnya \u00e7ap\u0131nda h\u0131zl\u0131 sevkiyat.","breadcrumb":{"@id":"https:\/\/hghpeptideslab.com\/product\/custom-hgh-6-30-iu\/#breadcrumb"},"inLanguage":"tr","potentialAction":[{"@type":"ReadAction","target":["https:\/\/hghpeptideslab.com\/product\/custom-hgh-6-30-iu\/"]}],"copyrightNotice":"\u00a9 2010\u20132026 HGH Peptides Lab. All Rights Reserved."},{"@type":"ImageObject","inLanguage":"tr","@id":"https:\/\/hghpeptideslab.com\/product\/custom-hgh-6-30-iu\/#primaryimage","url":"https:\/\/hghpeptideslab.com\/wp-content\/uploads\/2025\/08\/hgh-6iu-30iu.jpg","contentUrl":"https:\/\/hghpeptideslab.com\/wp-content\/uploads\/2025\/08\/hgh-6iu-30iu.jpg","width":800,"height":800,"caption":"Made-to-order fills \u00b7 6\u201330 IU per vial"},{"@type":"BreadcrumbList","@id":"https:\/\/hghpeptideslab.com\/product\/custom-hgh-6-30-iu\/#breadcrumb","itemListElement":[{"@type":"ListItem","position":1,"name":"Home","item":"https:\/\/hghpeptideslab.com\/"},{"@type":"ListItem","position":2,"name":"Shop","item":"https:\/\/hghpeptideslab.com\/shop\/"},{"@type":"ListItem","position":3,"name":"Custom-Dose HGH (Human Growth Hormone) \u2013 6\u201330 IU"}]},{"@type":"WebSite","@id":"https:\/\/hghpeptideslab.com\/#website","url":"https:\/\/hghpeptideslab.com\/","name":"HGH Peptides Lab","description":"Premium Peptides &amp; HGH Ma\u011faza","publisher":{"@id":"https:\/\/hghpeptideslab.com\/#organization"},"potentialAction":[{"@type":"SearchAction","target":{"@type":"EntryPoint","urlTemplate":"https:\/\/hghpeptideslab.com\/?s={search_term_string}"},"query-input":{"@type":"PropertyValueSpecification","valueRequired":true,"valueName":"search_term_string"}}],"inLanguage":"tr"},{"@type":"Organization","@id":"https:\/\/hghpeptideslab.com\/#organization","name":"HGH Peptides Lab","url":"https:\/\/hghpeptideslab.com\/tr\/","logo":{"@type":"ImageObject","url":"https:\/\/hghpeptideslab.com\/wp-content\/uploads\/2025\/07\/HGHPEPTIDESLAB-Logo.png"},"image":{"@id":"https:\/\/hghpeptideslab.com\/#\/schema\/logo\/image\/"},"foundingDate":"2010","contactPoint":[{"@type":"ContactPoint","contactType":"customer support","telephone":"+85247559641","email":"CYGGL2025@gmail.com","availableLanguage":["en"]}]}]}},"_links":{"self":[{"href":"https:\/\/hghpeptideslab.com\/tr\/wp-json\/wp\/v2\/product\/8863","targetHints":{"allow":["GET"]}}],"collection":[{"href":"https:\/\/hghpeptideslab.com\/tr\/wp-json\/wp\/v2\/product"}],"about":[{"href":"https:\/\/hghpeptideslab.com\/tr\/wp-json\/wp\/v2\/types\/product"}],"replies":[{"embeddable":true,"href":"https:\/\/hghpeptideslab.com\/tr\/wp-json\/wp\/v2\/comments?post=8863"}],"wp:featuredmedia":[{"embeddable":true,"href":"https:\/\/hghpeptideslab.com\/tr\/wp-json\/wp\/v2\/media\/8864"}],"wp:attachment":[{"href":"https:\/\/hghpeptideslab.com\/tr\/wp-json\/wp\/v2\/media?parent=8863"}],"wp:term":[{"taxonomy":"product_cat","embeddable":true,"href":"https:\/\/hghpeptideslab.com\/tr\/wp-json\/wp\/v2\/product_cat?post=8863"},{"taxonomy":"product_tag","embeddable":true,"href":"https:\/\/hghpeptideslab.com\/tr\/wp-json\/wp\/v2\/product_tag?post=8863"}],"curies":[{"name":"wp","href":"https:\/\/api.w.org\/{rel}","templated":true}]}}