{"id":8886,"date":"2025-08-14T22:27:37","date_gmt":"2025-08-14T22:27:37","guid":{"rendered":"https:\/\/hghpeptideslab.com\/?post_type=product&#038;p=8886"},"modified":"2026-01-16T19:02:19","modified_gmt":"2026-01-16T19:02:19","slug":"semaglutide","status":"publish","type":"product","link":"https:\/\/hghpeptideslab.com\/tr\/product\/semaglutide\/","title":{"rendered":"Semaglutide Peptide"},"content":{"rendered":"<h3>Genel Bak\u0131\u015f<\/h3>\n<p>Semaglutide, i\u015ftah mod\u00fclasyonu ve glisemik kontrol ara\u015ft\u0131rmalar\u0131nda s\u0131kl\u0131kla ba\u015fvurulan bir GLP-1 analo\u011fudur.<br \/>\nBizim malzememiz <strong>GMP-\u00fcretimli<\/strong> (farmas\u00f6tik s\u0131n\u0131f hammadde) ile <strong>99%+ safl\u0131k<\/strong>.<br \/>\nHPLC\/COA istek \u00fczerine temin edilebilir.<\/p>\n<h3>Temel \u00d6zellikler<\/h3>\n<ul>\n<li>Mevcut g\u00fc\u00e7ler: <strong>2 mg<\/strong>, <strong>5 mg<\/strong>, <strong>10 mg<\/strong>, <strong>15 mg<\/strong>, <strong>20 mg<\/strong>, <strong>30 mg<\/strong>, <strong>40 mg<\/strong> &amp; <strong>60 mg<\/strong> vial ba\u015f\u0131na<\/li>\n<li>Kit boyut: <strong>10 vials\/Kit<\/strong><\/li>\n<li>Esnek ara\u015ft\u0131rma protokolleri i\u00e7in White lyophilized powder<\/li>\n<li>HPLC\/COA belgeleri talep \u00fczerine<\/li>\n<\/ul>\n<h3>Tipik Ara\u015ft\u0131rma Odaklar\u0131<\/h3>\n<ul>\n<li>Kilo y\u00f6netimi ve i\u015ftah d\u00fczenleme modelleri<\/li>\n<li>Glisemik kontrol ve ins\u00fclin salg\u0131lama yollar\u0131<\/li>\n<li>Mide bo\u015falmas\u0131 ve tokluk sinyali (GLP-1)<\/li>\n<li>Kardiyometabolik ve metabolik sa\u011fl\u0131k belirte\u00e7leri<\/li>\n<\/ul>\n<h3>Depolama ve Stabilite<\/h3>\n<ul>\n<li>Kapal\u0131 olarak saklay\u0131n <strong>2-8 \u00b0C<\/strong>\u0131\u015f\u0131k ve nemden korunur<\/li>\n<li>Suland\u0131r\u0131lm\u0131\u015f \u00e7\u00f6zeltilerin uygun laboratuvar ko\u015fullar\u0131nda derhal kullan\u0131lmas\u0131 tavsiye edilir<\/li>\n<\/ul>\n<h3>Notlar<\/h3>\n<ul>\n<li>\u0130\u00e7inde \u00fcretilmi\u015ftir <strong>GMP uyumlu<\/strong> tesisler<\/li>\n<li>HPLC\/COA istek \u00fczerine temin edilebilir<\/li>\n<li>Sadece laboratuvar ara\u015ft\u0131rmalar\u0131 i\u00e7indir. \u00dcr\u00fcnler t\u0131bbi kullan\u0131m i\u00e7in etiketlenmemi\u015ftir.<\/li>\n<\/ul>","protected":false},"excerpt":{"rendered":"<p><strong>\u0130sim:<\/strong> 99% Purity Semaglutide peptit<br \/>\n<strong>Fonksiyon:<\/strong> Kilo verme ara\u015ft\u0131rmas\u0131; i\u015ftah d\u00fczenleme ve glisemik kontrol<br \/>\n<strong>\u00d6zellikler:<\/strong> vial ba\u015f\u0131na 2 adet mg, 5 adet mg, 10 adet mg, 15 adet mg, 20 adet mg, 30 adet mg, 40 adet mg ve 60 adet mg; 10 vials\/kit<br \/>\n<strong>CAS:<\/strong> 910463-68-2<br \/>\n<strong>G\u00f6r\u00fcn\u00fc\u015f:<\/strong> White lyophilized powder<\/p>","protected":false},"featured_media":8882,"comment_status":"open","ping_status":"closed","template":"","meta":[],"product_cat":[46],"product_tag":[169,161,168,167,122],"class_list":{"0":"post-8886","1":"product","2":"type-product","3":"status-publish","4":"has-post-thumbnail","6":"product_brand-dp-hghpeptides","7":"product_brand-hgh-peptides-lab","8":"product_cat-peptides-for-weight-loss","9":"product_tag-eli-lilly","10":"product_tag-fat-loss-metabolism-peptides","11":"product_tag-novo-nordisk","12":"product_tag-overall-wellness-peptides","13":"product_tag-semaglutide","15":"first","16":"instock","17":"featured","18":"shipping-taxable","19":"purchasable","20":"product-type-variable","21":"has-default-attributes"},"yoast_head":"<!-- This site is optimized with the Yoast SEO Premium plugin v27.3 (Yoast SEO v27.3) - https:\/\/yoast.com\/product\/yoast-seo-premium-wordpress\/ -->\n<title>Semaglutide Peptide for Weight Loss | HGH Peptides Lab \u2013 Premium Quality<\/title>\n<meta name=\"description\" content=\"Order Semaglutide from a GMP China lab\u201499% purity with HPLC\/COA. Factory-direct selling and global shipping for appetite control, glycemic and weight-loss support.\" \/>\n<meta name=\"robots\" content=\"index, follow, max-snippet:-1, max-image-preview:large, max-video-preview:-1\" \/>\n<link rel=\"canonical\" href=\"https:\/\/hghpeptideslab.com\/tr\/\u00fcr\u00fcn\/semaglutide\/\" \/>\n<meta property=\"og:locale\" content=\"tr_TR\" \/>\n<meta property=\"og:type\" content=\"article\" \/>\n<meta property=\"og:title\" content=\"Semaglutide Peptide\" \/>\n<meta property=\"og:description\" content=\"Order Semaglutide from a GMP China lab\u201499% purity with HPLC\/COA. Factory-direct selling and global shipping for appetite control, glycemic and weight-loss support.\" \/>\n<meta property=\"og:url\" content=\"https:\/\/hghpeptideslab.com\/tr\/\u00fcr\u00fcn\/semaglutide\/\" \/>\n<meta property=\"og:site_name\" content=\"HGH Peptides Lab\" \/>\n<meta property=\"article:modified_time\" content=\"2026-01-16T19:02:19+00:00\" \/>\n<meta property=\"og:image\" content=\"https:\/\/hghpeptideslab.com\/wp-content\/uploads\/2025\/08\/semaglutide5mg.jpg\" \/>\n\t<meta property=\"og:image:width\" content=\"800\" \/>\n\t<meta property=\"og:image:height\" content=\"800\" \/>\n\t<meta property=\"og:image:type\" content=\"image\/jpeg\" \/>\n<meta name=\"twitter:card\" content=\"summary_large_image\" \/>\n<meta name=\"twitter:label1\" content=\"Tahmini okuma s\u00fcresi\" \/>\n\t<meta name=\"twitter:data1\" content=\"1 dakika\" \/>\n<script type=\"application\/ld+json\" class=\"yoast-schema-graph\">{\"@context\":\"https:\\\/\\\/schema.org\",\"@graph\":[{\"@type\":\"WebPage\",\"@id\":\"https:\\\/\\\/hghpeptideslab.com\\\/product\\\/semaglutide\\\/\",\"url\":\"https:\\\/\\\/hghpeptideslab.com\\\/product\\\/semaglutide\\\/\",\"name\":\"Semaglutide Peptide for Weight Loss | HGH Peptides Lab \u2013 Premium Quality\",\"isPartOf\":{\"@id\":\"https:\\\/\\\/hghpeptideslab.com\\\/#website\"},\"primaryImageOfPage\":{\"@id\":\"https:\\\/\\\/hghpeptideslab.com\\\/product\\\/semaglutide\\\/#primaryimage\"},\"image\":{\"@id\":\"https:\\\/\\\/hghpeptideslab.com\\\/product\\\/semaglutide\\\/#primaryimage\"},\"thumbnailUrl\":\"https:\\\/\\\/hghpeptideslab.com\\\/wp-content\\\/uploads\\\/2025\\\/08\\\/semaglutide5mg.jpg\",\"datePublished\":\"2025-08-14T22:27:37+00:00\",\"dateModified\":\"2026-01-16T19:02:19+00:00\",\"description\":\"Order Semaglutide from a GMP China lab\u201499% purity with HPLC\\\/COA. Factory-direct selling and global shipping for appetite control, glycemic and weight-loss support.\",\"breadcrumb\":{\"@id\":\"https:\\\/\\\/hghpeptideslab.com\\\/product\\\/semaglutide\\\/#breadcrumb\"},\"inLanguage\":\"tr\",\"potentialAction\":[{\"@type\":\"ReadAction\",\"target\":[\"https:\\\/\\\/hghpeptideslab.com\\\/product\\\/semaglutide\\\/\"]}],\"copyrightNotice\":\"\u00a9 2010\u20132026 HGH Peptides Lab. All Rights Reserved.\"},{\"@type\":\"ImageObject\",\"inLanguage\":\"tr\",\"@id\":\"https:\\\/\\\/hghpeptideslab.com\\\/product\\\/semaglutide\\\/#primaryimage\",\"url\":\"https:\\\/\\\/hghpeptideslab.com\\\/wp-content\\\/uploads\\\/2025\\\/08\\\/semaglutide5mg.jpg\",\"contentUrl\":\"https:\\\/\\\/hghpeptideslab.com\\\/wp-content\\\/uploads\\\/2025\\\/08\\\/semaglutide5mg.jpg\",\"width\":800,\"height\":800,\"caption\":\"Semaglutide 5 mg vial, research use only.\"},{\"@type\":\"BreadcrumbList\",\"@id\":\"https:\\\/\\\/hghpeptideslab.com\\\/product\\\/semaglutide\\\/#breadcrumb\",\"itemListElement\":[{\"@type\":\"ListItem\",\"position\":1,\"name\":\"Home\",\"item\":\"https:\\\/\\\/hghpeptideslab.com\\\/\"},{\"@type\":\"ListItem\",\"position\":2,\"name\":\"Shop\",\"item\":\"https:\\\/\\\/hghpeptideslab.com\\\/shop\\\/\"},{\"@type\":\"ListItem\",\"position\":3,\"name\":\"Semaglutide Peptide\"}]},{\"@type\":\"WebSite\",\"@id\":\"https:\\\/\\\/hghpeptideslab.com\\\/#website\",\"url\":\"https:\\\/\\\/hghpeptideslab.com\\\/\",\"name\":\"HGH Peptides Lab\",\"description\":\"Premium Peptides &amp; HGH Shop\",\"publisher\":{\"@id\":\"https:\\\/\\\/hghpeptideslab.com\\\/#organization\"},\"potentialAction\":[{\"@type\":\"SearchAction\",\"target\":{\"@type\":\"EntryPoint\",\"urlTemplate\":\"https:\\\/\\\/hghpeptideslab.com\\\/?s={search_term_string}\"},\"query-input\":{\"@type\":\"PropertyValueSpecification\",\"valueRequired\":true,\"valueName\":\"search_term_string\"}}],\"inLanguage\":\"tr\"},{\"@type\":\"Organization\",\"@id\":\"https:\\\/\\\/hghpeptideslab.com\\\/#organization\",\"name\":\"HGH Peptides Lab\",\"url\":\"https:\\\/\\\/hghpeptideslab.com\\\/tr\\\/\",\"logo\":{\"@type\":\"ImageObject\",\"url\":\"https:\\\/\\\/hghpeptideslab.com\\\/wp-content\\\/uploads\\\/2025\\\/07\\\/HGHPEPTIDESLAB-Logo.png\"},\"image\":{\"@id\":\"https:\\\/\\\/hghpeptideslab.com\\\/#\\\/schema\\\/logo\\\/image\\\/\"},\"foundingDate\":\"2010\",\"contactPoint\":[{\"@type\":\"ContactPoint\",\"contactType\":\"customer support\",\"telephone\":\"+85247559641\",\"email\":\"CYGGL2025@gmail.com\",\"availableLanguage\":[\"en\"]}]}]}<\/script>\n<!-- \/ Yoast SEO Premium plugin. -->","yoast_head_json":{"title":"Zay\u0131flama i\u00e7in Semaglutide Peptide | HGH Peptides Lab - Premium Kalite","description":"HPLC\/COA ile GMP \u00c7in laboratuvar\u0131-99% purity'den Semaglutide sipari\u015f edin. \u0130\u015ftah kontrol\u00fc, glisemik ve kilo kayb\u0131 deste\u011fi i\u00e7in fabrikadan do\u011frudan sat\u0131\u015f ve k\u00fcresel nakliye.","robots":{"index":"index","follow":"follow","max-snippet":"max-snippet:-1","max-image-preview":"max-image-preview:large","max-video-preview":"max-video-preview:-1"},"canonical":"https:\/\/hghpeptideslab.com\/tr\/\u00fcr\u00fcn\/semaglutide\/","og_locale":"tr_TR","og_type":"article","og_title":"Semaglutide Peptide","og_description":"Order Semaglutide from a GMP China lab\u201499% purity with HPLC\/COA. Factory-direct selling and global shipping for appetite control, glycemic and weight-loss support.","og_url":"https:\/\/hghpeptideslab.com\/tr\/\u00fcr\u00fcn\/semaglutide\/","og_site_name":"HGH Peptides Lab","article_modified_time":"2026-01-16T19:02:19+00:00","og_image":[{"width":800,"height":800,"url":"https:\/\/hghpeptideslab.com\/wp-content\/uploads\/2025\/08\/semaglutide5mg.jpg","type":"image\/jpeg"}],"twitter_card":"summary_large_image","twitter_misc":{"Tahmini okuma s\u00fcresi":"1 dakika"},"schema":{"@context":"https:\/\/schema.org","@graph":[{"@type":"WebPage","@id":"https:\/\/hghpeptideslab.com\/product\/semaglutide\/","url":"https:\/\/hghpeptideslab.com\/product\/semaglutide\/","name":"Zay\u0131flama i\u00e7in Semaglutide Peptide | HGH Peptides Lab - Premium Kalite","isPartOf":{"@id":"https:\/\/hghpeptideslab.com\/#website"},"primaryImageOfPage":{"@id":"https:\/\/hghpeptideslab.com\/product\/semaglutide\/#primaryimage"},"image":{"@id":"https:\/\/hghpeptideslab.com\/product\/semaglutide\/#primaryimage"},"thumbnailUrl":"https:\/\/hghpeptideslab.com\/wp-content\/uploads\/2025\/08\/semaglutide5mg.jpg","datePublished":"2025-08-14T22:27:37+00:00","dateModified":"2026-01-16T19:02:19+00:00","description":"HPLC\/COA ile GMP \u00c7in laboratuvar\u0131-99% purity'den Semaglutide sipari\u015f edin. \u0130\u015ftah kontrol\u00fc, glisemik ve kilo kayb\u0131 deste\u011fi i\u00e7in fabrikadan do\u011frudan sat\u0131\u015f ve k\u00fcresel nakliye.","breadcrumb":{"@id":"https:\/\/hghpeptideslab.com\/product\/semaglutide\/#breadcrumb"},"inLanguage":"tr","potentialAction":[{"@type":"ReadAction","target":["https:\/\/hghpeptideslab.com\/product\/semaglutide\/"]}],"copyrightNotice":"\u00a9 2010\u20132026 HGH Peptides Lab. All Rights Reserved."},{"@type":"ImageObject","inLanguage":"tr","@id":"https:\/\/hghpeptideslab.com\/product\/semaglutide\/#primaryimage","url":"https:\/\/hghpeptideslab.com\/wp-content\/uploads\/2025\/08\/semaglutide5mg.jpg","contentUrl":"https:\/\/hghpeptideslab.com\/wp-content\/uploads\/2025\/08\/semaglutide5mg.jpg","width":800,"height":800,"caption":"Semaglutide 5 mg vial, research use only."},{"@type":"BreadcrumbList","@id":"https:\/\/hghpeptideslab.com\/product\/semaglutide\/#breadcrumb","itemListElement":[{"@type":"ListItem","position":1,"name":"Home","item":"https:\/\/hghpeptideslab.com\/"},{"@type":"ListItem","position":2,"name":"Shop","item":"https:\/\/hghpeptideslab.com\/shop\/"},{"@type":"ListItem","position":3,"name":"Semaglutide Peptide"}]},{"@type":"WebSite","@id":"https:\/\/hghpeptideslab.com\/#website","url":"https:\/\/hghpeptideslab.com\/","name":"HGH Peptides Lab","description":"Premium Peptides &amp; HGH Ma\u011faza","publisher":{"@id":"https:\/\/hghpeptideslab.com\/#organization"},"potentialAction":[{"@type":"SearchAction","target":{"@type":"EntryPoint","urlTemplate":"https:\/\/hghpeptideslab.com\/?s={search_term_string}"},"query-input":{"@type":"PropertyValueSpecification","valueRequired":true,"valueName":"search_term_string"}}],"inLanguage":"tr"},{"@type":"Organization","@id":"https:\/\/hghpeptideslab.com\/#organization","name":"HGH Peptides Lab","url":"https:\/\/hghpeptideslab.com\/tr\/","logo":{"@type":"ImageObject","url":"https:\/\/hghpeptideslab.com\/wp-content\/uploads\/2025\/07\/HGHPEPTIDESLAB-Logo.png"},"image":{"@id":"https:\/\/hghpeptideslab.com\/#\/schema\/logo\/image\/"},"foundingDate":"2010","contactPoint":[{"@type":"ContactPoint","contactType":"customer support","telephone":"+85247559641","email":"CYGGL2025@gmail.com","availableLanguage":["en"]}]}]}},"_links":{"self":[{"href":"https:\/\/hghpeptideslab.com\/tr\/wp-json\/wp\/v2\/product\/8886","targetHints":{"allow":["GET"]}}],"collection":[{"href":"https:\/\/hghpeptideslab.com\/tr\/wp-json\/wp\/v2\/product"}],"about":[{"href":"https:\/\/hghpeptideslab.com\/tr\/wp-json\/wp\/v2\/types\/product"}],"replies":[{"embeddable":true,"href":"https:\/\/hghpeptideslab.com\/tr\/wp-json\/wp\/v2\/comments?post=8886"}],"wp:featuredmedia":[{"embeddable":true,"href":"https:\/\/hghpeptideslab.com\/tr\/wp-json\/wp\/v2\/media\/8882"}],"wp:attachment":[{"href":"https:\/\/hghpeptideslab.com\/tr\/wp-json\/wp\/v2\/media?parent=8886"}],"wp:term":[{"taxonomy":"product_cat","embeddable":true,"href":"https:\/\/hghpeptideslab.com\/tr\/wp-json\/wp\/v2\/product_cat?post=8886"},{"taxonomy":"product_tag","embeddable":true,"href":"https:\/\/hghpeptideslab.com\/tr\/wp-json\/wp\/v2\/product_tag?post=8886"}],"curies":[{"name":"wp","href":"https:\/\/api.w.org\/{rel}","templated":true}]}}