{"id":8962,"date":"2025-08-15T19:45:11","date_gmt":"2025-08-15T19:45:11","guid":{"rendered":"https:\/\/hghpeptideslab.com\/?post_type=product&#038;p=8962"},"modified":"2025-10-22T20:26:55","modified_gmt":"2025-10-22T20:26:55","slug":"mgf","status":"publish","type":"product","link":"https:\/\/hghpeptideslab.com\/tr\/product\/mgf\/","title":{"rendered":"MGF Peptide (Mekano B\u00fcy\u00fcme Fakt\u00f6r\u00fc)"},"content":{"rendered":"<h3>Genel Bak\u0131\u015f<\/h3>\n<p>MGF (Mechano Growth Factor), mekanik y\u00fcklemeden sonra iskelet kas\u0131 hipertrofisi, rejenerasyonu ve iyile\u015fmesi \u00fczerine yap\u0131lan ara\u015ft\u0131rmalarda yayg\u0131n olarak ba\u015fvurulan IGF-1'nin (IGF-1 Ec) bir ek varyant\u0131d\u0131r. Bizim materyalimiz <strong>GMP-\u00fcretimli<\/strong> ile farmas\u00f6tik s\u0131n\u0131f ham peptit <strong>99%+ safl\u0131k<\/strong>. HPLC\/COA istek \u00fczerine temin edilebilir.<\/p>\n<h3>Temel \u00d6zellikler<\/h3>\n<ul>\n<li>Mevcut g\u00fc\u00e7ler: <strong>2 mg<\/strong>, <strong>5 mg<\/strong> &amp; <strong>10 mg<\/strong> vial ba\u015f\u0131na<\/li>\n<li>Kit boyut: <strong>10 vials\/kit<\/strong><\/li>\n<li>Esnek ara\u015ft\u0131rma protokolleri i\u00e7in White lyophilized powder<\/li>\n<li>Tam dok\u00fcmantasyon (HPLC\/COA) istek \u00fczerine temin edilebilir<\/li>\n<\/ul>\n<h3>Tipik Ara\u015ft\u0131rma Odaklar\u0131<\/h3>\n<ul>\n<li>Kas hipertrofisi ve uydu-h\u00fccre aktivasyon modelleri<\/li>\n<li>Egzersiz sonras\u0131 veya a\u015f\u0131r\u0131 y\u00fck kaynakl\u0131 toparlanma \u00e7al\u0131\u015fmalar\u0131<\/li>\n<li>Tendon\/ligament adaptasyonu ve yeniden \u015fekillenme modelleri<\/li>\n<li>IGF-1 sinyal yolu ve splice-varyant ara\u015ft\u0131rmas\u0131<\/li>\n<\/ul>\n<h3>Depolama ve Stabilite<\/h3>\n<ul>\n<li>Kapal\u0131 olarak saklay\u0131n <strong>2-8 \u00b0C<\/strong>\u0131\u015f\u0131k ve nemden korunur<\/li>\n<li>Suland\u0131r\u0131lm\u0131\u015f \u00e7\u00f6zeltilerin uygun laboratuvar ko\u015fullar\u0131nda derhal kullan\u0131lmas\u0131 tavsiye edilir<\/li>\n<\/ul>\n<h3>Notlar<\/h3>\n<ul>\n<li>\u0130\u00e7inde \u00fcretilmi\u015ftir <strong>GMP uyumlu<\/strong> tesisler<\/li>\n<li>HPLC\/COA istek \u00fczerine temin edilebilir<\/li>\n<li>Sadece laboratuvar ara\u015ft\u0131rmalar\u0131 i\u00e7indir. \u00dcr\u00fcnler t\u0131bbi kullan\u0131m i\u00e7in etiketlenmemi\u015ftir.<\/li>\n<\/ul>","protected":false},"excerpt":{"rendered":"<p><strong>\u0130sim:<\/strong> 99% Purity MGF peptit<br \/>\n<strong>Fonksiyon:<\/strong> Kas b\u00fcy\u00fcmesi ve onar\u0131m\u0131; egzersiz sonras\u0131 toparlanma<br \/>\n<strong>\u00d6zellikler:<\/strong> vial ba\u015f\u0131na 2 mg &amp; 5 mg &amp; 10 mg; 10 vials\/kit<br \/>\n<strong>CAS:<\/strong> N\/A (IGF-1 Ec ek varyant\u0131; benzersiz CAS atanmam\u0131\u015ft\u0131r)<br \/>\n<strong>G\u00f6r\u00fcn\u00fc\u015f:<\/strong> White lyophilized powder<\/p>","protected":false},"featured_media":8958,"comment_status":"open","ping_status":"closed","template":"","meta":[],"product_cat":[40],"product_tag":[148,160,158],"class_list":{"0":"post-8962","1":"product","2":"type-product","3":"status-publish","4":"has-post-thumbnail","6":"product_brand-dp-hghpeptides","7":"product_brand-hgh-peptides-lab","8":"product_cat-peptides-for-muscle-growth","9":"product_tag-mgf","10":"product_tag-muscle-growth-performance-peptides","11":"product_tag-recovery-tissue-repair-peptides","13":"first","14":"instock","15":"shipping-taxable","16":"purchasable","17":"product-type-variable","18":"has-default-attributes"},"yoast_head":"<!-- This site is optimized with the Yoast SEO Premium plugin v27.3 (Yoast SEO v27.3) - https:\/\/yoast.com\/product\/yoast-seo-premium-wordpress\/ -->\n<title>MGF Peptide (Mechano Growth Factor) | HGH Peptides Lab \u2013 GMP-Manufactured<\/title>\n<meta name=\"description\" content=\"Order MGF from a China GMP lab\u201499% purity, HPLC\/COA on request. Factory-direct selling and global shipping for muscle repair, signaling and recovery.\" \/>\n<meta name=\"robots\" content=\"index, follow, max-snippet:-1, max-image-preview:large, max-video-preview:-1\" \/>\n<link rel=\"canonical\" href=\"https:\/\/hghpeptideslab.com\/tr\/\u00fcr\u00fcn\/mgf\/\" \/>\n<meta property=\"og:locale\" content=\"tr_TR\" \/>\n<meta property=\"og:type\" content=\"article\" \/>\n<meta property=\"og:title\" content=\"MGF Peptide (Mechano Growth Factor)\" \/>\n<meta property=\"og:description\" content=\"Order MGF from a China GMP lab\u201499% purity, HPLC\/COA on request. Factory-direct selling and global shipping for muscle repair, signaling and recovery.\" \/>\n<meta property=\"og:url\" content=\"https:\/\/hghpeptideslab.com\/tr\/\u00fcr\u00fcn\/mgf\/\" \/>\n<meta property=\"og:site_name\" content=\"HGH Peptides Lab\" \/>\n<meta property=\"article:modified_time\" content=\"2025-10-22T20:26:55+00:00\" \/>\n<meta property=\"og:image\" content=\"https:\/\/hghpeptideslab.com\/wp-content\/uploads\/2025\/08\/mgf-5mg.jpg\" \/>\n\t<meta property=\"og:image:width\" content=\"800\" \/>\n\t<meta property=\"og:image:height\" content=\"800\" \/>\n\t<meta property=\"og:image:type\" content=\"image\/jpeg\" \/>\n<meta name=\"twitter:card\" content=\"summary_large_image\" \/>\n<meta name=\"twitter:label1\" content=\"Tahmini okuma s\u00fcresi\" \/>\n\t<meta name=\"twitter:data1\" content=\"1 dakika\" \/>\n<script type=\"application\/ld+json\" class=\"yoast-schema-graph\">{\"@context\":\"https:\\\/\\\/schema.org\",\"@graph\":[{\"@type\":\"WebPage\",\"@id\":\"https:\\\/\\\/hghpeptideslab.com\\\/product\\\/mgf\\\/\",\"url\":\"https:\\\/\\\/hghpeptideslab.com\\\/product\\\/mgf\\\/\",\"name\":\"MGF Peptide (Mechano Growth Factor) | HGH Peptides Lab \u2013 GMP-Manufactured\",\"isPartOf\":{\"@id\":\"https:\\\/\\\/hghpeptideslab.com\\\/#website\"},\"primaryImageOfPage\":{\"@id\":\"https:\\\/\\\/hghpeptideslab.com\\\/product\\\/mgf\\\/#primaryimage\"},\"image\":{\"@id\":\"https:\\\/\\\/hghpeptideslab.com\\\/product\\\/mgf\\\/#primaryimage\"},\"thumbnailUrl\":\"https:\\\/\\\/hghpeptideslab.com\\\/wp-content\\\/uploads\\\/2025\\\/08\\\/mgf-5mg.jpg\",\"datePublished\":\"2025-08-15T19:45:11+00:00\",\"dateModified\":\"2025-10-22T20:26:55+00:00\",\"description\":\"Order MGF from a China GMP lab\u201499% purity, HPLC\\\/COA on request. Factory-direct selling and global shipping for muscle repair, signaling and recovery.\",\"breadcrumb\":{\"@id\":\"https:\\\/\\\/hghpeptideslab.com\\\/product\\\/mgf\\\/#breadcrumb\"},\"inLanguage\":\"tr\",\"potentialAction\":[{\"@type\":\"ReadAction\",\"target\":[\"https:\\\/\\\/hghpeptideslab.com\\\/product\\\/mgf\\\/\"]}],\"copyrightNotice\":\"\u00a9 2010\u20132026 HGH Peptides Lab. All Rights Reserved.\"},{\"@type\":\"ImageObject\",\"inLanguage\":\"tr\",\"@id\":\"https:\\\/\\\/hghpeptideslab.com\\\/product\\\/mgf\\\/#primaryimage\",\"url\":\"https:\\\/\\\/hghpeptideslab.com\\\/wp-content\\\/uploads\\\/2025\\\/08\\\/mgf-5mg.jpg\",\"contentUrl\":\"https:\\\/\\\/hghpeptideslab.com\\\/wp-content\\\/uploads\\\/2025\\\/08\\\/mgf-5mg.jpg\",\"width\":800,\"height\":800,\"caption\":\"MGF peptide \u2014 5 mg per vial (HGH Peptides Lab)\"},{\"@type\":\"BreadcrumbList\",\"@id\":\"https:\\\/\\\/hghpeptideslab.com\\\/product\\\/mgf\\\/#breadcrumb\",\"itemListElement\":[{\"@type\":\"ListItem\",\"position\":1,\"name\":\"Home\",\"item\":\"https:\\\/\\\/hghpeptideslab.com\\\/\"},{\"@type\":\"ListItem\",\"position\":2,\"name\":\"Shop\",\"item\":\"https:\\\/\\\/hghpeptideslab.com\\\/shop\\\/\"},{\"@type\":\"ListItem\",\"position\":3,\"name\":\"MGF Peptide (Mechano Growth Factor)\"}]},{\"@type\":\"WebSite\",\"@id\":\"https:\\\/\\\/hghpeptideslab.com\\\/#website\",\"url\":\"https:\\\/\\\/hghpeptideslab.com\\\/\",\"name\":\"HGH Peptides Lab\",\"description\":\"Premium Peptides &amp; HGH Shop\",\"publisher\":{\"@id\":\"https:\\\/\\\/hghpeptideslab.com\\\/#organization\"},\"potentialAction\":[{\"@type\":\"SearchAction\",\"target\":{\"@type\":\"EntryPoint\",\"urlTemplate\":\"https:\\\/\\\/hghpeptideslab.com\\\/?s={search_term_string}\"},\"query-input\":{\"@type\":\"PropertyValueSpecification\",\"valueRequired\":true,\"valueName\":\"search_term_string\"}}],\"inLanguage\":\"tr\"},{\"@type\":\"Organization\",\"@id\":\"https:\\\/\\\/hghpeptideslab.com\\\/#organization\",\"name\":\"HGH Peptides Lab\",\"url\":\"https:\\\/\\\/hghpeptideslab.com\\\/tr\\\/\",\"logo\":{\"@type\":\"ImageObject\",\"url\":\"https:\\\/\\\/hghpeptideslab.com\\\/wp-content\\\/uploads\\\/2025\\\/07\\\/HGHPEPTIDESLAB-Logo.png\"},\"image\":{\"@id\":\"https:\\\/\\\/hghpeptideslab.com\\\/#\\\/schema\\\/logo\\\/image\\\/\"},\"foundingDate\":\"2010\",\"contactPoint\":[{\"@type\":\"ContactPoint\",\"contactType\":\"customer support\",\"telephone\":\"+85247559641\",\"email\":\"CYGGL2025@gmail.com\",\"availableLanguage\":[\"en\"]}]}]}<\/script>\n<!-- \/ Yoast SEO Premium plugin. -->","yoast_head_json":{"title":"MGF Peptide (Mekano B\u00fcy\u00fcme Fakt\u00f6r\u00fc) | HGH Peptides Lab - GMP-\u00dcretilmi\u015f","description":"Talep \u00fczerine bir \u00c7in GMP laboratuvar\u0131ndan MGF-99% purity, HPLC\/COA sipari\u015f edin. Kas onar\u0131m\u0131, sinyalizasyonu ve iyile\u015fmesi i\u00e7in fabrika do\u011frudan sat\u0131\u015f ve k\u00fcresel nakliye.","robots":{"index":"index","follow":"follow","max-snippet":"max-snippet:-1","max-image-preview":"max-image-preview:large","max-video-preview":"max-video-preview:-1"},"canonical":"https:\/\/hghpeptideslab.com\/tr\/\u00fcr\u00fcn\/mgf\/","og_locale":"tr_TR","og_type":"article","og_title":"MGF Peptide (Mechano Growth Factor)","og_description":"Order MGF from a China GMP lab\u201499% purity, HPLC\/COA on request. Factory-direct selling and global shipping for muscle repair, signaling and recovery.","og_url":"https:\/\/hghpeptideslab.com\/tr\/\u00fcr\u00fcn\/mgf\/","og_site_name":"HGH Peptides Lab","article_modified_time":"2025-10-22T20:26:55+00:00","og_image":[{"width":800,"height":800,"url":"https:\/\/hghpeptideslab.com\/wp-content\/uploads\/2025\/08\/mgf-5mg.jpg","type":"image\/jpeg"}],"twitter_card":"summary_large_image","twitter_misc":{"Tahmini okuma s\u00fcresi":"1 dakika"},"schema":{"@context":"https:\/\/schema.org","@graph":[{"@type":"WebPage","@id":"https:\/\/hghpeptideslab.com\/product\/mgf\/","url":"https:\/\/hghpeptideslab.com\/product\/mgf\/","name":"MGF Peptide (Mekano B\u00fcy\u00fcme Fakt\u00f6r\u00fc) | HGH Peptides Lab - GMP-\u00dcretilmi\u015f","isPartOf":{"@id":"https:\/\/hghpeptideslab.com\/#website"},"primaryImageOfPage":{"@id":"https:\/\/hghpeptideslab.com\/product\/mgf\/#primaryimage"},"image":{"@id":"https:\/\/hghpeptideslab.com\/product\/mgf\/#primaryimage"},"thumbnailUrl":"https:\/\/hghpeptideslab.com\/wp-content\/uploads\/2025\/08\/mgf-5mg.jpg","datePublished":"2025-08-15T19:45:11+00:00","dateModified":"2025-10-22T20:26:55+00:00","description":"Talep \u00fczerine bir \u00c7in GMP laboratuvar\u0131ndan MGF-99% purity, HPLC\/COA sipari\u015f edin. Kas onar\u0131m\u0131, sinyalizasyonu ve iyile\u015fmesi i\u00e7in fabrika do\u011frudan sat\u0131\u015f ve k\u00fcresel nakliye.","breadcrumb":{"@id":"https:\/\/hghpeptideslab.com\/product\/mgf\/#breadcrumb"},"inLanguage":"tr","potentialAction":[{"@type":"ReadAction","target":["https:\/\/hghpeptideslab.com\/product\/mgf\/"]}],"copyrightNotice":"\u00a9 2010\u20132026 HGH Peptides Lab. All Rights Reserved."},{"@type":"ImageObject","inLanguage":"tr","@id":"https:\/\/hghpeptideslab.com\/product\/mgf\/#primaryimage","url":"https:\/\/hghpeptideslab.com\/wp-content\/uploads\/2025\/08\/mgf-5mg.jpg","contentUrl":"https:\/\/hghpeptideslab.com\/wp-content\/uploads\/2025\/08\/mgf-5mg.jpg","width":800,"height":800,"caption":"MGF peptide \u2014 5 mg per vial (HGH Peptides Lab)"},{"@type":"BreadcrumbList","@id":"https:\/\/hghpeptideslab.com\/product\/mgf\/#breadcrumb","itemListElement":[{"@type":"ListItem","position":1,"name":"Home","item":"https:\/\/hghpeptideslab.com\/"},{"@type":"ListItem","position":2,"name":"Shop","item":"https:\/\/hghpeptideslab.com\/shop\/"},{"@type":"ListItem","position":3,"name":"MGF Peptide (Mechano Growth Factor)"}]},{"@type":"WebSite","@id":"https:\/\/hghpeptideslab.com\/#website","url":"https:\/\/hghpeptideslab.com\/","name":"HGH Peptides Lab","description":"Premium Peptides &amp; HGH Ma\u011faza","publisher":{"@id":"https:\/\/hghpeptideslab.com\/#organization"},"potentialAction":[{"@type":"SearchAction","target":{"@type":"EntryPoint","urlTemplate":"https:\/\/hghpeptideslab.com\/?s={search_term_string}"},"query-input":{"@type":"PropertyValueSpecification","valueRequired":true,"valueName":"search_term_string"}}],"inLanguage":"tr"},{"@type":"Organization","@id":"https:\/\/hghpeptideslab.com\/#organization","name":"HGH Peptides Lab","url":"https:\/\/hghpeptideslab.com\/tr\/","logo":{"@type":"ImageObject","url":"https:\/\/hghpeptideslab.com\/wp-content\/uploads\/2025\/07\/HGHPEPTIDESLAB-Logo.png"},"image":{"@id":"https:\/\/hghpeptideslab.com\/#\/schema\/logo\/image\/"},"foundingDate":"2010","contactPoint":[{"@type":"ContactPoint","contactType":"customer support","telephone":"+85247559641","email":"CYGGL2025@gmail.com","availableLanguage":["en"]}]}]}},"_links":{"self":[{"href":"https:\/\/hghpeptideslab.com\/tr\/wp-json\/wp\/v2\/product\/8962","targetHints":{"allow":["GET"]}}],"collection":[{"href":"https:\/\/hghpeptideslab.com\/tr\/wp-json\/wp\/v2\/product"}],"about":[{"href":"https:\/\/hghpeptideslab.com\/tr\/wp-json\/wp\/v2\/types\/product"}],"replies":[{"embeddable":true,"href":"https:\/\/hghpeptideslab.com\/tr\/wp-json\/wp\/v2\/comments?post=8962"}],"wp:featuredmedia":[{"embeddable":true,"href":"https:\/\/hghpeptideslab.com\/tr\/wp-json\/wp\/v2\/media\/8958"}],"wp:attachment":[{"href":"https:\/\/hghpeptideslab.com\/tr\/wp-json\/wp\/v2\/media?parent=8962"}],"wp:term":[{"taxonomy":"product_cat","embeddable":true,"href":"https:\/\/hghpeptideslab.com\/tr\/wp-json\/wp\/v2\/product_cat?post=8962"},{"taxonomy":"product_tag","embeddable":true,"href":"https:\/\/hghpeptideslab.com\/tr\/wp-json\/wp\/v2\/product_tag?post=8962"}],"curies":[{"name":"wp","href":"https:\/\/api.w.org\/{rel}","templated":true}]}}