{"id":9009,"date":"2025-08-15T22:01:57","date_gmt":"2025-08-15T22:01:57","guid":{"rendered":"https:\/\/hghpeptideslab.com\/?post_type=product&#038;p=9009"},"modified":"2026-01-16T19:02:19","modified_gmt":"2026-01-16T19:02:19","slug":"nad-plus","status":"publish","type":"product","link":"https:\/\/hghpeptideslab.com\/tr\/product\/nad-plus\/","title":{"rendered":"NAD+ (Nikotinamid Adenin Din\u00fckleotid)"},"content":{"rendered":"<h3>Genel Bak\u0131\u015f<\/h3>\n<p>NAD+ (Nikotinamid Adenin Din\u00fckleotid), a\u015fa\u011f\u0131daki konularda yap\u0131lan ara\u015ft\u0131rmalarda referans al\u0131nan merkezi bir h\u00fccresel koenzimdir<br \/>\nmitokondriyal biyoenerjetik, redoks metabolizmas\u0131 ve sirtuin yolaklar\u0131. Materyalimiz<br \/>\n<strong>GMP-\u00fcretimli<\/strong> ile farmas\u00f6tik s\u0131n\u0131f kalite <strong>99%+ safl\u0131k<\/strong>. HPLC\/COA istek \u00fczerine temin edilebilir.<\/p>\n<h3>Temel \u00d6zellikler<\/h3>\n<ul>\n<li>G\u00fc\u00e7l\u00fc y\u00f6nler: <strong>100 mg<\/strong>, <strong>500 mg<\/strong>, <strong>1000 mg<\/strong> vial ba\u015f\u0131na<\/li>\n<li>Kit boyut: <strong>10 vials\/kit<\/strong><\/li>\n<li>White lyophilized powder farkl\u0131 tezgah i\u015f ak\u0131\u015flar\u0131 i\u00e7in uygundur<\/li>\n<li>Dok\u00fcmantasyon: HPLC kromatogram \/ COA talep \u00fczerine<\/li>\n<\/ul>\n<h3>Tipik Ara\u015ft\u0131rma Odaklar\u0131<\/h3>\n<ul>\n<li>Mitokondriyal fonksiyon ve h\u00fccresel enerji dengesi<\/li>\n<li>Redoks metabolizmas\u0131 ve NAD+\/NADH oran\u0131 deneyleri<\/li>\n<li>Sirtuin aktivasyonu ve uzun \u00f6m\u00fcr yola\u011f\u0131 \u00e7al\u0131\u015fmalar\u0131<\/li>\n<li>N\u00f6roprotektif ve metabolik stres modelleri<\/li>\n<\/ul>\n<h3>Depolama ve Stabilite<\/h3>\n<ul>\n<li>Kapal\u0131 olarak saklay\u0131n <strong>2-8 \u00b0C<\/strong>\u0131\u015f\u0131k ve nemden korunur<\/li>\n<li>Suland\u0131r\u0131lm\u0131\u015f \u00e7\u00f6zeltileri uygun laboratuvar ko\u015fullar\u0131nda derhal kullan\u0131n<\/li>\n<\/ul>\n<h3>Notlar<\/h3>\n<ul>\n<li>\u0130\u00e7inde \u00fcretilmi\u015ftir <strong>GMP uyumlu<\/strong> tesisler<\/li>\n<li>HPLC\/COA istek \u00fczerine temin edilebilir<\/li>\n<li>Sadece laboratuvar ara\u015ft\u0131rmalar\u0131 i\u00e7indir. \u00dcr\u00fcnler t\u0131bbi kullan\u0131m i\u00e7in etiketlenmemi\u015ftir.<\/li>\n<\/ul>","protected":false},"excerpt":{"rendered":"<p><strong>\u0130sim:<\/strong> 99% Purity NAD+ toz<br \/>\n<strong>Fonksiyon:<\/strong> H\u00fccresel enerji ve mitokondriyal destek; redoks metabolizmas\u0131; sirtuin \u00e7al\u0131\u015fmalar\u0131<br \/>\n<strong>\u00d6zellikler:<\/strong> vial ba\u015f\u0131na 100 mg &amp; 500 mg &amp; 1000 mg; 10 vials\/kit<br \/>\n<strong>CAS:<\/strong> 53-84-9<br \/>\n<strong>G\u00f6r\u00fcn\u00fc\u015f:<\/strong> White lyophilized powder<\/p>","protected":false},"featured_media":9004,"comment_status":"open","ping_status":"closed","template":"","meta":[],"product_cat":[59],"product_tag":[162,164,149,167],"class_list":{"0":"post-9009","1":"product","2":"type-product","3":"status-publish","4":"has-post-thumbnail","6":"product_brand-dp-hghpeptides","7":"product_brand-hgh-peptides-lab","8":"product_cat-nootropic-peptides-anti-aging","9":"product_tag-anti-aging-longevity-peptides","10":"product_tag-nootropic-cognitive-focus-peptides","11":"product_tag-nad-plus","12":"product_tag-overall-wellness-peptides","14":"first","15":"instock","16":"featured","17":"shipping-taxable","18":"purchasable","19":"product-type-variable","20":"has-default-attributes"},"yoast_head":"<!-- This site is optimized with the Yoast SEO Premium plugin v27.5 (Yoast SEO v27.5) - https:\/\/yoast.com\/product\/yoast-seo-premium-wordpress\/ -->\n<title>NAD+ Peptide for Energy &amp; Anti-Aging | HGH Peptides Lab \u2013 Trusted Supplier<\/title>\n<meta name=\"description\" content=\"Order NAD+ from a GMP China lab\u201499% purity with HPLC\/COA. Factory-direct selling and worldwide shipping for cellular energy, anti-aging and brain support.\" \/>\n<meta name=\"robots\" content=\"index, follow, max-snippet:-1, max-image-preview:large, max-video-preview:-1\" \/>\n<link rel=\"canonical\" href=\"https:\/\/hghpeptideslab.com\/tr\/\u00fcr\u00fcn\/nad-plus\/\" \/>\n<meta property=\"og:locale\" content=\"tr_TR\" \/>\n<meta property=\"og:type\" content=\"article\" \/>\n<meta property=\"og:title\" content=\"NAD+ (Nicotinamide Adenine Dinucleotide)\" \/>\n<meta property=\"og:description\" content=\"Order NAD+ from a GMP China lab\u201499% purity with HPLC\/COA. Factory-direct selling and worldwide shipping for cellular energy, anti-aging and brain support.\" \/>\n<meta property=\"og:url\" content=\"https:\/\/hghpeptideslab.com\/tr\/\u00fcr\u00fcn\/nad-plus\/\" \/>\n<meta property=\"og:site_name\" content=\"HGH Peptides Lab\" \/>\n<meta property=\"article:modified_time\" content=\"2026-01-16T19:02:19+00:00\" \/>\n<meta property=\"og:image\" content=\"https:\/\/hghpeptideslab.com\/wp-content\/uploads\/2025\/08\/nad500mg.jpg\" \/>\n\t<meta property=\"og:image:width\" content=\"800\" \/>\n\t<meta property=\"og:image:height\" content=\"800\" \/>\n\t<meta property=\"og:image:type\" content=\"image\/jpeg\" \/>\n<meta name=\"twitter:card\" content=\"summary_large_image\" \/>\n<meta name=\"twitter:label1\" content=\"Tahmini okuma s\u00fcresi\" \/>\n\t<meta name=\"twitter:data1\" content=\"1 dakika\" \/>\n<script type=\"application\/ld+json\" class=\"yoast-schema-graph\">{\"@context\":\"https:\\\/\\\/schema.org\",\"@graph\":[{\"@type\":\"WebPage\",\"@id\":\"https:\\\/\\\/hghpeptideslab.com\\\/product\\\/nad-plus\\\/\",\"url\":\"https:\\\/\\\/hghpeptideslab.com\\\/product\\\/nad-plus\\\/\",\"name\":\"NAD+ Peptide for Energy & Anti-Aging | HGH Peptides Lab \u2013 Trusted Supplier\",\"isPartOf\":{\"@id\":\"https:\\\/\\\/hghpeptideslab.com\\\/#website\"},\"primaryImageOfPage\":{\"@id\":\"https:\\\/\\\/hghpeptideslab.com\\\/product\\\/nad-plus\\\/#primaryimage\"},\"image\":{\"@id\":\"https:\\\/\\\/hghpeptideslab.com\\\/product\\\/nad-plus\\\/#primaryimage\"},\"thumbnailUrl\":\"https:\\\/\\\/hghpeptideslab.com\\\/wp-content\\\/uploads\\\/2025\\\/08\\\/nad500mg.jpg\",\"datePublished\":\"2025-08-15T22:01:57+00:00\",\"dateModified\":\"2026-01-16T19:02:19+00:00\",\"description\":\"Order NAD+ from a GMP China lab\u201499% purity with HPLC\\\/COA. Factory-direct selling and worldwide shipping for cellular energy, anti-aging and brain support.\",\"breadcrumb\":{\"@id\":\"https:\\\/\\\/hghpeptideslab.com\\\/product\\\/nad-plus\\\/#breadcrumb\"},\"inLanguage\":\"tr\",\"potentialAction\":[{\"@type\":\"ReadAction\",\"target\":[\"https:\\\/\\\/hghpeptideslab.com\\\/product\\\/nad-plus\\\/\"]}],\"copyrightNotice\":\"\u00a9 2010\u20132026 HGH Peptides Lab. All Rights Reserved.\"},{\"@type\":\"ImageObject\",\"inLanguage\":\"tr\",\"@id\":\"https:\\\/\\\/hghpeptideslab.com\\\/product\\\/nad-plus\\\/#primaryimage\",\"url\":\"https:\\\/\\\/hghpeptideslab.com\\\/wp-content\\\/uploads\\\/2025\\\/08\\\/nad500mg.jpg\",\"contentUrl\":\"https:\\\/\\\/hghpeptideslab.com\\\/wp-content\\\/uploads\\\/2025\\\/08\\\/nad500mg.jpg\",\"width\":800,\"height\":800,\"caption\":\"NAD+ \u2014 500 mg per vial (HGH Peptides Lab)\"},{\"@type\":\"BreadcrumbList\",\"@id\":\"https:\\\/\\\/hghpeptideslab.com\\\/product\\\/nad-plus\\\/#breadcrumb\",\"itemListElement\":[{\"@type\":\"ListItem\",\"position\":1,\"name\":\"Home\",\"item\":\"https:\\\/\\\/hghpeptideslab.com\\\/\"},{\"@type\":\"ListItem\",\"position\":2,\"name\":\"Shop\",\"item\":\"https:\\\/\\\/hghpeptideslab.com\\\/shop\\\/\"},{\"@type\":\"ListItem\",\"position\":3,\"name\":\"NAD+ (Nicotinamide Adenine Dinucleotide)\"}]},{\"@type\":\"WebSite\",\"@id\":\"https:\\\/\\\/hghpeptideslab.com\\\/#website\",\"url\":\"https:\\\/\\\/hghpeptideslab.com\\\/\",\"name\":\"HGH Peptides Lab\",\"description\":\"Premium Peptides &amp; HGH Shop\",\"publisher\":{\"@id\":\"https:\\\/\\\/hghpeptideslab.com\\\/#organization\"},\"potentialAction\":[{\"@type\":\"SearchAction\",\"target\":{\"@type\":\"EntryPoint\",\"urlTemplate\":\"https:\\\/\\\/hghpeptideslab.com\\\/?s={search_term_string}\"},\"query-input\":{\"@type\":\"PropertyValueSpecification\",\"valueRequired\":true,\"valueName\":\"search_term_string\"}}],\"inLanguage\":\"tr\"},{\"@type\":\"Organization\",\"@id\":\"https:\\\/\\\/hghpeptideslab.com\\\/#organization\",\"name\":\"HGH Peptides Lab\",\"url\":\"https:\\\/\\\/hghpeptideslab.com\\\/tr\\\/\",\"logo\":{\"@type\":\"ImageObject\",\"url\":\"https:\\\/\\\/hghpeptideslab.com\\\/wp-content\\\/uploads\\\/2025\\\/07\\\/HGHPEPTIDESLAB-Logo.png\"},\"image\":{\"@id\":\"https:\\\/\\\/hghpeptideslab.com\\\/#\\\/schema\\\/logo\\\/image\\\/\"},\"foundingDate\":\"2010\",\"contactPoint\":[{\"@type\":\"ContactPoint\",\"contactType\":\"customer support\",\"telephone\":\"+85247559641\",\"email\":\"CYGGL2025@gmail.com\",\"availableLanguage\":[\"en\"]}]}]}<\/script>\n<!-- \/ Yoast SEO Premium plugin. -->","yoast_head_json":{"title":"NAD+ Enerji ve Ya\u015flanma Kar\u015f\u0131t\u0131 i\u00e7in Peptide | HGH Peptides Lab - G\u00fcvenilir Tedarik\u00e7i","description":"NAD+ \u00c7in laboratuvar\u0131ndan GMP sipari\u015f edin-99% purity ile HPLC\/COA. H\u00fccresel enerji, ya\u015flanma kar\u015f\u0131t\u0131 ve beyin deste\u011fi i\u00e7in fabrika do\u011frudan sat\u0131\u015f ve d\u00fcnya \u00e7ap\u0131nda nakliye.","robots":{"index":"index","follow":"follow","max-snippet":"max-snippet:-1","max-image-preview":"max-image-preview:large","max-video-preview":"max-video-preview:-1"},"canonical":"https:\/\/hghpeptideslab.com\/tr\/\u00fcr\u00fcn\/nad-plus\/","og_locale":"tr_TR","og_type":"article","og_title":"NAD+ (Nicotinamide Adenine Dinucleotide)","og_description":"Order NAD+ from a GMP China lab\u201499% purity with HPLC\/COA. Factory-direct selling and worldwide shipping for cellular energy, anti-aging and brain support.","og_url":"https:\/\/hghpeptideslab.com\/tr\/\u00fcr\u00fcn\/nad-plus\/","og_site_name":"HGH Peptides Lab","article_modified_time":"2026-01-16T19:02:19+00:00","og_image":[{"width":800,"height":800,"url":"https:\/\/hghpeptideslab.com\/wp-content\/uploads\/2025\/08\/nad500mg.jpg","type":"image\/jpeg"}],"twitter_card":"summary_large_image","twitter_misc":{"Tahmini okuma s\u00fcresi":"1 dakika"},"schema":{"@context":"https:\/\/schema.org","@graph":[{"@type":"WebPage","@id":"https:\/\/hghpeptideslab.com\/product\/nad-plus\/","url":"https:\/\/hghpeptideslab.com\/product\/nad-plus\/","name":"NAD+ Enerji ve Ya\u015flanma Kar\u015f\u0131t\u0131 i\u00e7in Peptide | HGH Peptides Lab - G\u00fcvenilir Tedarik\u00e7i","isPartOf":{"@id":"https:\/\/hghpeptideslab.com\/#website"},"primaryImageOfPage":{"@id":"https:\/\/hghpeptideslab.com\/product\/nad-plus\/#primaryimage"},"image":{"@id":"https:\/\/hghpeptideslab.com\/product\/nad-plus\/#primaryimage"},"thumbnailUrl":"https:\/\/hghpeptideslab.com\/wp-content\/uploads\/2025\/08\/nad500mg.jpg","datePublished":"2025-08-15T22:01:57+00:00","dateModified":"2026-01-16T19:02:19+00:00","description":"NAD+ \u00c7in laboratuvar\u0131ndan GMP sipari\u015f edin-99% purity ile HPLC\/COA. H\u00fccresel enerji, ya\u015flanma kar\u015f\u0131t\u0131 ve beyin deste\u011fi i\u00e7in fabrika do\u011frudan sat\u0131\u015f ve d\u00fcnya \u00e7ap\u0131nda nakliye.","breadcrumb":{"@id":"https:\/\/hghpeptideslab.com\/product\/nad-plus\/#breadcrumb"},"inLanguage":"tr","potentialAction":[{"@type":"ReadAction","target":["https:\/\/hghpeptideslab.com\/product\/nad-plus\/"]}],"copyrightNotice":"\u00a9 2010\u20132026 HGH Peptides Lab. All Rights Reserved."},{"@type":"ImageObject","inLanguage":"tr","@id":"https:\/\/hghpeptideslab.com\/product\/nad-plus\/#primaryimage","url":"https:\/\/hghpeptideslab.com\/wp-content\/uploads\/2025\/08\/nad500mg.jpg","contentUrl":"https:\/\/hghpeptideslab.com\/wp-content\/uploads\/2025\/08\/nad500mg.jpg","width":800,"height":800,"caption":"NAD+ \u2014 500 mg per vial (HGH Peptides Lab)"},{"@type":"BreadcrumbList","@id":"https:\/\/hghpeptideslab.com\/product\/nad-plus\/#breadcrumb","itemListElement":[{"@type":"ListItem","position":1,"name":"Home","item":"https:\/\/hghpeptideslab.com\/"},{"@type":"ListItem","position":2,"name":"Shop","item":"https:\/\/hghpeptideslab.com\/shop\/"},{"@type":"ListItem","position":3,"name":"NAD+ (Nicotinamide Adenine Dinucleotide)"}]},{"@type":"WebSite","@id":"https:\/\/hghpeptideslab.com\/#website","url":"https:\/\/hghpeptideslab.com\/","name":"HGH Peptides Lab","description":"Premium Peptides &amp; HGH Ma\u011faza","publisher":{"@id":"https:\/\/hghpeptideslab.com\/#organization"},"potentialAction":[{"@type":"SearchAction","target":{"@type":"EntryPoint","urlTemplate":"https:\/\/hghpeptideslab.com\/?s={search_term_string}"},"query-input":{"@type":"PropertyValueSpecification","valueRequired":true,"valueName":"search_term_string"}}],"inLanguage":"tr"},{"@type":"Organization","@id":"https:\/\/hghpeptideslab.com\/#organization","name":"HGH Peptides Lab","url":"https:\/\/hghpeptideslab.com\/tr\/","logo":{"@type":"ImageObject","url":"https:\/\/hghpeptideslab.com\/wp-content\/uploads\/2025\/07\/HGHPEPTIDESLAB-Logo.png"},"image":{"@id":"https:\/\/hghpeptideslab.com\/#\/schema\/logo\/image\/"},"foundingDate":"2010","contactPoint":[{"@type":"ContactPoint","contactType":"customer support","telephone":"+85247559641","email":"CYGGL2025@gmail.com","availableLanguage":["en"]}]}]}},"_links":{"self":[{"href":"https:\/\/hghpeptideslab.com\/tr\/wp-json\/wp\/v2\/product\/9009","targetHints":{"allow":["GET"]}}],"collection":[{"href":"https:\/\/hghpeptideslab.com\/tr\/wp-json\/wp\/v2\/product"}],"about":[{"href":"https:\/\/hghpeptideslab.com\/tr\/wp-json\/wp\/v2\/types\/product"}],"replies":[{"embeddable":true,"href":"https:\/\/hghpeptideslab.com\/tr\/wp-json\/wp\/v2\/comments?post=9009"}],"wp:featuredmedia":[{"embeddable":true,"href":"https:\/\/hghpeptideslab.com\/tr\/wp-json\/wp\/v2\/media\/9004"}],"wp:attachment":[{"href":"https:\/\/hghpeptideslab.com\/tr\/wp-json\/wp\/v2\/media?parent=9009"}],"wp:term":[{"taxonomy":"product_cat","embeddable":true,"href":"https:\/\/hghpeptideslab.com\/tr\/wp-json\/wp\/v2\/product_cat?post=9009"},{"taxonomy":"product_tag","embeddable":true,"href":"https:\/\/hghpeptideslab.com\/tr\/wp-json\/wp\/v2\/product_tag?post=9009"}],"curies":[{"name":"wp","href":"https:\/\/api.w.org\/{rel}","templated":true}]}}