{"id":9056,"date":"2025-08-16T18:34:02","date_gmt":"2025-08-16T18:34:02","guid":{"rendered":"https:\/\/hghpeptideslab.com\/?post_type=product&#038;p=9056"},"modified":"2026-04-13T00:29:54","modified_gmt":"2026-04-13T00:29:54","slug":"selank-peptide","status":"publish","type":"product","link":"https:\/\/hghpeptideslab.com\/tr\/product\/selank-peptide\/","title":{"rendered":"Selank Peptide"},"content":{"rendered":"<h3>Genel Bak\u0131\u015f<\/h3>\n<p>Selank, bir heptapeptittir (bir Tuftsin analo\u011fu).<br \/>\nanksiyolitik\/nootropik aktivite, bili\u015f, stres tepkisi ve ba\u011f\u0131\u015f\u0131kl\u0131k mod\u00fclasyonu.<br \/>\nBizim malzememiz <strong>GMP-\u00fcretimli<\/strong> ile farmas\u00f6tik s\u0131n\u0131f peptit<br \/>\n<strong>99%+ safl\u0131k<\/strong>. HPLC\/COA istek \u00fczerine temin edilebilir.<\/p>\n<h3>Temel \u00d6zellikler<\/h3>\n<ul>\n<li>G\u00fc\u00e7l\u00fc y\u00f6nler: <strong>5 mg<\/strong> &amp; <strong>10 mg<\/strong> vial ba\u015f\u0131na<\/li>\n<li>Kit boyut: <strong>10 vials\/kit<\/strong><\/li>\n<li>Esnek ara\u015ft\u0131rma protokolleri i\u00e7in White lyophilized powder<\/li>\n<li>Dok\u00fcmantasyon: HPLC kromatogram \/ COA istek \u00fczerine temin edilebilir<\/li>\n<\/ul>\n<h3>Tipik Ara\u015ft\u0131rma Odaklar\u0131<\/h3>\n<ul>\n<li>Nootropik ve anksiyolitik modeller: dikkat, haf\u0131za, stres ve ruh hali analizleri<\/li>\n<li>N\u00f6ropeptid ve n\u00f6roplastisite yolaklar\u0131; sinaptik mod\u00fclasyon \u00e7al\u0131\u015fmalar\u0131<\/li>\n<li>Tuftsin-analog aktivitesi ile ilgili imm\u00fcn-mod\u00fclasyon modelleri<\/li>\n<li>Sa\u011fl\u0131k \/ bili\u015f performans\u0131 ve iyile\u015fme \u00e7er\u00e7eveleri<\/li>\n<li>Kontroll\u00fc ortamlarda di\u011fer n\u00f6ro-aktif peptidlerle kombinasyon taramas\u0131<\/li>\n<\/ul>\n<h3>Depolama ve Stabilite<\/h3>\n<ul>\n<li>Kapal\u0131 olarak saklay\u0131n <strong>2-8 \u00b0C<\/strong>\u0131\u015f\u0131k ve nemden korunur<\/li>\n<li>Suland\u0131r\u0131lm\u0131\u015f \u00e7\u00f6zeltileri uygun laboratuvar ko\u015fullar\u0131nda derhal kullan\u0131n<\/li>\n<\/ul>\n<h3>Notlar<\/h3>\n<ul>\n<li>\u0130\u00e7inde \u00fcretilmi\u015ftir <strong>GMP uyumlu<\/strong> tesisler<\/li>\n<li>HPLC\/COA istek \u00fczerine temin edilebilir<\/li>\n<li>Sadece laboratuvar ara\u015ft\u0131rmalar\u0131 i\u00e7indir. \u00dcr\u00fcnler t\u0131bbi kullan\u0131m i\u00e7in etiketlenmemi\u015ftir.<\/li>\n<\/ul>","protected":false},"excerpt":{"rendered":"<p><strong>\u0130sim:<\/strong> 99% Purity Selank peptit tozu<br \/>\n<strong>Fonksiyon:<\/strong> Nootropik ve anksiyolitik ara\u015ft\u0131rmalar; bili\u015f, ruh hali ve ba\u011f\u0131\u015f\u0131kl\u0131k mod\u00fclasyonu<br \/>\n<strong>\u00d6zellikler:<\/strong> vial ba\u015f\u0131na 5 mg &amp; 10 mg; 10 vials\/kit<br \/>\n<strong>CAS:<\/strong> 129954-34-3<br \/>\n<strong>G\u00f6r\u00fcn\u00fc\u015f:<\/strong> White lyophilized powder<\/p>","protected":false},"featured_media":9050,"comment_status":"open","ping_status":"closed","template":"","meta":[],"product_cat":[59],"product_tag":[164,153,163],"class_list":{"0":"post-9056","1":"product","2":"type-product","3":"status-publish","4":"has-post-thumbnail","6":"product_brand-dp-hghpeptides","7":"product_brand-hgh-peptides-lab","8":"product_cat-nootropic-peptides-anti-aging","9":"product_tag-nootropic-cognitive-focus-peptides","10":"product_tag-selank","11":"product_tag-sleep-stress-support-peptides","13":"first","14":"instock","15":"shipping-taxable","16":"purchasable","17":"product-type-variable","18":"has-default-attributes"},"yoast_head":"<!-- This site is optimized with the Yoast SEO Premium plugin v27.5 (Yoast SEO v27.5) - https:\/\/yoast.com\/product\/yoast-seo-premium-wordpress\/ -->\n<title>Selank Peptide for Calm &amp; Clarity | HGH Peptides Lab \u2013 Pharmaceutical-Grade Quality<\/title>\n<meta name=\"description\" content=\"Order Selank from a China GMP lab\u201499% purity with HPLC\/COA. Factory-direct selling and global shipping for stress relief, mood balance and clear focus.\" \/>\n<meta name=\"robots\" content=\"index, follow, max-snippet:-1, max-image-preview:large, max-video-preview:-1\" \/>\n<link rel=\"canonical\" href=\"https:\/\/hghpeptideslab.com\/tr\/\u00fcr\u00fcn\/selank-peptide\/\" \/>\n<meta property=\"og:locale\" content=\"tr_TR\" \/>\n<meta property=\"og:type\" content=\"article\" \/>\n<meta property=\"og:title\" content=\"Selank Peptide\" \/>\n<meta property=\"og:description\" content=\"Order Selank from a China GMP lab\u201499% purity with HPLC\/COA. Factory-direct selling and global shipping for stress relief, mood balance and clear focus.\" \/>\n<meta property=\"og:url\" content=\"https:\/\/hghpeptideslab.com\/tr\/\u00fcr\u00fcn\/selank-peptide\/\" \/>\n<meta property=\"og:site_name\" content=\"HGH Peptides Lab\" \/>\n<meta property=\"article:modified_time\" content=\"2026-04-13T00:29:54+00:00\" \/>\n<meta property=\"og:image\" content=\"https:\/\/hghpeptideslab.com\/wp-content\/uploads\/2025\/08\/selank5mg.jpg\" \/>\n\t<meta property=\"og:image:width\" content=\"800\" \/>\n\t<meta property=\"og:image:height\" content=\"800\" \/>\n\t<meta property=\"og:image:type\" content=\"image\/jpeg\" \/>\n<meta name=\"twitter:card\" content=\"summary_large_image\" \/>\n<meta name=\"twitter:label1\" content=\"Tahmini okuma s\u00fcresi\" \/>\n\t<meta name=\"twitter:data1\" content=\"1 dakika\" \/>\n<script type=\"application\/ld+json\" class=\"yoast-schema-graph\">{\"@context\":\"https:\\\/\\\/schema.org\",\"@graph\":[{\"@type\":\"WebPage\",\"@id\":\"https:\\\/\\\/hghpeptideslab.com\\\/product\\\/selank-peptide\\\/\",\"url\":\"https:\\\/\\\/hghpeptideslab.com\\\/product\\\/selank-peptide\\\/\",\"name\":\"Selank Peptide for Calm & Clarity | HGH Peptides Lab \u2013 Pharmaceutical-Grade Quality\",\"isPartOf\":{\"@id\":\"https:\\\/\\\/hghpeptideslab.com\\\/#website\"},\"primaryImageOfPage\":{\"@id\":\"https:\\\/\\\/hghpeptideslab.com\\\/product\\\/selank-peptide\\\/#primaryimage\"},\"image\":{\"@id\":\"https:\\\/\\\/hghpeptideslab.com\\\/product\\\/selank-peptide\\\/#primaryimage\"},\"thumbnailUrl\":\"https:\\\/\\\/hghpeptideslab.com\\\/wp-content\\\/uploads\\\/2025\\\/08\\\/selank5mg.jpg\",\"datePublished\":\"2025-08-16T18:34:02+00:00\",\"dateModified\":\"2026-04-13T00:29:54+00:00\",\"description\":\"Order Selank from a China GMP lab\u201499% purity with HPLC\\\/COA. Factory-direct selling and global shipping for stress relief, mood balance and clear focus.\",\"breadcrumb\":{\"@id\":\"https:\\\/\\\/hghpeptideslab.com\\\/product\\\/selank-peptide\\\/#breadcrumb\"},\"inLanguage\":\"tr\",\"potentialAction\":[{\"@type\":\"ReadAction\",\"target\":[\"https:\\\/\\\/hghpeptideslab.com\\\/product\\\/selank-peptide\\\/\"]}],\"copyrightNotice\":\"\u00a9 2010\u20132026 HGH Peptides Lab. All Rights Reserved.\"},{\"@type\":\"ImageObject\",\"inLanguage\":\"tr\",\"@id\":\"https:\\\/\\\/hghpeptideslab.com\\\/product\\\/selank-peptide\\\/#primaryimage\",\"url\":\"https:\\\/\\\/hghpeptideslab.com\\\/wp-content\\\/uploads\\\/2025\\\/08\\\/selank5mg.jpg\",\"contentUrl\":\"https:\\\/\\\/hghpeptideslab.com\\\/wp-content\\\/uploads\\\/2025\\\/08\\\/selank5mg.jpg\",\"width\":800,\"height\":800,\"caption\":\"5 mg vial, 99%+ purity, HPLC\\\/COA on request\"},{\"@type\":\"BreadcrumbList\",\"@id\":\"https:\\\/\\\/hghpeptideslab.com\\\/product\\\/selank-peptide\\\/#breadcrumb\",\"itemListElement\":[{\"@type\":\"ListItem\",\"position\":1,\"name\":\"Home\",\"item\":\"https:\\\/\\\/hghpeptideslab.com\\\/\"},{\"@type\":\"ListItem\",\"position\":2,\"name\":\"Shop\",\"item\":\"https:\\\/\\\/hghpeptideslab.com\\\/shop\\\/\"},{\"@type\":\"ListItem\",\"position\":3,\"name\":\"Selank Peptide\"}]},{\"@type\":\"WebSite\",\"@id\":\"https:\\\/\\\/hghpeptideslab.com\\\/#website\",\"url\":\"https:\\\/\\\/hghpeptideslab.com\\\/\",\"name\":\"HGH Peptides Lab\",\"description\":\"Premium Peptides &amp; HGH Shop\",\"publisher\":{\"@id\":\"https:\\\/\\\/hghpeptideslab.com\\\/#organization\"},\"potentialAction\":[{\"@type\":\"SearchAction\",\"target\":{\"@type\":\"EntryPoint\",\"urlTemplate\":\"https:\\\/\\\/hghpeptideslab.com\\\/?s={search_term_string}\"},\"query-input\":{\"@type\":\"PropertyValueSpecification\",\"valueRequired\":true,\"valueName\":\"search_term_string\"}}],\"inLanguage\":\"tr\"},{\"@type\":\"Organization\",\"@id\":\"https:\\\/\\\/hghpeptideslab.com\\\/#organization\",\"name\":\"HGH Peptides Lab\",\"url\":\"https:\\\/\\\/hghpeptideslab.com\\\/tr\\\/\",\"logo\":{\"@type\":\"ImageObject\",\"url\":\"https:\\\/\\\/hghpeptideslab.com\\\/wp-content\\\/uploads\\\/2025\\\/07\\\/HGHPEPTIDESLAB-Logo.png\"},\"image\":{\"@id\":\"https:\\\/\\\/hghpeptideslab.com\\\/#\\\/schema\\\/logo\\\/image\\\/\"},\"foundingDate\":\"2010\",\"contactPoint\":[{\"@type\":\"ContactPoint\",\"contactType\":\"customer support\",\"telephone\":\"+85247559641\",\"email\":\"CYGGL2025@gmail.com\",\"availableLanguage\":[\"en\"]}]}]}<\/script>\n<!-- \/ Yoast SEO Premium plugin. -->","yoast_head_json":{"title":"Selank Peptide Sakinlik ve Berrakl\u0131k i\u00e7in | HGH Peptides Lab - \u0130la\u00e7 Derecesinde Kalite","description":"HPLC\/COA ile \u00c7in GMP laboratuvar-99% purity'den Selank sipari\u015f edin. Stresi azaltmak, ruh halini dengelemek ve net odaklanma i\u00e7in fabrikadan do\u011frudan sat\u0131\u015f ve k\u00fcresel nakliye.","robots":{"index":"index","follow":"follow","max-snippet":"max-snippet:-1","max-image-preview":"max-image-preview:large","max-video-preview":"max-video-preview:-1"},"canonical":"https:\/\/hghpeptideslab.com\/tr\/\u00fcr\u00fcn\/selank-peptide\/","og_locale":"tr_TR","og_type":"article","og_title":"Selank Peptide","og_description":"Order Selank from a China GMP lab\u201499% purity with HPLC\/COA. Factory-direct selling and global shipping for stress relief, mood balance and clear focus.","og_url":"https:\/\/hghpeptideslab.com\/tr\/\u00fcr\u00fcn\/selank-peptide\/","og_site_name":"HGH Peptides Lab","article_modified_time":"2026-04-13T00:29:54+00:00","og_image":[{"width":800,"height":800,"url":"https:\/\/hghpeptideslab.com\/wp-content\/uploads\/2025\/08\/selank5mg.jpg","type":"image\/jpeg"}],"twitter_card":"summary_large_image","twitter_misc":{"Tahmini okuma s\u00fcresi":"1 dakika"},"schema":{"@context":"https:\/\/schema.org","@graph":[{"@type":"WebPage","@id":"https:\/\/hghpeptideslab.com\/product\/selank-peptide\/","url":"https:\/\/hghpeptideslab.com\/product\/selank-peptide\/","name":"Selank Peptide Sakinlik ve Berrakl\u0131k i\u00e7in | HGH Peptides Lab - \u0130la\u00e7 Derecesinde Kalite","isPartOf":{"@id":"https:\/\/hghpeptideslab.com\/#website"},"primaryImageOfPage":{"@id":"https:\/\/hghpeptideslab.com\/product\/selank-peptide\/#primaryimage"},"image":{"@id":"https:\/\/hghpeptideslab.com\/product\/selank-peptide\/#primaryimage"},"thumbnailUrl":"https:\/\/hghpeptideslab.com\/wp-content\/uploads\/2025\/08\/selank5mg.jpg","datePublished":"2025-08-16T18:34:02+00:00","dateModified":"2026-04-13T00:29:54+00:00","description":"HPLC\/COA ile \u00c7in GMP laboratuvar-99% purity'den Selank sipari\u015f edin. Stresi azaltmak, ruh halini dengelemek ve net odaklanma i\u00e7in fabrikadan do\u011frudan sat\u0131\u015f ve k\u00fcresel nakliye.","breadcrumb":{"@id":"https:\/\/hghpeptideslab.com\/product\/selank-peptide\/#breadcrumb"},"inLanguage":"tr","potentialAction":[{"@type":"ReadAction","target":["https:\/\/hghpeptideslab.com\/product\/selank-peptide\/"]}],"copyrightNotice":"\u00a9 2010\u20132026 HGH Peptides Lab. All Rights Reserved."},{"@type":"ImageObject","inLanguage":"tr","@id":"https:\/\/hghpeptideslab.com\/product\/selank-peptide\/#primaryimage","url":"https:\/\/hghpeptideslab.com\/wp-content\/uploads\/2025\/08\/selank5mg.jpg","contentUrl":"https:\/\/hghpeptideslab.com\/wp-content\/uploads\/2025\/08\/selank5mg.jpg","width":800,"height":800,"caption":"5 mg vial, 99%+ purity, HPLC\/COA on request"},{"@type":"BreadcrumbList","@id":"https:\/\/hghpeptideslab.com\/product\/selank-peptide\/#breadcrumb","itemListElement":[{"@type":"ListItem","position":1,"name":"Home","item":"https:\/\/hghpeptideslab.com\/"},{"@type":"ListItem","position":2,"name":"Shop","item":"https:\/\/hghpeptideslab.com\/shop\/"},{"@type":"ListItem","position":3,"name":"Selank Peptide"}]},{"@type":"WebSite","@id":"https:\/\/hghpeptideslab.com\/#website","url":"https:\/\/hghpeptideslab.com\/","name":"HGH Peptides Lab","description":"Premium Peptides &amp; HGH Ma\u011faza","publisher":{"@id":"https:\/\/hghpeptideslab.com\/#organization"},"potentialAction":[{"@type":"SearchAction","target":{"@type":"EntryPoint","urlTemplate":"https:\/\/hghpeptideslab.com\/?s={search_term_string}"},"query-input":{"@type":"PropertyValueSpecification","valueRequired":true,"valueName":"search_term_string"}}],"inLanguage":"tr"},{"@type":"Organization","@id":"https:\/\/hghpeptideslab.com\/#organization","name":"HGH Peptides Lab","url":"https:\/\/hghpeptideslab.com\/tr\/","logo":{"@type":"ImageObject","url":"https:\/\/hghpeptideslab.com\/wp-content\/uploads\/2025\/07\/HGHPEPTIDESLAB-Logo.png"},"image":{"@id":"https:\/\/hghpeptideslab.com\/#\/schema\/logo\/image\/"},"foundingDate":"2010","contactPoint":[{"@type":"ContactPoint","contactType":"customer support","telephone":"+85247559641","email":"CYGGL2025@gmail.com","availableLanguage":["en"]}]}]}},"_links":{"self":[{"href":"https:\/\/hghpeptideslab.com\/tr\/wp-json\/wp\/v2\/product\/9056","targetHints":{"allow":["GET"]}}],"collection":[{"href":"https:\/\/hghpeptideslab.com\/tr\/wp-json\/wp\/v2\/product"}],"about":[{"href":"https:\/\/hghpeptideslab.com\/tr\/wp-json\/wp\/v2\/types\/product"}],"replies":[{"embeddable":true,"href":"https:\/\/hghpeptideslab.com\/tr\/wp-json\/wp\/v2\/comments?post=9056"}],"wp:featuredmedia":[{"embeddable":true,"href":"https:\/\/hghpeptideslab.com\/tr\/wp-json\/wp\/v2\/media\/9050"}],"wp:attachment":[{"href":"https:\/\/hghpeptideslab.com\/tr\/wp-json\/wp\/v2\/media?parent=9056"}],"wp:term":[{"taxonomy":"product_cat","embeddable":true,"href":"https:\/\/hghpeptideslab.com\/tr\/wp-json\/wp\/v2\/product_cat?post=9056"},{"taxonomy":"product_tag","embeddable":true,"href":"https:\/\/hghpeptideslab.com\/tr\/wp-json\/wp\/v2\/product_tag?post=9056"}],"curies":[{"name":"wp","href":"https:\/\/api.w.org\/{rel}","templated":true}]}}