{"id":9098,"date":"2025-08-16T20:46:05","date_gmt":"2025-08-16T20:46:05","guid":{"rendered":"https:\/\/hghpeptideslab.com\/?post_type=product&#038;p=9098"},"modified":"2026-01-16T19:02:19","modified_gmt":"2026-01-16T19:02:19","slug":"aod-9604","status":"publish","type":"product","link":"https:\/\/hghpeptideslab.com\/tr\/product\/aod-9604\/","title":{"rendered":"AOD-9604 Peptide"},"content":{"rendered":"<h3>Genel Bak\u0131\u015f<\/h3>\n<p>AOD-9604, insan b\u00fcy\u00fcme hormonunun C-terminal b\u00f6lgesinin modifiye edilmi\u015f bir analo\u011fudur ve yayg\u0131n olarak<br \/>\nlipoliz ve metabolik d\u00fczenleme modelleri. Bizim materyalimiz <strong>GMP-\u00fcretimli<\/strong> ile farmas\u00f6tik s\u0131n\u0131f<br \/>\n<strong>99%+ safl\u0131k<\/strong>. HPLC\/COA belgeleri istek \u00fczerine temin edilebilir.<\/p>\n<h3>Temel \u00d6zellikler<\/h3>\n<ul>\n<li>G\u00fc\u00e7l\u00fc y\u00f6nler: <strong>2 mg<\/strong> &amp; <strong>5 mg<\/strong> &amp; <strong>10 mg<\/strong> vial ba\u015f\u0131na<\/li>\n<li>Kit boyut: <strong>10 vials\/kit<\/strong><\/li>\n<li>Adiposit ve lipid-metabolizma yolu \u00e7al\u0131\u015fmalar\u0131 i\u00e7in tasarlanm\u0131\u015ft\u0131r<\/li>\n<li>Dok\u00fcmantasyon: HPLC kromatogram \/ COA istek \u00fczerine temin edilebilir<\/li>\n<\/ul>\n<h3>Tipik Ara\u015ft\u0131rma Odaklar\u0131<\/h3>\n<ul>\n<li>Lipoliz sinyali ve adiposit model sistemleri<\/li>\n<li>\u0130n vitro kilo y\u00f6netimi mekanizmas\u0131 ara\u015ft\u0131rmas\u0131<\/li>\n<li>Metabolik h\u0131z ve ya\u011f oksidasyon yolunun sorgulanmas\u0131<\/li>\n<li>\u0130lgili GH-fragment analoglar\u0131 ile kar\u015f\u0131la\u015ft\u0131rmal\u0131 \u00e7al\u0131\u015fmalar<\/li>\n<\/ul>\n<h3>Depolama ve Stabilite<\/h3>\n<ul>\n<li>Kapal\u0131 olarak saklay\u0131n <strong>2-8 \u00b0C<\/strong>\u0131\u015f\u0131k ve nemden korunur<\/li>\n<li>Suland\u0131r\u0131lm\u0131\u015f \u00e7\u00f6zeltileri uygun laboratuvar ko\u015fullar\u0131nda derhal kullan\u0131n<\/li>\n<\/ul>\n<h3>Notlar<\/h3>\n<ul>\n<li>\u0130\u00e7inde \u00fcretilmi\u015ftir <strong>GMP uyumlu<\/strong> tesisler<\/li>\n<li>HPLC\/COA istek \u00fczerine temin edilebilir<\/li>\n<li>Sadece laboratuvar ara\u015ft\u0131rmalar\u0131 i\u00e7indir. \u00dcr\u00fcnler t\u0131bbi kullan\u0131m i\u00e7in etiketlenmemi\u015ftir.<\/li>\n<\/ul>","protected":false},"excerpt":{"rendered":"<p><strong>\u0130sim:<\/strong> 99% Purity AOD-9604 peptit tozu<br \/>\n<strong>Fonksiyon:<\/strong> Ya\u011f kayb\u0131 ve metabolizma; adiposit\/lipoliz yola\u011f\u0131 ara\u015ft\u0131rmas\u0131<br \/>\n<strong>\u00d6zellikler:<\/strong> vial ba\u015f\u0131na 2 mg &amp; 5 mg &amp; 10 mg; 10 vials\/kit<br \/>\n<strong>CAS:<\/strong> 221231-10-3<br \/>\n<strong>G\u00f6r\u00fcn\u00fc\u015f:<\/strong> White lyophilized powder<\/p>","protected":false},"featured_media":9096,"comment_status":"open","ping_status":"closed","template":"","meta":[],"product_cat":[46],"product_tag":[162,127,161],"class_list":{"0":"post-9098","1":"product","2":"type-product","3":"status-publish","4":"has-post-thumbnail","6":"product_brand-dp-hghpeptides","7":"product_brand-hgh-peptides-lab","8":"product_cat-peptides-for-weight-loss","9":"product_tag-anti-aging-longevity-peptides","10":"product_tag-aod-9604","11":"product_tag-fat-loss-metabolism-peptides","13":"first","14":"instock","15":"featured","16":"shipping-taxable","17":"purchasable","18":"product-type-variable","19":"has-default-attributes"},"yoast_head":"<!-- This site is optimized with the Yoast SEO Premium plugin v27.5 (Yoast SEO v27.5) - https:\/\/yoast.com\/product\/yoast-seo-premium-wordpress\/ -->\n<title>AOD-9604 Peptide for Fat Loss | HGH Peptides Lab \u2013 Factory-Direct Selling<\/title>\n<meta name=\"description\" content=\"Order AOD-9604 from a China GMP lab\u201499% purity, HPLC\/COA on request. Factory-direct selling with fast global shipping for body-fat management support.\" \/>\n<meta name=\"robots\" content=\"index, follow, max-snippet:-1, max-image-preview:large, max-video-preview:-1\" \/>\n<link rel=\"canonical\" href=\"https:\/\/hghpeptideslab.com\/tr\/\u00fcr\u00fcn\/aod-9604\/\" \/>\n<meta property=\"og:locale\" content=\"tr_TR\" \/>\n<meta property=\"og:type\" content=\"article\" \/>\n<meta property=\"og:title\" content=\"AOD-9604 Peptide\" \/>\n<meta property=\"og:description\" content=\"Order AOD-9604 from a China GMP lab\u201499% purity, HPLC\/COA on request. Factory-direct selling with fast global shipping for body-fat management support.\" \/>\n<meta property=\"og:url\" content=\"https:\/\/hghpeptideslab.com\/tr\/\u00fcr\u00fcn\/aod-9604\/\" \/>\n<meta property=\"og:site_name\" content=\"HGH Peptides Lab\" \/>\n<meta property=\"article:modified_time\" content=\"2026-01-16T19:02:19+00:00\" \/>\n<meta property=\"og:image\" content=\"https:\/\/hghpeptideslab.com\/wp-content\/uploads\/2025\/08\/aod96045mg.jpg\" \/>\n\t<meta property=\"og:image:width\" content=\"800\" \/>\n\t<meta property=\"og:image:height\" content=\"800\" \/>\n\t<meta property=\"og:image:type\" content=\"image\/jpeg\" \/>\n<meta name=\"twitter:card\" content=\"summary_large_image\" \/>\n<meta name=\"twitter:label1\" content=\"Tahmini okuma s\u00fcresi\" \/>\n\t<meta name=\"twitter:data1\" content=\"1 dakika\" \/>\n<script type=\"application\/ld+json\" class=\"yoast-schema-graph\">{\"@context\":\"https:\\\/\\\/schema.org\",\"@graph\":[{\"@type\":\"WebPage\",\"@id\":\"https:\\\/\\\/hghpeptideslab.com\\\/product\\\/aod-9604\\\/\",\"url\":\"https:\\\/\\\/hghpeptideslab.com\\\/product\\\/aod-9604\\\/\",\"name\":\"AOD-9604 Peptide for Fat Loss | HGH Peptides Lab \u2013 Factory-Direct Selling\",\"isPartOf\":{\"@id\":\"https:\\\/\\\/hghpeptideslab.com\\\/#website\"},\"primaryImageOfPage\":{\"@id\":\"https:\\\/\\\/hghpeptideslab.com\\\/product\\\/aod-9604\\\/#primaryimage\"},\"image\":{\"@id\":\"https:\\\/\\\/hghpeptideslab.com\\\/product\\\/aod-9604\\\/#primaryimage\"},\"thumbnailUrl\":\"https:\\\/\\\/hghpeptideslab.com\\\/wp-content\\\/uploads\\\/2025\\\/08\\\/aod96045mg.jpg\",\"datePublished\":\"2025-08-16T20:46:05+00:00\",\"dateModified\":\"2026-01-16T19:02:19+00:00\",\"description\":\"Order AOD-9604 from a China GMP lab\u201499% purity, HPLC\\\/COA on request. Factory-direct selling with fast global shipping for body-fat management support.\",\"breadcrumb\":{\"@id\":\"https:\\\/\\\/hghpeptideslab.com\\\/product\\\/aod-9604\\\/#breadcrumb\"},\"inLanguage\":\"tr\",\"potentialAction\":[{\"@type\":\"ReadAction\",\"target\":[\"https:\\\/\\\/hghpeptideslab.com\\\/product\\\/aod-9604\\\/\"]}],\"copyrightNotice\":\"\u00a9 2010\u20132026 HGH Peptides Lab. All Rights Reserved.\"},{\"@type\":\"ImageObject\",\"inLanguage\":\"tr\",\"@id\":\"https:\\\/\\\/hghpeptideslab.com\\\/product\\\/aod-9604\\\/#primaryimage\",\"url\":\"https:\\\/\\\/hghpeptideslab.com\\\/wp-content\\\/uploads\\\/2025\\\/08\\\/aod96045mg.jpg\",\"contentUrl\":\"https:\\\/\\\/hghpeptideslab.com\\\/wp-content\\\/uploads\\\/2025\\\/08\\\/aod96045mg.jpg\",\"width\":800,\"height\":800,\"caption\":\"5mg AOD-9604 lyophilized powder (research use only)\"},{\"@type\":\"BreadcrumbList\",\"@id\":\"https:\\\/\\\/hghpeptideslab.com\\\/product\\\/aod-9604\\\/#breadcrumb\",\"itemListElement\":[{\"@type\":\"ListItem\",\"position\":1,\"name\":\"Home\",\"item\":\"https:\\\/\\\/hghpeptideslab.com\\\/\"},{\"@type\":\"ListItem\",\"position\":2,\"name\":\"Shop\",\"item\":\"https:\\\/\\\/hghpeptideslab.com\\\/shop\\\/\"},{\"@type\":\"ListItem\",\"position\":3,\"name\":\"AOD-9604 Peptide\"}]},{\"@type\":\"WebSite\",\"@id\":\"https:\\\/\\\/hghpeptideslab.com\\\/#website\",\"url\":\"https:\\\/\\\/hghpeptideslab.com\\\/\",\"name\":\"HGH Peptides Lab\",\"description\":\"Premium Peptides &amp; HGH Shop\",\"publisher\":{\"@id\":\"https:\\\/\\\/hghpeptideslab.com\\\/#organization\"},\"potentialAction\":[{\"@type\":\"SearchAction\",\"target\":{\"@type\":\"EntryPoint\",\"urlTemplate\":\"https:\\\/\\\/hghpeptideslab.com\\\/?s={search_term_string}\"},\"query-input\":{\"@type\":\"PropertyValueSpecification\",\"valueRequired\":true,\"valueName\":\"search_term_string\"}}],\"inLanguage\":\"tr\"},{\"@type\":\"Organization\",\"@id\":\"https:\\\/\\\/hghpeptideslab.com\\\/#organization\",\"name\":\"HGH Peptides Lab\",\"url\":\"https:\\\/\\\/hghpeptideslab.com\\\/tr\\\/\",\"logo\":{\"@type\":\"ImageObject\",\"url\":\"https:\\\/\\\/hghpeptideslab.com\\\/wp-content\\\/uploads\\\/2025\\\/07\\\/HGHPEPTIDESLAB-Logo.png\"},\"image\":{\"@id\":\"https:\\\/\\\/hghpeptideslab.com\\\/#\\\/schema\\\/logo\\\/image\\\/\"},\"foundingDate\":\"2010\",\"contactPoint\":[{\"@type\":\"ContactPoint\",\"contactType\":\"customer support\",\"telephone\":\"+85247559641\",\"email\":\"CYGGL2025@gmail.com\",\"availableLanguage\":[\"en\"]}]}]}<\/script>\n<!-- \/ Yoast SEO Premium plugin. -->","yoast_head_json":{"title":"Ya\u011f Kayb\u0131 i\u00e7in AOD-9604 Peptide | HGH Peptides Lab - Fabrika Do\u011frudan Sat\u0131\u015f\u0131","description":"Talep \u00fczerine bir \u00c7in GMP laboratuvar\u0131ndan AOD-9604-99% purity, HPLC\/COA sipari\u015f edin. V\u00fccut ya\u011f y\u00f6netimi deste\u011fi i\u00e7in h\u0131zl\u0131 k\u00fcresel nakliye ile fabrika do\u011frudan sat\u0131\u015f\u0131.","robots":{"index":"index","follow":"follow","max-snippet":"max-snippet:-1","max-image-preview":"max-image-preview:large","max-video-preview":"max-video-preview:-1"},"canonical":"https:\/\/hghpeptideslab.com\/tr\/\u00fcr\u00fcn\/aod-9604\/","og_locale":"tr_TR","og_type":"article","og_title":"AOD-9604 Peptide","og_description":"Order AOD-9604 from a China GMP lab\u201499% purity, HPLC\/COA on request. Factory-direct selling with fast global shipping for body-fat management support.","og_url":"https:\/\/hghpeptideslab.com\/tr\/\u00fcr\u00fcn\/aod-9604\/","og_site_name":"HGH Peptides Lab","article_modified_time":"2026-01-16T19:02:19+00:00","og_image":[{"width":800,"height":800,"url":"https:\/\/hghpeptideslab.com\/wp-content\/uploads\/2025\/08\/aod96045mg.jpg","type":"image\/jpeg"}],"twitter_card":"summary_large_image","twitter_misc":{"Tahmini okuma s\u00fcresi":"1 dakika"},"schema":{"@context":"https:\/\/schema.org","@graph":[{"@type":"WebPage","@id":"https:\/\/hghpeptideslab.com\/product\/aod-9604\/","url":"https:\/\/hghpeptideslab.com\/product\/aod-9604\/","name":"Ya\u011f Kayb\u0131 i\u00e7in AOD-9604 Peptide | HGH Peptides Lab - Fabrika Do\u011frudan Sat\u0131\u015f\u0131","isPartOf":{"@id":"https:\/\/hghpeptideslab.com\/#website"},"primaryImageOfPage":{"@id":"https:\/\/hghpeptideslab.com\/product\/aod-9604\/#primaryimage"},"image":{"@id":"https:\/\/hghpeptideslab.com\/product\/aod-9604\/#primaryimage"},"thumbnailUrl":"https:\/\/hghpeptideslab.com\/wp-content\/uploads\/2025\/08\/aod96045mg.jpg","datePublished":"2025-08-16T20:46:05+00:00","dateModified":"2026-01-16T19:02:19+00:00","description":"Talep \u00fczerine bir \u00c7in GMP laboratuvar\u0131ndan AOD-9604-99% purity, HPLC\/COA sipari\u015f edin. V\u00fccut ya\u011f y\u00f6netimi deste\u011fi i\u00e7in h\u0131zl\u0131 k\u00fcresel nakliye ile fabrika do\u011frudan sat\u0131\u015f\u0131.","breadcrumb":{"@id":"https:\/\/hghpeptideslab.com\/product\/aod-9604\/#breadcrumb"},"inLanguage":"tr","potentialAction":[{"@type":"ReadAction","target":["https:\/\/hghpeptideslab.com\/product\/aod-9604\/"]}],"copyrightNotice":"\u00a9 2010\u20132026 HGH Peptides Lab. All Rights Reserved."},{"@type":"ImageObject","inLanguage":"tr","@id":"https:\/\/hghpeptideslab.com\/product\/aod-9604\/#primaryimage","url":"https:\/\/hghpeptideslab.com\/wp-content\/uploads\/2025\/08\/aod96045mg.jpg","contentUrl":"https:\/\/hghpeptideslab.com\/wp-content\/uploads\/2025\/08\/aod96045mg.jpg","width":800,"height":800,"caption":"5mg AOD-9604 lyophilized powder (research use only)"},{"@type":"BreadcrumbList","@id":"https:\/\/hghpeptideslab.com\/product\/aod-9604\/#breadcrumb","itemListElement":[{"@type":"ListItem","position":1,"name":"Home","item":"https:\/\/hghpeptideslab.com\/"},{"@type":"ListItem","position":2,"name":"Shop","item":"https:\/\/hghpeptideslab.com\/shop\/"},{"@type":"ListItem","position":3,"name":"AOD-9604 Peptide"}]},{"@type":"WebSite","@id":"https:\/\/hghpeptideslab.com\/#website","url":"https:\/\/hghpeptideslab.com\/","name":"HGH Peptides Lab","description":"Premium Peptides &amp; HGH Ma\u011faza","publisher":{"@id":"https:\/\/hghpeptideslab.com\/#organization"},"potentialAction":[{"@type":"SearchAction","target":{"@type":"EntryPoint","urlTemplate":"https:\/\/hghpeptideslab.com\/?s={search_term_string}"},"query-input":{"@type":"PropertyValueSpecification","valueRequired":true,"valueName":"search_term_string"}}],"inLanguage":"tr"},{"@type":"Organization","@id":"https:\/\/hghpeptideslab.com\/#organization","name":"HGH Peptides Lab","url":"https:\/\/hghpeptideslab.com\/tr\/","logo":{"@type":"ImageObject","url":"https:\/\/hghpeptideslab.com\/wp-content\/uploads\/2025\/07\/HGHPEPTIDESLAB-Logo.png"},"image":{"@id":"https:\/\/hghpeptideslab.com\/#\/schema\/logo\/image\/"},"foundingDate":"2010","contactPoint":[{"@type":"ContactPoint","contactType":"customer support","telephone":"+85247559641","email":"CYGGL2025@gmail.com","availableLanguage":["en"]}]}]}},"_links":{"self":[{"href":"https:\/\/hghpeptideslab.com\/tr\/wp-json\/wp\/v2\/product\/9098","targetHints":{"allow":["GET"]}}],"collection":[{"href":"https:\/\/hghpeptideslab.com\/tr\/wp-json\/wp\/v2\/product"}],"about":[{"href":"https:\/\/hghpeptideslab.com\/tr\/wp-json\/wp\/v2\/types\/product"}],"replies":[{"embeddable":true,"href":"https:\/\/hghpeptideslab.com\/tr\/wp-json\/wp\/v2\/comments?post=9098"}],"wp:featuredmedia":[{"embeddable":true,"href":"https:\/\/hghpeptideslab.com\/tr\/wp-json\/wp\/v2\/media\/9096"}],"wp:attachment":[{"href":"https:\/\/hghpeptideslab.com\/tr\/wp-json\/wp\/v2\/media?parent=9098"}],"wp:term":[{"taxonomy":"product_cat","embeddable":true,"href":"https:\/\/hghpeptideslab.com\/tr\/wp-json\/wp\/v2\/product_cat?post=9098"},{"taxonomy":"product_tag","embeddable":true,"href":"https:\/\/hghpeptideslab.com\/tr\/wp-json\/wp\/v2\/product_tag?post=9098"}],"curies":[{"name":"wp","href":"https:\/\/api.w.org\/{rel}","templated":true}]}}