{"id":9109,"date":"2025-08-16T21:18:14","date_gmt":"2025-08-16T21:18:14","guid":{"rendered":"https:\/\/hghpeptideslab.com\/?post_type=product&#038;p=9109"},"modified":"2025-10-22T20:31:19","modified_gmt":"2025-10-22T20:31:19","slug":"mots-c","status":"publish","type":"product","link":"https:\/\/hghpeptideslab.com\/tr\/product\/mots-c\/","title":{"rendered":"MOTS-C Peptide"},"content":{"rendered":"<h3>Genel Bak\u0131\u015f<\/h3>\n<p>MOTS-C, metabolik homeostaz \u00e7al\u0131\u015fmalar\u0131nda yayg\u0131n olarak ba\u015fvurulan mitokondri t\u00fcrevi bir peptittir,<br \/>\nstres adaptasyonu ve ins\u00fclin duyarl\u0131l\u0131\u011f\u0131. Materyalimiz <strong>GMP-\u00fcretimli<\/strong><br \/>\nile farmas\u00f6tik s\u0131n\u0131f <strong>99%+ safl\u0131k<\/strong>. HPLC\/COA belgeleri istek \u00fczerine temin edilebilir.<\/p>\n<h3>Temel \u00d6zellikler<\/h3>\n<ul>\n<li>G\u00fc\u00e7l\u00fc y\u00f6nler: <strong>5 mg<\/strong> &amp; <strong>10 mg<\/strong> vial ba\u015f\u0131na<\/li>\n<li>Kit boyut: <strong>10 vials\/kit<\/strong><\/li>\n<li>Tekrarlanabilir mitokondriyal ve metabolik \u00e7al\u0131\u015fmalar i\u00e7in tutarl\u0131 lot kalitesi<\/li>\n<li>Dok\u00fcmantasyon: HPLC kromatogram \/ COA istek \u00fczerine temin edilebilir<\/li>\n<\/ul>\n<h3>Tipik Ara\u015ft\u0131rma Odaklar\u0131<\/h3>\n<ul>\n<li>Mitokondriyal sinyalizasyon ve h\u00fccresel stres yan\u0131t modelleri<\/li>\n<li>Glikoz kullan\u0131m\u0131 ve ins\u00fclin duyarl\u0131l\u0131\u011f\u0131 yollar\u0131<\/li>\n<li>Metabolik h\u0131z, adipozite ve enerji dengesi \u00e7er\u00e7eveleri<\/li>\n<li>Sa\u011fl\u0131kl\u0131 ya\u015flanma ve uzun \u00f6m\u00fcr mekanizmalar\u0131<\/li>\n<\/ul>\n<h3>Depolama ve Stabilite<\/h3>\n<ul>\n<li>Kapal\u0131 olarak saklay\u0131n <strong>2-8 \u00b0C<\/strong>\u0131\u015f\u0131k ve nemden korunur<\/li>\n<li>Suland\u0131r\u0131lm\u0131\u015f \u00e7\u00f6zeltileri uygun laboratuvar ko\u015fullar\u0131nda derhal kullan\u0131n<\/li>\n<\/ul>\n<h3>Notlar<\/h3>\n<ul>\n<li>\u0130\u00e7inde \u00fcretilmi\u015ftir <strong>GMP uyumlu<\/strong> tesisler<\/li>\n<li>HPLC\/COA istek \u00fczerine temin edilebilir<\/li>\n<li>Sadece laboratuvar ara\u015ft\u0131rmalar\u0131 i\u00e7indir. \u00dcr\u00fcnler t\u0131bbi kullan\u0131m i\u00e7in etiketlenmemi\u015ftir.<\/li>\n<\/ul>","protected":false},"excerpt":{"rendered":"<p><strong>\u0130sim:<\/strong> 99% Purity MOTS-C peptit tozu<br \/>\n<strong>Fonksiyon:<\/strong> Mitokondriyal sinyalizasyon; metabolik homeostaz ve ins\u00fclin duyarl\u0131l\u0131\u011f\u0131 ara\u015ft\u0131rmas\u0131<br \/>\n<strong>\u00d6zellikler:<\/strong> vial ba\u015f\u0131na 5 mg &amp; 10 mg; 10 vials\/kit<br \/>\n<strong>CAS:<\/strong> 1387871-81-7<br \/>\n<strong>G\u00f6r\u00fcn\u00fc\u015f:<\/strong> White lyophilized powder<\/p>","protected":false},"featured_media":9106,"comment_status":"open","ping_status":"closed","template":"","meta":[],"product_cat":[59,46],"product_tag":[162,161,129],"class_list":{"0":"post-9109","1":"product","2":"type-product","3":"status-publish","4":"has-post-thumbnail","6":"product_brand-dp-hghpeptides","7":"product_brand-hgh-peptides-lab","8":"product_cat-nootropic-peptides-anti-aging","9":"product_cat-peptides-for-weight-loss","10":"product_tag-anti-aging-longevity-peptides","11":"product_tag-fat-loss-metabolism-peptides","12":"product_tag-mots-c","14":"first","15":"instock","16":"featured","17":"shipping-taxable","18":"purchasable","19":"product-type-variable","20":"has-default-attributes"},"yoast_head":"<!-- This site is optimized with the Yoast SEO Premium plugin v27.5 (Yoast SEO v27.5) - https:\/\/yoast.com\/product\/yoast-seo-premium-wordpress\/ -->\n<title>MOTS-C Peptide for Energy &amp; Metabolic Support | HGH Peptides Lab \u2013 GMP-Manufactured<\/title>\n<meta name=\"description\" content=\"Buy MOTS-C from a China-based GMP lab. 99% purity with HPLC\/COA, factory-direct selling and worldwide shipping for mitochondrial energy and metabolic support.\" \/>\n<meta name=\"robots\" content=\"index, follow, max-snippet:-1, max-image-preview:large, max-video-preview:-1\" \/>\n<link rel=\"canonical\" href=\"https:\/\/hghpeptideslab.com\/tr\/\u00fcr\u00fcn\/mots-c\/\" \/>\n<meta property=\"og:locale\" content=\"tr_TR\" \/>\n<meta property=\"og:type\" content=\"article\" \/>\n<meta property=\"og:title\" content=\"MOTS-C Peptide\" \/>\n<meta property=\"og:description\" content=\"Buy MOTS-C from a China-based GMP lab. 99% purity with HPLC\/COA, factory-direct selling and worldwide shipping for mitochondrial energy and metabolic support.\" \/>\n<meta property=\"og:url\" content=\"https:\/\/hghpeptideslab.com\/tr\/\u00fcr\u00fcn\/mots-c\/\" \/>\n<meta property=\"og:site_name\" content=\"HGH Peptides Lab\" \/>\n<meta property=\"article:modified_time\" content=\"2025-10-22T20:31:19+00:00\" \/>\n<meta property=\"og:image\" content=\"https:\/\/hghpeptideslab.com\/wp-content\/uploads\/2025\/08\/mots-c10mg.jpg\" \/>\n\t<meta property=\"og:image:width\" content=\"800\" \/>\n\t<meta property=\"og:image:height\" content=\"800\" \/>\n\t<meta property=\"og:image:type\" content=\"image\/jpeg\" \/>\n<meta name=\"twitter:card\" content=\"summary_large_image\" \/>\n<meta name=\"twitter:label1\" content=\"Tahmini okuma s\u00fcresi\" \/>\n\t<meta name=\"twitter:data1\" content=\"1 dakika\" \/>\n<script type=\"application\/ld+json\" class=\"yoast-schema-graph\">{\"@context\":\"https:\\\/\\\/schema.org\",\"@graph\":[{\"@type\":\"WebPage\",\"@id\":\"https:\\\/\\\/hghpeptideslab.com\\\/product\\\/mots-c\\\/\",\"url\":\"https:\\\/\\\/hghpeptideslab.com\\\/product\\\/mots-c\\\/\",\"name\":\"MOTS-C Peptide for Energy & Metabolic Support | HGH Peptides Lab \u2013 GMP-Manufactured\",\"isPartOf\":{\"@id\":\"https:\\\/\\\/hghpeptideslab.com\\\/#website\"},\"primaryImageOfPage\":{\"@id\":\"https:\\\/\\\/hghpeptideslab.com\\\/product\\\/mots-c\\\/#primaryimage\"},\"image\":{\"@id\":\"https:\\\/\\\/hghpeptideslab.com\\\/product\\\/mots-c\\\/#primaryimage\"},\"thumbnailUrl\":\"https:\\\/\\\/hghpeptideslab.com\\\/wp-content\\\/uploads\\\/2025\\\/08\\\/mots-c10mg.jpg\",\"datePublished\":\"2025-08-16T21:18:14+00:00\",\"dateModified\":\"2025-10-22T20:31:19+00:00\",\"description\":\"Buy MOTS-C from a China-based GMP lab. 99% purity with HPLC\\\/COA, factory-direct selling and worldwide shipping for mitochondrial energy and metabolic support.\",\"breadcrumb\":{\"@id\":\"https:\\\/\\\/hghpeptideslab.com\\\/product\\\/mots-c\\\/#breadcrumb\"},\"inLanguage\":\"tr\",\"potentialAction\":[{\"@type\":\"ReadAction\",\"target\":[\"https:\\\/\\\/hghpeptideslab.com\\\/product\\\/mots-c\\\/\"]}],\"copyrightNotice\":\"\u00a9 2010\u20132026 HGH Peptides Lab. All Rights Reserved.\"},{\"@type\":\"ImageObject\",\"inLanguage\":\"tr\",\"@id\":\"https:\\\/\\\/hghpeptideslab.com\\\/product\\\/mots-c\\\/#primaryimage\",\"url\":\"https:\\\/\\\/hghpeptideslab.com\\\/wp-content\\\/uploads\\\/2025\\\/08\\\/mots-c10mg.jpg\",\"contentUrl\":\"https:\\\/\\\/hghpeptideslab.com\\\/wp-content\\\/uploads\\\/2025\\\/08\\\/mots-c10mg.jpg\",\"width\":800,\"height\":800,\"caption\":\"10mg MOTS-C lyophilized powder (research use only)\"},{\"@type\":\"BreadcrumbList\",\"@id\":\"https:\\\/\\\/hghpeptideslab.com\\\/product\\\/mots-c\\\/#breadcrumb\",\"itemListElement\":[{\"@type\":\"ListItem\",\"position\":1,\"name\":\"Home\",\"item\":\"https:\\\/\\\/hghpeptideslab.com\\\/\"},{\"@type\":\"ListItem\",\"position\":2,\"name\":\"Shop\",\"item\":\"https:\\\/\\\/hghpeptideslab.com\\\/shop\\\/\"},{\"@type\":\"ListItem\",\"position\":3,\"name\":\"MOTS-C Peptide\"}]},{\"@type\":\"WebSite\",\"@id\":\"https:\\\/\\\/hghpeptideslab.com\\\/#website\",\"url\":\"https:\\\/\\\/hghpeptideslab.com\\\/\",\"name\":\"HGH Peptides Lab\",\"description\":\"Premium Peptides &amp; HGH Shop\",\"publisher\":{\"@id\":\"https:\\\/\\\/hghpeptideslab.com\\\/#organization\"},\"potentialAction\":[{\"@type\":\"SearchAction\",\"target\":{\"@type\":\"EntryPoint\",\"urlTemplate\":\"https:\\\/\\\/hghpeptideslab.com\\\/?s={search_term_string}\"},\"query-input\":{\"@type\":\"PropertyValueSpecification\",\"valueRequired\":true,\"valueName\":\"search_term_string\"}}],\"inLanguage\":\"tr\"},{\"@type\":\"Organization\",\"@id\":\"https:\\\/\\\/hghpeptideslab.com\\\/#organization\",\"name\":\"HGH Peptides Lab\",\"url\":\"https:\\\/\\\/hghpeptideslab.com\\\/tr\\\/\",\"logo\":{\"@type\":\"ImageObject\",\"url\":\"https:\\\/\\\/hghpeptideslab.com\\\/wp-content\\\/uploads\\\/2025\\\/07\\\/HGHPEPTIDESLAB-Logo.png\"},\"image\":{\"@id\":\"https:\\\/\\\/hghpeptideslab.com\\\/#\\\/schema\\\/logo\\\/image\\\/\"},\"foundingDate\":\"2010\",\"contactPoint\":[{\"@type\":\"ContactPoint\",\"contactType\":\"customer support\",\"telephone\":\"+85247559641\",\"email\":\"CYGGL2025@gmail.com\",\"availableLanguage\":[\"en\"]}]}]}<\/script>\n<!-- \/ Yoast SEO Premium plugin. -->","yoast_head_json":{"title":"Enerji ve Metabolik Destek i\u00e7in MOTS-C Peptide | HGH Peptides Lab - GMP-\u00dcretilmi\u015f","description":"\u00c7in merkezli bir GMP laboratuvar\u0131ndan MOTS-C sat\u0131n al\u0131n. Mitokondriyal enerji ve metabolik destek i\u00e7in HPLC\/COA ile 99% purity, fabrikada do\u011frudan sat\u0131\u015f ve d\u00fcnya \u00e7ap\u0131nda nakliye.","robots":{"index":"index","follow":"follow","max-snippet":"max-snippet:-1","max-image-preview":"max-image-preview:large","max-video-preview":"max-video-preview:-1"},"canonical":"https:\/\/hghpeptideslab.com\/tr\/\u00fcr\u00fcn\/mots-c\/","og_locale":"tr_TR","og_type":"article","og_title":"MOTS-C Peptide","og_description":"Buy MOTS-C from a China-based GMP lab. 99% purity with HPLC\/COA, factory-direct selling and worldwide shipping for mitochondrial energy and metabolic support.","og_url":"https:\/\/hghpeptideslab.com\/tr\/\u00fcr\u00fcn\/mots-c\/","og_site_name":"HGH Peptides Lab","article_modified_time":"2025-10-22T20:31:19+00:00","og_image":[{"width":800,"height":800,"url":"https:\/\/hghpeptideslab.com\/wp-content\/uploads\/2025\/08\/mots-c10mg.jpg","type":"image\/jpeg"}],"twitter_card":"summary_large_image","twitter_misc":{"Tahmini okuma s\u00fcresi":"1 dakika"},"schema":{"@context":"https:\/\/schema.org","@graph":[{"@type":"WebPage","@id":"https:\/\/hghpeptideslab.com\/product\/mots-c\/","url":"https:\/\/hghpeptideslab.com\/product\/mots-c\/","name":"Enerji ve Metabolik Destek i\u00e7in MOTS-C Peptide | HGH Peptides Lab - GMP-\u00dcretilmi\u015f","isPartOf":{"@id":"https:\/\/hghpeptideslab.com\/#website"},"primaryImageOfPage":{"@id":"https:\/\/hghpeptideslab.com\/product\/mots-c\/#primaryimage"},"image":{"@id":"https:\/\/hghpeptideslab.com\/product\/mots-c\/#primaryimage"},"thumbnailUrl":"https:\/\/hghpeptideslab.com\/wp-content\/uploads\/2025\/08\/mots-c10mg.jpg","datePublished":"2025-08-16T21:18:14+00:00","dateModified":"2025-10-22T20:31:19+00:00","description":"\u00c7in merkezli bir GMP laboratuvar\u0131ndan MOTS-C sat\u0131n al\u0131n. Mitokondriyal enerji ve metabolik destek i\u00e7in HPLC\/COA ile 99% purity, fabrikada do\u011frudan sat\u0131\u015f ve d\u00fcnya \u00e7ap\u0131nda nakliye.","breadcrumb":{"@id":"https:\/\/hghpeptideslab.com\/product\/mots-c\/#breadcrumb"},"inLanguage":"tr","potentialAction":[{"@type":"ReadAction","target":["https:\/\/hghpeptideslab.com\/product\/mots-c\/"]}],"copyrightNotice":"\u00a9 2010\u20132026 HGH Peptides Lab. All Rights Reserved."},{"@type":"ImageObject","inLanguage":"tr","@id":"https:\/\/hghpeptideslab.com\/product\/mots-c\/#primaryimage","url":"https:\/\/hghpeptideslab.com\/wp-content\/uploads\/2025\/08\/mots-c10mg.jpg","contentUrl":"https:\/\/hghpeptideslab.com\/wp-content\/uploads\/2025\/08\/mots-c10mg.jpg","width":800,"height":800,"caption":"10mg MOTS-C lyophilized powder (research use only)"},{"@type":"BreadcrumbList","@id":"https:\/\/hghpeptideslab.com\/product\/mots-c\/#breadcrumb","itemListElement":[{"@type":"ListItem","position":1,"name":"Home","item":"https:\/\/hghpeptideslab.com\/"},{"@type":"ListItem","position":2,"name":"Shop","item":"https:\/\/hghpeptideslab.com\/shop\/"},{"@type":"ListItem","position":3,"name":"MOTS-C Peptide"}]},{"@type":"WebSite","@id":"https:\/\/hghpeptideslab.com\/#website","url":"https:\/\/hghpeptideslab.com\/","name":"HGH Peptides Lab","description":"Premium Peptides &amp; HGH Ma\u011faza","publisher":{"@id":"https:\/\/hghpeptideslab.com\/#organization"},"potentialAction":[{"@type":"SearchAction","target":{"@type":"EntryPoint","urlTemplate":"https:\/\/hghpeptideslab.com\/?s={search_term_string}"},"query-input":{"@type":"PropertyValueSpecification","valueRequired":true,"valueName":"search_term_string"}}],"inLanguage":"tr"},{"@type":"Organization","@id":"https:\/\/hghpeptideslab.com\/#organization","name":"HGH Peptides Lab","url":"https:\/\/hghpeptideslab.com\/tr\/","logo":{"@type":"ImageObject","url":"https:\/\/hghpeptideslab.com\/wp-content\/uploads\/2025\/07\/HGHPEPTIDESLAB-Logo.png"},"image":{"@id":"https:\/\/hghpeptideslab.com\/#\/schema\/logo\/image\/"},"foundingDate":"2010","contactPoint":[{"@type":"ContactPoint","contactType":"customer support","telephone":"+85247559641","email":"CYGGL2025@gmail.com","availableLanguage":["en"]}]}]}},"_links":{"self":[{"href":"https:\/\/hghpeptideslab.com\/tr\/wp-json\/wp\/v2\/product\/9109","targetHints":{"allow":["GET"]}}],"collection":[{"href":"https:\/\/hghpeptideslab.com\/tr\/wp-json\/wp\/v2\/product"}],"about":[{"href":"https:\/\/hghpeptideslab.com\/tr\/wp-json\/wp\/v2\/types\/product"}],"replies":[{"embeddable":true,"href":"https:\/\/hghpeptideslab.com\/tr\/wp-json\/wp\/v2\/comments?post=9109"}],"wp:featuredmedia":[{"embeddable":true,"href":"https:\/\/hghpeptideslab.com\/tr\/wp-json\/wp\/v2\/media\/9106"}],"wp:attachment":[{"href":"https:\/\/hghpeptideslab.com\/tr\/wp-json\/wp\/v2\/media?parent=9109"}],"wp:term":[{"taxonomy":"product_cat","embeddable":true,"href":"https:\/\/hghpeptideslab.com\/tr\/wp-json\/wp\/v2\/product_cat?post=9109"},{"taxonomy":"product_tag","embeddable":true,"href":"https:\/\/hghpeptideslab.com\/tr\/wp-json\/wp\/v2\/product_tag?post=9109"}],"curies":[{"name":"wp","href":"https:\/\/api.w.org\/{rel}","templated":true}]}}