{"id":9148,"date":"2025-08-17T21:11:08","date_gmt":"2025-08-17T21:11:08","guid":{"rendered":"https:\/\/hghpeptideslab.com\/?post_type=product&#038;p=9148"},"modified":"2025-10-21T22:18:51","modified_gmt":"2025-10-21T22:18:51","slug":"ghk-cu","status":"publish","type":"product","link":"https:\/\/hghpeptideslab.com\/tr\/product\/ghk-cu\/","title":{"rendered":"GHK-Cu Peptide"},"content":{"rendered":"<h3>Genel Bak\u0131\u015f<\/h3>\n<p>GHK-Cu (Bak\u0131r Tripeptit-1), cilt gen\u00e7le\u015ftirme, kolajen sentezi, yara bak\u0131m modelleri ve sa\u00e7 folik\u00fcl\u00fc biyolojisi ara\u015ft\u0131rmalar\u0131nda yayg\u0131n olarak ba\u015fvurulan, kozmetik a\u00e7\u0131dan pop\u00fcler bir bak\u0131r ba\u011flay\u0131c\u0131 tripeptittir (Gly-His-Lys). Bizim malzememiz <strong>GMP-\u00fcretimli<\/strong> ile farmas\u00f6tik s\u0131n\u0131f peptit <strong>99%+ safl\u0131k<\/strong>. <strong>HPLC\/COA<\/strong> talep \u00fczerine temin edilebilir.<\/p>\n<h3>Temel \u00d6zellikler<\/h3>\n<ul>\n<li>G\u00fc\u00e7l\u00fc y\u00f6nler: <strong>50 mg<\/strong>, <strong>100 mg<\/strong> vial ba\u015f\u0131na<\/li>\n<li>Kit boyut:  <strong>10 vials\/kit<\/strong><\/li>\n<li>Esnek kozmetik ara\u015ft\u0131rma protokolleri i\u00e7in Copper Blue lyophilized powder<\/li>\n<li>Dok\u00fcmantasyon: HPLC kromatogram \/ COA talep \u00fczerine<\/li>\n<\/ul>\n<h3>Tipik Ara\u015ft\u0131rma Odaklar\u0131<\/h3>\n<ul>\n<li>Cilt bariyeri ve dermal matriks deste\u011fi; kolajen ve glikozaminoglikan \u00e7al\u0131\u015fmalar\u0131<\/li>\n<li>Sa\u00e7 folik\u00fcl\u00fc d\u00f6ng\u00fcs\u00fc ve kafa derisi bak\u0131m\u0131 ara\u015ft\u0131rma modelleri<\/li>\n<li>\u0130\u015flem sonras\u0131 g\u00f6r\u00fcn\u00fcm bak\u0131m\u0131; antioksidan\/anti-inflamatuar yollar<\/li>\n<li>Topikal uygulama\/ex vivo cilt \u00e7al\u0131\u015fmalar\u0131 (ara\u00e7\/penetrasyon kar\u015f\u0131la\u015ft\u0131rmalar\u0131)<\/li>\n<\/ul>\n<h3>Depolama ve Stabilite<\/h3>\n<ul>\n<li>Kapal\u0131 olarak saklay\u0131n <strong>2-8 \u00b0C<\/strong>I\u015f\u0131k ve nemden korur<\/li>\n<li>Suland\u0131r\u0131lm\u0131\u015f \u00e7\u00f6zeltileri uygun laboratuvar ko\u015fullar\u0131nda derhal kullan\u0131n<\/li>\n<\/ul>\n<h3>Notlar<\/h3>\n<ul>\n<li>\u0130\u00e7inde \u00fcretilmi\u015ftir <strong>GMP uyumlu<\/strong> tesisler; farmas\u00f6tik s\u0131n\u0131f proses kontrol\u00fc<\/li>\n<li><strong>CAS:<\/strong> 89030-95-5; <strong>HPLC\/COA<\/strong> istek \u00fczerine temin edilebilir<\/li>\n<li>Sadece laboratuvar ara\u015ft\u0131rmalar\u0131 i\u00e7indir. \u00dcr\u00fcnler t\u0131bbi kullan\u0131m i\u00e7in etiketlenmemi\u015ftir.<\/li>\n<\/ul>","protected":false},"excerpt":{"rendered":"<p><strong>\u0130sim:<\/strong> 99% Purity GHK-Cu (Bak\u0131r Tripeptit-1) peptit tozu<br \/>\n<strong>Fonksiyon:<\/strong> Cilt gen\u00e7le\u015ftirme ve sa\u00e7 folik\u00fcl\u00fc ara\u015ft\u0131rmalar\u0131; kolajen deste\u011fi; anti-enflamatuar kozmetik \u00e7al\u0131\u015fmalar\u0131<br \/>\n<strong>\u00d6zellikler:<\/strong> vial ba\u015f\u0131na 50 mg &amp; 100 mg; 10 vials\/kit<br \/>\n<strong>CAS:<\/strong> 89030-95-5<br \/>\n<strong>G\u00f6r\u00fcn\u00fc\u015f:<\/strong> Copper Blue lyophilized powder<\/p>","protected":false},"featured_media":9144,"comment_status":"open","ping_status":"closed","template":"","meta":[],"product_cat":[56],"product_tag":[139,158,165],"class_list":{"0":"post-9148","1":"product","2":"type-product","3":"status-publish","4":"has-post-thumbnail","6":"product_brand-dp-hghpeptides","7":"product_brand-hgh-peptides-lab","8":"product_cat-cosmetic-peptides","9":"product_tag-ghk-cu","10":"product_tag-recovery-tissue-repair-peptides","11":"product_tag-skin-beauty-peptides","13":"first","14":"instock","15":"featured","16":"shipping-taxable","17":"purchasable","18":"product-type-variable","19":"has-default-attributes"},"yoast_head":"<!-- This site is optimized with the Yoast SEO Premium plugin v27.3 (Yoast SEO v27.3) - https:\/\/yoast.com\/product\/yoast-seo-premium-wordpress\/ -->\n<title>GHK-Cu Peptide 50mg | Factory-Direct China GMP Lab \u2013 99% Purity<\/title>\n<meta name=\"description\" content=\"Order GHK-Cu 50mg from a China-based GMP lab \u2014 99% purity with HPLC\/COA. Factory-direct selling and fast worldwide shipping for skin &amp; hair repair research.\" \/>\n<meta name=\"robots\" content=\"index, follow, max-snippet:-1, max-image-preview:large, max-video-preview:-1\" \/>\n<link rel=\"canonical\" href=\"https:\/\/hghpeptideslab.com\/tr\/\u00fcr\u00fcn\/ghk-cu\/\" \/>\n<meta property=\"og:locale\" content=\"tr_TR\" \/>\n<meta property=\"og:type\" content=\"article\" \/>\n<meta property=\"og:title\" content=\"GHK-Cu Peptide\" \/>\n<meta property=\"og:description\" content=\"Order GHK-Cu 50mg from a China-based GMP lab \u2014 99% purity with HPLC\/COA. Factory-direct selling and fast worldwide shipping for skin &amp; hair repair research.\" \/>\n<meta property=\"og:url\" content=\"https:\/\/hghpeptideslab.com\/tr\/\u00fcr\u00fcn\/ghk-cu\/\" \/>\n<meta property=\"og:site_name\" content=\"HGH Peptides Lab\" \/>\n<meta property=\"article:modified_time\" content=\"2025-10-21T22:18:51+00:00\" \/>\n<meta property=\"og:image\" content=\"https:\/\/hghpeptideslab.com\/wp-content\/uploads\/2025\/08\/ghkcu50mg.jpg\" \/>\n\t<meta property=\"og:image:width\" content=\"800\" \/>\n\t<meta property=\"og:image:height\" content=\"800\" \/>\n\t<meta property=\"og:image:type\" content=\"image\/jpeg\" \/>\n<meta name=\"twitter:card\" content=\"summary_large_image\" \/>\n<meta name=\"twitter:label1\" content=\"Tahmini okuma s\u00fcresi\" \/>\n\t<meta name=\"twitter:data1\" content=\"1 dakika\" \/>\n<script type=\"application\/ld+json\" class=\"yoast-schema-graph\">{\"@context\":\"https:\\\/\\\/schema.org\",\"@graph\":[{\"@type\":\"WebPage\",\"@id\":\"https:\\\/\\\/hghpeptideslab.com\\\/product\\\/ghk-cu\\\/\",\"url\":\"https:\\\/\\\/hghpeptideslab.com\\\/product\\\/ghk-cu\\\/\",\"name\":\"GHK-Cu Peptide 50mg | Factory-Direct China GMP Lab \u2013 99% Purity\",\"isPartOf\":{\"@id\":\"https:\\\/\\\/hghpeptideslab.com\\\/#website\"},\"primaryImageOfPage\":{\"@id\":\"https:\\\/\\\/hghpeptideslab.com\\\/product\\\/ghk-cu\\\/#primaryimage\"},\"image\":{\"@id\":\"https:\\\/\\\/hghpeptideslab.com\\\/product\\\/ghk-cu\\\/#primaryimage\"},\"thumbnailUrl\":\"https:\\\/\\\/hghpeptideslab.com\\\/wp-content\\\/uploads\\\/2025\\\/08\\\/ghkcu50mg.jpg\",\"datePublished\":\"2025-08-17T21:11:08+00:00\",\"dateModified\":\"2025-10-21T22:18:51+00:00\",\"description\":\"Order GHK-Cu 50mg from a China-based GMP lab \u2014 99% purity with HPLC\\\/COA. Factory-direct selling and fast worldwide shipping for skin & hair repair research.\",\"breadcrumb\":{\"@id\":\"https:\\\/\\\/hghpeptideslab.com\\\/product\\\/ghk-cu\\\/#breadcrumb\"},\"inLanguage\":\"tr\",\"potentialAction\":[{\"@type\":\"ReadAction\",\"target\":[\"https:\\\/\\\/hghpeptideslab.com\\\/product\\\/ghk-cu\\\/\"]}],\"copyrightNotice\":\"\u00a9 2010\u20132026 HGH Peptides Lab. All Rights Reserved.\"},{\"@type\":\"ImageObject\",\"inLanguage\":\"tr\",\"@id\":\"https:\\\/\\\/hghpeptideslab.com\\\/product\\\/ghk-cu\\\/#primaryimage\",\"url\":\"https:\\\/\\\/hghpeptideslab.com\\\/wp-content\\\/uploads\\\/2025\\\/08\\\/ghkcu50mg.jpg\",\"contentUrl\":\"https:\\\/\\\/hghpeptideslab.com\\\/wp-content\\\/uploads\\\/2025\\\/08\\\/ghkcu50mg.jpg\",\"width\":800,\"height\":800,\"caption\":\"GHK-Cu 50mg vial (white lyophilized powder); factory direct, HPLC\\\/COA on request.\"},{\"@type\":\"BreadcrumbList\",\"@id\":\"https:\\\/\\\/hghpeptideslab.com\\\/product\\\/ghk-cu\\\/#breadcrumb\",\"itemListElement\":[{\"@type\":\"ListItem\",\"position\":1,\"name\":\"Home\",\"item\":\"https:\\\/\\\/hghpeptideslab.com\\\/\"},{\"@type\":\"ListItem\",\"position\":2,\"name\":\"Shop\",\"item\":\"https:\\\/\\\/hghpeptideslab.com\\\/shop\\\/\"},{\"@type\":\"ListItem\",\"position\":3,\"name\":\"GHK-Cu Peptide\"}]},{\"@type\":\"WebSite\",\"@id\":\"https:\\\/\\\/hghpeptideslab.com\\\/#website\",\"url\":\"https:\\\/\\\/hghpeptideslab.com\\\/\",\"name\":\"HGH Peptides Lab\",\"description\":\"Premium Peptides &amp; HGH Shop\",\"publisher\":{\"@id\":\"https:\\\/\\\/hghpeptideslab.com\\\/#organization\"},\"potentialAction\":[{\"@type\":\"SearchAction\",\"target\":{\"@type\":\"EntryPoint\",\"urlTemplate\":\"https:\\\/\\\/hghpeptideslab.com\\\/?s={search_term_string}\"},\"query-input\":{\"@type\":\"PropertyValueSpecification\",\"valueRequired\":true,\"valueName\":\"search_term_string\"}}],\"inLanguage\":\"tr\"},{\"@type\":\"Organization\",\"@id\":\"https:\\\/\\\/hghpeptideslab.com\\\/#organization\",\"name\":\"HGH Peptides Lab\",\"url\":\"https:\\\/\\\/hghpeptideslab.com\\\/tr\\\/\",\"logo\":{\"@type\":\"ImageObject\",\"url\":\"https:\\\/\\\/hghpeptideslab.com\\\/wp-content\\\/uploads\\\/2025\\\/07\\\/HGHPEPTIDESLAB-Logo.png\"},\"image\":{\"@id\":\"https:\\\/\\\/hghpeptideslab.com\\\/#\\\/schema\\\/logo\\\/image\\\/\"},\"foundingDate\":\"2010\",\"contactPoint\":[{\"@type\":\"ContactPoint\",\"contactType\":\"customer support\",\"telephone\":\"+85247559641\",\"email\":\"CYGGL2025@gmail.com\",\"availableLanguage\":[\"en\"]}]}]}<\/script>\n<!-- \/ Yoast SEO Premium plugin. -->","yoast_head_json":{"title":"GHK-Cu Peptide 50mg | Fabrika Do\u011frudan \u00c7in GMP Laboratuvar\u0131 - 99% Purity","description":"\u00c7in merkezli bir GMP laboratuvar\u0131ndan GHK-Cu 50mg sipari\u015f edin - HPLC\/COA ile 99% purity. Cilt ve sa\u00e7 onar\u0131m\u0131 ara\u015ft\u0131rmalar\u0131 i\u00e7in fabrikadan do\u011frudan sat\u0131\u015f ve d\u00fcnya \u00e7ap\u0131nda h\u0131zl\u0131 sevkiyat.","robots":{"index":"index","follow":"follow","max-snippet":"max-snippet:-1","max-image-preview":"max-image-preview:large","max-video-preview":"max-video-preview:-1"},"canonical":"https:\/\/hghpeptideslab.com\/tr\/\u00fcr\u00fcn\/ghk-cu\/","og_locale":"tr_TR","og_type":"article","og_title":"GHK-Cu Peptide","og_description":"Order GHK-Cu 50mg from a China-based GMP lab \u2014 99% purity with HPLC\/COA. Factory-direct selling and fast worldwide shipping for skin & hair repair research.","og_url":"https:\/\/hghpeptideslab.com\/tr\/\u00fcr\u00fcn\/ghk-cu\/","og_site_name":"HGH Peptides Lab","article_modified_time":"2025-10-21T22:18:51+00:00","og_image":[{"width":800,"height":800,"url":"https:\/\/hghpeptideslab.com\/wp-content\/uploads\/2025\/08\/ghkcu50mg.jpg","type":"image\/jpeg"}],"twitter_card":"summary_large_image","twitter_misc":{"Tahmini okuma s\u00fcresi":"1 dakika"},"schema":{"@context":"https:\/\/schema.org","@graph":[{"@type":"WebPage","@id":"https:\/\/hghpeptideslab.com\/product\/ghk-cu\/","url":"https:\/\/hghpeptideslab.com\/product\/ghk-cu\/","name":"GHK-Cu Peptide 50mg | Fabrika Do\u011frudan \u00c7in GMP Laboratuvar\u0131 - 99% Purity","isPartOf":{"@id":"https:\/\/hghpeptideslab.com\/#website"},"primaryImageOfPage":{"@id":"https:\/\/hghpeptideslab.com\/product\/ghk-cu\/#primaryimage"},"image":{"@id":"https:\/\/hghpeptideslab.com\/product\/ghk-cu\/#primaryimage"},"thumbnailUrl":"https:\/\/hghpeptideslab.com\/wp-content\/uploads\/2025\/08\/ghkcu50mg.jpg","datePublished":"2025-08-17T21:11:08+00:00","dateModified":"2025-10-21T22:18:51+00:00","description":"\u00c7in merkezli bir GMP laboratuvar\u0131ndan GHK-Cu 50mg sipari\u015f edin - HPLC\/COA ile 99% purity. Cilt ve sa\u00e7 onar\u0131m\u0131 ara\u015ft\u0131rmalar\u0131 i\u00e7in fabrikadan do\u011frudan sat\u0131\u015f ve d\u00fcnya \u00e7ap\u0131nda h\u0131zl\u0131 sevkiyat.","breadcrumb":{"@id":"https:\/\/hghpeptideslab.com\/product\/ghk-cu\/#breadcrumb"},"inLanguage":"tr","potentialAction":[{"@type":"ReadAction","target":["https:\/\/hghpeptideslab.com\/product\/ghk-cu\/"]}],"copyrightNotice":"\u00a9 2010\u20132026 HGH Peptides Lab. All Rights Reserved."},{"@type":"ImageObject","inLanguage":"tr","@id":"https:\/\/hghpeptideslab.com\/product\/ghk-cu\/#primaryimage","url":"https:\/\/hghpeptideslab.com\/wp-content\/uploads\/2025\/08\/ghkcu50mg.jpg","contentUrl":"https:\/\/hghpeptideslab.com\/wp-content\/uploads\/2025\/08\/ghkcu50mg.jpg","width":800,"height":800,"caption":"GHK-Cu 50mg vial (white lyophilized powder); factory direct, HPLC\/COA on request."},{"@type":"BreadcrumbList","@id":"https:\/\/hghpeptideslab.com\/product\/ghk-cu\/#breadcrumb","itemListElement":[{"@type":"ListItem","position":1,"name":"Home","item":"https:\/\/hghpeptideslab.com\/"},{"@type":"ListItem","position":2,"name":"Shop","item":"https:\/\/hghpeptideslab.com\/shop\/"},{"@type":"ListItem","position":3,"name":"GHK-Cu Peptide"}]},{"@type":"WebSite","@id":"https:\/\/hghpeptideslab.com\/#website","url":"https:\/\/hghpeptideslab.com\/","name":"HGH Peptides Lab","description":"Premium Peptides &amp; HGH Ma\u011faza","publisher":{"@id":"https:\/\/hghpeptideslab.com\/#organization"},"potentialAction":[{"@type":"SearchAction","target":{"@type":"EntryPoint","urlTemplate":"https:\/\/hghpeptideslab.com\/?s={search_term_string}"},"query-input":{"@type":"PropertyValueSpecification","valueRequired":true,"valueName":"search_term_string"}}],"inLanguage":"tr"},{"@type":"Organization","@id":"https:\/\/hghpeptideslab.com\/#organization","name":"HGH Peptides Lab","url":"https:\/\/hghpeptideslab.com\/tr\/","logo":{"@type":"ImageObject","url":"https:\/\/hghpeptideslab.com\/wp-content\/uploads\/2025\/07\/HGHPEPTIDESLAB-Logo.png"},"image":{"@id":"https:\/\/hghpeptideslab.com\/#\/schema\/logo\/image\/"},"foundingDate":"2010","contactPoint":[{"@type":"ContactPoint","contactType":"customer support","telephone":"+85247559641","email":"CYGGL2025@gmail.com","availableLanguage":["en"]}]}]}},"_links":{"self":[{"href":"https:\/\/hghpeptideslab.com\/tr\/wp-json\/wp\/v2\/product\/9148","targetHints":{"allow":["GET"]}}],"collection":[{"href":"https:\/\/hghpeptideslab.com\/tr\/wp-json\/wp\/v2\/product"}],"about":[{"href":"https:\/\/hghpeptideslab.com\/tr\/wp-json\/wp\/v2\/types\/product"}],"replies":[{"embeddable":true,"href":"https:\/\/hghpeptideslab.com\/tr\/wp-json\/wp\/v2\/comments?post=9148"}],"wp:featuredmedia":[{"embeddable":true,"href":"https:\/\/hghpeptideslab.com\/tr\/wp-json\/wp\/v2\/media\/9144"}],"wp:attachment":[{"href":"https:\/\/hghpeptideslab.com\/tr\/wp-json\/wp\/v2\/media?parent=9148"}],"wp:term":[{"taxonomy":"product_cat","embeddable":true,"href":"https:\/\/hghpeptideslab.com\/tr\/wp-json\/wp\/v2\/product_cat?post=9148"},{"taxonomy":"product_tag","embeddable":true,"href":"https:\/\/hghpeptideslab.com\/tr\/wp-json\/wp\/v2\/product_tag?post=9148"}],"curies":[{"name":"wp","href":"https:\/\/api.w.org\/{rel}","templated":true}]}}