{"id":9166,"date":"2025-08-18T00:54:14","date_gmt":"2025-08-18T00:54:14","guid":{"rendered":"https:\/\/hghpeptideslab.com\/?post_type=product&#038;p=9166"},"modified":"2025-10-22T18:42:38","modified_gmt":"2025-10-22T18:42:38","slug":"ghrp-6","status":"publish","type":"product","link":"https:\/\/hghpeptideslab.com\/tr\/product\/ghrp-6\/","title":{"rendered":"GHRP-6 (B\u00fcy\u00fcme Hormonu Salg\u0131layan Peptide-6) Peptide"},"content":{"rendered":"<h3>Genel Bak\u0131\u015f<\/h3>\n<p>GHRP-6, GH sal\u0131n\u0131m\u0131, iyile\u015fme ve i\u015ftah yollar\u0131 \u00e7al\u0131\u015fmalar\u0131nda s\u0131kl\u0131kla ba\u015fvurulan bir ghrelin-mimetik b\u00fcy\u00fcme hormonu sekretagogudur. Bizim materyalimiz <strong>GMP-\u00fcretimli<\/strong> ile <strong>99%+ safl\u0131k<\/strong>. <strong>HPLC\/COA<\/strong> belgeler talep \u00fczerine temin edilebilir.<\/p>\n<h3>Temel \u00d6zellikler<\/h3>\n<ul>\n<li>G\u00fc\u00e7l\u00fc y\u00f6nler: <strong>5 mg<\/strong>, <strong>10 mg<\/strong> vial ba\u015f\u0131na<\/li>\n<li>Kit boyut:  <strong>10 vials\/kit<\/strong><\/li>\n<li>Esnek laboratuvar protokolleri i\u00e7in White lyophilized powder<\/li>\n<li>HPLC kromatogram \/ COA istek \u00fczerine temin edilebilir<\/li>\n<\/ul>\n<h3>Tipik Ara\u015ft\u0131rma Odaklar\u0131<\/h3>\n<ul>\n<li>B\u00fcy\u00fcme hormonu salg\u0131lanmas\u0131 ve sinyal mekanizmalar\u0131<\/li>\n<li>Kas b\u00fcy\u00fcmesi, toparlanma ve performans modelleri<\/li>\n<li>Ghrelin ekseni \u00e7al\u0131\u015fmalar\u0131 yoluyla i\u015ftah\/enerji dengesi<\/li>\n<li>Diren\u00e7 antrenman\u0131 toparlanma konseptlerine yak\u0131nl\u0131k<\/li>\n<\/ul>\n<h3>Depolama ve Stabilite<\/h3>\n<ul>\n<li>Kapal\u0131 olarak saklay\u0131n <strong>2-8 \u00b0C<\/strong>\u0131\u015f\u0131k ve nemden korunur<\/li>\n<li>Suland\u0131r\u0131lm\u0131\u015f \u00e7\u00f6zeltileri uygun laboratuvar ko\u015fullar\u0131nda derhal kullan\u0131n<\/li>\n<\/ul>\n<h3>Notlar<\/h3>\n<ul>\n<li>\u0130\u00e7inde \u00fcretilmi\u015ftir <strong>GMP uyumlu<\/strong> tesisler; farmas\u00f6tik s\u0131n\u0131f proses kontrol\u00fc<\/li>\n<li><strong>CAS:<\/strong> 87616-84-0; <strong>HPLC\/COA<\/strong> istek \u00fczerine temin edilebilir<\/li>\n<li>Sadece laboratuvar ara\u015ft\u0131rmalar\u0131 i\u00e7indir. \u00dcr\u00fcnler t\u0131bbi kullan\u0131m i\u00e7in etiketlenmemi\u015ftir.<\/li>\n<\/ul>\n<p><span data-mce-type=\"bookmark\" style=\"display: inline-block; width: 0px; overflow: hidden; line-height: 0;\" class=\"mce_SELRES_start\"><\/span><\/p>","protected":false},"excerpt":{"rendered":"<p><strong>\u0130sim:<\/strong> 99% Purity GHRP-6 peptit tozu<br \/>\n<strong>Fonksiyon:<\/strong> GH salg\u0131s\u0131 ve kas b\u00fcy\u00fcmesi \u00e7al\u0131\u015fmalar\u0131; i\u015ftah mod\u00fclasyonu<br \/>\n<strong>\u00d6zellikler:<\/strong> vial ba\u015f\u0131na 5 mg &amp; 10 mg; 10 vials\/kit<br \/>\n<strong>CAS:<\/strong> 87616-84-0<br \/>\n<strong>G\u00f6r\u00fcn\u00fc\u015f:<\/strong> White lyophilized powder<\/p>","protected":false},"featured_media":9163,"comment_status":"open","ping_status":"closed","template":"","meta":[],"product_cat":[40],"product_tag":[140,160,158],"class_list":{"0":"post-9166","1":"product","2":"type-product","3":"status-publish","4":"has-post-thumbnail","6":"product_brand-dp-hghpeptides","7":"product_brand-hgh-peptides-lab","8":"product_cat-peptides-for-muscle-growth","9":"product_tag-ghrp-6","10":"product_tag-muscle-growth-performance-peptides","11":"product_tag-recovery-tissue-repair-peptides","13":"first","14":"instock","15":"shipping-taxable","16":"purchasable","17":"product-type-variable","18":"has-default-attributes"},"yoast_head":"<!-- This site is optimized with the Yoast SEO Premium plugin v27.3 (Yoast SEO v27.3) - https:\/\/yoast.com\/product\/yoast-seo-premium-wordpress\/ -->\n<title>GHRP-6 Peptide 5mg | Factory-Direct China \u2013 GMP-Manufactured<\/title>\n<meta name=\"description\" content=\"Buy GHRP-6 5mg direct from a China-based GMP lab. 99% purity with HPLC\/COA. Factory-direct selling, fast worldwide shipping for GH secretion and recovery studies.\" \/>\n<meta name=\"robots\" content=\"index, follow, max-snippet:-1, max-image-preview:large, max-video-preview:-1\" \/>\n<link rel=\"canonical\" href=\"https:\/\/hghpeptideslab.com\/tr\/\u00fcr\u00fcn\/ghrp-6\/\" \/>\n<meta property=\"og:locale\" content=\"tr_TR\" \/>\n<meta property=\"og:type\" content=\"article\" \/>\n<meta property=\"og:title\" content=\"GHRP-6 (Growth Hormone Releasing Peptide-6) Peptide\" \/>\n<meta property=\"og:description\" content=\"Buy GHRP-6 5mg direct from a China-based GMP lab. 99% purity with HPLC\/COA. Factory-direct selling, fast worldwide shipping for GH secretion and recovery studies.\" \/>\n<meta property=\"og:url\" content=\"https:\/\/hghpeptideslab.com\/tr\/\u00fcr\u00fcn\/ghrp-6\/\" \/>\n<meta property=\"og:site_name\" content=\"HGH Peptides Lab\" \/>\n<meta property=\"article:modified_time\" content=\"2025-10-22T18:42:38+00:00\" \/>\n<meta property=\"og:image\" content=\"https:\/\/hghpeptideslab.com\/wp-content\/uploads\/2025\/08\/ghrp-65mg.jpg\" \/>\n\t<meta property=\"og:image:width\" content=\"800\" \/>\n\t<meta property=\"og:image:height\" content=\"800\" \/>\n\t<meta property=\"og:image:type\" content=\"image\/jpeg\" \/>\n<meta name=\"twitter:card\" content=\"summary_large_image\" \/>\n<meta name=\"twitter:label1\" content=\"Tahmini okuma s\u00fcresi\" \/>\n\t<meta name=\"twitter:data1\" content=\"1 dakika\" \/>\n<script type=\"application\/ld+json\" class=\"yoast-schema-graph\">{\"@context\":\"https:\\\/\\\/schema.org\",\"@graph\":[{\"@type\":\"WebPage\",\"@id\":\"https:\\\/\\\/hghpeptideslab.com\\\/product\\\/ghrp-6\\\/\",\"url\":\"https:\\\/\\\/hghpeptideslab.com\\\/product\\\/ghrp-6\\\/\",\"name\":\"GHRP-6 Peptide 5mg | Factory-Direct China \u2013 GMP-Manufactured\",\"isPartOf\":{\"@id\":\"https:\\\/\\\/hghpeptideslab.com\\\/#website\"},\"primaryImageOfPage\":{\"@id\":\"https:\\\/\\\/hghpeptideslab.com\\\/product\\\/ghrp-6\\\/#primaryimage\"},\"image\":{\"@id\":\"https:\\\/\\\/hghpeptideslab.com\\\/product\\\/ghrp-6\\\/#primaryimage\"},\"thumbnailUrl\":\"https:\\\/\\\/hghpeptideslab.com\\\/wp-content\\\/uploads\\\/2025\\\/08\\\/ghrp-65mg.jpg\",\"datePublished\":\"2025-08-18T00:54:14+00:00\",\"dateModified\":\"2025-10-22T18:42:38+00:00\",\"description\":\"Buy GHRP-6 5mg direct from a China-based GMP lab. 99% purity with HPLC\\\/COA. Factory-direct selling, fast worldwide shipping for GH secretion and recovery studies.\",\"breadcrumb\":{\"@id\":\"https:\\\/\\\/hghpeptideslab.com\\\/product\\\/ghrp-6\\\/#breadcrumb\"},\"inLanguage\":\"tr\",\"potentialAction\":[{\"@type\":\"ReadAction\",\"target\":[\"https:\\\/\\\/hghpeptideslab.com\\\/product\\\/ghrp-6\\\/\"]}],\"copyrightNotice\":\"\u00a9 2010\u20132026 HGH Peptides Lab. All Rights Reserved.\"},{\"@type\":\"ImageObject\",\"inLanguage\":\"tr\",\"@id\":\"https:\\\/\\\/hghpeptideslab.com\\\/product\\\/ghrp-6\\\/#primaryimage\",\"url\":\"https:\\\/\\\/hghpeptideslab.com\\\/wp-content\\\/uploads\\\/2025\\\/08\\\/ghrp-65mg.jpg\",\"contentUrl\":\"https:\\\/\\\/hghpeptideslab.com\\\/wp-content\\\/uploads\\\/2025\\\/08\\\/ghrp-65mg.jpg\",\"width\":800,\"height\":800,\"caption\":\"5mg GHRP-6 vial (white lyophilized powder); factory direct with HPLC\\\/COA on request.\"},{\"@type\":\"BreadcrumbList\",\"@id\":\"https:\\\/\\\/hghpeptideslab.com\\\/product\\\/ghrp-6\\\/#breadcrumb\",\"itemListElement\":[{\"@type\":\"ListItem\",\"position\":1,\"name\":\"Home\",\"item\":\"https:\\\/\\\/hghpeptideslab.com\\\/\"},{\"@type\":\"ListItem\",\"position\":2,\"name\":\"Shop\",\"item\":\"https:\\\/\\\/hghpeptideslab.com\\\/shop\\\/\"},{\"@type\":\"ListItem\",\"position\":3,\"name\":\"GHRP-6 (Growth Hormone Releasing Peptide-6) Peptide\"}]},{\"@type\":\"WebSite\",\"@id\":\"https:\\\/\\\/hghpeptideslab.com\\\/#website\",\"url\":\"https:\\\/\\\/hghpeptideslab.com\\\/\",\"name\":\"HGH Peptides Lab\",\"description\":\"Premium Peptides &amp; HGH Shop\",\"publisher\":{\"@id\":\"https:\\\/\\\/hghpeptideslab.com\\\/#organization\"},\"potentialAction\":[{\"@type\":\"SearchAction\",\"target\":{\"@type\":\"EntryPoint\",\"urlTemplate\":\"https:\\\/\\\/hghpeptideslab.com\\\/?s={search_term_string}\"},\"query-input\":{\"@type\":\"PropertyValueSpecification\",\"valueRequired\":true,\"valueName\":\"search_term_string\"}}],\"inLanguage\":\"tr\"},{\"@type\":\"Organization\",\"@id\":\"https:\\\/\\\/hghpeptideslab.com\\\/#organization\",\"name\":\"HGH Peptides Lab\",\"url\":\"https:\\\/\\\/hghpeptideslab.com\\\/tr\\\/\",\"logo\":{\"@type\":\"ImageObject\",\"url\":\"https:\\\/\\\/hghpeptideslab.com\\\/wp-content\\\/uploads\\\/2025\\\/07\\\/HGHPEPTIDESLAB-Logo.png\"},\"image\":{\"@id\":\"https:\\\/\\\/hghpeptideslab.com\\\/#\\\/schema\\\/logo\\\/image\\\/\"},\"foundingDate\":\"2010\",\"contactPoint\":[{\"@type\":\"ContactPoint\",\"contactType\":\"customer support\",\"telephone\":\"+85247559641\",\"email\":\"CYGGL2025@gmail.com\",\"availableLanguage\":[\"en\"]}]}]}<\/script>\n<!-- \/ Yoast SEO Premium plugin. -->","yoast_head_json":{"title":"GHRP-6 Peptide 5mg | Fabrika Do\u011frudan \u00c7in - GMP-\u00dcretilmi\u015f","description":"\u00c7in merkezli bir GMP laboratuvar\u0131ndan do\u011frudan GHRP-6 5mg sat\u0131n al\u0131n. HPLC\/COA ile 99% purity. Fabrika do\u011frudan sat\u0131\u015f\u0131, GH salg\u0131s\u0131 ve iyile\u015fme \u00e7al\u0131\u015fmalar\u0131 i\u00e7in d\u00fcnya \u00e7ap\u0131nda h\u0131zl\u0131 sevkiyat.","robots":{"index":"index","follow":"follow","max-snippet":"max-snippet:-1","max-image-preview":"max-image-preview:large","max-video-preview":"max-video-preview:-1"},"canonical":"https:\/\/hghpeptideslab.com\/tr\/\u00fcr\u00fcn\/ghrp-6\/","og_locale":"tr_TR","og_type":"article","og_title":"GHRP-6 (Growth Hormone Releasing Peptide-6) Peptide","og_description":"Buy GHRP-6 5mg direct from a China-based GMP lab. 99% purity with HPLC\/COA. Factory-direct selling, fast worldwide shipping for GH secretion and recovery studies.","og_url":"https:\/\/hghpeptideslab.com\/tr\/\u00fcr\u00fcn\/ghrp-6\/","og_site_name":"HGH Peptides Lab","article_modified_time":"2025-10-22T18:42:38+00:00","og_image":[{"width":800,"height":800,"url":"https:\/\/hghpeptideslab.com\/wp-content\/uploads\/2025\/08\/ghrp-65mg.jpg","type":"image\/jpeg"}],"twitter_card":"summary_large_image","twitter_misc":{"Tahmini okuma s\u00fcresi":"1 dakika"},"schema":{"@context":"https:\/\/schema.org","@graph":[{"@type":"WebPage","@id":"https:\/\/hghpeptideslab.com\/product\/ghrp-6\/","url":"https:\/\/hghpeptideslab.com\/product\/ghrp-6\/","name":"GHRP-6 Peptide 5mg | Fabrika Do\u011frudan \u00c7in - GMP-\u00dcretilmi\u015f","isPartOf":{"@id":"https:\/\/hghpeptideslab.com\/#website"},"primaryImageOfPage":{"@id":"https:\/\/hghpeptideslab.com\/product\/ghrp-6\/#primaryimage"},"image":{"@id":"https:\/\/hghpeptideslab.com\/product\/ghrp-6\/#primaryimage"},"thumbnailUrl":"https:\/\/hghpeptideslab.com\/wp-content\/uploads\/2025\/08\/ghrp-65mg.jpg","datePublished":"2025-08-18T00:54:14+00:00","dateModified":"2025-10-22T18:42:38+00:00","description":"\u00c7in merkezli bir GMP laboratuvar\u0131ndan do\u011frudan GHRP-6 5mg sat\u0131n al\u0131n. HPLC\/COA ile 99% purity. Fabrika do\u011frudan sat\u0131\u015f\u0131, GH salg\u0131s\u0131 ve iyile\u015fme \u00e7al\u0131\u015fmalar\u0131 i\u00e7in d\u00fcnya \u00e7ap\u0131nda h\u0131zl\u0131 sevkiyat.","breadcrumb":{"@id":"https:\/\/hghpeptideslab.com\/product\/ghrp-6\/#breadcrumb"},"inLanguage":"tr","potentialAction":[{"@type":"ReadAction","target":["https:\/\/hghpeptideslab.com\/product\/ghrp-6\/"]}],"copyrightNotice":"\u00a9 2010\u20132026 HGH Peptides Lab. All Rights Reserved."},{"@type":"ImageObject","inLanguage":"tr","@id":"https:\/\/hghpeptideslab.com\/product\/ghrp-6\/#primaryimage","url":"https:\/\/hghpeptideslab.com\/wp-content\/uploads\/2025\/08\/ghrp-65mg.jpg","contentUrl":"https:\/\/hghpeptideslab.com\/wp-content\/uploads\/2025\/08\/ghrp-65mg.jpg","width":800,"height":800,"caption":"5mg GHRP-6 vial (white lyophilized powder); factory direct with HPLC\/COA on request."},{"@type":"BreadcrumbList","@id":"https:\/\/hghpeptideslab.com\/product\/ghrp-6\/#breadcrumb","itemListElement":[{"@type":"ListItem","position":1,"name":"Home","item":"https:\/\/hghpeptideslab.com\/"},{"@type":"ListItem","position":2,"name":"Shop","item":"https:\/\/hghpeptideslab.com\/shop\/"},{"@type":"ListItem","position":3,"name":"GHRP-6 (Growth Hormone Releasing Peptide-6) Peptide"}]},{"@type":"WebSite","@id":"https:\/\/hghpeptideslab.com\/#website","url":"https:\/\/hghpeptideslab.com\/","name":"HGH Peptides Lab","description":"Premium Peptides &amp; HGH Ma\u011faza","publisher":{"@id":"https:\/\/hghpeptideslab.com\/#organization"},"potentialAction":[{"@type":"SearchAction","target":{"@type":"EntryPoint","urlTemplate":"https:\/\/hghpeptideslab.com\/?s={search_term_string}"},"query-input":{"@type":"PropertyValueSpecification","valueRequired":true,"valueName":"search_term_string"}}],"inLanguage":"tr"},{"@type":"Organization","@id":"https:\/\/hghpeptideslab.com\/#organization","name":"HGH Peptides Lab","url":"https:\/\/hghpeptideslab.com\/tr\/","logo":{"@type":"ImageObject","url":"https:\/\/hghpeptideslab.com\/wp-content\/uploads\/2025\/07\/HGHPEPTIDESLAB-Logo.png"},"image":{"@id":"https:\/\/hghpeptideslab.com\/#\/schema\/logo\/image\/"},"foundingDate":"2010","contactPoint":[{"@type":"ContactPoint","contactType":"customer support","telephone":"+85247559641","email":"CYGGL2025@gmail.com","availableLanguage":["en"]}]}]}},"_links":{"self":[{"href":"https:\/\/hghpeptideslab.com\/tr\/wp-json\/wp\/v2\/product\/9166","targetHints":{"allow":["GET"]}}],"collection":[{"href":"https:\/\/hghpeptideslab.com\/tr\/wp-json\/wp\/v2\/product"}],"about":[{"href":"https:\/\/hghpeptideslab.com\/tr\/wp-json\/wp\/v2\/types\/product"}],"replies":[{"embeddable":true,"href":"https:\/\/hghpeptideslab.com\/tr\/wp-json\/wp\/v2\/comments?post=9166"}],"wp:featuredmedia":[{"embeddable":true,"href":"https:\/\/hghpeptideslab.com\/tr\/wp-json\/wp\/v2\/media\/9163"}],"wp:attachment":[{"href":"https:\/\/hghpeptideslab.com\/tr\/wp-json\/wp\/v2\/media?parent=9166"}],"wp:term":[{"taxonomy":"product_cat","embeddable":true,"href":"https:\/\/hghpeptideslab.com\/tr\/wp-json\/wp\/v2\/product_cat?post=9166"},{"taxonomy":"product_tag","embeddable":true,"href":"https:\/\/hghpeptideslab.com\/tr\/wp-json\/wp\/v2\/product_tag?post=9166"}],"curies":[{"name":"wp","href":"https:\/\/api.w.org\/{rel}","templated":true}]}}