{"id":9489,"date":"2025-09-02T04:08:09","date_gmt":"2025-09-02T04:08:09","guid":{"rendered":"https:\/\/hghpeptideslab.com\/?post_type=product&#038;p=9489"},"modified":"2026-04-12T22:12:20","modified_gmt":"2026-04-12T22:12:20","slug":"blend-bpc157-5mg-tb500-5mg","status":"publish","type":"product","link":"https:\/\/hghpeptideslab.com\/tr\/product\/blend-bpc157-5mg-tb500-5mg\/","title":{"rendered":"Blend BPC-157 5mg + TB-500 5mg"},"content":{"rendered":"<h3>Genel Bak\u0131\u015f<\/h3>\n<p>Bu BPC-157 + TB-500 kar\u0131\u015f\u0131m\u0131 (vial ba\u015f\u0131na 5 mg + 5 mg), yumu\u015fak doku deste\u011fi ve iyile\u015fme \u00e7er\u00e7eveleriyle ilgili ara\u015ft\u0131rma tart\u0131\u015fmalar\u0131nda s\u0131kl\u0131kla referans g\u00f6sterilmektedir. Malzeme \u015fu \u015fekilde tedarik edilir <strong>farmas\u00f6tik s\u0131n\u0131f<\/strong> ile peptit <strong>99%+ safl\u0131k<\/strong>. Profesyonel al\u0131c\u0131lar i\u00e7in talep \u00fczerine belgeler mevcuttur.<\/p>\n<h3>Temel \u00d6zellikler<\/h3>\n<ul>\n<li>vial ba\u015f\u0131na sabit kar\u0131\u015f\u0131m: <strong>5 mg BPC-157 + 5 mg TB-500<\/strong><\/li>\n<li>Kit boyut: <strong>10 vials\/Kit<\/strong><\/li>\n<li>Esnek protokoller i\u00e7in White lyophilized powder<\/li>\n<li>Tutarl\u0131 parti kalitesi; profesyonel paketleme<\/li>\n<\/ul>\n<h3>Tipik Ara\u015ft\u0131rma Odaklar\u0131<\/h3>\n<ul>\n<li>Tendon\/ligament ve eklem iyile\u015fme modelleri<\/li>\n<li>Kas onar\u0131m\u0131 ve egzersiz sonras\u0131 toparlanma tart\u0131\u015fmalar\u0131<\/li>\n<li>Yumu\u015fak doku iyile\u015fmesi ve a\u015f\u0131r\u0131 kullan\u0131mla ilgili incelemeler<\/li>\n<\/ul>\n<h3>Depolama ve Stabilite<\/h3>\n<ul>\n<li>Kapal\u0131 olarak saklay\u0131n <strong>2-8 \u00b0C<\/strong>\u0131\u015f\u0131k ve nemden korunur<\/li>\n<li>Suland\u0131r\u0131lm\u0131\u015f \u00e7\u00f6zeltilerin uygun laboratuvar ko\u015fullar\u0131nda derhal kullan\u0131lmas\u0131 tavsiye edilir<\/li>\n<\/ul>\n<h3>Notlar<\/h3>\n<ul>\n<li><strong>Pharmaceutical-grade quality<\/strong>; 99%+ safl\u0131k<\/li>\n<li>Dok\u00fcmanlar istek \u00fczerine temin edilebilir<\/li>\n<li>Sadece laboratuvar ara\u015ft\u0131rmalar\u0131 i\u00e7indir. \u00dcr\u00fcnler t\u0131bbi kullan\u0131m i\u00e7in etiketlenmemi\u015ftir.<\/li>\n<\/ul>","protected":false},"excerpt":{"rendered":"<p><strong>\u0130sim:<\/strong> 99% Purity BPC-157 + TB-500 peptit kar\u0131\u015f\u0131m\u0131 (5 mg + 5 mg)<br \/>\n<strong>Fonksiyon:<\/strong> Tendon ve eklem deste\u011fi; kas iyile\u015fmesi ve iyile\u015fme<br \/>\n<strong>\u00d6zellikler:<\/strong> vial ba\u015f\u0131na 5 mg + 5 mg; 10 vials\/Kit<br \/>\n<strong>CAS:<\/strong> BPC-157: 137525-51-0; Timozin \u03b24 (TB-500): 77591-33-4<br \/>\n<strong>G\u00f6r\u00fcn\u00fc\u015f:<\/strong> White lyophilized powder<\/p>","protected":false},"featured_media":9485,"comment_status":"open","ping_status":"closed","template":"","meta":[],"product_cat":[51],"product_tag":[159,320,296,120,316,314,121,315],"class_list":{"0":"post-9489","1":"product","2":"type-product","3":"status-publish","4":"has-post-thumbnail","6":"product_brand-dp-hghpeptides","7":"product_brand-hgh-peptides-lab","8":"product_cat-peptides-for-healing","9":"product_tag-anti-inflammatory-peptides","10":"product_tag-beginner-friendly-peptides","11":"product_tag-blend-bpc-157-5mg-tb-500-5mg","12":"product_tag-bpc-157","13":"product_tag-muscle-recovery-peptides","14":"product_tag-peptide-dual-blend","15":"product_tag-tb-500","16":"product_tag-tendon-joint-support-peptides","18":"first","19":"instock","20":"featured","21":"shipping-taxable","22":"purchasable","23":"product-type-simple"},"yoast_head":"<!-- This site is optimized with the Yoast SEO Premium plugin v27.5 (Yoast SEO v27.5) - https:\/\/yoast.com\/product\/yoast-seo-premium-wordpress\/ -->\n<title>Buy BPC-157 + TB-500 Blend 5mg\/5mg \u2014 Price, Specs &amp; Fast Shipping | HGH Peptides Lab<\/title>\n<meta name=\"description\" content=\"Factory-direct BPC-157 + TB-500 5mg\/5mg blend: price, vial\/kit specs, secure packaging and fast worldwide shipping. Research-use only\u2014order online.\" \/>\n<meta name=\"robots\" content=\"index, follow, max-snippet:-1, max-image-preview:large, max-video-preview:-1\" \/>\n<link rel=\"canonical\" href=\"https:\/\/hghpeptideslab.com\/tr\/\u00fcr\u00fcn\/blend-bpc157-5mg-tb500-5mg\/\" \/>\n<meta property=\"og:locale\" content=\"tr_TR\" \/>\n<meta property=\"og:type\" content=\"article\" \/>\n<meta property=\"og:title\" content=\"Blend BPC-157 5mg + TB-500 5mg\" \/>\n<meta property=\"og:description\" content=\"Factory-direct BPC-157 + TB-500 5mg\/5mg blend: price, vial\/kit specs, secure packaging and fast worldwide shipping. Research-use only\u2014order online.\" \/>\n<meta property=\"og:url\" content=\"https:\/\/hghpeptideslab.com\/tr\/\u00fcr\u00fcn\/blend-bpc157-5mg-tb500-5mg\/\" \/>\n<meta property=\"og:site_name\" content=\"HGH Peptides Lab\" \/>\n<meta property=\"article:modified_time\" content=\"2026-04-12T22:12:20+00:00\" \/>\n<meta property=\"og:image\" content=\"https:\/\/hghpeptideslab.com\/wp-content\/uploads\/2025\/09\/bpc157-5mgtb500-5mg.jpg\" \/>\n\t<meta property=\"og:image:width\" content=\"800\" \/>\n\t<meta property=\"og:image:height\" content=\"800\" \/>\n\t<meta property=\"og:image:type\" content=\"image\/jpeg\" \/>\n<meta name=\"twitter:card\" content=\"summary_large_image\" \/>\n<meta name=\"twitter:label1\" content=\"Tahmini okuma s\u00fcresi\" \/>\n\t<meta name=\"twitter:data1\" content=\"1 dakika\" \/>\n<script type=\"application\/ld+json\" class=\"yoast-schema-graph\">{\"@context\":\"https:\\\/\\\/schema.org\",\"@graph\":[{\"@type\":\"WebPage\",\"@id\":\"https:\\\/\\\/hghpeptideslab.com\\\/product\\\/blend-bpc157-5mg-tb500-5mg\\\/\",\"url\":\"https:\\\/\\\/hghpeptideslab.com\\\/product\\\/blend-bpc157-5mg-tb500-5mg\\\/\",\"name\":\"Buy BPC-157 + TB-500 Blend 5mg\\\/5mg \u2014 Price, Specs & Fast Shipping | HGH Peptides Lab\",\"isPartOf\":{\"@id\":\"https:\\\/\\\/hghpeptideslab.com\\\/#website\"},\"primaryImageOfPage\":{\"@id\":\"https:\\\/\\\/hghpeptideslab.com\\\/product\\\/blend-bpc157-5mg-tb500-5mg\\\/#primaryimage\"},\"image\":{\"@id\":\"https:\\\/\\\/hghpeptideslab.com\\\/product\\\/blend-bpc157-5mg-tb500-5mg\\\/#primaryimage\"},\"thumbnailUrl\":\"https:\\\/\\\/hghpeptideslab.com\\\/wp-content\\\/uploads\\\/2025\\\/09\\\/bpc157-5mgtb500-5mg.jpg\",\"datePublished\":\"2025-09-02T04:08:09+00:00\",\"dateModified\":\"2026-04-12T22:12:20+00:00\",\"description\":\"Factory-direct BPC-157 + TB-500 5mg\\\/5mg blend: price, vial\\\/kit specs, secure packaging and fast worldwide shipping. Research-use only\u2014order online.\",\"breadcrumb\":{\"@id\":\"https:\\\/\\\/hghpeptideslab.com\\\/product\\\/blend-bpc157-5mg-tb500-5mg\\\/#breadcrumb\"},\"inLanguage\":\"tr\",\"potentialAction\":[{\"@type\":\"ReadAction\",\"target\":[\"https:\\\/\\\/hghpeptideslab.com\\\/product\\\/blend-bpc157-5mg-tb500-5mg\\\/\"]}],\"copyrightNotice\":\"\u00a9 2010\u20132026 HGH Peptides Lab. All Rights Reserved.\"},{\"@type\":\"ImageObject\",\"inLanguage\":\"tr\",\"@id\":\"https:\\\/\\\/hghpeptideslab.com\\\/product\\\/blend-bpc157-5mg-tb500-5mg\\\/#primaryimage\",\"url\":\"https:\\\/\\\/hghpeptideslab.com\\\/wp-content\\\/uploads\\\/2025\\\/09\\\/bpc157-5mgtb500-5mg.jpg\",\"contentUrl\":\"https:\\\/\\\/hghpeptideslab.com\\\/wp-content\\\/uploads\\\/2025\\\/09\\\/bpc157-5mgtb500-5mg.jpg\",\"width\":800,\"height\":800,\"caption\":\"5mg BPC-157 + 5mg TB-500 per vial; 10 vials per kit.\"},{\"@type\":\"BreadcrumbList\",\"@id\":\"https:\\\/\\\/hghpeptideslab.com\\\/product\\\/blend-bpc157-5mg-tb500-5mg\\\/#breadcrumb\",\"itemListElement\":[{\"@type\":\"ListItem\",\"position\":1,\"name\":\"Home\",\"item\":\"https:\\\/\\\/hghpeptideslab.com\\\/\"},{\"@type\":\"ListItem\",\"position\":2,\"name\":\"Shop\",\"item\":\"https:\\\/\\\/hghpeptideslab.com\\\/shop\\\/\"},{\"@type\":\"ListItem\",\"position\":3,\"name\":\"Blend BPC-157 5mg + TB-500 5mg\"}]},{\"@type\":\"WebSite\",\"@id\":\"https:\\\/\\\/hghpeptideslab.com\\\/#website\",\"url\":\"https:\\\/\\\/hghpeptideslab.com\\\/\",\"name\":\"HGH Peptides Lab\",\"description\":\"Premium Peptides &amp; HGH Shop\",\"publisher\":{\"@id\":\"https:\\\/\\\/hghpeptideslab.com\\\/#organization\"},\"potentialAction\":[{\"@type\":\"SearchAction\",\"target\":{\"@type\":\"EntryPoint\",\"urlTemplate\":\"https:\\\/\\\/hghpeptideslab.com\\\/?s={search_term_string}\"},\"query-input\":{\"@type\":\"PropertyValueSpecification\",\"valueRequired\":true,\"valueName\":\"search_term_string\"}}],\"inLanguage\":\"tr\"},{\"@type\":\"Organization\",\"@id\":\"https:\\\/\\\/hghpeptideslab.com\\\/#organization\",\"name\":\"HGH Peptides Lab\",\"url\":\"https:\\\/\\\/hghpeptideslab.com\\\/tr\\\/\",\"logo\":{\"@type\":\"ImageObject\",\"url\":\"https:\\\/\\\/hghpeptideslab.com\\\/wp-content\\\/uploads\\\/2025\\\/07\\\/HGHPEPTIDESLAB-Logo.png\"},\"image\":{\"@id\":\"https:\\\/\\\/hghpeptideslab.com\\\/#\\\/schema\\\/logo\\\/image\\\/\"},\"foundingDate\":\"2010\",\"contactPoint\":[{\"@type\":\"ContactPoint\",\"contactType\":\"customer support\",\"telephone\":\"+85247559641\",\"email\":\"CYGGL2025@gmail.com\",\"availableLanguage\":[\"en\"]}]}]}<\/script>\n<!-- \/ Yoast SEO Premium plugin. -->","yoast_head_json":{"title":"BPC-157 + TB-500 Blend 5mg\/5mg Sat\u0131n Al\u0131n - Fiyat, \u00d6zellikler ve H\u0131zl\u0131 Kargo | HGH Peptides Lab","description":"Fabrika do\u011frudan BPC-157 + TB-500 5mg\/5mg kar\u0131\u015f\u0131m\u0131: fiyat, vial\/kit \u00f6zellikleri, g\u00fcvenli paketleme ve d\u00fcnya \u00e7ap\u0131nda h\u0131zl\u0131 g\u00f6nderim. Yaln\u0131zca ara\u015ft\u0131rma ama\u00e7l\u0131 kullan\u0131m i\u00e7in \u00e7evrimi\u00e7i sipari\u015f verin.","robots":{"index":"index","follow":"follow","max-snippet":"max-snippet:-1","max-image-preview":"max-image-preview:large","max-video-preview":"max-video-preview:-1"},"canonical":"https:\/\/hghpeptideslab.com\/tr\/\u00fcr\u00fcn\/blend-bpc157-5mg-tb500-5mg\/","og_locale":"tr_TR","og_type":"article","og_title":"Blend BPC-157 5mg + TB-500 5mg","og_description":"Factory-direct BPC-157 + TB-500 5mg\/5mg blend: price, vial\/kit specs, secure packaging and fast worldwide shipping. Research-use only\u2014order online.","og_url":"https:\/\/hghpeptideslab.com\/tr\/\u00fcr\u00fcn\/blend-bpc157-5mg-tb500-5mg\/","og_site_name":"HGH Peptides Lab","article_modified_time":"2026-04-12T22:12:20+00:00","og_image":[{"width":800,"height":800,"url":"https:\/\/hghpeptideslab.com\/wp-content\/uploads\/2025\/09\/bpc157-5mgtb500-5mg.jpg","type":"image\/jpeg"}],"twitter_card":"summary_large_image","twitter_misc":{"Tahmini okuma s\u00fcresi":"1 dakika"},"schema":{"@context":"https:\/\/schema.org","@graph":[{"@type":"WebPage","@id":"https:\/\/hghpeptideslab.com\/product\/blend-bpc157-5mg-tb500-5mg\/","url":"https:\/\/hghpeptideslab.com\/product\/blend-bpc157-5mg-tb500-5mg\/","name":"BPC-157 + TB-500 Blend 5mg\/5mg Sat\u0131n Al\u0131n - Fiyat, \u00d6zellikler ve H\u0131zl\u0131 Kargo | HGH Peptides Lab","isPartOf":{"@id":"https:\/\/hghpeptideslab.com\/#website"},"primaryImageOfPage":{"@id":"https:\/\/hghpeptideslab.com\/product\/blend-bpc157-5mg-tb500-5mg\/#primaryimage"},"image":{"@id":"https:\/\/hghpeptideslab.com\/product\/blend-bpc157-5mg-tb500-5mg\/#primaryimage"},"thumbnailUrl":"https:\/\/hghpeptideslab.com\/wp-content\/uploads\/2025\/09\/bpc157-5mgtb500-5mg.jpg","datePublished":"2025-09-02T04:08:09+00:00","dateModified":"2026-04-12T22:12:20+00:00","description":"Fabrika do\u011frudan BPC-157 + TB-500 5mg\/5mg kar\u0131\u015f\u0131m\u0131: fiyat, vial\/kit \u00f6zellikleri, g\u00fcvenli paketleme ve d\u00fcnya \u00e7ap\u0131nda h\u0131zl\u0131 g\u00f6nderim. Yaln\u0131zca ara\u015ft\u0131rma ama\u00e7l\u0131 kullan\u0131m i\u00e7in \u00e7evrimi\u00e7i sipari\u015f verin.","breadcrumb":{"@id":"https:\/\/hghpeptideslab.com\/product\/blend-bpc157-5mg-tb500-5mg\/#breadcrumb"},"inLanguage":"tr","potentialAction":[{"@type":"ReadAction","target":["https:\/\/hghpeptideslab.com\/product\/blend-bpc157-5mg-tb500-5mg\/"]}],"copyrightNotice":"\u00a9 2010\u20132026 HGH Peptides Lab. All Rights Reserved."},{"@type":"ImageObject","inLanguage":"tr","@id":"https:\/\/hghpeptideslab.com\/product\/blend-bpc157-5mg-tb500-5mg\/#primaryimage","url":"https:\/\/hghpeptideslab.com\/wp-content\/uploads\/2025\/09\/bpc157-5mgtb500-5mg.jpg","contentUrl":"https:\/\/hghpeptideslab.com\/wp-content\/uploads\/2025\/09\/bpc157-5mgtb500-5mg.jpg","width":800,"height":800,"caption":"5mg BPC-157 + 5mg TB-500 per vial; 10 vials per kit."},{"@type":"BreadcrumbList","@id":"https:\/\/hghpeptideslab.com\/product\/blend-bpc157-5mg-tb500-5mg\/#breadcrumb","itemListElement":[{"@type":"ListItem","position":1,"name":"Home","item":"https:\/\/hghpeptideslab.com\/"},{"@type":"ListItem","position":2,"name":"Shop","item":"https:\/\/hghpeptideslab.com\/shop\/"},{"@type":"ListItem","position":3,"name":"Blend BPC-157 5mg + TB-500 5mg"}]},{"@type":"WebSite","@id":"https:\/\/hghpeptideslab.com\/#website","url":"https:\/\/hghpeptideslab.com\/","name":"HGH Peptides Lab","description":"Premium Peptides &amp; HGH Ma\u011faza","publisher":{"@id":"https:\/\/hghpeptideslab.com\/#organization"},"potentialAction":[{"@type":"SearchAction","target":{"@type":"EntryPoint","urlTemplate":"https:\/\/hghpeptideslab.com\/?s={search_term_string}"},"query-input":{"@type":"PropertyValueSpecification","valueRequired":true,"valueName":"search_term_string"}}],"inLanguage":"tr"},{"@type":"Organization","@id":"https:\/\/hghpeptideslab.com\/#organization","name":"HGH Peptides Lab","url":"https:\/\/hghpeptideslab.com\/tr\/","logo":{"@type":"ImageObject","url":"https:\/\/hghpeptideslab.com\/wp-content\/uploads\/2025\/07\/HGHPEPTIDESLAB-Logo.png"},"image":{"@id":"https:\/\/hghpeptideslab.com\/#\/schema\/logo\/image\/"},"foundingDate":"2010","contactPoint":[{"@type":"ContactPoint","contactType":"customer support","telephone":"+85247559641","email":"CYGGL2025@gmail.com","availableLanguage":["en"]}]}]}},"_links":{"self":[{"href":"https:\/\/hghpeptideslab.com\/tr\/wp-json\/wp\/v2\/product\/9489","targetHints":{"allow":["GET"]}}],"collection":[{"href":"https:\/\/hghpeptideslab.com\/tr\/wp-json\/wp\/v2\/product"}],"about":[{"href":"https:\/\/hghpeptideslab.com\/tr\/wp-json\/wp\/v2\/types\/product"}],"replies":[{"embeddable":true,"href":"https:\/\/hghpeptideslab.com\/tr\/wp-json\/wp\/v2\/comments?post=9489"}],"wp:featuredmedia":[{"embeddable":true,"href":"https:\/\/hghpeptideslab.com\/tr\/wp-json\/wp\/v2\/media\/9485"}],"wp:attachment":[{"href":"https:\/\/hghpeptideslab.com\/tr\/wp-json\/wp\/v2\/media?parent=9489"}],"wp:term":[{"taxonomy":"product_cat","embeddable":true,"href":"https:\/\/hghpeptideslab.com\/tr\/wp-json\/wp\/v2\/product_cat?post=9489"},{"taxonomy":"product_tag","embeddable":true,"href":"https:\/\/hghpeptideslab.com\/tr\/wp-json\/wp\/v2\/product_tag?post=9489"}],"curies":[{"name":"wp","href":"https:\/\/api.w.org\/{rel}","templated":true}]}}