{"id":9546,"date":"2025-09-02T22:13:30","date_gmt":"2025-09-02T22:13:30","guid":{"rendered":"https:\/\/hghpeptideslab.com\/?post_type=product&#038;p=9546"},"modified":"2026-04-12T21:59:37","modified_gmt":"2026-04-12T21:59:37","slug":"thymosin-alpha-1","status":"publish","type":"product","link":"https:\/\/hghpeptideslab.com\/tr\/product\/thymosin-alpha-1\/","title":{"rendered":"Thymosin Alpha-1 Peptide"},"content":{"rendered":"<h3>Genel Bak\u0131\u015f<\/h3>\n<p>Thymosin Alpha-1 (timalfasin olarak da bilinir) ba\u011f\u0131\u015f\u0131kl\u0131k ve anti-inflamatuar ara\u015ft\u0131rma ba\u011flamlar\u0131nda s\u0131kl\u0131kla referans g\u00f6sterilir. Materyalimiz \u015fu ama\u00e7larla \u00fcretilmi\u015ftir <strong>farmas\u00f6tik s\u0131n\u0131f kalite<\/strong> ile <strong>99%+ safl\u0131k<\/strong>. Dok\u00fcmantasyon talep \u00fczerine temin edilebilir.<\/p>\n<h3>Temel \u00d6zellikler<\/h3>\n<ul>\n<li>Mevcut g\u00fc\u00e7ler: <strong>5 mg<\/strong> &amp; <strong>10 mg<\/strong> vial ba\u015f\u0131na<\/li>\n<li>Kit boyut: <strong>10 vials\/Kit<\/strong><\/li>\n<li>Esnek ara\u015ft\u0131rma protokolleri i\u00e7in White lyophilized powder<\/li>\n<li>Fabrikadan do\u011frudan tutarl\u0131l\u0131k ve g\u00fcvenilir yerine getirme<\/li>\n<\/ul>\n<h3>Tipik Ara\u015ft\u0131rma Odaklar\u0131<\/h3>\n<ul>\n<li>Ba\u011f\u0131\u015f\u0131kl\u0131k mod\u00fclasyonu ve anti-enflamatuar modeller<\/li>\n<li>Endokrin\/peptit-sinyal yola\u011f\u0131 ara\u015ft\u0131rmalar\u0131<\/li>\n<li>Di\u011fer \u00f6zel peptitlerle birlikte kar\u015f\u0131la\u015ft\u0131rmal\u0131 \u00e7al\u0131\u015fmalar<\/li>\n<\/ul>\n<h3>Depolama ve Stabilite<\/h3>\n<ul>\n<li>Kapal\u0131 olarak saklay\u0131n <strong>2-8 \u00b0C<\/strong>\u0131\u015f\u0131k ve nemden korunmal\u0131d\u0131r.<\/li>\n<li>Suland\u0131r\u0131ld\u0131ktan sonra laboratuvar SOP'lerine g\u00f6re derhal kullan\u0131n.<\/li>\n<\/ul>\n<h3>Notlar<\/h3>\n<ul>\n<li>Pharmaceutical-grade quality; 99%+ safl\u0131k.<\/li>\n<li>Dok\u00fcmanlar istek \u00fczerine temin edilebilir.<\/li>\n<li>Sadece laboratuvar ara\u015ft\u0131rmalar\u0131 i\u00e7indir. \u00dcr\u00fcnler t\u0131bbi kullan\u0131m i\u00e7in etiketlenmemi\u015ftir.<\/li>\n<\/ul>","protected":false},"excerpt":{"rendered":"<p><strong>\u0130sim:<\/strong> 99% Purity Thymosin Alpha-1 peptit tozu<br \/>\n<strong>Fonksiyon:<\/strong> Ba\u011f\u0131\u015f\u0131kl\u0131k ve anti-enflamatuar ara\u015ft\u0131rma; endokrin sinyal deste\u011fi<br \/>\n<strong>\u00d6zellikler:<\/strong> vial ba\u015f\u0131na 5 mg &amp; 10 mg; 10 vials\/Kit<br \/>\n<strong>CAS:<\/strong> 62304-98-7<br \/>\n<strong>G\u00f6r\u00fcn\u00fc\u015f:<\/strong> White lyophilized powder<\/p>","protected":false},"featured_media":9541,"comment_status":"open","ping_status":"closed","template":"","meta":[],"product_cat":[60],"product_tag":[159,320,304],"class_list":{"0":"post-9546","1":"product","2":"type-product","3":"status-publish","4":"has-post-thumbnail","6":"product_brand-dp-hghpeptides","7":"product_brand-hgh-peptides-lab","8":"product_cat-specialty-peptides","9":"product_tag-anti-inflammatory-peptides","10":"product_tag-beginner-friendly-peptides","11":"product_tag-thymosin-alpha-1","13":"first","14":"instock","15":"shipping-taxable","16":"purchasable","17":"product-type-variable","18":"has-default-attributes"},"yoast_head":"<!-- This site is optimized with the Yoast SEO Premium plugin v27.5 (Yoast SEO v27.5) - https:\/\/yoast.com\/product\/yoast-seo-premium-wordpress\/ -->\n<title>Thymosin Alpha-1 Peptide 5mg\/10mg \u2014 Price &amp; Wholesale | HGH Peptides Lab \u2014 Factory-Direct China<\/title>\n<meta name=\"description\" content=\"Thymosin Alpha-1 peptide 5mg\/10mg (10 vials\/Kit). 99% purity, pharmaceutical-grade quality. Check price, specs and wholesale options from HGH Peptides Lab \u2014 factory-direct China.\" \/>\n<meta name=\"robots\" content=\"index, follow, max-snippet:-1, max-image-preview:large, max-video-preview:-1\" \/>\n<link rel=\"canonical\" href=\"https:\/\/hghpeptideslab.com\/tr\/\u00fcr\u00fcn\/thymosin-alpha-1\/\" \/>\n<meta property=\"og:locale\" content=\"tr_TR\" \/>\n<meta property=\"og:type\" content=\"article\" \/>\n<meta property=\"og:title\" content=\"Thymosin Alpha-1 Peptide\" \/>\n<meta property=\"og:description\" content=\"Thymosin Alpha-1 peptide 5mg\/10mg (10 vials\/Kit). 99% purity, pharmaceutical-grade quality. Check price, specs and wholesale options from HGH Peptides Lab \u2014 factory-direct China.\" \/>\n<meta property=\"og:url\" content=\"https:\/\/hghpeptideslab.com\/tr\/\u00fcr\u00fcn\/thymosin-alpha-1\/\" \/>\n<meta property=\"og:site_name\" content=\"HGH Peptides Lab\" \/>\n<meta property=\"article:modified_time\" content=\"2026-04-12T21:59:37+00:00\" \/>\n<meta property=\"og:image\" content=\"https:\/\/hghpeptideslab.com\/wp-content\/uploads\/2025\/09\/thymosin-alpha-1-5mg.jpg\" \/>\n\t<meta property=\"og:image:width\" content=\"800\" \/>\n\t<meta property=\"og:image:height\" content=\"800\" \/>\n\t<meta property=\"og:image:type\" content=\"image\/jpeg\" \/>\n<meta name=\"twitter:card\" content=\"summary_large_image\" \/>\n<meta name=\"twitter:label1\" content=\"Tahmini okuma s\u00fcresi\" \/>\n\t<meta name=\"twitter:data1\" content=\"1 dakika\" \/>\n<script type=\"application\/ld+json\" class=\"yoast-schema-graph\">{\"@context\":\"https:\\\/\\\/schema.org\",\"@graph\":[{\"@type\":\"WebPage\",\"@id\":\"https:\\\/\\\/hghpeptideslab.com\\\/product\\\/thymosin-alpha-1\\\/\",\"url\":\"https:\\\/\\\/hghpeptideslab.com\\\/product\\\/thymosin-alpha-1\\\/\",\"name\":\"Thymosin Alpha-1 Peptide 5mg\\\/10mg \u2014 Price & Wholesale | HGH Peptides Lab \u2014 Factory-Direct China\",\"isPartOf\":{\"@id\":\"https:\\\/\\\/hghpeptideslab.com\\\/#website\"},\"primaryImageOfPage\":{\"@id\":\"https:\\\/\\\/hghpeptideslab.com\\\/product\\\/thymosin-alpha-1\\\/#primaryimage\"},\"image\":{\"@id\":\"https:\\\/\\\/hghpeptideslab.com\\\/product\\\/thymosin-alpha-1\\\/#primaryimage\"},\"thumbnailUrl\":\"https:\\\/\\\/hghpeptideslab.com\\\/wp-content\\\/uploads\\\/2025\\\/09\\\/thymosin-alpha-1-5mg.jpg\",\"datePublished\":\"2025-09-02T22:13:30+00:00\",\"dateModified\":\"2026-04-12T21:59:37+00:00\",\"description\":\"Thymosin Alpha-1 peptide 5mg\\\/10mg (10 vials\\\/Kit). 99% purity, pharmaceutical-grade quality. Check price, specs and wholesale options from HGH Peptides Lab \u2014 factory-direct China.\",\"breadcrumb\":{\"@id\":\"https:\\\/\\\/hghpeptideslab.com\\\/product\\\/thymosin-alpha-1\\\/#breadcrumb\"},\"inLanguage\":\"tr\",\"potentialAction\":[{\"@type\":\"ReadAction\",\"target\":[\"https:\\\/\\\/hghpeptideslab.com\\\/product\\\/thymosin-alpha-1\\\/\"]}],\"copyrightNotice\":\"\u00a9 2010\u20132026 HGH Peptides Lab. All Rights Reserved.\"},{\"@type\":\"ImageObject\",\"inLanguage\":\"tr\",\"@id\":\"https:\\\/\\\/hghpeptideslab.com\\\/product\\\/thymosin-alpha-1\\\/#primaryimage\",\"url\":\"https:\\\/\\\/hghpeptideslab.com\\\/wp-content\\\/uploads\\\/2025\\\/09\\\/thymosin-alpha-1-5mg.jpg\",\"contentUrl\":\"https:\\\/\\\/hghpeptideslab.com\\\/wp-content\\\/uploads\\\/2025\\\/09\\\/thymosin-alpha-1-5mg.jpg\",\"width\":800,\"height\":800,\"caption\":\"5 mg per vial; 10 vials per kit (factory-direct).\"},{\"@type\":\"BreadcrumbList\",\"@id\":\"https:\\\/\\\/hghpeptideslab.com\\\/product\\\/thymosin-alpha-1\\\/#breadcrumb\",\"itemListElement\":[{\"@type\":\"ListItem\",\"position\":1,\"name\":\"Home\",\"item\":\"https:\\\/\\\/hghpeptideslab.com\\\/\"},{\"@type\":\"ListItem\",\"position\":2,\"name\":\"Shop\",\"item\":\"https:\\\/\\\/hghpeptideslab.com\\\/shop\\\/\"},{\"@type\":\"ListItem\",\"position\":3,\"name\":\"Thymosin Alpha-1 Peptide\"}]},{\"@type\":\"WebSite\",\"@id\":\"https:\\\/\\\/hghpeptideslab.com\\\/#website\",\"url\":\"https:\\\/\\\/hghpeptideslab.com\\\/\",\"name\":\"HGH Peptides Lab\",\"description\":\"Premium Peptides &amp; HGH Shop\",\"publisher\":{\"@id\":\"https:\\\/\\\/hghpeptideslab.com\\\/#organization\"},\"potentialAction\":[{\"@type\":\"SearchAction\",\"target\":{\"@type\":\"EntryPoint\",\"urlTemplate\":\"https:\\\/\\\/hghpeptideslab.com\\\/?s={search_term_string}\"},\"query-input\":{\"@type\":\"PropertyValueSpecification\",\"valueRequired\":true,\"valueName\":\"search_term_string\"}}],\"inLanguage\":\"tr\"},{\"@type\":\"Organization\",\"@id\":\"https:\\\/\\\/hghpeptideslab.com\\\/#organization\",\"name\":\"HGH Peptides Lab\",\"url\":\"https:\\\/\\\/hghpeptideslab.com\\\/tr\\\/\",\"logo\":{\"@type\":\"ImageObject\",\"url\":\"https:\\\/\\\/hghpeptideslab.com\\\/wp-content\\\/uploads\\\/2025\\\/07\\\/HGHPEPTIDESLAB-Logo.png\"},\"image\":{\"@id\":\"https:\\\/\\\/hghpeptideslab.com\\\/#\\\/schema\\\/logo\\\/image\\\/\"},\"foundingDate\":\"2010\",\"contactPoint\":[{\"@type\":\"ContactPoint\",\"contactType\":\"customer support\",\"telephone\":\"+85247559641\",\"email\":\"CYGGL2025@gmail.com\",\"availableLanguage\":[\"en\"]}]}]}<\/script>\n<!-- \/ Yoast SEO Premium plugin. -->","yoast_head_json":{"title":"Thymosin Alpha-1 Peptide 5mg\/10mg - Fiyat &amp; Toptan | HGH Peptides Lab - Factory-Direct China","description":"Thymosin Alpha-1 peptit 5mg\/10mg (10 vials\/Kit). 99% purity, farmas\u00f6tik s\u0131n\u0131f kalite. HGH Peptides Lab - fabrika do\u011frudan \u00c7in'den fiyat, teknik \u00f6zellikler ve toptan sat\u0131\u015f se\u00e7eneklerini kontrol edin.","robots":{"index":"index","follow":"follow","max-snippet":"max-snippet:-1","max-image-preview":"max-image-preview:large","max-video-preview":"max-video-preview:-1"},"canonical":"https:\/\/hghpeptideslab.com\/tr\/\u00fcr\u00fcn\/thymosin-alpha-1\/","og_locale":"tr_TR","og_type":"article","og_title":"Thymosin Alpha-1 Peptide","og_description":"Thymosin Alpha-1 peptide 5mg\/10mg (10 vials\/Kit). 99% purity, pharmaceutical-grade quality. Check price, specs and wholesale options from HGH Peptides Lab \u2014 factory-direct China.","og_url":"https:\/\/hghpeptideslab.com\/tr\/\u00fcr\u00fcn\/thymosin-alpha-1\/","og_site_name":"HGH Peptides Lab","article_modified_time":"2026-04-12T21:59:37+00:00","og_image":[{"width":800,"height":800,"url":"https:\/\/hghpeptideslab.com\/wp-content\/uploads\/2025\/09\/thymosin-alpha-1-5mg.jpg","type":"image\/jpeg"}],"twitter_card":"summary_large_image","twitter_misc":{"Tahmini okuma s\u00fcresi":"1 dakika"},"schema":{"@context":"https:\/\/schema.org","@graph":[{"@type":"WebPage","@id":"https:\/\/hghpeptideslab.com\/product\/thymosin-alpha-1\/","url":"https:\/\/hghpeptideslab.com\/product\/thymosin-alpha-1\/","name":"Thymosin Alpha-1 Peptide 5mg\/10mg - Fiyat &amp; Toptan | HGH Peptides Lab - Factory-Direct China","isPartOf":{"@id":"https:\/\/hghpeptideslab.com\/#website"},"primaryImageOfPage":{"@id":"https:\/\/hghpeptideslab.com\/product\/thymosin-alpha-1\/#primaryimage"},"image":{"@id":"https:\/\/hghpeptideslab.com\/product\/thymosin-alpha-1\/#primaryimage"},"thumbnailUrl":"https:\/\/hghpeptideslab.com\/wp-content\/uploads\/2025\/09\/thymosin-alpha-1-5mg.jpg","datePublished":"2025-09-02T22:13:30+00:00","dateModified":"2026-04-12T21:59:37+00:00","description":"Thymosin Alpha-1 peptit 5mg\/10mg (10 vials\/Kit). 99% purity, farmas\u00f6tik s\u0131n\u0131f kalite. HGH Peptides Lab - fabrika do\u011frudan \u00c7in'den fiyat, teknik \u00f6zellikler ve toptan sat\u0131\u015f se\u00e7eneklerini kontrol edin.","breadcrumb":{"@id":"https:\/\/hghpeptideslab.com\/product\/thymosin-alpha-1\/#breadcrumb"},"inLanguage":"tr","potentialAction":[{"@type":"ReadAction","target":["https:\/\/hghpeptideslab.com\/product\/thymosin-alpha-1\/"]}],"copyrightNotice":"\u00a9 2010\u20132026 HGH Peptides Lab. All Rights Reserved."},{"@type":"ImageObject","inLanguage":"tr","@id":"https:\/\/hghpeptideslab.com\/product\/thymosin-alpha-1\/#primaryimage","url":"https:\/\/hghpeptideslab.com\/wp-content\/uploads\/2025\/09\/thymosin-alpha-1-5mg.jpg","contentUrl":"https:\/\/hghpeptideslab.com\/wp-content\/uploads\/2025\/09\/thymosin-alpha-1-5mg.jpg","width":800,"height":800,"caption":"5 mg per vial; 10 vials per kit (factory-direct)."},{"@type":"BreadcrumbList","@id":"https:\/\/hghpeptideslab.com\/product\/thymosin-alpha-1\/#breadcrumb","itemListElement":[{"@type":"ListItem","position":1,"name":"Home","item":"https:\/\/hghpeptideslab.com\/"},{"@type":"ListItem","position":2,"name":"Shop","item":"https:\/\/hghpeptideslab.com\/shop\/"},{"@type":"ListItem","position":3,"name":"Thymosin Alpha-1 Peptide"}]},{"@type":"WebSite","@id":"https:\/\/hghpeptideslab.com\/#website","url":"https:\/\/hghpeptideslab.com\/","name":"HGH Peptides Lab","description":"Premium Peptides &amp; HGH Ma\u011faza","publisher":{"@id":"https:\/\/hghpeptideslab.com\/#organization"},"potentialAction":[{"@type":"SearchAction","target":{"@type":"EntryPoint","urlTemplate":"https:\/\/hghpeptideslab.com\/?s={search_term_string}"},"query-input":{"@type":"PropertyValueSpecification","valueRequired":true,"valueName":"search_term_string"}}],"inLanguage":"tr"},{"@type":"Organization","@id":"https:\/\/hghpeptideslab.com\/#organization","name":"HGH Peptides Lab","url":"https:\/\/hghpeptideslab.com\/tr\/","logo":{"@type":"ImageObject","url":"https:\/\/hghpeptideslab.com\/wp-content\/uploads\/2025\/07\/HGHPEPTIDESLAB-Logo.png"},"image":{"@id":"https:\/\/hghpeptideslab.com\/#\/schema\/logo\/image\/"},"foundingDate":"2010","contactPoint":[{"@type":"ContactPoint","contactType":"customer support","telephone":"+85247559641","email":"CYGGL2025@gmail.com","availableLanguage":["en"]}]}]}},"_links":{"self":[{"href":"https:\/\/hghpeptideslab.com\/tr\/wp-json\/wp\/v2\/product\/9546","targetHints":{"allow":["GET"]}}],"collection":[{"href":"https:\/\/hghpeptideslab.com\/tr\/wp-json\/wp\/v2\/product"}],"about":[{"href":"https:\/\/hghpeptideslab.com\/tr\/wp-json\/wp\/v2\/types\/product"}],"replies":[{"embeddable":true,"href":"https:\/\/hghpeptideslab.com\/tr\/wp-json\/wp\/v2\/comments?post=9546"}],"wp:featuredmedia":[{"embeddable":true,"href":"https:\/\/hghpeptideslab.com\/tr\/wp-json\/wp\/v2\/media\/9541"}],"wp:attachment":[{"href":"https:\/\/hghpeptideslab.com\/tr\/wp-json\/wp\/v2\/media?parent=9546"}],"wp:term":[{"taxonomy":"product_cat","embeddable":true,"href":"https:\/\/hghpeptideslab.com\/tr\/wp-json\/wp\/v2\/product_cat?post=9546"},{"taxonomy":"product_tag","embeddable":true,"href":"https:\/\/hghpeptideslab.com\/tr\/wp-json\/wp\/v2\/product_tag?post=9546"}],"curies":[{"name":"wp","href":"https:\/\/api.w.org\/{rel}","templated":true}]}}