{"id":9554,"date":"2025-09-02T22:41:59","date_gmt":"2025-09-02T22:41:59","guid":{"rendered":"https:\/\/hghpeptideslab.com\/?post_type=product&#038;p=9554"},"modified":"2025-10-23T01:23:37","modified_gmt":"2025-10-23T01:23:37","slug":"blend-tb-500-10mg-bpc-157-10mg-ghk-cu-50mg","status":"publish","type":"product","link":"https:\/\/hghpeptideslab.com\/tr\/product\/blend-tb-500-10mg-bpc-157-10mg-ghk-cu-50mg\/","title":{"rendered":"Blend TB-500 10mg + BPC-157 10mg + GHK-Cu 50mg"},"content":{"rendered":"<h3>Genel Bak\u0131\u015f<\/h3>\n<p>Bu \u00fc\u00e7l\u00fc kar\u0131\u015f\u0131m \u015funlar\u0131 birle\u015ftirir <strong>TB-500 (10 mg)<\/strong>, <strong>BPC-157 (10 mg)<\/strong>ve <strong>GHK-Cu (50 mg)<\/strong> doku, tendon\/ligament ve cilt destek ara\u015ft\u0131rmalar\u0131 i\u00e7in s\u0131kl\u0131kla ba\u015fvurulan tek bir vial'de. \u015eunlar i\u00e7in \u00fcretilmi\u015ftir <strong>farmas\u00f6tik s\u0131n\u0131f kalite<\/strong> ile <strong>99%+ safl\u0131k<\/strong>. Belgeler talep \u00fczerine temin edilebilir.<\/p>\n<h3>Temel \u00d6zellikler<\/h3>\n<ul>\n<li>vial ba\u015f\u0131na: <strong>TB-500 10 mg + BPC-157 10 mg + GHK-Cu 50 mg<\/strong><\/li>\n<li>Kit boyut: <strong>10 vials\/Kit<\/strong><\/li>\n<li>Esnek protokoller i\u00e7in Copper Blue lyophilized powder<\/li>\n<li>Fabrikadan do\u011frudan tutarl\u0131l\u0131k ve g\u00fcvenilir yerine getirme<\/li>\n<\/ul>\n<h3>Tipik Ara\u015ft\u0131rma Odaklar\u0131<\/h3>\n<ul>\n<li>Tendon\/ligament ve eklem iyile\u015fme modelleri<\/li>\n<li>Kas onar\u0131m\u0131 ve egzersiz sonras\u0131 toparlanma \u00e7al\u0131\u015fmalar\u0131<\/li>\n<li>Cilt\/kolajen ve kozmetik destek ara\u015ft\u0131rmalar\u0131<\/li>\n<\/ul>\n<h3>Depolama ve Stabilite<\/h3>\n<ul>\n<li>Kapal\u0131 olarak saklay\u0131n <strong>2-8 \u00b0C<\/strong>\u0131\u015f\u0131k ve nemden korunur<\/li>\n<li>Suland\u0131r\u0131ld\u0131ktan sonra, yerel laboratuvar SOP'lar\u0131na g\u00f6re derhal kullan\u0131n<\/li>\n<\/ul>\n<h3>Notlar<\/h3>\n<ul>\n<li>Pharmaceutical-grade quality; 99%+ safl\u0131k<\/li>\n<li>Dok\u00fcmanlar istek \u00fczerine temin edilebilir<\/li>\n<li>Sadece laboratuvar ara\u015ft\u0131rmalar\u0131 i\u00e7indir. \u00dcr\u00fcnler t\u0131bbi kullan\u0131m i\u00e7in etiketlenmemi\u015ftir.<\/li>\n<\/ul>","protected":false},"excerpt":{"rendered":"<p><strong>\u0130sim:<\/strong> 99% Purity TB-500 + BPC-157 + GHK-Cu peptit kar\u0131\u015f\u0131m\u0131 (10 mg + 10 mg + 50 mg)<br \/>\n<strong>Fonksiyon:<\/strong> Tendon ve eklem deste\u011fi; kas iyile\u015fmesi; cilt\/kolajen ara\u015ft\u0131rmas\u0131<br \/>\n<strong>\u00d6zellikler:<\/strong> vial ba\u015f\u0131na 10 mg + 10 mg + 50 mg; 10 vials\/Kit<br \/>\n<strong>CAS:<\/strong> BPC-157: 137525-51-0; Timozin \u03b24 (TB-500): 77591-33-4; GHK-Cu: 49557-75-7<br \/>\n<strong>G\u00f6r\u00fcn\u00fc\u015f:<\/strong> Copper Blue lyophilized powder<\/p>","protected":false},"featured_media":9550,"comment_status":"open","ping_status":"closed","template":"","meta":[],"product_cat":[56,51],"product_tag":[305,120,139,165,317,121,315],"class_list":{"0":"post-9554","1":"product","2":"type-product","3":"status-publish","4":"has-post-thumbnail","6":"product_brand-dp-hghpeptides","7":"product_brand-hgh-peptides-lab","8":"product_cat-cosmetic-peptides","9":"product_cat-peptides-for-healing","10":"product_tag-blend-tb-500-10mg-bpc-157-10mg-ghk-cu-50mg","11":"product_tag-bpc-157","12":"product_tag-ghk-cu","13":"product_tag-skin-beauty-peptides","14":"product_tag-skin-cosmetic-peptides","15":"product_tag-tb-500","16":"product_tag-tendon-joint-support-peptides","18":"first","19":"instock","20":"shipping-taxable","21":"purchasable","22":"product-type-simple"},"yoast_head":"<!-- This site is optimized with the Yoast SEO Premium plugin v27.3 (Yoast SEO v27.3) - https:\/\/yoast.com\/product\/yoast-seo-premium-wordpress\/ -->\n<title>TB-500 + BPC-157 + GHK-Cu Blend (10mg\/10mg\/50mg) \u2014 Price &amp; Wholesale | HGH Peptides Lab \u2014 Factory-Direct Selling<\/title>\n<meta name=\"description\" content=\"TB-500 + BPC-157 + GHK-Cu blend (10mg\/10mg\/50mg), 10 vials\/Kit. 99% purity, pharmaceutical-grade. Check price, specs and wholesale from HGH Peptides Lab \u2014 factory-direct China.\" \/>\n<meta name=\"robots\" content=\"index, follow, max-snippet:-1, max-image-preview:large, max-video-preview:-1\" \/>\n<link rel=\"canonical\" href=\"https:\/\/hghpeptideslab.com\/tr\/\u00fcr\u00fcn\/blend-tb-500-10mg-bpc-157-10mg-ghk-cu-50mg\/\" \/>\n<meta property=\"og:locale\" content=\"tr_TR\" \/>\n<meta property=\"og:type\" content=\"article\" \/>\n<meta property=\"og:title\" content=\"Blend TB-500 10mg + BPC-157 10mg + GHK-Cu 50mg\" \/>\n<meta property=\"og:description\" content=\"TB-500 + BPC-157 + GHK-Cu blend (10mg\/10mg\/50mg), 10 vials\/Kit. 99% purity, pharmaceutical-grade. Check price, specs and wholesale from HGH Peptides Lab \u2014 factory-direct China.\" \/>\n<meta property=\"og:url\" content=\"https:\/\/hghpeptideslab.com\/tr\/\u00fcr\u00fcn\/blend-tb-500-10mg-bpc-157-10mg-ghk-cu-50mg\/\" \/>\n<meta property=\"og:site_name\" content=\"HGH Peptides Lab\" \/>\n<meta property=\"article:modified_time\" content=\"2025-10-23T01:23:37+00:00\" \/>\n<meta property=\"og:image\" content=\"https:\/\/hghpeptideslab.com\/wp-content\/uploads\/2025\/09\/tb500-10mgbpc157-10mgghk-cu-50mg.jpg\" \/>\n\t<meta property=\"og:image:width\" content=\"800\" \/>\n\t<meta property=\"og:image:height\" content=\"800\" \/>\n\t<meta property=\"og:image:type\" content=\"image\/jpeg\" \/>\n<meta name=\"twitter:card\" content=\"summary_large_image\" \/>\n<meta name=\"twitter:label1\" content=\"Tahmini okuma s\u00fcresi\" \/>\n\t<meta name=\"twitter:data1\" content=\"1 dakika\" \/>\n<script type=\"application\/ld+json\" class=\"yoast-schema-graph\">{\"@context\":\"https:\\\/\\\/schema.org\",\"@graph\":[{\"@type\":\"WebPage\",\"@id\":\"https:\\\/\\\/hghpeptideslab.com\\\/product\\\/blend-tb-500-10mg-bpc-157-10mg-ghk-cu-50mg\\\/\",\"url\":\"https:\\\/\\\/hghpeptideslab.com\\\/product\\\/blend-tb-500-10mg-bpc-157-10mg-ghk-cu-50mg\\\/\",\"name\":\"TB-500 + BPC-157 + GHK-Cu Blend (10mg\\\/10mg\\\/50mg) \u2014 Price & Wholesale | HGH Peptides Lab \u2014 Factory-Direct Selling\",\"isPartOf\":{\"@id\":\"https:\\\/\\\/hghpeptideslab.com\\\/#website\"},\"primaryImageOfPage\":{\"@id\":\"https:\\\/\\\/hghpeptideslab.com\\\/product\\\/blend-tb-500-10mg-bpc-157-10mg-ghk-cu-50mg\\\/#primaryimage\"},\"image\":{\"@id\":\"https:\\\/\\\/hghpeptideslab.com\\\/product\\\/blend-tb-500-10mg-bpc-157-10mg-ghk-cu-50mg\\\/#primaryimage\"},\"thumbnailUrl\":\"https:\\\/\\\/hghpeptideslab.com\\\/wp-content\\\/uploads\\\/2025\\\/09\\\/tb500-10mgbpc157-10mgghk-cu-50mg.jpg\",\"datePublished\":\"2025-09-02T22:41:59+00:00\",\"dateModified\":\"2025-10-23T01:23:37+00:00\",\"description\":\"TB-500 + BPC-157 + GHK-Cu blend (10mg\\\/10mg\\\/50mg), 10 vials\\\/Kit. 99% purity, pharmaceutical-grade. Check price, specs and wholesale from HGH Peptides Lab \u2014 factory-direct China.\",\"breadcrumb\":{\"@id\":\"https:\\\/\\\/hghpeptideslab.com\\\/product\\\/blend-tb-500-10mg-bpc-157-10mg-ghk-cu-50mg\\\/#breadcrumb\"},\"inLanguage\":\"tr\",\"potentialAction\":[{\"@type\":\"ReadAction\",\"target\":[\"https:\\\/\\\/hghpeptideslab.com\\\/product\\\/blend-tb-500-10mg-bpc-157-10mg-ghk-cu-50mg\\\/\"]}],\"copyrightNotice\":\"\u00a9 2010\u20132026 HGH Peptides Lab. All Rights Reserved.\"},{\"@type\":\"ImageObject\",\"inLanguage\":\"tr\",\"@id\":\"https:\\\/\\\/hghpeptideslab.com\\\/product\\\/blend-tb-500-10mg-bpc-157-10mg-ghk-cu-50mg\\\/#primaryimage\",\"url\":\"https:\\\/\\\/hghpeptideslab.com\\\/wp-content\\\/uploads\\\/2025\\\/09\\\/tb500-10mgbpc157-10mgghk-cu-50mg.jpg\",\"contentUrl\":\"https:\\\/\\\/hghpeptideslab.com\\\/wp-content\\\/uploads\\\/2025\\\/09\\\/tb500-10mgbpc157-10mgghk-cu-50mg.jpg\",\"width\":800,\"height\":800,\"caption\":\"Per vial: 10mg + 10mg + 50mg; 10 vials\\\/Kit (factory-direct).\"},{\"@type\":\"BreadcrumbList\",\"@id\":\"https:\\\/\\\/hghpeptideslab.com\\\/product\\\/blend-tb-500-10mg-bpc-157-10mg-ghk-cu-50mg\\\/#breadcrumb\",\"itemListElement\":[{\"@type\":\"ListItem\",\"position\":1,\"name\":\"Home\",\"item\":\"https:\\\/\\\/hghpeptideslab.com\\\/\"},{\"@type\":\"ListItem\",\"position\":2,\"name\":\"Shop\",\"item\":\"https:\\\/\\\/hghpeptideslab.com\\\/shop\\\/\"},{\"@type\":\"ListItem\",\"position\":3,\"name\":\"Blend TB-500 10mg + BPC-157 10mg + GHK-Cu 50mg\"}]},{\"@type\":\"WebSite\",\"@id\":\"https:\\\/\\\/hghpeptideslab.com\\\/#website\",\"url\":\"https:\\\/\\\/hghpeptideslab.com\\\/\",\"name\":\"HGH Peptides Lab\",\"description\":\"Premium Peptides &amp; HGH Shop\",\"publisher\":{\"@id\":\"https:\\\/\\\/hghpeptideslab.com\\\/#organization\"},\"potentialAction\":[{\"@type\":\"SearchAction\",\"target\":{\"@type\":\"EntryPoint\",\"urlTemplate\":\"https:\\\/\\\/hghpeptideslab.com\\\/?s={search_term_string}\"},\"query-input\":{\"@type\":\"PropertyValueSpecification\",\"valueRequired\":true,\"valueName\":\"search_term_string\"}}],\"inLanguage\":\"tr\"},{\"@type\":\"Organization\",\"@id\":\"https:\\\/\\\/hghpeptideslab.com\\\/#organization\",\"name\":\"HGH Peptides Lab\",\"url\":\"https:\\\/\\\/hghpeptideslab.com\\\/tr\\\/\",\"logo\":{\"@type\":\"ImageObject\",\"url\":\"https:\\\/\\\/hghpeptideslab.com\\\/wp-content\\\/uploads\\\/2025\\\/07\\\/HGHPEPTIDESLAB-Logo.png\"},\"image\":{\"@id\":\"https:\\\/\\\/hghpeptideslab.com\\\/#\\\/schema\\\/logo\\\/image\\\/\"},\"foundingDate\":\"2010\",\"contactPoint\":[{\"@type\":\"ContactPoint\",\"contactType\":\"customer support\",\"telephone\":\"+85247559641\",\"email\":\"CYGGL2025@gmail.com\",\"availableLanguage\":[\"en\"]}]}]}<\/script>\n<!-- \/ Yoast SEO Premium plugin. -->","yoast_head_json":{"title":"TB-500 + BPC-157 + GHK-Cu Blend (10mg\/10mg\/50mg) - Fiyat &amp; Toptan Sat\u0131\u015f | HGH Peptides Lab - Fabrika Do\u011frudan Sat\u0131\u015f","description":"TB-500 + BPC-157 + GHK-Cu kar\u0131\u015f\u0131m\u0131 (10mg\/10mg\/50mg), 10 adet vials\/Kit. 99% purity, farmas\u00f6tik s\u0131n\u0131f. HGH Peptides Lab - fabrika do\u011frudan \u00c7in'den fiyat\u0131, \u00f6zellikleri ve toptan sat\u0131\u015f\u0131 kontrol edin.","robots":{"index":"index","follow":"follow","max-snippet":"max-snippet:-1","max-image-preview":"max-image-preview:large","max-video-preview":"max-video-preview:-1"},"canonical":"https:\/\/hghpeptideslab.com\/tr\/\u00fcr\u00fcn\/blend-tb-500-10mg-bpc-157-10mg-ghk-cu-50mg\/","og_locale":"tr_TR","og_type":"article","og_title":"Blend TB-500 10mg + BPC-157 10mg + GHK-Cu 50mg","og_description":"TB-500 + BPC-157 + GHK-Cu blend (10mg\/10mg\/50mg), 10 vials\/Kit. 99% purity, pharmaceutical-grade. Check price, specs and wholesale from HGH Peptides Lab \u2014 factory-direct China.","og_url":"https:\/\/hghpeptideslab.com\/tr\/\u00fcr\u00fcn\/blend-tb-500-10mg-bpc-157-10mg-ghk-cu-50mg\/","og_site_name":"HGH Peptides Lab","article_modified_time":"2025-10-23T01:23:37+00:00","og_image":[{"width":800,"height":800,"url":"https:\/\/hghpeptideslab.com\/wp-content\/uploads\/2025\/09\/tb500-10mgbpc157-10mgghk-cu-50mg.jpg","type":"image\/jpeg"}],"twitter_card":"summary_large_image","twitter_misc":{"Tahmini okuma s\u00fcresi":"1 dakika"},"schema":{"@context":"https:\/\/schema.org","@graph":[{"@type":"WebPage","@id":"https:\/\/hghpeptideslab.com\/product\/blend-tb-500-10mg-bpc-157-10mg-ghk-cu-50mg\/","url":"https:\/\/hghpeptideslab.com\/product\/blend-tb-500-10mg-bpc-157-10mg-ghk-cu-50mg\/","name":"TB-500 + BPC-157 + GHK-Cu Blend (10mg\/10mg\/50mg) - Fiyat &amp; Toptan Sat\u0131\u015f | HGH Peptides Lab - Fabrika Do\u011frudan Sat\u0131\u015f","isPartOf":{"@id":"https:\/\/hghpeptideslab.com\/#website"},"primaryImageOfPage":{"@id":"https:\/\/hghpeptideslab.com\/product\/blend-tb-500-10mg-bpc-157-10mg-ghk-cu-50mg\/#primaryimage"},"image":{"@id":"https:\/\/hghpeptideslab.com\/product\/blend-tb-500-10mg-bpc-157-10mg-ghk-cu-50mg\/#primaryimage"},"thumbnailUrl":"https:\/\/hghpeptideslab.com\/wp-content\/uploads\/2025\/09\/tb500-10mgbpc157-10mgghk-cu-50mg.jpg","datePublished":"2025-09-02T22:41:59+00:00","dateModified":"2025-10-23T01:23:37+00:00","description":"TB-500 + BPC-157 + GHK-Cu kar\u0131\u015f\u0131m\u0131 (10mg\/10mg\/50mg), 10 adet vials\/Kit. 99% purity, farmas\u00f6tik s\u0131n\u0131f. HGH Peptides Lab - fabrika do\u011frudan \u00c7in'den fiyat\u0131, \u00f6zellikleri ve toptan sat\u0131\u015f\u0131 kontrol edin.","breadcrumb":{"@id":"https:\/\/hghpeptideslab.com\/product\/blend-tb-500-10mg-bpc-157-10mg-ghk-cu-50mg\/#breadcrumb"},"inLanguage":"tr","potentialAction":[{"@type":"ReadAction","target":["https:\/\/hghpeptideslab.com\/product\/blend-tb-500-10mg-bpc-157-10mg-ghk-cu-50mg\/"]}],"copyrightNotice":"\u00a9 2010\u20132026 HGH Peptides Lab. All Rights Reserved."},{"@type":"ImageObject","inLanguage":"tr","@id":"https:\/\/hghpeptideslab.com\/product\/blend-tb-500-10mg-bpc-157-10mg-ghk-cu-50mg\/#primaryimage","url":"https:\/\/hghpeptideslab.com\/wp-content\/uploads\/2025\/09\/tb500-10mgbpc157-10mgghk-cu-50mg.jpg","contentUrl":"https:\/\/hghpeptideslab.com\/wp-content\/uploads\/2025\/09\/tb500-10mgbpc157-10mgghk-cu-50mg.jpg","width":800,"height":800,"caption":"Per vial: 10mg + 10mg + 50mg; 10 vials\/Kit (factory-direct)."},{"@type":"BreadcrumbList","@id":"https:\/\/hghpeptideslab.com\/product\/blend-tb-500-10mg-bpc-157-10mg-ghk-cu-50mg\/#breadcrumb","itemListElement":[{"@type":"ListItem","position":1,"name":"Home","item":"https:\/\/hghpeptideslab.com\/"},{"@type":"ListItem","position":2,"name":"Shop","item":"https:\/\/hghpeptideslab.com\/shop\/"},{"@type":"ListItem","position":3,"name":"Blend TB-500 10mg + BPC-157 10mg + GHK-Cu 50mg"}]},{"@type":"WebSite","@id":"https:\/\/hghpeptideslab.com\/#website","url":"https:\/\/hghpeptideslab.com\/","name":"HGH Peptides Lab","description":"Premium Peptides &amp; HGH Ma\u011faza","publisher":{"@id":"https:\/\/hghpeptideslab.com\/#organization"},"potentialAction":[{"@type":"SearchAction","target":{"@type":"EntryPoint","urlTemplate":"https:\/\/hghpeptideslab.com\/?s={search_term_string}"},"query-input":{"@type":"PropertyValueSpecification","valueRequired":true,"valueName":"search_term_string"}}],"inLanguage":"tr"},{"@type":"Organization","@id":"https:\/\/hghpeptideslab.com\/#organization","name":"HGH Peptides Lab","url":"https:\/\/hghpeptideslab.com\/tr\/","logo":{"@type":"ImageObject","url":"https:\/\/hghpeptideslab.com\/wp-content\/uploads\/2025\/07\/HGHPEPTIDESLAB-Logo.png"},"image":{"@id":"https:\/\/hghpeptideslab.com\/#\/schema\/logo\/image\/"},"foundingDate":"2010","contactPoint":[{"@type":"ContactPoint","contactType":"customer support","telephone":"+85247559641","email":"CYGGL2025@gmail.com","availableLanguage":["en"]}]}]}},"_links":{"self":[{"href":"https:\/\/hghpeptideslab.com\/tr\/wp-json\/wp\/v2\/product\/9554","targetHints":{"allow":["GET"]}}],"collection":[{"href":"https:\/\/hghpeptideslab.com\/tr\/wp-json\/wp\/v2\/product"}],"about":[{"href":"https:\/\/hghpeptideslab.com\/tr\/wp-json\/wp\/v2\/types\/product"}],"replies":[{"embeddable":true,"href":"https:\/\/hghpeptideslab.com\/tr\/wp-json\/wp\/v2\/comments?post=9554"}],"wp:featuredmedia":[{"embeddable":true,"href":"https:\/\/hghpeptideslab.com\/tr\/wp-json\/wp\/v2\/media\/9550"}],"wp:attachment":[{"href":"https:\/\/hghpeptideslab.com\/tr\/wp-json\/wp\/v2\/media?parent=9554"}],"wp:term":[{"taxonomy":"product_cat","embeddable":true,"href":"https:\/\/hghpeptideslab.com\/tr\/wp-json\/wp\/v2\/product_cat?post=9554"},{"taxonomy":"product_tag","embeddable":true,"href":"https:\/\/hghpeptideslab.com\/tr\/wp-json\/wp\/v2\/product_tag?post=9554"}],"curies":[{"name":"wp","href":"https:\/\/api.w.org\/{rel}","templated":true}]}}