{"id":9576,"date":"2025-09-03T00:58:32","date_gmt":"2025-09-03T00:58:32","guid":{"rendered":"https:\/\/hghpeptideslab.com\/?post_type=product&#038;p=9576"},"modified":"2025-10-22T19:56:08","modified_gmt":"2025-10-22T19:56:08","slug":"ll-37","status":"publish","type":"product","link":"https:\/\/hghpeptideslab.com\/tr\/product\/ll-37\/","title":{"rendered":"LL-37 Peptide"},"content":{"rendered":"<h3>Genel Bak\u0131\u015f<\/h3>\n<p>\n  LL-37, antimikrobiyal ve yara iyile\u015ftirme ara\u015ft\u0131rmalar\u0131nda tart\u0131\u015f\u0131lan bir katelisidin peptididir.<br \/>\n  Beyaz lyophilized powder ile birlikte verilir <strong>99%+ safl\u0131k<\/strong> ve<br \/>\n  <strong>farmas\u00f6tik s\u0131n\u0131f kalite<\/strong>Esnek laboratuvar i\u015f ak\u0131\u015flar\u0131 i\u00e7in uygundur.\n<\/p>\n<h3>Temel \u00d6zellikler<\/h3>\n<ul>\n<li>vial'ye g\u00f6re g\u00fc\u00e7: <strong>5 mg<\/strong><\/li>\n<li>Kit boyut: <strong>10 vials\/Kit<\/strong><\/li>\n<li>Form: beyaz <strong>lyophilized powder<\/strong><\/li>\n<li>Tutarl\u0131 parti kalitesi ile \u00c7in'den fabrika do\u011frudan tedarik<\/li>\n<\/ul>\n<h3>Tipik Ara\u015ft\u0131rma Odaklar\u0131<\/h3>\n<ul>\n<li>Antimikrobiyal aktivite ve bariyer b\u00fct\u00fcnl\u00fc\u011f\u00fc modelleri<\/li>\n<li>Yara iyile\u015fmesi ve cilt bak\u0131m\u0131 ile ilgili incelemeler<\/li>\n<li>Enflamasyon mod\u00fclasyonu ve epitelyal destek tart\u0131\u015fmalar\u0131<\/li>\n<\/ul>\n<h3>Ta\u015f\u0131ma ve Depolama<\/h3>\n<ul>\n<li>Kapal\u0131 olarak saklay\u0131n <strong>2-8 \u00b0C<\/strong>\u0131\u015f\u0131k ve nemden korunur<\/li>\n<li>Uygun seyreltici ile suland\u0131r\u0131n; vial duvar\u0131 boyunca hafif\u00e7e d\u00f6nd\u00fcr\u00fcn<\/li>\n<li>Suland\u0131r\u0131ld\u0131ktan sonra so\u011futun ve yerel SOP'lara g\u00f6re derhal kullan\u0131n<\/li>\n<\/ul>\n<h3>Paketleme ve Nakliye<\/h3>\n<ul>\n<li>Koruyucu ihracat ambalaj\u0131 ile fabrikada do\u011frudan yerine getirme<\/li>\n<li><strong>$500+<\/strong> sipari\u015fler \u2192 <strong>D\u00fcnya \u00e7ap\u0131nda \u00fccretsiz g\u00f6nderim<\/strong> (<a href=\"\/tr\/shipping-policy\/\">Ayr\u0131nt\u0131lara bak\u0131n<\/a>)<\/li>\n<\/ul>\n<h3>Notlar<\/h3>\n<ul>\n<li>Eczane tarz\u0131 standartlara g\u00f6re \u00fcretilmi\u015ftir (farmas\u00f6tik s\u0131n\u0131f kalite)<\/li>\n<li>Yaln\u0131zca laboratuvar ara\u015ft\u0131rmalar\u0131 i\u00e7indir; \u00fcr\u00fcnler t\u0131bbi kullan\u0131m i\u00e7in etiketlenmemi\u015ftir<\/li>\n<\/ul>","protected":false},"excerpt":{"rendered":"<p><strong>\u0130sim:<\/strong> 99% Purity LL-37 peptit tozu<br \/>\n<strong>Fonksiyon:<\/strong> Antimikrobiyal; yara iyile\u015fmesi ve cilt deste\u011fi<br \/>\n<strong>\u00d6zellikler:<\/strong> vial ba\u015f\u0131na 5 mg; 10 vials\/Kit<br \/>\n<strong>CAS:<\/strong> 154947-66-7<br \/>\n<strong>G\u00f6r\u00fcn\u00fc\u015f:<\/strong> White lyophilized powder<\/p>","protected":false},"featured_media":9572,"comment_status":"open","ping_status":"closed","template":"","meta":[],"product_cat":[51,60],"product_tag":[159,309,317],"class_list":{"0":"post-9576","1":"product","2":"type-product","3":"status-publish","4":"has-post-thumbnail","6":"product_brand-dp-hghpeptides","7":"product_brand-hgh-peptides-lab","8":"product_cat-peptides-for-healing","9":"product_cat-specialty-peptides","10":"product_tag-anti-inflammatory-peptides","11":"product_tag-ll-37","12":"product_tag-skin-cosmetic-peptides","14":"first","15":"instock","16":"shipping-taxable","17":"purchasable","18":"product-type-simple"},"yoast_head":"<!-- This site is optimized with the Yoast SEO Premium plugin v27.5 (Yoast SEO v27.5) - https:\/\/yoast.com\/product\/yoast-seo-premium-wordpress\/ -->\n<title>LL-37 Peptide 5mg | HGH Peptides Lab \u2014 Factory-Direct (China)<\/title>\n<meta name=\"description\" content=\"LL-37 peptide 5mg\/vial, 10 vials\/Kit. 99% purity, pharmaceutical-grade quality. Factory-direct from China with fast shipping. See price, specs and buying tips.\" \/>\n<meta name=\"robots\" content=\"index, follow, max-snippet:-1, max-image-preview:large, max-video-preview:-1\" \/>\n<link rel=\"canonical\" href=\"https:\/\/hghpeptideslab.com\/tr\/\u00fcr\u00fcn\/ll-37\/\" \/>\n<meta property=\"og:locale\" content=\"tr_TR\" \/>\n<meta property=\"og:type\" content=\"article\" \/>\n<meta property=\"og:title\" content=\"LL-37 Peptide\" \/>\n<meta property=\"og:description\" content=\"LL-37 peptide 5mg\/vial, 10 vials\/Kit. 99% purity, pharmaceutical-grade quality. Factory-direct from China with fast shipping. See price, specs and buying tips.\" \/>\n<meta property=\"og:url\" content=\"https:\/\/hghpeptideslab.com\/tr\/\u00fcr\u00fcn\/ll-37\/\" \/>\n<meta property=\"og:site_name\" content=\"HGH Peptides Lab\" \/>\n<meta property=\"article:modified_time\" content=\"2025-10-22T19:56:08+00:00\" \/>\n<meta property=\"og:image\" content=\"https:\/\/hghpeptideslab.com\/wp-content\/uploads\/2025\/09\/ll-37-5mg.jpg\" \/>\n\t<meta property=\"og:image:width\" content=\"800\" \/>\n\t<meta property=\"og:image:height\" content=\"800\" \/>\n\t<meta property=\"og:image:type\" content=\"image\/jpeg\" \/>\n<meta name=\"twitter:card\" content=\"summary_large_image\" \/>\n<meta name=\"twitter:label1\" content=\"Tahmini okuma s\u00fcresi\" \/>\n\t<meta name=\"twitter:data1\" content=\"1 dakika\" \/>\n<script type=\"application\/ld+json\" class=\"yoast-schema-graph\">{\"@context\":\"https:\\\/\\\/schema.org\",\"@graph\":[{\"@type\":\"WebPage\",\"@id\":\"https:\\\/\\\/hghpeptideslab.com\\\/product\\\/ll-37\\\/\",\"url\":\"https:\\\/\\\/hghpeptideslab.com\\\/product\\\/ll-37\\\/\",\"name\":\"LL-37 Peptide 5mg | HGH Peptides Lab \u2014 Factory-Direct (China)\",\"isPartOf\":{\"@id\":\"https:\\\/\\\/hghpeptideslab.com\\\/#website\"},\"primaryImageOfPage\":{\"@id\":\"https:\\\/\\\/hghpeptideslab.com\\\/product\\\/ll-37\\\/#primaryimage\"},\"image\":{\"@id\":\"https:\\\/\\\/hghpeptideslab.com\\\/product\\\/ll-37\\\/#primaryimage\"},\"thumbnailUrl\":\"https:\\\/\\\/hghpeptideslab.com\\\/wp-content\\\/uploads\\\/2025\\\/09\\\/ll-37-5mg.jpg\",\"datePublished\":\"2025-09-03T00:58:32+00:00\",\"dateModified\":\"2025-10-22T19:56:08+00:00\",\"description\":\"LL-37 peptide 5mg\\\/vial, 10 vials\\\/Kit. 99% purity, pharmaceutical-grade quality. Factory-direct from China with fast shipping. See price, specs and buying tips.\",\"breadcrumb\":{\"@id\":\"https:\\\/\\\/hghpeptideslab.com\\\/product\\\/ll-37\\\/#breadcrumb\"},\"inLanguage\":\"tr\",\"potentialAction\":[{\"@type\":\"ReadAction\",\"target\":[\"https:\\\/\\\/hghpeptideslab.com\\\/product\\\/ll-37\\\/\"]}],\"copyrightNotice\":\"\u00a9 2010\u20132026 HGH Peptides Lab. All Rights Reserved.\"},{\"@type\":\"ImageObject\",\"inLanguage\":\"tr\",\"@id\":\"https:\\\/\\\/hghpeptideslab.com\\\/product\\\/ll-37\\\/#primaryimage\",\"url\":\"https:\\\/\\\/hghpeptideslab.com\\\/wp-content\\\/uploads\\\/2025\\\/09\\\/ll-37-5mg.jpg\",\"contentUrl\":\"https:\\\/\\\/hghpeptideslab.com\\\/wp-content\\\/uploads\\\/2025\\\/09\\\/ll-37-5mg.jpg\",\"width\":800,\"height\":800,\"caption\":\"5 mg per vial; 10 vials\\\/Kit (factory-direct).\"},{\"@type\":\"BreadcrumbList\",\"@id\":\"https:\\\/\\\/hghpeptideslab.com\\\/product\\\/ll-37\\\/#breadcrumb\",\"itemListElement\":[{\"@type\":\"ListItem\",\"position\":1,\"name\":\"Home\",\"item\":\"https:\\\/\\\/hghpeptideslab.com\\\/\"},{\"@type\":\"ListItem\",\"position\":2,\"name\":\"Shop\",\"item\":\"https:\\\/\\\/hghpeptideslab.com\\\/shop\\\/\"},{\"@type\":\"ListItem\",\"position\":3,\"name\":\"LL-37 Peptide\"}]},{\"@type\":\"WebSite\",\"@id\":\"https:\\\/\\\/hghpeptideslab.com\\\/#website\",\"url\":\"https:\\\/\\\/hghpeptideslab.com\\\/\",\"name\":\"HGH Peptides Lab\",\"description\":\"Premium Peptides &amp; HGH Shop\",\"publisher\":{\"@id\":\"https:\\\/\\\/hghpeptideslab.com\\\/#organization\"},\"potentialAction\":[{\"@type\":\"SearchAction\",\"target\":{\"@type\":\"EntryPoint\",\"urlTemplate\":\"https:\\\/\\\/hghpeptideslab.com\\\/?s={search_term_string}\"},\"query-input\":{\"@type\":\"PropertyValueSpecification\",\"valueRequired\":true,\"valueName\":\"search_term_string\"}}],\"inLanguage\":\"tr\"},{\"@type\":\"Organization\",\"@id\":\"https:\\\/\\\/hghpeptideslab.com\\\/#organization\",\"name\":\"HGH Peptides Lab\",\"url\":\"https:\\\/\\\/hghpeptideslab.com\\\/tr\\\/\",\"logo\":{\"@type\":\"ImageObject\",\"url\":\"https:\\\/\\\/hghpeptideslab.com\\\/wp-content\\\/uploads\\\/2025\\\/07\\\/HGHPEPTIDESLAB-Logo.png\"},\"image\":{\"@id\":\"https:\\\/\\\/hghpeptideslab.com\\\/#\\\/schema\\\/logo\\\/image\\\/\"},\"foundingDate\":\"2010\",\"contactPoint\":[{\"@type\":\"ContactPoint\",\"contactType\":\"customer support\",\"telephone\":\"+85247559641\",\"email\":\"CYGGL2025@gmail.com\",\"availableLanguage\":[\"en\"]}]}]}<\/script>\n<!-- \/ Yoast SEO Premium plugin. -->","yoast_head_json":{"title":"LL-37 Peptide 5mg | HGH Peptides Lab - Factory-Direct (\u00c7in)","description":"LL-37 peptit 5mg\/vial, 10 vials\/Kit. 99% purity, farmas\u00f6tik s\u0131n\u0131f kalite. H\u0131zl\u0131 sevkiyat ile \u00c7in'den do\u011frudan fabrika \u00e7\u0131k\u0131\u015f\u0131. Fiyat, teknik \u00f6zellikler ve sat\u0131n alma ipu\u00e7lar\u0131na bak\u0131n.","robots":{"index":"index","follow":"follow","max-snippet":"max-snippet:-1","max-image-preview":"max-image-preview:large","max-video-preview":"max-video-preview:-1"},"canonical":"https:\/\/hghpeptideslab.com\/tr\/\u00fcr\u00fcn\/ll-37\/","og_locale":"tr_TR","og_type":"article","og_title":"LL-37 Peptide","og_description":"LL-37 peptide 5mg\/vial, 10 vials\/Kit. 99% purity, pharmaceutical-grade quality. Factory-direct from China with fast shipping. See price, specs and buying tips.","og_url":"https:\/\/hghpeptideslab.com\/tr\/\u00fcr\u00fcn\/ll-37\/","og_site_name":"HGH Peptides Lab","article_modified_time":"2025-10-22T19:56:08+00:00","og_image":[{"width":800,"height":800,"url":"https:\/\/hghpeptideslab.com\/wp-content\/uploads\/2025\/09\/ll-37-5mg.jpg","type":"image\/jpeg"}],"twitter_card":"summary_large_image","twitter_misc":{"Tahmini okuma s\u00fcresi":"1 dakika"},"schema":{"@context":"https:\/\/schema.org","@graph":[{"@type":"WebPage","@id":"https:\/\/hghpeptideslab.com\/product\/ll-37\/","url":"https:\/\/hghpeptideslab.com\/product\/ll-37\/","name":"LL-37 Peptide 5mg | HGH Peptides Lab - Factory-Direct (\u00c7in)","isPartOf":{"@id":"https:\/\/hghpeptideslab.com\/#website"},"primaryImageOfPage":{"@id":"https:\/\/hghpeptideslab.com\/product\/ll-37\/#primaryimage"},"image":{"@id":"https:\/\/hghpeptideslab.com\/product\/ll-37\/#primaryimage"},"thumbnailUrl":"https:\/\/hghpeptideslab.com\/wp-content\/uploads\/2025\/09\/ll-37-5mg.jpg","datePublished":"2025-09-03T00:58:32+00:00","dateModified":"2025-10-22T19:56:08+00:00","description":"LL-37 peptit 5mg\/vial, 10 vials\/Kit. 99% purity, farmas\u00f6tik s\u0131n\u0131f kalite. H\u0131zl\u0131 sevkiyat ile \u00c7in'den do\u011frudan fabrika \u00e7\u0131k\u0131\u015f\u0131. Fiyat, teknik \u00f6zellikler ve sat\u0131n alma ipu\u00e7lar\u0131na bak\u0131n.","breadcrumb":{"@id":"https:\/\/hghpeptideslab.com\/product\/ll-37\/#breadcrumb"},"inLanguage":"tr","potentialAction":[{"@type":"ReadAction","target":["https:\/\/hghpeptideslab.com\/product\/ll-37\/"]}],"copyrightNotice":"\u00a9 2010\u20132026 HGH Peptides Lab. All Rights Reserved."},{"@type":"ImageObject","inLanguage":"tr","@id":"https:\/\/hghpeptideslab.com\/product\/ll-37\/#primaryimage","url":"https:\/\/hghpeptideslab.com\/wp-content\/uploads\/2025\/09\/ll-37-5mg.jpg","contentUrl":"https:\/\/hghpeptideslab.com\/wp-content\/uploads\/2025\/09\/ll-37-5mg.jpg","width":800,"height":800,"caption":"5 mg per vial; 10 vials\/Kit (factory-direct)."},{"@type":"BreadcrumbList","@id":"https:\/\/hghpeptideslab.com\/product\/ll-37\/#breadcrumb","itemListElement":[{"@type":"ListItem","position":1,"name":"Home","item":"https:\/\/hghpeptideslab.com\/"},{"@type":"ListItem","position":2,"name":"Shop","item":"https:\/\/hghpeptideslab.com\/shop\/"},{"@type":"ListItem","position":3,"name":"LL-37 Peptide"}]},{"@type":"WebSite","@id":"https:\/\/hghpeptideslab.com\/#website","url":"https:\/\/hghpeptideslab.com\/","name":"HGH Peptides Lab","description":"Premium Peptides &amp; HGH Ma\u011faza","publisher":{"@id":"https:\/\/hghpeptideslab.com\/#organization"},"potentialAction":[{"@type":"SearchAction","target":{"@type":"EntryPoint","urlTemplate":"https:\/\/hghpeptideslab.com\/?s={search_term_string}"},"query-input":{"@type":"PropertyValueSpecification","valueRequired":true,"valueName":"search_term_string"}}],"inLanguage":"tr"},{"@type":"Organization","@id":"https:\/\/hghpeptideslab.com\/#organization","name":"HGH Peptides Lab","url":"https:\/\/hghpeptideslab.com\/tr\/","logo":{"@type":"ImageObject","url":"https:\/\/hghpeptideslab.com\/wp-content\/uploads\/2025\/07\/HGHPEPTIDESLAB-Logo.png"},"image":{"@id":"https:\/\/hghpeptideslab.com\/#\/schema\/logo\/image\/"},"foundingDate":"2010","contactPoint":[{"@type":"ContactPoint","contactType":"customer support","telephone":"+85247559641","email":"CYGGL2025@gmail.com","availableLanguage":["en"]}]}]}},"_links":{"self":[{"href":"https:\/\/hghpeptideslab.com\/tr\/wp-json\/wp\/v2\/product\/9576","targetHints":{"allow":["GET"]}}],"collection":[{"href":"https:\/\/hghpeptideslab.com\/tr\/wp-json\/wp\/v2\/product"}],"about":[{"href":"https:\/\/hghpeptideslab.com\/tr\/wp-json\/wp\/v2\/types\/product"}],"replies":[{"embeddable":true,"href":"https:\/\/hghpeptideslab.com\/tr\/wp-json\/wp\/v2\/comments?post=9576"}],"wp:featuredmedia":[{"embeddable":true,"href":"https:\/\/hghpeptideslab.com\/tr\/wp-json\/wp\/v2\/media\/9572"}],"wp:attachment":[{"href":"https:\/\/hghpeptideslab.com\/tr\/wp-json\/wp\/v2\/media?parent=9576"}],"wp:term":[{"taxonomy":"product_cat","embeddable":true,"href":"https:\/\/hghpeptideslab.com\/tr\/wp-json\/wp\/v2\/product_cat?post=9576"},{"taxonomy":"product_tag","embeddable":true,"href":"https:\/\/hghpeptideslab.com\/tr\/wp-json\/wp\/v2\/product_tag?post=9576"}],"curies":[{"name":"wp","href":"https:\/\/api.w.org\/{rel}","templated":true}]}}