{"id":9742,"date":"2025-09-10T22:27:28","date_gmt":"2025-09-10T22:27:28","guid":{"rendered":"https:\/\/hghpeptideslab.com\/?post_type=product&#038;p=9742"},"modified":"2025-09-10T22:27:29","modified_gmt":"2025-09-10T22:27:29","slug":"laxogenin","status":"publish","type":"product","link":"https:\/\/hghpeptideslab.com\/tr\/product\/laxogenin\/","title":{"rendered":"Laxogenin (5\u03b1-Hidroksi Laxogenin) Raw Powder"},"content":{"rendered":"<h3>Genel Bak\u0131\u015f<\/h3>\n<p><strong>Laxogenin (5\u03b1-Hidroksi Laxogenin) Raw Powder<\/strong> kas b\u00fcy\u00fcmesi, g\u00fc\u00e7\/g\u00fc\u00e7 ve v\u00fccut yeniden yap\u0131land\u0131rma \u00e7al\u0131\u015fma tasar\u0131mlar\u0131nda s\u0131kl\u0131kla ba\u015fvurulan bir \u00fcr\u00fcnd\u00fcr. Olarak tedarik edilir <strong>10 g birim<\/strong> m\u00fch\u00fcrl\u00fc <strong>al\u00fcmi\u0307nyum folyo po\u015fetler<\/strong>malzeme \u015funlar\u0131 sa\u011flar <strong>99% purity<\/strong> ile <strong>farmas\u00f6tik s\u0131n\u0131f<\/strong> Tekrarlanabilir, kar\u015f\u0131la\u015ft\u0131rmal\u0131 ara\u015ft\u0131rmalar\u0131 desteklemek i\u00e7in tutarl\u0131l\u0131k.<\/p>\n<h3>Temel \u00d6zellikler<\/h3>\n<ul>\n<li><strong>Birim:<\/strong> Po\u015fet ba\u015f\u0131na 10 g<\/li>\n<li><strong>Kalite:<\/strong> 99% purity; farmas\u00f6tik s\u0131n\u0131f lottan lota tutarl\u0131l\u0131k<\/li>\n<li><strong>Format:<\/strong> Esnek tarama, y\u00f6ntem geli\u015ftirme ve protokol optimizasyonu i\u00e7in ham toz<\/li>\n<li><strong>Paketleme:<\/strong> Kurutucu madde i\u00e7eren s\u0131zd\u0131rmaz al\u00fcminyum folyo po\u015fet; laboratuvarda kullan\u0131m i\u00e7in a\u00e7\u0131k etiketleme<\/li>\n<li><strong>K\u00f6ken:<\/strong> \u00c7in - fabrikadan do\u011frudan tedarik<\/li>\n<\/ul>\n<h3>Tipik Ara\u015ft\u0131rma Odaklar\u0131<\/h3>\n<ul>\n<li>Kas farkl\u0131la\u015fmas\u0131 ve protein sentezi \u00e7er\u00e7eveleri<\/li>\n<li>Dozajlama panelleri aras\u0131nda g\u00fc\u00e7\/g\u00fc\u00e7 \u00e7\u0131k\u0131\u015f\u0131 kar\u015f\u0131la\u015ft\u0131rmalar\u0131<\/li>\n<li>V\u00fccut rekompozisyon modelleri, y\u00f6ntem do\u011frulama ve stabilite kontrolleri<\/li>\n<\/ul>\n<h3>Kalite ve \u00dcretim<\/h3>\n<ul>\n<li>99% purity ile Pharmaceutical-grade spesifikasyonu<\/li>\n<li>Kar\u015f\u0131la\u015ft\u0131rmal\u0131 testler i\u00e7in \u00f6ng\u00f6r\u00fclebilir kullan\u0131m ve \u00e7\u00f6z\u00fcn\u00fcrl\u00fck<\/li>\n<li>Temiz, ara\u015ft\u0131rma ama\u00e7l\u0131 etiketleme ve parti izlenebilirli\u011fi<\/li>\n<\/ul>\n<h3>Depolama ve Stabilite<\/h3>\n<ul>\n<li>Kapal\u0131 olarak saklay\u0131n <strong>2-8 \u00b0C<\/strong>kuru ve \u0131\u015f\u0131k korumal\u0131<\/li>\n<li>Neme maruz kalmay\u0131 en aza indirin; kullan\u0131mdan sonra derhal yeniden kapat\u0131n<\/li>\n<li><strong>Minimum sipari\u015f:<\/strong> 10 g<\/li>\n<\/ul>\n<h3>Dahili Ba\u011flant\u0131lar<\/h3>\n<ul>\n<li><a href=\"\/tr\/product-category\/other-pharmaceutical-raw-powders\/\">Di\u011fer Farmas\u00f6tik Raw Powder'ler<\/a><\/li>\n<li><a href=\"\/tr\/product-tag\/laxogenin\/\">Laxogenin<\/a><\/li>\n<li><a href=\"\/tr\/product-tag\/muscle-growth-performance\/\">Kas B\u00fcy\u00fcmesi ve Performans<\/a><\/li>\n<li><a href=\"\/tr\/product-tag\/strength-power-output\/\">G\u00fc\u00e7 ve G\u00fc\u00e7 \u00c7\u0131k\u0131\u015f\u0131<\/a><\/li>\n<li><a href=\"\/tr\/product-tag\/body-recomposition\/\">V\u00fccut Yeniden Bi\u00e7imlendirme<\/a><\/li>\n<\/ul>\n<h3>Uyumluluk<\/h3>\n<p><strong>Sadece ara\u015ft\u0131rma ama\u00e7l\u0131 kullan\u0131m.<\/strong><\/p>","protected":false},"excerpt":{"rendered":"<p><strong>\u0130sim:<\/strong> Laxogenin (5\u03b1-Hidroksi Laxogenin) ham toz - 99% purity<br \/>\n<strong>Fonksiyon:<\/strong> Kas b\u00fcy\u00fcmesi \u00e7er\u00e7eveleri; g\u00fc\u00e7\/g\u00fc\u00e7 \u00e7\u0131k\u0131\u015f\u0131; v\u00fccut yeniden yap\u0131land\u0131rma deste\u011fi<br \/>\n<strong>\u00d6zellikler:<\/strong> Torba ba\u015f\u0131na 10 g (vakumla kapat\u0131lm\u0131\u015f, al\u00fcminyum folyo)<br \/>\n<strong>Minimum sipari\u015f:<\/strong> 10 g<br \/>\n<strong>CAS:<\/strong> 1177-71-5<br \/>\n<strong>G\u00f6r\u00fcn\u00fc\u015f:<\/strong> Beyaz ila kirli beyaz kristal toz; farmas\u00f6tik s\u0131n\u0131f kalite<\/p>","protected":false},"featured_media":9738,"comment_status":"open","ping_status":"closed","template":"","meta":[],"product_cat":[359],"product_tag":[375,373,374,384,377],"class_list":{"0":"post-9742","1":"product","2":"type-product","3":"status-publish","4":"has-post-thumbnail","6":"product_brand-dp-hghpeptides","7":"product_brand-hgh-peptides-lab","8":"product_cat-sarms-raw-powders","9":"product_tag-body-recomposition","10":"product_tag-laxogenin","11":"product_tag-muscle-growth-performance","12":"product_tag-sleep-recovery-support","13":"product_tag-strength-power-output","15":"first","16":"instock","17":"shipping-taxable","18":"purchasable","19":"product-type-simple"},"yoast_head":"<!-- This site is optimized with the Yoast SEO Premium plugin v27.3 (Yoast SEO v27.3) - https:\/\/yoast.com\/product\/yoast-seo-premium-wordpress\/ -->\n<title>Laxogenin (5\u03b1-Hydroxy Laxogenin) Raw Powder \u2014 99% Purity | HGH Peptides Lab<\/title>\n<meta name=\"description\" content=\"Laxogenin (5\u03b1-Hydroxy Laxogenin) raw powder at 99% purity, pharmaceutical-grade quality for muscle, strength and recomposition research. Research use only.\" \/>\n<meta name=\"robots\" content=\"index, follow, max-snippet:-1, max-image-preview:large, max-video-preview:-1\" \/>\n<link rel=\"canonical\" href=\"https:\/\/hghpeptideslab.com\/tr\/\u00fcr\u00fcn\/laxogenin\/\" \/>\n<meta property=\"og:locale\" content=\"tr_TR\" \/>\n<meta property=\"og:type\" content=\"article\" \/>\n<meta property=\"og:title\" content=\"Laxogenin (5\u03b1-Hydroxy Laxogenin) Raw Powder\" \/>\n<meta property=\"og:description\" content=\"Laxogenin (5\u03b1-Hydroxy Laxogenin) raw powder at 99% purity, pharmaceutical-grade quality for muscle, strength and recomposition research. Research use only.\" \/>\n<meta property=\"og:url\" content=\"https:\/\/hghpeptideslab.com\/tr\/\u00fcr\u00fcn\/laxogenin\/\" \/>\n<meta property=\"og:site_name\" content=\"HGH Peptides Lab\" \/>\n<meta property=\"article:modified_time\" content=\"2025-09-10T22:27:29+00:00\" \/>\n<meta property=\"og:image\" content=\"https:\/\/hghpeptideslab.com\/wp-content\/uploads\/2025\/09\/laxogenin.jpg\" \/>\n\t<meta property=\"og:image:width\" content=\"800\" \/>\n\t<meta property=\"og:image:height\" content=\"800\" \/>\n\t<meta property=\"og:image:type\" content=\"image\/jpeg\" \/>\n<meta name=\"twitter:card\" content=\"summary_large_image\" \/>\n<meta name=\"twitter:label1\" content=\"Tahmini okuma s\u00fcresi\" \/>\n\t<meta name=\"twitter:data1\" content=\"2 dakika\" \/>\n<script type=\"application\/ld+json\" class=\"yoast-schema-graph\">{\"@context\":\"https:\\\/\\\/schema.org\",\"@graph\":[{\"@type\":\"WebPage\",\"@id\":\"https:\\\/\\\/hghpeptideslab.com\\\/product\\\/laxogenin\\\/\",\"url\":\"https:\\\/\\\/hghpeptideslab.com\\\/product\\\/laxogenin\\\/\",\"name\":\"Laxogenin (5\u03b1-Hydroxy Laxogenin) Raw Powder \u2014 99% Purity | HGH Peptides Lab\",\"isPartOf\":{\"@id\":\"https:\\\/\\\/hghpeptideslab.com\\\/#website\"},\"primaryImageOfPage\":{\"@id\":\"https:\\\/\\\/hghpeptideslab.com\\\/product\\\/laxogenin\\\/#primaryimage\"},\"image\":{\"@id\":\"https:\\\/\\\/hghpeptideslab.com\\\/product\\\/laxogenin\\\/#primaryimage\"},\"thumbnailUrl\":\"https:\\\/\\\/hghpeptideslab.com\\\/wp-content\\\/uploads\\\/2025\\\/09\\\/laxogenin.jpg\",\"datePublished\":\"2025-09-10T22:27:28+00:00\",\"dateModified\":\"2025-09-10T22:27:29+00:00\",\"description\":\"Laxogenin (5\u03b1-Hydroxy Laxogenin) raw powder at 99% purity, pharmaceutical-grade quality for muscle, strength and recomposition research. Research use only.\",\"breadcrumb\":{\"@id\":\"https:\\\/\\\/hghpeptideslab.com\\\/product\\\/laxogenin\\\/#breadcrumb\"},\"inLanguage\":\"tr\",\"potentialAction\":[{\"@type\":\"ReadAction\",\"target\":[\"https:\\\/\\\/hghpeptideslab.com\\\/product\\\/laxogenin\\\/\"]}],\"copyrightNotice\":\"\u00a9 2010\u20132026 HGH Peptides Lab. All Rights Reserved.\"},{\"@type\":\"ImageObject\",\"inLanguage\":\"tr\",\"@id\":\"https:\\\/\\\/hghpeptideslab.com\\\/product\\\/laxogenin\\\/#primaryimage\",\"url\":\"https:\\\/\\\/hghpeptideslab.com\\\/wp-content\\\/uploads\\\/2025\\\/09\\\/laxogenin.jpg\",\"contentUrl\":\"https:\\\/\\\/hghpeptideslab.com\\\/wp-content\\\/uploads\\\/2025\\\/09\\\/laxogenin.jpg\",\"width\":800,\"height\":800,\"caption\":\"White to off-white powder \u00b7 99% purity \u00b7 pharmaceutical-grade\"},{\"@type\":\"BreadcrumbList\",\"@id\":\"https:\\\/\\\/hghpeptideslab.com\\\/product\\\/laxogenin\\\/#breadcrumb\",\"itemListElement\":[{\"@type\":\"ListItem\",\"position\":1,\"name\":\"Home\",\"item\":\"https:\\\/\\\/hghpeptideslab.com\\\/\"},{\"@type\":\"ListItem\",\"position\":2,\"name\":\"Shop\",\"item\":\"https:\\\/\\\/hghpeptideslab.com\\\/shop\\\/\"},{\"@type\":\"ListItem\",\"position\":3,\"name\":\"Laxogenin (5\u03b1-Hydroxy Laxogenin) Raw Powder\"}]},{\"@type\":\"WebSite\",\"@id\":\"https:\\\/\\\/hghpeptideslab.com\\\/#website\",\"url\":\"https:\\\/\\\/hghpeptideslab.com\\\/\",\"name\":\"HGH Peptides Lab\",\"description\":\"Premium Peptides &amp; HGH Shop\",\"publisher\":{\"@id\":\"https:\\\/\\\/hghpeptideslab.com\\\/#organization\"},\"potentialAction\":[{\"@type\":\"SearchAction\",\"target\":{\"@type\":\"EntryPoint\",\"urlTemplate\":\"https:\\\/\\\/hghpeptideslab.com\\\/?s={search_term_string}\"},\"query-input\":{\"@type\":\"PropertyValueSpecification\",\"valueRequired\":true,\"valueName\":\"search_term_string\"}}],\"inLanguage\":\"tr\"},{\"@type\":\"Organization\",\"@id\":\"https:\\\/\\\/hghpeptideslab.com\\\/#organization\",\"name\":\"HGH Peptides Lab\",\"url\":\"https:\\\/\\\/hghpeptideslab.com\\\/tr\\\/\",\"logo\":{\"@type\":\"ImageObject\",\"url\":\"https:\\\/\\\/hghpeptideslab.com\\\/wp-content\\\/uploads\\\/2025\\\/07\\\/HGHPEPTIDESLAB-Logo.png\"},\"image\":{\"@id\":\"https:\\\/\\\/hghpeptideslab.com\\\/#\\\/schema\\\/logo\\\/image\\\/\"},\"foundingDate\":\"2010\",\"contactPoint\":[{\"@type\":\"ContactPoint\",\"contactType\":\"customer support\",\"telephone\":\"+85247559641\",\"email\":\"CYGGL2025@gmail.com\",\"availableLanguage\":[\"en\"]}]}]}<\/script>\n<!-- \/ Yoast SEO Premium plugin. -->","yoast_head_json":{"title":"Laxogenin (5\u03b1-Hidroksi Laxogenin) Raw Powder - 99% Purity | HGH Peptides Lab","description":"Laxogenin (5\u03b1-Hidroksi Laxogenin) 99% purity'de ham toz, kas, g\u00fc\u00e7 ve yeniden kompozisyon ara\u015ft\u0131rmalar\u0131 i\u00e7in farmas\u00f6tik s\u0131n\u0131f kalite. Sadece ara\u015ft\u0131rma ama\u00e7l\u0131 kullan\u0131m.","robots":{"index":"index","follow":"follow","max-snippet":"max-snippet:-1","max-image-preview":"max-image-preview:large","max-video-preview":"max-video-preview:-1"},"canonical":"https:\/\/hghpeptideslab.com\/tr\/\u00fcr\u00fcn\/laxogenin\/","og_locale":"tr_TR","og_type":"article","og_title":"Laxogenin (5\u03b1-Hydroxy Laxogenin) Raw Powder","og_description":"Laxogenin (5\u03b1-Hydroxy Laxogenin) raw powder at 99% purity, pharmaceutical-grade quality for muscle, strength and recomposition research. Research use only.","og_url":"https:\/\/hghpeptideslab.com\/tr\/\u00fcr\u00fcn\/laxogenin\/","og_site_name":"HGH Peptides Lab","article_modified_time":"2025-09-10T22:27:29+00:00","og_image":[{"width":800,"height":800,"url":"https:\/\/hghpeptideslab.com\/wp-content\/uploads\/2025\/09\/laxogenin.jpg","type":"image\/jpeg"}],"twitter_card":"summary_large_image","twitter_misc":{"Tahmini okuma s\u00fcresi":"2 dakika"},"schema":{"@context":"https:\/\/schema.org","@graph":[{"@type":"WebPage","@id":"https:\/\/hghpeptideslab.com\/product\/laxogenin\/","url":"https:\/\/hghpeptideslab.com\/product\/laxogenin\/","name":"Laxogenin (5\u03b1-Hidroksi Laxogenin) Raw Powder - 99% Purity | HGH Peptides Lab","isPartOf":{"@id":"https:\/\/hghpeptideslab.com\/#website"},"primaryImageOfPage":{"@id":"https:\/\/hghpeptideslab.com\/product\/laxogenin\/#primaryimage"},"image":{"@id":"https:\/\/hghpeptideslab.com\/product\/laxogenin\/#primaryimage"},"thumbnailUrl":"https:\/\/hghpeptideslab.com\/wp-content\/uploads\/2025\/09\/laxogenin.jpg","datePublished":"2025-09-10T22:27:28+00:00","dateModified":"2025-09-10T22:27:29+00:00","description":"Laxogenin (5\u03b1-Hidroksi Laxogenin) 99% purity'de ham toz, kas, g\u00fc\u00e7 ve yeniden kompozisyon ara\u015ft\u0131rmalar\u0131 i\u00e7in farmas\u00f6tik s\u0131n\u0131f kalite. Sadece ara\u015ft\u0131rma ama\u00e7l\u0131 kullan\u0131m.","breadcrumb":{"@id":"https:\/\/hghpeptideslab.com\/product\/laxogenin\/#breadcrumb"},"inLanguage":"tr","potentialAction":[{"@type":"ReadAction","target":["https:\/\/hghpeptideslab.com\/product\/laxogenin\/"]}],"copyrightNotice":"\u00a9 2010\u20132026 HGH Peptides Lab. All Rights Reserved."},{"@type":"ImageObject","inLanguage":"tr","@id":"https:\/\/hghpeptideslab.com\/product\/laxogenin\/#primaryimage","url":"https:\/\/hghpeptideslab.com\/wp-content\/uploads\/2025\/09\/laxogenin.jpg","contentUrl":"https:\/\/hghpeptideslab.com\/wp-content\/uploads\/2025\/09\/laxogenin.jpg","width":800,"height":800,"caption":"White to off-white powder \u00b7 99% purity \u00b7 pharmaceutical-grade"},{"@type":"BreadcrumbList","@id":"https:\/\/hghpeptideslab.com\/product\/laxogenin\/#breadcrumb","itemListElement":[{"@type":"ListItem","position":1,"name":"Home","item":"https:\/\/hghpeptideslab.com\/"},{"@type":"ListItem","position":2,"name":"Shop","item":"https:\/\/hghpeptideslab.com\/shop\/"},{"@type":"ListItem","position":3,"name":"Laxogenin (5\u03b1-Hydroxy Laxogenin) Raw Powder"}]},{"@type":"WebSite","@id":"https:\/\/hghpeptideslab.com\/#website","url":"https:\/\/hghpeptideslab.com\/","name":"HGH Peptides Lab","description":"Premium Peptides &amp; HGH Ma\u011faza","publisher":{"@id":"https:\/\/hghpeptideslab.com\/#organization"},"potentialAction":[{"@type":"SearchAction","target":{"@type":"EntryPoint","urlTemplate":"https:\/\/hghpeptideslab.com\/?s={search_term_string}"},"query-input":{"@type":"PropertyValueSpecification","valueRequired":true,"valueName":"search_term_string"}}],"inLanguage":"tr"},{"@type":"Organization","@id":"https:\/\/hghpeptideslab.com\/#organization","name":"HGH Peptides Lab","url":"https:\/\/hghpeptideslab.com\/tr\/","logo":{"@type":"ImageObject","url":"https:\/\/hghpeptideslab.com\/wp-content\/uploads\/2025\/07\/HGHPEPTIDESLAB-Logo.png"},"image":{"@id":"https:\/\/hghpeptideslab.com\/#\/schema\/logo\/image\/"},"foundingDate":"2010","contactPoint":[{"@type":"ContactPoint","contactType":"customer support","telephone":"+85247559641","email":"CYGGL2025@gmail.com","availableLanguage":["en"]}]}]}},"_links":{"self":[{"href":"https:\/\/hghpeptideslab.com\/tr\/wp-json\/wp\/v2\/product\/9742","targetHints":{"allow":["GET"]}}],"collection":[{"href":"https:\/\/hghpeptideslab.com\/tr\/wp-json\/wp\/v2\/product"}],"about":[{"href":"https:\/\/hghpeptideslab.com\/tr\/wp-json\/wp\/v2\/types\/product"}],"replies":[{"embeddable":true,"href":"https:\/\/hghpeptideslab.com\/tr\/wp-json\/wp\/v2\/comments?post=9742"}],"wp:featuredmedia":[{"embeddable":true,"href":"https:\/\/hghpeptideslab.com\/tr\/wp-json\/wp\/v2\/media\/9738"}],"wp:attachment":[{"href":"https:\/\/hghpeptideslab.com\/tr\/wp-json\/wp\/v2\/media?parent=9742"}],"wp:term":[{"taxonomy":"product_cat","embeddable":true,"href":"https:\/\/hghpeptideslab.com\/tr\/wp-json\/wp\/v2\/product_cat?post=9742"},{"taxonomy":"product_tag","embeddable":true,"href":"https:\/\/hghpeptideslab.com\/tr\/wp-json\/wp\/v2\/product_tag?post=9742"}],"curies":[{"name":"wp","href":"https:\/\/api.w.org\/{rel}","templated":true}]}}