{"id":9787,"date":"2025-09-12T10:22:20","date_gmt":"2025-09-12T10:22:20","guid":{"rendered":"https:\/\/hghpeptideslab.com\/?post_type=product&#038;p=9787"},"modified":"2025-09-12T10:22:20","modified_gmt":"2025-09-12T10:22:20","slug":"yohimbine-hydrochloride","status":"publish","type":"product","link":"https:\/\/hghpeptideslab.com\/tr\/product\/yohimbine-hydrochloride\/","title":{"rendered":"Yohimbine Hydrochloride - Raw Powder"},"content":{"rendered":"<h3>Genel Bak\u0131\u015f<\/h3>\n<p><strong>Yohimbine Hydrochloride<\/strong> odaklanan \u00e7al\u0131\u015fma tasar\u0131mlar\u0131nda yayg\u0131n olarak kullan\u0131lmaktad\u0131r. <strong>adrenerjik (\u03b12) yolak<\/strong>, libido\/cinsel sa\u011fl\u0131k temalar\u0131 ve kar\u015f\u0131la\u015ft\u0131r\u0131c\u0131 paneller. Ham toz olarak tedarik edilir <strong>99% purity<\/strong> ve <strong>farmas\u00f6tik s\u0131n\u0131f kalite<\/strong> tutarl\u0131, kar\u015f\u0131la\u015ft\u0131rmal\u0131 ara\u015ft\u0131rmalar\u0131 desteklemek i\u00e7in. <strong>Sadece ara\u015ft\u0131rma ama\u00e7l\u0131 kullan\u0131m.<\/strong><\/p>\n<h3>Temel \u00d6zellikler<\/h3>\n<ul>\n<li><strong>Paketleme:<\/strong> Al\u00fcminyum folyo po\u015fet (m\u00fch\u00fcrl\u00fc, kurutucu dahil); tipik \u00fcnite: <strong>1 kg<\/strong><\/li>\n<li><strong>Kalite:<\/strong> 99% purity; farmas\u00f6tik s\u0131n\u0131f lot tutarl\u0131l\u0131\u011f\u0131<\/li>\n<li><strong>Format:<\/strong> Tarama, y\u00f6ntem geli\u015ftirme ve protokol optimizasyonu i\u00e7in ham toz<\/li>\n<li><strong>K\u00f6ken:<\/strong> \u00c7in - fabrikadan do\u011frudan tedarik<\/li>\n<\/ul>\n<h3>Tipik Ara\u015ft\u0131rma Odaklar\u0131<\/h3>\n<ul>\n<li>Adrenerjik\/\u03b12-resept\u00f6r yola\u011f\u0131 ve mekanizma kar\u015f\u0131la\u015ft\u0131rmalar\u0131<\/li>\n<li>Libido\/cinsel sa\u011fl\u0131k modelleri ve \u00e7apraz yol ke\u015ffi<\/li>\n<li>Kar\u015f\u0131la\u015ft\u0131r\u0131c\u0131 paneller ve doz-cevap \u00e7al\u0131\u015fma tasar\u0131mlar\u0131<\/li>\n<\/ul>\n<h3>Kalite ve Ta\u015f\u0131ma<\/h3>\n<ul>\n<li>99% purity ile Pharmaceutical-grade spesifikasyonu<\/li>\n<li>Kar\u015f\u0131la\u015ft\u0131rmal\u0131 testler i\u00e7in \u00f6ng\u00f6r\u00fclebilir kullan\u0131m<\/li>\n<li>Temiz ara\u015ft\u0131rma-kullan\u0131m etiketlemesi ve parti izlenebilirli\u011fi<\/li>\n<\/ul>\n<h3>Depolama ve Stabilite<\/h3>\n<ul>\n<li>Kapal\u0131 olarak saklay\u0131n <strong>2-8 \u00b0C<\/strong>kuru ve \u0131\u015f\u0131ktan korunmu\u015f<\/li>\n<li>Neme maruz kalmay\u0131 en aza indirin; kullan\u0131mdan sonra derhal yeniden kapat\u0131n<\/li>\n<\/ul>\n<h3>Dahili Ba\u011flant\u0131lar<\/h3>\n<ul>\n<li><a href=\"\/tr\/product-category\/sexual-wellness-raw-powders\/\">Cinsel Sa\u011fl\u0131k Raw Powders<\/a><\/li>\n<li><a href=\"\/tr\/product-tag\/yohimbine-hydrochloride\/\">Yohimbine Hydrochloride<\/a><\/li>\n<li><a href=\"\/tr\/product-tag\/adrenergic-alpha2-pathway\/\">Adrenerjik \/ Alfa-2 Yola\u011f\u0131<\/a><\/li>\n<li><a href=\"\/tr\/product-tag\/libido-sexual-performance\/\">Libido ve Cinsel Performans<\/a><\/li>\n<li><a href=\"\/tr\/product-tag\/research-powder-99-purity\/\">Ara\u015ft\u0131rma Tozu (99% Purity)<\/a><\/li>\n<\/ul>\n<h3>Uyumluluk<\/h3>\n<p><strong>Sadece ara\u015ft\u0131rma ama\u00e7l\u0131 kullan\u0131m.<\/strong><\/p>","protected":false},"excerpt":{"rendered":"<p><strong>\u0130sim:<\/strong> Yohimbine Hydrochloride ham toz (99% purity, farmas\u00f6tik s\u0131n\u0131f)<br \/>\n<strong>Fonksiyon:<\/strong> Adrenerjik\/\u03b12-resept\u00f6r yola\u011f\u0131 ara\u015ft\u0131rmas\u0131; libido\/cinsel sa\u011fl\u0131k modelleri<br \/>\n<strong>\u00d6zellikler:<\/strong> Al\u00fcminyum folyo po\u015fet<br \/>\n<strong>CAS:<\/strong> 65-19-0<br \/>\n<strong>G\u00f6r\u00fcn\u00fc\u015f:<\/strong> Beyaz ila a\u00e7\u0131k sar\u0131 kristal toz<br \/>\n<strong>Not:<\/strong> G\u00f6sterilen fiyat \u015funlar i\u00e7indir <u>1 kg<\/u>. Daha k\u00fc\u00e7\u00fck veya toplu miktarlar i\u00e7in l\u00fctfen bizimle ileti\u015fime ge\u00e7in.<\/p>","protected":false},"featured_media":9784,"comment_status":"open","ping_status":"closed","template":"","meta":[],"product_cat":[361],"product_tag":[393,395,398,389,388],"class_list":{"0":"post-9787","1":"product","2":"type-product","3":"status-publish","4":"has-post-thumbnail","6":"product_brand-dp-hghpeptides","7":"product_brand-hgh-peptides-lab","8":"product_cat-sexual-wellness-raw-powders","9":"product_tag-adrenergic-alpha2-pathway","10":"product_tag-libido-sexual-performance","11":"product_tag-research-powder-99-purity","12":"product_tag-sexual-wellness-performance","13":"product_tag-yohimbine-hydrochloride","15":"first","16":"instock","17":"shipping-taxable","18":"purchasable","19":"product-type-simple"},"yoast_head":"<!-- This site is optimized with the Yoast SEO Premium plugin v27.5 (Yoast SEO v27.5) - https:\/\/yoast.com\/product\/yoast-seo-premium-wordpress\/ -->\n<title>Yohimbine Hydrochloride Powder \u2014 Price &amp; Specs | HGH Peptides Lab<\/title>\n<meta name=\"description\" content=\"Yohimbine Hydrochloride raw powder (99% purity, pharmaceutical-grade) for adrenergic\/\u03b12 pathway and libido research. Research use only. Contact us for quantities.\" \/>\n<meta name=\"robots\" content=\"index, follow, max-snippet:-1, max-image-preview:large, max-video-preview:-1\" \/>\n<link rel=\"canonical\" href=\"https:\/\/hghpeptideslab.com\/tr\/\u00fcr\u00fcn\/yohimbine-hydrochloride\/\" \/>\n<meta property=\"og:locale\" content=\"tr_TR\" \/>\n<meta property=\"og:type\" content=\"article\" \/>\n<meta property=\"og:title\" content=\"Yohimbine Hydrochloride \u2014 Raw Powder\" \/>\n<meta property=\"og:description\" content=\"Yohimbine Hydrochloride raw powder (99% purity, pharmaceutical-grade) for adrenergic\/\u03b12 pathway and libido research. Research use only. Contact us for quantities.\" \/>\n<meta property=\"og:url\" content=\"https:\/\/hghpeptideslab.com\/tr\/\u00fcr\u00fcn\/yohimbine-hydrochloride\/\" \/>\n<meta property=\"og:site_name\" content=\"HGH Peptides Lab\" \/>\n<meta property=\"og:image\" content=\"https:\/\/hghpeptideslab.com\/wp-content\/uploads\/2025\/09\/yohimbine-hcl-.jpg\" \/>\n\t<meta property=\"og:image:width\" content=\"800\" \/>\n\t<meta property=\"og:image:height\" content=\"800\" \/>\n\t<meta property=\"og:image:type\" content=\"image\/jpeg\" \/>\n<meta name=\"twitter:card\" content=\"summary_large_image\" \/>\n<meta name=\"twitter:label1\" content=\"Tahmini okuma s\u00fcresi\" \/>\n\t<meta name=\"twitter:data1\" content=\"2 dakika\" \/>\n<script type=\"application\/ld+json\" class=\"yoast-schema-graph\">{\"@context\":\"https:\\\/\\\/schema.org\",\"@graph\":[{\"@type\":\"WebPage\",\"@id\":\"https:\\\/\\\/hghpeptideslab.com\\\/product\\\/yohimbine-hydrochloride\\\/\",\"url\":\"https:\\\/\\\/hghpeptideslab.com\\\/product\\\/yohimbine-hydrochloride\\\/\",\"name\":\"Yohimbine Hydrochloride Powder \u2014 Price & Specs | HGH Peptides Lab\",\"isPartOf\":{\"@id\":\"https:\\\/\\\/hghpeptideslab.com\\\/#website\"},\"primaryImageOfPage\":{\"@id\":\"https:\\\/\\\/hghpeptideslab.com\\\/product\\\/yohimbine-hydrochloride\\\/#primaryimage\"},\"image\":{\"@id\":\"https:\\\/\\\/hghpeptideslab.com\\\/product\\\/yohimbine-hydrochloride\\\/#primaryimage\"},\"thumbnailUrl\":\"https:\\\/\\\/hghpeptideslab.com\\\/wp-content\\\/uploads\\\/2025\\\/09\\\/yohimbine-hcl-.jpg\",\"datePublished\":\"2025-09-12T10:22:20+00:00\",\"description\":\"Yohimbine Hydrochloride raw powder (99% purity, pharmaceutical-grade) for adrenergic\\\/\u03b12 pathway and libido research. Research use only. Contact us for quantities.\",\"breadcrumb\":{\"@id\":\"https:\\\/\\\/hghpeptideslab.com\\\/product\\\/yohimbine-hydrochloride\\\/#breadcrumb\"},\"inLanguage\":\"tr\",\"potentialAction\":[{\"@type\":\"ReadAction\",\"target\":[\"https:\\\/\\\/hghpeptideslab.com\\\/product\\\/yohimbine-hydrochloride\\\/\"]}],\"copyrightNotice\":\"\u00a9 2010\u20132026 HGH Peptides Lab. All Rights Reserved.\"},{\"@type\":\"ImageObject\",\"inLanguage\":\"tr\",\"@id\":\"https:\\\/\\\/hghpeptideslab.com\\\/product\\\/yohimbine-hydrochloride\\\/#primaryimage\",\"url\":\"https:\\\/\\\/hghpeptideslab.com\\\/wp-content\\\/uploads\\\/2025\\\/09\\\/yohimbine-hcl-.jpg\",\"contentUrl\":\"https:\\\/\\\/hghpeptideslab.com\\\/wp-content\\\/uploads\\\/2025\\\/09\\\/yohimbine-hcl-.jpg\",\"width\":800,\"height\":800,\"caption\":\"Clean pack shot for research catalogs\"},{\"@type\":\"BreadcrumbList\",\"@id\":\"https:\\\/\\\/hghpeptideslab.com\\\/product\\\/yohimbine-hydrochloride\\\/#breadcrumb\",\"itemListElement\":[{\"@type\":\"ListItem\",\"position\":1,\"name\":\"Home\",\"item\":\"https:\\\/\\\/hghpeptideslab.com\\\/\"},{\"@type\":\"ListItem\",\"position\":2,\"name\":\"Shop\",\"item\":\"https:\\\/\\\/hghpeptideslab.com\\\/shop\\\/\"},{\"@type\":\"ListItem\",\"position\":3,\"name\":\"Yohimbine Hydrochloride \u2014 Raw Powder\"}]},{\"@type\":\"WebSite\",\"@id\":\"https:\\\/\\\/hghpeptideslab.com\\\/#website\",\"url\":\"https:\\\/\\\/hghpeptideslab.com\\\/\",\"name\":\"HGH Peptides Lab\",\"description\":\"Premium Peptides &amp; HGH Shop\",\"publisher\":{\"@id\":\"https:\\\/\\\/hghpeptideslab.com\\\/#organization\"},\"potentialAction\":[{\"@type\":\"SearchAction\",\"target\":{\"@type\":\"EntryPoint\",\"urlTemplate\":\"https:\\\/\\\/hghpeptideslab.com\\\/?s={search_term_string}\"},\"query-input\":{\"@type\":\"PropertyValueSpecification\",\"valueRequired\":true,\"valueName\":\"search_term_string\"}}],\"inLanguage\":\"tr\"},{\"@type\":\"Organization\",\"@id\":\"https:\\\/\\\/hghpeptideslab.com\\\/#organization\",\"name\":\"HGH Peptides Lab\",\"url\":\"https:\\\/\\\/hghpeptideslab.com\\\/tr\\\/\",\"logo\":{\"@type\":\"ImageObject\",\"url\":\"https:\\\/\\\/hghpeptideslab.com\\\/wp-content\\\/uploads\\\/2025\\\/07\\\/HGHPEPTIDESLAB-Logo.png\"},\"image\":{\"@id\":\"https:\\\/\\\/hghpeptideslab.com\\\/#\\\/schema\\\/logo\\\/image\\\/\"},\"foundingDate\":\"2010\",\"contactPoint\":[{\"@type\":\"ContactPoint\",\"contactType\":\"customer support\",\"telephone\":\"+85247559641\",\"email\":\"CYGGL2025@gmail.com\",\"availableLanguage\":[\"en\"]}]}]}<\/script>\n<!-- \/ Yoast SEO Premium plugin. -->","yoast_head_json":{"title":"Yohimbine Hydrochloride Toz - Fiyat ve \u00d6zellikler | HGH Peptides Lab","description":"Adrenerjik\/\u03b12 yolu ve libido ara\u015ft\u0131rmalar\u0131 i\u00e7in Yohimbine Hydrochloride ham toz (99% purity, farmas\u00f6tik s\u0131n\u0131f). Sadece ara\u015ft\u0131rma ama\u00e7l\u0131 kullan\u0131m. Miktarlar i\u00e7in bize ula\u015f\u0131n.","robots":{"index":"index","follow":"follow","max-snippet":"max-snippet:-1","max-image-preview":"max-image-preview:large","max-video-preview":"max-video-preview:-1"},"canonical":"https:\/\/hghpeptideslab.com\/tr\/\u00fcr\u00fcn\/yohimbine-hydrochloride\/","og_locale":"tr_TR","og_type":"article","og_title":"Yohimbine Hydrochloride \u2014 Raw Powder","og_description":"Yohimbine Hydrochloride raw powder (99% purity, pharmaceutical-grade) for adrenergic\/\u03b12 pathway and libido research. Research use only. Contact us for quantities.","og_url":"https:\/\/hghpeptideslab.com\/tr\/\u00fcr\u00fcn\/yohimbine-hydrochloride\/","og_site_name":"HGH Peptides Lab","og_image":[{"width":800,"height":800,"url":"https:\/\/hghpeptideslab.com\/wp-content\/uploads\/2025\/09\/yohimbine-hcl-.jpg","type":"image\/jpeg"}],"twitter_card":"summary_large_image","twitter_misc":{"Tahmini okuma s\u00fcresi":"2 dakika"},"schema":{"@context":"https:\/\/schema.org","@graph":[{"@type":"WebPage","@id":"https:\/\/hghpeptideslab.com\/product\/yohimbine-hydrochloride\/","url":"https:\/\/hghpeptideslab.com\/product\/yohimbine-hydrochloride\/","name":"Yohimbine Hydrochloride Toz - Fiyat ve \u00d6zellikler | HGH Peptides Lab","isPartOf":{"@id":"https:\/\/hghpeptideslab.com\/#website"},"primaryImageOfPage":{"@id":"https:\/\/hghpeptideslab.com\/product\/yohimbine-hydrochloride\/#primaryimage"},"image":{"@id":"https:\/\/hghpeptideslab.com\/product\/yohimbine-hydrochloride\/#primaryimage"},"thumbnailUrl":"https:\/\/hghpeptideslab.com\/wp-content\/uploads\/2025\/09\/yohimbine-hcl-.jpg","datePublished":"2025-09-12T10:22:20+00:00","description":"Adrenerjik\/\u03b12 yolu ve libido ara\u015ft\u0131rmalar\u0131 i\u00e7in Yohimbine Hydrochloride ham toz (99% purity, farmas\u00f6tik s\u0131n\u0131f). Sadece ara\u015ft\u0131rma ama\u00e7l\u0131 kullan\u0131m. Miktarlar i\u00e7in bize ula\u015f\u0131n.","breadcrumb":{"@id":"https:\/\/hghpeptideslab.com\/product\/yohimbine-hydrochloride\/#breadcrumb"},"inLanguage":"tr","potentialAction":[{"@type":"ReadAction","target":["https:\/\/hghpeptideslab.com\/product\/yohimbine-hydrochloride\/"]}],"copyrightNotice":"\u00a9 2010\u20132026 HGH Peptides Lab. All Rights Reserved."},{"@type":"ImageObject","inLanguage":"tr","@id":"https:\/\/hghpeptideslab.com\/product\/yohimbine-hydrochloride\/#primaryimage","url":"https:\/\/hghpeptideslab.com\/wp-content\/uploads\/2025\/09\/yohimbine-hcl-.jpg","contentUrl":"https:\/\/hghpeptideslab.com\/wp-content\/uploads\/2025\/09\/yohimbine-hcl-.jpg","width":800,"height":800,"caption":"Clean pack shot for research catalogs"},{"@type":"BreadcrumbList","@id":"https:\/\/hghpeptideslab.com\/product\/yohimbine-hydrochloride\/#breadcrumb","itemListElement":[{"@type":"ListItem","position":1,"name":"Home","item":"https:\/\/hghpeptideslab.com\/"},{"@type":"ListItem","position":2,"name":"Shop","item":"https:\/\/hghpeptideslab.com\/shop\/"},{"@type":"ListItem","position":3,"name":"Yohimbine Hydrochloride \u2014 Raw Powder"}]},{"@type":"WebSite","@id":"https:\/\/hghpeptideslab.com\/#website","url":"https:\/\/hghpeptideslab.com\/","name":"HGH Peptides Lab","description":"Premium Peptides &amp; HGH Ma\u011faza","publisher":{"@id":"https:\/\/hghpeptideslab.com\/#organization"},"potentialAction":[{"@type":"SearchAction","target":{"@type":"EntryPoint","urlTemplate":"https:\/\/hghpeptideslab.com\/?s={search_term_string}"},"query-input":{"@type":"PropertyValueSpecification","valueRequired":true,"valueName":"search_term_string"}}],"inLanguage":"tr"},{"@type":"Organization","@id":"https:\/\/hghpeptideslab.com\/#organization","name":"HGH Peptides Lab","url":"https:\/\/hghpeptideslab.com\/tr\/","logo":{"@type":"ImageObject","url":"https:\/\/hghpeptideslab.com\/wp-content\/uploads\/2025\/07\/HGHPEPTIDESLAB-Logo.png"},"image":{"@id":"https:\/\/hghpeptideslab.com\/#\/schema\/logo\/image\/"},"foundingDate":"2010","contactPoint":[{"@type":"ContactPoint","contactType":"customer support","telephone":"+85247559641","email":"CYGGL2025@gmail.com","availableLanguage":["en"]}]}]}},"_links":{"self":[{"href":"https:\/\/hghpeptideslab.com\/tr\/wp-json\/wp\/v2\/product\/9787","targetHints":{"allow":["GET"]}}],"collection":[{"href":"https:\/\/hghpeptideslab.com\/tr\/wp-json\/wp\/v2\/product"}],"about":[{"href":"https:\/\/hghpeptideslab.com\/tr\/wp-json\/wp\/v2\/types\/product"}],"replies":[{"embeddable":true,"href":"https:\/\/hghpeptideslab.com\/tr\/wp-json\/wp\/v2\/comments?post=9787"}],"wp:featuredmedia":[{"embeddable":true,"href":"https:\/\/hghpeptideslab.com\/tr\/wp-json\/wp\/v2\/media\/9784"}],"wp:attachment":[{"href":"https:\/\/hghpeptideslab.com\/tr\/wp-json\/wp\/v2\/media?parent=9787"}],"wp:term":[{"taxonomy":"product_cat","embeddable":true,"href":"https:\/\/hghpeptideslab.com\/tr\/wp-json\/wp\/v2\/product_cat?post=9787"},{"taxonomy":"product_tag","embeddable":true,"href":"https:\/\/hghpeptideslab.com\/tr\/wp-json\/wp\/v2\/product_tag?post=9787"}],"curies":[{"name":"wp","href":"https:\/\/api.w.org\/{rel}","templated":true}]}}